        {"id":3721,"date":"2014-10-22T15:35:06","date_gmt":"2014-10-22T15:35:06","guid":{"rendered":"http:\/\/ausasteel.irantzu.com\/despre-ausa\/bolsa-de-trabajo\/"},"modified":"2014-12-04T15:06:18","modified_gmt":"2014-12-04T15:06:18","slug":"bursa-locurilor-de-munca","status":"publish","type":"page","link":"https:\/\/www.ausasteel.com\/ro\/despre-ausa\/bursa-locurilor-de-munca\/","title":{"rendered":"Bursa locurilor de munc\u0103"},"content":{"rendered":"<div class=\"wpb-content-wrapper\"><p>[vc_row el_class=&#8221;no-hay-oferta&#8221; margin_top=&#8221;0&#8243; margin_bottom=&#8221;0&#8243; padding_left=&#8221;40&#8243; padding_right=&#8221;40&#8243; bg_position=&#8221;top&#8221; bg_repeat=&#8221;no-repeat&#8221; bg_cover=&#8221;false&#8221; bg_attachment=&#8221;false&#8221; padding_top=&#8221;40&#8243; padding_bottom=&#8221;40&#8243; parallax_speed=&#8221;0.1&#8243;][vc_column width=&#8221;1\/1&#8243;][vc_column_text]<\/p>\n<h2>\u00cen prezent, nu au nici un loc de munca.<\/h2>\n<p>[\/vc_column_text][\/vc_column][\/vc_row][vc_row el_class=&#8221;oferta-visible&#8221; margin_top=&#8221;0&#8243; margin_bottom=&#8221;0&#8243; padding_left=&#8221;40&#8243; padding_right=&#8221;40&#8243; bg_position=&#8221;top&#8221; bg_repeat=&#8221;no-repeat&#8221; bg_cover=&#8221;false&#8221; bg_attachment=&#8221;false&#8221; padding_top=&#8221;40&#8243; padding_bottom=&#8221;40&#8243; parallax_speed=&#8221;0.1&#8243;][vc_column width=&#8221;1\/1&#8243;][vc_column_text]<\/p>\n<h3><strong>Descrierea ofertei<\/strong><\/h3>\n<p>Lorem ipsum dolor sit amet, consectetur adipiscing elit. Nullam egestas dignissim dui et tempor. Quisque egestas elit in fringilla molestie. In hac habitasse platea dictumst. Aliquam commodo nunc eget quam commodo, accumsan sollicitudin dui fermentum. Lorem ipsum dolor sit amet, consectetur adipiscing elit. Cras euismod interdum urna, a mollis tortor varius a. Mauris dapibus leo eget libero vestibulum, id congue ante tincidunt. Nullam tristique porta laoreet.<\/p>\n<h3><strong>Profil c\u0103utat<\/strong><\/h3>\n<p>Lorem ipsum dolor sit amet, consectetur adipiscing elit. Nullam egestas dignissim dui et tempor. Quisque egestas elit in fringilla molestie. In hac habitasse platea dictumst. Aliquam commodo nunc eget quam commodo, accumsan sollicitudin dui fermentum.<\/p>\n<h3><strong>Ce oferim<\/strong><\/h3>\n<p>Lorem ipsum dolor sit amet, consectetur adipiscing elit. Nullam egestas dignissim dui et tempor. Quisque egestas elit in fringilla molestie. In hac habitasse platea dictumst. Aliquam commodo nunc eget quam commodo, accumsan sollicitudin dui fermentum.<\/p>\n<h3><strong>Contact AUSA<\/strong><\/h3>\n<p>Dac\u0103 \u00eendepline\u0219ti aceste condi\u021bii, avem un loc de munc\u0103 pentru tine. Nu te mai g\u00e2ndi, completeaz\u0103 formularul \u0219i <strong>trimite-ne ACUM C.V.-ul t\u0103u<\/strong>.<\/p>\n<p>[\/vc_column_text][vc_column_text]<\/p>\n<h2>Formular de trimitere de Curriculum Vitae<\/h2>\n<p>[\/vc_column_text]\n<div class=\"wpcf7 no-js\" id=\"wpcf7-f3057-o1\" lang=\"ro-RO\" dir=\"ltr\" data-wpcf7-id=\"3057\">\n<div class=\"screen-reader-response\"><p role=\"status\" aria-live=\"polite\" aria-atomic=\"true\"><\/p> <ul><\/ul><\/div>\n<form action=\"\/ro\/wp-json\/wp\/v2\/pages\/3721#wpcf7-f3057-o1\" method=\"post\" class=\"wpcf7-form init\" aria-label=\"Contact form\" enctype=\"multipart\/form-data\" novalidate=\"novalidate\" data-status=\"init\">\n<fieldset class=\"hidden-fields-container\"><input type=\"hidden\" name=\"_wpcf7\" value=\"3057\" \/><input type=\"hidden\" name=\"_wpcf7_version\" value=\"6.1.4\" \/><input type=\"hidden\" name=\"_wpcf7_locale\" value=\"ro_RO\" \/><input type=\"hidden\" name=\"_wpcf7_unit_tag\" value=\"wpcf7-f3057-o1\" \/><input type=\"hidden\" name=\"_wpcf7_container_post\" value=\"0\" \/><input type=\"hidden\" name=\"_wpcf7_posted_data_hash\" value=\"\" \/><input type=\"hidden\" name=\"_wpcf7dtx_version\" value=\"5.0.4\" \/><input type=\"hidden\" name=\"_wpcf7_recaptcha_response\" value=\"\" \/>\n<\/fieldset>\n<div id=\"formulario\" class=\"form-idioma\">\n\t<p>Prenume*\n\t<\/p>\n\t<p><span class=\"wpcf7-form-control-wrap\" data-name=\"your-name\"><input size=\"40\" maxlength=\"400\" class=\"wpcf7-form-control wpcf7-text wpcf7-validates-as-required\" aria-required=\"true\" aria-invalid=\"false\" value=\"\" type=\"text\" name=\"your-name\" \/><\/span>\n\t<\/p>\n\t<p>Nume*\n\t<\/p>\n\t<p><span class=\"wpcf7-form-control-wrap\" data-name=\"text-634\"><input size=\"40\" maxlength=\"400\" class=\"wpcf7-form-control wpcf7-text wpcf7-validates-as-required\" aria-required=\"true\" aria-invalid=\"false\" value=\"\" type=\"text\" name=\"text-634\" \/><\/span>\n\t<\/p>\n\t<p>Adres\u0103*\n\t<\/p>\n\t<p><span class=\"wpcf7-form-control-wrap\" data-name=\"text-816\"><input size=\"40\" maxlength=\"400\" class=\"wpcf7-form-control wpcf7-text wpcf7-validates-as-required\" aria-required=\"true\" aria-invalid=\"false\" value=\"\" type=\"text\" name=\"text-816\" \/><\/span>\n\t<\/p>\n\t<p>Localitate*\n\t<\/p>\n\t<p><span class=\"wpcf7-form-control-wrap\" data-name=\"text-572\"><input size=\"40\" maxlength=\"400\" class=\"wpcf7-form-control wpcf7-text wpcf7-validates-as-required\" aria-required=\"true\" aria-invalid=\"false\" value=\"\" type=\"text\" name=\"text-572\" \/><\/span>\n\t<\/p>\n\t<p>Cod po\u0219tal*\n\t<\/p>\n\t<p><span class=\"wpcf7-form-control-wrap\" data-name=\"text-806\"><input size=\"40\" maxlength=\"400\" class=\"wpcf7-form-control wpcf7-text wpcf7-validates-as-required\" aria-required=\"true\" aria-invalid=\"false\" value=\"\" type=\"text\" name=\"text-806\" \/><\/span>\n\t<\/p>\n\t<p>\u021aar\u0103*\n\t<\/p>\n\t<p><span class=\"wpcf7-form-control-wrap\" data-name=\"text-745\"><input size=\"40\" maxlength=\"400\" class=\"wpcf7-form-control wpcf7-text wpcf7-validates-as-required\" aria-required=\"true\" aria-invalid=\"false\" value=\"\" type=\"text\" name=\"text-745\" \/><\/span>\n\t<\/p>\n\t<p>Na\u021bionalitate*\n\t<\/p>\n\t<p><span class=\"wpcf7-form-control-wrap\" data-name=\"text-885\"><input size=\"40\" maxlength=\"400\" class=\"wpcf7-form-control wpcf7-text wpcf7-validates-as-required\" aria-required=\"true\" aria-invalid=\"false\" value=\"\" type=\"text\" name=\"text-885\" \/><\/span>\n\t<\/p>\n\t<p>Telefon*\n\t<\/p>\n\t<p><span class=\"wpcf7-form-control-wrap\" data-name=\"tel-506\"><input size=\"40\" maxlength=\"400\" class=\"wpcf7-form-control wpcf7-tel wpcf7-validates-as-required wpcf7-text wpcf7-validates-as-tel\" aria-required=\"true\" aria-invalid=\"false\" value=\"\" type=\"tel\" name=\"tel-506\" \/><\/span>\n\t<\/p>\n\t<p>E-MAIL*\n\t<\/p>\n\t<p><span class=\"wpcf7-form-control-wrap\" data-name=\"your-email\"><input size=\"40\" maxlength=\"400\" class=\"wpcf7-form-control wpcf7-email wpcf7-validates-as-required wpcf7-text wpcf7-validates-as-email\" aria-required=\"true\" aria-invalid=\"false\" value=\"\" type=\"email\" name=\"your-email\" \/><\/span>\n\t<\/p>\n\t<p>Localitate solicitat\u0103\n\t<\/p>\n\t<p><span class=\"wpcf7-form-control-wrap\" data-name=\"menu-933\"><select class=\"wpcf7-form-control wpcf7-select wpcf7-validates-as-required\" aria-required=\"true\" aria-invalid=\"false\" name=\"menu-933\"><option value=\"Barcelona\">Barcelona<\/option><option value=\"Madrid\">Madrid<\/option><option value=\"Sevilla\">Sevilla<\/option><option value=\"Vitoria\">Vitoria<\/option><option value=\"Valencia\">Valencia<\/option><option value=\"Valladolid\">Valladolid<\/option><option value=\"Zaragoza\">Zaragoza<\/option><option value=\"Gala\u021bi\">Gala\u021bi<\/option><option value=\"Li\u00e8ge\">Li\u00e8ge<\/option><\/select><\/span>\n\t<\/p>\n\t<p>Ata\u0219a\u021bi Curriculum-Vitae\n\t<\/p>\n\t<p><span class=\"wpcf7-form-control-wrap\" data-name=\"file-14\"><input size=\"40\" class=\"wpcf7-form-control wpcf7-file wpcf7-validates-as-required\" accept=\"audio\/*,video\/*,image\/*\" aria-required=\"true\" aria-invalid=\"false\" type=\"file\" name=\"file-14\" \/><\/span>\n\t<\/p>\n\t<p class=\"entero\">Scurt\u0103 prezentare\n\t<\/p>\n\t<p><span class=\"wpcf7-form-control-wrap\" data-name=\"your-message\"><textarea cols=\"40\" rows=\"10\" maxlength=\"2000\" class=\"wpcf7-form-control wpcf7-textarea\" aria-invalid=\"false\" name=\"your-message\"><\/textarea><\/span>\n\t<\/p>\n\t<p class=\"form-group form-politica entero\"><span class=\"wpcf7-form-control-wrap\" data-name=\"checkbox-947\"><span class=\"wpcf7-form-control wpcf7-checkbox wpcf7-validates-as-required wpcf7-exclusive-checkbox\"><span class=\"wpcf7-list-item first last\"><input type=\"checkbox\" name=\"checkbox-947\" value=\"Am citit \u0219i accept\" \/><span class=\"wpcf7-list-item-label\">Am citit \u0219i accept<\/span><\/span><\/span><\/span><a id=\"boton-politica\" style=\"text-decoration:underline!important;;\" href=\"#cuadro-politica\" title=\"condi\u021biile legale \u0219i pe cele referitoare la politica de protec\u021bie a datelor cu caracter personal\">condi\u021biile legale \u0219i pe cele referitoare la politica de protec\u021bie a datelor cu caracter personal<\/a>\n\t<\/p>\n\t<p id=\"cuadro-politica\" class=\"cuadro-politica entero\"><b>Responsabil:<\/b> AUSA PROCESOS Y ESTUDIOS, S.A.<br \/>\n<b>Scop:<\/b> Gestionarea cererilor \u0219i consult\u0103rilor realizate.<br \/>\n<b>Legitimitate:<\/b> Consim\u021b\u0103m\u00e2ntul ob\u021binut, interesul legitim \u0219i respectarea normelor.<br \/>\n<b>Destinatari:<\/b> Ter\u021bi, prestatori de servicii, incluz\u00e2nd transferurile interna\u021bionale.<br \/>\n<b>Drepturi:<\/b> De acces, rectificare, suprimare, limitare a proces\u0103rii, portabilit\u0103\u021bii datelor sau de obiec\u021bie, inclusiv procesul decizional individual automatizat.<br \/>\n<b>Provenien\u021b\u0103:<\/b> Utilizator.\n\t<\/p>\n\t<p><a style =\"text-decoration:underline!important;\" href=\"\/ro\/conditii-legale\/\" rel=\"nofollow\" target=\"_blank\" title=\"Condi\u021biile legale \u0219i pe cele referitoare la politica de protec\u021bie a datelor cu caracter personal\">Continua\u021bi lectur\u0103<\/a>\n\t<\/p>\n\n\t<p><input class=\"wpcf7-form-control wpcf7-submit has-spinner\" type=\"submit\" value=\"Trimite\" \/>\n\t<\/p>\n\t<p>* C\u00e2mpuri obligatorii\n\t<\/p>\n<\/div><p style=\"display: none !important;\" class=\"akismet-fields-container\" data-prefix=\"_wpcf7_ak_\"><label>&#916;<textarea name=\"_wpcf7_ak_hp_textarea\" cols=\"45\" rows=\"8\" maxlength=\"100\"><\/textarea><\/label><input type=\"hidden\" id=\"ak_js_1\" name=\"_wpcf7_ak_js\" value=\"82\"\/><script>document.getElementById( \"ak_js_1\" ).setAttribute( \"value\", ( new Date() ).getTime() );<\/script><\/p><div class=\"wpcf7-response-output\" aria-hidden=\"true\"><\/div>\n<\/form>\n<\/div>\n[\/vc_column][\/vc_row]<\/p>\n<\/div><!-- AddThis Advanced Settings generic via filter on the_content -->","protected":false},"excerpt":{"rendered":"<p>[vc_row el_class=&#8221;no-hay-oferta&#8221; margin_top=&#8221;0&#8243; margin_bottom=&#8221;0&#8243; padding_left=&#8221;40&#8243; padding_right=&#8221;40&#8243; bg_position=&#8221;top&#8221; bg_repeat=&#8221;no-repeat&#8221; bg_cover=&#8221;false&#8221; bg_attachment=&#8221;false&#8221; padding_top=&#8221;40&#8243; padding_bottom=&#8221;40&#8243; parallax_speed=&#8221;0.1&#8243;][vc_column width=&#8221;1\/1&#8243;][vc_column_text] \u00cen prezent, nu au nici un loc de munca. [\/vc_column_text][\/vc_column][\/vc_row][vc_row el_class=&#8221;oferta-visible&#8221; margin_top=&#8221;0&#8243; margin_bottom=&#8221;0&#8243; padding_left=&#8221;40&#8243; padding_right=&#8221;40&#8243; bg_position=&#8221;top&#8221; bg_repeat=&#8221;no-repeat&#8221; bg_cover=&#8221;false&#8221; bg_attachment=&#8221;false&#8221; padding_top=&#8221;40&#8243; padding_bottom=&#8221;40&#8243; parallax_speed=&#8221;0.1&#8243;][vc_column width=&#8221;1\/1&#8243;][vc_column_text] Descrierea ofertei Lorem ipsum dolor sit amet, consectetur adipiscing elit. Nullam egestas dignissim dui et tempor. Quisque egestas&hellip;<!-- AddThis Advanced Settings generic via filter on get_the_excerpt --><\/p>\n","protected":false},"author":1,"featured_media":0,"parent":3563,"menu_order":0,"comment_status":"closed","ping_status":"open","template":"","meta":{"footnotes":""},"class_list":["post-3721","page","type-page","status-publish","hentry"],"yoast_head":"<!-- This site is optimized with the Yoast SEO plugin v26.6 - https:\/\/yoast.com\/wordpress\/plugins\/seo\/ -->\n<title>Bursa locurilor de munc\u0103 - AUSA special steels<\/title>\n<meta name=\"robots\" content=\"index, follow, max-snippet:-1, max-image-preview:large, max-video-preview:-1\" \/>\n<link rel=\"canonical\" href=\"https:\/\/www.ausasteel.com\/ro\/despre-ausa\/bursa-locurilor-de-munca\/\" \/>\n<meta property=\"og:locale\" content=\"ro_RO\" \/>\n<meta property=\"og:type\" content=\"article\" \/>\n<meta property=\"og:title\" content=\"Bursa locurilor de munc\u0103 - AUSA special steels\" \/>\n<meta property=\"og:description\" content=\"[vc_row el_class=&#8221;no-hay-oferta&#8221; margin_top=&#8221;0&#8243; margin_bottom=&#8221;0&#8243; padding_left=&#8221;40&#8243; padding_right=&#8221;40&#8243; bg_position=&#8221;top&#8221; bg_repeat=&#8221;no-repeat&#8221; bg_cover=&#8221;false&#8221; bg_attachment=&#8221;false&#8221; padding_top=&#8221;40&#8243; padding_bottom=&#8221;40&#8243; parallax_speed=&#8221;0.1&#8243;][vc_column width=&#8221;1\/1&#8243;][vc_column_text] \u00cen prezent, nu au nici un loc de munca. [\/vc_column_text][\/vc_column][\/vc_row][vc_row el_class=&#8221;oferta-visible&#8221; margin_top=&#8221;0&#8243; margin_bottom=&#8221;0&#8243; padding_left=&#8221;40&#8243; padding_right=&#8221;40&#8243; bg_position=&#8221;top&#8221; bg_repeat=&#8221;no-repeat&#8221; bg_cover=&#8221;false&#8221; bg_attachment=&#8221;false&#8221; padding_top=&#8221;40&#8243; padding_bottom=&#8221;40&#8243; parallax_speed=&#8221;0.1&#8243;][vc_column width=&#8221;1\/1&#8243;][vc_column_text] Descrierea ofertei Lorem ipsum dolor sit amet, consectetur adipiscing elit. Nullam egestas dignissim dui et tempor. Quisque egestas&hellip;\" \/>\n<meta property=\"og:url\" content=\"https:\/\/www.ausasteel.com\/ro\/despre-ausa\/bursa-locurilor-de-munca\/\" \/>\n<meta property=\"og:site_name\" content=\"AUSA special steels\" \/>\n<meta property=\"article:modified_time\" content=\"2014-12-04T15:06:18+00:00\" \/>\n<meta name=\"twitter:label1\" content=\"Est. reading time\" \/>\n\t<meta name=\"twitter:data1\" content=\"1 minute\" \/>\n<script type=\"application\/ld+json\" class=\"yoast-schema-graph\">{\"@context\":\"https:\/\/schema.org\",\"@graph\":[{\"@type\":\"WebPage\",\"@id\":\"https:\/\/www.ausasteel.com\/ro\/despre-ausa\/bursa-locurilor-de-munca\/\",\"url\":\"https:\/\/www.ausasteel.com\/ro\/despre-ausa\/bursa-locurilor-de-munca\/\",\"name\":\"Bursa locurilor de munc\u0103 - AUSA special steels\",\"isPartOf\":{\"@id\":\"https:\/\/www.ausasteel.com\/ro\/#website\"},\"datePublished\":\"2014-10-22T15:35:06+00:00\",\"dateModified\":\"2014-12-04T15:06:18+00:00\",\"breadcrumb\":{\"@id\":\"https:\/\/www.ausasteel.com\/ro\/despre-ausa\/bursa-locurilor-de-munca\/#breadcrumb\"},\"inLanguage\":\"ro-RO\",\"potentialAction\":[{\"@type\":\"ReadAction\",\"target\":[\"https:\/\/www.ausasteel.com\/ro\/despre-ausa\/bursa-locurilor-de-munca\/\"]}]},{\"@type\":\"BreadcrumbList\",\"@id\":\"https:\/\/www.ausasteel.com\/ro\/despre-ausa\/bursa-locurilor-de-munca\/#breadcrumb\",\"itemListElement\":[{\"@type\":\"ListItem\",\"position\":1,\"name\":\"Portada\",\"item\":\"https:\/\/www.ausasteel.com\/ro\/\"},{\"@type\":\"ListItem\",\"position\":2,\"name\":\"Despre AUSA\",\"item\":\"https:\/\/www.ausasteel.com\/ro\/despre-ausa\/\"},{\"@type\":\"ListItem\",\"position\":3,\"name\":\"Bursa locurilor de munc\u0103\"}]},{\"@type\":\"WebSite\",\"@id\":\"https:\/\/www.ausasteel.com\/ro\/#website\",\"url\":\"https:\/\/www.ausasteel.com\/ro\/\",\"name\":\"AUSA special steels\",\"description\":\"AUSA special steels\",\"potentialAction\":[{\"@type\":\"SearchAction\",\"target\":{\"@type\":\"EntryPoint\",\"urlTemplate\":\"https:\/\/www.ausasteel.com\/ro\/?s={search_term_string}\"},\"query-input\":{\"@type\":\"PropertyValueSpecification\",\"valueRequired\":true,\"valueName\":\"search_term_string\"}}],\"inLanguage\":\"ro-RO\"}]}<\/script>\n<!-- \/ Yoast SEO plugin. -->","yoast_head_json":{"title":"Bursa locurilor de munc\u0103 - AUSA special steels","robots":{"index":"index","follow":"follow","max-snippet":"max-snippet:-1","max-image-preview":"max-image-preview:large","max-video-preview":"max-video-preview:-1"},"canonical":"https:\/\/www.ausasteel.com\/ro\/despre-ausa\/bursa-locurilor-de-munca\/","og_locale":"ro_RO","og_type":"article","og_title":"Bursa locurilor de munc\u0103 - AUSA special steels","og_description":"[vc_row el_class=&#8221;no-hay-oferta&#8221; margin_top=&#8221;0&#8243; margin_bottom=&#8221;0&#8243; padding_left=&#8221;40&#8243; padding_right=&#8221;40&#8243; bg_position=&#8221;top&#8221; bg_repeat=&#8221;no-repeat&#8221; bg_cover=&#8221;false&#8221; bg_attachment=&#8221;false&#8221; padding_top=&#8221;40&#8243; padding_bottom=&#8221;40&#8243; parallax_speed=&#8221;0.1&#8243;][vc_column width=&#8221;1\/1&#8243;][vc_column_text] \u00cen prezent, nu au nici un loc de munca. [\/vc_column_text][\/vc_column][\/vc_row][vc_row el_class=&#8221;oferta-visible&#8221; margin_top=&#8221;0&#8243; margin_bottom=&#8221;0&#8243; padding_left=&#8221;40&#8243; padding_right=&#8221;40&#8243; bg_position=&#8221;top&#8221; bg_repeat=&#8221;no-repeat&#8221; bg_cover=&#8221;false&#8221; bg_attachment=&#8221;false&#8221; padding_top=&#8221;40&#8243; padding_bottom=&#8221;40&#8243; parallax_speed=&#8221;0.1&#8243;][vc_column width=&#8221;1\/1&#8243;][vc_column_text] Descrierea ofertei Lorem ipsum dolor sit amet, consectetur adipiscing elit. Nullam egestas dignissim dui et tempor. Quisque egestas&hellip;","og_url":"https:\/\/www.ausasteel.com\/ro\/despre-ausa\/bursa-locurilor-de-munca\/","og_site_name":"AUSA special steels","article_modified_time":"2014-12-04T15:06:18+00:00","twitter_misc":{"Est. reading time":"1 minute"},"schema":{"@context":"https:\/\/schema.org","@graph":[{"@type":"WebPage","@id":"https:\/\/www.ausasteel.com\/ro\/despre-ausa\/bursa-locurilor-de-munca\/","url":"https:\/\/www.ausasteel.com\/ro\/despre-ausa\/bursa-locurilor-de-munca\/","name":"Bursa locurilor de munc\u0103 - AUSA special steels","isPartOf":{"@id":"https:\/\/www.ausasteel.com\/ro\/#website"},"datePublished":"2014-10-22T15:35:06+00:00","dateModified":"2014-12-04T15:06:18+00:00","breadcrumb":{"@id":"https:\/\/www.ausasteel.com\/ro\/despre-ausa\/bursa-locurilor-de-munca\/#breadcrumb"},"inLanguage":"ro-RO","potentialAction":[{"@type":"ReadAction","target":["https:\/\/www.ausasteel.com\/ro\/despre-ausa\/bursa-locurilor-de-munca\/"]}]},{"@type":"BreadcrumbList","@id":"https:\/\/www.ausasteel.com\/ro\/despre-ausa\/bursa-locurilor-de-munca\/#breadcrumb","itemListElement":[{"@type":"ListItem","position":1,"name":"Portada","item":"https:\/\/www.ausasteel.com\/ro\/"},{"@type":"ListItem","position":2,"name":"Despre AUSA","item":"https:\/\/www.ausasteel.com\/ro\/despre-ausa\/"},{"@type":"ListItem","position":3,"name":"Bursa locurilor de munc\u0103"}]},{"@type":"WebSite","@id":"https:\/\/www.ausasteel.com\/ro\/#website","url":"https:\/\/www.ausasteel.com\/ro\/","name":"AUSA special steels","description":"AUSA special steels","potentialAction":[{"@type":"SearchAction","target":{"@type":"EntryPoint","urlTemplate":"https:\/\/www.ausasteel.com\/ro\/?s={search_term_string}"},"query-input":{"@type":"PropertyValueSpecification","valueRequired":true,"valueName":"search_term_string"}}],"inLanguage":"ro-RO"}]}},"_links":{"self":[{"href":"https:\/\/www.ausasteel.com\/ro\/wp-json\/wp\/v2\/pages\/3721","targetHints":{"allow":["GET"]}}],"collection":[{"href":"https:\/\/www.ausasteel.com\/ro\/wp-json\/wp\/v2\/pages"}],"about":[{"href":"https:\/\/www.ausasteel.com\/ro\/wp-json\/wp\/v2\/types\/page"}],"author":[{"embeddable":true,"href":"https:\/\/www.ausasteel.com\/ro\/wp-json\/wp\/v2\/users\/1"}],"replies":[{"embeddable":true,"href":"https:\/\/www.ausasteel.com\/ro\/wp-json\/wp\/v2\/comments?post=3721"}],"version-history":[{"count":4,"href":"https:\/\/www.ausasteel.com\/ro\/wp-json\/wp\/v2\/pages\/3721\/revisions"}],"predecessor-version":[{"id":5860,"href":"https:\/\/www.ausasteel.com\/ro\/wp-json\/wp\/v2\/pages\/3721\/revisions\/5860"}],"up":[{"embeddable":true,"href":"https:\/\/www.ausasteel.com\/ro\/wp-json\/wp\/v2\/pages\/3563"}],"wp:attachment":[{"href":"https:\/\/www.ausasteel.com\/ro\/wp-json\/wp\/v2\/media?parent=3721"}],"curies":[{"name":"wp","href":"https:\/\/api.w.org\/{rel}","templated":true}]}}