      {"id":3691,"date":"2014-10-29T18:05:00","date_gmt":"2014-10-29T18:05:00","guid":{"rendered":"http:\/\/ausasteel.irantzu.com\/informatii-tehnice\/tolerante-dimensiuni\/en-10058\/"},"modified":"2019-09-11T15:50:01","modified_gmt":"2019-09-11T15:50:01","slug":"en-10058","status":"publish","type":"page","link":"https:\/\/www.ausasteel.com\/ro\/informatii-tehnice\/tolerante-dimensiuni\/en-10058\/","title":{"rendered":"EN 10058"},"content":{"rendered":"<div class=\"wpb-content-wrapper\"><div class=\"row\">\n<div class=\"container\">\n<h1>EN 10058<\/h1>\n<h3>Obiect \u0219i domeniu de aplicare<\/h3>\n<p>Norm\u0103 european\u0103 care specific\u0103 <strong>dimensiunile nominale, toleran\u021bele dimensionale \u0219i forma barelor dreptunghiulare de o\u021bel laminat<\/strong> la cald pentru <strong>utiliz\u0103ri generale<\/strong>.<\/p>\n<\/div>\n<\/div>\n<div class=\"row\">\n<div class=\"container\">\n<h3>Tabel de toleran\u021be dimensionale<\/h3>\n<table class=\"10058\" border=\"1\" width=\"100%\">\n<tbody>\n<tr>\n<td class=\"gris\" colspan=\"2\" scope=\"col\" style=\"text-align: center; vertical-align: middle;\"><strong>Profil<\/strong><\/td>\n<td class=\"gris\" scope=\"col\" style=\"text-align: center; vertical-align: middle;\"><a href=\"https:\/\/www.ausasteel.com\/wp-content\/uploads\/2014\/10\/Planos.png\" data-rel=\"lightbox-gallery-kyLtk4PR\" data-rl_title=\"\" data-rl_caption=\"\" title=\"\"><img loading=\"lazy\" decoding=\"async\" class=\"aligncenter wp-image-3091 size-full\" src=\"https:\/\/www.ausasteel.com\/wp-content\/uploads\/2014\/10\/Planos.png\" alt=\"Planos\" width=\"80\" height=\"40\" \/><\/a><\/td>\n<\/tr>\n<tr>\n<td class=\"azul\" colspan=\"2\" style=\"text-align: center; vertical-align: middle;\"><strong>Norm\u0103<\/strong><\/td>\n<td class=\"azul\" style=\"text-align: center; vertical-align: middle;\"><strong>EN 10058<\/strong><\/td>\n<\/tr>\n<tr>\n<td class=\"gris\" colspan=\"2\" style=\"text-align: center; vertical-align: middle;\"><strong>Dimensiune, mm.<\/strong><\/td>\n<td class=\"gris\" style=\"text-align: center; vertical-align: middle;\"><strong>Toleran\u021b\u0103, mm.<\/strong><\/td>\n<\/tr>\n<tr>\n<td class=\"azul\" colspan=\"3\" rowspan=\"2\" style=\"text-align: center; vertical-align: middle;\"><strong>Grosime\u00a0(l\u0103\u021bime <\/strong>\u2264 <strong>150 mm)<\/strong><\/td>\n<\/tr>\n<tr>\n<td style=\"text-align: center; vertical-align: middle;\"><\/td>\n<td style=\"text-align: center; vertical-align: middle;\">\u2264 20<\/td>\n<td style=\"text-align: center; vertical-align: middle;\">\u00b10.5<\/td>\n<\/tr>\n<tr>\n<td style=\"text-align: center; vertical-align: middle;\">&gt; 20<\/td>\n<td style=\"text-align: center; vertical-align: middle;\">\u2264 40<\/td>\n<td style=\"text-align: center; vertical-align: middle;\">\u00b11<\/td>\n<\/tr>\n<tr>\n<td style=\"text-align: center; vertical-align: middle;\">&gt; 40<\/td>\n<td style=\"text-align: center; vertical-align: middle;\">\u2264 80<\/td>\n<td style=\"text-align: center; vertical-align: middle;\">\u00b11.5<\/td>\n<\/tr>\n<tr>\n<td class=\"azul\" colspan=\"3\" rowspan=\"2\" style=\"text-align: center; vertical-align: middle;\"><strong>L\u0103\u021bime mm.<br \/>\n<\/strong><\/td>\n<\/tr>\n<tr>\n<td style=\"text-align: center; vertical-align: middle;\">\u2265 10<\/td>\n<td style=\"text-align: center; vertical-align: middle;\">\u2264 40<\/td>\n<td style=\"text-align: center; vertical-align: middle;\">\u00b10.75<\/td>\n<\/tr>\n<tr>\n<td style=\"text-align: center; vertical-align: middle;\">&gt; 40<\/td>\n<td style=\"text-align: center; vertical-align: middle;\">\u2264 80<\/td>\n<td style=\"text-align: center; vertical-align: middle;\">\u00b11.0<\/td>\n<\/tr>\n<tr>\n<td style=\"text-align: center; vertical-align: middle;\">&gt; 80<\/td>\n<td style=\"text-align: center; vertical-align: middle;\">\u2264 100<\/td>\n<td style=\"text-align: center; vertical-align: middle;\">\u00b11.5<\/td>\n<\/tr>\n<tr>\n<td style=\"text-align: center; vertical-align: middle;\">&gt; 100<\/td>\n<td style=\"text-align: center; vertical-align: middle;\">\u2264 120<\/td>\n<td style=\"text-align: center; vertical-align: middle;\">\u00b12.0<\/td>\n<\/tr>\n<tr>\n<td style=\"text-align: center; vertical-align: middle;\">&gt; 120<\/td>\n<td style=\"text-align: center; vertical-align: middle;\">\u2264 150<\/td>\n<td style=\"text-align: center; vertical-align: middle;\">\u00b12.5<\/td>\n<\/tr>\n<\/tbody>\n<\/table>\n<\/div>\n<\/div>\n<p>[vc_row][vc_column width=&#8221;1\/1&#8243;]<div class=\"templatera_shortcode\"><div class=\"menu_tolerancias\">\n<ul class=\"menu\">\n<li><a title=\"EN 10058\" href=\"https:\/\/www.ausasteel.com\/de\/technische-angaben\/masstoleranzen\/en-10058\/\">EN 10058<\/a><\/li>\n<li><a title=\"EN 10059\" href=\"https:\/\/www.ausasteel.com\/de\/technische-angaben\/masstoleranzen\/en-10059\/\">EN 10059<\/a><\/li>\n<li><a title=\"EN 10060\" href=\"https:\/\/www.ausasteel.com\/de\/technische-angaben\/masstoleranzen\/en-10060\/\">EN 10060<\/a><\/li>\n<li><a title=\"EN 10061\" href=\"https:\/\/www.ausasteel.com\/de\/technische-angaben\/masstoleranzen\/en-10061\/\">EN 10061<\/a><\/li>\n<li><a title=\"EN 10278\" href=\"https:\/\/www.ausasteel.com\/de\/technische-angaben\/masstoleranzen\/en-10278\/\">EN 10278<\/a><\/li>\n<li><a title=\"EN 10029 Clase A\" href=\"https:\/\/www.ausasteel.com\/de\/technische-angaben\/masstoleranzen\/en-10029-klasse-a\/\">EN 10029 KLASSE A<\/a><\/li>\n<li><a title=\"EN 10297-1\" href=\"https:\/\/www.ausasteel.com\/de\/technische-angaben\/masstoleranzen\/en-10297-1\/\">EN 10297-1<\/a><\/li>\n<li><a title=\"UNE 36-514-84\" href=\"https:\/\/www.ausasteel.com\/de\/technische-angaben\/masstoleranzen\/une-36-514-84\/\">UNE 36-514-84<\/a><\/li>\n<li><a title=\"DIN 59200 A\" href=\"https:\/\/www.ausasteel.com\/de\/technische-angaben\/masstoleranzen\/din-59200\/\">DIN 59200 A<\/a><\/li>\n<\/ul>\n<\/div><!-- AddThis Advanced Settings generic via filter on the_content --><\/div>[\/vc_column][\/vc_row]<\/p>\n<div class=\"row gris\" id=\"informacion_tecnica\">\n<div class=\"container\">\n<h2>Informa\u021bii tehnice<\/h2>\n<p>[vc_widget_sidebar show_bg=&#8221;false&#8221; sidebar_id=&#8221;sidebar_26&#8243;]\n<\/p><\/div>\n<\/div>\n<\/div>","protected":false},"excerpt":{"rendered":"<p>EN 10058 Obiect \u0219i domeniu de aplicare Norm\u0103 european\u0103 care specific\u0103 dimensiunile nominale, toleran\u021bele dimensionale \u0219i forma barelor dreptunghiulare de o\u021bel laminat la cald pentru utiliz\u0103ri generale. Tabel de toleran\u021be dimensionale Profil Norm\u0103 EN 10058 Dimensiune, mm. Toleran\u021b\u0103, mm. Grosime\u00a0(l\u0103\u021bime \u2264 150 mm) \u2264 20 \u00b10.5 &gt; 20 \u2264 40 \u00b11 &gt; 40 \u2264 80&hellip;<!-- AddThis Advanced Settings generic via filter on get_the_excerpt --><\/p>\n","protected":false},"author":1,"featured_media":0,"parent":3211,"menu_order":0,"comment_status":"closed","ping_status":"open","template":"","meta":{"footnotes":""},"class_list":["post-3691","page","type-page","status-publish","hentry"],"yoast_head":"<!-- This site is optimized with the Yoast SEO plugin v26.6 - https:\/\/yoast.com\/wordpress\/plugins\/seo\/ -->\n<title>EN 10058 - AUSA Special Steels<\/title>\n<meta name=\"description\" content=\"Norm\u0103 european\u0103 care specific\u0103 dimensiunile nominale, toleran\u021bele dimensionale \u0219i forma barelor dreptunghiulare de o\u021bel laminat la cald pentru...\" \/>\n<meta name=\"robots\" content=\"index, follow, max-snippet:-1, max-image-preview:large, max-video-preview:-1\" \/>\n<link rel=\"canonical\" href=\"https:\/\/www.ausasteel.com\/ro\/informatii-tehnice\/tolerante-dimensiuni\/en-10058\/\" \/>\n<meta property=\"og:locale\" content=\"ro_RO\" \/>\n<meta property=\"og:type\" content=\"article\" \/>\n<meta property=\"og:title\" content=\"EN 10058 - AUSA Special Steels\" \/>\n<meta property=\"og:description\" content=\"Norm\u0103 european\u0103 care specific\u0103 dimensiunile nominale, toleran\u021bele dimensionale \u0219i forma barelor dreptunghiulare de o\u021bel laminat la cald pentru...\" \/>\n<meta property=\"og:url\" content=\"https:\/\/www.ausasteel.com\/ro\/informatii-tehnice\/tolerante-dimensiuni\/en-10058\/\" \/>\n<meta property=\"og:site_name\" content=\"AUSA special steels\" \/>\n<meta property=\"article:modified_time\" content=\"2019-09-11T15:50:01+00:00\" \/>\n<meta property=\"og:image\" content=\"https:\/\/www.ausasteel.com\/wp-content\/uploads\/2014\/10\/Planos.png\" \/>\n<script type=\"application\/ld+json\" class=\"yoast-schema-graph\">{\"@context\":\"https:\/\/schema.org\",\"@graph\":[{\"@type\":\"WebPage\",\"@id\":\"https:\/\/www.ausasteel.com\/ro\/informatii-tehnice\/tolerante-dimensiuni\/en-10058\/\",\"url\":\"https:\/\/www.ausasteel.com\/ro\/informatii-tehnice\/tolerante-dimensiuni\/en-10058\/\",\"name\":\"EN 10058 - AUSA Special Steels\",\"isPartOf\":{\"@id\":\"https:\/\/www.ausasteel.com\/ro\/#website\"},\"primaryImageOfPage\":{\"@id\":\"https:\/\/www.ausasteel.com\/ro\/informatii-tehnice\/tolerante-dimensiuni\/en-10058\/#primaryimage\"},\"image\":{\"@id\":\"https:\/\/www.ausasteel.com\/ro\/informatii-tehnice\/tolerante-dimensiuni\/en-10058\/#primaryimage\"},\"thumbnailUrl\":\"https:\/\/www.ausasteel.com\/wp-content\/uploads\/2014\/10\/Planos.png\",\"datePublished\":\"2014-10-29T18:05:00+00:00\",\"dateModified\":\"2019-09-11T15:50:01+00:00\",\"description\":\"Norm\u0103 european\u0103 care specific\u0103 dimensiunile nominale, toleran\u021bele dimensionale \u0219i forma barelor dreptunghiulare de o\u021bel laminat la cald pentru...\",\"breadcrumb\":{\"@id\":\"https:\/\/www.ausasteel.com\/ro\/informatii-tehnice\/tolerante-dimensiuni\/en-10058\/#breadcrumb\"},\"inLanguage\":\"ro-RO\",\"potentialAction\":[{\"@type\":\"ReadAction\",\"target\":[\"https:\/\/www.ausasteel.com\/ro\/informatii-tehnice\/tolerante-dimensiuni\/en-10058\/\"]}]},{\"@type\":\"ImageObject\",\"inLanguage\":\"ro-RO\",\"@id\":\"https:\/\/www.ausasteel.com\/ro\/informatii-tehnice\/tolerante-dimensiuni\/en-10058\/#primaryimage\",\"url\":\"https:\/\/www.ausasteel.com\/wp-content\/uploads\/2014\/10\/Planos.png\",\"contentUrl\":\"https:\/\/www.ausasteel.com\/wp-content\/uploads\/2014\/10\/Planos.png\"},{\"@type\":\"BreadcrumbList\",\"@id\":\"https:\/\/www.ausasteel.com\/ro\/informatii-tehnice\/tolerante-dimensiuni\/en-10058\/#breadcrumb\",\"itemListElement\":[{\"@type\":\"ListItem\",\"position\":1,\"name\":\"Portada\",\"item\":\"https:\/\/www.ausasteel.com\/ro\/\"},{\"@type\":\"ListItem\",\"position\":2,\"name\":\"Informa\u021bii tehnice\",\"item\":\"https:\/\/www.ausasteel.com\/ro\/informatii-tehnice\/\"},{\"@type\":\"ListItem\",\"position\":3,\"name\":\"Toleran\u021be dimensiuni\",\"item\":\"https:\/\/www.ausasteel.com\/ro\/informatii-tehnice\/tolerante-dimensiuni\/\"},{\"@type\":\"ListItem\",\"position\":4,\"name\":\"EN 10058\"}]},{\"@type\":\"WebSite\",\"@id\":\"https:\/\/www.ausasteel.com\/ro\/#website\",\"url\":\"https:\/\/www.ausasteel.com\/ro\/\",\"name\":\"AUSA special steels\",\"description\":\"AUSA special steels\",\"potentialAction\":[{\"@type\":\"SearchAction\",\"target\":{\"@type\":\"EntryPoint\",\"urlTemplate\":\"https:\/\/www.ausasteel.com\/ro\/?s={search_term_string}\"},\"query-input\":{\"@type\":\"PropertyValueSpecification\",\"valueRequired\":true,\"valueName\":\"search_term_string\"}}],\"inLanguage\":\"ro-RO\"}]}<\/script>\n<!-- \/ Yoast SEO plugin. -->","yoast_head_json":{"title":"EN 10058 - AUSA Special Steels","description":"Norm\u0103 european\u0103 care specific\u0103 dimensiunile nominale, toleran\u021bele dimensionale \u0219i forma barelor dreptunghiulare de o\u021bel laminat la cald pentru...","robots":{"index":"index","follow":"follow","max-snippet":"max-snippet:-1","max-image-preview":"max-image-preview:large","max-video-preview":"max-video-preview:-1"},"canonical":"https:\/\/www.ausasteel.com\/ro\/informatii-tehnice\/tolerante-dimensiuni\/en-10058\/","og_locale":"ro_RO","og_type":"article","og_title":"EN 10058 - AUSA Special Steels","og_description":"Norm\u0103 european\u0103 care specific\u0103 dimensiunile nominale, toleran\u021bele dimensionale \u0219i forma barelor dreptunghiulare de o\u021bel laminat la cald pentru...","og_url":"https:\/\/www.ausasteel.com\/ro\/informatii-tehnice\/tolerante-dimensiuni\/en-10058\/","og_site_name":"AUSA special steels","article_modified_time":"2019-09-11T15:50:01+00:00","og_image":[{"url":"https:\/\/www.ausasteel.com\/wp-content\/uploads\/2014\/10\/Planos.png","type":"","width":"","height":""}],"schema":{"@context":"https:\/\/schema.org","@graph":[{"@type":"WebPage","@id":"https:\/\/www.ausasteel.com\/ro\/informatii-tehnice\/tolerante-dimensiuni\/en-10058\/","url":"https:\/\/www.ausasteel.com\/ro\/informatii-tehnice\/tolerante-dimensiuni\/en-10058\/","name":"EN 10058 - AUSA Special Steels","isPartOf":{"@id":"https:\/\/www.ausasteel.com\/ro\/#website"},"primaryImageOfPage":{"@id":"https:\/\/www.ausasteel.com\/ro\/informatii-tehnice\/tolerante-dimensiuni\/en-10058\/#primaryimage"},"image":{"@id":"https:\/\/www.ausasteel.com\/ro\/informatii-tehnice\/tolerante-dimensiuni\/en-10058\/#primaryimage"},"thumbnailUrl":"https:\/\/www.ausasteel.com\/wp-content\/uploads\/2014\/10\/Planos.png","datePublished":"2014-10-29T18:05:00+00:00","dateModified":"2019-09-11T15:50:01+00:00","description":"Norm\u0103 european\u0103 care specific\u0103 dimensiunile nominale, toleran\u021bele dimensionale \u0219i forma barelor dreptunghiulare de o\u021bel laminat la cald pentru...","breadcrumb":{"@id":"https:\/\/www.ausasteel.com\/ro\/informatii-tehnice\/tolerante-dimensiuni\/en-10058\/#breadcrumb"},"inLanguage":"ro-RO","potentialAction":[{"@type":"ReadAction","target":["https:\/\/www.ausasteel.com\/ro\/informatii-tehnice\/tolerante-dimensiuni\/en-10058\/"]}]},{"@type":"ImageObject","inLanguage":"ro-RO","@id":"https:\/\/www.ausasteel.com\/ro\/informatii-tehnice\/tolerante-dimensiuni\/en-10058\/#primaryimage","url":"https:\/\/www.ausasteel.com\/wp-content\/uploads\/2014\/10\/Planos.png","contentUrl":"https:\/\/www.ausasteel.com\/wp-content\/uploads\/2014\/10\/Planos.png"},{"@type":"BreadcrumbList","@id":"https:\/\/www.ausasteel.com\/ro\/informatii-tehnice\/tolerante-dimensiuni\/en-10058\/#breadcrumb","itemListElement":[{"@type":"ListItem","position":1,"name":"Portada","item":"https:\/\/www.ausasteel.com\/ro\/"},{"@type":"ListItem","position":2,"name":"Informa\u021bii tehnice","item":"https:\/\/www.ausasteel.com\/ro\/informatii-tehnice\/"},{"@type":"ListItem","position":3,"name":"Toleran\u021be dimensiuni","item":"https:\/\/www.ausasteel.com\/ro\/informatii-tehnice\/tolerante-dimensiuni\/"},{"@type":"ListItem","position":4,"name":"EN 10058"}]},{"@type":"WebSite","@id":"https:\/\/www.ausasteel.com\/ro\/#website","url":"https:\/\/www.ausasteel.com\/ro\/","name":"AUSA special steels","description":"AUSA special steels","potentialAction":[{"@type":"SearchAction","target":{"@type":"EntryPoint","urlTemplate":"https:\/\/www.ausasteel.com\/ro\/?s={search_term_string}"},"query-input":{"@type":"PropertyValueSpecification","valueRequired":true,"valueName":"search_term_string"}}],"inLanguage":"ro-RO"}]}},"_links":{"self":[{"href":"https:\/\/www.ausasteel.com\/ro\/wp-json\/wp\/v2\/pages\/3691","targetHints":{"allow":["GET"]}}],"collection":[{"href":"https:\/\/www.ausasteel.com\/ro\/wp-json\/wp\/v2\/pages"}],"about":[{"href":"https:\/\/www.ausasteel.com\/ro\/wp-json\/wp\/v2\/types\/page"}],"author":[{"embeddable":true,"href":"https:\/\/www.ausasteel.com\/ro\/wp-json\/wp\/v2\/users\/1"}],"replies":[{"embeddable":true,"href":"https:\/\/www.ausasteel.com\/ro\/wp-json\/wp\/v2\/comments?post=3691"}],"version-history":[{"count":11,"href":"https:\/\/www.ausasteel.com\/ro\/wp-json\/wp\/v2\/pages\/3691\/revisions"}],"predecessor-version":[{"id":15925,"href":"https:\/\/www.ausasteel.com\/ro\/wp-json\/wp\/v2\/pages\/3691\/revisions\/15925"}],"up":[{"embeddable":true,"href":"https:\/\/www.ausasteel.com\/ro\/wp-json\/wp\/v2\/pages\/3211"}],"wp:attachment":[{"href":"https:\/\/www.ausasteel.com\/ro\/wp-json\/wp\/v2\/media?parent=3691"}],"curies":[{"name":"wp","href":"https:\/\/api.w.org\/{rel}","templated":true}]}}