        {"id":3604,"date":"2014-10-25T09:41:31","date_gmt":"2014-10-25T09:41:31","guid":{"rendered":"http:\/\/ausasteel.irantzu.com\/informacion-sobre-cookies-2\/"},"modified":"2014-12-04T15:12:46","modified_gmt":"2014-12-04T15:12:46","slug":"informatii-despre-fisierele-cookie","status":"publish","type":"page","link":"https:\/\/www.ausasteel.com\/ro\/informatii-despre-fisierele-cookie\/","title":{"rendered":"Informa\u021bii despre fi\u0219ierele cookie"},"content":{"rendered":"<div class=\"wpb-content-wrapper\"><p>[vc_row][vc_column]<\/p>\n<div class=\"standard-arrow list-divider\">Site-urile au obliga\u021bia de a se adapta noii <strong>legisla\u021bii referitoare la fi\u0219ierele cookie<\/strong> din Legea 34\/2002 privitoare la serviciile societ\u0103\u021bii de informare \u0219i comer\u021b electronic..<\/p>\n<p>Desc\u0103rcarea acestui tip de elemente presupune capacitatea de <strong>a colecta informa\u021bii<\/strong> cu privire la activitatea utilizatorului \u0219i are implica\u021bii legate de confiden\u021bialitate.<\/p>\n<p>Legisla\u021bia implic\u0103 <strong>obliga\u021bia de a ob\u021bine consim\u021b\u0103m\u00e2ntul<\/strong> informat al utilizatorilor de a accepta utilizarea de cookies pe site-uri.<\/p>\n<h2>\u00bfCe sunt fi\u0219ierele cookie?<\/h2>\n<p>Fi\u0219ierele Cookie sunt <strong>mici fi\u0219iere care se descarc\u0103<\/strong> pe computerul utilizatorului atunci c\u00e2nd acesta navigheaz\u0103 pe Internet \u0219i care permit recunoa\u0219terea browser-ului unui utilizator, care nu con\u021bin \u0219i nu stocheaz\u0103 informa\u021bii.<\/p>\n<p>De exemplu, se folosesc pentru a p\u0103stra utilizatorul identificat pe un cont ca cele anterioare f\u0103r\u0103 a mai fi necesar s\u0103 se identifice de fiecare dat\u0103 c\u00e2nd intr\u0103 \u00een contul respectiv.<\/p>\n<p>\u00cen AUSA folosim urm\u0103toarele <strong>tipuri de fi\u0219iere cookie<\/strong>:<\/p>\n<ul>\n<li><strong>Sesiune<\/strong>: scopul este acela de a \u00eenregistra intr\u0103rile de date ale utilizatorului pe site, atunci c\u00e2nd utilizatorul completeaz\u0103 un formular.<\/li>\n<li><strong>Plug-in re\u021bele sociale<\/strong>: \u00eei permite utilizatorului s\u0103 foloseasc\u0103 anumite informa\u021bii \u00een comun cu membrii unei anumite re\u021bele sociale. Proprietarul este re\u021beaua social\u0103 care plaseaz\u0103 acel cookie (Facebook Inc, Twitter Inc etc).<\/li>\n<li><strong>Google Analytics<\/strong>: pentru realizarea statisticilor de utilizare a site-ului folosim fi\u0219iere cookie pentru a cunoa\u0219te nivelul de recuren\u021b\u0103 al vizitatorilor no\u0219tri \u0219i informa\u021biile considerate a fi cele mai interesante. Astfel, ne putem concentra eforturile pe \u00eembun\u0103t\u0103\u021birea celor mai vizitate sectoare pentru ca utilizatorul s\u0103 g\u0103seasc\u0103 cu mai mare u\u0219urin\u021b\u0103 ceea ce caut\u0103. Pe site se pot folosi informa\u021biile legate de vizit\u0103 pentru a realiza evalu\u0103ri \u0219i calcule statistice privitoare la date anonime, precum \u0219i pentru a garanta continuitatea serviciului sau pentru a realiza anumite \u00eembun\u0103t\u0103\u021biri. Pentru mai multe detalii, consult\u0103 pe urm\u0103torul link \u00a0<a href=\"http:\/\/www.google.com\/intl\/ro\/policies\/privacy\/\" target=\"_blank\">politica de confiden\u021bialitate.<\/a><\/li>\n<\/ul>\n<h2>\u00bfCum dezactiv\u0103m fi\u0219ierele cookie?<\/h2>\n<p>Toate browser-ele permit operarea anumitor schimb\u0103ri prin care se poate dezactiva configurarea fi\u0219ierelor cookie. Aceste adapt\u0103ri pot fi g\u0103site \u00een \u201e<strong>op\u021biuni<\/strong>\u201d sau \u201e<strong>preferin\u021be<\/strong>\u201d pe meniul browser-ului.<\/p>\n<p>\u00cen continuare, prezent\u0103m link-urile cu comenzi pentru diferite browsere pentru <strong>dezactivarea fi\u0219ierelor cookie<\/strong>.<\/p>\n<p>Dezactivarea fi\u0219ierelor cookie implic\u0103 pierderea func\u021bionalit\u0103\u021bii pe multe site-uri.<\/p>\n<p><a href=\"https:\/\/support.google.com\/chrome\/answer\/95647?hl=ro\" target=\"_blank\">Comenzi pentru dezactivare Google Chrome <\/a>.<\/p>\n<p><a href=\"http:\/\/windows.microsoft.com\/ro-ro\/internet-explorer\/delete-manage-cookies#ie=ie-11\" target=\"_blank\">Comenzi pentru dezactivare Internet Explorer<\/a>.<\/p>\n<p><a href=\"http:\/\/support.apple.com\/kb\/PH5042\" target=\"_blank\">Comenzi pentru dezactivare Safari <\/a>.<\/p>\n<p><a href=\"https:\/\/support.mozilla.org\/ro\/kb\/cookie-urile?redirectlocale=en-US&amp;redirectslug=Cookies\" target=\"_blank\">Comenzi pentru dezactivare Firefox <\/a>.<\/p>\n<p>Politica noastr\u0103 general\u0103 de confiden\u021bialitate &#8211; \u00een <a title=\"Condi\u021bii legale\" href=\"https:\/\/www.ausasteel.com\/ro\/conditii-legale\/\">condi\u021biile legii generale \u0219i termeni de utilizare<\/a>.<\/div>\n<p>[\/vc_column][\/vc_row]<\/p>\n<\/div><!-- AddThis Advanced Settings generic via filter on the_content -->","protected":false},"excerpt":{"rendered":"<p>[vc_row][vc_column][\/vc_column][\/vc_row]<!-- AddThis Advanced Settings generic via filter on get_the_excerpt --><\/p>\n","protected":false},"author":1,"featured_media":0,"parent":0,"menu_order":0,"comment_status":"closed","ping_status":"open","template":"","meta":{"footnotes":""},"class_list":["post-3604","page","type-page","status-publish","hentry"],"yoast_head":"<!-- This site is optimized with the Yoast SEO plugin v26.6 - https:\/\/yoast.com\/wordpress\/plugins\/seo\/ -->\n<title>Informa\u021bii despre fi\u0219ierele cookie - AUSA special steels<\/title>\n<meta name=\"robots\" content=\"index, follow, max-snippet:-1, max-image-preview:large, max-video-preview:-1\" \/>\n<link rel=\"canonical\" href=\"https:\/\/www.ausasteel.com\/ro\/informatii-despre-fisierele-cookie\/\" \/>\n<meta property=\"og:locale\" content=\"ro_RO\" \/>\n<meta property=\"og:type\" content=\"article\" \/>\n<meta property=\"og:title\" content=\"Informa\u021bii despre fi\u0219ierele cookie - AUSA special steels\" \/>\n<meta property=\"og:description\" content=\"[vc_row][vc_column][\/vc_column][\/vc_row]\" \/>\n<meta property=\"og:url\" content=\"https:\/\/www.ausasteel.com\/ro\/informatii-despre-fisierele-cookie\/\" \/>\n<meta property=\"og:site_name\" content=\"AUSA special steels\" \/>\n<meta property=\"article:modified_time\" content=\"2014-12-04T15:12:46+00:00\" \/>\n<meta name=\"twitter:label1\" content=\"Est. reading time\" \/>\n\t<meta name=\"twitter:data1\" content=\"2 minutes\" \/>\n<script type=\"application\/ld+json\" class=\"yoast-schema-graph\">{\"@context\":\"https:\/\/schema.org\",\"@graph\":[{\"@type\":\"WebPage\",\"@id\":\"https:\/\/www.ausasteel.com\/ro\/informatii-despre-fisierele-cookie\/\",\"url\":\"https:\/\/www.ausasteel.com\/ro\/informatii-despre-fisierele-cookie\/\",\"name\":\"Informa\u021bii despre fi\u0219ierele cookie - AUSA special steels\",\"isPartOf\":{\"@id\":\"https:\/\/www.ausasteel.com\/ro\/#website\"},\"datePublished\":\"2014-10-25T09:41:31+00:00\",\"dateModified\":\"2014-12-04T15:12:46+00:00\",\"breadcrumb\":{\"@id\":\"https:\/\/www.ausasteel.com\/ro\/informatii-despre-fisierele-cookie\/#breadcrumb\"},\"inLanguage\":\"ro-RO\",\"potentialAction\":[{\"@type\":\"ReadAction\",\"target\":[\"https:\/\/www.ausasteel.com\/ro\/informatii-despre-fisierele-cookie\/\"]}]},{\"@type\":\"BreadcrumbList\",\"@id\":\"https:\/\/www.ausasteel.com\/ro\/informatii-despre-fisierele-cookie\/#breadcrumb\",\"itemListElement\":[{\"@type\":\"ListItem\",\"position\":1,\"name\":\"Portada\",\"item\":\"https:\/\/www.ausasteel.com\/ro\/\"},{\"@type\":\"ListItem\",\"position\":2,\"name\":\"Informa\u021bii despre fi\u0219ierele cookie\"}]},{\"@type\":\"WebSite\",\"@id\":\"https:\/\/www.ausasteel.com\/ro\/#website\",\"url\":\"https:\/\/www.ausasteel.com\/ro\/\",\"name\":\"AUSA special steels\",\"description\":\"AUSA special steels\",\"potentialAction\":[{\"@type\":\"SearchAction\",\"target\":{\"@type\":\"EntryPoint\",\"urlTemplate\":\"https:\/\/www.ausasteel.com\/ro\/?s={search_term_string}\"},\"query-input\":{\"@type\":\"PropertyValueSpecification\",\"valueRequired\":true,\"valueName\":\"search_term_string\"}}],\"inLanguage\":\"ro-RO\"}]}<\/script>\n<!-- \/ Yoast SEO plugin. -->","yoast_head_json":{"title":"Informa\u021bii despre fi\u0219ierele cookie - AUSA special steels","robots":{"index":"index","follow":"follow","max-snippet":"max-snippet:-1","max-image-preview":"max-image-preview:large","max-video-preview":"max-video-preview:-1"},"canonical":"https:\/\/www.ausasteel.com\/ro\/informatii-despre-fisierele-cookie\/","og_locale":"ro_RO","og_type":"article","og_title":"Informa\u021bii despre fi\u0219ierele cookie - AUSA special steels","og_description":"[vc_row][vc_column][\/vc_column][\/vc_row]","og_url":"https:\/\/www.ausasteel.com\/ro\/informatii-despre-fisierele-cookie\/","og_site_name":"AUSA special steels","article_modified_time":"2014-12-04T15:12:46+00:00","twitter_misc":{"Est. reading time":"2 minutes"},"schema":{"@context":"https:\/\/schema.org","@graph":[{"@type":"WebPage","@id":"https:\/\/www.ausasteel.com\/ro\/informatii-despre-fisierele-cookie\/","url":"https:\/\/www.ausasteel.com\/ro\/informatii-despre-fisierele-cookie\/","name":"Informa\u021bii despre fi\u0219ierele cookie - AUSA special steels","isPartOf":{"@id":"https:\/\/www.ausasteel.com\/ro\/#website"},"datePublished":"2014-10-25T09:41:31+00:00","dateModified":"2014-12-04T15:12:46+00:00","breadcrumb":{"@id":"https:\/\/www.ausasteel.com\/ro\/informatii-despre-fisierele-cookie\/#breadcrumb"},"inLanguage":"ro-RO","potentialAction":[{"@type":"ReadAction","target":["https:\/\/www.ausasteel.com\/ro\/informatii-despre-fisierele-cookie\/"]}]},{"@type":"BreadcrumbList","@id":"https:\/\/www.ausasteel.com\/ro\/informatii-despre-fisierele-cookie\/#breadcrumb","itemListElement":[{"@type":"ListItem","position":1,"name":"Portada","item":"https:\/\/www.ausasteel.com\/ro\/"},{"@type":"ListItem","position":2,"name":"Informa\u021bii despre fi\u0219ierele cookie"}]},{"@type":"WebSite","@id":"https:\/\/www.ausasteel.com\/ro\/#website","url":"https:\/\/www.ausasteel.com\/ro\/","name":"AUSA special steels","description":"AUSA special steels","potentialAction":[{"@type":"SearchAction","target":{"@type":"EntryPoint","urlTemplate":"https:\/\/www.ausasteel.com\/ro\/?s={search_term_string}"},"query-input":{"@type":"PropertyValueSpecification","valueRequired":true,"valueName":"search_term_string"}}],"inLanguage":"ro-RO"}]}},"_links":{"self":[{"href":"https:\/\/www.ausasteel.com\/ro\/wp-json\/wp\/v2\/pages\/3604","targetHints":{"allow":["GET"]}}],"collection":[{"href":"https:\/\/www.ausasteel.com\/ro\/wp-json\/wp\/v2\/pages"}],"about":[{"href":"https:\/\/www.ausasteel.com\/ro\/wp-json\/wp\/v2\/types\/page"}],"author":[{"embeddable":true,"href":"https:\/\/www.ausasteel.com\/ro\/wp-json\/wp\/v2\/users\/1"}],"replies":[{"embeddable":true,"href":"https:\/\/www.ausasteel.com\/ro\/wp-json\/wp\/v2\/comments?post=3604"}],"version-history":[{"count":6,"href":"https:\/\/www.ausasteel.com\/ro\/wp-json\/wp\/v2\/pages\/3604\/revisions"}],"predecessor-version":[{"id":5864,"href":"https:\/\/www.ausasteel.com\/ro\/wp-json\/wp\/v2\/pages\/3604\/revisions\/5864"}],"wp:attachment":[{"href":"https:\/\/www.ausasteel.com\/ro\/wp-json\/wp\/v2\/media?parent=3604"}],"curies":[{"name":"wp","href":"https:\/\/api.w.org\/{rel}","templated":true}]}}