        {"id":3600,"date":"2014-10-25T09:46:22","date_gmt":"2014-10-25T09:46:22","guid":{"rendered":"http:\/\/ausasteel.irantzu.com\/condiciones-legales-2\/"},"modified":"2019-06-19T13:42:00","modified_gmt":"2019-06-19T13:42:00","slug":"conditii-legale","status":"publish","type":"page","link":"https:\/\/www.ausasteel.com\/ro\/conditii-legale\/","title":{"rendered":"Condi\u021bii legale"},"content":{"rendered":"<div class=\"row legal\">\n<div class=\"container\">\n<h1>Condi\u021bii legale<\/h1>\n<h2>Politica de confiden\u021bialitate<\/h2>\n<p>AUSA PROCESOS Y ESTUDIOS, S.A, CIF A01011410, societate anonim\u0103\/cu r\u0103spundere limitat\u0103, \u00eenregistrat\u0103 la Registrul Comer\u021bului din Vitoria (\u00c1lava) cu sediul social \u00een Apartado 500, de\u00a0Vitoria, \u00een conformitate cu Legea Organic\u0103 15\/1999 din 13 decembrie de Protec\u021bie a Datelor cu Caracter Personal \u0219i alte acte normative de aplicare, v\u0103 informeaz\u0103 c\u0103 datele personale furnizate prin intermediul site-ului www.ausasteel.com vor fi tratate \u00een mod confiden\u021bial, \u00een special de c\u0103tre AUSA PROCESOS Y ESTUDIOS, S.A, \u0219i vor face parte din fi\u0219ierele automatizate ale AUSA PROCESOS Y ESTUDIOS, S.A, corespunz\u0103tor \u00eenregistrate la Agen\u021bia Spaniol\u0103 pentru Protec\u021bia Datelor.<\/p>\n<p>De asemenea, v\u0103 informeaz\u0103 c\u0103 datele personale furnizate prin intermediul acestui site, care ar putea fi stocate, vor fi utilizate, \u00een general, pentru administrarea tehnic\u0103 a site-ului, gestionarea clien\u021bilor, realizarea de sondaje, dezvoltarea serviciilor solicitate de utilizatori, pentru sarcini de marketing, transmiterea de informa\u021bii derivate din activitatea noastr\u0103, prezentarea de informa\u021bii \u0219i opinii ale clien\u021bilor pentru a le oferi produse sau servicii care ar putea prezenta interes pentru ei.<\/p>\n<p>Putem \u00eemp\u0103rt\u0103\u0219i aceste informa\u021bii firmelor din sector, furnizorilor de servicii conexe pentru prezentarea unor posibile oferte, transmiterea de societ\u0103\u021bi etc.<\/p>\n<p>AUSA PROCESOS Y ESTUDIOS, S.A\u00a0a adoptat m\u0103surile necesare pentru a evita alterarea, pierderea, prelucrarea sau divulgarea neautorizat\u0103 a datelor personale, dar av\u00e2nd \u00een vedere \u00een permanen\u021b\u0103 nivelul atins de tehnologie, utilizatorul trebuie s\u0103 fie con\u0219tient de faptul c\u0103 m\u0103surile de securitate pe Internet nu sunt de ne\u00eenvins.<\/p>\n<p>Utilizatorul garanteaz\u0103 c\u0103 datele personale furnizate firmei\u00a0AUSA PROCESOS Y ESTUDIOS, S.A sunt reale \u0219i se oblig\u0103 s\u0103 comunice orice modificare a acestora. Prin completarea formularului de pe site, utilizatorul \u00ee\u0219i d\u0103 consim\u021b\u0103m\u00e2ntul expres \u00een ceea ce prive\u0219te includerea datelor sale personale \u00een fi\u0219ierele automatizate corespunz\u0103toare ale firmei AUSA PROCESOS Y ESTUDIOS, S.A.<\/p>\n<p>\u00cen conformitate cu prevederile Legii Organice privitoare la Datele cu Caracter Personal, utilizatorul poate exercita \u00een orice moment drepturile de acces, rectificare, anulare \u0219i opozi\u021bie, printr-o cerere adresat\u0103 responsabilului de fi\u0219ierul AUSA PROCESOS Y ESTUDIOS, S.A, prin e-mail c\u0103tre\u00a0<a href=\"mailto:&#x6f;&#x70;&#x64;&#x40;&#x61;&#x75;&#x73;&#x61;&#x73;&#x74;&#x65;&#x65;&#x6c;&#x2e;&#x63;&#x6f;&#x6d;\">&#x6c;&#x6f;&#x70;&#x64;&#x40;<span class=\"oe_displaynone\">null<\/span>&#x61;&#x75;&#x73;&#x61;&#x73;&#x74;&#x65;&#x65;&#x6c;&#x2e;&#x63;&#x6f;&#x6d;<\/a> sau prin scrisoare trimis\u0103 la urm\u0103toarea adres\u0103:<\/p>\n<p>AUSA PROCESOS Y ESTUDIOS, S.A<\/p>\n<p>SUBIECT: Protec\u021bia datelor cu caracter personal<\/p>\n<p>Pol\u00edgono Industrial de J\u00fandiz<\/p>\n<p>c\/ Paduleta 4 <a name=\"term-uso\"><\/a><\/p>\n<p>01015 \u2013 Vitoria (Spain)<\/p>\n<p>&nbsp;<\/p>\n<h2 id=\"term-uso\">Termeni de utilizare<\/h2>\n<p><strong>V\u0103 rug\u0103m s\u0103 citi\u021bi cu aten\u021bie ace\u0219ti termeni de utilizare \u00eenainte de folosirea website-ului. Prin utilizarea serviciilor oferite, accepta\u021bi ace\u0219ti termeni de utilizare, precum \u0219i celelalte condi\u021bii legale.<\/strong><\/p>\n<h3><strong>Acces pe site<\/strong><\/h3>\n<p>Accesul pe acest site se face gratuit, pentru vizualizarea con\u021binutului nefiind necesar\u0103 abonarea sau \u00eenregistrarea.<\/p>\n<p>Utilizatorii trebuie s\u0103 foloseasc\u0103 informa\u021biile con\u021binute de acest site, \u00een conformitate cu legisla\u021bia aplicabil\u0103, dup\u0103 caz, respect\u00e2nd drepturile de proprietate intelectual\u0103 ale\u00a0AUSA PROCESOS Y ESTUDIOS, S.A sau ale ter\u021bilor.<\/p>\n<p>Drepturile de proprietate intelectual\u0103, drepturile de autor \u0219i celelalte drepturi privitoare la bazele de date de pe acest website, precum \u0219i totalitatea elementelor pe care acesta le con\u021bine, sunt proprietatea AUSA PROCESOS Y ESTUDIOS, S.A. Prin urmare, drepturile de exploatare, difuzare, comunicare sau transformare a oric\u0103rui con\u021binut apar\u021bin \u00een exclusivitate AUSA PROCESOS Y ESTUDIOS, S.A. Este interzis\u0103 extragerea sistematic\u0103 sau reutilizarea de fragmente de informa\u021bii prezentate pe site, f\u0103r\u0103 acordul expres scris al AUSA PROCESOS Y ESTUDIOS, S.A.<\/p>\n<p>Utilizatorul nu va realiza prin intermediul serviciilor puse la dispozi\u021bia sa de c\u0103tre\u00a0AUSA PROCESOS Y ESTUDIOS, S.A nicio ac\u021biune care s\u0103 aduc\u0103 prejudicii sau alter\u0103ri informa\u021biilor prezentate \u0219i nu va \u00eempiedica buna func\u021bionare a website-ului. Nu va provoca probleme tehnice de niciun fel, prin transferul de informa\u021bii care ar putea s\u0103 transmit\u0103 viru\u0219i informatici sau s\u0103 aduc\u0103 prejudicii, s\u0103 provoace interferen\u021be sau s\u0103 intercepteze total sau par\u021bial site-ul.<\/p>\n<p>Utilizatorii pot transmite comentariile lor \u0219i pot publica alte informa\u021bii, trimite comunic\u0103ri, sugestii, idei, \u00eentreb\u0103ri sau alte informa\u021bii, cu condi\u021bia ca acestea s\u0103 nu fie ilicite, obscene, abuzive, s\u0103 nu reprezinte o amenin\u021bare sau calomnie sau s\u0103 \u00eencalce via\u021ba privat\u0103 a ter\u021bilor, s\u0103 nu violeze drepturi de proprietate intelectual\u0103, s\u0103 nu ofenseze sau s\u0103 fie indecente, s\u0103 nu fac\u0103 propagand\u0103 politic\u0103 sau s\u0103 prezinte informa\u021bii publicitare, s\u0103 nu trimit\u0103 mesaje \u00een lan\u021b, mesaje \u00een mas\u0103 sau orice alt tip de \u201espam&#8221;.<\/p>\n<p>Prin publicarea oric\u0103rei informa\u021bii sau prezentarea oric\u0103rui material spre publicare, cu excep\u021bia cazurilor \u00een care se indic\u0103 contrariul, accepta\u021bi s\u0103 acorda\u021bi\u00a0AUSA PROCESOS Y ESTUDIOS, S.A dreptul neexclusiv, gratuit \u0219i susceptibil de cedare deplin\u0103 \u0219i transmitere \u00een favoarea unui ter\u021b de a folosi, reproduce, modifica, adapta, publica, traduce, crea \u0219i exploata orice lucrare derivat\u0103 din aceste informa\u021bii \u0219i de a distribui \u0219i prezenta con\u021binutul acestora \u00een lumea \u00eentreag\u0103, prin orice mijloc, precum \u0219i dreptul ca numele comunicat de dumneavoastr\u0103 s\u0103 fie legat de con\u021binutul respectiv.<\/p>\n<p>Dumneavoastr\u0103 declara\u021bi \u0219i garanta\u021bi c\u0103 sunte\u021bi titularul tuturor drepturilor de autor \u00een ceea ce prive\u0219te informa\u021biile pe care le-a\u021bi putea publica.<\/p>\n<p>\u00cen niciun caz,\u00a0AUSA PROCESOS Y ESTUDIOS, S.A nu va fi r\u0103spunz\u0103tor de folosirea inadecvat\u0103 a acestui website sau de prezentarea unor informa\u021bii incomplete, inexacte sau incerte.\u00a0AUSA PROCESOS Y ESTUDIOS, S.A \u00ee\u0219i rezerv\u0103 dreptul de a modifica sau elimina \u00een orice moment, f\u0103r\u0103 preaviz, informa\u021biile transmise de dumneavoastr\u0103 \u0219i de a \u00eenceta utilizarea acestui site. Nu este permis\u0103 folosirea unor adrese false, a identit\u0103\u021bii altei persoane sau entit\u0103\u021bi, nici falsificarea \u00een orice mod a sursei oric\u0103rui con\u021binut.<\/p>\n<p>\u00cen cazul \u00een care se efectueaz\u0103 opera\u021biuni de \u00eentre\u021binere, repara\u021bii, actualizare sau \u00eembun\u0103t\u0103\u021bire a serviciilor,\u00a0AUSA PROCESOS Y ESTUDIOS, S.A poate suspenda temporar \u0219i f\u0103r\u0103 preaviz accesul la acest site, rezerv\u00e2ndu-\u0219i dreptul de prestare sau anulare a serviciilor, f\u0103r\u0103 a aduce atingere dreptului de a li se comunica utilizatorilor acest lucru, atunci c\u00e2nd este posibil.<\/p>\n<p>\u00cen felul acesta, se exclude orice responsabilitate pentru daune \u0219i interese de orice tip care ar putea deriva din lipsa disponibilit\u0103\u021bii sau a continuit\u0103\u021bii func\u021bion\u0103rii site-ului \u0219i a serviciului furnizat de acesta \u0219i din utilitatea care ar putea fi atribuit\u0103 acestui website.<\/p>\n<p>AUSA PROCESOS Y ESTUDIOS, S.A\u00a0\u00ee\u0219i rezerv\u0103 dreptul de a opera modific\u0103ri \u00een ceea ce prive\u0219te serviciile, politica, termenii \u0219i condi\u021biile, \u00een orice moment, f\u0103r\u0103 preaviz. \u00cen ceea ce prive\u0219te serviciile prestate, trebuie s\u0103 v\u0103 supune\u021bi termenilor \u0219i condi\u021biilor \u00een vigoare la data utiliz\u0103rii website-ului.<\/p>\n<h3><strong>Link-uri hipertextuale<\/strong><\/h3>\n<p>Nici un ter\u021b nu va putea stabili o rela\u021bie de \u201eframing\u201d \u00eentre site-urile sale \u0219i acest site.<\/p>\n<p>\u00cen cazul link-urilor incluse \u00een prezentul site, c\u0103tre alte site-uri care nu sunt administrate de AUSA PROCESOS Y ESTUDIOS, S.A,\u00a0AUSA PROCESOS Y ESTUDIOS, S.A declar\u0103 c\u0103 nu exercit\u0103 niciun control asupra acestora, nefiind responsabil de con\u021binutul site-urilor respective.<\/p>\n<p>Link-urile pe care acest site le poate con\u021bine sunt oferite doar informativ, f\u0103r\u0103 a se evalua \u00een vreun fel con\u021binutul respectiv, proprietarii, serviciile sau produsele oferite.<\/p>\n<h3><strong>Alte condi\u021bii<\/strong><\/h3>\n<p>Toate rela\u021biile stabilite \u00eentre utilizator \u0219i\u00a0AUSA PROCESOS Y ESTUDIOS, S.A vor fi reglementate de legisla\u021bia spaniol\u0103 \u0219i se vor subordona, renun\u021b\u00e2nd la propria lor jurisdic\u021bie, judec\u0103toriilor \u0219i tribunalelor din Vitoria, Spania.\n<\/p><\/div>\n<\/div><!-- AddThis Advanced Settings generic via filter on the_content -->","protected":false},"excerpt":{"rendered":"<p>Condi\u021bii legale Politica de confiden\u021bialitate AUSA PROCESOS Y ESTUDIOS, S.A, CIF A01011410, societate anonim\u0103\/cu r\u0103spundere limitat\u0103, \u00eenregistrat\u0103 la Registrul Comer\u021bului din Vitoria (\u00c1lava) cu sediul social \u00een Apartado 500, de\u00a0Vitoria, \u00een conformitate cu Legea Organic\u0103 15\/1999 din 13 decembrie de Protec\u021bie a Datelor cu Caracter Personal \u0219i alte acte normative de aplicare, v\u0103 informeaz\u0103 c\u0103&hellip;<!-- AddThis Advanced Settings generic via filter on get_the_excerpt --><\/p>\n","protected":false},"author":1,"featured_media":0,"parent":0,"menu_order":0,"comment_status":"closed","ping_status":"open","template":"","meta":{"footnotes":""},"class_list":["post-3600","page","type-page","status-publish","hentry"],"yoast_head":"<!-- This site is optimized with the Yoast SEO plugin v26.6 - https:\/\/yoast.com\/wordpress\/plugins\/seo\/ -->\n<title>Condi\u021bii legale - AUSA special steels<\/title>\n<meta name=\"robots\" content=\"index, follow, max-snippet:-1, max-image-preview:large, max-video-preview:-1\" \/>\n<link rel=\"canonical\" href=\"https:\/\/www.ausasteel.com\/ro\/conditii-legale\/\" \/>\n<meta property=\"og:locale\" content=\"ro_RO\" \/>\n<meta property=\"og:type\" content=\"article\" \/>\n<meta property=\"og:title\" content=\"Condi\u021bii legale - AUSA special steels\" \/>\n<meta property=\"og:description\" content=\"Condi\u021bii legale Politica de confiden\u021bialitate AUSA PROCESOS Y ESTUDIOS, S.A, CIF A01011410, societate anonim\u0103\/cu r\u0103spundere limitat\u0103, \u00eenregistrat\u0103 la Registrul Comer\u021bului din Vitoria (\u00c1lava) cu sediul social \u00een Apartado 500, de\u00a0Vitoria, \u00een conformitate cu Legea Organic\u0103 15\/1999 din 13 decembrie de Protec\u021bie a Datelor cu Caracter Personal \u0219i alte acte normative de aplicare, v\u0103 informeaz\u0103 c\u0103&hellip;\" \/>\n<meta property=\"og:url\" content=\"https:\/\/www.ausasteel.com\/ro\/conditii-legale\/\" \/>\n<meta property=\"og:site_name\" content=\"AUSA special steels\" \/>\n<meta property=\"article:modified_time\" content=\"2019-06-19T13:42:00+00:00\" \/>\n<meta name=\"twitter:label1\" content=\"Est. reading time\" \/>\n\t<meta name=\"twitter:data1\" content=\"6 minutes\" \/>\n<script type=\"application\/ld+json\" class=\"yoast-schema-graph\">{\"@context\":\"https:\/\/schema.org\",\"@graph\":[{\"@type\":\"WebPage\",\"@id\":\"https:\/\/www.ausasteel.com\/ro\/conditii-legale\/\",\"url\":\"https:\/\/www.ausasteel.com\/ro\/conditii-legale\/\",\"name\":\"Condi\u021bii legale - AUSA special steels\",\"isPartOf\":{\"@id\":\"https:\/\/www.ausasteel.com\/ro\/#website\"},\"datePublished\":\"2014-10-25T09:46:22+00:00\",\"dateModified\":\"2019-06-19T13:42:00+00:00\",\"breadcrumb\":{\"@id\":\"https:\/\/www.ausasteel.com\/ro\/conditii-legale\/#breadcrumb\"},\"inLanguage\":\"ro-RO\",\"potentialAction\":[{\"@type\":\"ReadAction\",\"target\":[\"https:\/\/www.ausasteel.com\/ro\/conditii-legale\/\"]}]},{\"@type\":\"BreadcrumbList\",\"@id\":\"https:\/\/www.ausasteel.com\/ro\/conditii-legale\/#breadcrumb\",\"itemListElement\":[{\"@type\":\"ListItem\",\"position\":1,\"name\":\"Portada\",\"item\":\"https:\/\/www.ausasteel.com\/ro\/\"},{\"@type\":\"ListItem\",\"position\":2,\"name\":\"Condi\u021bii legale\"}]},{\"@type\":\"WebSite\",\"@id\":\"https:\/\/www.ausasteel.com\/ro\/#website\",\"url\":\"https:\/\/www.ausasteel.com\/ro\/\",\"name\":\"AUSA special steels\",\"description\":\"AUSA special steels\",\"potentialAction\":[{\"@type\":\"SearchAction\",\"target\":{\"@type\":\"EntryPoint\",\"urlTemplate\":\"https:\/\/www.ausasteel.com\/ro\/?s={search_term_string}\"},\"query-input\":{\"@type\":\"PropertyValueSpecification\",\"valueRequired\":true,\"valueName\":\"search_term_string\"}}],\"inLanguage\":\"ro-RO\"}]}<\/script>\n<!-- \/ Yoast SEO plugin. -->","yoast_head_json":{"title":"Condi\u021bii legale - AUSA special steels","robots":{"index":"index","follow":"follow","max-snippet":"max-snippet:-1","max-image-preview":"max-image-preview:large","max-video-preview":"max-video-preview:-1"},"canonical":"https:\/\/www.ausasteel.com\/ro\/conditii-legale\/","og_locale":"ro_RO","og_type":"article","og_title":"Condi\u021bii legale - AUSA special steels","og_description":"Condi\u021bii legale Politica de confiden\u021bialitate AUSA PROCESOS Y ESTUDIOS, S.A, CIF A01011410, societate anonim\u0103\/cu r\u0103spundere limitat\u0103, \u00eenregistrat\u0103 la Registrul Comer\u021bului din Vitoria (\u00c1lava) cu sediul social \u00een Apartado 500, de\u00a0Vitoria, \u00een conformitate cu Legea Organic\u0103 15\/1999 din 13 decembrie de Protec\u021bie a Datelor cu Caracter Personal \u0219i alte acte normative de aplicare, v\u0103 informeaz\u0103 c\u0103&hellip;","og_url":"https:\/\/www.ausasteel.com\/ro\/conditii-legale\/","og_site_name":"AUSA special steels","article_modified_time":"2019-06-19T13:42:00+00:00","twitter_misc":{"Est. reading time":"6 minutes"},"schema":{"@context":"https:\/\/schema.org","@graph":[{"@type":"WebPage","@id":"https:\/\/www.ausasteel.com\/ro\/conditii-legale\/","url":"https:\/\/www.ausasteel.com\/ro\/conditii-legale\/","name":"Condi\u021bii legale - AUSA special steels","isPartOf":{"@id":"https:\/\/www.ausasteel.com\/ro\/#website"},"datePublished":"2014-10-25T09:46:22+00:00","dateModified":"2019-06-19T13:42:00+00:00","breadcrumb":{"@id":"https:\/\/www.ausasteel.com\/ro\/conditii-legale\/#breadcrumb"},"inLanguage":"ro-RO","potentialAction":[{"@type":"ReadAction","target":["https:\/\/www.ausasteel.com\/ro\/conditii-legale\/"]}]},{"@type":"BreadcrumbList","@id":"https:\/\/www.ausasteel.com\/ro\/conditii-legale\/#breadcrumb","itemListElement":[{"@type":"ListItem","position":1,"name":"Portada","item":"https:\/\/www.ausasteel.com\/ro\/"},{"@type":"ListItem","position":2,"name":"Condi\u021bii legale"}]},{"@type":"WebSite","@id":"https:\/\/www.ausasteel.com\/ro\/#website","url":"https:\/\/www.ausasteel.com\/ro\/","name":"AUSA special steels","description":"AUSA special steels","potentialAction":[{"@type":"SearchAction","target":{"@type":"EntryPoint","urlTemplate":"https:\/\/www.ausasteel.com\/ro\/?s={search_term_string}"},"query-input":{"@type":"PropertyValueSpecification","valueRequired":true,"valueName":"search_term_string"}}],"inLanguage":"ro-RO"}]}},"_links":{"self":[{"href":"https:\/\/www.ausasteel.com\/ro\/wp-json\/wp\/v2\/pages\/3600","targetHints":{"allow":["GET"]}}],"collection":[{"href":"https:\/\/www.ausasteel.com\/ro\/wp-json\/wp\/v2\/pages"}],"about":[{"href":"https:\/\/www.ausasteel.com\/ro\/wp-json\/wp\/v2\/types\/page"}],"author":[{"embeddable":true,"href":"https:\/\/www.ausasteel.com\/ro\/wp-json\/wp\/v2\/users\/1"}],"replies":[{"embeddable":true,"href":"https:\/\/www.ausasteel.com\/ro\/wp-json\/wp\/v2\/comments?post=3600"}],"version-history":[{"count":9,"href":"https:\/\/www.ausasteel.com\/ro\/wp-json\/wp\/v2\/pages\/3600\/revisions"}],"predecessor-version":[{"id":15632,"href":"https:\/\/www.ausasteel.com\/ro\/wp-json\/wp\/v2\/pages\/3600\/revisions\/15632"}],"wp:attachment":[{"href":"https:\/\/www.ausasteel.com\/ro\/wp-json\/wp\/v2\/media?parent=3600"}],"curies":[{"name":"wp","href":"https:\/\/api.w.org\/{rel}","templated":true}]}}