        {"id":3583,"date":"2014-10-23T09:56:48","date_gmt":"2014-10-23T09:56:48","guid":{"rendered":"http:\/\/ausasteel.irantzu.com\/despre-ausa\/unde-suntem\/ausa-en-galati-rumania\/"},"modified":"2015-05-27T10:28:26","modified_gmt":"2015-05-27T10:28:26","slug":"galati-romania","status":"publish","type":"page","link":"https:\/\/www.ausasteel.com\/ro\/despre-ausa\/galati-romania\/","title":{"rendered":"Galati, Rom\u00e2nia"},"content":{"rendered":"<div class=\"wpb-content-wrapper\"><p>[vc_row][vc_column width=&#8221;1\/1&#8243;][vc_column_text]<iframe loading=\"lazy\" style=\"border: 0;\" src=\"https:\/\/www.google.com\/maps\/embed?pb=!1m14!1m8!1m3!1d2799.7917076830813!2d28.0558!3d45.433699999999995!3m2!1i1024!2i768!4f13.1!3m3!1m2!1s0x40b6de554c8542af%3A0x8d984609aabbc384!2sR.A.+Administra%C5%A3ia+Zonei+Libere+Gala%C5%A3i!5e0!3m2!1ses!2ses!4v1413985572048\" width=\"100%\" height=\"350\" frameborder=\"0\"><\/iframe>[\/vc_column_text][vc_empty_space height=&#8221;20px&#8221;][vc_row_inner][vc_column_inner width=&#8221;1\/2&#8243;][vc_column_text]<\/p>\n<h4><strong>Galati<\/strong><\/h4>\n<p><strong>Adres\u0103<\/strong>: Zonei Libere Gala\u021bi, Platforma II-D2-1, D2-2, F2<br \/>\n<strong>Cod Po\u0219tal<\/strong>: 800216<br \/>\n<strong>Localitate<\/strong>: Gala\u021bi (Rom\u00e2nia)<br \/>\n<strong>Telefon<\/strong><br \/>\n<strong>Fax<\/strong><br \/>\n<strong>E-mail<\/strong>: <a href=\"mailto:&#x63;&#x6f;&#x6d;&#x65;&#x72;&#x63;&#x69;&#x61;&#x6c;&#x2e;&#x67;&#x61;&#x6c;&#x61;&#x74;&#x69;&#x40;&#x61;&#x75;&#x73;&#x61;&#x73;&#x74;&#x65;&#x65;&#x6c;&#x2e;&#x63;&#x6f;&#x6d;\">&#x63;&#x6f;&#x6d;&#x65;&#x72;&#x63;&#x69;&#x61;&#x6c;&#x2e;&#x67;&#x61;&#x6c;&#x61;&#x74;&#x69;&#x40;<span class=\"oe_displaynone\">null<\/span>&#x61;&#x75;&#x73;&#x61;&#x73;&#x74;&#x65;&#x65;&#x6c;&#x2e;&#x63;&#x6f;&#x6d;<\/a>[\/vc_column_text][\/vc_column_inner][vc_column_inner width=&#8221;1\/2&#8243;][vc_column_text]<\/p>\n<p style=\"text-align: center;\"><strong>Scaneaz\u0103 codul QR pentru a p\u0103stra datele de contact \u00een smartphone-ul t\u0103u<\/strong><\/p>\n<p><a href=\"https:\/\/www.ausasteel.com\/wp-content\/uploads\/2015\/05\/QR-Galati-Romania1.png\" data-rel=\"lightbox-gallery-NLvacdNF\" data-rl_title=\"\" data-rl_caption=\"\" title=\"\"><img loading=\"lazy\" decoding=\"async\" class=\"aligncenter size-full wp-image-10349\" src=\"https:\/\/www.ausasteel.com\/wp-content\/uploads\/2015\/05\/QR-Galati-Romania1.png\" alt=\"QR - Galati Romania\" width=\"360\" height=\"360\" srcset=\"https:\/\/www.ausasteel.com\/wp-content\/uploads\/2015\/05\/QR-Galati-Romania1.png 360w, https:\/\/www.ausasteel.com\/wp-content\/uploads\/2015\/05\/QR-Galati-Romania1-150x150.png 150w, https:\/\/www.ausasteel.com\/wp-content\/uploads\/2015\/05\/QR-Galati-Romania1-300x300.png 300w\" sizes=\"auto, (max-width: 360px) 100vw, 360px\" \/><\/a>[\/vc_column_text][\/vc_column_inner][\/vc_row_inner][vc_empty_space height=&#8221;20px&#8221;][\/vc_column][\/vc_row]<\/p>\n<\/div><!-- AddThis Advanced Settings generic via filter on the_content -->","protected":false},"excerpt":{"rendered":"<p>[vc_row][vc_column width=&#8221;1\/1&#8243;][vc_column_text][\/vc_column_text][vc_empty_space height=&#8221;20px&#8221;][vc_row_inner][vc_column_inner width=&#8221;1\/2&#8243;][vc_column_text] Galati Adres\u0103: Zonei Libere Gala\u021bi, Platforma II-D2-1, D2-2, F2 Cod Po\u0219tal: 800216 Localitate: Gala\u021bi (Rom\u00e2nia) Telefon Fax E-mail: &#x63;&#x6f;&#x6d;&#x65;&#x72;&#x63;&#x69;&#x61;&#x6c;&#x2e;&#x67;&#x61;&#x6c;&#x61;&#x74;&#x69;&#x40;null&#x61;&#x75;&#x73;&#x61;&#x73;&#x74;&#x65;&#x65;&#x6c;&#x2e;&#x63;&#x6f;&#x6d;[\/vc_column_text][\/vc_column_inner][vc_column_inner width=&#8221;1\/2&#8243;][vc_column_text] Scaneaz\u0103 codul QR pentru a p\u0103stra datele de contact \u00een smartphone-ul t\u0103u [\/vc_column_text][\/vc_column_inner][\/vc_row_inner][vc_empty_space height=&#8221;20px&#8221;][\/vc_column][\/vc_row]<!-- AddThis Advanced Settings generic via filter on get_the_excerpt --><\/p>\n","protected":false},"author":1,"featured_media":0,"parent":3563,"menu_order":0,"comment_status":"closed","ping_status":"open","template":"","meta":{"footnotes":""},"class_list":["post-3583","page","type-page","status-publish","hentry"],"yoast_head":"<!-- This site is optimized with the Yoast SEO plugin v26.6 - https:\/\/yoast.com\/wordpress\/plugins\/seo\/ -->\n<title>Galati, Rom\u00e2nia - AUSA special steels<\/title>\n<meta name=\"robots\" content=\"index, follow, max-snippet:-1, max-image-preview:large, max-video-preview:-1\" \/>\n<link rel=\"canonical\" href=\"https:\/\/www.ausasteel.com\/ro\/despre-ausa\/galati-romania\/\" \/>\n<meta property=\"og:locale\" content=\"ro_RO\" \/>\n<meta property=\"og:type\" content=\"article\" \/>\n<meta property=\"og:title\" content=\"Galati, Rom\u00e2nia - AUSA special steels\" \/>\n<meta property=\"og:description\" content=\"[vc_row][vc_column width=&#8221;1\/1&#8243;][vc_column_text][\/vc_column_text][vc_empty_space height=&#8221;20px&#8221;][vc_row_inner][vc_column_inner width=&#8221;1\/2&#8243;][vc_column_text] Galati Adres\u0103: Zonei Libere Gala\u021bi, Platforma II-D2-1, D2-2, F2 Cod Po\u0219tal: 800216 Localitate: Gala\u021bi (Rom\u00e2nia) Telefon Fax E-mail: &#x63;&#x6f;&#x6d;&#x65;&#x72;&#x63;&#x69;&#x61;&#x6c;&#x2e;&#x67;&#x61;&#x6c;&#x61;&#x74;&#x69;&#x40;null&#x61;&#x75;&#x73;&#x61;&#x73;&#x74;&#x65;&#x65;&#x6c;&#x2e;&#x63;&#x6f;&#x6d;[\/vc_column_text][\/vc_column_inner][vc_column_inner width=&#8221;1\/2&#8243;][vc_column_text] Scaneaz\u0103 codul QR pentru a p\u0103stra datele de contact \u00een smartphone-ul t\u0103u [\/vc_column_text][\/vc_column_inner][\/vc_row_inner][vc_empty_space height=&#8221;20px&#8221;][\/vc_column][\/vc_row]\" \/>\n<meta property=\"og:url\" content=\"https:\/\/www.ausasteel.com\/ro\/despre-ausa\/galati-romania\/\" \/>\n<meta property=\"og:site_name\" content=\"AUSA special steels\" \/>\n<meta property=\"article:modified_time\" content=\"2015-05-27T10:28:26+00:00\" \/>\n<meta property=\"og:image\" content=\"https:\/\/www.ausasteel.com\/wp-content\/uploads\/2015\/05\/QR-Galati-Romania1.png\" \/>\n<script type=\"application\/ld+json\" class=\"yoast-schema-graph\">{\"@context\":\"https:\/\/schema.org\",\"@graph\":[{\"@type\":\"WebPage\",\"@id\":\"https:\/\/www.ausasteel.com\/ro\/despre-ausa\/galati-romania\/\",\"url\":\"https:\/\/www.ausasteel.com\/ro\/despre-ausa\/galati-romania\/\",\"name\":\"Galati, Rom\u00e2nia - AUSA special steels\",\"isPartOf\":{\"@id\":\"https:\/\/www.ausasteel.com\/ro\/#website\"},\"primaryImageOfPage\":{\"@id\":\"https:\/\/www.ausasteel.com\/ro\/despre-ausa\/galati-romania\/#primaryimage\"},\"image\":{\"@id\":\"https:\/\/www.ausasteel.com\/ro\/despre-ausa\/galati-romania\/#primaryimage\"},\"thumbnailUrl\":\"https:\/\/www.ausasteel.com\/wp-content\/uploads\/2015\/05\/QR-Galati-Romania1.png\",\"datePublished\":\"2014-10-23T09:56:48+00:00\",\"dateModified\":\"2015-05-27T10:28:26+00:00\",\"breadcrumb\":{\"@id\":\"https:\/\/www.ausasteel.com\/ro\/despre-ausa\/galati-romania\/#breadcrumb\"},\"inLanguage\":\"ro-RO\",\"potentialAction\":[{\"@type\":\"ReadAction\",\"target\":[\"https:\/\/www.ausasteel.com\/ro\/despre-ausa\/galati-romania\/\"]}]},{\"@type\":\"ImageObject\",\"inLanguage\":\"ro-RO\",\"@id\":\"https:\/\/www.ausasteel.com\/ro\/despre-ausa\/galati-romania\/#primaryimage\",\"url\":\"https:\/\/www.ausasteel.com\/wp-content\/uploads\/2015\/05\/QR-Galati-Romania1.png\",\"contentUrl\":\"https:\/\/www.ausasteel.com\/wp-content\/uploads\/2015\/05\/QR-Galati-Romania1.png\"},{\"@type\":\"BreadcrumbList\",\"@id\":\"https:\/\/www.ausasteel.com\/ro\/despre-ausa\/galati-romania\/#breadcrumb\",\"itemListElement\":[{\"@type\":\"ListItem\",\"position\":1,\"name\":\"Portada\",\"item\":\"https:\/\/www.ausasteel.com\/ro\/\"},{\"@type\":\"ListItem\",\"position\":2,\"name\":\"Despre AUSA\",\"item\":\"https:\/\/www.ausasteel.com\/ro\/despre-ausa\/\"},{\"@type\":\"ListItem\",\"position\":3,\"name\":\"Galati, Rom\u00e2nia\"}]},{\"@type\":\"WebSite\",\"@id\":\"https:\/\/www.ausasteel.com\/ro\/#website\",\"url\":\"https:\/\/www.ausasteel.com\/ro\/\",\"name\":\"AUSA special steels\",\"description\":\"AUSA special steels\",\"potentialAction\":[{\"@type\":\"SearchAction\",\"target\":{\"@type\":\"EntryPoint\",\"urlTemplate\":\"https:\/\/www.ausasteel.com\/ro\/?s={search_term_string}\"},\"query-input\":{\"@type\":\"PropertyValueSpecification\",\"valueRequired\":true,\"valueName\":\"search_term_string\"}}],\"inLanguage\":\"ro-RO\"}]}<\/script>\n<!-- \/ Yoast SEO plugin. -->","yoast_head_json":{"title":"Galati, Rom\u00e2nia - AUSA special steels","robots":{"index":"index","follow":"follow","max-snippet":"max-snippet:-1","max-image-preview":"max-image-preview:large","max-video-preview":"max-video-preview:-1"},"canonical":"https:\/\/www.ausasteel.com\/ro\/despre-ausa\/galati-romania\/","og_locale":"ro_RO","og_type":"article","og_title":"Galati, Rom\u00e2nia - AUSA special steels","og_description":"[vc_row][vc_column width=&#8221;1\/1&#8243;][vc_column_text][\/vc_column_text][vc_empty_space height=&#8221;20px&#8221;][vc_row_inner][vc_column_inner width=&#8221;1\/2&#8243;][vc_column_text] Galati Adres\u0103: Zonei Libere Gala\u021bi, Platforma II-D2-1, D2-2, F2 Cod Po\u0219tal: 800216 Localitate: Gala\u021bi (Rom\u00e2nia) Telefon Fax E-mail: &#x63;&#x6f;&#x6d;&#x65;&#x72;&#x63;&#x69;&#x61;&#x6c;&#x2e;&#x67;&#x61;&#x6c;&#x61;&#x74;&#x69;&#x40;null&#x61;&#x75;&#x73;&#x61;&#x73;&#x74;&#x65;&#x65;&#x6c;&#x2e;&#x63;&#x6f;&#x6d;[\/vc_column_text][\/vc_column_inner][vc_column_inner width=&#8221;1\/2&#8243;][vc_column_text] Scaneaz\u0103 codul QR pentru a p\u0103stra datele de contact \u00een smartphone-ul t\u0103u [\/vc_column_text][\/vc_column_inner][\/vc_row_inner][vc_empty_space height=&#8221;20px&#8221;][\/vc_column][\/vc_row]","og_url":"https:\/\/www.ausasteel.com\/ro\/despre-ausa\/galati-romania\/","og_site_name":"AUSA special steels","article_modified_time":"2015-05-27T10:28:26+00:00","og_image":[{"url":"https:\/\/www.ausasteel.com\/wp-content\/uploads\/2015\/05\/QR-Galati-Romania1.png","type":"","width":"","height":""}],"schema":{"@context":"https:\/\/schema.org","@graph":[{"@type":"WebPage","@id":"https:\/\/www.ausasteel.com\/ro\/despre-ausa\/galati-romania\/","url":"https:\/\/www.ausasteel.com\/ro\/despre-ausa\/galati-romania\/","name":"Galati, Rom\u00e2nia - AUSA special steels","isPartOf":{"@id":"https:\/\/www.ausasteel.com\/ro\/#website"},"primaryImageOfPage":{"@id":"https:\/\/www.ausasteel.com\/ro\/despre-ausa\/galati-romania\/#primaryimage"},"image":{"@id":"https:\/\/www.ausasteel.com\/ro\/despre-ausa\/galati-romania\/#primaryimage"},"thumbnailUrl":"https:\/\/www.ausasteel.com\/wp-content\/uploads\/2015\/05\/QR-Galati-Romania1.png","datePublished":"2014-10-23T09:56:48+00:00","dateModified":"2015-05-27T10:28:26+00:00","breadcrumb":{"@id":"https:\/\/www.ausasteel.com\/ro\/despre-ausa\/galati-romania\/#breadcrumb"},"inLanguage":"ro-RO","potentialAction":[{"@type":"ReadAction","target":["https:\/\/www.ausasteel.com\/ro\/despre-ausa\/galati-romania\/"]}]},{"@type":"ImageObject","inLanguage":"ro-RO","@id":"https:\/\/www.ausasteel.com\/ro\/despre-ausa\/galati-romania\/#primaryimage","url":"https:\/\/www.ausasteel.com\/wp-content\/uploads\/2015\/05\/QR-Galati-Romania1.png","contentUrl":"https:\/\/www.ausasteel.com\/wp-content\/uploads\/2015\/05\/QR-Galati-Romania1.png"},{"@type":"BreadcrumbList","@id":"https:\/\/www.ausasteel.com\/ro\/despre-ausa\/galati-romania\/#breadcrumb","itemListElement":[{"@type":"ListItem","position":1,"name":"Portada","item":"https:\/\/www.ausasteel.com\/ro\/"},{"@type":"ListItem","position":2,"name":"Despre AUSA","item":"https:\/\/www.ausasteel.com\/ro\/despre-ausa\/"},{"@type":"ListItem","position":3,"name":"Galati, Rom\u00e2nia"}]},{"@type":"WebSite","@id":"https:\/\/www.ausasteel.com\/ro\/#website","url":"https:\/\/www.ausasteel.com\/ro\/","name":"AUSA special steels","description":"AUSA special steels","potentialAction":[{"@type":"SearchAction","target":{"@type":"EntryPoint","urlTemplate":"https:\/\/www.ausasteel.com\/ro\/?s={search_term_string}"},"query-input":{"@type":"PropertyValueSpecification","valueRequired":true,"valueName":"search_term_string"}}],"inLanguage":"ro-RO"}]}},"_links":{"self":[{"href":"https:\/\/www.ausasteel.com\/ro\/wp-json\/wp\/v2\/pages\/3583","targetHints":{"allow":["GET"]}}],"collection":[{"href":"https:\/\/www.ausasteel.com\/ro\/wp-json\/wp\/v2\/pages"}],"about":[{"href":"https:\/\/www.ausasteel.com\/ro\/wp-json\/wp\/v2\/types\/page"}],"author":[{"embeddable":true,"href":"https:\/\/www.ausasteel.com\/ro\/wp-json\/wp\/v2\/users\/1"}],"replies":[{"embeddable":true,"href":"https:\/\/www.ausasteel.com\/ro\/wp-json\/wp\/v2\/comments?post=3583"}],"version-history":[{"count":6,"href":"https:\/\/www.ausasteel.com\/ro\/wp-json\/wp\/v2\/pages\/3583\/revisions"}],"predecessor-version":[{"id":10362,"href":"https:\/\/www.ausasteel.com\/ro\/wp-json\/wp\/v2\/pages\/3583\/revisions\/10362"}],"up":[{"embeddable":true,"href":"https:\/\/www.ausasteel.com\/ro\/wp-json\/wp\/v2\/pages\/3563"}],"wp:attachment":[{"href":"https:\/\/www.ausasteel.com\/ro\/wp-json\/wp\/v2\/media?parent=3583"}],"curies":[{"name":"wp","href":"https:\/\/api.w.org\/{rel}","templated":true}]}}