    {"id":3567,"date":"2014-10-22T10:59:45","date_gmt":"2014-10-22T10:59:45","guid":{"rendered":"http:\/\/ausasteel.irantzu.com\/despre-ausa\/empresa\/"},"modified":"2018-09-07T09:38:26","modified_gmt":"2018-09-07T09:38:26","slug":"companie","status":"publish","type":"page","link":"https:\/\/www.ausasteel.com\/ro\/despre-ausa\/companie\/","title":{"rendered":"Companie"},"content":{"rendered":"<div class=\"wpb-content-wrapper\"><p>[vc_row][vc_column width=&#8221;2\/3&#8243;][vc_column_text]<strong>Mai mult<\/strong>\u00a0<strong>55 de ani de experien\u021b\u0103 <\/strong>\u00een domeniul <strong>o\u021belurilor speciale <\/strong>ne garanteaz\u0103 prezen\u021ba pe pia\u021b\u0103. Chiar din momentul \u00een care ne-am \u00eenceput activitatea, am fost preocupa\u021bi de o idee fundamental\u0103: <strong>perfec\u021bionarea comercializ\u0103rii o\u021belurilor speciale<\/strong>. Acesta a fost obiectivul nostru \u0219i acesta continu\u0103 s\u0103 fie angajamentul de zi cu zi al activit\u0103\u021bii noastre.<\/p>\n<p>\u0218tim c\u0103 pentru a-l \u00eendeplini \u00een mod satisf\u0103c\u0103tor, trebuie s\u0103 ne sprijinim pe <strong>trei piloni fundamentali<\/strong>:[\/vc_column_text]<\/p>\n<div class=\"standard-arrow list-divider\">\n<ul>\n<li><strong>Specializare \u00een o\u021beluri de calitate<\/strong>.<\/li>\n<li><strong>Apropiere de clien\u021bii no\u0219tri \u00een timp \u0219i spa\u021biu<\/strong>.<\/li>\n<li><strong>Profesionalism al echipei noastre de resurse umane<\/strong>.<\/li>\n<\/ul>\n<\/div>\n<p>[vc_column_text]<strong>AUSA<\/strong> este \u00een constant\u0103 cre\u0219tere \u0219i \u00een c\u0103utarea de noi produse care s\u0103-i satisfac\u0103 pe to\u021bi clien\u021bii no\u0219tri: <strong>\u0219efi de atelier, \u0219efi de achizi\u021bii, proprietari, manageri, responsabili de birouri tehnice<\/strong>, <strong>ingineri, prelucr\u0103tori<\/strong>, <strong>tratamenti\u0219ti operatori<\/strong>, <strong>utilizatori finali<\/strong>, <strong>departamente de calitate<\/strong>&#8230;<\/p>\n<p>Oferim consiliere \u0219i un serviciu integral pentru peste<strong> 5.500 de clien\u021bi<\/strong> \u0219i cei peste <strong>180.000 m<sup>2<\/sup> de depozite <\/strong>ne permit s\u0103 alegem \u00eentre peste <strong>5.000 de produse<\/strong>.<\/p>\n<p><strong>Ie\u0219im \u00een eviden\u021b\u0103 <\/strong>datorit\u0103 logisticii noastre impecabile \u0219i versatile, datorit\u0103 faptului c\u0103 dispunem de chei proprii pentru \u00eenc\u0103rcarea \u0219i desc\u0103rcarea vapoarelor, precum \u0219i datorit\u0103 conexiunilor noastre cu c\u0103i ferate \u0219i camioane.<\/p>\n<p>\u00cen cadrul <strong>AUSA,<\/strong> ca lider \u00een <strong>furnizarea de o\u021beluri speciale,<\/strong> obiectivul nostru este s\u0103 ob\u021binem <strong>satisfac\u021bia maxim\u0103 a clientului, <\/strong>pun\u00e2ndu-i la dispozi\u021bie produse de calitate superioar\u0103 \u0219i un serviciu imediat.[\/vc_column_text][\/vc_column][vc_column width=&#8221;1\/3&#8243;][vc_column_text]<img loading=\"lazy\" decoding=\"async\" class=\"aligncenter wp-image-9361 size-medium\" src=\"https:\/\/www.ausasteel.com\/wp-content\/uploads\/2014\/10\/fatada-AUSA-300x300.png\" alt=\"fatada-AUSA\" width=\"300\" height=\"300\" srcset=\"https:\/\/www.ausasteel.com\/wp-content\/uploads\/2014\/10\/fatada-AUSA-300x300.png 300w, https:\/\/www.ausasteel.com\/wp-content\/uploads\/2014\/10\/fatada-AUSA-150x150.png 150w, https:\/\/www.ausasteel.com\/wp-content\/uploads\/2014\/10\/fatada-AUSA.png 900w\" sizes=\"auto, (max-width: 300px) 100vw, 300px\" \/><\/p>\n<p>&nbsp;<\/p>\n<p><a href=\"https:\/\/www.ausasteel.com\/wp-content\/uploads\/2014\/10\/TELEVENTA.jpg\" data-rel=\"lightbox-gallery-EfjBxeCJ\" data-rl_title=\"\" data-rl_caption=\"\" title=\"\"><img loading=\"lazy\" decoding=\"async\" class=\"size-full wp-image-11154 aligncenter\" src=\"https:\/\/www.ausasteel.com\/wp-content\/uploads\/2014\/10\/TELEVENTA.jpg\" alt=\"TELEVENTA\" width=\"300\" height=\"199\" \/><\/a>[\/vc_column_text][\/vc_column][\/vc_row][vc_row][vc_column width=&#8221;1\/1&#8243;][vc_separator color=&#8221;grey&#8221;][\/vc_column][\/vc_row][vc_row margin_top=&#8221;0&#8243; margin_bottom=&#8221;0&#8243; padding_left=&#8221;40&#8243; padding_right=&#8221;40&#8243; bg_position=&#8221;top&#8221; bg_repeat=&#8221;no-repeat&#8221; bg_cover=&#8221;false&#8221; bg_attachment=&#8221;false&#8221; padding_top=&#8221;40&#8243; padding_bottom=&#8221;40&#8243; parallax_speed=&#8221;0.1&#8243; el_class=&#8221;dt-fancy-title&#8221;][vc_column width=&#8221;1\/1&#8243;][vc_column_text]<\/p>\n<h2>Calitate<\/h2>\n<p>[\/vc_column_text][\/vc_column][\/vc_row][vc_row][vc_column width=&#8221;1\/1&#8243;][vc_column_text]La <strong>AUSA, <\/strong>calitatea \u0219i \u00eembun\u0103t\u0103\u021birea continu\u0103 a serviciilor si produselor sunt elemente indispensabile pentru ob\u021binerea satisfac\u021biei clien\u021bilor no\u0219tri. \u00cen acest sens, lucr\u0103m zi de zi pentru a intensifica eficien\u021ba \u0219i calitatea produselor firmei noastre.<\/p>\n<p>Ca rezultat al acestui proces, <strong>AUSA<\/strong> este certificat\u0103 \u00een sistemul de management al calit\u0103\u021bii <strong><a title=\"ISO_9001\" href=\"http:\/\/ro.wikipedia.org\/wiki\/ISO_9001\" target=\"_blank\">NORMA ISO 9001:2008<\/a>. <\/strong>[\/vc_column_text][\/vc_column][\/vc_row][vc_row][vc_column width=&#8221;1\/1&#8243;][vc_separator color=&#8221;grey&#8221;][\/vc_column][\/vc_row][vc_row margin_top=&#8221;50px&#8221; margin_bottom=&#8221;50px&#8221; bg_position=&#8221;top&#8221; bg_repeat=&#8221;no-repeat&#8221; bg_cover=&#8221;false&#8221; bg_attachment=&#8221;false&#8221; padding_top=&#8221;40&#8243; padding_bottom=&#8221;40&#8243; parallax_speed=&#8221;0.1&#8243; padding_left=&#8221;40&#8243; padding_right=&#8221;40&#8243;][vc_column width=&#8221;1\/1&#8243; el_class=&#8221;solicita-presupuesto&#8221;][vc_column_text]<a class=\"btn_ausa\" href=\"https:\/\/www.ausasteel.com\/ro\/contact\/\">Contacteaz\u0103-ne<\/a>[\/vc_column_text][\/vc_column][\/vc_row]<\/p>\n<\/div><!-- AddThis Advanced Settings generic via filter on the_content -->","protected":false},"excerpt":{"rendered":"<p>[vc_row][vc_column width=&#8221;2\/3&#8243;][vc_column_text]Mai mult\u00a055 de ani de experien\u021b\u0103 \u00een domeniul o\u021belurilor speciale ne garanteaz\u0103 prezen\u021ba pe pia\u021b\u0103. Chiar din momentul \u00een care ne-am \u00eenceput activitatea, am fost preocupa\u021bi de o idee fundamental\u0103: perfec\u021bionarea comercializ\u0103rii o\u021belurilor speciale. Acesta a fost obiectivul nostru \u0219i acesta continu\u0103 s\u0103 fie angajamentul de zi cu zi al activit\u0103\u021bii noastre. \u0218tim c\u0103&hellip;<!-- AddThis Advanced Settings generic via filter on get_the_excerpt --><\/p>\n","protected":false},"author":1,"featured_media":0,"parent":3563,"menu_order":0,"comment_status":"closed","ping_status":"open","template":"","meta":{"footnotes":""},"class_list":["post-3567","page","type-page","status-publish","hentry"],"yoast_head":"<!-- This site is optimized with the Yoast SEO plugin v26.6 - https:\/\/yoast.com\/wordpress\/plugins\/seo\/ -->\n<title>Companie - AUSA Special Steels<\/title>\n<meta name=\"description\" content=\"Mai mult 55 de ani de experien\u021b\u0103 \u00een domeniul o\u021belurilor speciale ne garanteaz\u0103 prezen\u021ba pe pia\u021b\u0103. Chiar din momentul \u00een care ne-am \u00eenceput activitatea...\" \/>\n<meta name=\"robots\" content=\"index, follow, max-snippet:-1, max-image-preview:large, max-video-preview:-1\" \/>\n<link rel=\"canonical\" href=\"https:\/\/www.ausasteel.com\/ro\/despre-ausa\/companie\/\" \/>\n<meta property=\"og:locale\" content=\"ro_RO\" \/>\n<meta property=\"og:type\" content=\"article\" \/>\n<meta property=\"og:title\" content=\"Companie - AUSA Special Steels\" \/>\n<meta property=\"og:description\" content=\"Mai mult 55 de ani de experien\u021b\u0103 \u00een domeniul o\u021belurilor speciale ne garanteaz\u0103 prezen\u021ba pe pia\u021b\u0103. Chiar din momentul \u00een care ne-am \u00eenceput activitatea...\" \/>\n<meta property=\"og:url\" content=\"https:\/\/www.ausasteel.com\/ro\/despre-ausa\/companie\/\" \/>\n<meta property=\"og:site_name\" content=\"AUSA special steels\" \/>\n<meta property=\"article:modified_time\" content=\"2018-09-07T09:38:26+00:00\" \/>\n<meta property=\"og:image\" content=\"https:\/\/www.ausasteel.com\/wp-content\/uploads\/2014\/10\/fatada-AUSA-e1473328367885.png\" \/>\n\t<meta property=\"og:image:width\" content=\"900\" \/>\n\t<meta property=\"og:image:height\" content=\"900\" \/>\n\t<meta property=\"og:image:type\" content=\"image\/png\" \/>\n<meta name=\"twitter:label1\" content=\"Est. reading time\" \/>\n\t<meta name=\"twitter:data1\" content=\"2 minutes\" \/>\n<script type=\"application\/ld+json\" class=\"yoast-schema-graph\">{\"@context\":\"https:\/\/schema.org\",\"@graph\":[{\"@type\":\"WebPage\",\"@id\":\"https:\/\/www.ausasteel.com\/ro\/despre-ausa\/companie\/\",\"url\":\"https:\/\/www.ausasteel.com\/ro\/despre-ausa\/companie\/\",\"name\":\"Companie - AUSA Special Steels\",\"isPartOf\":{\"@id\":\"https:\/\/www.ausasteel.com\/ro\/#website\"},\"primaryImageOfPage\":{\"@id\":\"https:\/\/www.ausasteel.com\/ro\/despre-ausa\/companie\/#primaryimage\"},\"image\":{\"@id\":\"https:\/\/www.ausasteel.com\/ro\/despre-ausa\/companie\/#primaryimage\"},\"thumbnailUrl\":\"https:\/\/www.ausasteel.com\/wp-content\/uploads\/2014\/10\/fatada-AUSA-300x300.png\",\"datePublished\":\"2014-10-22T10:59:45+00:00\",\"dateModified\":\"2018-09-07T09:38:26+00:00\",\"description\":\"Mai mult 55 de ani de experien\u021b\u0103 \u00een domeniul o\u021belurilor speciale ne garanteaz\u0103 prezen\u021ba pe pia\u021b\u0103. Chiar din momentul \u00een care ne-am \u00eenceput activitatea...\",\"breadcrumb\":{\"@id\":\"https:\/\/www.ausasteel.com\/ro\/despre-ausa\/companie\/#breadcrumb\"},\"inLanguage\":\"ro-RO\",\"potentialAction\":[{\"@type\":\"ReadAction\",\"target\":[\"https:\/\/www.ausasteel.com\/ro\/despre-ausa\/companie\/\"]}]},{\"@type\":\"ImageObject\",\"inLanguage\":\"ro-RO\",\"@id\":\"https:\/\/www.ausasteel.com\/ro\/despre-ausa\/companie\/#primaryimage\",\"url\":\"https:\/\/www.ausasteel.com\/wp-content\/uploads\/2014\/10\/fatada-AUSA-300x300.png\",\"contentUrl\":\"https:\/\/www.ausasteel.com\/wp-content\/uploads\/2014\/10\/fatada-AUSA-300x300.png\"},{\"@type\":\"BreadcrumbList\",\"@id\":\"https:\/\/www.ausasteel.com\/ro\/despre-ausa\/companie\/#breadcrumb\",\"itemListElement\":[{\"@type\":\"ListItem\",\"position\":1,\"name\":\"Portada\",\"item\":\"https:\/\/www.ausasteel.com\/ro\/\"},{\"@type\":\"ListItem\",\"position\":2,\"name\":\"Despre AUSA\",\"item\":\"https:\/\/www.ausasteel.com\/ro\/despre-ausa\/\"},{\"@type\":\"ListItem\",\"position\":3,\"name\":\"Companie\"}]},{\"@type\":\"WebSite\",\"@id\":\"https:\/\/www.ausasteel.com\/ro\/#website\",\"url\":\"https:\/\/www.ausasteel.com\/ro\/\",\"name\":\"AUSA special steels\",\"description\":\"AUSA special steels\",\"potentialAction\":[{\"@type\":\"SearchAction\",\"target\":{\"@type\":\"EntryPoint\",\"urlTemplate\":\"https:\/\/www.ausasteel.com\/ro\/?s={search_term_string}\"},\"query-input\":{\"@type\":\"PropertyValueSpecification\",\"valueRequired\":true,\"valueName\":\"search_term_string\"}}],\"inLanguage\":\"ro-RO\"}]}<\/script>\n<!-- \/ Yoast SEO plugin. -->","yoast_head_json":{"title":"Companie - AUSA Special Steels","description":"Mai mult 55 de ani de experien\u021b\u0103 \u00een domeniul o\u021belurilor speciale ne garanteaz\u0103 prezen\u021ba pe pia\u021b\u0103. Chiar din momentul \u00een care ne-am \u00eenceput activitatea...","robots":{"index":"index","follow":"follow","max-snippet":"max-snippet:-1","max-image-preview":"max-image-preview:large","max-video-preview":"max-video-preview:-1"},"canonical":"https:\/\/www.ausasteel.com\/ro\/despre-ausa\/companie\/","og_locale":"ro_RO","og_type":"article","og_title":"Companie - AUSA Special Steels","og_description":"Mai mult 55 de ani de experien\u021b\u0103 \u00een domeniul o\u021belurilor speciale ne garanteaz\u0103 prezen\u021ba pe pia\u021b\u0103. Chiar din momentul \u00een care ne-am \u00eenceput activitatea...","og_url":"https:\/\/www.ausasteel.com\/ro\/despre-ausa\/companie\/","og_site_name":"AUSA special steels","article_modified_time":"2018-09-07T09:38:26+00:00","og_image":[{"width":900,"height":900,"url":"https:\/\/www.ausasteel.com\/wp-content\/uploads\/2014\/10\/fatada-AUSA-e1473328367885.png","type":"image\/png"}],"twitter_misc":{"Est. reading time":"2 minutes"},"schema":{"@context":"https:\/\/schema.org","@graph":[{"@type":"WebPage","@id":"https:\/\/www.ausasteel.com\/ro\/despre-ausa\/companie\/","url":"https:\/\/www.ausasteel.com\/ro\/despre-ausa\/companie\/","name":"Companie - AUSA Special Steels","isPartOf":{"@id":"https:\/\/www.ausasteel.com\/ro\/#website"},"primaryImageOfPage":{"@id":"https:\/\/www.ausasteel.com\/ro\/despre-ausa\/companie\/#primaryimage"},"image":{"@id":"https:\/\/www.ausasteel.com\/ro\/despre-ausa\/companie\/#primaryimage"},"thumbnailUrl":"https:\/\/www.ausasteel.com\/wp-content\/uploads\/2014\/10\/fatada-AUSA-300x300.png","datePublished":"2014-10-22T10:59:45+00:00","dateModified":"2018-09-07T09:38:26+00:00","description":"Mai mult 55 de ani de experien\u021b\u0103 \u00een domeniul o\u021belurilor speciale ne garanteaz\u0103 prezen\u021ba pe pia\u021b\u0103. Chiar din momentul \u00een care ne-am \u00eenceput activitatea...","breadcrumb":{"@id":"https:\/\/www.ausasteel.com\/ro\/despre-ausa\/companie\/#breadcrumb"},"inLanguage":"ro-RO","potentialAction":[{"@type":"ReadAction","target":["https:\/\/www.ausasteel.com\/ro\/despre-ausa\/companie\/"]}]},{"@type":"ImageObject","inLanguage":"ro-RO","@id":"https:\/\/www.ausasteel.com\/ro\/despre-ausa\/companie\/#primaryimage","url":"https:\/\/www.ausasteel.com\/wp-content\/uploads\/2014\/10\/fatada-AUSA-300x300.png","contentUrl":"https:\/\/www.ausasteel.com\/wp-content\/uploads\/2014\/10\/fatada-AUSA-300x300.png"},{"@type":"BreadcrumbList","@id":"https:\/\/www.ausasteel.com\/ro\/despre-ausa\/companie\/#breadcrumb","itemListElement":[{"@type":"ListItem","position":1,"name":"Portada","item":"https:\/\/www.ausasteel.com\/ro\/"},{"@type":"ListItem","position":2,"name":"Despre AUSA","item":"https:\/\/www.ausasteel.com\/ro\/despre-ausa\/"},{"@type":"ListItem","position":3,"name":"Companie"}]},{"@type":"WebSite","@id":"https:\/\/www.ausasteel.com\/ro\/#website","url":"https:\/\/www.ausasteel.com\/ro\/","name":"AUSA special steels","description":"AUSA special steels","potentialAction":[{"@type":"SearchAction","target":{"@type":"EntryPoint","urlTemplate":"https:\/\/www.ausasteel.com\/ro\/?s={search_term_string}"},"query-input":{"@type":"PropertyValueSpecification","valueRequired":true,"valueName":"search_term_string"}}],"inLanguage":"ro-RO"}]}},"_links":{"self":[{"href":"https:\/\/www.ausasteel.com\/ro\/wp-json\/wp\/v2\/pages\/3567","targetHints":{"allow":["GET"]}}],"collection":[{"href":"https:\/\/www.ausasteel.com\/ro\/wp-json\/wp\/v2\/pages"}],"about":[{"href":"https:\/\/www.ausasteel.com\/ro\/wp-json\/wp\/v2\/types\/page"}],"author":[{"embeddable":true,"href":"https:\/\/www.ausasteel.com\/ro\/wp-json\/wp\/v2\/users\/1"}],"replies":[{"embeddable":true,"href":"https:\/\/www.ausasteel.com\/ro\/wp-json\/wp\/v2\/comments?post=3567"}],"version-history":[{"count":9,"href":"https:\/\/www.ausasteel.com\/ro\/wp-json\/wp\/v2\/pages\/3567\/revisions"}],"predecessor-version":[{"id":14216,"href":"https:\/\/www.ausasteel.com\/ro\/wp-json\/wp\/v2\/pages\/3567\/revisions\/14216"}],"up":[{"embeddable":true,"href":"https:\/\/www.ausasteel.com\/ro\/wp-json\/wp\/v2\/pages\/3563"}],"wp:attachment":[{"href":"https:\/\/www.ausasteel.com\/ro\/wp-json\/wp\/v2\/media?parent=3567"}],"curies":[{"name":"wp","href":"https:\/\/api.w.org\/{rel}","templated":true}]}}