    {"id":3563,"date":"2014-10-22T09:04:10","date_gmt":"2014-10-22T09:04:10","guid":{"rendered":"http:\/\/ausasteel.irantzu.com\/sobre-ausa-2\/"},"modified":"2019-09-03T14:12:36","modified_gmt":"2019-09-03T14:12:36","slug":"despre-ausa","status":"publish","type":"page","link":"https:\/\/www.ausasteel.com\/ro\/despre-ausa\/","title":{"rendered":"Despre AUSA"},"content":{"rendered":"<div id=\"empresa\" class=\"row\">\n<div class=\"container\">\n<div>\n<h1>Despre AUSA<\/h1>\n<h3>Suntem o firm\u0103 creat\u0103 la Vitoria, \u00een anul 1.957, specializat\u0103 \u00een <strong>distribu\u021bia de o\u021beluri speciale<\/strong> \u2013<strong><a title=\"\" href=\"\/ro\/oteluri-speciale\/\">o\u021beluri laminate \u0219i o\u021beluri forjate<\/a> \u2013 \u0219i \u00een producerea de <a title=\"\" href=\"\/ro\/oteluri-calibrate\/\">o\u021beluri calibrate<\/a> si trase la rece.<\/strong><\/h3>\n<\/div>\n<div class=\"container_imagen bottom\"><img decoding=\"async\" title=\"Companie-AUSA\" src=\"\/wp-content\/uploads\/2014\/10\/Empresa-AUSA.jpg\" alt=\"Company-AUSA\" \/><\/div>\n<div>\n<p>\u00cen anii \u201880, <strong>AUSA<\/strong> ini\u021biaz\u0103 expansiunea la nivel na\u021bional \u0219i creeaz\u0103 <strong>centrele sale de furnizare de o\u021beluri speciale \u00een toat\u0103 Spania<\/strong>, oferind serviciile \u0219i produsele sale pe pia\u021ba spaniol\u0103 \u0219i pe cea portughez\u0103.<\/p>\n<p>\u00cen 1.993, inaugureaz\u0103<strong> prima sa sec\u021bie de calibrare,<\/strong> tragere<strong>,<\/strong> la Vitoria, iar \u00een 1.996 face primii pa\u0219i la nivel <strong>interna\u021bional,<\/strong> deschiz\u00e2nd o sec\u021bie de calibrare, tragere, la <strong>Liege<\/strong> (Belgia).<\/p>\n<p>\u00cen 2.014, inaugureaz\u0103 sec\u021bia de furnizare \u0219i calibrare de o\u021beluri speciale la <strong>Gala\u021bi<\/strong> (Rom\u00e2nia).<\/p>\n<p>\u00cen prezent, <strong>firma este \u00een continu\u0103 cre\u0219tere \u0219i consolidare, <\/strong>complet\u00e2ndu-\u0219i oferta (produse, servicii de debitare la rece \u0219i transport) \u0219i furniz\u00e2nd o\u021beluri speciale pe <strong>pie\u021bele lumii<\/strong>.<\/p>\n<\/div>\n<div><\/div>\n<div class=\"columna_imagen\">\n<div class=\"col-md-6\">\n<div class=\"container_imagen\"><img decoding=\"async\" src=\"\/wp-content\/uploads\/2015\/05\/Almacen-AUSA.png\" alt=\"Centru de aprovizionare - AUSA Special Steels\" \/><\/div>\n<\/div>\n<div class=\"col-md-6\">\n<p><strong>Mai mult<\/strong>\u00a0<strong>55 de ani de experien\u021b\u0103 <\/strong>\u00een domeniul <strong>o\u021belurilor speciale <\/strong>ne garanteaz\u0103 prezen\u021ba pe pia\u021b\u0103. Chiar din momentul \u00een care ne-am \u00eenceput activitatea, am fost preocupa\u021bi de o idee fundamental\u0103: <strong>perfec\u021bionarea comercializ\u0103rii o\u021belurilor speciale<\/strong>. Acesta a fost obiectivul nostru \u0219i acesta continu\u0103 s\u0103 fie angajamentul de zi cu zi al activit\u0103\u021bii noastre.<\/p>\n<p>\u0218tim c\u0103 pentru a-l \u00eendeplini \u00een mod satisf\u0103c\u0103tor, trebuie s\u0103 ne sprijinim pe <strong>trei piloni fundamentali<\/strong>:<\/p>\n<ul class=\"standard-arrow\">\n<li><strong>Specializare \u00een o\u021beluri de calitate<\/strong>.<\/li>\n<li><strong>Apropiere de clien\u021bii no\u0219tri \u00een timp \u0219i spa\u021biu<\/strong>.<\/li>\n<li><strong>Profesionalism al echipei noastre de resurse umane<\/strong>.<\/li>\n<\/ul>\n<\/div>\n<\/div>\n<\/div>\n<\/div>\n<div id=\"ventajas_ausa\" class=\"row gris\">\n<div class=\"container cuadro\">\n<div class=\"col-md-4\">\n<div><span class=\"benefits-grid-ico\"><img decoding=\"async\" class=\"wp-image-2742 size-full alignnone\" src=\"\/img\/icons\/stock.svg\" alt=\"Produse\" \/><\/span><\/p>\n<h4>Produse<\/h4>\n<p><strong>O\u021belurile noastre laminate \u0219i forjate<\/strong> includ o\u021beluri carbon, o\u021beluri aliate c\u0103lire \u0219i revenire, o\u021beluri de cementare, bare perforate , o\u021beluri pentru rulmen\u021bi, o\u021beluri pentru arcuri, o\u021beluri de scule pentru lucru la rece, o\u021beluri de scule pentru lucru la cald<strong>,<\/strong> o\u021beluri cu mecanizare u\u0219oar\u0103, o\u021beluri inoxidabile \u0219i, o\u021beluri cu bor.<\/p>\n<p>Pe de alt\u0103 parte, <strong>o\u021belurile noastre calibrate<\/strong> includ o\u021beluri calibrate mecanizare u\u0219oar\u0103, o\u021beluri carbon calibrate \u0219i o\u021beluri inoxidabile calibrate.<\/p>\n<\/div>\n<\/div>\n<div class=\"col-md-4\">\n<div><span class=\"benefits-grid-ico\"><img decoding=\"async\" class=\"wp-image-2742 size-full alignnone\" src=\"\/img\/icons\/iso.svg\" alt=\"Calitate\" \/><\/span><\/p>\n<h4>Calitate<\/h4>\n<p>La <strong>AUSA, <\/strong>calitatea \u0219i \u00eembun\u0103t\u0103\u021birea continu\u0103 a serviciilor si produselor sunt elemente indispensabile pentru ob\u021binerea satisfac\u021biei clien\u021bilor no\u0219tri. \u00cen acest sens, lucr\u0103m zi de zi pentru a intensifica eficien\u021ba \u0219i calitatea produselor firmei noastre.<\/p>\n<p>Ca rezultat al acestui proces, <strong>AUSA<\/strong> este certificat\u0103 \u00een sistemul de management al calit\u0103\u021bii <strong><a title=\"ISO_9001\" href=\"\/ro\/informatii-tehnice\/ausa-certificates\/ro-iso-certificates\/\" target=\"_blank\" rel=\"noopener\">NORMA ISO 9001:2015<\/a>. <\/strong><\/p>\n<\/div>\n<\/div>\n<div class=\"col-md-4\">\n<div><span class=\"benefits-grid-ico\"><img decoding=\"async\" class=\"wp-image-2742 size-full alignnone\" src=\"\/img\/icons\/equipo.svg\" alt=\"Echip\u0103 de resurse umane\" \/><\/span><\/p>\n<h4>Echip\u0103 de resurse umane<\/h4>\n<p>Pentru a se adapta la aceste scenarii at\u00e2t de eterogene, <strong>AUSA<\/strong> are o <strong>echip\u0103 de resurse umane <\/strong>foarte calificat\u0103 \u0219i cu o experien\u021b\u0103 important\u0103 \u00een sector. \u00cen prezent, echipa noastr\u0103 este format\u0103 din profesioni\u0219ti \u00een domeniile <strong>comercial<\/strong>, <strong>logistic\u0103,<\/strong> <strong>produc\u021bie, \u00eentre\u021binere<\/strong>, <strong>calitate, achizi\u021bii,<\/strong> <strong>marketing<\/strong>,<strong> resurse umane, sisteme \u0219i financiar<\/strong>.<\/p>\n<p><strong>AUSA <\/strong>este o firm\u0103 <strong>independent\u0103 \u0219i orientat\u0103 c\u0103tre clien\u021bi,<\/strong> garant\u00e2ndu-le acestora cea mai bun\u0103 calitate \u0219i cele mai bune o\u021beluri speciale la locul \u0219i \u00een momentul \u00een care clien\u021bii au nevoie.<\/p>\n<\/div>\n<\/div>\n<\/div>\n<div class=\"container\">\n<div class=\"col-md-12\"><a class=\"btn_ausa\" href=\"\/en\/about-ausa\/corporate-social-responsibility\/\">Corporate social responsibility<\/a><\/div>\n<\/div>\n<\/div>\n<div id=\"centros\" class=\"row\">\n<div class=\"container\">\n<h2>Unde suntem<\/h2>\n<div class=\"col-md-4\">\n<div>\n<div class=\"mapa\"><iframe loading=\"lazy\" style=\"border: 0;\" src=\"https:\/\/www.google.com\/maps\/embed?pb=!1m18!1m12!1m3!1d1664.7611288987741!2d28.054148652672293!3d45.43386884519236!2m3!1f0!2f0!3f0!3m2!1i1024!2i768!4f13.1!3m3!1m2!1s0x40b6de5545144ef7%3A0xc01668696c2111f!2sCity+Center+Clock!5e0!3m2!1ses!2ses!4v1536580455181\" width=\"600\" height=\"450\" frameborder=\"0\" allowfullscreen=\"allowfullscreen\"><\/iframe><\/div>\n<div><a class=\"btn_ausa\" title=\"AUSA in Galati, Romania\" href=\"\/ro\/despre-ausa\/galati-romania\/\">Galati<\/a><\/div>\n<\/div>\n<\/div>\n<\/div>\n<\/div>\n<div id=\"clientes\" class=\"row gris\">\n<div class=\"container columna_imagen\">\n<div class=\"col-md-6\">\n<div class=\"container_imagen\"><img decoding=\"async\" src=\"\/wp-content\/uploads\/2014\/10\/TELEVENTA.jpg\" alt=\"TELEVENTA\" \/><\/div>\n<\/div>\n<div class=\"col-md-6\">\n<h2>Clien\u021bi<\/h2>\n<p>Lucr\u0103m pentru clien\u021bi din diverse <strong>sectoare \u2013 automobilistic, ma\u0219ini-unelte, forj\u0103, automatiz\u0103ri industriale, matri\u021beri, agricultur\u0103, aeronautic\u0103, lucr\u0103ri publice etc.- <\/strong>oferindu-le materiale de o calitate omogen\u0103 \u0219i un serviciu imediat.<\/p>\n<p>Gama noastr\u0103 de clien\u021bi ne cere un <strong>sistem al calit\u0103\u021bii strict, c\u0103utarea constant\u0103 a celor mai bune materiale \u0219i un serviciu imediat,<\/strong> pentru care <strong>AUSA<\/strong> are <strong>propria sa companie de camioane, leg\u0103turi cu c\u0103ile ferate \u0219i chei pentru \u00eenc\u0103rcarea \u0219i desc\u0103rcarea vapoarelor<\/strong>.<\/p>\n<\/div>\n<\/div>\n<\/div><!-- AddThis Advanced Settings generic via filter on the_content -->","protected":false},"excerpt":{"rendered":"<p>Despre AUSA Suntem o firm\u0103 creat\u0103 la Vitoria, \u00een anul 1.957, specializat\u0103 \u00een distribu\u021bia de o\u021beluri speciale \u2013o\u021beluri laminate \u0219i o\u021beluri forjate \u2013 \u0219i \u00een producerea de o\u021beluri calibrate si trase la rece. \u00cen anii \u201880, AUSA ini\u021biaz\u0103 expansiunea la nivel na\u021bional \u0219i creeaz\u0103 centrele sale de furnizare de o\u021beluri speciale \u00een toat\u0103 Spania, oferind&hellip;<!-- AddThis Advanced Settings generic via filter on get_the_excerpt --><\/p>\n","protected":false},"author":1,"featured_media":0,"parent":0,"menu_order":0,"comment_status":"closed","ping_status":"open","template":"","meta":{"footnotes":""},"class_list":["post-3563","page","type-page","status-publish","hentry"],"yoast_head":"<!-- This site is optimized with the Yoast SEO plugin v26.6 - https:\/\/yoast.com\/wordpress\/plugins\/seo\/ -->\n<title>Despre AUSA - AUSA Special Steels<\/title>\n<meta name=\"description\" content=\"Suntem o firm\u0103 creat\u0103 la Vitoria, \u00een anul 1.957, specializat\u0103 \u00een distribu\u021bia de o\u021beluri speciale \u0219i \u00een producerea de o\u021beluri calibrate si trase la rece.\" \/>\n<meta name=\"robots\" content=\"index, follow, max-snippet:-1, max-image-preview:large, max-video-preview:-1\" \/>\n<link rel=\"canonical\" href=\"https:\/\/www.ausasteel.com\/ro\/despre-ausa\/\" \/>\n<meta property=\"og:locale\" content=\"ro_RO\" \/>\n<meta property=\"og:type\" content=\"article\" \/>\n<meta property=\"og:title\" content=\"Despre AUSA - AUSA Special Steels\" \/>\n<meta property=\"og:description\" content=\"Suntem o firm\u0103 creat\u0103 la Vitoria, \u00een anul 1.957, specializat\u0103 \u00een distribu\u021bia de o\u021beluri speciale \u0219i \u00een producerea de o\u021beluri calibrate si trase la rece.\" \/>\n<meta property=\"og:url\" content=\"https:\/\/www.ausasteel.com\/ro\/despre-ausa\/\" \/>\n<meta property=\"og:site_name\" content=\"AUSA special steels\" \/>\n<meta property=\"article:modified_time\" content=\"2019-09-03T14:12:36+00:00\" \/>\n<meta name=\"twitter:label1\" content=\"Est. reading time\" \/>\n\t<meta name=\"twitter:data1\" content=\"3 minutes\" \/>\n<script type=\"application\/ld+json\" class=\"yoast-schema-graph\">{\"@context\":\"https:\/\/schema.org\",\"@graph\":[{\"@type\":\"WebPage\",\"@id\":\"https:\/\/www.ausasteel.com\/ro\/despre-ausa\/\",\"url\":\"https:\/\/www.ausasteel.com\/ro\/despre-ausa\/\",\"name\":\"Despre AUSA - AUSA Special Steels\",\"isPartOf\":{\"@id\":\"https:\/\/www.ausasteel.com\/ro\/#website\"},\"datePublished\":\"2014-10-22T09:04:10+00:00\",\"dateModified\":\"2019-09-03T14:12:36+00:00\",\"description\":\"Suntem o firm\u0103 creat\u0103 la Vitoria, \u00een anul 1.957, specializat\u0103 \u00een distribu\u021bia de o\u021beluri speciale \u0219i \u00een producerea de o\u021beluri calibrate si trase la rece.\",\"breadcrumb\":{\"@id\":\"https:\/\/www.ausasteel.com\/ro\/despre-ausa\/#breadcrumb\"},\"inLanguage\":\"ro-RO\",\"potentialAction\":[{\"@type\":\"ReadAction\",\"target\":[\"https:\/\/www.ausasteel.com\/ro\/despre-ausa\/\"]}]},{\"@type\":\"BreadcrumbList\",\"@id\":\"https:\/\/www.ausasteel.com\/ro\/despre-ausa\/#breadcrumb\",\"itemListElement\":[{\"@type\":\"ListItem\",\"position\":1,\"name\":\"Portada\",\"item\":\"https:\/\/www.ausasteel.com\/ro\/\"},{\"@type\":\"ListItem\",\"position\":2,\"name\":\"Despre AUSA\"}]},{\"@type\":\"WebSite\",\"@id\":\"https:\/\/www.ausasteel.com\/ro\/#website\",\"url\":\"https:\/\/www.ausasteel.com\/ro\/\",\"name\":\"AUSA special steels\",\"description\":\"AUSA special steels\",\"potentialAction\":[{\"@type\":\"SearchAction\",\"target\":{\"@type\":\"EntryPoint\",\"urlTemplate\":\"https:\/\/www.ausasteel.com\/ro\/?s={search_term_string}\"},\"query-input\":{\"@type\":\"PropertyValueSpecification\",\"valueRequired\":true,\"valueName\":\"search_term_string\"}}],\"inLanguage\":\"ro-RO\"}]}<\/script>\n<!-- \/ Yoast SEO plugin. -->","yoast_head_json":{"title":"Despre AUSA - AUSA Special Steels","description":"Suntem o firm\u0103 creat\u0103 la Vitoria, \u00een anul 1.957, specializat\u0103 \u00een distribu\u021bia de o\u021beluri speciale \u0219i \u00een producerea de o\u021beluri calibrate si trase la rece.","robots":{"index":"index","follow":"follow","max-snippet":"max-snippet:-1","max-image-preview":"max-image-preview:large","max-video-preview":"max-video-preview:-1"},"canonical":"https:\/\/www.ausasteel.com\/ro\/despre-ausa\/","og_locale":"ro_RO","og_type":"article","og_title":"Despre AUSA - AUSA Special Steels","og_description":"Suntem o firm\u0103 creat\u0103 la Vitoria, \u00een anul 1.957, specializat\u0103 \u00een distribu\u021bia de o\u021beluri speciale \u0219i \u00een producerea de o\u021beluri calibrate si trase la rece.","og_url":"https:\/\/www.ausasteel.com\/ro\/despre-ausa\/","og_site_name":"AUSA special steels","article_modified_time":"2019-09-03T14:12:36+00:00","twitter_misc":{"Est. reading time":"3 minutes"},"schema":{"@context":"https:\/\/schema.org","@graph":[{"@type":"WebPage","@id":"https:\/\/www.ausasteel.com\/ro\/despre-ausa\/","url":"https:\/\/www.ausasteel.com\/ro\/despre-ausa\/","name":"Despre AUSA - AUSA Special Steels","isPartOf":{"@id":"https:\/\/www.ausasteel.com\/ro\/#website"},"datePublished":"2014-10-22T09:04:10+00:00","dateModified":"2019-09-03T14:12:36+00:00","description":"Suntem o firm\u0103 creat\u0103 la Vitoria, \u00een anul 1.957, specializat\u0103 \u00een distribu\u021bia de o\u021beluri speciale \u0219i \u00een producerea de o\u021beluri calibrate si trase la rece.","breadcrumb":{"@id":"https:\/\/www.ausasteel.com\/ro\/despre-ausa\/#breadcrumb"},"inLanguage":"ro-RO","potentialAction":[{"@type":"ReadAction","target":["https:\/\/www.ausasteel.com\/ro\/despre-ausa\/"]}]},{"@type":"BreadcrumbList","@id":"https:\/\/www.ausasteel.com\/ro\/despre-ausa\/#breadcrumb","itemListElement":[{"@type":"ListItem","position":1,"name":"Portada","item":"https:\/\/www.ausasteel.com\/ro\/"},{"@type":"ListItem","position":2,"name":"Despre AUSA"}]},{"@type":"WebSite","@id":"https:\/\/www.ausasteel.com\/ro\/#website","url":"https:\/\/www.ausasteel.com\/ro\/","name":"AUSA special steels","description":"AUSA special steels","potentialAction":[{"@type":"SearchAction","target":{"@type":"EntryPoint","urlTemplate":"https:\/\/www.ausasteel.com\/ro\/?s={search_term_string}"},"query-input":{"@type":"PropertyValueSpecification","valueRequired":true,"valueName":"search_term_string"}}],"inLanguage":"ro-RO"}]}},"_links":{"self":[{"href":"https:\/\/www.ausasteel.com\/ro\/wp-json\/wp\/v2\/pages\/3563","targetHints":{"allow":["GET"]}}],"collection":[{"href":"https:\/\/www.ausasteel.com\/ro\/wp-json\/wp\/v2\/pages"}],"about":[{"href":"https:\/\/www.ausasteel.com\/ro\/wp-json\/wp\/v2\/types\/page"}],"author":[{"embeddable":true,"href":"https:\/\/www.ausasteel.com\/ro\/wp-json\/wp\/v2\/users\/1"}],"replies":[{"embeddable":true,"href":"https:\/\/www.ausasteel.com\/ro\/wp-json\/wp\/v2\/comments?post=3563"}],"version-history":[{"count":16,"href":"https:\/\/www.ausasteel.com\/ro\/wp-json\/wp\/v2\/pages\/3563\/revisions"}],"predecessor-version":[{"id":15841,"href":"https:\/\/www.ausasteel.com\/ro\/wp-json\/wp\/v2\/pages\/3563\/revisions\/15841"}],"wp:attachment":[{"href":"https:\/\/www.ausasteel.com\/ro\/wp-json\/wp\/v2\/media?parent=3563"}],"curies":[{"name":"wp","href":"https:\/\/api.w.org\/{rel}","templated":true}]}}