        {"id":3560,"date":"2014-10-24T09:30:12","date_gmt":"2014-10-24T09:30:12","guid":{"rendered":"http:\/\/ausasteel.irantzu.com\/contacto-2\/"},"modified":"2018-09-07T10:25:43","modified_gmt":"2018-09-07T10:25:43","slug":"contact","status":"publish","type":"page","link":"https:\/\/www.ausasteel.com\/ro\/contact\/","title":{"rendered":"Contact"},"content":{"rendered":"<div class=\"wpb-content-wrapper\"><p>[vc_row margin_top=&#8221;0&#8243; margin_bottom=&#8221;20px&#8221; padding_left=&#8221;40&#8243; padding_right=&#8221;40&#8243; bg_position=&#8221;top&#8221; bg_repeat=&#8221;no-repeat&#8221; bg_cover=&#8221;false&#8221; bg_attachment=&#8221;false&#8221; padding_top=&#8221;40&#8243; padding_bottom=&#8221;40&#8243; parallax_speed=&#8221;0.1&#8243;][vc_column width=&#8221;1\/1&#8243;][vc_column_text]<\/p>\n<h1>Contact<\/h1>\n<p>Dac\u0103 ai anumite nel\u0103muriri legate de produsele \u0219i serviciile noastre sau dac\u0103 pur \u0219i simplu \u00ee\u021bi dore\u0219ti mai multe informa\u021bii, <strong>completeaz\u0103 urm\u0103torul formular.<\/p>\n<p><\/strong><\/p>\n<p><strong>Citim toate mesajele <\/strong>pe care le primim \u0219i \u00eencerc\u0103m s\u0103 r\u0103spundem \u00een 24 de ore, \u00een zilele lucr\u0103toare.[\/vc_column_text][\/vc_column][\/vc_row][vc_row][vc_column width=&#8221;2\/3&#8243;]\n<div class=\"wpcf7 no-js\" id=\"wpcf7-f3053-o1\" lang=\"ro-RO\" dir=\"ltr\" data-wpcf7-id=\"3053\">\n<div class=\"screen-reader-response\"><p role=\"status\" aria-live=\"polite\" aria-atomic=\"true\"><\/p> <ul><\/ul><\/div>\n<form action=\"\/ro\/wp-json\/wp\/v2\/pages\/3560#wpcf7-f3053-o1\" method=\"post\" class=\"wpcf7-form init\" aria-label=\"Contact form\" novalidate=\"novalidate\" data-status=\"init\">\n<fieldset class=\"hidden-fields-container\"><input type=\"hidden\" name=\"_wpcf7\" value=\"3053\" \/><input type=\"hidden\" name=\"_wpcf7_version\" value=\"6.1.4\" \/><input type=\"hidden\" name=\"_wpcf7_locale\" value=\"ro_RO\" \/><input type=\"hidden\" name=\"_wpcf7_unit_tag\" value=\"wpcf7-f3053-o1\" \/><input type=\"hidden\" name=\"_wpcf7_container_post\" value=\"0\" \/><input type=\"hidden\" name=\"_wpcf7_posted_data_hash\" value=\"\" \/><input type=\"hidden\" name=\"_wpcf7dtx_version\" value=\"5.0.4\" \/><input type=\"hidden\" name=\"_wpcf7_recaptcha_response\" value=\"\" \/>\n<\/fieldset>\n<p class=\"form-group form-consulta\">Tip de \u00eentrebare:\n<\/p>\n<p><span class=\"wpcf7-form-control-wrap\" data-name=\"menu-761\"><select class=\"wpcf7-form-control wpcf7-select wpcf7-validates-as-required\" aria-required=\"true\" aria-invalid=\"false\" name=\"menu-761\"><option value=\"consultare\">consultare<\/option><option value=\"buget\">buget<\/option><option value=\"resurse umane\">resurse umane<\/option><\/select><\/span>\n<\/p>\n<p class=\"form-group form-num\">*Prenume\/Nume\n<\/p>\n<p><span class=\"wpcf7-form-control-wrap\" data-name=\"your-name\"><input size=\"40\" maxlength=\"400\" class=\"wpcf7-form-control wpcf7-text wpcf7-validates-as-required\" id=\"your-name\" aria-required=\"true\" aria-invalid=\"false\" value=\"\" type=\"text\" name=\"your-name\" \/><\/span>\n<\/p>\n<p class=\"form-group form-email\">*Email\n<\/p>\n<p><span class=\"wpcf7-form-control-wrap\" data-name=\"your-email\"><input size=\"40\" maxlength=\"400\" class=\"wpcf7-form-control wpcf7-email wpcf7-validates-as-required wpcf7-text wpcf7-validates-as-email\" aria-required=\"true\" aria-invalid=\"false\" placeholder=\"&#x74;&#x75;&#x40;&#x65;&#x6d;&#x61;&#x69;&#x6c;&#x2e;&#x63;&#x6f;&#x6d;\" value=\"\" type=\"email\" name=\"your-email\" \/><\/span>\n<\/p>\n<p class=\"form-group form-tlf\">Telefon\n<\/p>\n<p><span class=\"wpcf7-form-control-wrap\" data-name=\"tel-913\"><input size=\"40\" maxlength=\"400\" class=\"wpcf7-form-control wpcf7-tel wpcf7-text wpcf7-validates-as-tel\" aria-invalid=\"false\" value=\"\" type=\"tel\" name=\"tel-913\" \/><\/span>\n<\/p>\n<p class=\"form-group form-txt entero\">*Scrie aici \u00eentrebarea ta\n<\/p>\n<p><span class=\"wpcf7-form-control-wrap\" data-name=\"your-message\"><textarea cols=\"40\" rows=\"10\" maxlength=\"2000\" class=\"wpcf7-form-control wpcf7-textarea wpcf7-validates-as-required\" aria-required=\"true\" aria-invalid=\"false\" name=\"your-message\"><\/textarea><\/span>\n<\/p>\n<p class=\"form-group form-politica entero\"><span class=\"wpcf7-form-control-wrap\" data-name=\"checkbox-593\"><span class=\"wpcf7-form-control wpcf7-checkbox wpcf7-validates-as-required wpcf7-exclusive-checkbox\"><span class=\"wpcf7-list-item first last\"><input type=\"checkbox\" name=\"checkbox-593\" value=\"Am citit \u0219i accept\" \/><span class=\"wpcf7-list-item-label\">Am citit \u0219i accept<\/span><\/span><\/span><\/span><a id=\"boton-politica\" style=\"text-decoration:underline!important;\" href=\"#cuadro-politica\" title=\"condi\u021biile legale \u0219i pe cele referitoare la politica de protec\u021bie a datelor cu caracter personal\">condi\u021biile legale \u0219i pe cele referitoare la politica de protec\u021bie a datelor cu caracter personal<\/a>\n<\/p>\n<p id=\"cuadro-politica\" class=\"cuadro-politica entero\"><b>Responsabil:<\/b> AUSA PROCESOS Y ESTUDIOS, S.A.<br \/>\n<b>Scop:<\/b> Gestionarea cererilor \u0219i consult\u0103rilor realizate.<br \/>\n<b>Legitimitate:<\/b> Consim\u021b\u0103m\u00e2ntul ob\u021binut, interesul legitim \u0219i respectarea normelor.<br \/>\n<b>Destinatari:<\/b> Ter\u021bi, prestatori de servicii, incluz\u00e2nd transferurile interna\u021bionale.<br \/>\n<b>Drepturi:<\/b> De acces, rectificare, suprimare, limitare a proces\u0103rii, portabilit\u0103\u021bii datelor sau de obiec\u021bie, inclusiv procesul decizional individual automatizat.<br \/>\n<b>Provenien\u021b\u0103:<\/b> Utilizator.\n<\/p>\n<p><a style =\"text-decoration:underline!important;\" href=\"\/ro\/conditii-legale\/\" rel=\"nofollow\" target=\"_blank\" title=\"Condi\u021biile legale \u0219i pe cele referitoare la politica de protec\u021bie a datelor cu caracter personal\">Continua\u021bi lectur\u0103<\/a>\n<\/p>\n\n<p class=\"form-buton\"><input class=\"wpcf7-form-control wpcf7-submit has-spinner\" type=\"submit\" value=\"Trimite\" \/>\n<\/p><p style=\"display: none !important;\" class=\"akismet-fields-container\" data-prefix=\"_wpcf7_ak_\"><label>&#916;<textarea name=\"_wpcf7_ak_hp_textarea\" cols=\"45\" rows=\"8\" maxlength=\"100\"><\/textarea><\/label><input type=\"hidden\" id=\"ak_js_1\" name=\"_wpcf7_ak_js\" value=\"154\"\/><script>document.getElementById( \"ak_js_1\" ).setAttribute( \"value\", ( new Date() ).getTime() );<\/script><\/p><div class=\"wpcf7-response-output\" aria-hidden=\"true\"><\/div>\n<\/form>\n<\/div>\n[\/vc_column][vc_column width=&#8221;1\/3&#8243;][vc_column_text]<a href=\"https:\/\/www.ausasteel.com\/wp-content\/uploads\/2015\/05\/AUSA-Special-Steels01.jpg\" data-rel=\"lightbox-gallery-9mXjvHeh\" data-rl_title=\"\" data-rl_caption=\"\" title=\"\"><img loading=\"lazy\" decoding=\"async\" class=\"aligncenter wp-image-9851 size-full\" src=\"https:\/\/www.ausasteel.com\/wp-content\/uploads\/2015\/05\/AUSA-Special-Steels01.jpg\" alt=\"AUSA Vitoria, Spania\" width=\"400\" height=\"400\" srcset=\"https:\/\/www.ausasteel.com\/wp-content\/uploads\/2015\/05\/AUSA-Special-Steels01.jpg 400w, https:\/\/www.ausasteel.com\/wp-content\/uploads\/2015\/05\/AUSA-Special-Steels01-150x150.jpg 150w, https:\/\/www.ausasteel.com\/wp-content\/uploads\/2015\/05\/AUSA-Special-Steels01-300x300.jpg 300w\" sizes=\"auto, (max-width: 400px) 100vw, 400px\" \/><\/a><\/p>\n<p><a href=\"https:\/\/www.ausasteel.com\/wp-content\/uploads\/2015\/05\/AUSA-Special-Steels02.jpg\" data-rel=\"lightbox-gallery-9mXjvHeh\" data-rl_title=\"\" data-rl_caption=\"\" title=\"\"><img loading=\"lazy\" decoding=\"async\" class=\"aligncenter wp-image-9856 size-full\" src=\"https:\/\/www.ausasteel.com\/wp-content\/uploads\/2015\/05\/AUSA-Special-Steels02.jpg\" alt=\"AUSA Vitoria, Spania\" width=\"400\" height=\"400\" srcset=\"https:\/\/www.ausasteel.com\/wp-content\/uploads\/2015\/05\/AUSA-Special-Steels02.jpg 400w, https:\/\/www.ausasteel.com\/wp-content\/uploads\/2015\/05\/AUSA-Special-Steels02-150x150.jpg 150w, https:\/\/www.ausasteel.com\/wp-content\/uploads\/2015\/05\/AUSA-Special-Steels02-300x300.jpg 300w\" sizes=\"auto, (max-width: 400px) 100vw, 400px\" \/><\/a>[\/vc_column_text][\/vc_column][\/vc_row]<\/p>\n<\/div><!-- AddThis Advanced Settings generic via filter on the_content -->","protected":false},"excerpt":{"rendered":"<p>[vc_row margin_top=&#8221;0&#8243; margin_bottom=&#8221;20px&#8221; padding_left=&#8221;40&#8243; padding_right=&#8221;40&#8243; bg_position=&#8221;top&#8221; bg_repeat=&#8221;no-repeat&#8221; bg_cover=&#8221;false&#8221; bg_attachment=&#8221;false&#8221; padding_top=&#8221;40&#8243; padding_bottom=&#8221;40&#8243; parallax_speed=&#8221;0.1&#8243;][vc_column width=&#8221;1\/1&#8243;][vc_column_text] Contact Dac\u0103 ai anumite nel\u0103muriri legate de produsele \u0219i serviciile noastre sau dac\u0103 pur \u0219i simplu \u00ee\u021bi dore\u0219ti mai multe informa\u021bii, completeaz\u0103 urm\u0103torul formular. Citim toate mesajele pe care le primim \u0219i \u00eencerc\u0103m s\u0103 r\u0103spundem \u00een 24 de ore, \u00een zilele lucr\u0103toare.[\/vc_column_text][\/vc_column][\/vc_row][vc_row][vc_column&hellip;<!-- AddThis Advanced Settings generic via filter on get_the_excerpt --><\/p>\n","protected":false},"author":1,"featured_media":0,"parent":0,"menu_order":0,"comment_status":"closed","ping_status":"open","template":"","meta":{"footnotes":""},"class_list":["post-3560","page","type-page","status-publish","hentry"],"yoast_head":"<!-- This site is optimized with the Yoast SEO plugin v26.6 - https:\/\/yoast.com\/wordpress\/plugins\/seo\/ -->\n<title>Contact - AUSA special steels<\/title>\n<meta name=\"robots\" content=\"index, follow, max-snippet:-1, max-image-preview:large, max-video-preview:-1\" \/>\n<link rel=\"canonical\" href=\"https:\/\/www.ausasteel.com\/ro\/contact\/\" \/>\n<meta property=\"og:locale\" content=\"ro_RO\" \/>\n<meta property=\"og:type\" content=\"article\" \/>\n<meta property=\"og:title\" content=\"Contact - AUSA special steels\" \/>\n<meta property=\"og:description\" content=\"[vc_row margin_top=&#8221;0&#8243; margin_bottom=&#8221;20px&#8221; padding_left=&#8221;40&#8243; padding_right=&#8221;40&#8243; bg_position=&#8221;top&#8221; bg_repeat=&#8221;no-repeat&#8221; bg_cover=&#8221;false&#8221; bg_attachment=&#8221;false&#8221; padding_top=&#8221;40&#8243; padding_bottom=&#8221;40&#8243; parallax_speed=&#8221;0.1&#8243;][vc_column width=&#8221;1\/1&#8243;][vc_column_text] Contact Dac\u0103 ai anumite nel\u0103muriri legate de produsele \u0219i serviciile noastre sau dac\u0103 pur \u0219i simplu \u00ee\u021bi dore\u0219ti mai multe informa\u021bii, completeaz\u0103 urm\u0103torul formular. Citim toate mesajele pe care le primim \u0219i \u00eencerc\u0103m s\u0103 r\u0103spundem \u00een 24 de ore, \u00een zilele lucr\u0103toare.[\/vc_column_text][\/vc_column][\/vc_row][vc_row][vc_column&hellip;\" \/>\n<meta property=\"og:url\" content=\"https:\/\/www.ausasteel.com\/ro\/contact\/\" \/>\n<meta property=\"og:site_name\" content=\"AUSA special steels\" \/>\n<meta property=\"article:modified_time\" content=\"2018-09-07T10:25:43+00:00\" \/>\n<meta property=\"og:image\" content=\"https:\/\/www.ausasteel.com\/wp-content\/uploads\/2015\/05\/AUSA-Special-Steels01.jpg\" \/>\n\t<meta property=\"og:image:width\" content=\"400\" \/>\n\t<meta property=\"og:image:height\" content=\"400\" \/>\n\t<meta property=\"og:image:type\" content=\"image\/jpeg\" \/>\n<meta name=\"twitter:label1\" content=\"Est. reading time\" \/>\n\t<meta name=\"twitter:data1\" content=\"1 minute\" \/>\n<script type=\"application\/ld+json\" class=\"yoast-schema-graph\">{\"@context\":\"https:\/\/schema.org\",\"@graph\":[{\"@type\":\"WebPage\",\"@id\":\"https:\/\/www.ausasteel.com\/ro\/contact\/\",\"url\":\"https:\/\/www.ausasteel.com\/ro\/contact\/\",\"name\":\"Contact - AUSA special steels\",\"isPartOf\":{\"@id\":\"https:\/\/www.ausasteel.com\/ro\/#website\"},\"primaryImageOfPage\":{\"@id\":\"https:\/\/www.ausasteel.com\/ro\/contact\/#primaryimage\"},\"image\":{\"@id\":\"https:\/\/www.ausasteel.com\/ro\/contact\/#primaryimage\"},\"thumbnailUrl\":\"https:\/\/www.ausasteel.com\/wp-content\/uploads\/2015\/05\/AUSA-Special-Steels01.jpg\",\"datePublished\":\"2014-10-24T09:30:12+00:00\",\"dateModified\":\"2018-09-07T10:25:43+00:00\",\"breadcrumb\":{\"@id\":\"https:\/\/www.ausasteel.com\/ro\/contact\/#breadcrumb\"},\"inLanguage\":\"ro-RO\",\"potentialAction\":[{\"@type\":\"ReadAction\",\"target\":[\"https:\/\/www.ausasteel.com\/ro\/contact\/\"]}]},{\"@type\":\"ImageObject\",\"inLanguage\":\"ro-RO\",\"@id\":\"https:\/\/www.ausasteel.com\/ro\/contact\/#primaryimage\",\"url\":\"https:\/\/www.ausasteel.com\/wp-content\/uploads\/2015\/05\/AUSA-Special-Steels01.jpg\",\"contentUrl\":\"https:\/\/www.ausasteel.com\/wp-content\/uploads\/2015\/05\/AUSA-Special-Steels01.jpg\"},{\"@type\":\"BreadcrumbList\",\"@id\":\"https:\/\/www.ausasteel.com\/ro\/contact\/#breadcrumb\",\"itemListElement\":[{\"@type\":\"ListItem\",\"position\":1,\"name\":\"Portada\",\"item\":\"https:\/\/www.ausasteel.com\/ro\/\"},{\"@type\":\"ListItem\",\"position\":2,\"name\":\"Contact\"}]},{\"@type\":\"WebSite\",\"@id\":\"https:\/\/www.ausasteel.com\/ro\/#website\",\"url\":\"https:\/\/www.ausasteel.com\/ro\/\",\"name\":\"AUSA special steels\",\"description\":\"AUSA special steels\",\"potentialAction\":[{\"@type\":\"SearchAction\",\"target\":{\"@type\":\"EntryPoint\",\"urlTemplate\":\"https:\/\/www.ausasteel.com\/ro\/?s={search_term_string}\"},\"query-input\":{\"@type\":\"PropertyValueSpecification\",\"valueRequired\":true,\"valueName\":\"search_term_string\"}}],\"inLanguage\":\"ro-RO\"}]}<\/script>\n<!-- \/ Yoast SEO plugin. -->","yoast_head_json":{"title":"Contact - AUSA special steels","robots":{"index":"index","follow":"follow","max-snippet":"max-snippet:-1","max-image-preview":"max-image-preview:large","max-video-preview":"max-video-preview:-1"},"canonical":"https:\/\/www.ausasteel.com\/ro\/contact\/","og_locale":"ro_RO","og_type":"article","og_title":"Contact - AUSA special steels","og_description":"[vc_row margin_top=&#8221;0&#8243; margin_bottom=&#8221;20px&#8221; padding_left=&#8221;40&#8243; padding_right=&#8221;40&#8243; bg_position=&#8221;top&#8221; bg_repeat=&#8221;no-repeat&#8221; bg_cover=&#8221;false&#8221; bg_attachment=&#8221;false&#8221; padding_top=&#8221;40&#8243; padding_bottom=&#8221;40&#8243; parallax_speed=&#8221;0.1&#8243;][vc_column width=&#8221;1\/1&#8243;][vc_column_text] Contact Dac\u0103 ai anumite nel\u0103muriri legate de produsele \u0219i serviciile noastre sau dac\u0103 pur \u0219i simplu \u00ee\u021bi dore\u0219ti mai multe informa\u021bii, completeaz\u0103 urm\u0103torul formular. Citim toate mesajele pe care le primim \u0219i \u00eencerc\u0103m s\u0103 r\u0103spundem \u00een 24 de ore, \u00een zilele lucr\u0103toare.[\/vc_column_text][\/vc_column][\/vc_row][vc_row][vc_column&hellip;","og_url":"https:\/\/www.ausasteel.com\/ro\/contact\/","og_site_name":"AUSA special steels","article_modified_time":"2018-09-07T10:25:43+00:00","og_image":[{"width":400,"height":400,"url":"https:\/\/www.ausasteel.com\/wp-content\/uploads\/2015\/05\/AUSA-Special-Steels01.jpg","type":"image\/jpeg"}],"twitter_misc":{"Est. reading time":"1 minute"},"schema":{"@context":"https:\/\/schema.org","@graph":[{"@type":"WebPage","@id":"https:\/\/www.ausasteel.com\/ro\/contact\/","url":"https:\/\/www.ausasteel.com\/ro\/contact\/","name":"Contact - AUSA special steels","isPartOf":{"@id":"https:\/\/www.ausasteel.com\/ro\/#website"},"primaryImageOfPage":{"@id":"https:\/\/www.ausasteel.com\/ro\/contact\/#primaryimage"},"image":{"@id":"https:\/\/www.ausasteel.com\/ro\/contact\/#primaryimage"},"thumbnailUrl":"https:\/\/www.ausasteel.com\/wp-content\/uploads\/2015\/05\/AUSA-Special-Steels01.jpg","datePublished":"2014-10-24T09:30:12+00:00","dateModified":"2018-09-07T10:25:43+00:00","breadcrumb":{"@id":"https:\/\/www.ausasteel.com\/ro\/contact\/#breadcrumb"},"inLanguage":"ro-RO","potentialAction":[{"@type":"ReadAction","target":["https:\/\/www.ausasteel.com\/ro\/contact\/"]}]},{"@type":"ImageObject","inLanguage":"ro-RO","@id":"https:\/\/www.ausasteel.com\/ro\/contact\/#primaryimage","url":"https:\/\/www.ausasteel.com\/wp-content\/uploads\/2015\/05\/AUSA-Special-Steels01.jpg","contentUrl":"https:\/\/www.ausasteel.com\/wp-content\/uploads\/2015\/05\/AUSA-Special-Steels01.jpg"},{"@type":"BreadcrumbList","@id":"https:\/\/www.ausasteel.com\/ro\/contact\/#breadcrumb","itemListElement":[{"@type":"ListItem","position":1,"name":"Portada","item":"https:\/\/www.ausasteel.com\/ro\/"},{"@type":"ListItem","position":2,"name":"Contact"}]},{"@type":"WebSite","@id":"https:\/\/www.ausasteel.com\/ro\/#website","url":"https:\/\/www.ausasteel.com\/ro\/","name":"AUSA special steels","description":"AUSA special steels","potentialAction":[{"@type":"SearchAction","target":{"@type":"EntryPoint","urlTemplate":"https:\/\/www.ausasteel.com\/ro\/?s={search_term_string}"},"query-input":{"@type":"PropertyValueSpecification","valueRequired":true,"valueName":"search_term_string"}}],"inLanguage":"ro-RO"}]}},"_links":{"self":[{"href":"https:\/\/www.ausasteel.com\/ro\/wp-json\/wp\/v2\/pages\/3560","targetHints":{"allow":["GET"]}}],"collection":[{"href":"https:\/\/www.ausasteel.com\/ro\/wp-json\/wp\/v2\/pages"}],"about":[{"href":"https:\/\/www.ausasteel.com\/ro\/wp-json\/wp\/v2\/types\/page"}],"author":[{"embeddable":true,"href":"https:\/\/www.ausasteel.com\/ro\/wp-json\/wp\/v2\/users\/1"}],"replies":[{"embeddable":true,"href":"https:\/\/www.ausasteel.com\/ro\/wp-json\/wp\/v2\/comments?post=3560"}],"version-history":[{"count":6,"href":"https:\/\/www.ausasteel.com\/ro\/wp-json\/wp\/v2\/pages\/3560\/revisions"}],"predecessor-version":[{"id":14239,"href":"https:\/\/www.ausasteel.com\/ro\/wp-json\/wp\/v2\/pages\/3560\/revisions\/14239"}],"wp:attachment":[{"href":"https:\/\/www.ausasteel.com\/ro\/wp-json\/wp\/v2\/media?parent=3560"}],"curies":[{"name":"wp","href":"https:\/\/api.w.org\/{rel}","templated":true}]}}