    {"id":3553,"date":"2014-10-28T11:24:06","date_gmt":"2014-10-28T11:24:06","guid":{"rendered":"http:\/\/ausasteel.irantzu.com\/informatii-tehnice\/calculadora-de-carbono-equivalente\/"},"modified":"2019-09-11T15:50:17","modified_gmt":"2019-09-11T15:50:17","slug":"calculator-carbon-echivalent","status":"publish","type":"page","link":"https:\/\/www.ausasteel.com\/ro\/informatii-tehnice\/calculator-carbon-echivalent\/","title":{"rendered":"Calculator carbon echivalent"},"content":{"rendered":"<div class=\"wpb-content-wrapper\"><div class=\"row\">\n<div class=\"container\">\n<h1>Calculator carbon echivalent<\/h1>\n<\/div>\n<\/div>\n<p>[vc_row el_class=&#8221;h2-nivel-3&#8243; margin_top=&#8221;0&#8243; margin_bottom=&#8221;0&#8243; padding_left=&#8221;40&#8243; padding_right=&#8221;40&#8243; bg_position=&#8221;top&#8221; bg_repeat=&#8221;no-repeat&#8221; bg_cover=&#8221;false&#8221; bg_attachment=&#8221;false&#8221; padding_top=&#8221;40&#8243; padding_bottom=&#8221;40&#8243; parallax_speed=&#8221;0.1&#8243;][vc_column width=&#8221;1\/1&#8243;][vc_column_text]<strong>Calculatorul pentru echivalent carbon este util pentru evaluarea sudabilit\u0103\u021bii o\u021belurilor.<\/strong> Stabile\u0219te care este temperatura de pre\u00eenc\u0103lzire care permite o curb\u0103 de r\u0103cire pentru a evita formarea de faze fragile.[\/vc_column_text][\/vc_column][\/vc_row]<\/p>\n<h3>Introduce\u021bi valorile \u00een % pentru a calcula CEV (Valoarea de Echivalent Carbon)<\/h3>\n<form id=\"formulario-calcular\">\n<table class=\"ea\" border=\"1\" width=\"100%\">\n<tbody>\n<tr>\n<th scope=\"col\" style=\"text-align: center; vertical-align: middle;\"><strong>C (Carbon)<\/strong><\/th>\n<th scope=\"col\" style=\"text-align: center; vertical-align: middle;\"><strong>Mn (Mangan)<\/strong><\/th>\n<th scope=\"col\" style=\"text-align: center; vertical-align: middle;\"><strong>Cr (Crom)<\/strong><\/th>\n<th scope=\"col\" style=\"text-align: center; vertical-align: middle;\"><strong>Mo (Molibden)<\/strong><\/th>\n<th scope=\"col\" style=\"text-align: center; vertical-align: middle;\"><strong>V (Vanadiu)<\/strong><\/th>\n<th scope=\"col\" style=\"text-align: center; vertical-align: middle;\"><strong>Cu (Cupru)<\/strong><\/th>\n<th scope=\"col\" style=\"text-align: center; vertical-align: middle;\"><strong>Ni (Nichel)<\/strong><\/th>\n<th scope=\"col\" style=\"text-align: center; vertical-align: middle;\"><strong>CEV<\/strong><\/th>\n<\/tr>\n<tr>\n<td style=\"text-align: center; vertical-align: middle;\"><input id=\"E8\" name=\"textfield\" type=\"text\"><\/td>\n<td style=\"text-align: center; vertical-align: middle;\"><input id=\"E9\" name=\"textfield\" type=\"text\"><\/td>\n<td style=\"text-align: center; vertical-align: middle;\"><input id=\"E10\" name=\"textfield\" type=\"text\"><\/td>\n<td style=\"text-align: center; vertical-align: middle;\"><input id=\"E11\" name=\"textfield\" type=\"text\"><\/td>\n<td style=\"text-align: center; vertical-align: middle;\"><input id=\"E12\" name=\"textfield\" type=\"text\"><\/td>\n<td style=\"text-align: center; vertical-align: middle;\"><input id=\"E13\" name=\"textfield\" type=\"text\"><\/td>\n<td style=\"text-align: center; vertical-align: middle;\"><input id=\"E14\" name=\"textfield\" type=\"text\"><\/td>\n<td style=\"text-align: right; vertical-align: middle;\"><input id=\"resultado\" name=\"textfield\" type=\"text\" value=\"0.00\"><\/td>\n<\/tr>\n<\/tbody>\n<\/table>\n<p><span style=\"width: 10px; height: 10px; border-radius: 20%; background-color: #e74010; display: inline-block; margin-right: 6px; line-height: 8px;\">&nbsp;<\/span><span style=\"color: #b2360b;\">Introduce\u021bi cifra zero sau o alt\u0103 valoare<\/span><\/p>\n<p class=\"content-btn\"><input id=\"calcularForm\" class=\"btn_ausa\" type=\"submit\" value=\"Calcula\"><\/p>\n<\/form>\n<div class=\"row gris\" id=\"informacion_tecnica\">\n<div class=\"container\">\n<h2>Informa\u021bii tehnice<\/h2>\n<p>[vc_widget_sidebar show_bg=&#8221;false&#8221; sidebar_id=&#8221;sidebar_26&#8243;]\n<\/p><\/div>\n<\/div>\n<\/div><!-- AddThis Advanced Settings generic via filter on the_content -->","protected":false},"excerpt":{"rendered":"<p>Calculator carbon echivalent [vc_row el_class=&#8221;h2-nivel-3&#8243; margin_top=&#8221;0&#8243; margin_bottom=&#8221;0&#8243; padding_left=&#8221;40&#8243; padding_right=&#8221;40&#8243; bg_position=&#8221;top&#8221; bg_repeat=&#8221;no-repeat&#8221; bg_cover=&#8221;false&#8221; bg_attachment=&#8221;false&#8221; padding_top=&#8221;40&#8243; padding_bottom=&#8221;40&#8243; parallax_speed=&#8221;0.1&#8243;][vc_column width=&#8221;1\/1&#8243;][vc_column_text]Calculatorul pentru echivalent carbon este util pentru evaluarea sudabilit\u0103\u021bii o\u021belurilor. Stabile\u0219te care este temperatura de pre\u00eenc\u0103lzire care permite o curb\u0103 de r\u0103cire pentru a evita formarea de faze fragile.[\/vc_column_text][\/vc_column][\/vc_row] Introduce\u021bi valorile \u00een % pentru a calcula CEV (Valoarea de&hellip;<!-- AddThis Advanced Settings generic via filter on get_the_excerpt --><\/p>\n","protected":false},"author":1,"featured_media":0,"parent":3209,"menu_order":0,"comment_status":"closed","ping_status":"open","template":"","meta":{"footnotes":""},"class_list":["post-3553","page","type-page","status-publish","hentry"],"yoast_head":"<!-- This site is optimized with the Yoast SEO plugin v26.6 - https:\/\/yoast.com\/wordpress\/plugins\/seo\/ -->\n<title>Calculator carbon echivalent - AUSA Special Steels<\/title>\n<meta name=\"description\" content=\"Calculatorul pentru echivalent carbon este util pentru evaluarea sudabilit\u0103\u021bii o\u021belurilor. Stabile\u0219te care este temperatura de pre\u00eenc\u0103lzire care permite...\" \/>\n<meta name=\"robots\" content=\"index, follow, max-snippet:-1, max-image-preview:large, max-video-preview:-1\" \/>\n<link rel=\"canonical\" href=\"https:\/\/www.ausasteel.com\/ro\/informatii-tehnice\/calculator-carbon-echivalent\/\" \/>\n<meta property=\"og:locale\" content=\"ro_RO\" \/>\n<meta property=\"og:type\" content=\"article\" \/>\n<meta property=\"og:title\" content=\"Calculator carbon echivalent - AUSA Special Steels\" \/>\n<meta property=\"og:description\" content=\"Calculatorul pentru echivalent carbon este util pentru evaluarea sudabilit\u0103\u021bii o\u021belurilor. Stabile\u0219te care este temperatura de pre\u00eenc\u0103lzire care permite...\" \/>\n<meta property=\"og:url\" content=\"https:\/\/www.ausasteel.com\/ro\/informatii-tehnice\/calculator-carbon-echivalent\/\" \/>\n<meta property=\"og:site_name\" content=\"AUSA special steels\" \/>\n<meta property=\"article:modified_time\" content=\"2019-09-11T15:50:17+00:00\" \/>\n<meta name=\"twitter:label1\" content=\"Est. reading time\" \/>\n\t<meta name=\"twitter:data1\" content=\"1 minute\" \/>\n<script type=\"application\/ld+json\" class=\"yoast-schema-graph\">{\"@context\":\"https:\/\/schema.org\",\"@graph\":[{\"@type\":\"WebPage\",\"@id\":\"https:\/\/www.ausasteel.com\/ro\/informatii-tehnice\/calculator-carbon-echivalent\/\",\"url\":\"https:\/\/www.ausasteel.com\/ro\/informatii-tehnice\/calculator-carbon-echivalent\/\",\"name\":\"Calculator carbon echivalent - AUSA Special Steels\",\"isPartOf\":{\"@id\":\"https:\/\/www.ausasteel.com\/ro\/#website\"},\"datePublished\":\"2014-10-28T11:24:06+00:00\",\"dateModified\":\"2019-09-11T15:50:17+00:00\",\"description\":\"Calculatorul pentru echivalent carbon este util pentru evaluarea sudabilit\u0103\u021bii o\u021belurilor. Stabile\u0219te care este temperatura de pre\u00eenc\u0103lzire care permite...\",\"breadcrumb\":{\"@id\":\"https:\/\/www.ausasteel.com\/ro\/informatii-tehnice\/calculator-carbon-echivalent\/#breadcrumb\"},\"inLanguage\":\"ro-RO\",\"potentialAction\":[{\"@type\":\"ReadAction\",\"target\":[\"https:\/\/www.ausasteel.com\/ro\/informatii-tehnice\/calculator-carbon-echivalent\/\"]}]},{\"@type\":\"BreadcrumbList\",\"@id\":\"https:\/\/www.ausasteel.com\/ro\/informatii-tehnice\/calculator-carbon-echivalent\/#breadcrumb\",\"itemListElement\":[{\"@type\":\"ListItem\",\"position\":1,\"name\":\"Portada\",\"item\":\"https:\/\/www.ausasteel.com\/ro\/\"},{\"@type\":\"ListItem\",\"position\":2,\"name\":\"Informa\u021bii tehnice\",\"item\":\"https:\/\/www.ausasteel.com\/ro\/informatii-tehnice\/\"},{\"@type\":\"ListItem\",\"position\":3,\"name\":\"Calculator carbon echivalent\"}]},{\"@type\":\"WebSite\",\"@id\":\"https:\/\/www.ausasteel.com\/ro\/#website\",\"url\":\"https:\/\/www.ausasteel.com\/ro\/\",\"name\":\"AUSA special steels\",\"description\":\"AUSA special steels\",\"potentialAction\":[{\"@type\":\"SearchAction\",\"target\":{\"@type\":\"EntryPoint\",\"urlTemplate\":\"https:\/\/www.ausasteel.com\/ro\/?s={search_term_string}\"},\"query-input\":{\"@type\":\"PropertyValueSpecification\",\"valueRequired\":true,\"valueName\":\"search_term_string\"}}],\"inLanguage\":\"ro-RO\"}]}<\/script>\n<!-- \/ Yoast SEO plugin. -->","yoast_head_json":{"title":"Calculator carbon echivalent - AUSA Special Steels","description":"Calculatorul pentru echivalent carbon este util pentru evaluarea sudabilit\u0103\u021bii o\u021belurilor. Stabile\u0219te care este temperatura de pre\u00eenc\u0103lzire care permite...","robots":{"index":"index","follow":"follow","max-snippet":"max-snippet:-1","max-image-preview":"max-image-preview:large","max-video-preview":"max-video-preview:-1"},"canonical":"https:\/\/www.ausasteel.com\/ro\/informatii-tehnice\/calculator-carbon-echivalent\/","og_locale":"ro_RO","og_type":"article","og_title":"Calculator carbon echivalent - AUSA Special Steels","og_description":"Calculatorul pentru echivalent carbon este util pentru evaluarea sudabilit\u0103\u021bii o\u021belurilor. Stabile\u0219te care este temperatura de pre\u00eenc\u0103lzire care permite...","og_url":"https:\/\/www.ausasteel.com\/ro\/informatii-tehnice\/calculator-carbon-echivalent\/","og_site_name":"AUSA special steels","article_modified_time":"2019-09-11T15:50:17+00:00","twitter_misc":{"Est. reading time":"1 minute"},"schema":{"@context":"https:\/\/schema.org","@graph":[{"@type":"WebPage","@id":"https:\/\/www.ausasteel.com\/ro\/informatii-tehnice\/calculator-carbon-echivalent\/","url":"https:\/\/www.ausasteel.com\/ro\/informatii-tehnice\/calculator-carbon-echivalent\/","name":"Calculator carbon echivalent - AUSA Special Steels","isPartOf":{"@id":"https:\/\/www.ausasteel.com\/ro\/#website"},"datePublished":"2014-10-28T11:24:06+00:00","dateModified":"2019-09-11T15:50:17+00:00","description":"Calculatorul pentru echivalent carbon este util pentru evaluarea sudabilit\u0103\u021bii o\u021belurilor. Stabile\u0219te care este temperatura de pre\u00eenc\u0103lzire care permite...","breadcrumb":{"@id":"https:\/\/www.ausasteel.com\/ro\/informatii-tehnice\/calculator-carbon-echivalent\/#breadcrumb"},"inLanguage":"ro-RO","potentialAction":[{"@type":"ReadAction","target":["https:\/\/www.ausasteel.com\/ro\/informatii-tehnice\/calculator-carbon-echivalent\/"]}]},{"@type":"BreadcrumbList","@id":"https:\/\/www.ausasteel.com\/ro\/informatii-tehnice\/calculator-carbon-echivalent\/#breadcrumb","itemListElement":[{"@type":"ListItem","position":1,"name":"Portada","item":"https:\/\/www.ausasteel.com\/ro\/"},{"@type":"ListItem","position":2,"name":"Informa\u021bii tehnice","item":"https:\/\/www.ausasteel.com\/ro\/informatii-tehnice\/"},{"@type":"ListItem","position":3,"name":"Calculator carbon echivalent"}]},{"@type":"WebSite","@id":"https:\/\/www.ausasteel.com\/ro\/#website","url":"https:\/\/www.ausasteel.com\/ro\/","name":"AUSA special steels","description":"AUSA special steels","potentialAction":[{"@type":"SearchAction","target":{"@type":"EntryPoint","urlTemplate":"https:\/\/www.ausasteel.com\/ro\/?s={search_term_string}"},"query-input":{"@type":"PropertyValueSpecification","valueRequired":true,"valueName":"search_term_string"}}],"inLanguage":"ro-RO"}]}},"_links":{"self":[{"href":"https:\/\/www.ausasteel.com\/ro\/wp-json\/wp\/v2\/pages\/3553","targetHints":{"allow":["GET"]}}],"collection":[{"href":"https:\/\/www.ausasteel.com\/ro\/wp-json\/wp\/v2\/pages"}],"about":[{"href":"https:\/\/www.ausasteel.com\/ro\/wp-json\/wp\/v2\/types\/page"}],"author":[{"embeddable":true,"href":"https:\/\/www.ausasteel.com\/ro\/wp-json\/wp\/v2\/users\/1"}],"replies":[{"embeddable":true,"href":"https:\/\/www.ausasteel.com\/ro\/wp-json\/wp\/v2\/comments?post=3553"}],"version-history":[{"count":8,"href":"https:\/\/www.ausasteel.com\/ro\/wp-json\/wp\/v2\/pages\/3553\/revisions"}],"predecessor-version":[{"id":15930,"href":"https:\/\/www.ausasteel.com\/ro\/wp-json\/wp\/v2\/pages\/3553\/revisions\/15930"}],"up":[{"embeddable":true,"href":"https:\/\/www.ausasteel.com\/ro\/wp-json\/wp\/v2\/pages\/3209"}],"wp:attachment":[{"href":"https:\/\/www.ausasteel.com\/ro\/wp-json\/wp\/v2\/media?parent=3553"}],"curies":[{"name":"wp","href":"https:\/\/api.w.org\/{rel}","templated":true}]}}