    {"id":3549,"date":"2014-10-28T11:22:59","date_gmt":"2014-10-28T11:22:59","guid":{"rendered":"http:\/\/ausasteel.irantzu.com\/informatii-tehnice\/tolerancias-barra-perforada\/"},"modified":"2019-06-19T13:24:53","modified_gmt":"2019-06-19T13:24:53","slug":"tolerante-bara-perforata","status":"publish","type":"page","link":"https:\/\/www.ausasteel.com\/ro\/informatii-tehnice\/tolerante-bara-perforata\/","title":{"rendered":"Toleran\u021be bar\u0103 perforat\u0103"},"content":{"rendered":"<div class=\"wpb-content-wrapper\"><p>[vc_row el_class=&#8221;h2-nivel-3&#8243; margin_top=&#8221;0&#8243; margin_bottom=&#8221;0&#8243; padding_left=&#8221;40&#8243; padding_right=&#8221;40&#8243; bg_position=&#8221;top&#8221; bg_repeat=&#8221;no-repeat&#8221; bg_cover=&#8221;false&#8221; bg_attachment=&#8221;false&#8221; padding_top=&#8221;40&#8243; padding_bottom=&#8221;40&#8243; parallax_speed=&#8221;0.1&#8243;][vc_column width=&#8221;1\/1&#8243;][vc_column_text]<\/p>\n<h1>Toleran\u021be bar\u0103 perforat\u0103<\/h1>\n<h3>Calculul toleran\u021belor dimensionale pentru bara perforat\u0103<\/h3>\n<div class=\"bloque\">\n<h4>Introduce\u021bi dou\u0103 m\u0103suri pentru calcularea toleran\u021belor dimensionale.<\/h4>\n<form>\n<table border=\"1\" width=\"100%\">\n<tbody>\n<tr>\n<th>Diametru exterior*<\/th>\n<th>Diametru interior**<\/th>\n<th>Perete**<\/th>\n<\/tr>\n<tr>\n<td><input id=\"tol-dext\" name=\"textfield\" type=\"text\" \/><\/td>\n<td><input id=\"tol-dint\" name=\"textfield\" type=\"text\" \/><\/td>\n<td><input id=\"tol-pared\" name=\"textfield\" type=\"text\" \/><\/td>\n<\/tr>\n<\/tbody>\n<\/table>\n<p id=\"errormsgext\" style=\"text-align: center; display: none;\"><span style=\"color: red;\">Introdu diametrul exterior pentru a calcula diametrul interior sau pe perete.<\/span><\/p>\n<p id=\"errormsgint\" style=\"text-align: center; display: none;\"><span style=\"color: red;\">Diametrul interior trebuie s\u0103 fie mai mic dec\u00e2t diametrul exterior.<\/span><\/p>\n<p id=\"errormsgpared\" style=\"text-align: center; display: none;\"><span style=\"color: red;\">Perete trebuie s\u0103 fie mai mic\u0103 dec\u00e2t diametrul exterior \u0219i interior.<\/span><\/p>\n<p class=\"content-btn\"><input id=\"calc-tolerancia-borrar\" class=\"btn_ausa\" type=\"button\" value=\"  Sterge  \" \/><\/p>\n<\/form>\n<p><em><span style=\"font-size: 0.9em;\">* C\u00e2mpuri obligatorii<\/span><\/em><br \/>\n<em><span style=\"font-size: 0.9em;\">** Trebuie s\u0103 completa\u021bi unul dintre cele dou\u0103 c\u00e2mpuri: Diametru interior sau Perete.<\/span><\/em>\n<\/div>\n<div class=\"bloque\">\n<h4>\u00cen conformitate cu norma<strong> EN 10297-1<\/strong>, dimensiunile minime \u0219i maxime ale barei perforate accesate cu privire la care se solicit\u0103 informa\u021bii trebuie s\u0103 fie:<\/h4>\n<form>\n<table border=\"1\" width=\"100%\">\n<tbody>\n<tr>\n<th><strong>Toleran\u021b\u0103\u00a0diam. exterior (-)<\/strong><\/th>\n<th><strong>Toleran\u021b\u0103\u00a0diam. exterior (+)<\/strong><\/th>\n<th>Toleran\u021b\u0103 diam. interior (-)<\/th>\n<th>Toleran\u021b\u0103 diam. interior (+)<\/th>\n<th><strong>Toleran\u021b\u0103 perete<\/strong> (-)<\/th>\n<th><strong>Toleran\u021b\u0103 perete<\/strong> (+)<\/th>\n<\/tr>\n<tr>\n<td><input id=\"tol-dext-min\" name=\"textfield\" type=\"text\" \/><\/td>\n<td><input id=\"tol-dext-max\" name=\"textfield\" type=\"text\" \/><\/td>\n<td><input id=\"tol-dint-min\" name=\"textfield\" type=\"text\" \/><\/td>\n<td><input id=\"tol-dint-max\" name=\"textfield\" type=\"text\" \/><\/td>\n<td><input id=\"tol-pared-min\" name=\"textfield\" type=\"text\" \/><\/td>\n<td><input id=\"tol-pared-max\" name=\"textfield\" type=\"text\" \/><\/td>\n<\/tr>\n<\/tbody>\n<\/table>\n<\/form>\n<\/div>\n<div class=\"row gris\" id=\"informacion_tecnica\">\n<div class=\"container\">\n<h2>Informa\u021bii tehnice<\/h2>\n<p>[vc_widget_sidebar show_bg=&#8221;false&#8221; sidebar_id=&#8221;sidebar_26&#8243;]\n<\/p><\/div>\n<\/div>\n<\/div><!-- AddThis Advanced Settings generic via filter on the_content -->","protected":false},"excerpt":{"rendered":"<p>[vc_row el_class=&#8221;h2-nivel-3&#8243; margin_top=&#8221;0&#8243; margin_bottom=&#8221;0&#8243; padding_left=&#8221;40&#8243; padding_right=&#8221;40&#8243; bg_position=&#8221;top&#8221; bg_repeat=&#8221;no-repeat&#8221; bg_cover=&#8221;false&#8221; bg_attachment=&#8221;false&#8221; padding_top=&#8221;40&#8243; padding_bottom=&#8221;40&#8243; parallax_speed=&#8221;0.1&#8243;][vc_column width=&#8221;1\/1&#8243;][vc_column_text] Toleran\u021be bar\u0103 perforat\u0103 Calculul toleran\u021belor dimensionale pentru bara perforat\u0103 Introduce\u021bi dou\u0103 m\u0103suri pentru calcularea toleran\u021belor dimensionale. Diametru exterior* Diametru interior** Perete** Introdu diametrul exterior pentru a calcula diametrul interior sau pe perete. Diametrul interior trebuie s\u0103 fie mai mic dec\u00e2t diametrul&hellip;<!-- AddThis Advanced Settings generic via filter on get_the_excerpt --><\/p>\n","protected":false},"author":1,"featured_media":0,"parent":3209,"menu_order":0,"comment_status":"closed","ping_status":"open","template":"","meta":{"footnotes":""},"class_list":["post-3549","page","type-page","status-publish","hentry"],"yoast_head":"<!-- This site is optimized with the Yoast SEO plugin v26.6 - https:\/\/yoast.com\/wordpress\/plugins\/seo\/ -->\n<title>Toleran\u021be bar\u0103 perforat\u0103 - AUSA Special Steels<\/title>\n<meta name=\"description\" content=\"Calculul toleran\u021belor dimensionale pentru bara perforat\u0103. Introduce\u021bi dou\u0103 m\u0103suri pentru calcularea toleran\u021belor dimensionale.\" \/>\n<meta name=\"robots\" content=\"index, follow, max-snippet:-1, max-image-preview:large, max-video-preview:-1\" \/>\n<link rel=\"canonical\" href=\"https:\/\/www.ausasteel.com\/ro\/informatii-tehnice\/tolerante-bara-perforata\/\" \/>\n<meta property=\"og:locale\" content=\"ro_RO\" \/>\n<meta property=\"og:type\" content=\"article\" \/>\n<meta property=\"og:title\" content=\"Toleran\u021be bar\u0103 perforat\u0103 - AUSA Special Steels\" \/>\n<meta property=\"og:description\" content=\"Calculul toleran\u021belor dimensionale pentru bara perforat\u0103. Introduce\u021bi dou\u0103 m\u0103suri pentru calcularea toleran\u021belor dimensionale.\" \/>\n<meta property=\"og:url\" content=\"https:\/\/www.ausasteel.com\/ro\/informatii-tehnice\/tolerante-bara-perforata\/\" \/>\n<meta property=\"og:site_name\" content=\"AUSA special steels\" \/>\n<meta property=\"article:modified_time\" content=\"2019-06-19T13:24:53+00:00\" \/>\n<meta name=\"twitter:label1\" content=\"Est. reading time\" \/>\n\t<meta name=\"twitter:data1\" content=\"1 minute\" \/>\n<script type=\"application\/ld+json\" class=\"yoast-schema-graph\">{\"@context\":\"https:\/\/schema.org\",\"@graph\":[{\"@type\":\"WebPage\",\"@id\":\"https:\/\/www.ausasteel.com\/ro\/informatii-tehnice\/tolerante-bara-perforata\/\",\"url\":\"https:\/\/www.ausasteel.com\/ro\/informatii-tehnice\/tolerante-bara-perforata\/\",\"name\":\"Toleran\u021be bar\u0103 perforat\u0103 - AUSA Special Steels\",\"isPartOf\":{\"@id\":\"https:\/\/www.ausasteel.com\/ro\/#website\"},\"datePublished\":\"2014-10-28T11:22:59+00:00\",\"dateModified\":\"2019-06-19T13:24:53+00:00\",\"description\":\"Calculul toleran\u021belor dimensionale pentru bara perforat\u0103. Introduce\u021bi dou\u0103 m\u0103suri pentru calcularea toleran\u021belor dimensionale.\",\"breadcrumb\":{\"@id\":\"https:\/\/www.ausasteel.com\/ro\/informatii-tehnice\/tolerante-bara-perforata\/#breadcrumb\"},\"inLanguage\":\"ro-RO\",\"potentialAction\":[{\"@type\":\"ReadAction\",\"target\":[\"https:\/\/www.ausasteel.com\/ro\/informatii-tehnice\/tolerante-bara-perforata\/\"]}]},{\"@type\":\"BreadcrumbList\",\"@id\":\"https:\/\/www.ausasteel.com\/ro\/informatii-tehnice\/tolerante-bara-perforata\/#breadcrumb\",\"itemListElement\":[{\"@type\":\"ListItem\",\"position\":1,\"name\":\"Portada\",\"item\":\"https:\/\/www.ausasteel.com\/ro\/\"},{\"@type\":\"ListItem\",\"position\":2,\"name\":\"Informa\u021bii tehnice\",\"item\":\"https:\/\/www.ausasteel.com\/ro\/informatii-tehnice\/\"},{\"@type\":\"ListItem\",\"position\":3,\"name\":\"Toleran\u021be bar\u0103 perforat\u0103\"}]},{\"@type\":\"WebSite\",\"@id\":\"https:\/\/www.ausasteel.com\/ro\/#website\",\"url\":\"https:\/\/www.ausasteel.com\/ro\/\",\"name\":\"AUSA special steels\",\"description\":\"AUSA special steels\",\"potentialAction\":[{\"@type\":\"SearchAction\",\"target\":{\"@type\":\"EntryPoint\",\"urlTemplate\":\"https:\/\/www.ausasteel.com\/ro\/?s={search_term_string}\"},\"query-input\":{\"@type\":\"PropertyValueSpecification\",\"valueRequired\":true,\"valueName\":\"search_term_string\"}}],\"inLanguage\":\"ro-RO\"}]}<\/script>\n<!-- \/ Yoast SEO plugin. -->","yoast_head_json":{"title":"Toleran\u021be bar\u0103 perforat\u0103 - AUSA Special Steels","description":"Calculul toleran\u021belor dimensionale pentru bara perforat\u0103. Introduce\u021bi dou\u0103 m\u0103suri pentru calcularea toleran\u021belor dimensionale.","robots":{"index":"index","follow":"follow","max-snippet":"max-snippet:-1","max-image-preview":"max-image-preview:large","max-video-preview":"max-video-preview:-1"},"canonical":"https:\/\/www.ausasteel.com\/ro\/informatii-tehnice\/tolerante-bara-perforata\/","og_locale":"ro_RO","og_type":"article","og_title":"Toleran\u021be bar\u0103 perforat\u0103 - AUSA Special Steels","og_description":"Calculul toleran\u021belor dimensionale pentru bara perforat\u0103. Introduce\u021bi dou\u0103 m\u0103suri pentru calcularea toleran\u021belor dimensionale.","og_url":"https:\/\/www.ausasteel.com\/ro\/informatii-tehnice\/tolerante-bara-perforata\/","og_site_name":"AUSA special steels","article_modified_time":"2019-06-19T13:24:53+00:00","twitter_misc":{"Est. reading time":"1 minute"},"schema":{"@context":"https:\/\/schema.org","@graph":[{"@type":"WebPage","@id":"https:\/\/www.ausasteel.com\/ro\/informatii-tehnice\/tolerante-bara-perforata\/","url":"https:\/\/www.ausasteel.com\/ro\/informatii-tehnice\/tolerante-bara-perforata\/","name":"Toleran\u021be bar\u0103 perforat\u0103 - AUSA Special Steels","isPartOf":{"@id":"https:\/\/www.ausasteel.com\/ro\/#website"},"datePublished":"2014-10-28T11:22:59+00:00","dateModified":"2019-06-19T13:24:53+00:00","description":"Calculul toleran\u021belor dimensionale pentru bara perforat\u0103. Introduce\u021bi dou\u0103 m\u0103suri pentru calcularea toleran\u021belor dimensionale.","breadcrumb":{"@id":"https:\/\/www.ausasteel.com\/ro\/informatii-tehnice\/tolerante-bara-perforata\/#breadcrumb"},"inLanguage":"ro-RO","potentialAction":[{"@type":"ReadAction","target":["https:\/\/www.ausasteel.com\/ro\/informatii-tehnice\/tolerante-bara-perforata\/"]}]},{"@type":"BreadcrumbList","@id":"https:\/\/www.ausasteel.com\/ro\/informatii-tehnice\/tolerante-bara-perforata\/#breadcrumb","itemListElement":[{"@type":"ListItem","position":1,"name":"Portada","item":"https:\/\/www.ausasteel.com\/ro\/"},{"@type":"ListItem","position":2,"name":"Informa\u021bii tehnice","item":"https:\/\/www.ausasteel.com\/ro\/informatii-tehnice\/"},{"@type":"ListItem","position":3,"name":"Toleran\u021be bar\u0103 perforat\u0103"}]},{"@type":"WebSite","@id":"https:\/\/www.ausasteel.com\/ro\/#website","url":"https:\/\/www.ausasteel.com\/ro\/","name":"AUSA special steels","description":"AUSA special steels","potentialAction":[{"@type":"SearchAction","target":{"@type":"EntryPoint","urlTemplate":"https:\/\/www.ausasteel.com\/ro\/?s={search_term_string}"},"query-input":{"@type":"PropertyValueSpecification","valueRequired":true,"valueName":"search_term_string"}}],"inLanguage":"ro-RO"}]}},"_links":{"self":[{"href":"https:\/\/www.ausasteel.com\/ro\/wp-json\/wp\/v2\/pages\/3549","targetHints":{"allow":["GET"]}}],"collection":[{"href":"https:\/\/www.ausasteel.com\/ro\/wp-json\/wp\/v2\/pages"}],"about":[{"href":"https:\/\/www.ausasteel.com\/ro\/wp-json\/wp\/v2\/types\/page"}],"author":[{"embeddable":true,"href":"https:\/\/www.ausasteel.com\/ro\/wp-json\/wp\/v2\/users\/1"}],"replies":[{"embeddable":true,"href":"https:\/\/www.ausasteel.com\/ro\/wp-json\/wp\/v2\/comments?post=3549"}],"version-history":[{"count":16,"href":"https:\/\/www.ausasteel.com\/ro\/wp-json\/wp\/v2\/pages\/3549\/revisions"}],"predecessor-version":[{"id":15624,"href":"https:\/\/www.ausasteel.com\/ro\/wp-json\/wp\/v2\/pages\/3549\/revisions\/15624"}],"up":[{"embeddable":true,"href":"https:\/\/www.ausasteel.com\/ro\/wp-json\/wp\/v2\/pages\/3209"}],"wp:attachment":[{"href":"https:\/\/www.ausasteel.com\/ro\/wp-json\/wp\/v2\/media?parent=3549"}],"curies":[{"name":"wp","href":"https:\/\/api.w.org\/{rel}","templated":true}]}}