    {"id":3546,"date":"2014-10-28T11:22:00","date_gmt":"2014-10-28T11:22:00","guid":{"rendered":"http:\/\/ausasteel.irantzu.com\/informatii-tehnice\/convertir-kg-newton\/"},"modified":"2018-09-19T14:45:15","modified_gmt":"2018-09-19T14:45:15","slug":"transformare-kg-in-newtoni","status":"publish","type":"page","link":"https:\/\/www.ausasteel.com\/ro\/informatii-tehnice\/transformare-kg-in-newtoni\/","title":{"rendered":"Transformare Kg \u00een Newtoni"},"content":{"rendered":"<div class=\"wpb-content-wrapper\"><div class=\"row\">\n<div class=\"container\">\n<h1>Transformare Kg \u00een Newtoni<\/h1>\n<p>La aplica\u021bii \u00een care folosim sistemul metric de m\u0103sur\u0103, transformarea Kilogramelor \u00een unit\u0103\u021bi de m\u0103sur\u0103 Newton sau invers este util\u0103 \u0219i ajut\u0103 la simplificarea anumitor calcule.<\/p>\n<\/div>\n<\/div>\n<p>[vc_row el_class=&#8221;ea&#8221; margin_top=&#8221;0&#8243; margin_bottom=&#8221;0&#8243; padding_left=&#8221;40&#8243; padding_right=&#8221;40&#8243; bg_position=&#8221;top&#8221; bg_repeat=&#8221;no-repeat&#8221; bg_cover=&#8221;false&#8221; bg_attachment=&#8221;false&#8221; padding_top=&#8221;40&#8243; padding_bottom=&#8221;40&#8243; parallax_speed=&#8221;0.1&#8243;][vc_column width=&#8221;1\/2&#8243;][vc_column_text]<\/p>\n<h3>Tabel de conversie kg. \/ Newton<\/h3>\n<table border=\"1\" width=\"100%\">\n<tbody>\n<tr>\n<th>Kg.\/mm<sup>2<\/sup><\/th>\n<th>Newton\/mm<sup>2<\/sup><\/th>\n<\/tr>\n<tr>\n<td><input id=\"kg2n-input\" name=\"textfield\" type=\"text\" \/><\/td>\n<td><input id=\"kg2n-output\" name=\"textfield\" type=\"text\" value=\"0.00\" \/><\/td>\n<\/tr>\n<\/tbody>\n<\/table>\n<p>[\/vc_column_text][\/vc_column][vc_column width=&#8221;1\/2&#8243;][vc_column_text]<\/p>\n<h3>Tabel de conversie Newton \/ Kg.<\/h3>\n<table border=\"1\" width=\"100%\">\n<tbody>\n<tr>\n<th>Newton\/mm<sup>2<\/sup><\/th>\n<th>Kg.\/mm<sup>2<\/sup><\/th>\n<\/tr>\n<tr>\n<td><input id=\"n2kg-input\" name=\"textfield\" type=\"text\" \/><\/td>\n<td><input id=\"n2kg-output\" name=\"textfield\" type=\"text\" value=\"0.00\" \/><\/td>\n<\/tr>\n<\/tbody>\n<\/table>\n<p>[\/vc_column_text][\/vc_column][\/vc_row][vc_row padding_left=&#8221;40&#8243; padding_right=&#8221;40&#8243; bg_position=&#8221;top&#8221; bg_repeat=&#8221;no-repeat&#8221; bg_cover=&#8221;false&#8221; bg_attachment=&#8221;false&#8221; padding_top=&#8221;40&#8243; padding_bottom=&#8221;40&#8243; parallax_speed=&#8221;0.1&#8243; el_class=&#8221;texto-image&#8221; margin_top=&#8221;0&#8243; margin_bottom=&#8221;40&#8243;][vc_column width=&#8221;1\/1&#8243;][vc_column_text el_class=&#8221;description-text&#8221;]<\/p>\n<h2>Defini\u021bia kilogramului<\/h2>\n<p>Kilogramul (kg) este unitatea de baz\u0103 pentru mas\u0103 \u00een cadrul Sistemului Interna\u021bional de Unit\u0103\u021bi (SI), iar etalonul s\u0103u este definit ca fiind masa pe care o are prototipul interna\u021bional, compus dintr-un aliaj de platin\u0103 \u0219i iridiu. Un kilogram este echivalent cu 1.000 grame.[\/vc_column_text][\/vc_column][\/vc_row][vc_row padding_left=&#8221;40&#8243; padding_right=&#8221;40&#8243; bg_position=&#8221;top&#8221; bg_repeat=&#8221;no-repeat&#8221; bg_cover=&#8221;false&#8221; bg_attachment=&#8221;false&#8221; padding_top=&#8221;40&#8243; padding_bottom=&#8221;40&#8243; parallax_speed=&#8221;0.1&#8243; el_class=&#8221;texto-image&#8221; margin_top=&#8221;0&#8243; margin_bottom=&#8221;40&#8243;][vc_column width=&#8221;1\/1&#8243;][vc_column_text el_class=&#8221;description-text&#8221;]<\/p>\n<h2>Dini\u021bia unit\u0103\u021bii de m\u0103sur\u0103 Newton<\/h2>\n<p>Unitate de for\u021b\u0103 \u00een Sistemul Interna\u021bional, av\u00e2nd simbolul N, care este egal\u0103 cu for\u021ba ce trebuie aplicat\u0103 unui corp care are masa de un kilogram pentru a-i imprima o accelerare de un metru p\u0103trat pe secund\u0103.[\/vc_column_text][\/vc_column][\/vc_row]<\/p>\n<div class=\"row gris\" id=\"informacion_tecnica\">\n<div class=\"container\">\n<h2>Informa\u021bii tehnice<\/h2>\n<p>[vc_widget_sidebar show_bg=&#8221;false&#8221; sidebar_id=&#8221;sidebar_26&#8243;]\n<\/p><\/div>\n<\/div>\n<\/div><!-- AddThis Advanced Settings generic via filter on the_content -->","protected":false},"excerpt":{"rendered":"<p>Transformare Kg \u00een Newtoni La aplica\u021bii \u00een care folosim sistemul metric de m\u0103sur\u0103, transformarea Kilogramelor \u00een unit\u0103\u021bi de m\u0103sur\u0103 Newton sau invers este util\u0103 \u0219i ajut\u0103 la simplificarea anumitor calcule. [vc_row el_class=&#8221;ea&#8221; margin_top=&#8221;0&#8243; margin_bottom=&#8221;0&#8243; padding_left=&#8221;40&#8243; padding_right=&#8221;40&#8243; bg_position=&#8221;top&#8221; bg_repeat=&#8221;no-repeat&#8221; bg_cover=&#8221;false&#8221; bg_attachment=&#8221;false&#8221; padding_top=&#8221;40&#8243; padding_bottom=&#8221;40&#8243; parallax_speed=&#8221;0.1&#8243;][vc_column width=&#8221;1\/2&#8243;][vc_column_text] Tabel de conversie kg. \/ Newton Kg.\/mm2 Newton\/mm2 [\/vc_column_text][\/vc_column][vc_column width=&#8221;1\/2&#8243;][vc_column_text] Tabel&hellip;<!-- AddThis Advanced Settings generic via filter on get_the_excerpt --><\/p>\n","protected":false},"author":1,"featured_media":0,"parent":3209,"menu_order":0,"comment_status":"closed","ping_status":"open","template":"","meta":{"footnotes":""},"class_list":["post-3546","page","type-page","status-publish","hentry"],"yoast_head":"<!-- This site is optimized with the Yoast SEO plugin v26.6 - https:\/\/yoast.com\/wordpress\/plugins\/seo\/ -->\n<title>Transformare Kg \u00een Newtoni - AUSA Special Steels<\/title>\n<meta name=\"description\" content=\"La aplica\u021bii \u00een care folosim sistemul metric de m\u0103sur\u0103, transformarea Kilogramelor \u00een unit\u0103\u021bi de m\u0103sur\u0103 Newton sau invers este util\u0103 \u0219i ajut\u0103...\" \/>\n<meta name=\"robots\" content=\"index, follow, max-snippet:-1, max-image-preview:large, max-video-preview:-1\" \/>\n<link rel=\"canonical\" href=\"https:\/\/www.ausasteel.com\/ro\/informatii-tehnice\/transformare-kg-in-newtoni\/\" \/>\n<meta property=\"og:locale\" content=\"ro_RO\" \/>\n<meta property=\"og:type\" content=\"article\" \/>\n<meta property=\"og:title\" content=\"Transformare Kg \u00een Newtoni - AUSA Special Steels\" \/>\n<meta property=\"og:description\" content=\"La aplica\u021bii \u00een care folosim sistemul metric de m\u0103sur\u0103, transformarea Kilogramelor \u00een unit\u0103\u021bi de m\u0103sur\u0103 Newton sau invers este util\u0103 \u0219i ajut\u0103...\" \/>\n<meta property=\"og:url\" content=\"https:\/\/www.ausasteel.com\/ro\/informatii-tehnice\/transformare-kg-in-newtoni\/\" \/>\n<meta property=\"og:site_name\" content=\"AUSA special steels\" \/>\n<meta property=\"article:modified_time\" content=\"2018-09-19T14:45:15+00:00\" \/>\n<meta name=\"twitter:label1\" content=\"Est. reading time\" \/>\n\t<meta name=\"twitter:data1\" content=\"2 minutes\" \/>\n<script type=\"application\/ld+json\" class=\"yoast-schema-graph\">{\"@context\":\"https:\/\/schema.org\",\"@graph\":[{\"@type\":\"WebPage\",\"@id\":\"https:\/\/www.ausasteel.com\/ro\/informatii-tehnice\/transformare-kg-in-newtoni\/\",\"url\":\"https:\/\/www.ausasteel.com\/ro\/informatii-tehnice\/transformare-kg-in-newtoni\/\",\"name\":\"Transformare Kg \u00een Newtoni - AUSA Special Steels\",\"isPartOf\":{\"@id\":\"https:\/\/www.ausasteel.com\/ro\/#website\"},\"datePublished\":\"2014-10-28T11:22:00+00:00\",\"dateModified\":\"2018-09-19T14:45:15+00:00\",\"description\":\"La aplica\u021bii \u00een care folosim sistemul metric de m\u0103sur\u0103, transformarea Kilogramelor \u00een unit\u0103\u021bi de m\u0103sur\u0103 Newton sau invers este util\u0103 \u0219i ajut\u0103...\",\"breadcrumb\":{\"@id\":\"https:\/\/www.ausasteel.com\/ro\/informatii-tehnice\/transformare-kg-in-newtoni\/#breadcrumb\"},\"inLanguage\":\"ro-RO\",\"potentialAction\":[{\"@type\":\"ReadAction\",\"target\":[\"https:\/\/www.ausasteel.com\/ro\/informatii-tehnice\/transformare-kg-in-newtoni\/\"]}]},{\"@type\":\"BreadcrumbList\",\"@id\":\"https:\/\/www.ausasteel.com\/ro\/informatii-tehnice\/transformare-kg-in-newtoni\/#breadcrumb\",\"itemListElement\":[{\"@type\":\"ListItem\",\"position\":1,\"name\":\"Portada\",\"item\":\"https:\/\/www.ausasteel.com\/ro\/\"},{\"@type\":\"ListItem\",\"position\":2,\"name\":\"Informa\u021bii tehnice\",\"item\":\"https:\/\/www.ausasteel.com\/ro\/informatii-tehnice\/\"},{\"@type\":\"ListItem\",\"position\":3,\"name\":\"Transformare Kg \u00een Newtoni\"}]},{\"@type\":\"WebSite\",\"@id\":\"https:\/\/www.ausasteel.com\/ro\/#website\",\"url\":\"https:\/\/www.ausasteel.com\/ro\/\",\"name\":\"AUSA special steels\",\"description\":\"AUSA special steels\",\"potentialAction\":[{\"@type\":\"SearchAction\",\"target\":{\"@type\":\"EntryPoint\",\"urlTemplate\":\"https:\/\/www.ausasteel.com\/ro\/?s={search_term_string}\"},\"query-input\":{\"@type\":\"PropertyValueSpecification\",\"valueRequired\":true,\"valueName\":\"search_term_string\"}}],\"inLanguage\":\"ro-RO\"}]}<\/script>\n<!-- \/ Yoast SEO plugin. -->","yoast_head_json":{"title":"Transformare Kg \u00een Newtoni - AUSA Special Steels","description":"La aplica\u021bii \u00een care folosim sistemul metric de m\u0103sur\u0103, transformarea Kilogramelor \u00een unit\u0103\u021bi de m\u0103sur\u0103 Newton sau invers este util\u0103 \u0219i ajut\u0103...","robots":{"index":"index","follow":"follow","max-snippet":"max-snippet:-1","max-image-preview":"max-image-preview:large","max-video-preview":"max-video-preview:-1"},"canonical":"https:\/\/www.ausasteel.com\/ro\/informatii-tehnice\/transformare-kg-in-newtoni\/","og_locale":"ro_RO","og_type":"article","og_title":"Transformare Kg \u00een Newtoni - AUSA Special Steels","og_description":"La aplica\u021bii \u00een care folosim sistemul metric de m\u0103sur\u0103, transformarea Kilogramelor \u00een unit\u0103\u021bi de m\u0103sur\u0103 Newton sau invers este util\u0103 \u0219i ajut\u0103...","og_url":"https:\/\/www.ausasteel.com\/ro\/informatii-tehnice\/transformare-kg-in-newtoni\/","og_site_name":"AUSA special steels","article_modified_time":"2018-09-19T14:45:15+00:00","twitter_misc":{"Est. reading time":"2 minutes"},"schema":{"@context":"https:\/\/schema.org","@graph":[{"@type":"WebPage","@id":"https:\/\/www.ausasteel.com\/ro\/informatii-tehnice\/transformare-kg-in-newtoni\/","url":"https:\/\/www.ausasteel.com\/ro\/informatii-tehnice\/transformare-kg-in-newtoni\/","name":"Transformare Kg \u00een Newtoni - AUSA Special Steels","isPartOf":{"@id":"https:\/\/www.ausasteel.com\/ro\/#website"},"datePublished":"2014-10-28T11:22:00+00:00","dateModified":"2018-09-19T14:45:15+00:00","description":"La aplica\u021bii \u00een care folosim sistemul metric de m\u0103sur\u0103, transformarea Kilogramelor \u00een unit\u0103\u021bi de m\u0103sur\u0103 Newton sau invers este util\u0103 \u0219i ajut\u0103...","breadcrumb":{"@id":"https:\/\/www.ausasteel.com\/ro\/informatii-tehnice\/transformare-kg-in-newtoni\/#breadcrumb"},"inLanguage":"ro-RO","potentialAction":[{"@type":"ReadAction","target":["https:\/\/www.ausasteel.com\/ro\/informatii-tehnice\/transformare-kg-in-newtoni\/"]}]},{"@type":"BreadcrumbList","@id":"https:\/\/www.ausasteel.com\/ro\/informatii-tehnice\/transformare-kg-in-newtoni\/#breadcrumb","itemListElement":[{"@type":"ListItem","position":1,"name":"Portada","item":"https:\/\/www.ausasteel.com\/ro\/"},{"@type":"ListItem","position":2,"name":"Informa\u021bii tehnice","item":"https:\/\/www.ausasteel.com\/ro\/informatii-tehnice\/"},{"@type":"ListItem","position":3,"name":"Transformare Kg \u00een Newtoni"}]},{"@type":"WebSite","@id":"https:\/\/www.ausasteel.com\/ro\/#website","url":"https:\/\/www.ausasteel.com\/ro\/","name":"AUSA special steels","description":"AUSA special steels","potentialAction":[{"@type":"SearchAction","target":{"@type":"EntryPoint","urlTemplate":"https:\/\/www.ausasteel.com\/ro\/?s={search_term_string}"},"query-input":{"@type":"PropertyValueSpecification","valueRequired":true,"valueName":"search_term_string"}}],"inLanguage":"ro-RO"}]}},"_links":{"self":[{"href":"https:\/\/www.ausasteel.com\/ro\/wp-json\/wp\/v2\/pages\/3546","targetHints":{"allow":["GET"]}}],"collection":[{"href":"https:\/\/www.ausasteel.com\/ro\/wp-json\/wp\/v2\/pages"}],"about":[{"href":"https:\/\/www.ausasteel.com\/ro\/wp-json\/wp\/v2\/types\/page"}],"author":[{"embeddable":true,"href":"https:\/\/www.ausasteel.com\/ro\/wp-json\/wp\/v2\/users\/1"}],"replies":[{"embeddable":true,"href":"https:\/\/www.ausasteel.com\/ro\/wp-json\/wp\/v2\/comments?post=3546"}],"version-history":[{"count":7,"href":"https:\/\/www.ausasteel.com\/ro\/wp-json\/wp\/v2\/pages\/3546\/revisions"}],"predecessor-version":[{"id":14551,"href":"https:\/\/www.ausasteel.com\/ro\/wp-json\/wp\/v2\/pages\/3546\/revisions\/14551"}],"up":[{"embeddable":true,"href":"https:\/\/www.ausasteel.com\/ro\/wp-json\/wp\/v2\/pages\/3209"}],"wp:attachment":[{"href":"https:\/\/www.ausasteel.com\/ro\/wp-json\/wp\/v2\/media?parent=3546"}],"curies":[{"name":"wp","href":"https:\/\/api.w.org\/{rel}","templated":true}]}}