    {"id":3466,"date":"2014-10-28T09:52:26","date_gmt":"2014-10-28T09:52:26","guid":{"rendered":"http:\/\/ausasteel.irantzu.com\/oteluri-calibrate\/oteluri-calibrate-mecanizare-usoara\/acero-calibrado-de-facil-mecanizacion-11smnpb37\/"},"modified":"2019-09-11T15:52:17","modified_gmt":"2019-09-11T15:52:17","slug":"otel-calibrate-mecanizare-usoara-11smnpb37","status":"publish","type":"page","link":"https:\/\/www.ausasteel.com\/ro\/oteluri\/oteluri-calibrate\/oteluri-calibrate-mecanizare-usoara\/otel-calibrate-mecanizare-usoara-11smnpb37\/","title":{"rendered":"O\u021bel calibrate mecanizare u\u0219oar\u0103 11SMnPb37"},"content":{"rendered":"<div class=\"row\">\n<div class=\"container\">\n<div>\n<h1>O\u021bel calibrate mecanizare u\u0219oar\u0103 11SMnPb37<\/h1>\n<h3>O\u021bel resulfurat cu ad\u0103ugare de plumb, cu <strong>prelucrabilitate \u00eembun\u0103t\u0103\u021bit\u0103<\/strong>, superioar\u0103 fa\u021b\u0103 de 11SMnPb30.<\/h3>\n<\/div>\n<div class=\"caja_bloques\">\n<div class=\"col-md-5\">\n<div class=\"bloque\">\n<h4 style=\"text-transform: uppercase;\">Dimensiuni \u00een stoc \u2013 mm.<\/h4>\n<ul>\n<li><img decoding=\"async\" src=\"\/wp-content\/uploads\/2014\/10\/circulo.png\" alt=\"circle\" \/><span>5-100<\/span><\/li>\n<\/ul>\n<\/div>\n<div class=\"bloque\">\n<h4 style=\"text-trasnform: uppercase;\">Norm\u0103 de aplicare<\/h4>\n<p>EN 10277-3<\/p>\n<\/div>\n<div class=\"bloque\">\n<h4 style=\"text-transform: uppercase;\">Cod de culori<\/h4>\n<div class=\"figura\" style=\"width: 50px;height: 50px;border: 2px solid #808080 ;border-radius: 50%;position: relative;background:green;\"><div><span style=\"position: absolute;display:inline-block;width:0;height:0;line-height:0;border:25px solid none;border-left:none;border-bottom-right-radius:50px;border-top-right-radius:50px;left:25px;top:0px\"><\/span><span style=\"position: absolute;display:inline-block;width:0;height:0;line-height:0;border:25px solid none;border-right:none;border-bottom-left-radius:50px;border-top-left-radius:50px;left:0px;top:0px\"><\/span><\/div><div style=\"width: 30px;height: 30px;border-radius: 50%;position: absolute;top: 10px;left: 10px;background: none;z-index: 3;\"><\/div><div style=\"width: 8px;height: 50px;display: block;position: absolute;z-index: 3;top: 50%;left: 50%;margin: -25px 0 0 -4px;background:none;\"><\/div><\/div><\/div>\n<\/div>\n<div class=\"col-md-7\">\n<div class=\"bloque\">\n<h4 style=\"text-transform: uppercase;\">Descriere \u0219i utiliz\u0103ri obi\u0219nuite<\/h4>\n<p>Are <strong>multiple utiliz\u0103ri, <\/strong>f\u0103r\u0103 a fi necesare propriet\u0103\u021bi mecanice deosebite.<\/p>\n<p><strong>Este folosit<\/strong>, de obicei, pentru produc\u021bia de \u0219uruburi, buloane, dulii, racorduri \u0219i piuli\u021be.<\/p>\n<div class=\"galeria_ficha\">\n<div class=\"previsualizacion\">\n<img decoding=\"async\" id=\"preview\" src=\"\/wp-content\/uploads\/2014\/10\/Otel-Calibrate-11SMnPb37-1.png\" alt=\"O\u021bel calibrate mecanizare u\u0219oar\u0103 11SMn37 - AUSA\" title=\"O\u021bel calibrate mecanizare u\u0219oar\u0103 11SMn37 - AUSA\"><a class=\"wp-colorbox-image\" href=\"\/wp-content\/uploads\/2014\/10\/Otel-Calibrate-11SMnPb37-1.png\" data-rel=\"lightbox-gallery-LpPxRfan\" data-rl_title=\"\" data-rl_caption=\"\" title=\"\"><\/a>\n<\/div>\n<div class=\"miniaturas\">\n<img decoding=\"async\" class=\"thumbnail active\" onclick=\"showGallery(event)\" src=\"\/wp-content\/uploads\/2014\/10\/Otel-Calibrate-11SMnPb37-1.png\" alt=\"O\u021bel calibrate mecanizare u\u0219oar\u0103 11SMn37 - AUSA\" title=\"O\u021bel calibrate mecanizare u\u0219oar\u0103 11SMn37 - AUSA\" ><br \/>\n<img decoding=\"async\" class=\"thumbnail\" onclick=\"showGallery(event)\" src=\"\/wp-content\/uploads\/2014\/10\/Otel-Calibrate-11SMnPb37-2.png\" alt=\"O\u021bel calibrate mecanizare u\u0219oar\u0103 11SMn37 - AUSA\" title=\"O\u021bel calibrate mecanizare u\u0219oar\u0103 11SMn37 - AUSA\"><br \/>\n<img decoding=\"async\" class=\"thumbnail\" onclick=\"showGallery(event)\" src=\"\/wp-content\/uploads\/2014\/10\/Otel-Calibrate-11SMnPb37-3.png\" alt=\"O\u021bel calibrate mecanizare u\u0219oar\u0103 11SMn37 - AUSA\" title=\"O\u021bel calibrate mecanizare u\u0219oar\u0103 11SMn37 - AUSA\"><br \/>\n<img decoding=\"async\" class=\"thumbnail\" onclick=\"showGallery(event)\" src=\"\/wp-content\/uploads\/2015\/05\/Acero-Calibrado-11SMnPb37-AUSA.png\" alt=\"O\u021bel calibrate mecanizare u\u0219oar\u0103 11SMn37 - AUSA\" title=\"O\u021bel calibrate mecanizare u\u0219oar\u0103 11SMn37 - AUSA\">\n<\/div>\n<\/div>\n<\/div>\n<\/div>\n<\/div>\n<\/div>\n<\/div>\n<div class=\"row\">\n<div class=\"container caja_tablas\">\n<div class=\"selectores\">\n<button class=\"selector_tab active\" onclick=\"openTab(event,'t_composicion')\">Compozi\u021bie chimic\u0103<\/button><br \/>\n<button class=\"selector_tab\" onclick=\"openTab(event,'t_caracteristicas')\">Caracteristici mecanice<\/button><br \/>\n<button class=\"selector_tab\" onclick=\"openTab(event,'t_equivalencias')\">Echivalen\u021be aproximative<\/button><br \/>\n<button class=\"selector_tab\" onclick=\"openTab(event,'t_suministros')\">Caracterisitci de furnizare<\/button>\n<\/div>\n<div id=\"t_composicion\" class=\"tab\">\n<table class=\"footable\" border=\"1\" width=\"100%\">\n<tbody>\n<tr>\n<th scope=\"col\" style=\"text-align: center; vertical-align: middle;\"><\/th>\n<th scope=\"col\" style=\"text-align: center; vertical-align: middle;\"><strong>C<\/strong><\/th>\n<th scope=\"col\" style=\"text-align: center; vertical-align: middle;\"><strong>Mn<\/strong><\/th>\n<th scope=\"col\" style=\"text-align: center; vertical-align: middle;\"><strong>Si<\/strong><\/th>\n<th scope=\"col\" style=\"text-align: center; vertical-align: middle;\"><strong>P<\/strong><\/th>\n<th scope=\"col\" style=\"text-align: center; vertical-align: middle;\"><strong>S<\/strong><\/th>\n<th scope=\"col\" style=\"text-align: center; vertical-align: middle;\"><strong>Otros<\/strong><\/th>\n<\/tr>\n<tr>\n<td style=\"text-align: center; vertical-align: middle;\"><strong>Min.<\/strong><\/td>\n<td style=\"text-align: center; vertical-align: middle;\"><\/td>\n<td style=\"text-align: center; vertical-align: middle;\">1,00<\/td>\n<td style=\"text-align: center; vertical-align: middle;\"><\/td>\n<td style=\"text-align: center; vertical-align: middle;\"><\/td>\n<td style=\"text-align: center; vertical-align: middle;\">0,34<\/td>\n<td rowspan=\"2\" style=\"text-align: center; vertical-align: middle;\">Pb: 0,20-0,35<\/td>\n<\/tr>\n<tr>\n<td style=\"text-align: center; vertical-align: middle;\"><strong>Max.<\/strong><\/td>\n<td style=\"text-align: center; vertical-align: middle;\">0,14<\/td>\n<td style=\"text-align: center; vertical-align: middle;\">1,50<\/td>\n<td style=\"text-align: center; vertical-align: middle;\">0,05<\/td>\n<td style=\"text-align: center; vertical-align: middle;\">0,11<\/td>\n<td style=\"text-align: center; vertical-align: middle;\">0,40<\/td>\n<\/tr>\n<\/tbody>\n<\/table>\n<\/div>\n<div id=\"t_caracteristicas\" class=\"tab\" style=\"display:none;\">\n<table border=\"1\" width=\"100%\">\n<tbody>\n<tr>\n<th colspan=\"2\" style=\"text-align: center; vertical-align: middle;\"><strong>Dimensiuni<\/strong><\/th>\n<th style=\"text-align: center; vertical-align: middle;\"><strong>Re (N\/mm<sup>2<\/sup>)<\/strong><\/th>\n<th colspan=\"2\" style=\"text-align: center; vertical-align: middle; width: 199px;\"><strong>Rm (N\/mm<sup>2<\/sup>)<\/strong><\/th>\n<th style=\"text-align: center; vertical-align: middle;\"><strong>A (%)<\/strong><\/th>\n<\/tr>\n<tr>\n<td class=\"gris\" colspan=\"2\" style=\"text-align: center; vertical-align: middle;\"><strong>Mm.<\/strong><\/td>\n<td class=\"gris\" style=\"text-align: center; vertical-align: middle;\"><strong>Min.<\/strong><\/td>\n<td class=\"gris\" style=\"text-align: center; vertical-align: middle;\"><strong>Min.<\/strong><\/td>\n<td class=\"gris\" style=\"text-align: center; vertical-align: middle;\"><strong>Max.<\/strong><\/td>\n<td class=\"gris\" style=\"text-align: center; vertical-align: middle;\"><strong>Min.<\/strong><\/td>\n<\/tr>\n<tr>\n<td style=\"text-align: center; vertical-align: middle; white-space: nowrap;\">\u2265 5<\/td>\n<td style=\"text-align: center; vertical-align: middle; white-space: nowrap;\">\u2264 10<\/td>\n<td style=\"text-align: center; vertical-align: middle;\">440<\/td>\n<td style=\"text-align: center; vertical-align: middle;\">510<\/td>\n<td style=\"text-align: center; vertical-align: middle; white-space: nowrap;\">810<\/td>\n<td style=\"text-align: center; vertical-align: middle; white-space: nowrap;\">6<\/td>\n<\/tr>\n<tr>\n<td style=\"text-align: center; vertical-align: middle; white-space: nowrap;\">&gt; 10<\/td>\n<td style=\"text-align: center; vertical-align: middle; white-space: nowrap;\">\u2264 16<\/td>\n<td style=\"text-align: center; vertical-align: middle;\">410<\/td>\n<td style=\"text-align: center; vertical-align: middle;\">490<\/td>\n<td style=\"text-align: center; vertical-align: middle; white-space: nowrap;\">760<\/td>\n<td style=\"text-align: center; vertical-align: middle; white-space: nowrap;\">7<\/td>\n<\/tr>\n<tr>\n<td style=\"text-align: center; vertical-align: middle; white-space: nowrap;\">&gt; 16<\/td>\n<td style=\"text-align: center; vertical-align: middle; white-space: nowrap;\">\u2264 40<\/td>\n<td style=\"text-align: center; vertical-align: middle; white-space: nowrap;\">375<\/td>\n<td style=\"text-align: center; vertical-align: middle;\">460<\/td>\n<td style=\"text-align: center; vertical-align: middle; white-space: nowrap;\">710<\/td>\n<td style=\"text-align: center; vertical-align: middle; white-space: nowrap;\">8<\/td>\n<\/tr>\n<tr>\n<td style=\"text-align: center; vertical-align: middle; white-space: nowrap;\">&gt; 40<\/td>\n<td style=\"text-align: center; vertical-align: middle; white-space: nowrap;\">\u2264 63<\/td>\n<td style=\"text-align: center; vertical-align: middle; white-space: nowrap;\">305<\/td>\n<td style=\"text-align: center; vertical-align: middle;\">400<\/td>\n<td style=\"text-align: center; vertical-align: middle; white-space: nowrap;\">650<\/td>\n<td style=\"text-align: center; vertical-align: middle; white-space: nowrap;\">9<\/td>\n<\/tr>\n<tr>\n<td style=\"text-align: center; vertical-align: middle; white-space: nowrap;\">&gt;63<\/td>\n<td style=\"text-align: center; vertical-align: middle; white-space: nowrap;\">\u2264 100<\/td>\n<td style=\"text-align: center; vertical-align: middle; white-space: nowrap;\">245<\/td>\n<td style=\"text-align: center; vertical-align: middle;\">360<\/td>\n<td style=\"text-align: center; vertical-align: middle; white-space: nowrap;\">630<\/td>\n<td style=\"text-align: center; vertical-align: middle; white-space: nowrap;\">9<\/td>\n<\/tr>\n<\/tbody>\n<\/table>\n<\/div>\n<div id=\"t_equivalencias\" class=\"tab\" style=\"display: none;\">\n<table class=\"ea\" border=\"1\" width=\"100%\">\n<tbody>\n<tr>\n<th scope=\"col\" style=\"text-align: center; vertical-align: middle;\"><strong>EN<\/strong><\/th>\n<th scope=\"col\" style=\"text-align: center; vertical-align: middle;\"><strong>DIN<\/strong><\/th>\n<th scope=\"col\" style=\"text-align: center; vertical-align: middle;\"><strong>N\u00ba Stand<\/strong><\/th>\n<th scope=\"col\" style=\"text-align: center; vertical-align: middle;\"><strong>UNE<\/strong><\/th>\n<th scope=\"col\" style=\"text-align: center; vertical-align: middle;\"><strong>STAS<\/strong><\/th>\n<th scope=\"col\" style=\"text-align: center; vertical-align: middle;\"><strong>AFNOR<\/strong><\/th>\n<th scope=\"col\" style=\"text-align: center; vertical-align: middle;\"><strong>BS<\/strong><\/th>\n<th scope=\"col\" style=\"text-align: center; vertical-align: middle;\"><strong>UNI<\/strong><\/th>\n<th scope=\"col\" style=\"text-align: center; vertical-align: middle;\"><strong>AISI\/SAE<\/strong><\/th>\n<th scope=\"col\" style=\"text-align: center; vertical-align: middle;\"><strong>GOST<\/strong><\/th>\n<\/tr>\n<tr>\n<td style=\"text-align: center; vertical-align: middle;\">11SMnPb37<\/td>\n<td style=\"text-align: center; vertical-align: middle;\">9SMnPb36<\/td>\n<td style=\"text-align: center; vertical-align: middle;\">1.0737<\/td>\n<td style=\"text-align: center; vertical-align: middle;\">F2114<\/td>\n<td style=\"text-align: center; vertical-align: middle;\"><\/td>\n<td style=\"text-align: center; vertical-align: middle;\">S300Pb<\/td>\n<td style=\"text-align: center; vertical-align: middle;\"><\/td>\n<td style=\"text-align: center; vertical-align: middle;\">CF9SMnPb36<\/td>\n<td style=\"text-align: center; vertical-align: middle;\">12L14<\/td>\n<td style=\"text-align: center; vertical-align: middle;\"><\/td>\n<\/tr>\n<\/tbody>\n<\/table>\n<\/div>\n<div id=\"t_suministros\" class=\"tab\" style=\"display: none;\">\n<table border=\"1\" width=\"100%\">\n<tbody>\n<tr>\n<th style=\"text-align: center; vertical-align: middle; white-space: nowrap;\"><strong>Calitate<\/strong><\/th>\n<th style=\"text-align: center; vertical-align: middle; white-space: nowrap;\"><strong>Profil<\/strong><\/th>\n<th style=\"text-align: center; vertical-align: middle; white-space: nowrap;\"><strong>Toleran\u021b<strong>\u0103<\/strong><\/strong><\/th>\n<th style=\"text-align: center; vertical-align: middle; white-space: nowrap;\"><strong>Lungime, mm.<\/strong><\/th>\n<th style=\"text-align: center; vertical-align: middle; white-space: nowrap;\"><strong>Mas\u0103 pachet, Kg min.<\/strong><\/th>\n<th style=\"text-align: center; vertical-align: middle; white-space: nowrap;\"><strong>\u0218anfrenare<\/strong><\/th>\n<\/tr>\n<tr>\n<td style=\"text-align: center; vertical-align: middle; white-space: nowrap;\">11SMnPb37<\/td>\n<td style=\"text-align: center; vertical-align: middle; white-space: nowrap;\"><a href=\"https:\/\/www.ausasteel.com\/wp-content\/uploads\/2014\/10\/circulo.png\" data-rel=\"lightbox-gallery-bGlnaHRib3gtZ2FsbGVyeS05WGx6d1RENg==\" data-rl_title=\"\" data-rl_caption=\"\" data-rl_title=\"\" data-rl_caption=\"\" title=\"\"><img loading=\"lazy\" decoding=\"async\" class=\"aligncenter size-full wp-image-634\" src=\"https:\/\/www.ausasteel.com\/wp-content\/uploads\/2014\/10\/circulo.png\" alt=\"circulo\" width=\"25\" height=\"25\"><\/a><\/td>\n<td style=\"text-align: center; vertical-align: middle; white-space: nowrap;\">h9 \u2013 h10<\/td>\n<td style=\"text-align: center; vertical-align: middle; white-space: nowrap;\">3.000 \u2013 4.000<\/td>\n<td style=\"text-align: center; vertical-align: middle; white-space: nowrap;\">1.000-2.000<\/td>\n<td style=\"text-align: center; vertical-align: middle; white-space: nowrap;\">9,5-65 mm: 1 sau 2 capete<\/td>\n<\/tr>\n<\/tbody>\n<\/table>\n<\/div>\n<\/div>\n<div class=\"container ficha_descarga\">\n<a class=\"btn_ausa\" title=\"Fi\u0219a tehnic\u0103 o\u021bel calibrate mecanizare u\u0219oar\u0103  11SMnPb37\" href=\"https:\/\/www.ausasteel.com\/wp-content\/uploads\/2015\/05\/Otel-Calibrare-Cu-Mecanizare-Usoara-11SMnPb37-AUSA.pdf\" target=\"_blank\">Fi\u0219a tehnic\u0103 o\u021bel calibrate mecanizare u\u0219oar\u0103 11SMnPb37<\/a>\n<\/div>\n<\/div>\n<div class=\"row informacion_tecnica_ficha\">\n<div class=\"container\">\n<ul>\n<li id=\"menu-item-3941\" class=\"calculadora-peso menu-item menu-item-type-post_type menu-item-object-page menu-item-3941\"><a href=\"https:\/\/www.ausasteel.com\/ro\/informatii-tehnice\/calculator-greutate\/\">Calculator greutate<\/a><\/li>\n<li id=\"menu-item-3942\" class=\"tolerancias-dimensionales menu-item menu-item-type-post_type menu-item-object-page menu-item-3942\"><a href=\"https:\/\/www.ausasteel.com\/ro\/informatii-tehnice\/tolerante-dimensiuni\/\">Toleran\u021be dimensiuni<\/a><\/li>\n<\/ul>\n<\/div>\n<\/div>\n<div class=\"row relacionados\">\n<div class=\"contaienr\">\n<h2>O\u021beluri calibrate conexe cu mecanizare u\u0219oar\u0103<\/h2>\n<p>[vc_widget_sidebar show_bg=&#8221;false&#8221; sidebar_id=&#8221;sidebar_23&#8243;]\n<\/p><\/div>\n<\/div><!-- AddThis Advanced Settings generic via filter on the_content -->","protected":false},"excerpt":{"rendered":"<p>O\u021bel calibrate mecanizare u\u0219oar\u0103 11SMnPb37 O\u021bel resulfurat cu ad\u0103ugare de plumb, cu prelucrabilitate \u00eembun\u0103t\u0103\u021bit\u0103, superioar\u0103 fa\u021b\u0103 de 11SMnPb30. Dimensiuni \u00een stoc \u2013 mm. 5-100 Norm\u0103 de aplicare EN 10277-3 Cod de culori Descriere \u0219i utiliz\u0103ri obi\u0219nuite Are multiple utiliz\u0103ri, f\u0103r\u0103 a fi necesare propriet\u0103\u021bi mecanice deosebite. Este folosit, de obicei, pentru produc\u021bia de \u0219uruburi, buloane,&hellip;<!-- AddThis Advanced Settings generic via filter on get_the_excerpt --><\/p>\n","protected":false},"author":1,"featured_media":0,"parent":3438,"menu_order":0,"comment_status":"closed","ping_status":"open","template":"","meta":{"footnotes":""},"class_list":["post-3466","page","type-page","status-publish","hentry"],"yoast_head":"<!-- This site is optimized with the Yoast SEO plugin v26.6 - https:\/\/yoast.com\/wordpress\/plugins\/seo\/ -->\n<title>O\u021bel calibrate mecanizare u\u0219oar\u0103 11SMnPb37 - AUSA<\/title>\n<meta name=\"description\" content=\"O\u021bel resulfurat cu ad\u0103ugare de plumb, cu prelucrabilitate \u00eembun\u0103t\u0103\u021bit\u0103, superioar\u0103 fa\u021b\u0103 de 11SMnPb30.\" \/>\n<meta name=\"robots\" content=\"index, follow, max-snippet:-1, max-image-preview:large, max-video-preview:-1\" \/>\n<link rel=\"canonical\" href=\"https:\/\/www.ausasteel.com\/ro\/oteluri\/oteluri-calibrate\/oteluri-calibrate-mecanizare-usoara\/otel-calibrate-mecanizare-usoara-11smnpb37\/\" \/>\n<meta property=\"og:locale\" content=\"ro_RO\" \/>\n<meta property=\"og:type\" content=\"article\" \/>\n<meta property=\"og:title\" content=\"O\u021bel calibrate mecanizare u\u0219oar\u0103 11SMnPb37 - AUSA\" \/>\n<meta property=\"og:description\" content=\"O\u021bel resulfurat cu ad\u0103ugare de plumb, cu prelucrabilitate \u00eembun\u0103t\u0103\u021bit\u0103, superioar\u0103 fa\u021b\u0103 de 11SMnPb30.\" \/>\n<meta property=\"og:url\" content=\"https:\/\/www.ausasteel.com\/ro\/oteluri\/oteluri-calibrate\/oteluri-calibrate-mecanizare-usoara\/otel-calibrate-mecanizare-usoara-11smnpb37\/\" \/>\n<meta property=\"og:site_name\" content=\"AUSA special steels\" \/>\n<meta property=\"article:modified_time\" content=\"2019-09-11T15:52:17+00:00\" \/>\n<meta property=\"og:image\" content=\"https:\/\/www.ausasteel.com\/wp-content\/uploads\/2014\/10\/circulo.png\" \/>\n<meta name=\"twitter:label1\" content=\"Est. reading time\" \/>\n\t<meta name=\"twitter:data1\" content=\"1 minute\" \/>\n<script type=\"application\/ld+json\" class=\"yoast-schema-graph\">{\"@context\":\"https:\/\/schema.org\",\"@graph\":[{\"@type\":\"WebPage\",\"@id\":\"https:\/\/www.ausasteel.com\/ro\/oteluri\/oteluri-calibrate\/oteluri-calibrate-mecanizare-usoara\/otel-calibrate-mecanizare-usoara-11smnpb37\/\",\"url\":\"https:\/\/www.ausasteel.com\/ro\/oteluri\/oteluri-calibrate\/oteluri-calibrate-mecanizare-usoara\/otel-calibrate-mecanizare-usoara-11smnpb37\/\",\"name\":\"O\u021bel calibrate mecanizare u\u0219oar\u0103 11SMnPb37 - AUSA\",\"isPartOf\":{\"@id\":\"https:\/\/www.ausasteel.com\/ro\/#website\"},\"primaryImageOfPage\":{\"@id\":\"https:\/\/www.ausasteel.com\/ro\/oteluri\/oteluri-calibrate\/oteluri-calibrate-mecanizare-usoara\/otel-calibrate-mecanizare-usoara-11smnpb37\/#primaryimage\"},\"image\":{\"@id\":\"https:\/\/www.ausasteel.com\/ro\/oteluri\/oteluri-calibrate\/oteluri-calibrate-mecanizare-usoara\/otel-calibrate-mecanizare-usoara-11smnpb37\/#primaryimage\"},\"thumbnailUrl\":\"https:\/\/www.ausasteel.com\/wp-content\/uploads\/2014\/10\/circulo.png\",\"datePublished\":\"2014-10-28T09:52:26+00:00\",\"dateModified\":\"2019-09-11T15:52:17+00:00\",\"description\":\"O\u021bel resulfurat cu ad\u0103ugare de plumb, cu prelucrabilitate \u00eembun\u0103t\u0103\u021bit\u0103, superioar\u0103 fa\u021b\u0103 de 11SMnPb30.\",\"breadcrumb\":{\"@id\":\"https:\/\/www.ausasteel.com\/ro\/oteluri\/oteluri-calibrate\/oteluri-calibrate-mecanizare-usoara\/otel-calibrate-mecanizare-usoara-11smnpb37\/#breadcrumb\"},\"inLanguage\":\"ro-RO\",\"potentialAction\":[{\"@type\":\"ReadAction\",\"target\":[\"https:\/\/www.ausasteel.com\/ro\/oteluri\/oteluri-calibrate\/oteluri-calibrate-mecanizare-usoara\/otel-calibrate-mecanizare-usoara-11smnpb37\/\"]}]},{\"@type\":\"ImageObject\",\"inLanguage\":\"ro-RO\",\"@id\":\"https:\/\/www.ausasteel.com\/ro\/oteluri\/oteluri-calibrate\/oteluri-calibrate-mecanizare-usoara\/otel-calibrate-mecanizare-usoara-11smnpb37\/#primaryimage\",\"url\":\"https:\/\/www.ausasteel.com\/wp-content\/uploads\/2014\/10\/circulo.png\",\"contentUrl\":\"https:\/\/www.ausasteel.com\/wp-content\/uploads\/2014\/10\/circulo.png\"},{\"@type\":\"BreadcrumbList\",\"@id\":\"https:\/\/www.ausasteel.com\/ro\/oteluri\/oteluri-calibrate\/oteluri-calibrate-mecanizare-usoara\/otel-calibrate-mecanizare-usoara-11smnpb37\/#breadcrumb\",\"itemListElement\":[{\"@type\":\"ListItem\",\"position\":1,\"name\":\"Portada\",\"item\":\"https:\/\/www.ausasteel.com\/ro\/\"},{\"@type\":\"ListItem\",\"position\":2,\"name\":\"O\u021beluri\",\"item\":\"https:\/\/www.ausasteel.com\/ro\/oteluri\/\"},{\"@type\":\"ListItem\",\"position\":3,\"name\":\"O\u021beluri calibrate\",\"item\":\"https:\/\/www.ausasteel.com\/ro\/oteluri\/oteluri-calibrate\/\"},{\"@type\":\"ListItem\",\"position\":4,\"name\":\"O\u021beluri calibrate mecanizare u\u0219oar\u0103\",\"item\":\"https:\/\/www.ausasteel.com\/ro\/oteluri\/oteluri-calibrate\/oteluri-calibrate-mecanizare-usoara\/\"},{\"@type\":\"ListItem\",\"position\":5,\"name\":\"O\u021bel calibrate mecanizare u\u0219oar\u0103 11SMnPb37\"}]},{\"@type\":\"WebSite\",\"@id\":\"https:\/\/www.ausasteel.com\/ro\/#website\",\"url\":\"https:\/\/www.ausasteel.com\/ro\/\",\"name\":\"AUSA special steels\",\"description\":\"AUSA special steels\",\"potentialAction\":[{\"@type\":\"SearchAction\",\"target\":{\"@type\":\"EntryPoint\",\"urlTemplate\":\"https:\/\/www.ausasteel.com\/ro\/?s={search_term_string}\"},\"query-input\":{\"@type\":\"PropertyValueSpecification\",\"valueRequired\":true,\"valueName\":\"search_term_string\"}}],\"inLanguage\":\"ro-RO\"}]}<\/script>\n<!-- \/ Yoast SEO plugin. -->","yoast_head_json":{"title":"O\u021bel calibrate mecanizare u\u0219oar\u0103 11SMnPb37 - AUSA","description":"O\u021bel resulfurat cu ad\u0103ugare de plumb, cu prelucrabilitate \u00eembun\u0103t\u0103\u021bit\u0103, superioar\u0103 fa\u021b\u0103 de 11SMnPb30.","robots":{"index":"index","follow":"follow","max-snippet":"max-snippet:-1","max-image-preview":"max-image-preview:large","max-video-preview":"max-video-preview:-1"},"canonical":"https:\/\/www.ausasteel.com\/ro\/oteluri\/oteluri-calibrate\/oteluri-calibrate-mecanizare-usoara\/otel-calibrate-mecanizare-usoara-11smnpb37\/","og_locale":"ro_RO","og_type":"article","og_title":"O\u021bel calibrate mecanizare u\u0219oar\u0103 11SMnPb37 - AUSA","og_description":"O\u021bel resulfurat cu ad\u0103ugare de plumb, cu prelucrabilitate \u00eembun\u0103t\u0103\u021bit\u0103, superioar\u0103 fa\u021b\u0103 de 11SMnPb30.","og_url":"https:\/\/www.ausasteel.com\/ro\/oteluri\/oteluri-calibrate\/oteluri-calibrate-mecanizare-usoara\/otel-calibrate-mecanizare-usoara-11smnpb37\/","og_site_name":"AUSA special steels","article_modified_time":"2019-09-11T15:52:17+00:00","og_image":[{"url":"https:\/\/www.ausasteel.com\/wp-content\/uploads\/2014\/10\/circulo.png","type":"","width":"","height":""}],"twitter_misc":{"Est. reading time":"1 minute"},"schema":{"@context":"https:\/\/schema.org","@graph":[{"@type":"WebPage","@id":"https:\/\/www.ausasteel.com\/ro\/oteluri\/oteluri-calibrate\/oteluri-calibrate-mecanizare-usoara\/otel-calibrate-mecanizare-usoara-11smnpb37\/","url":"https:\/\/www.ausasteel.com\/ro\/oteluri\/oteluri-calibrate\/oteluri-calibrate-mecanizare-usoara\/otel-calibrate-mecanizare-usoara-11smnpb37\/","name":"O\u021bel calibrate mecanizare u\u0219oar\u0103 11SMnPb37 - AUSA","isPartOf":{"@id":"https:\/\/www.ausasteel.com\/ro\/#website"},"primaryImageOfPage":{"@id":"https:\/\/www.ausasteel.com\/ro\/oteluri\/oteluri-calibrate\/oteluri-calibrate-mecanizare-usoara\/otel-calibrate-mecanizare-usoara-11smnpb37\/#primaryimage"},"image":{"@id":"https:\/\/www.ausasteel.com\/ro\/oteluri\/oteluri-calibrate\/oteluri-calibrate-mecanizare-usoara\/otel-calibrate-mecanizare-usoara-11smnpb37\/#primaryimage"},"thumbnailUrl":"https:\/\/www.ausasteel.com\/wp-content\/uploads\/2014\/10\/circulo.png","datePublished":"2014-10-28T09:52:26+00:00","dateModified":"2019-09-11T15:52:17+00:00","description":"O\u021bel resulfurat cu ad\u0103ugare de plumb, cu prelucrabilitate \u00eembun\u0103t\u0103\u021bit\u0103, superioar\u0103 fa\u021b\u0103 de 11SMnPb30.","breadcrumb":{"@id":"https:\/\/www.ausasteel.com\/ro\/oteluri\/oteluri-calibrate\/oteluri-calibrate-mecanizare-usoara\/otel-calibrate-mecanizare-usoara-11smnpb37\/#breadcrumb"},"inLanguage":"ro-RO","potentialAction":[{"@type":"ReadAction","target":["https:\/\/www.ausasteel.com\/ro\/oteluri\/oteluri-calibrate\/oteluri-calibrate-mecanizare-usoara\/otel-calibrate-mecanizare-usoara-11smnpb37\/"]}]},{"@type":"ImageObject","inLanguage":"ro-RO","@id":"https:\/\/www.ausasteel.com\/ro\/oteluri\/oteluri-calibrate\/oteluri-calibrate-mecanizare-usoara\/otel-calibrate-mecanizare-usoara-11smnpb37\/#primaryimage","url":"https:\/\/www.ausasteel.com\/wp-content\/uploads\/2014\/10\/circulo.png","contentUrl":"https:\/\/www.ausasteel.com\/wp-content\/uploads\/2014\/10\/circulo.png"},{"@type":"BreadcrumbList","@id":"https:\/\/www.ausasteel.com\/ro\/oteluri\/oteluri-calibrate\/oteluri-calibrate-mecanizare-usoara\/otel-calibrate-mecanizare-usoara-11smnpb37\/#breadcrumb","itemListElement":[{"@type":"ListItem","position":1,"name":"Portada","item":"https:\/\/www.ausasteel.com\/ro\/"},{"@type":"ListItem","position":2,"name":"O\u021beluri","item":"https:\/\/www.ausasteel.com\/ro\/oteluri\/"},{"@type":"ListItem","position":3,"name":"O\u021beluri calibrate","item":"https:\/\/www.ausasteel.com\/ro\/oteluri\/oteluri-calibrate\/"},{"@type":"ListItem","position":4,"name":"O\u021beluri calibrate mecanizare u\u0219oar\u0103","item":"https:\/\/www.ausasteel.com\/ro\/oteluri\/oteluri-calibrate\/oteluri-calibrate-mecanizare-usoara\/"},{"@type":"ListItem","position":5,"name":"O\u021bel calibrate mecanizare u\u0219oar\u0103 11SMnPb37"}]},{"@type":"WebSite","@id":"https:\/\/www.ausasteel.com\/ro\/#website","url":"https:\/\/www.ausasteel.com\/ro\/","name":"AUSA special steels","description":"AUSA special steels","potentialAction":[{"@type":"SearchAction","target":{"@type":"EntryPoint","urlTemplate":"https:\/\/www.ausasteel.com\/ro\/?s={search_term_string}"},"query-input":{"@type":"PropertyValueSpecification","valueRequired":true,"valueName":"search_term_string"}}],"inLanguage":"ro-RO"}]}},"_links":{"self":[{"href":"https:\/\/www.ausasteel.com\/ro\/wp-json\/wp\/v2\/pages\/3466","targetHints":{"allow":["GET"]}}],"collection":[{"href":"https:\/\/www.ausasteel.com\/ro\/wp-json\/wp\/v2\/pages"}],"about":[{"href":"https:\/\/www.ausasteel.com\/ro\/wp-json\/wp\/v2\/types\/page"}],"author":[{"embeddable":true,"href":"https:\/\/www.ausasteel.com\/ro\/wp-json\/wp\/v2\/users\/1"}],"replies":[{"embeddable":true,"href":"https:\/\/www.ausasteel.com\/ro\/wp-json\/wp\/v2\/comments?post=3466"}],"version-history":[{"count":16,"href":"https:\/\/www.ausasteel.com\/ro\/wp-json\/wp\/v2\/pages\/3466\/revisions"}],"predecessor-version":[{"id":15970,"href":"https:\/\/www.ausasteel.com\/ro\/wp-json\/wp\/v2\/pages\/3466\/revisions\/15970"}],"up":[{"embeddable":true,"href":"https:\/\/www.ausasteel.com\/ro\/wp-json\/wp\/v2\/pages\/3438"}],"wp:attachment":[{"href":"https:\/\/www.ausasteel.com\/ro\/wp-json\/wp\/v2\/media?parent=3466"}],"curies":[{"name":"wp","href":"https:\/\/api.w.org\/{rel}","templated":true}]}}