        {"id":3441,"date":"2014-10-26T18:52:06","date_gmt":"2014-10-26T18:52:06","guid":{"rendered":"http:\/\/ausasteel.irantzu.com\/oteluri-calibrate\/aceros-calibrados-al-carbono\/"},"modified":"2018-11-13T16:45:41","modified_gmt":"2018-11-13T16:45:41","slug":"oteluri-carbon-calibrate","status":"publish","type":"page","link":"https:\/\/www.ausasteel.com\/ro\/oteluri\/oteluri-calibrate\/oteluri-carbon-calibrate\/","title":{"rendered":"O\u021beluri carbon calibrate"},"content":{"rendered":"<div class=\"row\">\n<div class=\"container\">\n<h1>O\u021beluri carbon calibrate<\/h1>\n<\/div>\n<div class=\"container columna_imagen\">\n<div class=\"col-md-6\">\n<h3>\u00bfCe tipuri de o\u021beluri carbon calibrate furnizeaz\u0103 AUSA?<\/h3>\n<p><span style=\"font-size: 1.2em;\"><strong>AUSA<\/strong> produce <strong>urm\u0103toarele calit\u0103\u021bi de o\u021beluri carbon calibrate<\/strong>. Propriet\u0103\u021bile, utilizarea, compozi\u021bia chimic\u0103, echivalen\u021bele si dimensiuni variaz\u0103 \u00een func\u021bie de calitatea aleas\u0103.<br \/><\/span><\/p>\n<p>[vc_widget_sidebar show_bg=&#8221;false&#8221; sidebar_id=&#8221;sidebar_24&#8243;]\n<\/p><\/div>\n<div class=\"col-md-6\">\n<div class=\"container_imagen\">\n<img decoding=\"async\" src=\"\/wp-content\/uploads\/2015\/05\/Aceros-Calibrados-Carbono-AUSA1.png\" alt=\"O\u021beluri carbon calibrate - AUSA Special Steels\" title=\"O\u021beluri carbon calibrate - AUSA Special Steels\">\n<\/div>\n<\/div>\n<\/div>\n<\/div>\n<div class=\"row\">\n<div class=\"container\">\n<p><strong>O\u021beluri <\/strong>ce con\u021bin <strong>carbon \u00eentre 0,10-0,47 %,<\/strong> cu rezisten\u021b\u0103 de 450-820 N\/mm<sup>2<\/sup> dup\u0103 tragerea la rece.<\/p>\n<p><strong>Rezisten\u021ba lor la uzur\u0103 este sc\u0103zut\u0103<\/strong>.<\/p>\n<p><strong>Sudabile<\/strong> \u00een func\u021bie de con\u021binutul de carbon.<\/p>\n<p><strong>Se utilizeaz\u0103, de obicei, <\/strong>pentru produc\u021bia de ma\u0219ini agricole, furtunuri, \u0219uruburi, piuli\u021be, lan\u021buri, biele, nituri, bol\u021buri, \u021bevi \u0219i structuri metalice.<\/p>\n<\/div>\n<\/div>\n<div class=\"row gris\" id=\"informacion_tecnica\">\n<div class=\"container\">\n<h2>Informa\u021bii tehnice<\/h2>\n<p>[vc_widget_sidebar show_bg=&#8221;false&#8221; sidebar_id=&#8221;sidebar_26&#8243;]\n<\/p><\/div>\n<\/div><!-- AddThis Advanced Settings generic via filter on the_content -->","protected":false},"excerpt":{"rendered":"<p>O\u021beluri carbon calibrate \u00bfCe tipuri de o\u021beluri carbon calibrate furnizeaz\u0103 AUSA? AUSA produce urm\u0103toarele calit\u0103\u021bi de o\u021beluri carbon calibrate. Propriet\u0103\u021bile, utilizarea, compozi\u021bia chimic\u0103, echivalen\u021bele si dimensiuni variaz\u0103 \u00een func\u021bie de calitatea aleas\u0103. [vc_widget_sidebar show_bg=&#8221;false&#8221; sidebar_id=&#8221;sidebar_24&#8243;] O\u021beluri ce con\u021bin carbon \u00eentre 0,10-0,47 %, cu rezisten\u021b\u0103 de 450-820 N\/mm2 dup\u0103 tragerea la rece. Rezisten\u021ba lor la uzur\u0103&hellip;<!-- AddThis Advanced Settings generic via filter on get_the_excerpt --><\/p>\n","protected":false},"author":1,"featured_media":0,"parent":3160,"menu_order":0,"comment_status":"closed","ping_status":"open","template":"","meta":{"footnotes":""},"class_list":["post-3441","page","type-page","status-publish","hentry"],"yoast_head":"<!-- This site is optimized with the Yoast SEO plugin v26.6 - https:\/\/yoast.com\/wordpress\/plugins\/seo\/ -->\n<title>O\u021beluri carbon calibrate - AUSA special steels<\/title>\n<meta name=\"robots\" content=\"index, follow, max-snippet:-1, max-image-preview:large, max-video-preview:-1\" \/>\n<link rel=\"canonical\" href=\"https:\/\/www.ausasteel.com\/ro\/oteluri\/oteluri-calibrate\/oteluri-carbon-calibrate\/\" \/>\n<meta property=\"og:locale\" content=\"ro_RO\" \/>\n<meta property=\"og:type\" content=\"article\" \/>\n<meta property=\"og:title\" content=\"O\u021beluri carbon calibrate - AUSA special steels\" \/>\n<meta property=\"og:description\" content=\"O\u021beluri carbon calibrate \u00bfCe tipuri de o\u021beluri carbon calibrate furnizeaz\u0103 AUSA? AUSA produce urm\u0103toarele calit\u0103\u021bi de o\u021beluri carbon calibrate. Propriet\u0103\u021bile, utilizarea, compozi\u021bia chimic\u0103, echivalen\u021bele si dimensiuni variaz\u0103 \u00een func\u021bie de calitatea aleas\u0103. [vc_widget_sidebar show_bg=&#8221;false&#8221; sidebar_id=&#8221;sidebar_24&#8243;] O\u021beluri ce con\u021bin carbon \u00eentre 0,10-0,47 %, cu rezisten\u021b\u0103 de 450-820 N\/mm2 dup\u0103 tragerea la rece. Rezisten\u021ba lor la uzur\u0103&hellip;\" \/>\n<meta property=\"og:url\" content=\"https:\/\/www.ausasteel.com\/ro\/oteluri\/oteluri-calibrate\/oteluri-carbon-calibrate\/\" \/>\n<meta property=\"og:site_name\" content=\"AUSA special steels\" \/>\n<meta property=\"article:modified_time\" content=\"2018-11-13T16:45:41+00:00\" \/>\n<meta name=\"twitter:label1\" content=\"Est. reading time\" \/>\n\t<meta name=\"twitter:data1\" content=\"1 minute\" \/>\n<script type=\"application\/ld+json\" class=\"yoast-schema-graph\">{\"@context\":\"https:\/\/schema.org\",\"@graph\":[{\"@type\":\"WebPage\",\"@id\":\"https:\/\/www.ausasteel.com\/ro\/oteluri\/oteluri-calibrate\/oteluri-carbon-calibrate\/\",\"url\":\"https:\/\/www.ausasteel.com\/ro\/oteluri\/oteluri-calibrate\/oteluri-carbon-calibrate\/\",\"name\":\"O\u021beluri carbon calibrate - AUSA special steels\",\"isPartOf\":{\"@id\":\"https:\/\/www.ausasteel.com\/ro\/#website\"},\"datePublished\":\"2014-10-26T18:52:06+00:00\",\"dateModified\":\"2018-11-13T16:45:41+00:00\",\"breadcrumb\":{\"@id\":\"https:\/\/www.ausasteel.com\/ro\/oteluri\/oteluri-calibrate\/oteluri-carbon-calibrate\/#breadcrumb\"},\"inLanguage\":\"ro-RO\",\"potentialAction\":[{\"@type\":\"ReadAction\",\"target\":[\"https:\/\/www.ausasteel.com\/ro\/oteluri\/oteluri-calibrate\/oteluri-carbon-calibrate\/\"]}]},{\"@type\":\"BreadcrumbList\",\"@id\":\"https:\/\/www.ausasteel.com\/ro\/oteluri\/oteluri-calibrate\/oteluri-carbon-calibrate\/#breadcrumb\",\"itemListElement\":[{\"@type\":\"ListItem\",\"position\":1,\"name\":\"Portada\",\"item\":\"https:\/\/www.ausasteel.com\/ro\/\"},{\"@type\":\"ListItem\",\"position\":2,\"name\":\"O\u021beluri\",\"item\":\"https:\/\/www.ausasteel.com\/ro\/oteluri\/\"},{\"@type\":\"ListItem\",\"position\":3,\"name\":\"O\u021beluri calibrate\",\"item\":\"https:\/\/www.ausasteel.com\/ro\/oteluri\/oteluri-calibrate\/\"},{\"@type\":\"ListItem\",\"position\":4,\"name\":\"O\u021beluri carbon calibrate\"}]},{\"@type\":\"WebSite\",\"@id\":\"https:\/\/www.ausasteel.com\/ro\/#website\",\"url\":\"https:\/\/www.ausasteel.com\/ro\/\",\"name\":\"AUSA special steels\",\"description\":\"AUSA special steels\",\"potentialAction\":[{\"@type\":\"SearchAction\",\"target\":{\"@type\":\"EntryPoint\",\"urlTemplate\":\"https:\/\/www.ausasteel.com\/ro\/?s={search_term_string}\"},\"query-input\":{\"@type\":\"PropertyValueSpecification\",\"valueRequired\":true,\"valueName\":\"search_term_string\"}}],\"inLanguage\":\"ro-RO\"}]}<\/script>\n<!-- \/ Yoast SEO plugin. -->","yoast_head_json":{"title":"O\u021beluri carbon calibrate - AUSA special steels","robots":{"index":"index","follow":"follow","max-snippet":"max-snippet:-1","max-image-preview":"max-image-preview:large","max-video-preview":"max-video-preview:-1"},"canonical":"https:\/\/www.ausasteel.com\/ro\/oteluri\/oteluri-calibrate\/oteluri-carbon-calibrate\/","og_locale":"ro_RO","og_type":"article","og_title":"O\u021beluri carbon calibrate - AUSA special steels","og_description":"O\u021beluri carbon calibrate \u00bfCe tipuri de o\u021beluri carbon calibrate furnizeaz\u0103 AUSA? AUSA produce urm\u0103toarele calit\u0103\u021bi de o\u021beluri carbon calibrate. Propriet\u0103\u021bile, utilizarea, compozi\u021bia chimic\u0103, echivalen\u021bele si dimensiuni variaz\u0103 \u00een func\u021bie de calitatea aleas\u0103. [vc_widget_sidebar show_bg=&#8221;false&#8221; sidebar_id=&#8221;sidebar_24&#8243;] O\u021beluri ce con\u021bin carbon \u00eentre 0,10-0,47 %, cu rezisten\u021b\u0103 de 450-820 N\/mm2 dup\u0103 tragerea la rece. Rezisten\u021ba lor la uzur\u0103&hellip;","og_url":"https:\/\/www.ausasteel.com\/ro\/oteluri\/oteluri-calibrate\/oteluri-carbon-calibrate\/","og_site_name":"AUSA special steels","article_modified_time":"2018-11-13T16:45:41+00:00","twitter_misc":{"Est. reading time":"1 minute"},"schema":{"@context":"https:\/\/schema.org","@graph":[{"@type":"WebPage","@id":"https:\/\/www.ausasteel.com\/ro\/oteluri\/oteluri-calibrate\/oteluri-carbon-calibrate\/","url":"https:\/\/www.ausasteel.com\/ro\/oteluri\/oteluri-calibrate\/oteluri-carbon-calibrate\/","name":"O\u021beluri carbon calibrate - AUSA special steels","isPartOf":{"@id":"https:\/\/www.ausasteel.com\/ro\/#website"},"datePublished":"2014-10-26T18:52:06+00:00","dateModified":"2018-11-13T16:45:41+00:00","breadcrumb":{"@id":"https:\/\/www.ausasteel.com\/ro\/oteluri\/oteluri-calibrate\/oteluri-carbon-calibrate\/#breadcrumb"},"inLanguage":"ro-RO","potentialAction":[{"@type":"ReadAction","target":["https:\/\/www.ausasteel.com\/ro\/oteluri\/oteluri-calibrate\/oteluri-carbon-calibrate\/"]}]},{"@type":"BreadcrumbList","@id":"https:\/\/www.ausasteel.com\/ro\/oteluri\/oteluri-calibrate\/oteluri-carbon-calibrate\/#breadcrumb","itemListElement":[{"@type":"ListItem","position":1,"name":"Portada","item":"https:\/\/www.ausasteel.com\/ro\/"},{"@type":"ListItem","position":2,"name":"O\u021beluri","item":"https:\/\/www.ausasteel.com\/ro\/oteluri\/"},{"@type":"ListItem","position":3,"name":"O\u021beluri calibrate","item":"https:\/\/www.ausasteel.com\/ro\/oteluri\/oteluri-calibrate\/"},{"@type":"ListItem","position":4,"name":"O\u021beluri carbon calibrate"}]},{"@type":"WebSite","@id":"https:\/\/www.ausasteel.com\/ro\/#website","url":"https:\/\/www.ausasteel.com\/ro\/","name":"AUSA special steels","description":"AUSA special steels","potentialAction":[{"@type":"SearchAction","target":{"@type":"EntryPoint","urlTemplate":"https:\/\/www.ausasteel.com\/ro\/?s={search_term_string}"},"query-input":{"@type":"PropertyValueSpecification","valueRequired":true,"valueName":"search_term_string"}}],"inLanguage":"ro-RO"}]}},"_links":{"self":[{"href":"https:\/\/www.ausasteel.com\/ro\/wp-json\/wp\/v2\/pages\/3441","targetHints":{"allow":["GET"]}}],"collection":[{"href":"https:\/\/www.ausasteel.com\/ro\/wp-json\/wp\/v2\/pages"}],"about":[{"href":"https:\/\/www.ausasteel.com\/ro\/wp-json\/wp\/v2\/types\/page"}],"author":[{"embeddable":true,"href":"https:\/\/www.ausasteel.com\/ro\/wp-json\/wp\/v2\/users\/1"}],"replies":[{"embeddable":true,"href":"https:\/\/www.ausasteel.com\/ro\/wp-json\/wp\/v2\/comments?post=3441"}],"version-history":[{"count":5,"href":"https:\/\/www.ausasteel.com\/ro\/wp-json\/wp\/v2\/pages\/3441\/revisions"}],"predecessor-version":[{"id":15467,"href":"https:\/\/www.ausasteel.com\/ro\/wp-json\/wp\/v2\/pages\/3441\/revisions\/15467"}],"up":[{"embeddable":true,"href":"https:\/\/www.ausasteel.com\/ro\/wp-json\/wp\/v2\/pages\/3160"}],"wp:attachment":[{"href":"https:\/\/www.ausasteel.com\/ro\/wp-json\/wp\/v2\/media?parent=3441"}],"curies":[{"name":"wp","href":"https:\/\/api.w.org\/{rel}","templated":true}]}}