        {"id":3438,"date":"2014-10-26T18:49:00","date_gmt":"2014-10-26T18:49:00","guid":{"rendered":"http:\/\/ausasteel.irantzu.com\/oteluri-calibrate\/aceros-calibrados-de-facil-mecanizacion\/"},"modified":"2018-11-13T16:10:10","modified_gmt":"2018-11-13T16:10:10","slug":"oteluri-calibrate-mecanizare-usoara","status":"publish","type":"page","link":"https:\/\/www.ausasteel.com\/ro\/oteluri\/oteluri-calibrate\/oteluri-calibrate-mecanizare-usoara\/","title":{"rendered":"O\u021beluri calibrate mecanizare u\u0219oar\u0103"},"content":{"rendered":"<div class=\"row\">\n<div class=\"container\">\n<h1>O\u021beluri calibrate mecanizare u\u0219oar\u0103<\/h1>\n<\/div>\n<div class=\"container columna_imagen\">\n<div class=\"col-md-6\">\n<h3>\u00bfCe tipuri de o\u021beluri calibrate cu o mecanizare u\u0219oar\u0103 furnizeaz\u0103 AUSA?<\/h3>\n<p><span style=\"font-size: 1.2em;\"><strong>AUSA<\/strong> produce urm\u0103toarele calit\u0103\u021bi de <strong>o\u021beluri calibrate cu mecanizare u\u0219oar\u0103<\/strong>. Propriet\u0103\u021bile, utilizarea, compozi\u021bia chimic\u0103, echivalen\u021bele \u0219i dimensiunile variaz\u0103 \u00een func\u021bie de calitatea aleas\u0103. <\/span><\/p>\n<p>[vc_widget_sidebar show_bg=&#8221;false&#8221; sidebar_id=&#8221;sidebar_23&#8243;]\n<\/p><\/div>\n<div class=\"col-md-6\">\n<div class=\"container_imagen\">\n<img decoding=\"async\" src=\"\/wp-content\/uploads\/2015\/05\/Aceros-Calibrados-Facil-Mecanizacion-AUSA1.png\" alt=\"O\u021beluri calibrate mecanizare u\u0219oar\u0103 - AUSA Special Steels\" title=\"O\u021beluri calibrate mecanizare u\u0219oar\u0103 - AUSA Special Steels\">\n<\/div>\n<\/div>\n<\/div>\n<\/div>\n<div class=\"row\">\n<div class=\"container\">\n<p>O\u021belurile calibrate u\u0219or mecanizabile se caracterizeaz\u0103 printr-o <strong>bun\u0103 polizare \u0219i ob\u021binere de pilitur\u0103<\/strong>.<\/p>\n<p>Prelucrabilitatea lor \u00eembun\u0103t\u0103\u021be\u0219te considerabil plasticitatea dob\u00e2ndit\u0103 prin <strong>tragerea la rece<\/strong> (rezisten\u021b\u0103 de 500-650 N\/mm<sup>2<\/sup>).<\/p>\n<p>Sunt o\u021beluri deosebit de indicate pentru piese prelucrate \u00een serii mari, pe strunguri automate.<\/p>\n<p><strong>Se utilizeaz\u0103, de obicei, <\/strong>pentru produc\u021bia de \u0219uruburi, buloane, dulii, racorduri \u0219i piuli\u021be.<\/p>\n<\/div>\n<\/div>\n<div class=\"row gris\" id=\"informacion_tecnica\">\n<div class=\"container\">\n<h2>Informa\u021bii tehnice<\/h2>\n<p>[vc_widget_sidebar show_bg=&#8221;false&#8221; sidebar_id=&#8221;sidebar_26&#8243;]\n<\/p><\/div>\n<\/div><!-- AddThis Advanced Settings generic via filter on the_content -->","protected":false},"excerpt":{"rendered":"<p>O\u021beluri calibrate mecanizare u\u0219oar\u0103 \u00bfCe tipuri de o\u021beluri calibrate cu o mecanizare u\u0219oar\u0103 furnizeaz\u0103 AUSA? AUSA produce urm\u0103toarele calit\u0103\u021bi de o\u021beluri calibrate cu mecanizare u\u0219oar\u0103. Propriet\u0103\u021bile, utilizarea, compozi\u021bia chimic\u0103, echivalen\u021bele \u0219i dimensiunile variaz\u0103 \u00een func\u021bie de calitatea aleas\u0103. [vc_widget_sidebar show_bg=&#8221;false&#8221; sidebar_id=&#8221;sidebar_23&#8243;] O\u021belurile calibrate u\u0219or mecanizabile se caracterizeaz\u0103 printr-o bun\u0103 polizare \u0219i ob\u021binere de pilitur\u0103. Prelucrabilitatea&hellip;<!-- AddThis Advanced Settings generic via filter on get_the_excerpt --><\/p>\n","protected":false},"author":1,"featured_media":0,"parent":3160,"menu_order":0,"comment_status":"closed","ping_status":"open","template":"","meta":{"footnotes":""},"class_list":["post-3438","page","type-page","status-publish","hentry"],"yoast_head":"<!-- This site is optimized with the Yoast SEO plugin v26.6 - https:\/\/yoast.com\/wordpress\/plugins\/seo\/ -->\n<title>O\u021beluri calibrate mecanizare u\u0219oar\u0103 - AUSA special steels<\/title>\n<meta name=\"robots\" content=\"index, follow, max-snippet:-1, max-image-preview:large, max-video-preview:-1\" \/>\n<link rel=\"canonical\" href=\"https:\/\/www.ausasteel.com\/ro\/oteluri\/oteluri-calibrate\/oteluri-calibrate-mecanizare-usoara\/\" \/>\n<meta property=\"og:locale\" content=\"ro_RO\" \/>\n<meta property=\"og:type\" content=\"article\" \/>\n<meta property=\"og:title\" content=\"O\u021beluri calibrate mecanizare u\u0219oar\u0103 - AUSA special steels\" \/>\n<meta property=\"og:description\" content=\"O\u021beluri calibrate mecanizare u\u0219oar\u0103 \u00bfCe tipuri de o\u021beluri calibrate cu o mecanizare u\u0219oar\u0103 furnizeaz\u0103 AUSA? AUSA produce urm\u0103toarele calit\u0103\u021bi de o\u021beluri calibrate cu mecanizare u\u0219oar\u0103. Propriet\u0103\u021bile, utilizarea, compozi\u021bia chimic\u0103, echivalen\u021bele \u0219i dimensiunile variaz\u0103 \u00een func\u021bie de calitatea aleas\u0103. [vc_widget_sidebar show_bg=&#8221;false&#8221; sidebar_id=&#8221;sidebar_23&#8243;] O\u021belurile calibrate u\u0219or mecanizabile se caracterizeaz\u0103 printr-o bun\u0103 polizare \u0219i ob\u021binere de pilitur\u0103. Prelucrabilitatea&hellip;\" \/>\n<meta property=\"og:url\" content=\"https:\/\/www.ausasteel.com\/ro\/oteluri\/oteluri-calibrate\/oteluri-calibrate-mecanizare-usoara\/\" \/>\n<meta property=\"og:site_name\" content=\"AUSA special steels\" \/>\n<meta property=\"article:modified_time\" content=\"2018-11-13T16:10:10+00:00\" \/>\n<meta name=\"twitter:label1\" content=\"Est. reading time\" \/>\n\t<meta name=\"twitter:data1\" content=\"1 minute\" \/>\n<script type=\"application\/ld+json\" class=\"yoast-schema-graph\">{\"@context\":\"https:\/\/schema.org\",\"@graph\":[{\"@type\":\"WebPage\",\"@id\":\"https:\/\/www.ausasteel.com\/ro\/oteluri\/oteluri-calibrate\/oteluri-calibrate-mecanizare-usoara\/\",\"url\":\"https:\/\/www.ausasteel.com\/ro\/oteluri\/oteluri-calibrate\/oteluri-calibrate-mecanizare-usoara\/\",\"name\":\"O\u021beluri calibrate mecanizare u\u0219oar\u0103 - AUSA special steels\",\"isPartOf\":{\"@id\":\"https:\/\/www.ausasteel.com\/ro\/#website\"},\"datePublished\":\"2014-10-26T18:49:00+00:00\",\"dateModified\":\"2018-11-13T16:10:10+00:00\",\"breadcrumb\":{\"@id\":\"https:\/\/www.ausasteel.com\/ro\/oteluri\/oteluri-calibrate\/oteluri-calibrate-mecanizare-usoara\/#breadcrumb\"},\"inLanguage\":\"ro-RO\",\"potentialAction\":[{\"@type\":\"ReadAction\",\"target\":[\"https:\/\/www.ausasteel.com\/ro\/oteluri\/oteluri-calibrate\/oteluri-calibrate-mecanizare-usoara\/\"]}]},{\"@type\":\"BreadcrumbList\",\"@id\":\"https:\/\/www.ausasteel.com\/ro\/oteluri\/oteluri-calibrate\/oteluri-calibrate-mecanizare-usoara\/#breadcrumb\",\"itemListElement\":[{\"@type\":\"ListItem\",\"position\":1,\"name\":\"Portada\",\"item\":\"https:\/\/www.ausasteel.com\/ro\/\"},{\"@type\":\"ListItem\",\"position\":2,\"name\":\"O\u021beluri\",\"item\":\"https:\/\/www.ausasteel.com\/ro\/oteluri\/\"},{\"@type\":\"ListItem\",\"position\":3,\"name\":\"O\u021beluri calibrate\",\"item\":\"https:\/\/www.ausasteel.com\/ro\/oteluri\/oteluri-calibrate\/\"},{\"@type\":\"ListItem\",\"position\":4,\"name\":\"O\u021beluri calibrate mecanizare u\u0219oar\u0103\"}]},{\"@type\":\"WebSite\",\"@id\":\"https:\/\/www.ausasteel.com\/ro\/#website\",\"url\":\"https:\/\/www.ausasteel.com\/ro\/\",\"name\":\"AUSA special steels\",\"description\":\"AUSA special steels\",\"potentialAction\":[{\"@type\":\"SearchAction\",\"target\":{\"@type\":\"EntryPoint\",\"urlTemplate\":\"https:\/\/www.ausasteel.com\/ro\/?s={search_term_string}\"},\"query-input\":{\"@type\":\"PropertyValueSpecification\",\"valueRequired\":true,\"valueName\":\"search_term_string\"}}],\"inLanguage\":\"ro-RO\"}]}<\/script>\n<!-- \/ Yoast SEO plugin. -->","yoast_head_json":{"title":"O\u021beluri calibrate mecanizare u\u0219oar\u0103 - AUSA special steels","robots":{"index":"index","follow":"follow","max-snippet":"max-snippet:-1","max-image-preview":"max-image-preview:large","max-video-preview":"max-video-preview:-1"},"canonical":"https:\/\/www.ausasteel.com\/ro\/oteluri\/oteluri-calibrate\/oteluri-calibrate-mecanizare-usoara\/","og_locale":"ro_RO","og_type":"article","og_title":"O\u021beluri calibrate mecanizare u\u0219oar\u0103 - AUSA special steels","og_description":"O\u021beluri calibrate mecanizare u\u0219oar\u0103 \u00bfCe tipuri de o\u021beluri calibrate cu o mecanizare u\u0219oar\u0103 furnizeaz\u0103 AUSA? AUSA produce urm\u0103toarele calit\u0103\u021bi de o\u021beluri calibrate cu mecanizare u\u0219oar\u0103. Propriet\u0103\u021bile, utilizarea, compozi\u021bia chimic\u0103, echivalen\u021bele \u0219i dimensiunile variaz\u0103 \u00een func\u021bie de calitatea aleas\u0103. [vc_widget_sidebar show_bg=&#8221;false&#8221; sidebar_id=&#8221;sidebar_23&#8243;] O\u021belurile calibrate u\u0219or mecanizabile se caracterizeaz\u0103 printr-o bun\u0103 polizare \u0219i ob\u021binere de pilitur\u0103. Prelucrabilitatea&hellip;","og_url":"https:\/\/www.ausasteel.com\/ro\/oteluri\/oteluri-calibrate\/oteluri-calibrate-mecanizare-usoara\/","og_site_name":"AUSA special steels","article_modified_time":"2018-11-13T16:10:10+00:00","twitter_misc":{"Est. reading time":"1 minute"},"schema":{"@context":"https:\/\/schema.org","@graph":[{"@type":"WebPage","@id":"https:\/\/www.ausasteel.com\/ro\/oteluri\/oteluri-calibrate\/oteluri-calibrate-mecanizare-usoara\/","url":"https:\/\/www.ausasteel.com\/ro\/oteluri\/oteluri-calibrate\/oteluri-calibrate-mecanizare-usoara\/","name":"O\u021beluri calibrate mecanizare u\u0219oar\u0103 - AUSA special steels","isPartOf":{"@id":"https:\/\/www.ausasteel.com\/ro\/#website"},"datePublished":"2014-10-26T18:49:00+00:00","dateModified":"2018-11-13T16:10:10+00:00","breadcrumb":{"@id":"https:\/\/www.ausasteel.com\/ro\/oteluri\/oteluri-calibrate\/oteluri-calibrate-mecanizare-usoara\/#breadcrumb"},"inLanguage":"ro-RO","potentialAction":[{"@type":"ReadAction","target":["https:\/\/www.ausasteel.com\/ro\/oteluri\/oteluri-calibrate\/oteluri-calibrate-mecanizare-usoara\/"]}]},{"@type":"BreadcrumbList","@id":"https:\/\/www.ausasteel.com\/ro\/oteluri\/oteluri-calibrate\/oteluri-calibrate-mecanizare-usoara\/#breadcrumb","itemListElement":[{"@type":"ListItem","position":1,"name":"Portada","item":"https:\/\/www.ausasteel.com\/ro\/"},{"@type":"ListItem","position":2,"name":"O\u021beluri","item":"https:\/\/www.ausasteel.com\/ro\/oteluri\/"},{"@type":"ListItem","position":3,"name":"O\u021beluri calibrate","item":"https:\/\/www.ausasteel.com\/ro\/oteluri\/oteluri-calibrate\/"},{"@type":"ListItem","position":4,"name":"O\u021beluri calibrate mecanizare u\u0219oar\u0103"}]},{"@type":"WebSite","@id":"https:\/\/www.ausasteel.com\/ro\/#website","url":"https:\/\/www.ausasteel.com\/ro\/","name":"AUSA special steels","description":"AUSA special steels","potentialAction":[{"@type":"SearchAction","target":{"@type":"EntryPoint","urlTemplate":"https:\/\/www.ausasteel.com\/ro\/?s={search_term_string}"},"query-input":{"@type":"PropertyValueSpecification","valueRequired":true,"valueName":"search_term_string"}}],"inLanguage":"ro-RO"}]}},"_links":{"self":[{"href":"https:\/\/www.ausasteel.com\/ro\/wp-json\/wp\/v2\/pages\/3438","targetHints":{"allow":["GET"]}}],"collection":[{"href":"https:\/\/www.ausasteel.com\/ro\/wp-json\/wp\/v2\/pages"}],"about":[{"href":"https:\/\/www.ausasteel.com\/ro\/wp-json\/wp\/v2\/types\/page"}],"author":[{"embeddable":true,"href":"https:\/\/www.ausasteel.com\/ro\/wp-json\/wp\/v2\/users\/1"}],"replies":[{"embeddable":true,"href":"https:\/\/www.ausasteel.com\/ro\/wp-json\/wp\/v2\/comments?post=3438"}],"version-history":[{"count":5,"href":"https:\/\/www.ausasteel.com\/ro\/wp-json\/wp\/v2\/pages\/3438\/revisions"}],"predecessor-version":[{"id":15461,"href":"https:\/\/www.ausasteel.com\/ro\/wp-json\/wp\/v2\/pages\/3438\/revisions\/15461"}],"up":[{"embeddable":true,"href":"https:\/\/www.ausasteel.com\/ro\/wp-json\/wp\/v2\/pages\/3160"}],"wp:attachment":[{"href":"https:\/\/www.ausasteel.com\/ro\/wp-json\/wp\/v2\/media?parent=3438"}],"curies":[{"name":"wp","href":"https:\/\/api.w.org\/{rel}","templated":true}]}}