    {"id":3375,"date":"2014-10-27T23:07:03","date_gmt":"2014-10-27T23:07:03","guid":{"rendered":"http:\/\/ausasteel.irantzu.com\/oteluri-speciale\/oteluri-cu-bor\/acero-al-boro30\/"},"modified":"2019-09-11T15:54:15","modified_gmt":"2019-09-11T15:54:15","slug":"27mncrb5-2","status":"publish","type":"page","link":"https:\/\/www.ausasteel.com\/ro\/oteluri\/oteluri-speciale\/oteluri-cu-bor\/27mncrb5-2\/","title":{"rendered":"O\u021bel cu Bor 27MnCrB5-2"},"content":{"rendered":"<div class=\"row\">\n<div class=\"container\">\n<div>\n<h1>O\u021bel cu Bor 27MnCrB5-2<\/h1>\n<h3><strong>O\u021bel cu durit\u0103\u021bi finale ridicate<\/strong>.<\/h3>\n<\/div>\n<div class=\"caja_bloques\">\n<div class=\"col-md-5\">\n<div class=\"bloque\">\n<h4>Situa\u021bie furnizare<\/h4>\n<p>Brut pentru prelucrare prin laminare.<\/p>\n<\/div>\n<div class=\"bloque\">\n<h4>Dimensiuni \u00een stoc \u2013 mm<\/h4>\n<ul>\n<li><img decoding=\"async\" src=\"\/wp-content\/uploads\/2014\/10\/rectangulo.png\" alt=\"circulo\" \/>30\u00d75 \u2013 140\u00d730<\/li>\n<\/ul>\n<\/div>\n<div class=\"bloque\">\n<h4>Cod de culori<\/h4>\n<div class=\"figura\" style=\"width: 50px;height: 50px;border: 2px solid #808080 ;border-radius: 50%;position: relative;background:none;\"><div><span style=\"position: absolute;display:inline-block;width:0;height:0;line-height:0;border:25px solid white;border-left:none;border-bottom-right-radius:50px;border-top-right-radius:50px;left:25px;top:0px\"><\/span><span style=\"position: absolute;display:inline-block;width:0;height:0;line-height:0;border:25px solid red;border-right:none;border-bottom-left-radius:50px;border-top-left-radius:50px;left:0px;top:0px\"><\/span><\/div><div style=\"width: 30px;height: 30px;border-radius: 50%;position: absolute;top: 10px;left: 10px;background: none;z-index: 3;\"><\/div><div style=\"width: 8px;height: 50px;display: block;position: absolute;z-index: 3;top: 50%;left: 50%;margin: -25px 0 0 -4px;background:none;\"><\/div><\/div>\n<\/div>\n<\/div>\n<div class=\"col-md-7\">\n<div class=\"bloque\">\n<h4>Utiliz\u0103ri obi\u0219nuite<\/h4>\n<p>Este <strong>folosit, de obicei,<\/strong> pentru aplica\u021bii \u00een agricultur\u0103, lucr\u0103ri publice, produc\u021bia de unelte, lame \u0219i suporturi.<\/p>\n<div class=\"galeria_ficha\">\n<div class=\"previsualizacion\"><img decoding=\"async\" id=\"preview\" title=\"O\u021bel cu Bor 27MnCrB5-2 - AUSA\" src=\"\/wp-content\/uploads\/2014\/10\/Acero-Boro30-1.png\" alt=\"O\u021bel cu Bor 27MnCrB5-2 - AUSA\" \/><a class=\"wp-colorbox-image\" href=\"\/wp-content\/uploads\/2014\/10\/Acero-Boro30-1.png\" data-rel=\"lightbox-gallery-pSG9OYnR\" data-rl_title=\"\" data-rl_caption=\"\" title=\"\"><\/a><\/div>\n<div class=\"miniaturas\"><img decoding=\"async\" class=\"thumbnail active\" title=\"O\u021bel cu Bor 27MnCrB5-2 - AUSA\" src=\"\/wp-content\/uploads\/2014\/10\/Acero-Boro30-1.png\" alt=\"O\u021bel cu Bor 27MnCrB5-2 - AUSA\" \/><br \/>\n<img decoding=\"async\" class=\"thumbnail\" title=\"O\u021bel cu Bor 27MnCrB5-2 - AUSA\" src=\"\/wp-content\/uploads\/2014\/10\/Acero-Boro30-2.png\" alt=\"O\u021bel cu Bor 27MnCrB5-2 - AUSA\" \/><\/div>\n<\/div>\n<\/div>\n<\/div>\n<\/div>\n<\/div>\n<\/div>\n<div class=\"row\">\n<div class=\"container caja_tablas\">\n<div class=\"selectores\"><button class=\"selector_tab active\">Compozi\u021bie chimic\u0103<\/button><br \/>\n<button class=\"selector_tab\">Tratamente termice \u2013 Temperaturi aproximative<\/button><br \/>\n<button class=\"selector_tab\">Caracteristici mecanice<\/button><\/div>\n<div id=\"t_composicion\" class=\"tab\">\n<table class=\"footable\" border=\"1\" width=\"100%\">\n<tbody>\n<tr>\n<th scope=\"col\" style=\"text-align: center; vertical-align: middle;\"><\/th>\n<th scope=\"col\" style=\"text-align: center; vertical-align: middle;\"><strong>C<\/strong><\/th>\n<th scope=\"col\" style=\"text-align: center; vertical-align: middle;\"><strong>Mn<\/strong><\/th>\n<th scope=\"col\" style=\"text-align: center; vertical-align: middle;\"><strong>Si<\/strong><\/th>\n<th scope=\"col\" style=\"text-align: center; vertical-align: middle;\"><strong>P<\/strong><\/th>\n<th scope=\"col\" style=\"text-align: center; vertical-align: middle;\"><strong>S<\/strong><\/th>\n<th scope=\"col\" style=\"text-align: center; vertical-align: middle;\"><strong>Cr<\/strong><\/th>\n<th scope=\"col\" style=\"text-align: center; vertical-align: middle;\"><strong>Diverse<\/strong><\/th>\n<\/tr>\n<tr>\n<td style=\"text-align: center; vertical-align: middle;\"><strong>Min.<\/strong><\/td>\n<td style=\"text-align: center; vertical-align: middle;\">0,24<\/td>\n<td style=\"text-align: center; vertical-align: middle;\">1,20<\/td>\n<td style=\"text-align: center; vertical-align: middle;\">0,15<\/td>\n<td style=\"text-align: center; vertical-align: middle;\"><\/td>\n<td style=\"text-align: center; vertical-align: middle;\"><\/td>\n<td style=\"text-align: center; vertical-align: middle;\">0,30<\/td>\n<td rowspan=\"2\" style=\"text-align: center; vertical-align: middle;\">B: 0,001-0,004<\/td>\n<\/tr>\n<tr>\n<td style=\"text-align: center; vertical-align: middle;\"><strong>Max.<\/strong><\/td>\n<td style=\"text-align: center; vertical-align: middle;\">0,30<\/td>\n<td style=\"text-align: center; vertical-align: middle;\">1,40<\/td>\n<td style=\"text-align: center; vertical-align: middle;\">0,30<\/td>\n<td style=\"text-align: center; vertical-align: middle;\">0,020<\/td>\n<td style=\"text-align: center; vertical-align: middle;\">0,020<\/td>\n<td style=\"text-align: center; vertical-align: middle;\">0,50<\/td>\n<\/tr>\n<\/tbody>\n<\/table>\n<\/div>\n<div id=\"t_tratamientos\" class=\"tab\" style=\"display: none;\">\n<table class=\"tt\" border=\"1\" width=\"100%\">\n<tbody>\n<tr>\n<th scope=\"col\" style=\"text-align: center; vertical-align: middle;\"><strong>C\u0103lit \u00baC<\/strong><\/th>\n<th scope=\"col\" style=\"text-align: center; vertical-align: middle;\"><strong>Revenit \u00baC<\/strong><\/th>\n<\/tr>\n<tr>\n<td style=\"text-align: center; vertical-align: middle;\">820-860<br \/>\nUlei<\/td>\n<td style=\"text-align: center; vertical-align: middle;\">200-500<\/td>\n<\/tr>\n<\/tbody>\n<\/table>\n<\/div>\n<div id=\"t_caracteristicas\" class=\"tab\" style=\"display: none;\">\n<table class=\"cm\" border=\"1\" width=\"100%\">\n<tbody>\n<tr>\n<td>Duritate maxim\u0103<\/td>\n<td style=\"text-align: center;\">255 HB<\/td>\n<\/tr>\n<\/tbody>\n<\/table>\n<\/div>\n<\/div>\n<div class=\"container ficha_descarga\"><a class=\"btn_ausa\" title=\"Descarc\u0103 fi\u0219a tehnic\u0103\" href=\"\/wp-content\/uploads\/2015\/05\/Bor-27MnCrB5-2-AUSA.pdf\" target=\"_blank\" rel=\"noopener\">Fi\u0219a tehnic\u0103 o\u021bel cu Bor 27MnCrB5-2<\/a><\/div>\n<\/div>\n<div class=\"row informacion_tecnica_ficha\">\n<div class=\"container\">\n<ul>\n<li id=\"menu-item-1297\"><a title=\"Calculator greut\u0103\u021bi\" href=\"\/informatii-tehnice\/calculator-greutate\/\">Calculator greut\u0103\u021bi<\/a><\/li>\n<li id=\"menu-item-1302\"><a title=\"Toleran\u021be la dimensiuni\" href=\"\/informatii-tehnice\/tolerante-dimensiuni\/\">Toleran\u021be la dimensiuni<\/a><\/li>\n<\/ul>\n<\/div>\n<\/div><!-- AddThis Advanced Settings generic via filter on the_content -->","protected":false},"excerpt":{"rendered":"<p>O\u021bel cu Bor 27MnCrB5-2 O\u021bel cu durit\u0103\u021bi finale ridicate. Situa\u021bie furnizare Brut pentru prelucrare prin laminare. Dimensiuni \u00een stoc \u2013 mm 30\u00d75 \u2013 140\u00d730 Cod de culori Utiliz\u0103ri obi\u0219nuite Este folosit, de obicei, pentru aplica\u021bii \u00een agricultur\u0103, lucr\u0103ri publice, produc\u021bia de unelte, lame \u0219i suporturi. Compozi\u021bie chimic\u0103 Tratamente termice \u2013 Temperaturi aproximative Caracteristici mecanice C&hellip;<!-- AddThis Advanced Settings generic via filter on get_the_excerpt --><\/p>\n","protected":false},"author":1,"featured_media":0,"parent":3371,"menu_order":0,"comment_status":"closed","ping_status":"closed","template":"","meta":{"footnotes":""},"class_list":["post-3375","page","type-page","status-publish","hentry"],"yoast_head":"<!-- This site is optimized with the Yoast SEO plugin v26.6 - https:\/\/yoast.com\/wordpress\/plugins\/seo\/ -->\n<title>O\u021bel cu Bor 27MnCrB5-2 - AUSA<\/title>\n<meta name=\"description\" content=\"O\u021bel cu durit\u0103\u021bi finale ridicate.\" \/>\n<meta name=\"robots\" content=\"index, follow, max-snippet:-1, max-image-preview:large, max-video-preview:-1\" \/>\n<link rel=\"canonical\" href=\"https:\/\/www.ausasteel.com\/ro\/oteluri\/oteluri-speciale\/oteluri-cu-bor\/27mncrb5-2\/\" \/>\n<meta property=\"og:locale\" content=\"ro_RO\" \/>\n<meta property=\"og:type\" content=\"article\" \/>\n<meta property=\"og:title\" content=\"O\u021bel cu Bor 27MnCrB5-2 - AUSA\" \/>\n<meta property=\"og:description\" content=\"O\u021bel cu durit\u0103\u021bi finale ridicate.\" \/>\n<meta property=\"og:url\" content=\"https:\/\/www.ausasteel.com\/ro\/oteluri\/oteluri-speciale\/oteluri-cu-bor\/27mncrb5-2\/\" \/>\n<meta property=\"og:site_name\" content=\"AUSA special steels\" \/>\n<meta property=\"article:modified_time\" content=\"2019-09-11T15:54:15+00:00\" \/>\n<meta name=\"twitter:label1\" content=\"Est. reading time\" \/>\n\t<meta name=\"twitter:data1\" content=\"1 minute\" \/>\n<script type=\"application\/ld+json\" class=\"yoast-schema-graph\">{\"@context\":\"https:\/\/schema.org\",\"@graph\":[{\"@type\":\"WebPage\",\"@id\":\"https:\/\/www.ausasteel.com\/ro\/oteluri\/oteluri-speciale\/oteluri-cu-bor\/27mncrb5-2\/\",\"url\":\"https:\/\/www.ausasteel.com\/ro\/oteluri\/oteluri-speciale\/oteluri-cu-bor\/27mncrb5-2\/\",\"name\":\"O\u021bel cu Bor 27MnCrB5-2 - AUSA\",\"isPartOf\":{\"@id\":\"https:\/\/www.ausasteel.com\/ro\/#website\"},\"datePublished\":\"2014-10-27T23:07:03+00:00\",\"dateModified\":\"2019-09-11T15:54:15+00:00\",\"description\":\"O\u021bel cu durit\u0103\u021bi finale ridicate.\",\"breadcrumb\":{\"@id\":\"https:\/\/www.ausasteel.com\/ro\/oteluri\/oteluri-speciale\/oteluri-cu-bor\/27mncrb5-2\/#breadcrumb\"},\"inLanguage\":\"ro-RO\",\"potentialAction\":[{\"@type\":\"ReadAction\",\"target\":[\"https:\/\/www.ausasteel.com\/ro\/oteluri\/oteluri-speciale\/oteluri-cu-bor\/27mncrb5-2\/\"]}]},{\"@type\":\"BreadcrumbList\",\"@id\":\"https:\/\/www.ausasteel.com\/ro\/oteluri\/oteluri-speciale\/oteluri-cu-bor\/27mncrb5-2\/#breadcrumb\",\"itemListElement\":[{\"@type\":\"ListItem\",\"position\":1,\"name\":\"Portada\",\"item\":\"https:\/\/www.ausasteel.com\/ro\/\"},{\"@type\":\"ListItem\",\"position\":2,\"name\":\"O\u021beluri\",\"item\":\"https:\/\/www.ausasteel.com\/ro\/oteluri\/\"},{\"@type\":\"ListItem\",\"position\":3,\"name\":\"O\u021beluri speciale\",\"item\":\"https:\/\/www.ausasteel.com\/ro\/oteluri\/oteluri-speciale\/\"},{\"@type\":\"ListItem\",\"position\":4,\"name\":\"O\u021beluri cu bor\",\"item\":\"https:\/\/www.ausasteel.com\/ro\/oteluri\/oteluri-speciale\/oteluri-cu-bor\/\"},{\"@type\":\"ListItem\",\"position\":5,\"name\":\"O\u021bel cu Bor 27MnCrB5-2\"}]},{\"@type\":\"WebSite\",\"@id\":\"https:\/\/www.ausasteel.com\/ro\/#website\",\"url\":\"https:\/\/www.ausasteel.com\/ro\/\",\"name\":\"AUSA special steels\",\"description\":\"AUSA special steels\",\"potentialAction\":[{\"@type\":\"SearchAction\",\"target\":{\"@type\":\"EntryPoint\",\"urlTemplate\":\"https:\/\/www.ausasteel.com\/ro\/?s={search_term_string}\"},\"query-input\":{\"@type\":\"PropertyValueSpecification\",\"valueRequired\":true,\"valueName\":\"search_term_string\"}}],\"inLanguage\":\"ro-RO\"}]}<\/script>\n<!-- \/ Yoast SEO plugin. -->","yoast_head_json":{"title":"O\u021bel cu Bor 27MnCrB5-2 - AUSA","description":"O\u021bel cu durit\u0103\u021bi finale ridicate.","robots":{"index":"index","follow":"follow","max-snippet":"max-snippet:-1","max-image-preview":"max-image-preview:large","max-video-preview":"max-video-preview:-1"},"canonical":"https:\/\/www.ausasteel.com\/ro\/oteluri\/oteluri-speciale\/oteluri-cu-bor\/27mncrb5-2\/","og_locale":"ro_RO","og_type":"article","og_title":"O\u021bel cu Bor 27MnCrB5-2 - AUSA","og_description":"O\u021bel cu durit\u0103\u021bi finale ridicate.","og_url":"https:\/\/www.ausasteel.com\/ro\/oteluri\/oteluri-speciale\/oteluri-cu-bor\/27mncrb5-2\/","og_site_name":"AUSA special steels","article_modified_time":"2019-09-11T15:54:15+00:00","twitter_misc":{"Est. reading time":"1 minute"},"schema":{"@context":"https:\/\/schema.org","@graph":[{"@type":"WebPage","@id":"https:\/\/www.ausasteel.com\/ro\/oteluri\/oteluri-speciale\/oteluri-cu-bor\/27mncrb5-2\/","url":"https:\/\/www.ausasteel.com\/ro\/oteluri\/oteluri-speciale\/oteluri-cu-bor\/27mncrb5-2\/","name":"O\u021bel cu Bor 27MnCrB5-2 - AUSA","isPartOf":{"@id":"https:\/\/www.ausasteel.com\/ro\/#website"},"datePublished":"2014-10-27T23:07:03+00:00","dateModified":"2019-09-11T15:54:15+00:00","description":"O\u021bel cu durit\u0103\u021bi finale ridicate.","breadcrumb":{"@id":"https:\/\/www.ausasteel.com\/ro\/oteluri\/oteluri-speciale\/oteluri-cu-bor\/27mncrb5-2\/#breadcrumb"},"inLanguage":"ro-RO","potentialAction":[{"@type":"ReadAction","target":["https:\/\/www.ausasteel.com\/ro\/oteluri\/oteluri-speciale\/oteluri-cu-bor\/27mncrb5-2\/"]}]},{"@type":"BreadcrumbList","@id":"https:\/\/www.ausasteel.com\/ro\/oteluri\/oteluri-speciale\/oteluri-cu-bor\/27mncrb5-2\/#breadcrumb","itemListElement":[{"@type":"ListItem","position":1,"name":"Portada","item":"https:\/\/www.ausasteel.com\/ro\/"},{"@type":"ListItem","position":2,"name":"O\u021beluri","item":"https:\/\/www.ausasteel.com\/ro\/oteluri\/"},{"@type":"ListItem","position":3,"name":"O\u021beluri speciale","item":"https:\/\/www.ausasteel.com\/ro\/oteluri\/oteluri-speciale\/"},{"@type":"ListItem","position":4,"name":"O\u021beluri cu bor","item":"https:\/\/www.ausasteel.com\/ro\/oteluri\/oteluri-speciale\/oteluri-cu-bor\/"},{"@type":"ListItem","position":5,"name":"O\u021bel cu Bor 27MnCrB5-2"}]},{"@type":"WebSite","@id":"https:\/\/www.ausasteel.com\/ro\/#website","url":"https:\/\/www.ausasteel.com\/ro\/","name":"AUSA special steels","description":"AUSA special steels","potentialAction":[{"@type":"SearchAction","target":{"@type":"EntryPoint","urlTemplate":"https:\/\/www.ausasteel.com\/ro\/?s={search_term_string}"},"query-input":{"@type":"PropertyValueSpecification","valueRequired":true,"valueName":"search_term_string"}}],"inLanguage":"ro-RO"}]}},"_links":{"self":[{"href":"https:\/\/www.ausasteel.com\/ro\/wp-json\/wp\/v2\/pages\/3375","targetHints":{"allow":["GET"]}}],"collection":[{"href":"https:\/\/www.ausasteel.com\/ro\/wp-json\/wp\/v2\/pages"}],"about":[{"href":"https:\/\/www.ausasteel.com\/ro\/wp-json\/wp\/v2\/types\/page"}],"author":[{"embeddable":true,"href":"https:\/\/www.ausasteel.com\/ro\/wp-json\/wp\/v2\/users\/1"}],"replies":[{"embeddable":true,"href":"https:\/\/www.ausasteel.com\/ro\/wp-json\/wp\/v2\/comments?post=3375"}],"version-history":[{"count":18,"href":"https:\/\/www.ausasteel.com\/ro\/wp-json\/wp\/v2\/pages\/3375\/revisions"}],"predecessor-version":[{"id":15985,"href":"https:\/\/www.ausasteel.com\/ro\/wp-json\/wp\/v2\/pages\/3375\/revisions\/15985"}],"up":[{"embeddable":true,"href":"https:\/\/www.ausasteel.com\/ro\/wp-json\/wp\/v2\/pages\/3371"}],"wp:attachment":[{"href":"https:\/\/www.ausasteel.com\/ro\/wp-json\/wp\/v2\/media?parent=3375"}],"curies":[{"name":"wp","href":"https:\/\/api.w.org\/{rel}","templated":true}]}}