    {"id":3357,"date":"2014-10-27T23:04:17","date_gmt":"2014-10-27T23:04:17","guid":{"rendered":"http:\/\/ausasteel.irantzu.com\/oteluri-speciale\/oteluri-inoxidabile\/acero-inoxidable-aisi304\/"},"modified":"2019-09-11T15:55:02","modified_gmt":"2019-09-11T15:55:02","slug":"otel-inoxidabile-aisi304","status":"publish","type":"page","link":"https:\/\/www.ausasteel.com\/ro\/oteluri\/oteluri-speciale\/oteluri-inoxidabile\/otel-inoxidabile-aisi304\/","title":{"rendered":"O\u021bel inoxidabile AISI304"},"content":{"rendered":"<div class=\"row\">\n<div class=\"container\">\n<div>\n<h1>O\u021bel inoxidabile AISI304<\/h1>\n<h3><strong>O\u021bel inoxidabil austenitic aliat cu Cr \u0219i Ni. Rezistent la temperatura \u00eenalte. Rezisten\u021b\u0103 ridicat\u0103 la rugin\u0103.<\/strong> Este <strong>amagnetic \u0219i greu sudabil<\/strong>.<\/h3>\n<\/div>\n<div class=\"caja_bloques\">\n<div class=\"col-md-5\">\n<div class=\"bloque\">\n<h4 style=\"text-transform: uppercase;\">Situa\u021bii furnizare<\/h4>\n<p>Recoacere.<\/p>\n<\/div>\n<div class=\"bloque\">\n<h4 style=\"text-transform: uppercase;\">Dimensiuni \u00een stoc \u2013 mm.<\/h4>\n<ul>\n<li><img decoding=\"async\" src=\"\/wp-content\/uploads\/2014\/10\/circulo.png\" alt=\"circle\" \/><span>4-342<\/span><\/li>\n<\/ul>\n<\/div>\n<div class=\"bloque\">\n<h4 style=\"text-trasnform: uppercase;\">Norm\u0103 de aplicare<\/h4>\n<p>EN 10088-1<\/p>\n<\/div>\n<div class=\"bloque\">\n<h4 style=\"text-transform: uppercase;\">Cod de culori<\/h4>\n<div class=\"figura\" style=\"width: 50px;height: 50px;border: 2px solid #808080 ;border-radius: 50%;position: relative;background:black;\"><div><span style=\"position: absolute;display:inline-block;width:0;height:0;line-height:0;border:25px solid none;border-left:none;border-bottom-right-radius:50px;border-top-right-radius:50px;left:25px;top:0px\"><\/span><span style=\"position: absolute;display:inline-block;width:0;height:0;line-height:0;border:25px solid none;border-right:none;border-bottom-left-radius:50px;border-top-left-radius:50px;left:0px;top:0px\"><\/span><\/div><div style=\"width: 30px;height: 30px;border-radius: 50%;position: absolute;top: 10px;left: 10px;background: none;z-index: 3;\"><\/div><div style=\"width: 8px;height: 50px;display: block;position: absolute;z-index: 3;top: 50%;left: 50%;margin: -25px 0 0 -4px;background:white;\"><\/div><\/div><\/div>\n<\/div>\n<div class=\"col-md-7\">\n<div class=\"bloque\">\n<h4 style=\"text-transform: uppercase;\">Descriere \u0219i utiliz\u0103ri obi\u0219nuite<\/h4>\n<p>Este folosit, de obicei, pentru piese rezistente la agen\u021bi corozivi cum ar fi valve, axe, componente pentru pompe, precum \u0219i pentru industria chimic\u0103, textil\u0103 \u0219i alimentar\u0103.<\/p>\n<div class=\"galeria_ficha\">\n<div class=\"previsualizacion\">\n<img decoding=\"async\" id=\"preview\" src=\"\/wp-content\/uploads\/2014\/10\/Otel-Inoxidabile-AISI304-1.png\" alt=\"O\u021bel inoxidabile AISI304 - AUSA\" title=\"O\u021bel inoxidabile AISI304 - AUSA\"><a class=\"wp-colorbox-image\" href=\"\/wp-content\/uploads\/2014\/10\/Otel-Inoxidabile-AISI304-1.png\" data-rel=\"lightbox-gallery-EFvuXduw\" data-rl_title=\"\" data-rl_caption=\"\" title=\"\"><\/a>\n<\/div>\n<div class=\"miniaturas\">\n<img decoding=\"async\" class=\"thumbnail active\" onclick=\"showGallery(event)\" src=\"\/wp-content\/uploads\/2014\/10\/Otel-Inoxidabile-AISI304-1.png\" alt=\"O\u021bel inoxidabile AISI304 - AUSA\" title=\"O\u021bel inoxidabile AISI304 - AUSA\" ><br \/>\n<img decoding=\"async\" class=\"thumbnail\" onclick=\"showGallery(event)\" src=\"\/wp-content\/uploads\/2014\/10\/Acier-Inoxydable-AISI304-2.png\" alt=\"O\u021bel inoxidabile AISI304 - AUSA\" title=\"O\u021bel inoxidabile AISI304 - AUSA\"><br \/>\n<img decoding=\"async\" class=\"thumbnail\" onclick=\"showGallery(event)\" src=\"\/wp-content\/uploads\/2015\/05\/Acero-Inoxidable-AISI304-AUSA.png\" alt=\"O\u021bel inoxidabile AISI304 - AUSA\" title=\"O\u021bel inoxidabile AISI304 - AUSA\"><\/p>\n<\/div>\n<\/div>\n<\/div>\n<\/div>\n<\/div>\n<\/div>\n<\/div>\n<div class=\"row\">\n<div class=\"container caja_tablas\">\n<div class=\"selectores\">\n<button class=\"selector_tab active\" onclick=\"openTab(event,'t_composicion')\">Compozi\u021bie chimic\u0103<\/button><br \/>\n<button class=\"selector_tab\" onclick=\"openTab(event,'t_caracteristicas')\">Caracteristici mecanice<\/button><br \/>\n<button class=\"selector_tab\" onclick=\"openTab(event,'t_equivalencias')\">Echivalen\u021be aproximative<\/button>\n<\/div>\n<div id=\"t_composicion\" class=\"tab\">\n<table class=\"footable\" border=\"1\" width=\"100%\">\n<tbody>\n<tr>\n<th scope=\"col\" style=\"text-align: center; vertical-align: middle;\"><\/th>\n<th scope=\"col\" style=\"text-align: center; vertical-align: middle;\"><strong>C<\/strong><\/th>\n<th scope=\"col\" style=\"text-align: center; vertical-align: middle;\"><strong>Mn<\/strong><\/th>\n<th scope=\"col\" style=\"text-align: center; vertical-align: middle;\"><strong>Si<\/strong><\/th>\n<th scope=\"col\" style=\"text-align: center; vertical-align: middle;\"><strong>P<\/strong><\/th>\n<th scope=\"col\" style=\"text-align: center; vertical-align: middle;\"><strong>S<\/strong><\/th>\n<th scope=\"col\" style=\"text-align: center; vertical-align: middle;\"><strong>Cr<\/strong><\/th>\n<th scope=\"col\" style=\"text-align: center; vertical-align: middle;\"><strong>Ni<\/strong><\/th>\n<th scope=\"col\" style=\"text-align: center; vertical-align: middle;\"><strong>Diverse<\/strong><\/th>\n<\/tr>\n<tr>\n<td style=\"text-align: center; vertical-align: middle;\"><strong>Min.<\/strong><\/td>\n<td style=\"text-align: center; vertical-align: middle;\"><\/td>\n<td style=\"text-align: center; vertical-align: middle;\"><\/td>\n<td style=\"text-align: center; vertical-align: middle;\"><\/td>\n<td style=\"text-align: center; vertical-align: middle;\"><\/td>\n<td style=\"text-align: center; vertical-align: middle;\"><\/td>\n<td style=\"text-align: center; vertical-align: middle;\">17,00<\/td>\n<td style=\"text-align: center; vertical-align: middle;\">8,00<\/td>\n<td rowspan=\"2\" style=\"text-align: center; vertical-align: middle;\">N Max. 0,11<\/td>\n<\/tr>\n<tr>\n<td style=\"text-align: center; vertical-align: middle;\"><strong>Max.<\/strong><\/td>\n<td style=\"text-align: center; vertical-align: middle;\">0,07<\/td>\n<td style=\"text-align: center; vertical-align: middle;\">2,00<\/td>\n<td style=\"text-align: center; vertical-align: middle;\">1,00<\/td>\n<td style=\"text-align: center; vertical-align: middle;\">0,045<\/td>\n<td style=\"text-align: center; vertical-align: middle;\">0,030<\/td>\n<td style=\"text-align: center; vertical-align: middle;\">19,50<\/td>\n<td style=\"text-align: center; vertical-align: middle;\">10,50<\/td>\n<\/tr>\n<\/tbody>\n<\/table>\n<\/div>\n<div id=\"t_caracteristicas\" class=\"tab\" style=\"display:none;\">\n<p>Propriet\u0103\u021bi mecanice la temperatura mediului ambiant \u00een stare recoapta.<\/p>\n<table class=\"cm\" border=\"1\" width=\"100%\">\n<tbody>\n<tr>\n<th style=\"text-align: center;\" colspan=\"2\"><strong>Dimensiuni<\/strong><\/th>\n<th style=\"text-align: center;\"><strong>Re (N\/mm<sup>2<\/sup>)<\/strong><\/th>\n<th style=\"text-align: center;\" colspan=\"2\"><strong>Rm (N\/mm<sup>2<\/sup>)<\/strong><\/th>\n<th style=\"text-align: center;\"><strong>Duritate&nbsp;(HB)<\/strong><\/th>\n<th style=\"text-align: center;\"><strong>A (%)<\/strong><\/th>\n<th style=\"text-align: center;\"><strong>KV (J)<\/strong><\/th>\n<\/tr>\n<tr>\n<td style=\"text-align: center;\" colspan=\"2\"><strong>Mm.<\/strong><\/td>\n<td style=\"text-align: center;\"><strong>Min.<\/strong><\/td>\n<td style=\"text-align: center;\"><strong>Min.<\/strong><\/td>\n<td style=\"text-align: center;\"><strong>max.<\/strong><\/td>\n<td style=\"text-align: center;\"><strong>Max.<\/strong><\/td>\n<td style=\"text-align: center;\"><strong>Min.<\/strong><\/td>\n<td style=\"text-align: center;\"><strong>Min.<\/strong><\/td>\n<\/tr>\n<tr>\n<td style=\"text-align: center;\"><\/td>\n<td style=\"text-align: center;\">\u2264 160<\/td>\n<td style=\"text-align: center;\">190<\/td>\n<td style=\"text-align: center;\">500<\/td>\n<td style=\"text-align: center;\">700<\/td>\n<td style=\"text-align: center;\">215<\/td>\n<td style=\"text-align: center;\">45<\/td>\n<td style=\"text-align: center;\">100<\/td>\n<\/tr>\n<tr>\n<td style=\"text-align: center;\" width=\"63\">&gt; 160<\/td>\n<td style=\"text-align: center;\" width=\"63\"><\/td>\n<td style=\"text-align: center;\" colspan=\"6\" width=\"391\">Consultare<\/td>\n<\/tr>\n<\/tbody>\n<\/table>\n<\/div>\n<div id=\"t_equivalencias\" class=\"tab\" style=\"display: none;\">\n<table class=\"ea\" border=\"1\" width=\"100%\">\n<tbody>\n<tr>\n<th scope=\"col\" style=\"text-align: center; vertical-align: middle;\"><strong>EN<\/strong><\/th>\n<th scope=\"col\" style=\"text-align: center; vertical-align: middle;\"><strong>DIN<\/strong><\/th>\n<th scope=\"col\" style=\"text-align: center; vertical-align: middle;\"><strong>N\u00ba Stand<\/strong><\/th>\n<th scope=\"col\" style=\"text-align: center; vertical-align: middle;\"><strong>UNE<\/strong><\/th>\n<th scope=\"col\" style=\"text-align: center; vertical-align: middle;\"><strong>STAS<\/strong><\/th>\n<th scope=\"col\" style=\"text-align: center; vertical-align: middle;\"><strong>AFNOR<\/strong><\/th>\n<th scope=\"col\" style=\"text-align: center; vertical-align: middle;\"><strong>BS<\/strong><\/th>\n<th scope=\"col\" style=\"text-align: center; vertical-align: middle;\"><strong>UNI<\/strong><\/th>\n<th scope=\"col\" style=\"text-align: center; vertical-align: middle;\"><strong>AISI\/SAE<\/strong><\/th>\n<th scope=\"col\" style=\"text-align: center; vertical-align: middle;\"><strong>GOST<\/strong><\/th>\n<\/tr>\n<tr>\n<td style=\"text-align: center; vertical-align: middle;\">X5CrNi18-10<\/td>\n<td style=\"text-align: center; vertical-align: middle;\">X5CrNi18-9<\/td>\n<td style=\"text-align: center; vertical-align: middle;\">1.4301<\/td>\n<td style=\"text-align: center; vertical-align: middle;\">F3504<\/td>\n<td style=\"text-align: center; vertical-align: middle;\"><\/td>\n<td style=\"text-align: center; vertical-align: middle;\">Z5CN18-09<\/td>\n<td style=\"text-align: center; vertical-align: middle;\">304S31<\/td>\n<td style=\"text-align: center; vertical-align: middle;\">X5CrNi18 10<\/td>\n<td style=\"text-align: center; vertical-align: middle;\">304<\/td>\n<td style=\"text-align: center; vertical-align: middle;\">08\u042518\u041d10<\/td>\n<\/tr>\n<\/tbody>\n<\/table>\n<\/div>\n<\/div>\n<div class=\"container ficha_descarga\">\n<a class=\"btn_ausa\" title=\"Fi\u0219a tehnic\u0103 o\u021bel inoxidabile AISI304\" href=\"https:\/\/www.ausasteel.com\/wp-content\/uploads\/2015\/05\/Otel-Inoxidabile-AISI304-AUSA.pdf\" target=\"_blank\">Fi\u0219a tehnic\u0103 o\u021bel inoxidabile AISI304<\/a>\n<\/div>\n<\/div>\n<div class=\"row informacion_tecnica_ficha\">\n<div class=\"container\">\n<ul>\n<li id=\"menu-item-3941\" class=\"calculadora-peso menu-item menu-item-type-post_type menu-item-object-page menu-item-3941\"><a href=\"https:\/\/www.ausasteel.com\/ro\/informatii-tehnice\/calculator-greutate\/\">Calculator greutate<\/a><\/li>\n<li id=\"menu-item-3942\" class=\"tolerancias-dimensionales menu-item menu-item-type-post_type menu-item-object-page menu-item-3942\"><a href=\"https:\/\/www.ausasteel.com\/ro\/informatii-tehnice\/tolerante-dimensiuni\/\">Toleran\u021be dimensiuni<\/a><\/li>\n<\/ul>\n<\/div>\n<\/div>\n<div class=\"row relacionados\">\n<div class=\"contaienr\">\n<h2>O\u021beluri inoxidabile conexe<\/h2>\n<p>[vc_widget_sidebar show_bg=&#8221;false&#8221; sidebar_id=&#8221;sidebar_21&#8243;]\n<\/p><\/div>\n<\/div><!-- AddThis Advanced Settings generic via filter on the_content -->","protected":false},"excerpt":{"rendered":"<p>O\u021bel inoxidabile AISI304 O\u021bel inoxidabil austenitic aliat cu Cr \u0219i Ni. Rezistent la temperatura \u00eenalte. Rezisten\u021b\u0103 ridicat\u0103 la rugin\u0103. Este amagnetic \u0219i greu sudabil. Situa\u021bii furnizare Recoacere. Dimensiuni \u00een stoc \u2013 mm. 4-342 Norm\u0103 de aplicare EN 10088-1 Cod de culori Descriere \u0219i utiliz\u0103ri obi\u0219nuite Este folosit, de obicei, pentru piese rezistente la agen\u021bi corozivi&hellip;<!-- AddThis Advanced Settings generic via filter on get_the_excerpt --><\/p>\n","protected":false},"author":1,"featured_media":0,"parent":3354,"menu_order":0,"comment_status":"closed","ping_status":"open","template":"","meta":{"footnotes":""},"class_list":["post-3357","page","type-page","status-publish","hentry"],"yoast_head":"<!-- This site is optimized with the Yoast SEO plugin v26.6 - https:\/\/yoast.com\/wordpress\/plugins\/seo\/ -->\n<title>O\u021bel inoxidabile AISI304 - AUSA Special Steels<\/title>\n<meta name=\"description\" content=\"O\u021bel inoxidabil austenitic aliat cu Cr \u0219i Ni.\" \/>\n<meta name=\"robots\" content=\"index, follow, max-snippet:-1, max-image-preview:large, max-video-preview:-1\" \/>\n<link rel=\"canonical\" href=\"https:\/\/www.ausasteel.com\/ro\/oteluri\/oteluri-speciale\/oteluri-inoxidabile\/otel-inoxidabile-aisi304\/\" \/>\n<meta property=\"og:locale\" content=\"ro_RO\" \/>\n<meta property=\"og:type\" content=\"article\" \/>\n<meta property=\"og:title\" content=\"O\u021bel inoxidabile AISI304 - AUSA Special Steels\" \/>\n<meta property=\"og:description\" content=\"O\u021bel inoxidabil austenitic aliat cu Cr \u0219i Ni.\" \/>\n<meta property=\"og:url\" content=\"https:\/\/www.ausasteel.com\/ro\/oteluri\/oteluri-speciale\/oteluri-inoxidabile\/otel-inoxidabile-aisi304\/\" \/>\n<meta property=\"og:site_name\" content=\"AUSA special steels\" \/>\n<meta property=\"article:modified_time\" content=\"2019-09-11T15:55:02+00:00\" \/>\n<meta name=\"twitter:label1\" content=\"Est. reading time\" \/>\n\t<meta name=\"twitter:data1\" content=\"1 minute\" \/>\n<script type=\"application\/ld+json\" class=\"yoast-schema-graph\">{\"@context\":\"https:\/\/schema.org\",\"@graph\":[{\"@type\":\"WebPage\",\"@id\":\"https:\/\/www.ausasteel.com\/ro\/oteluri\/oteluri-speciale\/oteluri-inoxidabile\/otel-inoxidabile-aisi304\/\",\"url\":\"https:\/\/www.ausasteel.com\/ro\/oteluri\/oteluri-speciale\/oteluri-inoxidabile\/otel-inoxidabile-aisi304\/\",\"name\":\"O\u021bel inoxidabile AISI304 - AUSA Special Steels\",\"isPartOf\":{\"@id\":\"https:\/\/www.ausasteel.com\/ro\/#website\"},\"datePublished\":\"2014-10-27T23:04:17+00:00\",\"dateModified\":\"2019-09-11T15:55:02+00:00\",\"description\":\"O\u021bel inoxidabil austenitic aliat cu Cr \u0219i Ni.\",\"breadcrumb\":{\"@id\":\"https:\/\/www.ausasteel.com\/ro\/oteluri\/oteluri-speciale\/oteluri-inoxidabile\/otel-inoxidabile-aisi304\/#breadcrumb\"},\"inLanguage\":\"ro-RO\",\"potentialAction\":[{\"@type\":\"ReadAction\",\"target\":[\"https:\/\/www.ausasteel.com\/ro\/oteluri\/oteluri-speciale\/oteluri-inoxidabile\/otel-inoxidabile-aisi304\/\"]}]},{\"@type\":\"BreadcrumbList\",\"@id\":\"https:\/\/www.ausasteel.com\/ro\/oteluri\/oteluri-speciale\/oteluri-inoxidabile\/otel-inoxidabile-aisi304\/#breadcrumb\",\"itemListElement\":[{\"@type\":\"ListItem\",\"position\":1,\"name\":\"Portada\",\"item\":\"https:\/\/www.ausasteel.com\/ro\/\"},{\"@type\":\"ListItem\",\"position\":2,\"name\":\"O\u021beluri\",\"item\":\"https:\/\/www.ausasteel.com\/ro\/oteluri\/\"},{\"@type\":\"ListItem\",\"position\":3,\"name\":\"O\u021beluri speciale\",\"item\":\"https:\/\/www.ausasteel.com\/ro\/oteluri\/oteluri-speciale\/\"},{\"@type\":\"ListItem\",\"position\":4,\"name\":\"O\u021beluri inoxidabile\",\"item\":\"https:\/\/www.ausasteel.com\/ro\/oteluri\/oteluri-speciale\/oteluri-inoxidabile\/\"},{\"@type\":\"ListItem\",\"position\":5,\"name\":\"O\u021bel inoxidabile AISI304\"}]},{\"@type\":\"WebSite\",\"@id\":\"https:\/\/www.ausasteel.com\/ro\/#website\",\"url\":\"https:\/\/www.ausasteel.com\/ro\/\",\"name\":\"AUSA special steels\",\"description\":\"AUSA special steels\",\"potentialAction\":[{\"@type\":\"SearchAction\",\"target\":{\"@type\":\"EntryPoint\",\"urlTemplate\":\"https:\/\/www.ausasteel.com\/ro\/?s={search_term_string}\"},\"query-input\":{\"@type\":\"PropertyValueSpecification\",\"valueRequired\":true,\"valueName\":\"search_term_string\"}}],\"inLanguage\":\"ro-RO\"}]}<\/script>\n<!-- \/ Yoast SEO plugin. -->","yoast_head_json":{"title":"O\u021bel inoxidabile AISI304 - AUSA Special Steels","description":"O\u021bel inoxidabil austenitic aliat cu Cr \u0219i Ni.","robots":{"index":"index","follow":"follow","max-snippet":"max-snippet:-1","max-image-preview":"max-image-preview:large","max-video-preview":"max-video-preview:-1"},"canonical":"https:\/\/www.ausasteel.com\/ro\/oteluri\/oteluri-speciale\/oteluri-inoxidabile\/otel-inoxidabile-aisi304\/","og_locale":"ro_RO","og_type":"article","og_title":"O\u021bel inoxidabile AISI304 - AUSA Special Steels","og_description":"O\u021bel inoxidabil austenitic aliat cu Cr \u0219i Ni.","og_url":"https:\/\/www.ausasteel.com\/ro\/oteluri\/oteluri-speciale\/oteluri-inoxidabile\/otel-inoxidabile-aisi304\/","og_site_name":"AUSA special steels","article_modified_time":"2019-09-11T15:55:02+00:00","twitter_misc":{"Est. reading time":"1 minute"},"schema":{"@context":"https:\/\/schema.org","@graph":[{"@type":"WebPage","@id":"https:\/\/www.ausasteel.com\/ro\/oteluri\/oteluri-speciale\/oteluri-inoxidabile\/otel-inoxidabile-aisi304\/","url":"https:\/\/www.ausasteel.com\/ro\/oteluri\/oteluri-speciale\/oteluri-inoxidabile\/otel-inoxidabile-aisi304\/","name":"O\u021bel inoxidabile AISI304 - AUSA Special Steels","isPartOf":{"@id":"https:\/\/www.ausasteel.com\/ro\/#website"},"datePublished":"2014-10-27T23:04:17+00:00","dateModified":"2019-09-11T15:55:02+00:00","description":"O\u021bel inoxidabil austenitic aliat cu Cr \u0219i Ni.","breadcrumb":{"@id":"https:\/\/www.ausasteel.com\/ro\/oteluri\/oteluri-speciale\/oteluri-inoxidabile\/otel-inoxidabile-aisi304\/#breadcrumb"},"inLanguage":"ro-RO","potentialAction":[{"@type":"ReadAction","target":["https:\/\/www.ausasteel.com\/ro\/oteluri\/oteluri-speciale\/oteluri-inoxidabile\/otel-inoxidabile-aisi304\/"]}]},{"@type":"BreadcrumbList","@id":"https:\/\/www.ausasteel.com\/ro\/oteluri\/oteluri-speciale\/oteluri-inoxidabile\/otel-inoxidabile-aisi304\/#breadcrumb","itemListElement":[{"@type":"ListItem","position":1,"name":"Portada","item":"https:\/\/www.ausasteel.com\/ro\/"},{"@type":"ListItem","position":2,"name":"O\u021beluri","item":"https:\/\/www.ausasteel.com\/ro\/oteluri\/"},{"@type":"ListItem","position":3,"name":"O\u021beluri speciale","item":"https:\/\/www.ausasteel.com\/ro\/oteluri\/oteluri-speciale\/"},{"@type":"ListItem","position":4,"name":"O\u021beluri inoxidabile","item":"https:\/\/www.ausasteel.com\/ro\/oteluri\/oteluri-speciale\/oteluri-inoxidabile\/"},{"@type":"ListItem","position":5,"name":"O\u021bel inoxidabile AISI304"}]},{"@type":"WebSite","@id":"https:\/\/www.ausasteel.com\/ro\/#website","url":"https:\/\/www.ausasteel.com\/ro\/","name":"AUSA special steels","description":"AUSA special steels","potentialAction":[{"@type":"SearchAction","target":{"@type":"EntryPoint","urlTemplate":"https:\/\/www.ausasteel.com\/ro\/?s={search_term_string}"},"query-input":{"@type":"PropertyValueSpecification","valueRequired":true,"valueName":"search_term_string"}}],"inLanguage":"ro-RO"}]}},"_links":{"self":[{"href":"https:\/\/www.ausasteel.com\/ro\/wp-json\/wp\/v2\/pages\/3357","targetHints":{"allow":["GET"]}}],"collection":[{"href":"https:\/\/www.ausasteel.com\/ro\/wp-json\/wp\/v2\/pages"}],"about":[{"href":"https:\/\/www.ausasteel.com\/ro\/wp-json\/wp\/v2\/types\/page"}],"author":[{"embeddable":true,"href":"https:\/\/www.ausasteel.com\/ro\/wp-json\/wp\/v2\/users\/1"}],"replies":[{"embeddable":true,"href":"https:\/\/www.ausasteel.com\/ro\/wp-json\/wp\/v2\/comments?post=3357"}],"version-history":[{"count":14,"href":"https:\/\/www.ausasteel.com\/ro\/wp-json\/wp\/v2\/pages\/3357\/revisions"}],"predecessor-version":[{"id":16000,"href":"https:\/\/www.ausasteel.com\/ro\/wp-json\/wp\/v2\/pages\/3357\/revisions\/16000"}],"up":[{"embeddable":true,"href":"https:\/\/www.ausasteel.com\/ro\/wp-json\/wp\/v2\/pages\/3354"}],"wp:attachment":[{"href":"https:\/\/www.ausasteel.com\/ro\/wp-json\/wp\/v2\/media?parent=3357"}],"curies":[{"name":"wp","href":"https:\/\/api.w.org\/{rel}","templated":true}]}}