        {"id":3354,"date":"2014-10-21T22:31:33","date_gmt":"2014-10-21T22:31:33","guid":{"rendered":"http:\/\/ausasteel.irantzu.com\/oteluri-speciale\/aceros-inoxidables\/"},"modified":"2018-11-09T13:34:32","modified_gmt":"2018-11-09T13:34:32","slug":"oteluri-inoxidabile","status":"publish","type":"page","link":"https:\/\/www.ausasteel.com\/ro\/oteluri\/oteluri-speciale\/oteluri-inoxidabile\/","title":{"rendered":"O\u021beluri inoxidabile"},"content":{"rendered":"<div class=\"row\">\n<div class=\"container\">\n<h1>O\u021beluri inoxidabile<\/h1>\n<\/div>\n<div class=\"container columna_imagen\">\n<div class=\"col-md-6\">\n<h3>\u00bfCe tipuri de o\u021beluri inoxidabile produce AUSA?<\/h3>\n<p><span style=\"font-size: 1.2em;\"><strong>AUSA<\/strong> produce diferite calit\u0103\u021bi de o\u021beluri inoxidabile. Propriet\u0103\u021bile acestora, utiliz\u0103rile, compozi\u021bia chimic\u0103, echivalen\u021bele, tratamentele termice \u0219i dimensiunile variaz\u0103 \u00een func\u021bie de calitatea aleas\u0103.<\/span><\/p>\n<p>[vc_widget_sidebar show_bg=&#8221;false&#8221; sidebar_id=&#8221;sidebar_21&#8243;]\n<\/p><\/div>\n<div class=\"col-md-6\">\n<div class=\"container_imagen\">\n<img decoding=\"async\" src=\"\/wp-content\/uploads\/2015\/05\/Aceros-Inoxidables-AUSA.png\" alt=\"O\u021beluri inoxidabile - AUSA Special Steels\" title=\"O\u021beluri inoxidabile - AUSA Special Steels\">\n<\/div>\n<\/div>\n<\/div>\n<\/div>\n<div class=\"row\">\n<div class=\"container\">\n<p>Se define\u0219te ca aliajul de o\u021bel cu <strong>minimum 10&nbsp;% \u2013 12&nbsp;% crom, <\/strong>put\u00e2nd con\u021bine alte materiale cum ar fi molibden \u0219i nichel.<\/p>\n<p>Este un o\u021bel cu o <strong>rezisten\u021b\u0103 \u00eenalt\u0103 la rugin\u0103<\/strong>, deoarece cromul sau alte metale de aliere pe care le con\u021bine au o mare afinitate pentru oxigen, reac\u021bion\u00e2nd cu acesta \u0219i form\u00e2nd un strat prin care se evit\u0103, astfel, ruginirea fierului.<\/p>\n<p><strong>Se utilizeaz\u0103, de obicei, <\/strong>pentru produc\u021bia de piese cu rezisten\u021b\u0103 la agen\u021bi corozivi cum ar fi valve, axe, elemente pentru pompe, instrumente chirurgicale, bile de o\u021bel \u0219i piese pentru industria chimic\u0103, textil\u0103 \u0219i alimentar\u0103.<\/p>\n<\/div>\n<\/div>\n<div class=\"row gris\" id=\"informacion_tecnica\">\n<div class=\"container\">\n<h2>Informa\u021bii tehnice<\/h2>\n<p>[vc_widget_sidebar show_bg=&#8221;false&#8221; sidebar_id=&#8221;sidebar_26&#8243;]\n<\/p><\/div>\n<\/div><!-- AddThis Advanced Settings generic via filter on the_content -->","protected":false},"excerpt":{"rendered":"<p>O\u021beluri inoxidabile \u00bfCe tipuri de o\u021beluri inoxidabile produce AUSA? AUSA produce diferite calit\u0103\u021bi de o\u021beluri inoxidabile. Propriet\u0103\u021bile acestora, utiliz\u0103rile, compozi\u021bia chimic\u0103, echivalen\u021bele, tratamentele termice \u0219i dimensiunile variaz\u0103 \u00een func\u021bie de calitatea aleas\u0103. [vc_widget_sidebar show_bg=&#8221;false&#8221; sidebar_id=&#8221;sidebar_21&#8243;] Se define\u0219te ca aliajul de o\u021bel cu minimum 10&nbsp;% \u2013 12&nbsp;% crom, put\u00e2nd con\u021bine alte materiale cum ar fi molibden&hellip;<!-- AddThis Advanced Settings generic via filter on get_the_excerpt --><\/p>\n","protected":false},"author":1,"featured_media":0,"parent":3163,"menu_order":0,"comment_status":"closed","ping_status":"open","template":"","meta":{"footnotes":""},"class_list":["post-3354","page","type-page","status-publish","hentry"],"yoast_head":"<!-- This site is optimized with the Yoast SEO plugin v26.6 - https:\/\/yoast.com\/wordpress\/plugins\/seo\/ -->\n<title>O\u021beluri inoxidabile - AUSA special steels<\/title>\n<meta name=\"robots\" content=\"index, follow, max-snippet:-1, max-image-preview:large, max-video-preview:-1\" \/>\n<link rel=\"canonical\" href=\"https:\/\/www.ausasteel.com\/ro\/oteluri\/oteluri-speciale\/oteluri-inoxidabile\/\" \/>\n<meta property=\"og:locale\" content=\"ro_RO\" \/>\n<meta property=\"og:type\" content=\"article\" \/>\n<meta property=\"og:title\" content=\"O\u021beluri inoxidabile - AUSA special steels\" \/>\n<meta property=\"og:description\" content=\"O\u021beluri inoxidabile \u00bfCe tipuri de o\u021beluri inoxidabile produce AUSA? AUSA produce diferite calit\u0103\u021bi de o\u021beluri inoxidabile. Propriet\u0103\u021bile acestora, utiliz\u0103rile, compozi\u021bia chimic\u0103, echivalen\u021bele, tratamentele termice \u0219i dimensiunile variaz\u0103 \u00een func\u021bie de calitatea aleas\u0103. [vc_widget_sidebar show_bg=&#8221;false&#8221; sidebar_id=&#8221;sidebar_21&#8243;] Se define\u0219te ca aliajul de o\u021bel cu minimum 10&nbsp;% \u2013 12&nbsp;% crom, put\u00e2nd con\u021bine alte materiale cum ar fi molibden&hellip;\" \/>\n<meta property=\"og:url\" content=\"https:\/\/www.ausasteel.com\/ro\/oteluri\/oteluri-speciale\/oteluri-inoxidabile\/\" \/>\n<meta property=\"og:site_name\" content=\"AUSA special steels\" \/>\n<meta property=\"article:modified_time\" content=\"2018-11-09T13:34:32+00:00\" \/>\n<meta name=\"twitter:label1\" content=\"Est. reading time\" \/>\n\t<meta name=\"twitter:data1\" content=\"1 minute\" \/>\n<script type=\"application\/ld+json\" class=\"yoast-schema-graph\">{\"@context\":\"https:\/\/schema.org\",\"@graph\":[{\"@type\":\"WebPage\",\"@id\":\"https:\/\/www.ausasteel.com\/ro\/oteluri\/oteluri-speciale\/oteluri-inoxidabile\/\",\"url\":\"https:\/\/www.ausasteel.com\/ro\/oteluri\/oteluri-speciale\/oteluri-inoxidabile\/\",\"name\":\"O\u021beluri inoxidabile - AUSA special steels\",\"isPartOf\":{\"@id\":\"https:\/\/www.ausasteel.com\/ro\/#website\"},\"datePublished\":\"2014-10-21T22:31:33+00:00\",\"dateModified\":\"2018-11-09T13:34:32+00:00\",\"breadcrumb\":{\"@id\":\"https:\/\/www.ausasteel.com\/ro\/oteluri\/oteluri-speciale\/oteluri-inoxidabile\/#breadcrumb\"},\"inLanguage\":\"ro-RO\",\"potentialAction\":[{\"@type\":\"ReadAction\",\"target\":[\"https:\/\/www.ausasteel.com\/ro\/oteluri\/oteluri-speciale\/oteluri-inoxidabile\/\"]}]},{\"@type\":\"BreadcrumbList\",\"@id\":\"https:\/\/www.ausasteel.com\/ro\/oteluri\/oteluri-speciale\/oteluri-inoxidabile\/#breadcrumb\",\"itemListElement\":[{\"@type\":\"ListItem\",\"position\":1,\"name\":\"Portada\",\"item\":\"https:\/\/www.ausasteel.com\/ro\/\"},{\"@type\":\"ListItem\",\"position\":2,\"name\":\"O\u021beluri\",\"item\":\"https:\/\/www.ausasteel.com\/ro\/oteluri\/\"},{\"@type\":\"ListItem\",\"position\":3,\"name\":\"O\u021beluri speciale\",\"item\":\"https:\/\/www.ausasteel.com\/ro\/oteluri\/oteluri-speciale\/\"},{\"@type\":\"ListItem\",\"position\":4,\"name\":\"O\u021beluri inoxidabile\"}]},{\"@type\":\"WebSite\",\"@id\":\"https:\/\/www.ausasteel.com\/ro\/#website\",\"url\":\"https:\/\/www.ausasteel.com\/ro\/\",\"name\":\"AUSA special steels\",\"description\":\"AUSA special steels\",\"potentialAction\":[{\"@type\":\"SearchAction\",\"target\":{\"@type\":\"EntryPoint\",\"urlTemplate\":\"https:\/\/www.ausasteel.com\/ro\/?s={search_term_string}\"},\"query-input\":{\"@type\":\"PropertyValueSpecification\",\"valueRequired\":true,\"valueName\":\"search_term_string\"}}],\"inLanguage\":\"ro-RO\"}]}<\/script>\n<!-- \/ Yoast SEO plugin. -->","yoast_head_json":{"title":"O\u021beluri inoxidabile - AUSA special steels","robots":{"index":"index","follow":"follow","max-snippet":"max-snippet:-1","max-image-preview":"max-image-preview:large","max-video-preview":"max-video-preview:-1"},"canonical":"https:\/\/www.ausasteel.com\/ro\/oteluri\/oteluri-speciale\/oteluri-inoxidabile\/","og_locale":"ro_RO","og_type":"article","og_title":"O\u021beluri inoxidabile - AUSA special steels","og_description":"O\u021beluri inoxidabile \u00bfCe tipuri de o\u021beluri inoxidabile produce AUSA? AUSA produce diferite calit\u0103\u021bi de o\u021beluri inoxidabile. Propriet\u0103\u021bile acestora, utiliz\u0103rile, compozi\u021bia chimic\u0103, echivalen\u021bele, tratamentele termice \u0219i dimensiunile variaz\u0103 \u00een func\u021bie de calitatea aleas\u0103. [vc_widget_sidebar show_bg=&#8221;false&#8221; sidebar_id=&#8221;sidebar_21&#8243;] Se define\u0219te ca aliajul de o\u021bel cu minimum 10&nbsp;% \u2013 12&nbsp;% crom, put\u00e2nd con\u021bine alte materiale cum ar fi molibden&hellip;","og_url":"https:\/\/www.ausasteel.com\/ro\/oteluri\/oteluri-speciale\/oteluri-inoxidabile\/","og_site_name":"AUSA special steels","article_modified_time":"2018-11-09T13:34:32+00:00","twitter_misc":{"Est. reading time":"1 minute"},"schema":{"@context":"https:\/\/schema.org","@graph":[{"@type":"WebPage","@id":"https:\/\/www.ausasteel.com\/ro\/oteluri\/oteluri-speciale\/oteluri-inoxidabile\/","url":"https:\/\/www.ausasteel.com\/ro\/oteluri\/oteluri-speciale\/oteluri-inoxidabile\/","name":"O\u021beluri inoxidabile - AUSA special steels","isPartOf":{"@id":"https:\/\/www.ausasteel.com\/ro\/#website"},"datePublished":"2014-10-21T22:31:33+00:00","dateModified":"2018-11-09T13:34:32+00:00","breadcrumb":{"@id":"https:\/\/www.ausasteel.com\/ro\/oteluri\/oteluri-speciale\/oteluri-inoxidabile\/#breadcrumb"},"inLanguage":"ro-RO","potentialAction":[{"@type":"ReadAction","target":["https:\/\/www.ausasteel.com\/ro\/oteluri\/oteluri-speciale\/oteluri-inoxidabile\/"]}]},{"@type":"BreadcrumbList","@id":"https:\/\/www.ausasteel.com\/ro\/oteluri\/oteluri-speciale\/oteluri-inoxidabile\/#breadcrumb","itemListElement":[{"@type":"ListItem","position":1,"name":"Portada","item":"https:\/\/www.ausasteel.com\/ro\/"},{"@type":"ListItem","position":2,"name":"O\u021beluri","item":"https:\/\/www.ausasteel.com\/ro\/oteluri\/"},{"@type":"ListItem","position":3,"name":"O\u021beluri speciale","item":"https:\/\/www.ausasteel.com\/ro\/oteluri\/oteluri-speciale\/"},{"@type":"ListItem","position":4,"name":"O\u021beluri inoxidabile"}]},{"@type":"WebSite","@id":"https:\/\/www.ausasteel.com\/ro\/#website","url":"https:\/\/www.ausasteel.com\/ro\/","name":"AUSA special steels","description":"AUSA special steels","potentialAction":[{"@type":"SearchAction","target":{"@type":"EntryPoint","urlTemplate":"https:\/\/www.ausasteel.com\/ro\/?s={search_term_string}"},"query-input":{"@type":"PropertyValueSpecification","valueRequired":true,"valueName":"search_term_string"}}],"inLanguage":"ro-RO"}]}},"_links":{"self":[{"href":"https:\/\/www.ausasteel.com\/ro\/wp-json\/wp\/v2\/pages\/3354","targetHints":{"allow":["GET"]}}],"collection":[{"href":"https:\/\/www.ausasteel.com\/ro\/wp-json\/wp\/v2\/pages"}],"about":[{"href":"https:\/\/www.ausasteel.com\/ro\/wp-json\/wp\/v2\/types\/page"}],"author":[{"embeddable":true,"href":"https:\/\/www.ausasteel.com\/ro\/wp-json\/wp\/v2\/users\/1"}],"replies":[{"embeddable":true,"href":"https:\/\/www.ausasteel.com\/ro\/wp-json\/wp\/v2\/comments?post=3354"}],"version-history":[{"count":5,"href":"https:\/\/www.ausasteel.com\/ro\/wp-json\/wp\/v2\/pages\/3354\/revisions"}],"predecessor-version":[{"id":15443,"href":"https:\/\/www.ausasteel.com\/ro\/wp-json\/wp\/v2\/pages\/3354\/revisions\/15443"}],"up":[{"embeddable":true,"href":"https:\/\/www.ausasteel.com\/ro\/wp-json\/wp\/v2\/pages\/3163"}],"wp:attachment":[{"href":"https:\/\/www.ausasteel.com\/ro\/wp-json\/wp\/v2\/media?parent=3354"}],"curies":[{"name":"wp","href":"https:\/\/api.w.org\/{rel}","templated":true}]}}