    {"id":3320,"date":"2014-10-27T22:47:02","date_gmt":"2014-10-27T22:47:02","guid":{"rendered":"http:\/\/ausasteel.irantzu.com\/oteluri-speciale\/descriere-si-utilizari-obisnuite\/acero-de-herramienta-para-trabajo-en-frio-1-2379\/"},"modified":"2019-09-11T15:56:38","modified_gmt":"2019-09-11T15:56:38","slug":"otel-de-scule-pentru-lucru-la-rece-1-2379","status":"publish","type":"page","link":"https:\/\/www.ausasteel.com\/ro\/oteluri\/oteluri-speciale\/oteluri-de-scule-pentru-lucru-la-rece\/otel-de-scule-pentru-lucru-la-rece-1-2379\/","title":{"rendered":"O\u021bel de scule pentru lucru la rece 1.2379"},"content":{"rendered":"<div class=\"row\">\n<div class=\"container\">\n<div>\n<h1>O\u021bel de scule pentru lucru la rece 1.2379<\/h1>\n<h3><strong>O\u021bel de scule pentru lucru la rece<\/strong> cu 12 % crom au o <strong>rezisten\u021b\u0103 ridicat\u0103 la uzur\u0103 \u0219i o bun\u0103 tenacitate<\/strong>. Poate fi utilizate pentru procese ulterioare c\u0103lirii (nitrurare, strat de acoperire superficial).<\/h3>\n<\/div>\n<div class=\"caja_bloques\">\n<div class=\"col-md-5\">\n<div class=\"bloque\">\n<h4 style=\"text-transform: uppercase;\">Situa\u021bii furnizare<\/h4>\n<p>Recoacere.<\/p>\n<\/div>\n<div class=\"bloque\">\n<h4 style=\"text-transform: uppercase;\">Dimensiuni \u00een stoc \u2013 mm.<\/h4>\n<ul>\n<li><img decoding=\"async\" src=\"\/wp-content\/uploads\/2014\/10\/circulo.png\" alt=\"circle\" \/><span>15-503<\/span><\/li>\n<li><img decoding=\"async\" src=\"\/wp-content\/uploads\/2014\/10\/cuadrado.png\" alt=\"square\"\/><span>15-502<\/span><\/li>\n<li><img decoding=\"async\" src=\"\/wp-content\/uploads\/2014\/10\/rectangulo.png\" alt=\"rectangle\" \/><span>20X8-403X200<\/span><\/li>\n<\/ul>\n<\/div>\n<div class=\"bloque\">\n<h4 style=\"text-trasnform: uppercase;\">Norm\u0103 de aplicare<\/h4>\n<p>EN ISO 4957<\/p>\n<\/div>\n<div class=\"bloque\">\n<h4 style=\"text-transform: uppercase;\">Cod de culori<\/h4>\n<div class=\"figura\" style=\"width: 50px;height: 50px;border: 2px solid #808080 ;border-radius: 50%;position: relative;background:brown;\"><div><span style=\"position: absolute;display:inline-block;width:0;height:0;line-height:0;border:25px solid none;border-left:none;border-bottom-right-radius:50px;border-top-right-radius:50px;left:25px;top:0px\"><\/span><span style=\"position: absolute;display:inline-block;width:0;height:0;line-height:0;border:25px solid none;border-right:none;border-bottom-left-radius:50px;border-top-left-radius:50px;left:0px;top:0px\"><\/span><\/div><div style=\"width: 30px;height: 30px;border-radius: 50%;position: absolute;top: 10px;left: 10px;background: none;z-index: 3;\"><\/div><div style=\"width: 8px;height: 50px;display: block;position: absolute;z-index: 3;top: 50%;left: 50%;margin: -25px 0 0 -4px;background:yellow;\"><\/div><\/div><\/div>\n<\/div>\n<div class=\"col-md-7\">\n<div class=\"bloque\">\n<h4 style=\"text-transform: uppercase;\">Descriere \u0219i utiliz\u0103ri obi\u0219nuite<\/h4>\n<p><strong>Se utilizeaz\u0103, de obicei, <\/strong>pentru produc\u021bia de matrite de t\u0103iere \u0219i ambutisare, filete, role de laminare, poansoane, unelte pentru lemn \u0219i discuri de debitat.<\/p>\n<div class=\"galeria_ficha\">\n<div class=\"previsualizacion\">\n<img decoding=\"async\" id=\"preview\" src=\"\/wp-content\/uploads\/2015\/05\/Acero-Herramienta-Frio-1.2379-AUSA.png\" alt=\"O\u021bel de scule pentru lucru la rece 1.2379 - AUSA\" title=\"O\u021bel de scule pentru lucru la rece 1.2379 - AUSA\"><a class=\"wp-colorbox-image\" href=\"\/wp-content\/uploads\/2015\/05\/Acero-Herramienta-Frio-1.2379-AUSA.png\" data-rel=\"lightbox-gallery-3be8v8JC\" data-rl_title=\"\" data-rl_caption=\"\" title=\"\"><\/a>\n<\/div>\n<div class=\"miniaturas\">\n<img decoding=\"async\" class=\"thumbnail active\" onclick=\"showGallery(event)\" src=\"\/wp-content\/uploads\/2015\/05\/Acero-Herramienta-Frio-1.2379-AUSA.png\" alt=\"O\u021bel de scule pentru lucru la rece 1.2379 - AUSA\" title=\"OO\u021bel de scule pentru lucru la rece 1.2379 - AUSA\" ><\/p>\n<\/div>\n<\/div>\n<\/div>\n<\/div>\n<\/div>\n<\/div>\n<\/div>\n<div class=\"row\">\n<div class=\"container caja_tablas\">\n<div class=\"selectores\">\n<button class=\"selector_tab active\" onclick=\"openTab(event,'t_composicion')\">Compozi\u021bie chimic\u0103<\/button><br \/>\n<button class=\"selector_tab\" onclick=\"openTab(event,'t_tratamientos')\">Tratamente termice \u2013 Temperaturi aproximative<\/button><br \/>\n<button class=\"selector_tab\" onclick=\"openTab(event,'t_caracteristicas')\">Caracteristici mecanice<\/button><br \/>\n<button class=\"selector_tab\" onclick=\"openTab(event,'t_equivalencias')\">Echivalen\u021be aproximative<\/button>\n<\/div>\n<div id=\"t_composicion\" class=\"tab\">\n<table class=\"footable\" border=\"1\" width=\"100%\">\n<tbody>\n<tr>\n<th scope=\"col\" style=\"text-align: center; vertical-align: middle;\"><\/th>\n<th scope=\"col\" style=\"text-align: center; vertical-align: middle;\"><strong>C<\/strong><\/th>\n<th scope=\"col\" style=\"text-align: center; vertical-align: middle;\"><strong>Mn<\/strong><\/th>\n<th scope=\"col\" style=\"text-align: center; vertical-align: middle;\"><strong>Si<\/strong><\/th>\n<th scope=\"col\" style=\"text-align: center; vertical-align: middle;\"><strong>P<\/strong><\/th>\n<th scope=\"col\" style=\"text-align: center; vertical-align: middle;\"><strong>S<\/strong><\/th>\n<th scope=\"col\" style=\"text-align: center; vertical-align: middle;\"><strong>Cr<\/strong><\/th>\n<th scope=\"col\" style=\"text-align: center; vertical-align: middle;\"><strong>Mo<\/strong><\/th>\n<th scope=\"col\" style=\"text-align: center; vertical-align: middle;\"><strong>V<\/strong><\/th>\n<\/tr>\n<tr>\n<td style=\"text-align: center; vertical-align: middle;\"><strong>Min.<\/strong><\/td>\n<td style=\"text-align: center; vertical-align: middle;\">1,45<\/td>\n<td style=\"text-align: center; vertical-align: middle;\">0,20<\/td>\n<td style=\"text-align: center; vertical-align: middle;\">0,10<\/td>\n<td style=\"text-align: center; vertical-align: middle;\"><\/td>\n<td style=\"text-align: center; vertical-align: middle;\"><\/td>\n<td style=\"text-align: center; vertical-align: middle;\">11,00<\/td>\n<td style=\"text-align: center; vertical-align: middle;\">0,70<\/td>\n<td style=\"text-align: center; vertical-align: middle;\">0,70<\/td>\n<\/tr>\n<tr>\n<td style=\"text-align: center; vertical-align: middle;\"><strong>Max.<\/strong><\/td>\n<td style=\"text-align: center; vertical-align: middle;\">1,60<\/td>\n<td style=\"text-align: center; vertical-align: middle;\">0,80<\/td>\n<td style=\"text-align: center; vertical-align: middle;\">0,60<\/td>\n<td style=\"text-align: center; vertical-align: middle;\">0,030<\/td>\n<td style=\"text-align: center; vertical-align: middle;\">0,030<\/td>\n<td style=\"text-align: center; vertical-align: middle;\">13,00<\/td>\n<td style=\"text-align: center; vertical-align: middle;\">1,00<\/td>\n<td style=\"text-align: center; vertical-align: middle;\">1,00<\/td>\n<\/tr>\n<\/tbody>\n<\/table>\n<\/div>\n<div id=\"t_tratamientos\" class=\"tab\" style=\"display:none;\">\n<table class=\"tt\" border=\"1\" width=\"100%\">\n<tbody>\n<tr>\n<th scope=\"col\" style=\"text-align: center; vertical-align: middle;\"><strong>Recopt \u00baC<\/strong><\/th>\n<th scope=\"col\" style=\"text-align: center; vertical-align: middle;\"><strong>C\u0103lit \u00baC<\/strong><\/th>\n<th scope=\"col\" style=\"text-align: center; vertical-align: middle;\"><strong>Revenit \u00baC<\/strong><\/th>\n<\/tr>\n<tr>\n<td style=\"text-align: center; vertical-align: middle;\">840-890<\/td>\n<td style=\"text-align: center; vertical-align: middle;\">1000-1050<br \/>\nBaie calda de aer<br \/>\nulei<\/td>\n<td style=\"text-align: center; vertical-align: middle;\">525-570<br \/>\n1 Revenit<br \/>\n525-570<br \/>\n2 Revenit<\/td>\n<\/tr>\n<\/tbody>\n<\/table>\n<\/div>\n<div id=\"t_caracteristicas\" class=\"tab\" style=\"display:none;\">\n<p>Propriet\u0103\u021bi mecanice la temperatura mediului ambiant \u00een stare recoapta.<\/p>\n<table class=\"cm\" border=\"1\" width=\"100%\">\n<tbody>\n<tr>\n<td>Duritate maxim\u0103<\/td>\n<td style=\"text-align: center;\">255 HB<\/td>\n<\/tr>\n<\/tbody>\n<\/table>\n<\/div>\n<div id=\"t_equivalencias\" class=\"tab\" style=\"display: none;\">\n<table class=\"ea\" border=\"1\" width=\"100%\">\n<tbody>\n<tr>\n<th scope=\"col\" style=\"text-align: center; vertical-align: middle;\"><strong>EN<\/strong><\/th>\n<th scope=\"col\" style=\"text-align: center; vertical-align: middle;\"><strong>DIN<\/strong><\/th>\n<th scope=\"col\" style=\"text-align: center; vertical-align: middle;\"><strong>N\u00ba Stand<\/strong><\/th>\n<th scope=\"col\" style=\"text-align: center; vertical-align: middle;\"><strong>UNE<\/strong><\/th>\n<th scope=\"col\" style=\"text-align: center; vertical-align: middle;\"><strong>STAS<\/strong><\/th>\n<th scope=\"col\" style=\"text-align: center; vertical-align: middle;\"><strong>AFNOR<\/strong><\/th>\n<th scope=\"col\" style=\"text-align: center; vertical-align: middle;\"><strong>BS<\/strong><\/th>\n<th scope=\"col\" style=\"text-align: center; vertical-align: middle;\"><strong>UNI<\/strong><\/th>\n<th scope=\"col\" style=\"text-align: center; vertical-align: middle;\"><strong>AISI\/SAE<\/strong><\/th>\n<th scope=\"col\" style=\"text-align: center; vertical-align: middle;\"><strong>GOST<\/strong><\/th>\n<\/tr>\n<tr>\n<td style=\"text-align: center; vertical-align: middle;\">X153CrMoV12<\/td>\n<td style=\"text-align: center; vertical-align: middle;\">X153CrMoV12<\/td>\n<td style=\"text-align: center; vertical-align: middle;\">1.2379<\/td>\n<td style=\"text-align: center; vertical-align: middle;\">F5211<\/td>\n<td style=\"text-align: center; vertical-align: middle;\"><\/td>\n<td style=\"text-align: center; vertical-align: middle;\">Z160CDV12<\/td>\n<td style=\"text-align: center; vertical-align: middle;\">BD2<\/td>\n<td style=\"text-align: center; vertical-align: middle;\">X155CrMo12 1KU<\/td>\n<td style=\"text-align: center; vertical-align: middle;\">D2<\/td>\n<td style=\"text-align: center; vertical-align: middle;\">\u042512\u041c\u0424<\/td>\n<\/tr>\n<\/tbody>\n<\/table>\n<\/div>\n<\/div>\n<div class=\"container ficha_descarga\">\n<a class=\"btn_ausa\" title=\"Fi\u0219a tehnic\u0103 o\u021bel de scule pentru lucru la rece 1.2379\" href=\"\/fichas\/Otel-cule-pentru-la-rece-1.2379-AUSA.pdf\" target=\"_blank\">Fi\u0219a tehnic\u0103 o\u021bel de scule pentru lucru la rece 1.2379<\/a>\n<\/div>\n<\/div>\n<div class=\"row informacion_tecnica_ficha\">\n<div class=\"container\">\n<ul>\n<li id=\"menu-item-3941\" class=\"calculadora-peso menu-item menu-item-type-post_type menu-item-object-page menu-item-3941\"><a href=\"https:\/\/www.ausasteel.com\/ro\/informatii-tehnice\/calculator-greutate\/\">Calculator greutate<\/a><\/li>\n<li id=\"menu-item-3942\" class=\"tolerancias-dimensionales menu-item menu-item-type-post_type menu-item-object-page menu-item-3942\"><a href=\"https:\/\/www.ausasteel.com\/ro\/informatii-tehnice\/tolerante-dimensiuni\/\">Toleran\u021be dimensiuni<\/a><\/li>\n<\/ul>\n<\/div>\n<\/div>\n<div class=\"row relacionados\">\n<div class=\"contaienr\">\n<h2>O\u021beluri conexe pentru produc\u021bia de scule pentru lucru la rece<\/h2>\n<p>[vc_widget_sidebar show_bg=&#8221;false&#8221; sidebar_id=&#8221;sidebar_18&#8243;]\n<\/p><\/div>\n<\/div><!-- AddThis Advanced Settings generic via filter on the_content -->","protected":false},"excerpt":{"rendered":"<p>O\u021bel de scule pentru lucru la rece 1.2379 O\u021bel de scule pentru lucru la rece cu 12 % crom au o rezisten\u021b\u0103 ridicat\u0103 la uzur\u0103 \u0219i o bun\u0103 tenacitate. Poate fi utilizate pentru procese ulterioare c\u0103lirii (nitrurare, strat de acoperire superficial). Situa\u021bii furnizare Recoacere. Dimensiuni \u00een stoc \u2013 mm. 15-503 15-502 20X8-403X200 Norm\u0103 de aplicare&hellip;<!-- AddThis Advanced Settings generic via filter on get_the_excerpt --><\/p>\n","protected":false},"author":1,"featured_media":0,"parent":3305,"menu_order":0,"comment_status":"closed","ping_status":"open","template":"","meta":{"footnotes":""},"class_list":["post-3320","page","type-page","status-publish","hentry"],"yoast_head":"<!-- This site is optimized with the Yoast SEO plugin v26.6 - https:\/\/yoast.com\/wordpress\/plugins\/seo\/ -->\n<title>O\u021bel de scule pentru lucru la rece 1.2379 - AUSA<\/title>\n<meta name=\"description\" content=\"O\u021bel de scule pentru lucru la rece cu 12 % crom au o rezisten\u021b\u0103 ridicat\u0103 la uzur\u0103 \u0219i o bun\u0103 tenacitate.\" \/>\n<meta name=\"robots\" content=\"index, follow, max-snippet:-1, max-image-preview:large, max-video-preview:-1\" \/>\n<link rel=\"canonical\" href=\"https:\/\/www.ausasteel.com\/ro\/oteluri\/oteluri-speciale\/oteluri-de-scule-pentru-lucru-la-rece\/otel-de-scule-pentru-lucru-la-rece-1-2379\/\" \/>\n<meta property=\"og:locale\" content=\"ro_RO\" \/>\n<meta property=\"og:type\" content=\"article\" \/>\n<meta property=\"og:title\" content=\"O\u021bel de scule pentru lucru la rece 1.2379 - AUSA\" \/>\n<meta property=\"og:description\" content=\"O\u021bel de scule pentru lucru la rece cu 12 % crom au o rezisten\u021b\u0103 ridicat\u0103 la uzur\u0103 \u0219i o bun\u0103 tenacitate.\" \/>\n<meta property=\"og:url\" content=\"https:\/\/www.ausasteel.com\/ro\/oteluri\/oteluri-speciale\/oteluri-de-scule-pentru-lucru-la-rece\/otel-de-scule-pentru-lucru-la-rece-1-2379\/\" \/>\n<meta property=\"og:site_name\" content=\"AUSA special steels\" \/>\n<meta property=\"article:modified_time\" content=\"2019-09-11T15:56:38+00:00\" \/>\n<meta name=\"twitter:label1\" content=\"Est. reading time\" \/>\n\t<meta name=\"twitter:data1\" content=\"1 minute\" \/>\n<script type=\"application\/ld+json\" class=\"yoast-schema-graph\">{\"@context\":\"https:\/\/schema.org\",\"@graph\":[{\"@type\":\"WebPage\",\"@id\":\"https:\/\/www.ausasteel.com\/ro\/oteluri\/oteluri-speciale\/oteluri-de-scule-pentru-lucru-la-rece\/otel-de-scule-pentru-lucru-la-rece-1-2379\/\",\"url\":\"https:\/\/www.ausasteel.com\/ro\/oteluri\/oteluri-speciale\/oteluri-de-scule-pentru-lucru-la-rece\/otel-de-scule-pentru-lucru-la-rece-1-2379\/\",\"name\":\"O\u021bel de scule pentru lucru la rece 1.2379 - AUSA\",\"isPartOf\":{\"@id\":\"https:\/\/www.ausasteel.com\/ro\/#website\"},\"datePublished\":\"2014-10-27T22:47:02+00:00\",\"dateModified\":\"2019-09-11T15:56:38+00:00\",\"description\":\"O\u021bel de scule pentru lucru la rece cu 12 % crom au o rezisten\u021b\u0103 ridicat\u0103 la uzur\u0103 \u0219i o bun\u0103 tenacitate.\",\"breadcrumb\":{\"@id\":\"https:\/\/www.ausasteel.com\/ro\/oteluri\/oteluri-speciale\/oteluri-de-scule-pentru-lucru-la-rece\/otel-de-scule-pentru-lucru-la-rece-1-2379\/#breadcrumb\"},\"inLanguage\":\"ro-RO\",\"potentialAction\":[{\"@type\":\"ReadAction\",\"target\":[\"https:\/\/www.ausasteel.com\/ro\/oteluri\/oteluri-speciale\/oteluri-de-scule-pentru-lucru-la-rece\/otel-de-scule-pentru-lucru-la-rece-1-2379\/\"]}]},{\"@type\":\"BreadcrumbList\",\"@id\":\"https:\/\/www.ausasteel.com\/ro\/oteluri\/oteluri-speciale\/oteluri-de-scule-pentru-lucru-la-rece\/otel-de-scule-pentru-lucru-la-rece-1-2379\/#breadcrumb\",\"itemListElement\":[{\"@type\":\"ListItem\",\"position\":1,\"name\":\"Portada\",\"item\":\"https:\/\/www.ausasteel.com\/ro\/\"},{\"@type\":\"ListItem\",\"position\":2,\"name\":\"O\u021beluri\",\"item\":\"https:\/\/www.ausasteel.com\/ro\/oteluri\/\"},{\"@type\":\"ListItem\",\"position\":3,\"name\":\"O\u021beluri speciale\",\"item\":\"https:\/\/www.ausasteel.com\/ro\/oteluri\/oteluri-speciale\/\"},{\"@type\":\"ListItem\",\"position\":4,\"name\":\"O\u021beluri de scule pentru lucru la rece\",\"item\":\"https:\/\/www.ausasteel.com\/ro\/oteluri\/oteluri-speciale\/oteluri-de-scule-pentru-lucru-la-rece\/\"},{\"@type\":\"ListItem\",\"position\":5,\"name\":\"O\u021bel de scule pentru lucru la rece 1.2379\"}]},{\"@type\":\"WebSite\",\"@id\":\"https:\/\/www.ausasteel.com\/ro\/#website\",\"url\":\"https:\/\/www.ausasteel.com\/ro\/\",\"name\":\"AUSA special steels\",\"description\":\"AUSA special steels\",\"potentialAction\":[{\"@type\":\"SearchAction\",\"target\":{\"@type\":\"EntryPoint\",\"urlTemplate\":\"https:\/\/www.ausasteel.com\/ro\/?s={search_term_string}\"},\"query-input\":{\"@type\":\"PropertyValueSpecification\",\"valueRequired\":true,\"valueName\":\"search_term_string\"}}],\"inLanguage\":\"ro-RO\"}]}<\/script>\n<!-- \/ Yoast SEO plugin. -->","yoast_head_json":{"title":"O\u021bel de scule pentru lucru la rece 1.2379 - AUSA","description":"O\u021bel de scule pentru lucru la rece cu 12 % crom au o rezisten\u021b\u0103 ridicat\u0103 la uzur\u0103 \u0219i o bun\u0103 tenacitate.","robots":{"index":"index","follow":"follow","max-snippet":"max-snippet:-1","max-image-preview":"max-image-preview:large","max-video-preview":"max-video-preview:-1"},"canonical":"https:\/\/www.ausasteel.com\/ro\/oteluri\/oteluri-speciale\/oteluri-de-scule-pentru-lucru-la-rece\/otel-de-scule-pentru-lucru-la-rece-1-2379\/","og_locale":"ro_RO","og_type":"article","og_title":"O\u021bel de scule pentru lucru la rece 1.2379 - AUSA","og_description":"O\u021bel de scule pentru lucru la rece cu 12 % crom au o rezisten\u021b\u0103 ridicat\u0103 la uzur\u0103 \u0219i o bun\u0103 tenacitate.","og_url":"https:\/\/www.ausasteel.com\/ro\/oteluri\/oteluri-speciale\/oteluri-de-scule-pentru-lucru-la-rece\/otel-de-scule-pentru-lucru-la-rece-1-2379\/","og_site_name":"AUSA special steels","article_modified_time":"2019-09-11T15:56:38+00:00","twitter_misc":{"Est. reading time":"1 minute"},"schema":{"@context":"https:\/\/schema.org","@graph":[{"@type":"WebPage","@id":"https:\/\/www.ausasteel.com\/ro\/oteluri\/oteluri-speciale\/oteluri-de-scule-pentru-lucru-la-rece\/otel-de-scule-pentru-lucru-la-rece-1-2379\/","url":"https:\/\/www.ausasteel.com\/ro\/oteluri\/oteluri-speciale\/oteluri-de-scule-pentru-lucru-la-rece\/otel-de-scule-pentru-lucru-la-rece-1-2379\/","name":"O\u021bel de scule pentru lucru la rece 1.2379 - AUSA","isPartOf":{"@id":"https:\/\/www.ausasteel.com\/ro\/#website"},"datePublished":"2014-10-27T22:47:02+00:00","dateModified":"2019-09-11T15:56:38+00:00","description":"O\u021bel de scule pentru lucru la rece cu 12 % crom au o rezisten\u021b\u0103 ridicat\u0103 la uzur\u0103 \u0219i o bun\u0103 tenacitate.","breadcrumb":{"@id":"https:\/\/www.ausasteel.com\/ro\/oteluri\/oteluri-speciale\/oteluri-de-scule-pentru-lucru-la-rece\/otel-de-scule-pentru-lucru-la-rece-1-2379\/#breadcrumb"},"inLanguage":"ro-RO","potentialAction":[{"@type":"ReadAction","target":["https:\/\/www.ausasteel.com\/ro\/oteluri\/oteluri-speciale\/oteluri-de-scule-pentru-lucru-la-rece\/otel-de-scule-pentru-lucru-la-rece-1-2379\/"]}]},{"@type":"BreadcrumbList","@id":"https:\/\/www.ausasteel.com\/ro\/oteluri\/oteluri-speciale\/oteluri-de-scule-pentru-lucru-la-rece\/otel-de-scule-pentru-lucru-la-rece-1-2379\/#breadcrumb","itemListElement":[{"@type":"ListItem","position":1,"name":"Portada","item":"https:\/\/www.ausasteel.com\/ro\/"},{"@type":"ListItem","position":2,"name":"O\u021beluri","item":"https:\/\/www.ausasteel.com\/ro\/oteluri\/"},{"@type":"ListItem","position":3,"name":"O\u021beluri speciale","item":"https:\/\/www.ausasteel.com\/ro\/oteluri\/oteluri-speciale\/"},{"@type":"ListItem","position":4,"name":"O\u021beluri de scule pentru lucru la rece","item":"https:\/\/www.ausasteel.com\/ro\/oteluri\/oteluri-speciale\/oteluri-de-scule-pentru-lucru-la-rece\/"},{"@type":"ListItem","position":5,"name":"O\u021bel de scule pentru lucru la rece 1.2379"}]},{"@type":"WebSite","@id":"https:\/\/www.ausasteel.com\/ro\/#website","url":"https:\/\/www.ausasteel.com\/ro\/","name":"AUSA special steels","description":"AUSA special steels","potentialAction":[{"@type":"SearchAction","target":{"@type":"EntryPoint","urlTemplate":"https:\/\/www.ausasteel.com\/ro\/?s={search_term_string}"},"query-input":{"@type":"PropertyValueSpecification","valueRequired":true,"valueName":"search_term_string"}}],"inLanguage":"ro-RO"}]}},"_links":{"self":[{"href":"https:\/\/www.ausasteel.com\/ro\/wp-json\/wp\/v2\/pages\/3320","targetHints":{"allow":["GET"]}}],"collection":[{"href":"https:\/\/www.ausasteel.com\/ro\/wp-json\/wp\/v2\/pages"}],"about":[{"href":"https:\/\/www.ausasteel.com\/ro\/wp-json\/wp\/v2\/types\/page"}],"author":[{"embeddable":true,"href":"https:\/\/www.ausasteel.com\/ro\/wp-json\/wp\/v2\/users\/1"}],"replies":[{"embeddable":true,"href":"https:\/\/www.ausasteel.com\/ro\/wp-json\/wp\/v2\/comments?post=3320"}],"version-history":[{"count":13,"href":"https:\/\/www.ausasteel.com\/ro\/wp-json\/wp\/v2\/pages\/3320\/revisions"}],"predecessor-version":[{"id":16030,"href":"https:\/\/www.ausasteel.com\/ro\/wp-json\/wp\/v2\/pages\/3320\/revisions\/16030"}],"up":[{"embeddable":true,"href":"https:\/\/www.ausasteel.com\/ro\/wp-json\/wp\/v2\/pages\/3305"}],"wp:attachment":[{"href":"https:\/\/www.ausasteel.com\/ro\/wp-json\/wp\/v2\/media?parent=3320"}],"curies":[{"name":"wp","href":"https:\/\/api.w.org\/{rel}","templated":true}]}}