        {"id":3296,"date":"2014-10-21T19:46:53","date_gmt":"2014-10-21T19:46:53","guid":{"rendered":"http:\/\/ausasteel.irantzu.com\/oteluri-speciale\/aceros-para-muelles\/"},"modified":"2018-11-09T11:29:10","modified_gmt":"2018-11-09T11:29:10","slug":"oteluri-pentru-arcuri","status":"publish","type":"page","link":"https:\/\/www.ausasteel.com\/ro\/oteluri\/oteluri-speciale\/oteluri-pentru-arcuri\/","title":{"rendered":"O\u021beluri pentru arcuri"},"content":{"rendered":"<div class=\"row\">\n<div class=\"container\">\n<h1>O\u021beluri pentru arcuri <\/h1>\n<\/div>\n<div class=\"container columna_imagen\">\n<div class=\"col-md-6\">\n<h3>O\u021bel cu o elasticitate ridicat\u0103, cu rezisten\u021b\u0103 la torsiune \u0219i flexiune.<\/h3>\n<p>Are o <strong>rezisten\u021b\u0103 la rupere<\/strong> prin trac\u021biune u\u0219or superioar\u0103 fa\u021b\u0103 de limita elastic\u0103 \u00een stare de c\u0103lire \u0219i revenire.<\/p>\n<p><strong>Se folose\u0219te, de obicei, <\/strong>\u00een produc\u021bia de arcuri, chei fixe, d\u0103l\u021bi mici, d\u0103l\u021bi mari, foarfece pentru metal \u0219i de t\u0103iat s\u00e2rm\u0103, bare de torsiune, resorturi, benzi metalice de legat \u0219i ancore.<\/p>\n<p><strong>AUSA<\/strong> colaboreaz\u0103 cu <strong>\u00eentreprinderi siderurgice prestigioase, <\/strong>acest lucru garant\u00e2nd <strong>calitatea<\/strong> superioar\u0103 a o\u021belului pentru arcuri oferit.<\/p>\n<p>[vc_widget_sidebar show_bg=&#8221;false&#8221; sidebar_id=&#8221;sidebar_17&#8243;]\n<\/p><\/div>\n<div class=\"col-md-6\">\n<div class=\"container_imagen\">\n<img decoding=\"async\" src=\"\/wp-content\/uploads\/2015\/05\/Aceros-Muelles-AUSA.png\" alt=\"O\u021beluri pentru arcuri\" title=\"O\u021beluri pentru arcuri\">\n<\/div>\n<\/div>\n<\/div>\n<\/div>\n<div class=\"row gris\" id=\"informacion_tecnica\">\n<div class=\"container\">\n<h2>Informa\u021bii tehnice<\/h2>\n<p>[vc_widget_sidebar show_bg=&#8221;false&#8221; sidebar_id=&#8221;sidebar_26&#8243;]\n<\/p><\/div>\n<\/div><!-- AddThis Advanced Settings generic via filter on the_content -->","protected":false},"excerpt":{"rendered":"<p>O\u021beluri pentru arcuri O\u021bel cu o elasticitate ridicat\u0103, cu rezisten\u021b\u0103 la torsiune \u0219i flexiune. Are o rezisten\u021b\u0103 la rupere prin trac\u021biune u\u0219or superioar\u0103 fa\u021b\u0103 de limita elastic\u0103 \u00een stare de c\u0103lire \u0219i revenire. Se folose\u0219te, de obicei, \u00een produc\u021bia de arcuri, chei fixe, d\u0103l\u021bi mici, d\u0103l\u021bi mari, foarfece pentru metal \u0219i de t\u0103iat s\u00e2rm\u0103, bare&hellip;<!-- AddThis Advanced Settings generic via filter on get_the_excerpt --><\/p>\n","protected":false},"author":1,"featured_media":0,"parent":3163,"menu_order":0,"comment_status":"closed","ping_status":"closed","template":"","meta":{"footnotes":""},"class_list":["post-3296","page","type-page","status-publish","hentry"],"yoast_head":"<!-- This site is optimized with the Yoast SEO plugin v26.6 - https:\/\/yoast.com\/wordpress\/plugins\/seo\/ -->\n<title>O\u021beluri pentru arcuri - AUSA special steels<\/title>\n<meta name=\"robots\" content=\"index, follow, max-snippet:-1, max-image-preview:large, max-video-preview:-1\" \/>\n<link rel=\"canonical\" href=\"https:\/\/www.ausasteel.com\/ro\/oteluri\/oteluri-speciale\/oteluri-pentru-arcuri\/\" \/>\n<meta property=\"og:locale\" content=\"ro_RO\" \/>\n<meta property=\"og:type\" content=\"article\" \/>\n<meta property=\"og:title\" content=\"O\u021beluri pentru arcuri - AUSA special steels\" \/>\n<meta property=\"og:description\" content=\"O\u021beluri pentru arcuri O\u021bel cu o elasticitate ridicat\u0103, cu rezisten\u021b\u0103 la torsiune \u0219i flexiune. Are o rezisten\u021b\u0103 la rupere prin trac\u021biune u\u0219or superioar\u0103 fa\u021b\u0103 de limita elastic\u0103 \u00een stare de c\u0103lire \u0219i revenire. Se folose\u0219te, de obicei, \u00een produc\u021bia de arcuri, chei fixe, d\u0103l\u021bi mici, d\u0103l\u021bi mari, foarfece pentru metal \u0219i de t\u0103iat s\u00e2rm\u0103, bare&hellip;\" \/>\n<meta property=\"og:url\" content=\"https:\/\/www.ausasteel.com\/ro\/oteluri\/oteluri-speciale\/oteluri-pentru-arcuri\/\" \/>\n<meta property=\"og:site_name\" content=\"AUSA special steels\" \/>\n<meta property=\"article:modified_time\" content=\"2018-11-09T11:29:10+00:00\" \/>\n<meta name=\"twitter:label1\" content=\"Est. reading time\" \/>\n\t<meta name=\"twitter:data1\" content=\"1 minute\" \/>\n<script type=\"application\/ld+json\" class=\"yoast-schema-graph\">{\"@context\":\"https:\/\/schema.org\",\"@graph\":[{\"@type\":\"WebPage\",\"@id\":\"https:\/\/www.ausasteel.com\/ro\/oteluri\/oteluri-speciale\/oteluri-pentru-arcuri\/\",\"url\":\"https:\/\/www.ausasteel.com\/ro\/oteluri\/oteluri-speciale\/oteluri-pentru-arcuri\/\",\"name\":\"O\u021beluri pentru arcuri - AUSA special steels\",\"isPartOf\":{\"@id\":\"https:\/\/www.ausasteel.com\/ro\/#website\"},\"datePublished\":\"2014-10-21T19:46:53+00:00\",\"dateModified\":\"2018-11-09T11:29:10+00:00\",\"breadcrumb\":{\"@id\":\"https:\/\/www.ausasteel.com\/ro\/oteluri\/oteluri-speciale\/oteluri-pentru-arcuri\/#breadcrumb\"},\"inLanguage\":\"ro-RO\",\"potentialAction\":[{\"@type\":\"ReadAction\",\"target\":[\"https:\/\/www.ausasteel.com\/ro\/oteluri\/oteluri-speciale\/oteluri-pentru-arcuri\/\"]}]},{\"@type\":\"BreadcrumbList\",\"@id\":\"https:\/\/www.ausasteel.com\/ro\/oteluri\/oteluri-speciale\/oteluri-pentru-arcuri\/#breadcrumb\",\"itemListElement\":[{\"@type\":\"ListItem\",\"position\":1,\"name\":\"Portada\",\"item\":\"https:\/\/www.ausasteel.com\/ro\/\"},{\"@type\":\"ListItem\",\"position\":2,\"name\":\"O\u021beluri\",\"item\":\"https:\/\/www.ausasteel.com\/ro\/oteluri\/\"},{\"@type\":\"ListItem\",\"position\":3,\"name\":\"O\u021beluri speciale\",\"item\":\"https:\/\/www.ausasteel.com\/ro\/oteluri\/oteluri-speciale\/\"},{\"@type\":\"ListItem\",\"position\":4,\"name\":\"O\u021beluri pentru arcuri\"}]},{\"@type\":\"WebSite\",\"@id\":\"https:\/\/www.ausasteel.com\/ro\/#website\",\"url\":\"https:\/\/www.ausasteel.com\/ro\/\",\"name\":\"AUSA special steels\",\"description\":\"AUSA special steels\",\"potentialAction\":[{\"@type\":\"SearchAction\",\"target\":{\"@type\":\"EntryPoint\",\"urlTemplate\":\"https:\/\/www.ausasteel.com\/ro\/?s={search_term_string}\"},\"query-input\":{\"@type\":\"PropertyValueSpecification\",\"valueRequired\":true,\"valueName\":\"search_term_string\"}}],\"inLanguage\":\"ro-RO\"}]}<\/script>\n<!-- \/ Yoast SEO plugin. -->","yoast_head_json":{"title":"O\u021beluri pentru arcuri - AUSA special steels","robots":{"index":"index","follow":"follow","max-snippet":"max-snippet:-1","max-image-preview":"max-image-preview:large","max-video-preview":"max-video-preview:-1"},"canonical":"https:\/\/www.ausasteel.com\/ro\/oteluri\/oteluri-speciale\/oteluri-pentru-arcuri\/","og_locale":"ro_RO","og_type":"article","og_title":"O\u021beluri pentru arcuri - AUSA special steels","og_description":"O\u021beluri pentru arcuri O\u021bel cu o elasticitate ridicat\u0103, cu rezisten\u021b\u0103 la torsiune \u0219i flexiune. Are o rezisten\u021b\u0103 la rupere prin trac\u021biune u\u0219or superioar\u0103 fa\u021b\u0103 de limita elastic\u0103 \u00een stare de c\u0103lire \u0219i revenire. Se folose\u0219te, de obicei, \u00een produc\u021bia de arcuri, chei fixe, d\u0103l\u021bi mici, d\u0103l\u021bi mari, foarfece pentru metal \u0219i de t\u0103iat s\u00e2rm\u0103, bare&hellip;","og_url":"https:\/\/www.ausasteel.com\/ro\/oteluri\/oteluri-speciale\/oteluri-pentru-arcuri\/","og_site_name":"AUSA special steels","article_modified_time":"2018-11-09T11:29:10+00:00","twitter_misc":{"Est. reading time":"1 minute"},"schema":{"@context":"https:\/\/schema.org","@graph":[{"@type":"WebPage","@id":"https:\/\/www.ausasteel.com\/ro\/oteluri\/oteluri-speciale\/oteluri-pentru-arcuri\/","url":"https:\/\/www.ausasteel.com\/ro\/oteluri\/oteluri-speciale\/oteluri-pentru-arcuri\/","name":"O\u021beluri pentru arcuri - AUSA special steels","isPartOf":{"@id":"https:\/\/www.ausasteel.com\/ro\/#website"},"datePublished":"2014-10-21T19:46:53+00:00","dateModified":"2018-11-09T11:29:10+00:00","breadcrumb":{"@id":"https:\/\/www.ausasteel.com\/ro\/oteluri\/oteluri-speciale\/oteluri-pentru-arcuri\/#breadcrumb"},"inLanguage":"ro-RO","potentialAction":[{"@type":"ReadAction","target":["https:\/\/www.ausasteel.com\/ro\/oteluri\/oteluri-speciale\/oteluri-pentru-arcuri\/"]}]},{"@type":"BreadcrumbList","@id":"https:\/\/www.ausasteel.com\/ro\/oteluri\/oteluri-speciale\/oteluri-pentru-arcuri\/#breadcrumb","itemListElement":[{"@type":"ListItem","position":1,"name":"Portada","item":"https:\/\/www.ausasteel.com\/ro\/"},{"@type":"ListItem","position":2,"name":"O\u021beluri","item":"https:\/\/www.ausasteel.com\/ro\/oteluri\/"},{"@type":"ListItem","position":3,"name":"O\u021beluri speciale","item":"https:\/\/www.ausasteel.com\/ro\/oteluri\/oteluri-speciale\/"},{"@type":"ListItem","position":4,"name":"O\u021beluri pentru arcuri"}]},{"@type":"WebSite","@id":"https:\/\/www.ausasteel.com\/ro\/#website","url":"https:\/\/www.ausasteel.com\/ro\/","name":"AUSA special steels","description":"AUSA special steels","potentialAction":[{"@type":"SearchAction","target":{"@type":"EntryPoint","urlTemplate":"https:\/\/www.ausasteel.com\/ro\/?s={search_term_string}"},"query-input":{"@type":"PropertyValueSpecification","valueRequired":true,"valueName":"search_term_string"}}],"inLanguage":"ro-RO"}]}},"_links":{"self":[{"href":"https:\/\/www.ausasteel.com\/ro\/wp-json\/wp\/v2\/pages\/3296","targetHints":{"allow":["GET"]}}],"collection":[{"href":"https:\/\/www.ausasteel.com\/ro\/wp-json\/wp\/v2\/pages"}],"about":[{"href":"https:\/\/www.ausasteel.com\/ro\/wp-json\/wp\/v2\/types\/page"}],"author":[{"embeddable":true,"href":"https:\/\/www.ausasteel.com\/ro\/wp-json\/wp\/v2\/users\/1"}],"replies":[{"embeddable":true,"href":"https:\/\/www.ausasteel.com\/ro\/wp-json\/wp\/v2\/comments?post=3296"}],"version-history":[{"count":7,"href":"https:\/\/www.ausasteel.com\/ro\/wp-json\/wp\/v2\/pages\/3296\/revisions"}],"predecessor-version":[{"id":15399,"href":"https:\/\/www.ausasteel.com\/ro\/wp-json\/wp\/v2\/pages\/3296\/revisions\/15399"}],"up":[{"embeddable":true,"href":"https:\/\/www.ausasteel.com\/ro\/wp-json\/wp\/v2\/pages\/3163"}],"wp:attachment":[{"href":"https:\/\/www.ausasteel.com\/ro\/wp-json\/wp\/v2\/media?parent=3296"}],"curies":[{"name":"wp","href":"https:\/\/api.w.org\/{rel}","templated":true}]}}