    {"id":3280,"date":"2014-10-27T22:00:00","date_gmt":"2014-10-27T22:00:00","guid":{"rendered":"http:\/\/ausasteel.irantzu.com\/oteluri-speciale\/bare-perforate\/barra-perforada-st52\/"},"modified":"2019-09-11T15:57:25","modified_gmt":"2019-09-11T15:57:25","slug":"bara-perforata-st52","status":"publish","type":"page","link":"https:\/\/www.ausasteel.com\/ro\/oteluri\/oteluri-speciale\/bare-perforate\/bara-perforata-st52\/","title":{"rendered":"Bar\u0103 perforat\u0103 ST52"},"content":{"rendered":"<div class=\"row\">\n<div class=\"container\">\n<div>\n<h1>Bar\u0103 perforat\u0103 ST52<\/h1>\n<h3>Piese cu o <strong>rezisten\u021b\u0103 medie<\/strong> \u0219i cu o <strong>bun\u0103 sudabilitate \u0219i tenacitate<\/strong>. Rezultate acceptabile la cementarea pieselor care implic\u0103 o responsabilitate limitat\u0103.<\/h3>\n<\/div>\n<div class=\"caja_bloques\">\n<div class=\"col-md-5\">\n<div class=\"bloque\">\n<h4 style=\"text-transform: uppercase;\">Situa\u021bii furnizare<\/h4>\n<p>Brut pentru prelucrare prin laminare.<\/p>\n<\/div>\n<div class=\"bloque\">\n<h4 style=\"text-transform: uppercase;\">Dimensiuni \u00een stoc \u2013 mm.<\/h4>\n<ul>\n<li><img decoding=\"async\" src=\"\/wp-content\/uploads\/2014\/10\/circulo.png\" alt=\"circle\" \/><span>21,3X15,3X3 \u2013 660X500X80<\/span><\/li>\n<\/ul>\n<\/div>\n<div class=\"bloque\">\n<h4 style=\"text-trasnform: uppercase;\">Norm\u0103 de aplicare<\/h4>\n<p>EN 10297-1<\/p>\n<\/div>\n<div class=\"bloque\">\n<h4 style=\"text-transform: uppercase;\">Cod de culori<\/h4>\n<div class=\"figura\" style=\"width: 50px;height: 50px;border: 2px solid #808080 ;border-radius: 50%;position: relative;background:green;\"><div><span style=\"position: absolute;display:inline-block;width:0;height:0;line-height:0;border:25px solid none;border-left:none;border-bottom-right-radius:50px;border-top-right-radius:50px;left:25px;top:0px\"><\/span><span style=\"position: absolute;display:inline-block;width:0;height:0;line-height:0;border:25px solid none;border-right:none;border-bottom-left-radius:50px;border-top-left-radius:50px;left:0px;top:0px\"><\/span><\/div><div style=\"width: 30px;height: 30px;border-radius: 50%;position: absolute;top: 10px;left: 10px;background: white;z-index: 3;\"><\/div><div style=\"width: 8px;height: 50px;display: block;position: absolute;z-index: 3;top: 50%;left: 50%;margin: -25px 0 0 -4px;background:none;\"><\/div><\/div><\/div>\n<\/div>\n<div class=\"col-md-7\">\n<div class=\"bloque\">\n<h4 style=\"text-transform: uppercase;\">Descriere \u0219i utiliz\u0103ri obi\u0219nuite<\/h4>\n<p><strong>Se utilizeaz\u0103, de obicei, <\/strong>pentru produc\u021bia de structuri metalice (poduri\u2026), ma\u0219ini agricole \u0219i c\u0103i ferate.<\/p>\n<div class=\"galeria_ficha\">\n<div class=\"previsualizacion\">\n<img decoding=\"async\" id=\"preview\" src=\"https:\/\/www.ausasteel.com\/wp-content\/uploads\/2014\/10\/Bare-Perforate-ST52-11.png\" alt=\"Bar\u0103 perforat\u0103 ST52 - AUSA\" title=\"Bar\u0103 perforat\u0103 ST52 - AUSA\"><a class=\"wp-colorbox-image\" href=\"https:\/\/www.ausasteel.com\/wp-content\/uploads\/2014\/10\/Bare-Perforate-ST52-11.png\" data-rel=\"lightbox-gallery-J96iZ8cF\" data-rl_title=\"\" data-rl_caption=\"\" title=\"\"><\/a>\n<\/div>\n<div class=\"miniaturas\">\n<img decoding=\"async\" class=\"thumbnail active\" onclick=\"showGallery(event)\" src=\"https:\/\/www.ausasteel.com\/wp-content\/uploads\/2014\/10\/Bare-Perforate-ST52-11.png\" alt=\"Bar\u0103 perforat\u0103 ST52 - AUSA\" title=\"Bar\u0103 perforat\u0103 ST52 - AUSA\" ><br \/>\n<img decoding=\"async\" class=\"thumbnail\" onclick=\"showGallery(event)\" src=\"https:\/\/www.ausasteel.com\/wp-content\/uploads\/2014\/10\/Bare-Perforate-ST52-21.png\" alt=\"Bar\u0103 perforat\u0103 ST52 - AUSA\" title=\"Bar\u0103 perforat\u0103 ST52 - AUSAA\"><br \/>\n<img decoding=\"async\" class=\"thumbnail\" onclick=\"showGallery(event)\" src=\"https:\/\/www.ausasteel.com\/wp-content\/uploads\/2015\/05\/Barra-Perforada-ST52-AUSA.png\" alt=\"Bar\u0103 perforat\u0103 ST52 - AUSA\" title=\"Bar\u0103 perforat\u0103 ST52 - AUSA\"><\/p>\n<\/div>\n<\/div>\n<\/div>\n<\/div>\n<\/div>\n<\/div>\n<\/div>\n<div class=\"row\">\n<div class=\"container caja_tablas\">\n<div class=\"selectores\">\n<button class=\"selector_tab active\" onclick=\"openTab(event,'t_composicion')\">Compozi\u021bie chimic\u0103<\/button><br \/>\n<button class=\"selector_tab\" onclick=\"openTab(event,'t_tratamientos')\">Tratamente termice \u2013 Temperaturi aproximative<\/button><br \/>\n<button class=\"selector_tab\" onclick=\"openTab(event,'t_caracteristicas')\">Caracteristici mecanice<\/button><br \/>\n<button class=\"selector_tab\" onclick=\"openTab(event,'t_equivalencias')\">Echivalen\u021be aproximative<\/button>\n<\/div>\n<div id=\"t_composicion\" class=\"tab\">\n<table class=\"footable\" border=\"1\" width=\"100%\">\n<tbody>\n<tr>\n<th scope=\"col\" style=\"text-align: center; vertical-align: middle;\"><\/th>\n<th scope=\"col\" style=\"text-align: center; vertical-align: middle;\"><strong>C<\/strong><\/th>\n<th scope=\"col\" style=\"text-align: center; vertical-align: middle;\"><strong>Mn<\/strong><\/th>\n<th scope=\"col\" style=\"text-align: center; vertical-align: middle;\"><strong>Si<\/strong><\/th>\n<th scope=\"col\" style=\"text-align: center; vertical-align: middle;\"><strong>P<\/strong><\/th>\n<th scope=\"col\" style=\"text-align: center; vertical-align: middle;\"><strong>S<\/strong><\/th>\n<th scope=\"col\" style=\"text-align: center; vertical-align: middle;\"><strong>V<\/strong><\/th>\n<th scope=\"col\" style=\"text-align: center; vertical-align: middle;\"><strong>Diverse<\/strong><\/th>\n<\/tr>\n<tr>\n<td style=\"text-align: center; vertical-align: middle;\"><strong>Min.<\/strong><\/td>\n<td style=\"text-align: center; vertical-align: middle;\"><\/td>\n<td style=\"text-align: center; vertical-align: middle;\"><\/td>\n<td style=\"text-align: center; vertical-align: middle;\"><\/td>\n<td style=\"text-align: center; vertical-align: middle;\"><\/td>\n<td style=\"text-align: center; vertical-align: middle;\"><\/td>\n<td style=\"text-align: center; vertical-align: middle;\">&nbsp;0,08<\/td>\n<td rowspan=\"2\" style=\"text-align: center; vertical-align: middle;\">Al min. 0,010<br \/>\nN max. 0,020<br \/>\nNb max. 0,07<\/td>\n<\/tr>\n<tr>\n<td style=\"text-align: center; vertical-align: middle;\"><strong>Max.<\/strong><\/td>\n<td style=\"text-align: center; vertical-align: middle;\">0,22<\/td>\n<td style=\"text-align: center; vertical-align: middle;\">1,60<\/td>\n<td style=\"text-align: center; vertical-align: middle;\">0,55<\/td>\n<td style=\"text-align: center; vertical-align: middle;\">0,030<\/td>\n<td style=\"text-align: center; vertical-align: middle;\">0,035<\/td>\n<td style=\"text-align: center; vertical-align: middle;\">0,015<\/td>\n<\/tr>\n<\/tbody>\n<\/table>\n<\/div>\n<div id=\"t_tratamientos\" class=\"tab\" style=\"display:none;\">\n<table class=\"tt\" border=\"1\" width=\"100%\">\n<tbody>\n<tr>\n<th scope=\"col\" style=\"text-align: center; vertical-align: middle;\"><strong>Recopt \u00baC<\/strong><\/th>\n<th scope=\"col\" style=\"text-align: center; vertical-align: middle;\"><strong>C\u0103lit \u00baC<\/strong><\/th>\n<th scope=\"col\" style=\"text-align: center; vertical-align: middle;\"><strong>Revenit \u00baC<\/strong><\/th>\n<\/tr>\n<tr>\n<td style=\"text-align: center; vertical-align: middle;\">670-700<\/td>\n<td style=\"text-align: center; vertical-align: middle;\">870-890 Ap\u0103<\/td>\n<td style=\"text-align: center; vertical-align: middle;\">480-650<\/td>\n<\/tr>\n<\/tbody>\n<\/table>\n<\/div>\n<div id=\"t_caracteristicas\" class=\"tab\" style=\"display:none;\">\n<table class=\"cm\" border=\"1\" width=\"100%\">\n<tbody>\n<tr>\n<th colspan=\"2\" scope=\"col\"><strong>Dimensiuni<\/strong><\/th>\n<th scope=\"col\"><strong>Re<\/strong><br \/>\n<strong>(N\/mm<sup>2<\/sup>)<\/strong><\/th>\n<th scope=\"col\"><strong>Rm<\/strong><br \/>\n<strong>(N\/mm<sup>2<\/sup>)<\/strong><\/th>\n<th scope=\"col\"><strong>A (%) L<\/strong><\/th>\n<th scope=\"col\"><strong>A (%) T<\/strong><\/th>\n<\/tr>\n<tr>\n<td colspan=\"2\" style=\"text-align: center; vertical-align: middle; background-color: #F7F7F7;\"><strong>Mm.<\/strong><\/td>\n<td style=\"text-align: center; vertical-align: middle; background-color: #F7F7F7;\"><strong>Min.<\/strong><\/td>\n<td style=\"text-align: center; vertical-align: middle; background-color: #F7F7F7;\"><strong>N\/mm<sup>2<\/sup><\/strong><\/td>\n<td style=\"text-align: center; vertical-align: middle; background-color: #F7F7F7;\"><strong>Min.<\/strong><\/td>\n<td style=\"text-align: center; vertical-align: middle; background-color: #F7F7F7;\"><strong>Min.<\/strong><\/td>\n<\/tr>\n<tr>\n<td style=\"text-align: center; vertical-align: middle;\"><\/td>\n<td style=\"text-align: center; vertical-align: middle;\">\u2264 16<\/td>\n<td style=\"text-align: center; vertical-align: middle;\">355<\/td>\n<td style=\"text-align: center; vertical-align: middle;\">490<\/td>\n<td style=\"text-align: center; vertical-align: middle;\">17<\/td>\n<td style=\"text-align: center; vertical-align: middle;\">15<\/td>\n<\/tr>\n<tr>\n<td style=\"text-align: center; vertical-align: middle;\">&gt; 16<\/td>\n<td style=\"text-align: center; vertical-align: middle;\">\u2264 40<\/td>\n<td style=\"text-align: center; vertical-align: middle;\">345<\/td>\n<td style=\"text-align: center; vertical-align: middle;\">490<\/td>\n<td style=\"text-align: center; vertical-align: middle;\">17<\/td>\n<td style=\"text-align: center; vertical-align: middle;\">15<\/td>\n<\/tr>\n<tr>\n<td style=\"text-align: center; vertical-align: middle;\">&gt; 40<\/td>\n<td style=\"text-align: center; vertical-align: middle;\">\u2264 65<\/td>\n<td style=\"text-align: center; vertical-align: middle;\">335<\/td>\n<td style=\"text-align: center; vertical-align: middle;\">490<\/td>\n<td style=\"text-align: center; vertical-align: middle;\">17<\/td>\n<td style=\"text-align: center; vertical-align: middle;\">15<\/td>\n<\/tr>\n<tr>\n<td style=\"text-align: center; vertical-align: middle;\">&gt; 65<\/td>\n<td style=\"text-align: center; vertical-align: middle;\">\u2264 80<\/td>\n<td style=\"text-align: center; vertical-align: middle;\">315<\/td>\n<td style=\"text-align: center; vertical-align: middle;\">470<\/td>\n<td style=\"text-align: center; vertical-align: middle;\">17<\/td>\n<td style=\"text-align: center; vertical-align: middle;\">15<\/td>\n<\/tr>\n<tr>\n<td style=\"text-align: center; vertical-align: middle;\">&gt; 80<\/td>\n<td style=\"text-align: center; vertical-align: middle;\">\u2264 100<\/td>\n<td style=\"text-align: center; vertical-align: middle;\">295<\/td>\n<td style=\"text-align: center; vertical-align: middle;\">470<\/td>\n<td style=\"text-align: center; vertical-align: middle;\">17<\/td>\n<td style=\"text-align: center; vertical-align: middle;\">15<\/td>\n<\/tr>\n<\/tbody>\n<\/table>\n<\/div>\n<div id=\"t_equivalencias\" class=\"tab\" style=\"display: none;\">\n<table class=\"ea\" border=\"1\" width=\"100%\">\n<tbody>\n<tr>\n<th scope=\"col\" style=\"text-align: center; vertical-align: middle;\"><strong>EN<\/strong><\/th>\n<th scope=\"col\" style=\"text-align: center; vertical-align: middle;\"><strong>DIN<\/strong><\/th>\n<th scope=\"col\" style=\"text-align: center; vertical-align: middle;\"><strong>N\u00ba Stand<\/strong><\/th>\n<th scope=\"col\" style=\"text-align: center; vertical-align: middle;\"><strong>UNE<\/strong><\/th>\n<th scope=\"col\" style=\"text-align: center; vertical-align: middle;\"><strong>STAS<\/strong><\/th>\n<th scope=\"col\" style=\"text-align: center; vertical-align: middle;\"><strong>AFNOR<\/strong><\/th>\n<th scope=\"col\" style=\"text-align: center; vertical-align: middle;\"><strong>BS<\/strong><\/th>\n<th scope=\"col\" style=\"text-align: center; vertical-align: middle;\"><strong>UNI<\/strong><\/th>\n<th scope=\"col\" style=\"text-align: center; vertical-align: middle;\"><strong>AISI\/SAE<\/strong><\/th>\n<th scope=\"col\" style=\"text-align: center; vertical-align: middle;\"><strong>GOST<\/strong><\/th>\n<\/tr>\n<tr>\n<td style=\"text-align: center; vertical-align: middle;\">E470<\/td>\n<td style=\"text-align: center; vertical-align: middle;\">20MnV6<\/td>\n<td style=\"text-align: center; vertical-align: middle;\"><\/td>\n<td style=\"text-align: center; vertical-align: middle;\"><\/td>\n<td style=\"text-align: center; vertical-align: middle;\"><\/td>\n<td style=\"text-align: center; vertical-align: middle;\"><\/td>\n<td style=\"text-align: center; vertical-align: middle;\"><\/td>\n<td style=\"text-align: center; vertical-align: middle;\"><\/td>\n<td style=\"text-align: center; vertical-align: middle;\"><\/td>\n<td style=\"text-align: center; vertical-align: middle;\"><\/td>\n<\/tr>\n<tr>\n<td style=\"text-align: center; vertical-align: middle;\">E355<\/td>\n<td style=\"text-align: center; vertical-align: middle;\">E355<\/td>\n<td style=\"text-align: center; vertical-align: middle;\">1.0580<\/td>\n<td style=\"text-align: center; vertical-align: middle;\">ST52<\/td>\n<td style=\"text-align: center; vertical-align: middle;\"><\/td>\n<td style=\"text-align: center; vertical-align: middle;\"><\/td>\n<td style=\"text-align: center; vertical-align: middle;\">CEW5<\/td>\n<td style=\"text-align: center; vertical-align: middle;\">Fe510<\/td>\n<td style=\"text-align: center; vertical-align: middle;\">1024<\/td>\n<td style=\"text-align: center; vertical-align: middle;\"><\/td>\n<\/tr>\n<\/tbody>\n<\/table>\n<\/div>\n<\/div>\n<div class=\"container ficha_descarga\">\n<a class=\"btn_ausa\" title=\"Fi\u0219a tehnic\u0103 bar\u0103 perforat\u0103 ST52\" href=\"https:\/\/www.ausasteel.com\/wp-content\/uploads\/2015\/05\/Bara-Perforata-ST52-AUSA.pdf\" target=\"_blank\">Fi\u0219a tehnic\u0103 bar\u0103 perforat\u0103 ST52<\/a>\n<\/div>\n<\/div>\n<div class=\"row informacion_tecnica_ficha\">\n<div class=\"container\">\n<ul>\n<li id=\"menu-item-3941\" class=\"calculadora-peso menu-item menu-item-type-post_type menu-item-object-page menu-item-3941\"><a href=\"https:\/\/www.ausasteel.com\/ro\/informatii-tehnice\/calculator-greutate\/\">Calculator greutate<\/a><\/li>\n<li id=\"menu-item-3942\" class=\"tolerancias-dimensionales menu-item menu-item-type-post_type menu-item-object-page menu-item-3942\"><a href=\"https:\/\/www.ausasteel.com\/ro\/informatii-tehnice\/tolerante-dimensiuni\/\">Toleran\u021be dimensiuni<\/a><\/li>\n<\/ul>\n<\/div>\n<\/div>\n<div class=\"row relacionados\">\n<div class=\"container\">\n<h2>Bare perforate conexe<\/h2>\n<p>[vc_widget_sidebar show_bg=&#8221;false&#8221; sidebar_id=&#8221;sidebar_15&#8243;]\n<\/p><\/div>\n<\/div><!-- AddThis Advanced Settings generic via filter on the_content -->","protected":false},"excerpt":{"rendered":"<p>Bar\u0103 perforat\u0103 ST52 Piese cu o rezisten\u021b\u0103 medie \u0219i cu o bun\u0103 sudabilitate \u0219i tenacitate. Rezultate acceptabile la cementarea pieselor care implic\u0103 o responsabilitate limitat\u0103. Situa\u021bii furnizare Brut pentru prelucrare prin laminare. Dimensiuni \u00een stoc \u2013 mm. 21,3X15,3X3 \u2013 660X500X80 Norm\u0103 de aplicare EN 10297-1 Cod de culori Descriere \u0219i utiliz\u0103ri obi\u0219nuite Se utilizeaz\u0103, de&hellip;<!-- AddThis Advanced Settings generic via filter on get_the_excerpt --><\/p>\n","protected":false},"author":1,"featured_media":0,"parent":3276,"menu_order":0,"comment_status":"closed","ping_status":"open","template":"","meta":{"footnotes":""},"class_list":["post-3280","page","type-page","status-publish","hentry"],"yoast_head":"<!-- This site is optimized with the Yoast SEO plugin v26.6 - https:\/\/yoast.com\/wordpress\/plugins\/seo\/ -->\n<title>Bar\u0103 perforat\u0103 ST52 - AUSA Special Steels<\/title>\n<meta name=\"description\" content=\"Piese cu o rezisten\u021b\u0103 medie \u0219i cu o bun\u0103 sudabilitate \u0219i tenacitate.\" \/>\n<meta name=\"robots\" content=\"index, follow, max-snippet:-1, max-image-preview:large, max-video-preview:-1\" \/>\n<link rel=\"canonical\" href=\"https:\/\/www.ausasteel.com\/ro\/oteluri\/oteluri-speciale\/bare-perforate\/bara-perforata-st52\/\" \/>\n<meta property=\"og:locale\" content=\"ro_RO\" \/>\n<meta property=\"og:type\" content=\"article\" \/>\n<meta property=\"og:title\" content=\"Bar\u0103 perforat\u0103 ST52 - AUSA Special Steels\" \/>\n<meta property=\"og:description\" content=\"Piese cu o rezisten\u021b\u0103 medie \u0219i cu o bun\u0103 sudabilitate \u0219i tenacitate.\" \/>\n<meta property=\"og:url\" content=\"https:\/\/www.ausasteel.com\/ro\/oteluri\/oteluri-speciale\/bare-perforate\/bara-perforata-st52\/\" \/>\n<meta property=\"og:site_name\" content=\"AUSA special steels\" \/>\n<meta property=\"article:modified_time\" content=\"2019-09-11T15:57:25+00:00\" \/>\n<meta property=\"og:image\" content=\"https:\/\/www.ausasteel.com\/wp-content\/uploads\/2014\/10\/Bare-Perforate-ST52-11.png\" \/>\n<meta name=\"twitter:label1\" content=\"Est. reading time\" \/>\n\t<meta name=\"twitter:data1\" content=\"1 minute\" \/>\n<script type=\"application\/ld+json\" class=\"yoast-schema-graph\">{\"@context\":\"https:\/\/schema.org\",\"@graph\":[{\"@type\":\"WebPage\",\"@id\":\"https:\/\/www.ausasteel.com\/ro\/oteluri\/oteluri-speciale\/bare-perforate\/bara-perforata-st52\/\",\"url\":\"https:\/\/www.ausasteel.com\/ro\/oteluri\/oteluri-speciale\/bare-perforate\/bara-perforata-st52\/\",\"name\":\"Bar\u0103 perforat\u0103 ST52 - AUSA Special Steels\",\"isPartOf\":{\"@id\":\"https:\/\/www.ausasteel.com\/ro\/#website\"},\"primaryImageOfPage\":{\"@id\":\"https:\/\/www.ausasteel.com\/ro\/oteluri\/oteluri-speciale\/bare-perforate\/bara-perforata-st52\/#primaryimage\"},\"image\":{\"@id\":\"https:\/\/www.ausasteel.com\/ro\/oteluri\/oteluri-speciale\/bare-perforate\/bara-perforata-st52\/#primaryimage\"},\"thumbnailUrl\":\"https:\/\/www.ausasteel.com\/wp-content\/uploads\/2014\/10\/Bare-Perforate-ST52-11.png\",\"datePublished\":\"2014-10-27T22:00:00+00:00\",\"dateModified\":\"2019-09-11T15:57:25+00:00\",\"description\":\"Piese cu o rezisten\u021b\u0103 medie \u0219i cu o bun\u0103 sudabilitate \u0219i tenacitate.\",\"breadcrumb\":{\"@id\":\"https:\/\/www.ausasteel.com\/ro\/oteluri\/oteluri-speciale\/bare-perforate\/bara-perforata-st52\/#breadcrumb\"},\"inLanguage\":\"ro-RO\",\"potentialAction\":[{\"@type\":\"ReadAction\",\"target\":[\"https:\/\/www.ausasteel.com\/ro\/oteluri\/oteluri-speciale\/bare-perforate\/bara-perforata-st52\/\"]}]},{\"@type\":\"ImageObject\",\"inLanguage\":\"ro-RO\",\"@id\":\"https:\/\/www.ausasteel.com\/ro\/oteluri\/oteluri-speciale\/bare-perforate\/bara-perforata-st52\/#primaryimage\",\"url\":\"https:\/\/www.ausasteel.com\/wp-content\/uploads\/2014\/10\/Bare-Perforate-ST52-11.png\",\"contentUrl\":\"https:\/\/www.ausasteel.com\/wp-content\/uploads\/2014\/10\/Bare-Perforate-ST52-11.png\"},{\"@type\":\"BreadcrumbList\",\"@id\":\"https:\/\/www.ausasteel.com\/ro\/oteluri\/oteluri-speciale\/bare-perforate\/bara-perforata-st52\/#breadcrumb\",\"itemListElement\":[{\"@type\":\"ListItem\",\"position\":1,\"name\":\"Portada\",\"item\":\"https:\/\/www.ausasteel.com\/ro\/\"},{\"@type\":\"ListItem\",\"position\":2,\"name\":\"O\u021beluri\",\"item\":\"https:\/\/www.ausasteel.com\/ro\/oteluri\/\"},{\"@type\":\"ListItem\",\"position\":3,\"name\":\"O\u021beluri speciale\",\"item\":\"https:\/\/www.ausasteel.com\/ro\/oteluri\/oteluri-speciale\/\"},{\"@type\":\"ListItem\",\"position\":4,\"name\":\"Bare perforate\",\"item\":\"https:\/\/www.ausasteel.com\/ro\/oteluri\/oteluri-speciale\/bare-perforate\/\"},{\"@type\":\"ListItem\",\"position\":5,\"name\":\"Bar\u0103 perforat\u0103 ST52\"}]},{\"@type\":\"WebSite\",\"@id\":\"https:\/\/www.ausasteel.com\/ro\/#website\",\"url\":\"https:\/\/www.ausasteel.com\/ro\/\",\"name\":\"AUSA special steels\",\"description\":\"AUSA special steels\",\"potentialAction\":[{\"@type\":\"SearchAction\",\"target\":{\"@type\":\"EntryPoint\",\"urlTemplate\":\"https:\/\/www.ausasteel.com\/ro\/?s={search_term_string}\"},\"query-input\":{\"@type\":\"PropertyValueSpecification\",\"valueRequired\":true,\"valueName\":\"search_term_string\"}}],\"inLanguage\":\"ro-RO\"}]}<\/script>\n<!-- \/ Yoast SEO plugin. -->","yoast_head_json":{"title":"Bar\u0103 perforat\u0103 ST52 - AUSA Special Steels","description":"Piese cu o rezisten\u021b\u0103 medie \u0219i cu o bun\u0103 sudabilitate \u0219i tenacitate.","robots":{"index":"index","follow":"follow","max-snippet":"max-snippet:-1","max-image-preview":"max-image-preview:large","max-video-preview":"max-video-preview:-1"},"canonical":"https:\/\/www.ausasteel.com\/ro\/oteluri\/oteluri-speciale\/bare-perforate\/bara-perforata-st52\/","og_locale":"ro_RO","og_type":"article","og_title":"Bar\u0103 perforat\u0103 ST52 - AUSA Special Steels","og_description":"Piese cu o rezisten\u021b\u0103 medie \u0219i cu o bun\u0103 sudabilitate \u0219i tenacitate.","og_url":"https:\/\/www.ausasteel.com\/ro\/oteluri\/oteluri-speciale\/bare-perforate\/bara-perforata-st52\/","og_site_name":"AUSA special steels","article_modified_time":"2019-09-11T15:57:25+00:00","og_image":[{"url":"https:\/\/www.ausasteel.com\/wp-content\/uploads\/2014\/10\/Bare-Perforate-ST52-11.png","type":"","width":"","height":""}],"twitter_misc":{"Est. reading time":"1 minute"},"schema":{"@context":"https:\/\/schema.org","@graph":[{"@type":"WebPage","@id":"https:\/\/www.ausasteel.com\/ro\/oteluri\/oteluri-speciale\/bare-perforate\/bara-perforata-st52\/","url":"https:\/\/www.ausasteel.com\/ro\/oteluri\/oteluri-speciale\/bare-perforate\/bara-perforata-st52\/","name":"Bar\u0103 perforat\u0103 ST52 - AUSA Special Steels","isPartOf":{"@id":"https:\/\/www.ausasteel.com\/ro\/#website"},"primaryImageOfPage":{"@id":"https:\/\/www.ausasteel.com\/ro\/oteluri\/oteluri-speciale\/bare-perforate\/bara-perforata-st52\/#primaryimage"},"image":{"@id":"https:\/\/www.ausasteel.com\/ro\/oteluri\/oteluri-speciale\/bare-perforate\/bara-perforata-st52\/#primaryimage"},"thumbnailUrl":"https:\/\/www.ausasteel.com\/wp-content\/uploads\/2014\/10\/Bare-Perforate-ST52-11.png","datePublished":"2014-10-27T22:00:00+00:00","dateModified":"2019-09-11T15:57:25+00:00","description":"Piese cu o rezisten\u021b\u0103 medie \u0219i cu o bun\u0103 sudabilitate \u0219i tenacitate.","breadcrumb":{"@id":"https:\/\/www.ausasteel.com\/ro\/oteluri\/oteluri-speciale\/bare-perforate\/bara-perforata-st52\/#breadcrumb"},"inLanguage":"ro-RO","potentialAction":[{"@type":"ReadAction","target":["https:\/\/www.ausasteel.com\/ro\/oteluri\/oteluri-speciale\/bare-perforate\/bara-perforata-st52\/"]}]},{"@type":"ImageObject","inLanguage":"ro-RO","@id":"https:\/\/www.ausasteel.com\/ro\/oteluri\/oteluri-speciale\/bare-perforate\/bara-perforata-st52\/#primaryimage","url":"https:\/\/www.ausasteel.com\/wp-content\/uploads\/2014\/10\/Bare-Perforate-ST52-11.png","contentUrl":"https:\/\/www.ausasteel.com\/wp-content\/uploads\/2014\/10\/Bare-Perforate-ST52-11.png"},{"@type":"BreadcrumbList","@id":"https:\/\/www.ausasteel.com\/ro\/oteluri\/oteluri-speciale\/bare-perforate\/bara-perforata-st52\/#breadcrumb","itemListElement":[{"@type":"ListItem","position":1,"name":"Portada","item":"https:\/\/www.ausasteel.com\/ro\/"},{"@type":"ListItem","position":2,"name":"O\u021beluri","item":"https:\/\/www.ausasteel.com\/ro\/oteluri\/"},{"@type":"ListItem","position":3,"name":"O\u021beluri speciale","item":"https:\/\/www.ausasteel.com\/ro\/oteluri\/oteluri-speciale\/"},{"@type":"ListItem","position":4,"name":"Bare perforate","item":"https:\/\/www.ausasteel.com\/ro\/oteluri\/oteluri-speciale\/bare-perforate\/"},{"@type":"ListItem","position":5,"name":"Bar\u0103 perforat\u0103 ST52"}]},{"@type":"WebSite","@id":"https:\/\/www.ausasteel.com\/ro\/#website","url":"https:\/\/www.ausasteel.com\/ro\/","name":"AUSA special steels","description":"AUSA special steels","potentialAction":[{"@type":"SearchAction","target":{"@type":"EntryPoint","urlTemplate":"https:\/\/www.ausasteel.com\/ro\/?s={search_term_string}"},"query-input":{"@type":"PropertyValueSpecification","valueRequired":true,"valueName":"search_term_string"}}],"inLanguage":"ro-RO"}]}},"_links":{"self":[{"href":"https:\/\/www.ausasteel.com\/ro\/wp-json\/wp\/v2\/pages\/3280","targetHints":{"allow":["GET"]}}],"collection":[{"href":"https:\/\/www.ausasteel.com\/ro\/wp-json\/wp\/v2\/pages"}],"about":[{"href":"https:\/\/www.ausasteel.com\/ro\/wp-json\/wp\/v2\/types\/page"}],"author":[{"embeddable":true,"href":"https:\/\/www.ausasteel.com\/ro\/wp-json\/wp\/v2\/users\/1"}],"replies":[{"embeddable":true,"href":"https:\/\/www.ausasteel.com\/ro\/wp-json\/wp\/v2\/comments?post=3280"}],"version-history":[{"count":17,"href":"https:\/\/www.ausasteel.com\/ro\/wp-json\/wp\/v2\/pages\/3280\/revisions"}],"predecessor-version":[{"id":16045,"href":"https:\/\/www.ausasteel.com\/ro\/wp-json\/wp\/v2\/pages\/3280\/revisions\/16045"}],"up":[{"embeddable":true,"href":"https:\/\/www.ausasteel.com\/ro\/wp-json\/wp\/v2\/pages\/3276"}],"wp:attachment":[{"href":"https:\/\/www.ausasteel.com\/ro\/wp-json\/wp\/v2\/media?parent=3280"}],"curies":[{"name":"wp","href":"https:\/\/api.w.org\/{rel}","templated":true}]}}