        {"id":3276,"date":"2014-10-21T19:46:29","date_gmt":"2014-10-21T19:46:29","guid":{"rendered":"http:\/\/ausasteel.irantzu.com\/oteluri-speciale\/barras-perforadas\/"},"modified":"2018-11-09T10:52:35","modified_gmt":"2018-11-09T10:52:35","slug":"bare-perforate","status":"publish","type":"page","link":"https:\/\/www.ausasteel.com\/ro\/oteluri\/oteluri-speciale\/bare-perforate\/","title":{"rendered":"Bare perforate"},"content":{"rendered":"<div class=\"row\">\n<div class=\"container\">\n<h1>Bare perforate<\/h1>\n<\/div>\n<div class=\"container columna_imagen\">\n<div class=\"col-md-6\">\n<h3>O\u021bel carbon cu un con\u021binut ridicat de mangan \u0219i o sudabilitate bun\u0103.<\/h3>\n<p><strong>Se utilizeaz\u0103, de obicei, <\/strong>pentru fabricarea structurilor metalice (poduri\u2026), ma\u0219ini agricole \u0219i c\u0103i ferate.<\/p>\n<p><strong>AUSA<\/strong> colaboreaz\u0103 cu <strong>\u00eentreprinderi siderurgice prestigioase, <\/strong>acest lucru garant\u00e2nd calitatea superioar\u0103 a barei perforate oferite.<\/p>\n<p>[vc_widget_sidebar show_bg=&#8221;false&#8221; sidebar_id=&#8221;sidebar_15&#8243;]\n<\/p><\/div>\n<div class=\"col-md-6\">\n<div class=\"container_imagen\">\n<img decoding=\"async\" src=\"\/wp-content\/uploads\/2015\/05\/Aceros-Carbono-AUSA.png\" alt=\"O\u021beluri carbon\" title=\"O\u021beluri carbon\">\n<\/div>\n<\/div>\n<\/div>\n<\/div>\n<div class=\"row gris\" id=\"informacion_tecnica\">\n<div class=\"container\">\n<h2>Informa\u021bii tehnice<\/h2>\n<p>[vc_widget_sidebar show_bg=&#8221;false&#8221; sidebar_id=&#8221;sidebar_26&#8243;]\n<\/p><\/div>\n<\/div><!-- AddThis Advanced Settings generic via filter on the_content -->","protected":false},"excerpt":{"rendered":"<p>Bare perforate O\u021bel carbon cu un con\u021binut ridicat de mangan \u0219i o sudabilitate bun\u0103. Se utilizeaz\u0103, de obicei, pentru fabricarea structurilor metalice (poduri\u2026), ma\u0219ini agricole \u0219i c\u0103i ferate. AUSA colaboreaz\u0103 cu \u00eentreprinderi siderurgice prestigioase, acest lucru garant\u00e2nd calitatea superioar\u0103 a barei perforate oferite. [vc_widget_sidebar show_bg=&#8221;false&#8221; sidebar_id=&#8221;sidebar_15&#8243;] Informa\u021bii tehnice [vc_widget_sidebar show_bg=&#8221;false&#8221; sidebar_id=&#8221;sidebar_26&#8243;]<!-- AddThis Advanced Settings generic via filter on get_the_excerpt --><\/p>\n","protected":false},"author":1,"featured_media":0,"parent":3163,"menu_order":0,"comment_status":"closed","ping_status":"closed","template":"","meta":{"footnotes":""},"class_list":["post-3276","page","type-page","status-publish","hentry"],"yoast_head":"<!-- This site is optimized with the Yoast SEO plugin v26.6 - https:\/\/yoast.com\/wordpress\/plugins\/seo\/ -->\n<title>Bare perforate - AUSA special steels<\/title>\n<meta name=\"robots\" content=\"index, follow, max-snippet:-1, max-image-preview:large, max-video-preview:-1\" \/>\n<link rel=\"canonical\" href=\"https:\/\/www.ausasteel.com\/ro\/oteluri\/oteluri-speciale\/bare-perforate\/\" \/>\n<meta property=\"og:locale\" content=\"ro_RO\" \/>\n<meta property=\"og:type\" content=\"article\" \/>\n<meta property=\"og:title\" content=\"Bare perforate - AUSA special steels\" \/>\n<meta property=\"og:description\" content=\"Bare perforate O\u021bel carbon cu un con\u021binut ridicat de mangan \u0219i o sudabilitate bun\u0103. Se utilizeaz\u0103, de obicei, pentru fabricarea structurilor metalice (poduri\u2026), ma\u0219ini agricole \u0219i c\u0103i ferate. AUSA colaboreaz\u0103 cu \u00eentreprinderi siderurgice prestigioase, acest lucru garant\u00e2nd calitatea superioar\u0103 a barei perforate oferite. [vc_widget_sidebar show_bg=&#8221;false&#8221; sidebar_id=&#8221;sidebar_15&#8243;] Informa\u021bii tehnice [vc_widget_sidebar show_bg=&#8221;false&#8221; sidebar_id=&#8221;sidebar_26&#8243;]\" \/>\n<meta property=\"og:url\" content=\"https:\/\/www.ausasteel.com\/ro\/oteluri\/oteluri-speciale\/bare-perforate\/\" \/>\n<meta property=\"og:site_name\" content=\"AUSA special steels\" \/>\n<meta property=\"article:modified_time\" content=\"2018-11-09T10:52:35+00:00\" \/>\n<script type=\"application\/ld+json\" class=\"yoast-schema-graph\">{\"@context\":\"https:\/\/schema.org\",\"@graph\":[{\"@type\":\"WebPage\",\"@id\":\"https:\/\/www.ausasteel.com\/ro\/oteluri\/oteluri-speciale\/bare-perforate\/\",\"url\":\"https:\/\/www.ausasteel.com\/ro\/oteluri\/oteluri-speciale\/bare-perforate\/\",\"name\":\"Bare perforate - AUSA special steels\",\"isPartOf\":{\"@id\":\"https:\/\/www.ausasteel.com\/ro\/#website\"},\"datePublished\":\"2014-10-21T19:46:29+00:00\",\"dateModified\":\"2018-11-09T10:52:35+00:00\",\"breadcrumb\":{\"@id\":\"https:\/\/www.ausasteel.com\/ro\/oteluri\/oteluri-speciale\/bare-perforate\/#breadcrumb\"},\"inLanguage\":\"ro-RO\",\"potentialAction\":[{\"@type\":\"ReadAction\",\"target\":[\"https:\/\/www.ausasteel.com\/ro\/oteluri\/oteluri-speciale\/bare-perforate\/\"]}]},{\"@type\":\"BreadcrumbList\",\"@id\":\"https:\/\/www.ausasteel.com\/ro\/oteluri\/oteluri-speciale\/bare-perforate\/#breadcrumb\",\"itemListElement\":[{\"@type\":\"ListItem\",\"position\":1,\"name\":\"Portada\",\"item\":\"https:\/\/www.ausasteel.com\/ro\/\"},{\"@type\":\"ListItem\",\"position\":2,\"name\":\"O\u021beluri\",\"item\":\"https:\/\/www.ausasteel.com\/ro\/oteluri\/\"},{\"@type\":\"ListItem\",\"position\":3,\"name\":\"O\u021beluri speciale\",\"item\":\"https:\/\/www.ausasteel.com\/ro\/oteluri\/oteluri-speciale\/\"},{\"@type\":\"ListItem\",\"position\":4,\"name\":\"Bare perforate\"}]},{\"@type\":\"WebSite\",\"@id\":\"https:\/\/www.ausasteel.com\/ro\/#website\",\"url\":\"https:\/\/www.ausasteel.com\/ro\/\",\"name\":\"AUSA special steels\",\"description\":\"AUSA special steels\",\"potentialAction\":[{\"@type\":\"SearchAction\",\"target\":{\"@type\":\"EntryPoint\",\"urlTemplate\":\"https:\/\/www.ausasteel.com\/ro\/?s={search_term_string}\"},\"query-input\":{\"@type\":\"PropertyValueSpecification\",\"valueRequired\":true,\"valueName\":\"search_term_string\"}}],\"inLanguage\":\"ro-RO\"}]}<\/script>\n<!-- \/ Yoast SEO plugin. -->","yoast_head_json":{"title":"Bare perforate - AUSA special steels","robots":{"index":"index","follow":"follow","max-snippet":"max-snippet:-1","max-image-preview":"max-image-preview:large","max-video-preview":"max-video-preview:-1"},"canonical":"https:\/\/www.ausasteel.com\/ro\/oteluri\/oteluri-speciale\/bare-perforate\/","og_locale":"ro_RO","og_type":"article","og_title":"Bare perforate - AUSA special steels","og_description":"Bare perforate O\u021bel carbon cu un con\u021binut ridicat de mangan \u0219i o sudabilitate bun\u0103. Se utilizeaz\u0103, de obicei, pentru fabricarea structurilor metalice (poduri\u2026), ma\u0219ini agricole \u0219i c\u0103i ferate. AUSA colaboreaz\u0103 cu \u00eentreprinderi siderurgice prestigioase, acest lucru garant\u00e2nd calitatea superioar\u0103 a barei perforate oferite. [vc_widget_sidebar show_bg=&#8221;false&#8221; sidebar_id=&#8221;sidebar_15&#8243;] Informa\u021bii tehnice [vc_widget_sidebar show_bg=&#8221;false&#8221; sidebar_id=&#8221;sidebar_26&#8243;]","og_url":"https:\/\/www.ausasteel.com\/ro\/oteluri\/oteluri-speciale\/bare-perforate\/","og_site_name":"AUSA special steels","article_modified_time":"2018-11-09T10:52:35+00:00","schema":{"@context":"https:\/\/schema.org","@graph":[{"@type":"WebPage","@id":"https:\/\/www.ausasteel.com\/ro\/oteluri\/oteluri-speciale\/bare-perforate\/","url":"https:\/\/www.ausasteel.com\/ro\/oteluri\/oteluri-speciale\/bare-perforate\/","name":"Bare perforate - AUSA special steels","isPartOf":{"@id":"https:\/\/www.ausasteel.com\/ro\/#website"},"datePublished":"2014-10-21T19:46:29+00:00","dateModified":"2018-11-09T10:52:35+00:00","breadcrumb":{"@id":"https:\/\/www.ausasteel.com\/ro\/oteluri\/oteluri-speciale\/bare-perforate\/#breadcrumb"},"inLanguage":"ro-RO","potentialAction":[{"@type":"ReadAction","target":["https:\/\/www.ausasteel.com\/ro\/oteluri\/oteluri-speciale\/bare-perforate\/"]}]},{"@type":"BreadcrumbList","@id":"https:\/\/www.ausasteel.com\/ro\/oteluri\/oteluri-speciale\/bare-perforate\/#breadcrumb","itemListElement":[{"@type":"ListItem","position":1,"name":"Portada","item":"https:\/\/www.ausasteel.com\/ro\/"},{"@type":"ListItem","position":2,"name":"O\u021beluri","item":"https:\/\/www.ausasteel.com\/ro\/oteluri\/"},{"@type":"ListItem","position":3,"name":"O\u021beluri speciale","item":"https:\/\/www.ausasteel.com\/ro\/oteluri\/oteluri-speciale\/"},{"@type":"ListItem","position":4,"name":"Bare perforate"}]},{"@type":"WebSite","@id":"https:\/\/www.ausasteel.com\/ro\/#website","url":"https:\/\/www.ausasteel.com\/ro\/","name":"AUSA special steels","description":"AUSA special steels","potentialAction":[{"@type":"SearchAction","target":{"@type":"EntryPoint","urlTemplate":"https:\/\/www.ausasteel.com\/ro\/?s={search_term_string}"},"query-input":{"@type":"PropertyValueSpecification","valueRequired":true,"valueName":"search_term_string"}}],"inLanguage":"ro-RO"}]}},"_links":{"self":[{"href":"https:\/\/www.ausasteel.com\/ro\/wp-json\/wp\/v2\/pages\/3276","targetHints":{"allow":["GET"]}}],"collection":[{"href":"https:\/\/www.ausasteel.com\/ro\/wp-json\/wp\/v2\/pages"}],"about":[{"href":"https:\/\/www.ausasteel.com\/ro\/wp-json\/wp\/v2\/types\/page"}],"author":[{"embeddable":true,"href":"https:\/\/www.ausasteel.com\/ro\/wp-json\/wp\/v2\/users\/1"}],"replies":[{"embeddable":true,"href":"https:\/\/www.ausasteel.com\/ro\/wp-json\/wp\/v2\/comments?post=3276"}],"version-history":[{"count":6,"href":"https:\/\/www.ausasteel.com\/ro\/wp-json\/wp\/v2\/pages\/3276\/revisions"}],"predecessor-version":[{"id":15377,"href":"https:\/\/www.ausasteel.com\/ro\/wp-json\/wp\/v2\/pages\/3276\/revisions\/15377"}],"up":[{"embeddable":true,"href":"https:\/\/www.ausasteel.com\/ro\/wp-json\/wp\/v2\/pages\/3163"}],"wp:attachment":[{"href":"https:\/\/www.ausasteel.com\/ro\/wp-json\/wp\/v2\/media?parent=3276"}],"curies":[{"name":"wp","href":"https:\/\/api.w.org\/{rel}","templated":true}]}}