        {"id":3246,"date":"2014-10-21T19:46:13","date_gmt":"2014-10-21T19:46:13","guid":{"rendered":"http:\/\/ausasteel.irantzu.com\/oteluri-speciale\/aceros-de-cementacion\/"},"modified":"2018-11-09T10:00:38","modified_gmt":"2018-11-09T10:00:38","slug":"oteluri-de-cementare","status":"publish","type":"page","link":"https:\/\/www.ausasteel.com\/ro\/oteluri\/oteluri-speciale\/oteluri-de-cementare\/","title":{"rendered":"O\u021beluri de cementare"},"content":{"rendered":"<div class=\"row\">\n<div class=\"container\">\n<h1>O\u021beluri de cementare<\/h1>\n<\/div>\n<div class=\"container columna_imagen\">\n<div class=\"col-md-6\">\n<h3>\u00bfCe tipuri de o\u021beluri de cementare produce AUSA?<\/h3>\n<p><span style=\"font-size: 1.2em;\"><strong>AUSA<\/strong> produce diferite calit\u0103\u021bi de o\u021beluri de cementare. Propriet\u0103\u021bile, utiliz\u0103rile, compozi\u021bia chimic\u0103, tratamentele termice \u0219i dimensiunile variaz\u0103 \u00een func\u021bie de calitatea aleas\u0103.<br \/><\/span><\/p>\n<p>[vc_widget_sidebar show_bg=&#8221;false&#8221; sidebar_id=&#8221;sidebar_14&#8243;]\n<\/p><\/div>\n<div class=\"col-md-6\">\n<div class=\"container_imagen\">\n<img decoding=\"async\" src=\"\/wp-content\/uploads\/2015\/05\/Aceros-Cementacion-AUSA.png\" alt=\"O\u021beluri de cementare - AUSA Special Steels\" title=\"O\u021beluri de cementare - AUSA Special Steels\">\n<\/div>\n<\/div>\n<\/div>\n<\/div>\n<div class=\"row\">\n<div class=\"container\">\n<p>O\u021beluri cu un <strong>con\u021binut \u00een carbon <\/strong> de obicei <strong>sub 0,30 %,<\/strong> pentru a fi cementate, care au <strong>o duritate superficial\u0103 \u00eenalt\u0103.<\/strong> <strong>Rezisten\u021ba \u00een nucleu<\/strong> este de <strong>600-1200 N\/mm<sup>2<\/sup><\/strong>.<\/p>\n<p>Este vorba de o\u021beluri cu <strong>mare rezisten\u021b\u0103 la \u0219ocuri<\/strong>, cu <strong>tenacitate<\/strong> \u0219i rezisten\u021b\u0103 la uzur\u0103<strong>. <\/strong><\/p>\n<p><strong>Sunt folosite de obicei <\/strong>pentru a fabrica pinioane, arbori pentru angrenaje, axe, coroane diferen\u021biale, angrenaje cu tura\u021bie \u00eenalt\u0103, buloane de siguran\u021b\u0103, buloane, came, cutii de viteze, pinioane, fuzete, reductoare \u0219i piese pentru vehicule industriale \u0219i agricole.<\/p>\n<p><strong>AUSA<\/strong> lucreaz\u0103 cu <strong>\u00eentreprinderi siderurgice de prestigiu, <\/strong> ceea ce garanteaz\u0103 calitatea superioar\u0103 a o\u021belurilor de cementare oferite.<\/p>\n<\/div>\n<\/div>\n<div class=\"row gris\" id=\"informacion_tecnica\">\n<div class=\"container\">\n<h2>Informa\u021bii tehnice<\/h2>\n<p>[vc_widget_sidebar show_bg=&#8221;false&#8221; sidebar_id=&#8221;sidebar_26&#8243;]\n<\/p><\/div>\n<\/div><!-- AddThis Advanced Settings generic via filter on the_content -->","protected":false},"excerpt":{"rendered":"<p>O\u021beluri de cementare \u00bfCe tipuri de o\u021beluri de cementare produce AUSA? AUSA produce diferite calit\u0103\u021bi de o\u021beluri de cementare. Propriet\u0103\u021bile, utiliz\u0103rile, compozi\u021bia chimic\u0103, tratamentele termice \u0219i dimensiunile variaz\u0103 \u00een func\u021bie de calitatea aleas\u0103. [vc_widget_sidebar show_bg=&#8221;false&#8221; sidebar_id=&#8221;sidebar_14&#8243;] O\u021beluri cu un con\u021binut \u00een carbon de obicei sub 0,30 %, pentru a fi cementate, care au o duritate&hellip;<!-- AddThis Advanced Settings generic via filter on get_the_excerpt --><\/p>\n","protected":false},"author":1,"featured_media":0,"parent":3163,"menu_order":0,"comment_status":"closed","ping_status":"closed","template":"","meta":{"footnotes":""},"class_list":["post-3246","page","type-page","status-publish","hentry"],"yoast_head":"<!-- This site is optimized with the Yoast SEO plugin v26.6 - https:\/\/yoast.com\/wordpress\/plugins\/seo\/ -->\n<title>O\u021beluri de cementare - AUSA special steels<\/title>\n<meta name=\"robots\" content=\"index, follow, max-snippet:-1, max-image-preview:large, max-video-preview:-1\" \/>\n<link rel=\"canonical\" href=\"https:\/\/www.ausasteel.com\/ro\/oteluri\/oteluri-speciale\/oteluri-de-cementare\/\" \/>\n<meta property=\"og:locale\" content=\"ro_RO\" \/>\n<meta property=\"og:type\" content=\"article\" \/>\n<meta property=\"og:title\" content=\"O\u021beluri de cementare - AUSA special steels\" \/>\n<meta property=\"og:description\" content=\"O\u021beluri de cementare \u00bfCe tipuri de o\u021beluri de cementare produce AUSA? AUSA produce diferite calit\u0103\u021bi de o\u021beluri de cementare. Propriet\u0103\u021bile, utiliz\u0103rile, compozi\u021bia chimic\u0103, tratamentele termice \u0219i dimensiunile variaz\u0103 \u00een func\u021bie de calitatea aleas\u0103. [vc_widget_sidebar show_bg=&#8221;false&#8221; sidebar_id=&#8221;sidebar_14&#8243;] O\u021beluri cu un con\u021binut \u00een carbon de obicei sub 0,30 %, pentru a fi cementate, care au o duritate&hellip;\" \/>\n<meta property=\"og:url\" content=\"https:\/\/www.ausasteel.com\/ro\/oteluri\/oteluri-speciale\/oteluri-de-cementare\/\" \/>\n<meta property=\"og:site_name\" content=\"AUSA special steels\" \/>\n<meta property=\"article:modified_time\" content=\"2018-11-09T10:00:38+00:00\" \/>\n<meta name=\"twitter:label1\" content=\"Est. reading time\" \/>\n\t<meta name=\"twitter:data1\" content=\"1 minute\" \/>\n<script type=\"application\/ld+json\" class=\"yoast-schema-graph\">{\"@context\":\"https:\/\/schema.org\",\"@graph\":[{\"@type\":\"WebPage\",\"@id\":\"https:\/\/www.ausasteel.com\/ro\/oteluri\/oteluri-speciale\/oteluri-de-cementare\/\",\"url\":\"https:\/\/www.ausasteel.com\/ro\/oteluri\/oteluri-speciale\/oteluri-de-cementare\/\",\"name\":\"O\u021beluri de cementare - AUSA special steels\",\"isPartOf\":{\"@id\":\"https:\/\/www.ausasteel.com\/ro\/#website\"},\"datePublished\":\"2014-10-21T19:46:13+00:00\",\"dateModified\":\"2018-11-09T10:00:38+00:00\",\"breadcrumb\":{\"@id\":\"https:\/\/www.ausasteel.com\/ro\/oteluri\/oteluri-speciale\/oteluri-de-cementare\/#breadcrumb\"},\"inLanguage\":\"ro-RO\",\"potentialAction\":[{\"@type\":\"ReadAction\",\"target\":[\"https:\/\/www.ausasteel.com\/ro\/oteluri\/oteluri-speciale\/oteluri-de-cementare\/\"]}]},{\"@type\":\"BreadcrumbList\",\"@id\":\"https:\/\/www.ausasteel.com\/ro\/oteluri\/oteluri-speciale\/oteluri-de-cementare\/#breadcrumb\",\"itemListElement\":[{\"@type\":\"ListItem\",\"position\":1,\"name\":\"Portada\",\"item\":\"https:\/\/www.ausasteel.com\/ro\/\"},{\"@type\":\"ListItem\",\"position\":2,\"name\":\"O\u021beluri\",\"item\":\"https:\/\/www.ausasteel.com\/ro\/oteluri\/\"},{\"@type\":\"ListItem\",\"position\":3,\"name\":\"O\u021beluri speciale\",\"item\":\"https:\/\/www.ausasteel.com\/ro\/oteluri\/oteluri-speciale\/\"},{\"@type\":\"ListItem\",\"position\":4,\"name\":\"O\u021beluri de cementare\"}]},{\"@type\":\"WebSite\",\"@id\":\"https:\/\/www.ausasteel.com\/ro\/#website\",\"url\":\"https:\/\/www.ausasteel.com\/ro\/\",\"name\":\"AUSA special steels\",\"description\":\"AUSA special steels\",\"potentialAction\":[{\"@type\":\"SearchAction\",\"target\":{\"@type\":\"EntryPoint\",\"urlTemplate\":\"https:\/\/www.ausasteel.com\/ro\/?s={search_term_string}\"},\"query-input\":{\"@type\":\"PropertyValueSpecification\",\"valueRequired\":true,\"valueName\":\"search_term_string\"}}],\"inLanguage\":\"ro-RO\"}]}<\/script>\n<!-- \/ Yoast SEO plugin. -->","yoast_head_json":{"title":"O\u021beluri de cementare - AUSA special steels","robots":{"index":"index","follow":"follow","max-snippet":"max-snippet:-1","max-image-preview":"max-image-preview:large","max-video-preview":"max-video-preview:-1"},"canonical":"https:\/\/www.ausasteel.com\/ro\/oteluri\/oteluri-speciale\/oteluri-de-cementare\/","og_locale":"ro_RO","og_type":"article","og_title":"O\u021beluri de cementare - AUSA special steels","og_description":"O\u021beluri de cementare \u00bfCe tipuri de o\u021beluri de cementare produce AUSA? AUSA produce diferite calit\u0103\u021bi de o\u021beluri de cementare. Propriet\u0103\u021bile, utiliz\u0103rile, compozi\u021bia chimic\u0103, tratamentele termice \u0219i dimensiunile variaz\u0103 \u00een func\u021bie de calitatea aleas\u0103. [vc_widget_sidebar show_bg=&#8221;false&#8221; sidebar_id=&#8221;sidebar_14&#8243;] O\u021beluri cu un con\u021binut \u00een carbon de obicei sub 0,30 %, pentru a fi cementate, care au o duritate&hellip;","og_url":"https:\/\/www.ausasteel.com\/ro\/oteluri\/oteluri-speciale\/oteluri-de-cementare\/","og_site_name":"AUSA special steels","article_modified_time":"2018-11-09T10:00:38+00:00","twitter_misc":{"Est. reading time":"1 minute"},"schema":{"@context":"https:\/\/schema.org","@graph":[{"@type":"WebPage","@id":"https:\/\/www.ausasteel.com\/ro\/oteluri\/oteluri-speciale\/oteluri-de-cementare\/","url":"https:\/\/www.ausasteel.com\/ro\/oteluri\/oteluri-speciale\/oteluri-de-cementare\/","name":"O\u021beluri de cementare - AUSA special steels","isPartOf":{"@id":"https:\/\/www.ausasteel.com\/ro\/#website"},"datePublished":"2014-10-21T19:46:13+00:00","dateModified":"2018-11-09T10:00:38+00:00","breadcrumb":{"@id":"https:\/\/www.ausasteel.com\/ro\/oteluri\/oteluri-speciale\/oteluri-de-cementare\/#breadcrumb"},"inLanguage":"ro-RO","potentialAction":[{"@type":"ReadAction","target":["https:\/\/www.ausasteel.com\/ro\/oteluri\/oteluri-speciale\/oteluri-de-cementare\/"]}]},{"@type":"BreadcrumbList","@id":"https:\/\/www.ausasteel.com\/ro\/oteluri\/oteluri-speciale\/oteluri-de-cementare\/#breadcrumb","itemListElement":[{"@type":"ListItem","position":1,"name":"Portada","item":"https:\/\/www.ausasteel.com\/ro\/"},{"@type":"ListItem","position":2,"name":"O\u021beluri","item":"https:\/\/www.ausasteel.com\/ro\/oteluri\/"},{"@type":"ListItem","position":3,"name":"O\u021beluri speciale","item":"https:\/\/www.ausasteel.com\/ro\/oteluri\/oteluri-speciale\/"},{"@type":"ListItem","position":4,"name":"O\u021beluri de cementare"}]},{"@type":"WebSite","@id":"https:\/\/www.ausasteel.com\/ro\/#website","url":"https:\/\/www.ausasteel.com\/ro\/","name":"AUSA special steels","description":"AUSA special steels","potentialAction":[{"@type":"SearchAction","target":{"@type":"EntryPoint","urlTemplate":"https:\/\/www.ausasteel.com\/ro\/?s={search_term_string}"},"query-input":{"@type":"PropertyValueSpecification","valueRequired":true,"valueName":"search_term_string"}}],"inLanguage":"ro-RO"}]}},"_links":{"self":[{"href":"https:\/\/www.ausasteel.com\/ro\/wp-json\/wp\/v2\/pages\/3246","targetHints":{"allow":["GET"]}}],"collection":[{"href":"https:\/\/www.ausasteel.com\/ro\/wp-json\/wp\/v2\/pages"}],"about":[{"href":"https:\/\/www.ausasteel.com\/ro\/wp-json\/wp\/v2\/types\/page"}],"author":[{"embeddable":true,"href":"https:\/\/www.ausasteel.com\/ro\/wp-json\/wp\/v2\/users\/1"}],"replies":[{"embeddable":true,"href":"https:\/\/www.ausasteel.com\/ro\/wp-json\/wp\/v2\/comments?post=3246"}],"version-history":[{"count":7,"href":"https:\/\/www.ausasteel.com\/ro\/wp-json\/wp\/v2\/pages\/3246\/revisions"}],"predecessor-version":[{"id":15363,"href":"https:\/\/www.ausasteel.com\/ro\/wp-json\/wp\/v2\/pages\/3246\/revisions\/15363"}],"up":[{"embeddable":true,"href":"https:\/\/www.ausasteel.com\/ro\/wp-json\/wp\/v2\/pages\/3163"}],"wp:attachment":[{"href":"https:\/\/www.ausasteel.com\/ro\/wp-json\/wp\/v2\/media?parent=3246"}],"curies":[{"name":"wp","href":"https:\/\/api.w.org\/{rel}","templated":true}]}}