    {"id":3238,"date":"2014-10-26T21:09:13","date_gmt":"2014-10-26T21:09:13","guid":{"rendered":"http:\/\/ausasteel.irantzu.com\/oteluri-speciale\/oteluri-aliate-calire-si-revenire\/acero-aleado-de-temple-y-revenido-42crmo4\/"},"modified":"2019-09-11T16:00:57","modified_gmt":"2019-09-11T16:00:57","slug":"otel-aliate-calire-si-revenire-42crmo4","status":"publish","type":"page","link":"https:\/\/www.ausasteel.com\/ro\/oteluri\/oteluri-speciale\/oteluri-aliate-calire-si-revenire\/otel-aliate-calire-si-revenire-42crmo4\/","title":{"rendered":"O\u021bel aliate c\u0103lire \u0219i revenire 42CrMo4"},"content":{"rendered":"<div class=\"row\">\n<div class=\"container\">\n<div>\n<h1>O\u021bel aliate c\u0103lire \u0219i revenire 42CrMo4<\/h1>\n<h3><strong>O\u021bel aliat<\/strong> cu <strong>o utilizare generalizat\u0103<\/strong>. Se pot ob\u021bine <strong>durit\u0103\u021bi \u0219i tenacitate<\/strong> bune dac\u0103 se folose\u0219te <strong>\u00een stare recoapt\u0103<\/strong>, dup\u0103 care se c\u0103le\u0219te.<\/h3>\n<\/div>\n<div class=\"caja_bloques\">\n<div class=\"col-md-5\">\n<div class=\"bloque\">\n<h4 style=\"text-transform: uppercase;\">Situa\u021bii furnizare<\/h4>\n<p>Recoacere.<\/p>\n<p>C\u0103lire \u0219i revenire.<\/p>\n<\/div>\n<div class=\"bloque\">\n<h4 style=\"text-transform: uppercase;\">Dimensiuni \u00een stoc \u2013 mm.<\/h4>\n<ul>\n<li><img decoding=\"async\" src=\"\/wp-content\/uploads\/2014\/10\/circulo.png\" alt=\"circle\" \/><span>Recopt: 16-610<\/span><\/li>\n<li><img decoding=\"async\" src=\"\/wp-content\/uploads\/2014\/10\/circulo.png\" alt=\"circle\" \/><span>C\u0103lit \u0219i revenit: 16-715<\/span><\/li>\n<\/ul>\n<\/div>\n<div class=\"bloque\">\n<h4 style=\"text-trasnform: uppercase;\">Norm\u0103 de aplicare<\/h4>\n<p>EN 10083-3<\/p>\n<\/div>\n<div class=\"bloque\">\n<h4 style=\"text-transform: uppercase;\">Cod de culori<\/h4>\n<div class=\"figura\" style=\"width: 50px;height: 50px;border: 2px solid #808080 ;border-radius: 50%;position: relative;background:green;\"><div><span style=\"position: absolute;display:inline-block;width:0;height:0;line-height:0;border:25px solid none;border-left:none;border-bottom-right-radius:50px;border-top-right-radius:50px;left:25px;top:0px\"><\/span><span style=\"position: absolute;display:inline-block;width:0;height:0;line-height:0;border:25px solid none;border-right:none;border-bottom-left-radius:50px;border-top-left-radius:50px;left:0px;top:0px\"><\/span><\/div><div style=\"width: 30px;height: 30px;border-radius: 50%;position: absolute;top: 10px;left: 10px;background: none;z-index: 3;\"><\/div><div style=\"width: 8px;height: 50px;display: block;position: absolute;z-index: 3;top: 50%;left: 50%;margin: -25px 0 0 -4px;background:#000000;\"><\/div><\/div><\/div>\n<\/div>\n<div class=\"col-md-7\">\n<div class=\"bloque\">\n<h4 style=\"text-transform: uppercase;\">Descriere \u0219i utiliz\u0103ri obi\u0219nuite<\/h4>\n<p><strong>Foarte bun pentru c\u0103liri prin induc\u021bie<\/strong> (Duritate aproximativ\u0103 56 HRC).<\/p>\n<p><strong>Se prelucreaza bine dup\u0103 tratare<\/strong>.<\/p>\n<p><strong>Se utilizeaz\u0103, de obicei, <\/strong>pentru produc\u021bia de buloane de \u00eenalt\u0103 rezisten\u021b\u0103, angrenaje, arbori coti\u021bi, tije, furtunuri, arbori pentru ma\u0219ini \u0219i motoare.<\/p>\n<div class=\"galeria_ficha\">\n<div class=\"previsualizacion\">\n<img decoding=\"async\" id=\"preview\" src=\"\/wp-content\/uploads\/2014\/10\/Otel-Aliate-42CrMo4-02.png\" alt=\"O\u021bel aliate c\u0103lire \u0219i revenire 42CrMo4 - AUSA\" title=\"O\u021bel aliate c\u0103lire \u0219i revenire 42CrMo4 - AUSA\"><a class=\"wp-colorbox-image\" href=\"\/wp-content\/uploads\/2014\/10\/Otel-Aliate-42CrMo4-02.png\" data-rel=\"lightbox-gallery-X8LSqXH0\" data-rl_title=\"\" data-rl_caption=\"\" title=\"\"><\/a>\n<\/div>\n<div class=\"miniaturas\">\n<img decoding=\"async\" class=\"thumbnail active\" onclick=\"showGallery(event)\" src=\"\/wp-content\/uploads\/2014\/10\/Otel-Aliate-42CrMo4-02.png\" alt=\"O\u021bel aliate c\u0103lire \u0219i revenire 42CrMo4 - AUSA\" title=\"O\u021bel aliate c\u0103lire \u0219i revenire 42CrMo4 - AUSA\" ><br \/>\n<img decoding=\"async\" class=\"thumbnail\" onclick=\"showGallery(event)\" src=\"\/wp-content\/uploads\/2014\/10\/Otel-Aliate-42CrMo4-01.png\" alt=\"O\u021bel aliate c\u0103lire \u0219i revenire 42CrMo4 - AUSA\" title=\"O\u021bel aliate c\u0103lire \u0219i revenire 42CrMo4 - AUSA\"><br \/>\n<img decoding=\"async\" class=\"thumbnail\" onclick=\"showGallery(event)\" src=\"\/wp-content\/uploads\/2015\/05\/Acero-Temple-Revenido-42CrMo4-1-AUSA.png\" alt=\"O\u021bel aliate c\u0103lire \u0219i revenire 42CrMo4 - AUSA\" title=\"O\u021bel aliate c\u0103lire \u0219i revenire 42CrMo4 - AUSA\">\n<\/div>\n<\/div>\n<\/div>\n<\/div>\n<\/div>\n<\/div>\n<\/div>\n<div class=\"row\">\n<div class=\"container caja_tablas\">\n<div class=\"selectores\">\n<button class=\"selector_tab active\" onclick=\"openTab(event,'t_composicion')\">Compozi\u021bie chimic\u0103<\/button><br \/>\n<button class=\"selector_tab\" onclick=\"openTab(event,'t_tratamientos')\">Tratamente termice \u2013 Temperaturi aproximative<\/button><br \/>\n<button class=\"selector_tab\" onclick=\"openTab(event,'t_caracteristicas')\">Caracteristici mecanice<\/button><br \/>\n<button class=\"selector_tab\" onclick=\"openTab(event,'t_equivalencias')\">Echivalen\u021be aproximative<\/button>\n<\/div>\n<div id=\"t_composicion\" class=\"tab\">\n<table class=\"footable\" border=\"1\" width=\"100%\">\n<tbody>\n<tr>\n<th scope=\"col\" style=\"text-align: center; vertical-align: middle;\"><\/th>\n<th scope=\"col\" style=\"text-align: center; vertical-align: middle;\"><strong>C<\/strong><\/th>\n<th scope=\"col\" style=\"text-align: center; vertical-align: middle;\"><strong>Mn<\/strong><\/th>\n<th scope=\"col\" style=\"text-align: center; vertical-align: middle;\"><strong>Si<\/strong><\/th>\n<th scope=\"col\" style=\"text-align: center; vertical-align: middle;\"><strong>P<\/strong><\/th>\n<th scope=\"col\" style=\"text-align: center; vertical-align: middle;\"><strong>S<\/strong><\/th>\n<th scope=\"col\" style=\"text-align: center; vertical-align: middle;\"><strong>Cr<\/strong><\/th>\n<th scope=\"col\" style=\"text-align: center; vertical-align: middle;\"><strong>Mo<\/strong><\/th>\n<\/tr>\n<tr>\n<td style=\"text-align: center; vertical-align: middle;\"><strong>Min.<\/strong><\/td>\n<td style=\"text-align: center; vertical-align: middle;\">0,38<\/td>\n<td style=\"text-align: center; vertical-align: middle;\">0,60<\/td>\n<td style=\"text-align: center; vertical-align: middle;\"><\/td>\n<td style=\"text-align: center; vertical-align: middle;\"><\/td>\n<td style=\"text-align: center; vertical-align: middle;\"><\/td>\n<td style=\"text-align: center; vertical-align: middle;\">&nbsp;0,90<\/td>\n<td style=\"text-align: center; vertical-align: middle;\">0,15<\/td>\n<\/tr>\n<tr>\n<td style=\"text-align: center; vertical-align: middle;\"><strong>Max.<\/strong><\/td>\n<td style=\"text-align: center; vertical-align: middle;\">0,45<\/td>\n<td style=\"text-align: center; vertical-align: middle;\">0,90<\/td>\n<td style=\"text-align: center; vertical-align: middle;\">0,40<\/td>\n<td style=\"text-align: center; vertical-align: middle;\">0,025<\/td>\n<td style=\"text-align: center; vertical-align: middle;\">0,035<\/td>\n<td style=\"text-align: center; vertical-align: middle;\">1,20<\/td>\n<td style=\"text-align: center; vertical-align: middle;\">0,30<\/td>\n<\/tr>\n<\/tbody>\n<\/table>\n<\/div>\n<div id=\"t_tratamientos\" class=\"tab\" style=\"display:none;\">\n<table class=\"tt\" border=\"1\" width=\"100%\">\n<tbody>\n<tr>\n<th scope=\"col\" style=\"text-align: center; vertical-align: middle;\"><strong>Recopt \u00baC<\/strong><\/th>\n<th scope=\"col\" style=\"text-align: center; vertical-align: middle;\"><strong>C\u0103lit \u00baC<\/strong><\/th>\n<th scope=\"col\" style=\"text-align: center; vertical-align: middle;\"><strong>Revenit \u00baC<\/strong><\/th>\n<\/tr>\n<tr>\n<td style=\"text-align: center; vertical-align: middle;\">680-720<\/td>\n<td style=\"text-align: center; vertical-align: middle;\">820-860 Ulei<\/td>\n<td style=\"text-align: center; vertical-align: middle;\">540-680<\/td>\n<\/tr>\n<\/tbody>\n<\/table>\n<\/div>\n<div id=\"t_caracteristicas\" class=\"tab\" style=\"display:none;\">\n<p>Propriet\u0103\u021bi mecanice la temperatura mediului \u00een stare de c\u0103lire \u0219i revenire (+QT).<\/p>\n<table border=\"1\" width=\"100%\">\n<tbody>\n<tr>\n<th colspan=\"2\" style=\"text-align: center; vertical-align: middle;\"><strong>Dimensiuni<\/strong><\/th>\n<th style=\"text-align: center; vertical-align: middle;\"><strong>Re (N\/mm<sup>2<\/sup>)<\/strong><\/th>\n<th colspan=\"2\" style=\"text-align: center; vertical-align: middle;\"><strong>Rm (N\/mm<sup>2<\/sup>)<\/strong><\/th>\n<th style=\"text-align: center; vertical-align: middle;\"><strong>A (%)<\/strong><\/th>\n<th style=\"text-align: center; vertical-align: middle; white-space: nowrap;\"><strong>Z (%)<\/strong><\/th>\n<th style=\"text-align: center; vertical-align: middle;\"><strong>KV (J)<\/strong><\/th>\n<th style=\"text-align: center; vertical-align: middle;\"><strong>Duritate orientativ\u0103<\/strong><\/th>\n<\/tr>\n<tr>\n<td class=\"gris\" colspan=\"2\" style=\"text-align: center; vertical-align: middle;\"><strong>Mm.<\/strong><\/td>\n<td class=\"gris\" style=\"text-align: center; vertical-align: middle;\"><strong>Min. <\/strong><\/td>\n<td class=\"gris\" style=\"text-align: center; vertical-align: middle;\"><strong>Min. <\/strong><\/td>\n<td class=\"gris\" style=\"text-align: center; vertical-align: middle;\"><strong>Max.<\/strong><\/td>\n<td class=\"gris\" style=\"text-align: center; vertical-align: middle;\"><strong>Min. <\/strong><\/td>\n<td class=\"gris\" style=\"text-align: center; vertical-align: middle;\"><strong>Min. <\/strong><\/td>\n<td class=\"gris\" style=\"text-align: center; vertical-align: middle;\"><strong>Min. <\/strong><\/td>\n<td class=\"gris\" style=\"text-align: center; vertical-align: middle;\"><strong>HB<\/strong><\/td>\n<\/tr>\n<tr>\n<td style=\"text-align: center; vertical-align: middle; white-space: nowrap;\"><\/td>\n<td style=\"text-align: center; vertical-align: middle; white-space: nowrap;\">\u2264 16<\/td>\n<td style=\"text-align: center; vertical-align: middle;\">900<\/td>\n<td style=\"text-align: center; vertical-align: middle;\">1100<\/td>\n<td style=\"text-align: center; vertical-align: middle; white-space: nowrap;\">1300<\/td>\n<td style=\"text-align: center; vertical-align: middle; white-space: nowrap;\">10<\/td>\n<td style=\"text-align: center; vertical-align: middle; white-space: nowrap;\">40<\/td>\n<td style=\"text-align: center; vertical-align: middle; white-space: nowrap;\">\u2013<\/td>\n<td style=\"text-align: center; vertical-align: middle; white-space: nowrap;\">325-380<\/td>\n<\/tr>\n<tr>\n<td style=\"text-align: center; vertical-align: middle; white-space: nowrap;\">&gt; 16<\/td>\n<td style=\"text-align: center; vertical-align: middle; white-space: nowrap;\">\u2264 40<\/td>\n<td style=\"text-align: center; vertical-align: middle;\">750<\/td>\n<td style=\"text-align: center; vertical-align: middle;\">1000<\/td>\n<td style=\"text-align: center; vertical-align: middle; white-space: nowrap;\">1200<\/td>\n<td style=\"text-align: center; vertical-align: middle; white-space: nowrap;\">11<\/td>\n<td style=\"text-align: center; vertical-align: middle; white-space: nowrap;\">45<\/td>\n<td style=\"text-align: center; vertical-align: middle; white-space: nowrap;\">35<\/td>\n<td style=\"text-align: center; vertical-align: middle; white-space: nowrap;\">294-353<\/td>\n<\/tr>\n<tr>\n<td style=\"text-align: center; vertical-align: middle; white-space: nowrap;\">&gt; 40<\/td>\n<td style=\"text-align: center; vertical-align: middle; white-space: nowrap;\">\u2264 100<\/td>\n<td style=\"text-align: center; vertical-align: middle; white-space: nowrap;\">650<\/td>\n<td style=\"text-align: center; vertical-align: middle;\">900<\/td>\n<td style=\"text-align: center; vertical-align: middle; white-space: nowrap;\">1100<\/td>\n<td style=\"text-align: center; vertical-align: middle; white-space: nowrap;\">12<\/td>\n<td style=\"text-align: center; vertical-align: middle; white-space: nowrap;\">50<\/td>\n<td style=\"text-align: center; vertical-align: middle; white-space: nowrap;\">35<\/td>\n<td style=\"text-align: center; vertical-align: middle; white-space: nowrap;\">269-326<\/td>\n<\/tr>\n<tr>\n<td style=\"text-align: center; vertical-align: middle; white-space: nowrap;\">&gt; 100<\/td>\n<td style=\"text-align: center; vertical-align: middle; white-space: nowrap;\">\u2264 160<\/td>\n<td style=\"text-align: center; vertical-align: middle; white-space: nowrap;\">550<\/td>\n<td style=\"text-align: center; vertical-align: middle; white-space: nowrap;\">800<\/td>\n<td style=\"text-align: center; vertical-align: middle; white-space: nowrap;\">950<\/td>\n<td style=\"text-align: center; vertical-align: middle; white-space: nowrap;\">13<\/td>\n<td style=\"text-align: center; vertical-align: middle; white-space: nowrap;\">50<\/td>\n<td style=\"text-align: center; vertical-align: middle; white-space: nowrap;\">35<\/td>\n<td style=\"text-align: center; vertical-align: middle; white-space: nowrap;\">238-282<\/td>\n<\/tr>\n<tr>\n<td style=\"text-align: center; vertical-align: middle; white-space: nowrap;\">&gt; 160<\/td>\n<td style=\"text-align: center; vertical-align: middle; white-space: nowrap;\">\u2264 250<\/td>\n<td style=\"text-align: center; vertical-align: middle; white-space: nowrap;\">500<\/td>\n<td style=\"text-align: center; vertical-align: middle; white-space: nowrap;\">750<\/td>\n<td style=\"text-align: center; vertical-align: middle; white-space: nowrap;\">900<\/td>\n<td style=\"text-align: center; vertical-align: middle; white-space: nowrap;\">14<\/td>\n<td style=\"text-align: center; vertical-align: middle; white-space: nowrap;\">55<\/td>\n<td style=\"text-align: center; vertical-align: middle; white-space: nowrap;\">35<\/td>\n<td style=\"text-align: center; vertical-align: middle; white-space: nowrap;\">220-269<\/td>\n<\/tr>\n<tr>\n<td style=\"text-align: center; vertical-align: middle; white-space: nowrap;\">&gt; 250<\/td>\n<td style=\"text-align: center; vertical-align: middle; white-space: nowrap;\"><\/td>\n<td colspan=\"7\" style=\"text-align: center; vertical-align: middle; white-space: nowrap;\"><strong>Consultare<\/strong><\/td>\n<\/tr>\n<\/tbody>\n<\/table>\n<p>Propriet\u0103\u021bi mecanice la temperatura mediului ambiant \u00een stare recoapta.<\/p>\n<table border=\"1\" width=\"100%\">\n<tbody>\n<tr>\n<td>Duritate maxim\u0103<\/td>\n<td style=\"text-align: center;\">241 HB<\/td>\n<\/tr>\n<\/tbody>\n<\/table>\n<\/div>\n<div id=\"t_equivalencias\" class=\"tab\" style=\"display: none;\">\n<table class=\"ea\" border=\"1\" width=\"100%\">\n<tbody>\n<tr>\n<th scope=\"col\" style=\"text-align: center; vertical-align: middle;\"><strong>EN<\/strong><\/th>\n<th scope=\"col\" style=\"text-align: center; vertical-align: middle;\"><strong>DIN<\/strong><\/th>\n<th scope=\"col\" style=\"text-align: center; vertical-align: middle;\"><strong>N\u00ba Stand<\/strong><\/th>\n<th scope=\"col\" style=\"text-align: center; vertical-align: middle;\"><strong>UNE<\/strong><\/th>\n<th scope=\"col\" style=\"text-align: center; vertical-align: middle;\"><strong>STAS<\/strong><\/th>\n<th scope=\"col\" style=\"text-align: center; vertical-align: middle;\"><strong>AFNOR<\/strong><\/th>\n<th scope=\"col\" style=\"text-align: center; vertical-align: middle;\"><strong>BS<\/strong><\/th>\n<th scope=\"col\" style=\"text-align: center; vertical-align: middle;\"><strong>UNI<\/strong><\/th>\n<th scope=\"col\" style=\"text-align: center; vertical-align: middle;\"><strong>AISI\/SAE<\/strong><\/th>\n<th scope=\"col\" style=\"text-align: center; vertical-align: middle;\"><strong>GOST<\/strong><\/th>\n<\/tr>\n<tr>\n<td style=\"text-align: center; vertical-align: middle;\">42CrMo4<\/td>\n<td style=\"text-align: center; vertical-align: middle;\">42CrMo4<\/td>\n<td style=\"text-align: center; vertical-align: middle;\">1.7225<\/td>\n<td style=\"text-align: center; vertical-align: middle;\">F1252<\/td>\n<td style=\"text-align: center; vertical-align: middle;\">42MoCr11q<\/td>\n<td style=\"text-align: center; vertical-align: middle;\">42CD4<\/td>\n<td style=\"text-align: center; vertical-align: middle;\">708M40<\/td>\n<td style=\"text-align: center; vertical-align: middle;\">42CrMo4<\/td>\n<td style=\"text-align: center; vertical-align: middle;\">4140<\/td>\n<td style=\"text-align: center; vertical-align: middle;\">42XM 38XM<\/td>\n<\/tr>\n<\/tbody>\n<\/table>\n<\/div>\n<\/div>\n<div class=\"container ficha_descarga\">\n<a class=\"btn_ausa\" title=\"Fi\u0219a tehnic\u0103 o\u021bel aliate c\u0103lire \u0219i revenire 42CrMO4 - Recopt\" href=\"\/fichas\/Oteluri-aliate-calire-si-revenire42CrMo4-Recoacere-AUSA.pdf\" target=\"_blank\">Fi\u0219a tehnic\u0103 o\u021bel aliate c\u0103lire \u0219i revenire 42CrMo4 \u2013 Recopt<\/a><br \/>\n<a class=\"btn_ausa\" title=\"Fi\u0219a tehnic\u0103 o\u021bel aliate c\u0103lire \u0219i revenire 42CrMO4 - C\u0103lit \u0219i revenit\" href=\"\/fichas\/Oteluri-aliate-calire-si-revenire-42CrMo4-Calire Revenit-AUSA.pdf\" target=\"_blank\">Fi\u0219a tehnic\u0103 o\u021bel aliate c\u0103lire \u0219i revenire 42CrMo4 \u2013 C\u0103lit \u0219i revenit<\/a>\n<\/div>\n<\/div>\n<div class=\"row informacion_tecnica_ficha\">\n<div class=\"container\">\n<ul>\n<li id=\"menu-item-3941\" class=\"calculadora-peso menu-item menu-item-type-post_type menu-item-object-page menu-item-3941\"><a href=\"https:\/\/www.ausasteel.com\/ro\/informatii-tehnice\/calculator-greutate\/\">Calculator greutate<\/a><\/li>\n<li id=\"menu-item-3942\" class=\"tolerancias-dimensionales menu-item menu-item-type-post_type menu-item-object-page menu-item-3942\"><a href=\"https:\/\/www.ausasteel.com\/ro\/informatii-tehnice\/tolerante-dimensiuni\/\">Toleran\u021be dimensiuni<\/a><\/li>\n<\/ul>\n<\/div>\n<\/div>\n<div class=\"row relacionados\">\n<div class=\"contaienr\">\n<h2>O\u021bel aliat de c\u0103lire \u0219i revenire conex<\/h2>\n<p>[vc_widget_sidebar show_bg=&#8221;false&#8221; sidebar_id=&#8221;sidebar_13&#8243;]\n<\/p><\/div>\n<\/div><!-- AddThis Advanced Settings generic via filter on the_content -->","protected":false},"excerpt":{"rendered":"<p>O\u021bel aliate c\u0103lire \u0219i revenire 42CrMo4 O\u021bel aliat cu o utilizare generalizat\u0103. Se pot ob\u021bine durit\u0103\u021bi \u0219i tenacitate bune dac\u0103 se folose\u0219te \u00een stare recoapt\u0103, dup\u0103 care se c\u0103le\u0219te. Situa\u021bii furnizare Recoacere. C\u0103lire \u0219i revenire. Dimensiuni \u00een stoc \u2013 mm. Recopt: 16-610 C\u0103lit \u0219i revenit: 16-715 Norm\u0103 de aplicare EN 10083-3 Cod de culori Descriere&hellip;<!-- AddThis Advanced Settings generic via filter on get_the_excerpt --><\/p>\n","protected":false},"author":1,"featured_media":0,"parent":3233,"menu_order":0,"comment_status":"closed","ping_status":"closed","template":"","meta":{"footnotes":""},"class_list":["post-3238","page","type-page","status-publish","hentry"],"yoast_head":"<!-- This site is optimized with the Yoast SEO plugin v26.6 - https:\/\/yoast.com\/wordpress\/plugins\/seo\/ -->\n<title>O\u021bel aliate c\u0103lire \u0219i revenire 42CrMo4 - AUSA Special Steels<\/title>\n<meta name=\"description\" content=\"O\u021bel aliat cu o utilizare generalizat\u0103.\" \/>\n<meta name=\"robots\" content=\"index, follow, max-snippet:-1, max-image-preview:large, max-video-preview:-1\" \/>\n<link rel=\"canonical\" href=\"https:\/\/www.ausasteel.com\/ro\/oteluri\/oteluri-speciale\/oteluri-aliate-calire-si-revenire\/otel-aliate-calire-si-revenire-42crmo4\/\" \/>\n<meta property=\"og:locale\" content=\"ro_RO\" \/>\n<meta property=\"og:type\" content=\"article\" \/>\n<meta property=\"og:title\" content=\"O\u021bel aliate c\u0103lire \u0219i revenire 42CrMo4 - AUSA Special Steels\" \/>\n<meta property=\"og:description\" content=\"O\u021bel aliat cu o utilizare generalizat\u0103.\" \/>\n<meta property=\"og:url\" content=\"https:\/\/www.ausasteel.com\/ro\/oteluri\/oteluri-speciale\/oteluri-aliate-calire-si-revenire\/otel-aliate-calire-si-revenire-42crmo4\/\" \/>\n<meta property=\"og:site_name\" content=\"AUSA special steels\" \/>\n<meta property=\"article:modified_time\" content=\"2019-09-11T16:00:57+00:00\" \/>\n<meta name=\"twitter:label1\" content=\"Est. reading time\" \/>\n\t<meta name=\"twitter:data1\" content=\"2 minutes\" \/>\n<script type=\"application\/ld+json\" class=\"yoast-schema-graph\">{\"@context\":\"https:\/\/schema.org\",\"@graph\":[{\"@type\":\"WebPage\",\"@id\":\"https:\/\/www.ausasteel.com\/ro\/oteluri\/oteluri-speciale\/oteluri-aliate-calire-si-revenire\/otel-aliate-calire-si-revenire-42crmo4\/\",\"url\":\"https:\/\/www.ausasteel.com\/ro\/oteluri\/oteluri-speciale\/oteluri-aliate-calire-si-revenire\/otel-aliate-calire-si-revenire-42crmo4\/\",\"name\":\"O\u021bel aliate c\u0103lire \u0219i revenire 42CrMo4 - AUSA Special Steels\",\"isPartOf\":{\"@id\":\"https:\/\/www.ausasteel.com\/ro\/#website\"},\"datePublished\":\"2014-10-26T21:09:13+00:00\",\"dateModified\":\"2019-09-11T16:00:57+00:00\",\"description\":\"O\u021bel aliat cu o utilizare generalizat\u0103.\",\"breadcrumb\":{\"@id\":\"https:\/\/www.ausasteel.com\/ro\/oteluri\/oteluri-speciale\/oteluri-aliate-calire-si-revenire\/otel-aliate-calire-si-revenire-42crmo4\/#breadcrumb\"},\"inLanguage\":\"ro-RO\",\"potentialAction\":[{\"@type\":\"ReadAction\",\"target\":[\"https:\/\/www.ausasteel.com\/ro\/oteluri\/oteluri-speciale\/oteluri-aliate-calire-si-revenire\/otel-aliate-calire-si-revenire-42crmo4\/\"]}]},{\"@type\":\"BreadcrumbList\",\"@id\":\"https:\/\/www.ausasteel.com\/ro\/oteluri\/oteluri-speciale\/oteluri-aliate-calire-si-revenire\/otel-aliate-calire-si-revenire-42crmo4\/#breadcrumb\",\"itemListElement\":[{\"@type\":\"ListItem\",\"position\":1,\"name\":\"Portada\",\"item\":\"https:\/\/www.ausasteel.com\/ro\/\"},{\"@type\":\"ListItem\",\"position\":2,\"name\":\"O\u021beluri\",\"item\":\"https:\/\/www.ausasteel.com\/ro\/oteluri\/\"},{\"@type\":\"ListItem\",\"position\":3,\"name\":\"O\u021beluri speciale\",\"item\":\"https:\/\/www.ausasteel.com\/ro\/oteluri\/oteluri-speciale\/\"},{\"@type\":\"ListItem\",\"position\":4,\"name\":\"O\u021beluri aliate c\u0103lire \u0219i revenire\",\"item\":\"https:\/\/www.ausasteel.com\/ro\/oteluri\/oteluri-speciale\/oteluri-aliate-calire-si-revenire\/\"},{\"@type\":\"ListItem\",\"position\":5,\"name\":\"O\u021bel aliate c\u0103lire \u0219i revenire 42CrMo4\"}]},{\"@type\":\"WebSite\",\"@id\":\"https:\/\/www.ausasteel.com\/ro\/#website\",\"url\":\"https:\/\/www.ausasteel.com\/ro\/\",\"name\":\"AUSA special steels\",\"description\":\"AUSA special steels\",\"potentialAction\":[{\"@type\":\"SearchAction\",\"target\":{\"@type\":\"EntryPoint\",\"urlTemplate\":\"https:\/\/www.ausasteel.com\/ro\/?s={search_term_string}\"},\"query-input\":{\"@type\":\"PropertyValueSpecification\",\"valueRequired\":true,\"valueName\":\"search_term_string\"}}],\"inLanguage\":\"ro-RO\"}]}<\/script>\n<!-- \/ Yoast SEO plugin. -->","yoast_head_json":{"title":"O\u021bel aliate c\u0103lire \u0219i revenire 42CrMo4 - AUSA Special Steels","description":"O\u021bel aliat cu o utilizare generalizat\u0103.","robots":{"index":"index","follow":"follow","max-snippet":"max-snippet:-1","max-image-preview":"max-image-preview:large","max-video-preview":"max-video-preview:-1"},"canonical":"https:\/\/www.ausasteel.com\/ro\/oteluri\/oteluri-speciale\/oteluri-aliate-calire-si-revenire\/otel-aliate-calire-si-revenire-42crmo4\/","og_locale":"ro_RO","og_type":"article","og_title":"O\u021bel aliate c\u0103lire \u0219i revenire 42CrMo4 - AUSA Special Steels","og_description":"O\u021bel aliat cu o utilizare generalizat\u0103.","og_url":"https:\/\/www.ausasteel.com\/ro\/oteluri\/oteluri-speciale\/oteluri-aliate-calire-si-revenire\/otel-aliate-calire-si-revenire-42crmo4\/","og_site_name":"AUSA special steels","article_modified_time":"2019-09-11T16:00:57+00:00","twitter_misc":{"Est. reading time":"2 minutes"},"schema":{"@context":"https:\/\/schema.org","@graph":[{"@type":"WebPage","@id":"https:\/\/www.ausasteel.com\/ro\/oteluri\/oteluri-speciale\/oteluri-aliate-calire-si-revenire\/otel-aliate-calire-si-revenire-42crmo4\/","url":"https:\/\/www.ausasteel.com\/ro\/oteluri\/oteluri-speciale\/oteluri-aliate-calire-si-revenire\/otel-aliate-calire-si-revenire-42crmo4\/","name":"O\u021bel aliate c\u0103lire \u0219i revenire 42CrMo4 - AUSA Special Steels","isPartOf":{"@id":"https:\/\/www.ausasteel.com\/ro\/#website"},"datePublished":"2014-10-26T21:09:13+00:00","dateModified":"2019-09-11T16:00:57+00:00","description":"O\u021bel aliat cu o utilizare generalizat\u0103.","breadcrumb":{"@id":"https:\/\/www.ausasteel.com\/ro\/oteluri\/oteluri-speciale\/oteluri-aliate-calire-si-revenire\/otel-aliate-calire-si-revenire-42crmo4\/#breadcrumb"},"inLanguage":"ro-RO","potentialAction":[{"@type":"ReadAction","target":["https:\/\/www.ausasteel.com\/ro\/oteluri\/oteluri-speciale\/oteluri-aliate-calire-si-revenire\/otel-aliate-calire-si-revenire-42crmo4\/"]}]},{"@type":"BreadcrumbList","@id":"https:\/\/www.ausasteel.com\/ro\/oteluri\/oteluri-speciale\/oteluri-aliate-calire-si-revenire\/otel-aliate-calire-si-revenire-42crmo4\/#breadcrumb","itemListElement":[{"@type":"ListItem","position":1,"name":"Portada","item":"https:\/\/www.ausasteel.com\/ro\/"},{"@type":"ListItem","position":2,"name":"O\u021beluri","item":"https:\/\/www.ausasteel.com\/ro\/oteluri\/"},{"@type":"ListItem","position":3,"name":"O\u021beluri speciale","item":"https:\/\/www.ausasteel.com\/ro\/oteluri\/oteluri-speciale\/"},{"@type":"ListItem","position":4,"name":"O\u021beluri aliate c\u0103lire \u0219i revenire","item":"https:\/\/www.ausasteel.com\/ro\/oteluri\/oteluri-speciale\/oteluri-aliate-calire-si-revenire\/"},{"@type":"ListItem","position":5,"name":"O\u021bel aliate c\u0103lire \u0219i revenire 42CrMo4"}]},{"@type":"WebSite","@id":"https:\/\/www.ausasteel.com\/ro\/#website","url":"https:\/\/www.ausasteel.com\/ro\/","name":"AUSA special steels","description":"AUSA special steels","potentialAction":[{"@type":"SearchAction","target":{"@type":"EntryPoint","urlTemplate":"https:\/\/www.ausasteel.com\/ro\/?s={search_term_string}"},"query-input":{"@type":"PropertyValueSpecification","valueRequired":true,"valueName":"search_term_string"}}],"inLanguage":"ro-RO"}]}},"_links":{"self":[{"href":"https:\/\/www.ausasteel.com\/ro\/wp-json\/wp\/v2\/pages\/3238","targetHints":{"allow":["GET"]}}],"collection":[{"href":"https:\/\/www.ausasteel.com\/ro\/wp-json\/wp\/v2\/pages"}],"about":[{"href":"https:\/\/www.ausasteel.com\/ro\/wp-json\/wp\/v2\/types\/page"}],"author":[{"embeddable":true,"href":"https:\/\/www.ausasteel.com\/ro\/wp-json\/wp\/v2\/users\/1"}],"replies":[{"embeddable":true,"href":"https:\/\/www.ausasteel.com\/ro\/wp-json\/wp\/v2\/comments?post=3238"}],"version-history":[{"count":19,"href":"https:\/\/www.ausasteel.com\/ro\/wp-json\/wp\/v2\/pages\/3238\/revisions"}],"predecessor-version":[{"id":16085,"href":"https:\/\/www.ausasteel.com\/ro\/wp-json\/wp\/v2\/pages\/3238\/revisions\/16085"}],"up":[{"embeddable":true,"href":"https:\/\/www.ausasteel.com\/ro\/wp-json\/wp\/v2\/pages\/3233"}],"wp:attachment":[{"href":"https:\/\/www.ausasteel.com\/ro\/wp-json\/wp\/v2\/media?parent=3238"}],"curies":[{"name":"wp","href":"https:\/\/api.w.org\/{rel}","templated":true}]}}