        {"id":3233,"date":"2014-10-18T17:01:13","date_gmt":"2014-10-18T17:01:13","guid":{"rendered":"http:\/\/ausasteel.irantzu.com\/oteluri-speciale\/aceros-aleados-de-temple-y-revenido\/"},"modified":"2018-11-09T09:18:29","modified_gmt":"2018-11-09T09:18:29","slug":"oteluri-aliate-calire-si-revenire","status":"publish","type":"page","link":"https:\/\/www.ausasteel.com\/ro\/oteluri\/oteluri-speciale\/oteluri-aliate-calire-si-revenire\/","title":{"rendered":"O\u021beluri aliate c\u0103lire \u0219i revenire"},"content":{"rendered":"<div class=\"row\">\n<div class=\"container\">\n<h1>O\u021beluri aliate c\u0103lire \u0219i revenire<\/h1>\n<\/div>\n<div class=\"container columna_imagen\">\n<div class=\"col-md-6\">\n<h3>\u00bfCe tipuri de o\u021beluri aliate prin c\u0103lire \u0219i revenire produce AUSA?<\/h3>\n<p><span style=\"font-size: 1.2em;\"><strong>AUSA<\/strong> produce diferite <strong>calit\u0103\u021bi de o\u021beluri de c\u0103lire \u0219i revenire.<\/strong> Propriet\u0103\u021bile, utilizarea, compozi\u021bia chimic\u0103, echivalen\u021bele, tratamentele termice \u0219i dimensiunile acestora variaz\u0103 \u00een func\u021bie de calitatea aleas\u0103.<br \/>\n<\/span><\/p>\n<p>[vc_widget_sidebar show_bg=&#8221;false&#8221; sidebar_id=&#8221;sidebar_13&#8243;]\n<\/p><\/div>\n<div class=\"col-md-6\">\n<div class=\"container_imagen\">\n<img decoding=\"async\" src=\"\/wp-content\/uploads\/2015\/05\/Aceros-Aleados-Temple-Revenido-AUSA.png\" alt=\"O\u021beluri aliate c\u0103lire \u0219i revenire - AUSA Special Steels\" title=\"O\u021beluri aliate c\u0103lire \u0219i revenire - AUSA Special Steels\">\n<\/div>\n<\/div>\n<\/div>\n<\/div>\n<div class=\"row\">\n<div class=\"container\">\n<p>O\u021beluri cu unul sau mai multe elemente de aliere cu rezisten\u021be la rupere cuprinse \u00eentre<strong> 700 \u0219i 1300 N\/mm<sup>2<\/sup><\/strong>, dup\u0103 c\u0103lire \u0219i revenire. O\u021belurile aliate de c\u0103lire \u0219i revenire sunt utilizate \u00een toate sectoarele industriale.<\/p>\n<p><strong>De obicei, se folosesc<\/strong> pentru a produce componente supuse la <strong>mari solicit\u0103ri.<\/strong> De asemenea, se numesc o\u021beluri de \u00eembun\u0103t\u0103\u021bire.<\/p>\n<p><strong>Se utilizeaz\u0103, de obicei, <\/strong>pentru produc\u021bia de buloane foarte rezistente, angrenaje, arbori coti\u021bi, tije, arbori pentru ma\u0219ini \u0219i motoare.<\/p>\n<p><strong>AUSA<\/strong> colaboreaz\u0103 cu <strong>\u00eentreprinderi siderurgice de prestigiu, <\/strong>acest lucru garant\u00e2nd calitatea superioar\u0103 a produselor de o\u021bel aliat oferite.<\/p>\n<\/div>\n<\/div>\n<div class=\"row gris\" id=\"informacion_tecnica\">\n<div class=\"container\">\n<h2>Informa\u021bii tehnice<\/h2>\n<p>[vc_widget_sidebar show_bg=&#8221;false&#8221; sidebar_id=&#8221;sidebar_26&#8243;]\n<\/p><\/div>\n<\/div><!-- AddThis Advanced Settings generic via filter on the_content -->","protected":false},"excerpt":{"rendered":"<p>O\u021beluri aliate c\u0103lire \u0219i revenire \u00bfCe tipuri de o\u021beluri aliate prin c\u0103lire \u0219i revenire produce AUSA? AUSA produce diferite calit\u0103\u021bi de o\u021beluri de c\u0103lire \u0219i revenire. Propriet\u0103\u021bile, utilizarea, compozi\u021bia chimic\u0103, echivalen\u021bele, tratamentele termice \u0219i dimensiunile acestora variaz\u0103 \u00een func\u021bie de calitatea aleas\u0103. [vc_widget_sidebar show_bg=&#8221;false&#8221; sidebar_id=&#8221;sidebar_13&#8243;] O\u021beluri cu unul sau mai multe elemente de aliere cu&hellip;<!-- AddThis Advanced Settings generic via filter on get_the_excerpt --><\/p>\n","protected":false},"author":1,"featured_media":0,"parent":3163,"menu_order":0,"comment_status":"closed","ping_status":"closed","template":"","meta":{"footnotes":""},"class_list":["post-3233","page","type-page","status-publish","hentry"],"yoast_head":"<!-- This site is optimized with the Yoast SEO plugin v26.6 - https:\/\/yoast.com\/wordpress\/plugins\/seo\/ -->\n<title>O\u021beluri aliate c\u0103lire \u0219i revenire - AUSA special steels<\/title>\n<meta name=\"robots\" content=\"index, follow, max-snippet:-1, max-image-preview:large, max-video-preview:-1\" \/>\n<link rel=\"canonical\" href=\"https:\/\/www.ausasteel.com\/ro\/oteluri\/oteluri-speciale\/oteluri-aliate-calire-si-revenire\/\" \/>\n<meta property=\"og:locale\" content=\"ro_RO\" \/>\n<meta property=\"og:type\" content=\"article\" \/>\n<meta property=\"og:title\" content=\"O\u021beluri aliate c\u0103lire \u0219i revenire - AUSA special steels\" \/>\n<meta property=\"og:description\" content=\"O\u021beluri aliate c\u0103lire \u0219i revenire \u00bfCe tipuri de o\u021beluri aliate prin c\u0103lire \u0219i revenire produce AUSA? AUSA produce diferite calit\u0103\u021bi de o\u021beluri de c\u0103lire \u0219i revenire. Propriet\u0103\u021bile, utilizarea, compozi\u021bia chimic\u0103, echivalen\u021bele, tratamentele termice \u0219i dimensiunile acestora variaz\u0103 \u00een func\u021bie de calitatea aleas\u0103. [vc_widget_sidebar show_bg=&#8221;false&#8221; sidebar_id=&#8221;sidebar_13&#8243;] O\u021beluri cu unul sau mai multe elemente de aliere cu&hellip;\" \/>\n<meta property=\"og:url\" content=\"https:\/\/www.ausasteel.com\/ro\/oteluri\/oteluri-speciale\/oteluri-aliate-calire-si-revenire\/\" \/>\n<meta property=\"og:site_name\" content=\"AUSA special steels\" \/>\n<meta property=\"article:modified_time\" content=\"2018-11-09T09:18:29+00:00\" \/>\n<meta name=\"twitter:label1\" content=\"Est. reading time\" \/>\n\t<meta name=\"twitter:data1\" content=\"1 minute\" \/>\n<script type=\"application\/ld+json\" class=\"yoast-schema-graph\">{\"@context\":\"https:\/\/schema.org\",\"@graph\":[{\"@type\":\"WebPage\",\"@id\":\"https:\/\/www.ausasteel.com\/ro\/oteluri\/oteluri-speciale\/oteluri-aliate-calire-si-revenire\/\",\"url\":\"https:\/\/www.ausasteel.com\/ro\/oteluri\/oteluri-speciale\/oteluri-aliate-calire-si-revenire\/\",\"name\":\"O\u021beluri aliate c\u0103lire \u0219i revenire - AUSA special steels\",\"isPartOf\":{\"@id\":\"https:\/\/www.ausasteel.com\/ro\/#website\"},\"datePublished\":\"2014-10-18T17:01:13+00:00\",\"dateModified\":\"2018-11-09T09:18:29+00:00\",\"breadcrumb\":{\"@id\":\"https:\/\/www.ausasteel.com\/ro\/oteluri\/oteluri-speciale\/oteluri-aliate-calire-si-revenire\/#breadcrumb\"},\"inLanguage\":\"ro-RO\",\"potentialAction\":[{\"@type\":\"ReadAction\",\"target\":[\"https:\/\/www.ausasteel.com\/ro\/oteluri\/oteluri-speciale\/oteluri-aliate-calire-si-revenire\/\"]}]},{\"@type\":\"BreadcrumbList\",\"@id\":\"https:\/\/www.ausasteel.com\/ro\/oteluri\/oteluri-speciale\/oteluri-aliate-calire-si-revenire\/#breadcrumb\",\"itemListElement\":[{\"@type\":\"ListItem\",\"position\":1,\"name\":\"Portada\",\"item\":\"https:\/\/www.ausasteel.com\/ro\/\"},{\"@type\":\"ListItem\",\"position\":2,\"name\":\"O\u021beluri\",\"item\":\"https:\/\/www.ausasteel.com\/ro\/oteluri\/\"},{\"@type\":\"ListItem\",\"position\":3,\"name\":\"O\u021beluri speciale\",\"item\":\"https:\/\/www.ausasteel.com\/ro\/oteluri\/oteluri-speciale\/\"},{\"@type\":\"ListItem\",\"position\":4,\"name\":\"O\u021beluri aliate c\u0103lire \u0219i revenire\"}]},{\"@type\":\"WebSite\",\"@id\":\"https:\/\/www.ausasteel.com\/ro\/#website\",\"url\":\"https:\/\/www.ausasteel.com\/ro\/\",\"name\":\"AUSA special steels\",\"description\":\"AUSA special steels\",\"potentialAction\":[{\"@type\":\"SearchAction\",\"target\":{\"@type\":\"EntryPoint\",\"urlTemplate\":\"https:\/\/www.ausasteel.com\/ro\/?s={search_term_string}\"},\"query-input\":{\"@type\":\"PropertyValueSpecification\",\"valueRequired\":true,\"valueName\":\"search_term_string\"}}],\"inLanguage\":\"ro-RO\"}]}<\/script>\n<!-- \/ Yoast SEO plugin. -->","yoast_head_json":{"title":"O\u021beluri aliate c\u0103lire \u0219i revenire - AUSA special steels","robots":{"index":"index","follow":"follow","max-snippet":"max-snippet:-1","max-image-preview":"max-image-preview:large","max-video-preview":"max-video-preview:-1"},"canonical":"https:\/\/www.ausasteel.com\/ro\/oteluri\/oteluri-speciale\/oteluri-aliate-calire-si-revenire\/","og_locale":"ro_RO","og_type":"article","og_title":"O\u021beluri aliate c\u0103lire \u0219i revenire - AUSA special steels","og_description":"O\u021beluri aliate c\u0103lire \u0219i revenire \u00bfCe tipuri de o\u021beluri aliate prin c\u0103lire \u0219i revenire produce AUSA? AUSA produce diferite calit\u0103\u021bi de o\u021beluri de c\u0103lire \u0219i revenire. Propriet\u0103\u021bile, utilizarea, compozi\u021bia chimic\u0103, echivalen\u021bele, tratamentele termice \u0219i dimensiunile acestora variaz\u0103 \u00een func\u021bie de calitatea aleas\u0103. [vc_widget_sidebar show_bg=&#8221;false&#8221; sidebar_id=&#8221;sidebar_13&#8243;] O\u021beluri cu unul sau mai multe elemente de aliere cu&hellip;","og_url":"https:\/\/www.ausasteel.com\/ro\/oteluri\/oteluri-speciale\/oteluri-aliate-calire-si-revenire\/","og_site_name":"AUSA special steels","article_modified_time":"2018-11-09T09:18:29+00:00","twitter_misc":{"Est. reading time":"1 minute"},"schema":{"@context":"https:\/\/schema.org","@graph":[{"@type":"WebPage","@id":"https:\/\/www.ausasteel.com\/ro\/oteluri\/oteluri-speciale\/oteluri-aliate-calire-si-revenire\/","url":"https:\/\/www.ausasteel.com\/ro\/oteluri\/oteluri-speciale\/oteluri-aliate-calire-si-revenire\/","name":"O\u021beluri aliate c\u0103lire \u0219i revenire - AUSA special steels","isPartOf":{"@id":"https:\/\/www.ausasteel.com\/ro\/#website"},"datePublished":"2014-10-18T17:01:13+00:00","dateModified":"2018-11-09T09:18:29+00:00","breadcrumb":{"@id":"https:\/\/www.ausasteel.com\/ro\/oteluri\/oteluri-speciale\/oteluri-aliate-calire-si-revenire\/#breadcrumb"},"inLanguage":"ro-RO","potentialAction":[{"@type":"ReadAction","target":["https:\/\/www.ausasteel.com\/ro\/oteluri\/oteluri-speciale\/oteluri-aliate-calire-si-revenire\/"]}]},{"@type":"BreadcrumbList","@id":"https:\/\/www.ausasteel.com\/ro\/oteluri\/oteluri-speciale\/oteluri-aliate-calire-si-revenire\/#breadcrumb","itemListElement":[{"@type":"ListItem","position":1,"name":"Portada","item":"https:\/\/www.ausasteel.com\/ro\/"},{"@type":"ListItem","position":2,"name":"O\u021beluri","item":"https:\/\/www.ausasteel.com\/ro\/oteluri\/"},{"@type":"ListItem","position":3,"name":"O\u021beluri speciale","item":"https:\/\/www.ausasteel.com\/ro\/oteluri\/oteluri-speciale\/"},{"@type":"ListItem","position":4,"name":"O\u021beluri aliate c\u0103lire \u0219i revenire"}]},{"@type":"WebSite","@id":"https:\/\/www.ausasteel.com\/ro\/#website","url":"https:\/\/www.ausasteel.com\/ro\/","name":"AUSA special steels","description":"AUSA special steels","potentialAction":[{"@type":"SearchAction","target":{"@type":"EntryPoint","urlTemplate":"https:\/\/www.ausasteel.com\/ro\/?s={search_term_string}"},"query-input":{"@type":"PropertyValueSpecification","valueRequired":true,"valueName":"search_term_string"}}],"inLanguage":"ro-RO"}]}},"_links":{"self":[{"href":"https:\/\/www.ausasteel.com\/ro\/wp-json\/wp\/v2\/pages\/3233","targetHints":{"allow":["GET"]}}],"collection":[{"href":"https:\/\/www.ausasteel.com\/ro\/wp-json\/wp\/v2\/pages"}],"about":[{"href":"https:\/\/www.ausasteel.com\/ro\/wp-json\/wp\/v2\/types\/page"}],"author":[{"embeddable":true,"href":"https:\/\/www.ausasteel.com\/ro\/wp-json\/wp\/v2\/users\/1"}],"replies":[{"embeddable":true,"href":"https:\/\/www.ausasteel.com\/ro\/wp-json\/wp\/v2\/comments?post=3233"}],"version-history":[{"count":6,"href":"https:\/\/www.ausasteel.com\/ro\/wp-json\/wp\/v2\/pages\/3233\/revisions"}],"predecessor-version":[{"id":15353,"href":"https:\/\/www.ausasteel.com\/ro\/wp-json\/wp\/v2\/pages\/3233\/revisions\/15353"}],"up":[{"embeddable":true,"href":"https:\/\/www.ausasteel.com\/ro\/wp-json\/wp\/v2\/pages\/3163"}],"wp:attachment":[{"href":"https:\/\/www.ausasteel.com\/ro\/wp-json\/wp\/v2\/media?parent=3233"}],"curies":[{"name":"wp","href":"https:\/\/api.w.org\/{rel}","templated":true}]}}