      {"id":3211,"date":"2014-10-28T11:21:36","date_gmt":"2014-10-28T11:21:36","guid":{"rendered":"http:\/\/ausasteel.irantzu.com\/informatii-tehnice\/tolerancias-dimensionales\/"},"modified":"2018-09-17T15:58:15","modified_gmt":"2018-09-17T15:58:15","slug":"tolerante-dimensiuni","status":"publish","type":"page","link":"https:\/\/www.ausasteel.com\/ro\/informatii-tehnice\/tolerante-dimensiuni\/","title":{"rendered":"Toleran\u021be dimensiuni"},"content":{"rendered":"<div class=\"wpb-content-wrapper\"><div class=\"row\">\n<div class=\"container\">\n<h1>Toleran\u021be dimensiuni<\/h1>\n<p>Pentru <strong>aprecierea \u0219i clasificarea calit\u0103\u021bii<\/strong> materialelor, am introdus <strong>toleran\u021bele dimensionale<\/strong>.<\/p>\n<p>Clasific\u00e2ndu-le, stabilim o <strong>limit\u0103 superioar\u0103 \u0219i una inferioar\u0103, <\/strong>determinat\u0103 de norma \u00een vigoare pentru fiecare material.<\/p>\n<p>Un material respect\u0103 norma, cu condi\u021bia s\u0103 respecte limitele stabilite de norma respectiv\u0103.<\/p>\n<h2>\u00bfCe norme reglementeaz\u0103 materialele noastre?<\/h2>\n<p>O norm\u0103 con\u021bine <strong>specifica\u021bii tehnice <\/strong>care se bazeaz\u0103 pe experien\u021b\u0103 \u0219i dezvoltare tehnologic\u0103. Normele au <strong>aplicare voluntar\u0103<\/strong> \u0219i trebuie s\u0103 fie aprobate de un <strong>Organism de Certificare <\/strong>recunoscut. Normele <strong>garanteaz\u0103 un nivel al calit\u0103\u021bii \u0219i siguran\u021bei ridicat.<\/strong><\/p>\n<p>Materialele noastre sunt \u00een conformitate cu urm\u0103toarele <strong>NORME<\/strong>:<\/p>\n<\/div>\n<\/div>\n<div class=\"row\">\n<div class=\"container\">\n<p>[vc_row][vc_column width=&#8221;1\/1&#8243;]<div class=\"templatera_shortcode\"><div class=\"menu_tolerancias\">\n<ul class=\"menu\">\n<li><a title=\"EN 10058\" href=\"https:\/\/www.ausasteel.com\/ro\/informatii-tehnice\/tolerante-dimensiuni\/en-10058\/\">EN 10058<\/a><\/li>\n<li><a title=\"EN 10059\" href=\"https:\/\/www.ausasteel.com\/ro\/informatii-tehnice\/tolerante-dimensiuni\/en-10059\/\">EN 10059<\/a><\/li>\n<li><a title=\"EN 10060\" href=\"https:\/\/www.ausasteel.com\/ro\/informatii-tehnice\/tolerante-dimensiuni\/en-10060\/\">EN 10060<\/a><\/li>\n<li><a title=\"EN 10061\" href=\"https:\/\/www.ausasteel.com\/ro\/informatii-tehnice\/tolerante-dimensiuni\/en-10061\/\">EN 10061<\/a><\/li>\n<li><a title=\"EN 10278\" href=\"https:\/\/www.ausasteel.com\/ro\/informatii-tehnice\/tolerante-dimensiuni\/en-10278\/\">EN 10278<\/a><\/li>\n<li><a title=\"EN 10029 Clas\u0103 A\" href=\"https:\/\/www.ausasteel.com\/ro\/informatii-tehnice\/tolerante-dimensiuni\/en-10029-clasa-a\/\">EN 10029 Clas\u0103 A<\/a><\/li>\n<li><a title=\"EN 10297-1\" href=\"https:\/\/www.ausasteel.com\/ro\/informatii-tehnice\/tolerante-dimensiuni\/en-10297-1\/\">EN 10297-1<\/a><\/li>\n<li><a title=\"UNE 36-514-84\" href=\"https:\/\/www.ausasteel.com\/ro\/informatii-tehnice\/tolerante-dimensiuni\/une-36-514-84\/\">UNE 36-514-84<\/a><\/li>\n<li><a title=\"UNE 36-514-84\" href=\"https:\/\/www.ausasteel.com\/ro\/informatii-tehnice\/tolerante-dimensiuni\/une-36-514-84\/\">UNE 36-514-84<\/a><\/li>\n<\/ul>\n<\/div><!-- AddThis Advanced Settings generic via filter on the_content --><\/div>[\/vc_column][\/vc_row]<\/p>\n<\/div>\n<\/div>\n<div class=\"row gris\" id=\"informacion_tecnica\">\n<div class=\"container\">\n<h2>Masstoleranzen<\/h2>\n<p>[vc_widget_sidebar show_bg=&#8221;false&#8221; sidebar_id=&#8221;sidebar_26&#8243;]\n<\/p><\/div>\n<\/div>\n<\/div>","protected":false},"excerpt":{"rendered":"<p>Toleran\u021be dimensiuni Pentru aprecierea \u0219i clasificarea calit\u0103\u021bii materialelor, am introdus toleran\u021bele dimensionale. Clasific\u00e2ndu-le, stabilim o limit\u0103 superioar\u0103 \u0219i una inferioar\u0103, determinat\u0103 de norma \u00een vigoare pentru fiecare material. Un material respect\u0103 norma, cu condi\u021bia s\u0103 respecte limitele stabilite de norma respectiv\u0103. \u00bfCe norme reglementeaz\u0103 materialele noastre? O norm\u0103 con\u021bine specifica\u021bii tehnice care se bazeaz\u0103 pe&hellip;<!-- AddThis Advanced Settings generic via filter on get_the_excerpt --><\/p>\n","protected":false},"author":1,"featured_media":0,"parent":3209,"menu_order":0,"comment_status":"closed","ping_status":"open","template":"","meta":{"footnotes":""},"class_list":["post-3211","page","type-page","status-publish","hentry"],"yoast_head":"<!-- This site is optimized with the Yoast SEO plugin v26.6 - https:\/\/yoast.com\/wordpress\/plugins\/seo\/ -->\n<title>Toleran\u021be dimensiuni - AUSA Special Steels<\/title>\n<meta name=\"description\" content=\"Pentru aprecierea \u0219i clasificarea calit\u0103\u021bii materialelor, am introdus toleran\u021bele dimensionale.\" \/>\n<meta name=\"robots\" content=\"index, follow, max-snippet:-1, max-image-preview:large, max-video-preview:-1\" \/>\n<link rel=\"canonical\" href=\"https:\/\/www.ausasteel.com\/ro\/informatii-tehnice\/tolerante-dimensiuni\/\" \/>\n<meta property=\"og:locale\" content=\"ro_RO\" \/>\n<meta property=\"og:type\" content=\"article\" \/>\n<meta property=\"og:title\" content=\"Toleran\u021be dimensiuni - AUSA Special Steels\" \/>\n<meta property=\"og:description\" content=\"Pentru aprecierea \u0219i clasificarea calit\u0103\u021bii materialelor, am introdus toleran\u021bele dimensionale.\" \/>\n<meta property=\"og:url\" content=\"https:\/\/www.ausasteel.com\/ro\/informatii-tehnice\/tolerante-dimensiuni\/\" \/>\n<meta property=\"og:site_name\" content=\"AUSA special steels\" \/>\n<meta property=\"article:modified_time\" content=\"2018-09-17T15:58:15+00:00\" \/>\n<meta name=\"twitter:label1\" content=\"Est. reading time\" \/>\n\t<meta name=\"twitter:data1\" content=\"1 minute\" \/>\n<script type=\"application\/ld+json\" class=\"yoast-schema-graph\">{\"@context\":\"https:\/\/schema.org\",\"@graph\":[{\"@type\":\"WebPage\",\"@id\":\"https:\/\/www.ausasteel.com\/ro\/informatii-tehnice\/tolerante-dimensiuni\/\",\"url\":\"https:\/\/www.ausasteel.com\/ro\/informatii-tehnice\/tolerante-dimensiuni\/\",\"name\":\"Toleran\u021be dimensiuni - AUSA Special Steels\",\"isPartOf\":{\"@id\":\"https:\/\/www.ausasteel.com\/ro\/#website\"},\"datePublished\":\"2014-10-28T11:21:36+00:00\",\"dateModified\":\"2018-09-17T15:58:15+00:00\",\"description\":\"Pentru aprecierea \u0219i clasificarea calit\u0103\u021bii materialelor, am introdus toleran\u021bele dimensionale.\",\"breadcrumb\":{\"@id\":\"https:\/\/www.ausasteel.com\/ro\/informatii-tehnice\/tolerante-dimensiuni\/#breadcrumb\"},\"inLanguage\":\"ro-RO\",\"potentialAction\":[{\"@type\":\"ReadAction\",\"target\":[\"https:\/\/www.ausasteel.com\/ro\/informatii-tehnice\/tolerante-dimensiuni\/\"]}]},{\"@type\":\"BreadcrumbList\",\"@id\":\"https:\/\/www.ausasteel.com\/ro\/informatii-tehnice\/tolerante-dimensiuni\/#breadcrumb\",\"itemListElement\":[{\"@type\":\"ListItem\",\"position\":1,\"name\":\"Portada\",\"item\":\"https:\/\/www.ausasteel.com\/ro\/\"},{\"@type\":\"ListItem\",\"position\":2,\"name\":\"Informa\u021bii tehnice\",\"item\":\"https:\/\/www.ausasteel.com\/ro\/informatii-tehnice\/\"},{\"@type\":\"ListItem\",\"position\":3,\"name\":\"Toleran\u021be dimensiuni\"}]},{\"@type\":\"WebSite\",\"@id\":\"https:\/\/www.ausasteel.com\/ro\/#website\",\"url\":\"https:\/\/www.ausasteel.com\/ro\/\",\"name\":\"AUSA special steels\",\"description\":\"AUSA special steels\",\"potentialAction\":[{\"@type\":\"SearchAction\",\"target\":{\"@type\":\"EntryPoint\",\"urlTemplate\":\"https:\/\/www.ausasteel.com\/ro\/?s={search_term_string}\"},\"query-input\":{\"@type\":\"PropertyValueSpecification\",\"valueRequired\":true,\"valueName\":\"search_term_string\"}}],\"inLanguage\":\"ro-RO\"}]}<\/script>\n<!-- \/ Yoast SEO plugin. -->","yoast_head_json":{"title":"Toleran\u021be dimensiuni - AUSA Special Steels","description":"Pentru aprecierea \u0219i clasificarea calit\u0103\u021bii materialelor, am introdus toleran\u021bele dimensionale.","robots":{"index":"index","follow":"follow","max-snippet":"max-snippet:-1","max-image-preview":"max-image-preview:large","max-video-preview":"max-video-preview:-1"},"canonical":"https:\/\/www.ausasteel.com\/ro\/informatii-tehnice\/tolerante-dimensiuni\/","og_locale":"ro_RO","og_type":"article","og_title":"Toleran\u021be dimensiuni - AUSA Special Steels","og_description":"Pentru aprecierea \u0219i clasificarea calit\u0103\u021bii materialelor, am introdus toleran\u021bele dimensionale.","og_url":"https:\/\/www.ausasteel.com\/ro\/informatii-tehnice\/tolerante-dimensiuni\/","og_site_name":"AUSA special steels","article_modified_time":"2018-09-17T15:58:15+00:00","twitter_misc":{"Est. reading time":"1 minute"},"schema":{"@context":"https:\/\/schema.org","@graph":[{"@type":"WebPage","@id":"https:\/\/www.ausasteel.com\/ro\/informatii-tehnice\/tolerante-dimensiuni\/","url":"https:\/\/www.ausasteel.com\/ro\/informatii-tehnice\/tolerante-dimensiuni\/","name":"Toleran\u021be dimensiuni - AUSA Special Steels","isPartOf":{"@id":"https:\/\/www.ausasteel.com\/ro\/#website"},"datePublished":"2014-10-28T11:21:36+00:00","dateModified":"2018-09-17T15:58:15+00:00","description":"Pentru aprecierea \u0219i clasificarea calit\u0103\u021bii materialelor, am introdus toleran\u021bele dimensionale.","breadcrumb":{"@id":"https:\/\/www.ausasteel.com\/ro\/informatii-tehnice\/tolerante-dimensiuni\/#breadcrumb"},"inLanguage":"ro-RO","potentialAction":[{"@type":"ReadAction","target":["https:\/\/www.ausasteel.com\/ro\/informatii-tehnice\/tolerante-dimensiuni\/"]}]},{"@type":"BreadcrumbList","@id":"https:\/\/www.ausasteel.com\/ro\/informatii-tehnice\/tolerante-dimensiuni\/#breadcrumb","itemListElement":[{"@type":"ListItem","position":1,"name":"Portada","item":"https:\/\/www.ausasteel.com\/ro\/"},{"@type":"ListItem","position":2,"name":"Informa\u021bii tehnice","item":"https:\/\/www.ausasteel.com\/ro\/informatii-tehnice\/"},{"@type":"ListItem","position":3,"name":"Toleran\u021be dimensiuni"}]},{"@type":"WebSite","@id":"https:\/\/www.ausasteel.com\/ro\/#website","url":"https:\/\/www.ausasteel.com\/ro\/","name":"AUSA special steels","description":"AUSA special steels","potentialAction":[{"@type":"SearchAction","target":{"@type":"EntryPoint","urlTemplate":"https:\/\/www.ausasteel.com\/ro\/?s={search_term_string}"},"query-input":{"@type":"PropertyValueSpecification","valueRequired":true,"valueName":"search_term_string"}}],"inLanguage":"ro-RO"}]}},"_links":{"self":[{"href":"https:\/\/www.ausasteel.com\/ro\/wp-json\/wp\/v2\/pages\/3211","targetHints":{"allow":["GET"]}}],"collection":[{"href":"https:\/\/www.ausasteel.com\/ro\/wp-json\/wp\/v2\/pages"}],"about":[{"href":"https:\/\/www.ausasteel.com\/ro\/wp-json\/wp\/v2\/types\/page"}],"author":[{"embeddable":true,"href":"https:\/\/www.ausasteel.com\/ro\/wp-json\/wp\/v2\/users\/1"}],"replies":[{"embeddable":true,"href":"https:\/\/www.ausasteel.com\/ro\/wp-json\/wp\/v2\/comments?post=3211"}],"version-history":[{"count":9,"href":"https:\/\/www.ausasteel.com\/ro\/wp-json\/wp\/v2\/pages\/3211\/revisions"}],"predecessor-version":[{"id":14466,"href":"https:\/\/www.ausasteel.com\/ro\/wp-json\/wp\/v2\/pages\/3211\/revisions\/14466"}],"up":[{"embeddable":true,"href":"https:\/\/www.ausasteel.com\/ro\/wp-json\/wp\/v2\/pages\/3209"}],"wp:attachment":[{"href":"https:\/\/www.ausasteel.com\/ro\/wp-json\/wp\/v2\/media?parent=3211"}],"curies":[{"name":"wp","href":"https:\/\/api.w.org\/{rel}","templated":true}]}}