        {"id":3177,"date":"2014-10-17T19:24:42","date_gmt":"2014-10-17T19:24:42","guid":{"rendered":"http:\/\/ausasteel.irantzu.com\/oteluri-speciale\/aceros-al-carbono\/"},"modified":"2018-11-09T13:19:38","modified_gmt":"2018-11-09T13:19:38","slug":"oteluri-carbon","status":"publish","type":"page","link":"https:\/\/www.ausasteel.com\/ro\/oteluri\/oteluri-speciale\/oteluri-carbon\/","title":{"rendered":"O\u021beluri carbon"},"content":{"rendered":"<div class=\"row\">\n<div class=\"container\">\n<h1>O\u021beluri carbon<\/h1>\n<\/div>\n<div class=\"container columna_imagen\">\n<div class=\"col-md-6\">\n<h3>\u00bfCe tipuri de o\u021beluri carbon produce AUSA?<\/h3>\n<p><span style=\"font-size: 1.2em;\"><strong>AUSA<\/strong> produce <strong>diferite calit\u0103\u021bi de o\u021bel carbon<\/strong>. Propriet\u0103\u021bile, utiliz\u0103rile, compozi\u021bia chimic\u0103, echivalen\u021bele, tratamentele termice, profilurile \u0219i dimensiunile variaz\u0103 \u00een func\u021bie de calitatea aleas\u0103.<\/span><\/p>\n<p>[vc_widget_sidebar show_bg=&#8221;false&#8221; sidebar_id=&#8221;sidebar_5&#8243;]\n<\/p><\/div>\n<div class=\"col-md-6\">\n<div class=\"container_imagen\">\n<img decoding=\"async\" src=\"\/wp-content\/uploads\/2015\/05\/Aceros-Carbono-AUSA.png\" alt=\"O\u021beluri carbon - AUSA Special Steels\" title=\"O\u021beluri carbon - AUSA Special Steels\">\n<\/div>\n<\/div>\n<\/div>\n<\/div>\n<div class=\"row\">\n<div class=\"container\">\n<p>O\u021belurile carbon con\u021bin un procent de carbon ce variaz\u0103 \u00eentre <strong>0,10-0,60%,<\/strong> cu o <strong>rezisten\u021b\u0103 de 350-800 N\/mm<sup>2<\/sup><\/strong>.<\/p>\n<p><strong>O\u021belurile carbon <\/strong>cu procente de carbon de <strong>p\u00e2n\u0103 la 0,30% <\/strong>sunt foarte <strong>ductile<\/strong> \u0219i au un <strong>nivel de c\u0103libilitate sc\u0103zut<\/strong>. Dac\u0103 <strong>procentele sunt mai mari,<\/strong> o\u021belurile carbon <strong>suport\u0103 c\u0103lirea<\/strong>.<\/p>\n<p>R<strong>ezisten\u021ba lor la uzur\u0103 este sc\u0103zut\u0103 \u0219i sunt sudabile <\/strong>\u00een func\u021bie de con\u021binutul de carbon.<\/p>\n<p>Printre <strong>cele mai comune utiliz\u0103ri<\/strong> men\u021bion\u0103m produc\u021bia de ma\u0219ini, \u0219uruburi, ma\u0219ini agricole, buloane, lan\u021buri \u0219i alte obiecte similare.<\/p>\n<p><strong>AUSA<\/strong> produce \u00een <strong>firme siderurgice de prestigiu, <\/strong>aceasta garant\u00e2nd calitatea superioar\u0103 a produselor oferite.<\/p>\n<\/div>\n<\/div>\n<div class=\"row gris\" id=\"informacion_tecnica\">\n<div class=\"container\">\n<h2>Informa\u021bii tehnice<\/h2>\n<p>[vc_widget_sidebar show_bg=&#8221;false&#8221; sidebar_id=&#8221;sidebar_26&#8243;]\n<\/p><\/div>\n<\/div><!-- AddThis Advanced Settings generic via filter on the_content -->","protected":false},"excerpt":{"rendered":"<p>O\u021beluri carbon \u00bfCe tipuri de o\u021beluri carbon produce AUSA? AUSA produce diferite calit\u0103\u021bi de o\u021bel carbon. Propriet\u0103\u021bile, utiliz\u0103rile, compozi\u021bia chimic\u0103, echivalen\u021bele, tratamentele termice, profilurile \u0219i dimensiunile variaz\u0103 \u00een func\u021bie de calitatea aleas\u0103. [vc_widget_sidebar show_bg=&#8221;false&#8221; sidebar_id=&#8221;sidebar_5&#8243;] O\u021belurile carbon con\u021bin un procent de carbon ce variaz\u0103 \u00eentre 0,10-0,60%, cu o rezisten\u021b\u0103 de 350-800 N\/mm2. O\u021belurile carbon cu&hellip;<!-- AddThis Advanced Settings generic via filter on get_the_excerpt --><\/p>\n","protected":false},"author":1,"featured_media":0,"parent":3163,"menu_order":0,"comment_status":"closed","ping_status":"closed","template":"","meta":{"footnotes":""},"class_list":["post-3177","page","type-page","status-publish","hentry"],"yoast_head":"<!-- This site is optimized with the Yoast SEO plugin v26.6 - https:\/\/yoast.com\/wordpress\/plugins\/seo\/ -->\n<title>O\u021beluri carbon - AUSA special steels<\/title>\n<meta name=\"robots\" content=\"index, follow, max-snippet:-1, max-image-preview:large, max-video-preview:-1\" \/>\n<link rel=\"canonical\" href=\"https:\/\/www.ausasteel.com\/ro\/oteluri\/oteluri-speciale\/oteluri-carbon\/\" \/>\n<meta property=\"og:locale\" content=\"ro_RO\" \/>\n<meta property=\"og:type\" content=\"article\" \/>\n<meta property=\"og:title\" content=\"O\u021beluri carbon - AUSA special steels\" \/>\n<meta property=\"og:description\" content=\"O\u021beluri carbon \u00bfCe tipuri de o\u021beluri carbon produce AUSA? AUSA produce diferite calit\u0103\u021bi de o\u021bel carbon. Propriet\u0103\u021bile, utiliz\u0103rile, compozi\u021bia chimic\u0103, echivalen\u021bele, tratamentele termice, profilurile \u0219i dimensiunile variaz\u0103 \u00een func\u021bie de calitatea aleas\u0103. [vc_widget_sidebar show_bg=&#8221;false&#8221; sidebar_id=&#8221;sidebar_5&#8243;] O\u021belurile carbon con\u021bin un procent de carbon ce variaz\u0103 \u00eentre 0,10-0,60%, cu o rezisten\u021b\u0103 de 350-800 N\/mm2. O\u021belurile carbon cu&hellip;\" \/>\n<meta property=\"og:url\" content=\"https:\/\/www.ausasteel.com\/ro\/oteluri\/oteluri-speciale\/oteluri-carbon\/\" \/>\n<meta property=\"og:site_name\" content=\"AUSA special steels\" \/>\n<meta property=\"article:modified_time\" content=\"2018-11-09T13:19:38+00:00\" \/>\n<meta name=\"twitter:label1\" content=\"Est. reading time\" \/>\n\t<meta name=\"twitter:data1\" content=\"1 minute\" \/>\n<script type=\"application\/ld+json\" class=\"yoast-schema-graph\">{\"@context\":\"https:\/\/schema.org\",\"@graph\":[{\"@type\":\"WebPage\",\"@id\":\"https:\/\/www.ausasteel.com\/ro\/oteluri\/oteluri-speciale\/oteluri-carbon\/\",\"url\":\"https:\/\/www.ausasteel.com\/ro\/oteluri\/oteluri-speciale\/oteluri-carbon\/\",\"name\":\"O\u021beluri carbon - AUSA special steels\",\"isPartOf\":{\"@id\":\"https:\/\/www.ausasteel.com\/ro\/#website\"},\"datePublished\":\"2014-10-17T19:24:42+00:00\",\"dateModified\":\"2018-11-09T13:19:38+00:00\",\"breadcrumb\":{\"@id\":\"https:\/\/www.ausasteel.com\/ro\/oteluri\/oteluri-speciale\/oteluri-carbon\/#breadcrumb\"},\"inLanguage\":\"ro-RO\",\"potentialAction\":[{\"@type\":\"ReadAction\",\"target\":[\"https:\/\/www.ausasteel.com\/ro\/oteluri\/oteluri-speciale\/oteluri-carbon\/\"]}]},{\"@type\":\"BreadcrumbList\",\"@id\":\"https:\/\/www.ausasteel.com\/ro\/oteluri\/oteluri-speciale\/oteluri-carbon\/#breadcrumb\",\"itemListElement\":[{\"@type\":\"ListItem\",\"position\":1,\"name\":\"Portada\",\"item\":\"https:\/\/www.ausasteel.com\/ro\/\"},{\"@type\":\"ListItem\",\"position\":2,\"name\":\"O\u021beluri\",\"item\":\"https:\/\/www.ausasteel.com\/ro\/oteluri\/\"},{\"@type\":\"ListItem\",\"position\":3,\"name\":\"O\u021beluri speciale\",\"item\":\"https:\/\/www.ausasteel.com\/ro\/oteluri\/oteluri-speciale\/\"},{\"@type\":\"ListItem\",\"position\":4,\"name\":\"O\u021beluri carbon\"}]},{\"@type\":\"WebSite\",\"@id\":\"https:\/\/www.ausasteel.com\/ro\/#website\",\"url\":\"https:\/\/www.ausasteel.com\/ro\/\",\"name\":\"AUSA special steels\",\"description\":\"AUSA special steels\",\"potentialAction\":[{\"@type\":\"SearchAction\",\"target\":{\"@type\":\"EntryPoint\",\"urlTemplate\":\"https:\/\/www.ausasteel.com\/ro\/?s={search_term_string}\"},\"query-input\":{\"@type\":\"PropertyValueSpecification\",\"valueRequired\":true,\"valueName\":\"search_term_string\"}}],\"inLanguage\":\"ro-RO\"}]}<\/script>\n<!-- \/ Yoast SEO plugin. -->","yoast_head_json":{"title":"O\u021beluri carbon - AUSA special steels","robots":{"index":"index","follow":"follow","max-snippet":"max-snippet:-1","max-image-preview":"max-image-preview:large","max-video-preview":"max-video-preview:-1"},"canonical":"https:\/\/www.ausasteel.com\/ro\/oteluri\/oteluri-speciale\/oteluri-carbon\/","og_locale":"ro_RO","og_type":"article","og_title":"O\u021beluri carbon - AUSA special steels","og_description":"O\u021beluri carbon \u00bfCe tipuri de o\u021beluri carbon produce AUSA? AUSA produce diferite calit\u0103\u021bi de o\u021bel carbon. Propriet\u0103\u021bile, utiliz\u0103rile, compozi\u021bia chimic\u0103, echivalen\u021bele, tratamentele termice, profilurile \u0219i dimensiunile variaz\u0103 \u00een func\u021bie de calitatea aleas\u0103. [vc_widget_sidebar show_bg=&#8221;false&#8221; sidebar_id=&#8221;sidebar_5&#8243;] O\u021belurile carbon con\u021bin un procent de carbon ce variaz\u0103 \u00eentre 0,10-0,60%, cu o rezisten\u021b\u0103 de 350-800 N\/mm2. O\u021belurile carbon cu&hellip;","og_url":"https:\/\/www.ausasteel.com\/ro\/oteluri\/oteluri-speciale\/oteluri-carbon\/","og_site_name":"AUSA special steels","article_modified_time":"2018-11-09T13:19:38+00:00","twitter_misc":{"Est. reading time":"1 minute"},"schema":{"@context":"https:\/\/schema.org","@graph":[{"@type":"WebPage","@id":"https:\/\/www.ausasteel.com\/ro\/oteluri\/oteluri-speciale\/oteluri-carbon\/","url":"https:\/\/www.ausasteel.com\/ro\/oteluri\/oteluri-speciale\/oteluri-carbon\/","name":"O\u021beluri carbon - AUSA special steels","isPartOf":{"@id":"https:\/\/www.ausasteel.com\/ro\/#website"},"datePublished":"2014-10-17T19:24:42+00:00","dateModified":"2018-11-09T13:19:38+00:00","breadcrumb":{"@id":"https:\/\/www.ausasteel.com\/ro\/oteluri\/oteluri-speciale\/oteluri-carbon\/#breadcrumb"},"inLanguage":"ro-RO","potentialAction":[{"@type":"ReadAction","target":["https:\/\/www.ausasteel.com\/ro\/oteluri\/oteluri-speciale\/oteluri-carbon\/"]}]},{"@type":"BreadcrumbList","@id":"https:\/\/www.ausasteel.com\/ro\/oteluri\/oteluri-speciale\/oteluri-carbon\/#breadcrumb","itemListElement":[{"@type":"ListItem","position":1,"name":"Portada","item":"https:\/\/www.ausasteel.com\/ro\/"},{"@type":"ListItem","position":2,"name":"O\u021beluri","item":"https:\/\/www.ausasteel.com\/ro\/oteluri\/"},{"@type":"ListItem","position":3,"name":"O\u021beluri speciale","item":"https:\/\/www.ausasteel.com\/ro\/oteluri\/oteluri-speciale\/"},{"@type":"ListItem","position":4,"name":"O\u021beluri carbon"}]},{"@type":"WebSite","@id":"https:\/\/www.ausasteel.com\/ro\/#website","url":"https:\/\/www.ausasteel.com\/ro\/","name":"AUSA special steels","description":"AUSA special steels","potentialAction":[{"@type":"SearchAction","target":{"@type":"EntryPoint","urlTemplate":"https:\/\/www.ausasteel.com\/ro\/?s={search_term_string}"},"query-input":{"@type":"PropertyValueSpecification","valueRequired":true,"valueName":"search_term_string"}}],"inLanguage":"ro-RO"}]}},"_links":{"self":[{"href":"https:\/\/www.ausasteel.com\/ro\/wp-json\/wp\/v2\/pages\/3177","targetHints":{"allow":["GET"]}}],"collection":[{"href":"https:\/\/www.ausasteel.com\/ro\/wp-json\/wp\/v2\/pages"}],"about":[{"href":"https:\/\/www.ausasteel.com\/ro\/wp-json\/wp\/v2\/types\/page"}],"author":[{"embeddable":true,"href":"https:\/\/www.ausasteel.com\/ro\/wp-json\/wp\/v2\/users\/1"}],"replies":[{"embeddable":true,"href":"https:\/\/www.ausasteel.com\/ro\/wp-json\/wp\/v2\/comments?post=3177"}],"version-history":[{"count":13,"href":"https:\/\/www.ausasteel.com\/ro\/wp-json\/wp\/v2\/pages\/3177\/revisions"}],"predecessor-version":[{"id":15433,"href":"https:\/\/www.ausasteel.com\/ro\/wp-json\/wp\/v2\/pages\/3177\/revisions\/15433"}],"up":[{"embeddable":true,"href":"https:\/\/www.ausasteel.com\/ro\/wp-json\/wp\/v2\/pages\/3163"}],"wp:attachment":[{"href":"https:\/\/www.ausasteel.com\/ro\/wp-json\/wp\/v2\/media?parent=3177"}],"curies":[{"name":"wp","href":"https:\/\/api.w.org\/{rel}","templated":true}]}}