              {"id":3163,"date":"2014-10-17T18:46:42","date_gmt":"2014-10-17T18:46:42","guid":{"rendered":"http:\/\/ausasteel.irantzu.com\/aceros-especiales-2\/"},"modified":"2019-06-19T11:19:33","modified_gmt":"2019-06-19T11:19:33","slug":"oteluri-speciale","status":"publish","type":"page","link":"https:\/\/www.ausasteel.com\/ro\/oteluri\/oteluri-speciale\/","title":{"rendered":"O\u021beluri speciale"},"content":{"rendered":"<div class=\"wpb-content-wrapper\"><div class=\"row\">\n<div class=\"container\">\n<h1>Spezialst\u00e4hlen<\/h1>\n<h3><strong>O\u021belurile speciale <\/strong>-o\u021beluri laminate \u0219i o\u021beluri forjate \u2013 ofer\u0103 o <strong>mare versatilitate la folosire<\/strong> \u0219i sunt <strong>o\u021beluri foarte bine acceptate<\/strong>. Ofer\u0103 posibilit\u0103\u021bi nenum\u0103rate de utilizare \u00een toate sectoarele industriale.<\/h3>\n<div class=\"container_imagen\">\n<img decoding=\"async\" alt=\"Spezialst\u00e4hlen\" title=\"Spezialst\u00e4hlen\" src=\"\/wp-content\/uploads\/2014\/10\/Oteluri-Speciale-AUSA.jpg\">\n<\/div>\n<\/div>\n<\/div>\n<div class=\"row\">\n<div class=\"container gris\">\n[vc_widget_sidebar show_bg=&#8221;false&#8221; sidebar_id=&#8221;sidebar_4&#8243;]\n<\/div>\n<\/div>\n<div class=\"row\" id=\"ventajas\">\n<div class=\"container\">\n<h2>Avantaj<\/h2>\n<p><strong>Obiectivul nostru este acela de a oferi r\u0103spunsuri necesit\u0103\u021bilor pe care le au clien\u021bii no\u0219tri<\/strong> \u0219i facem acest lucru baz\u00e2ndu-ne pe <strong>profesionalismul <\/strong>echipei noastre, pe <strong>specializarea<\/strong> \u00een o\u021beluri de calitate \u0219i pe <strong>apropierea <\/strong>de clien\u021bii no\u0219tri.<\/p>\n<div class=\"cuadro\">\n[vc_column width=&#8221;1\/1&#8243;]<section id=\"benefits-grid-1\" class=\"benefits-grid wf-container icons-bg\"><div class=\"wf-cell wf-1-4\"><div class=\"borders\"><div class=\"text-normal\"><span class=\"benefits-grid-ico\"><img loading=\"lazy\" decoding=\"async\" src=\"https:\/\/www.ausasteel.com\/wp-content\/uploads\/2018\/08\/calidad-2.png\" width=\"200\" height=\"200\"  alt=\"\" \/><\/span><h4>CALITATE<\/h4><p>Avem un <strong>sistem al calit\u0103\u021bii strict, <\/strong>care controleaz\u0103 toate procesele \u0219i procedurile, garant\u00e2nd un material de calitate omogen\u0103. AUSA are certificate <a href=\"\/ro\/informatii-tehnice\/ausa-certificates\/ro-iso-certificates\/\">ISO 9001:2015<\/a>.<\/p><!-- AddThis Advanced Settings generic via filter on the_content --><\/div><\/div><\/div><div class=\"wf-cell wf-1-4\"><div class=\"borders\"><div class=\"text-normal\"><span class=\"benefits-grid-ico\"><img loading=\"lazy\" decoding=\"async\" src=\"https:\/\/www.ausasteel.com\/wp-content\/uploads\/2018\/08\/stock_mueble-2.png\" width=\"200\" height=\"200\"  alt=\"\" \/><\/span><h4>STOC<\/h4><p>\u00cen prezent, avem pe stoc <strong>peste 100.000 tone<\/strong> de o\u021beluri speciale, repartizate \u00een centre de aprovizionare noastre, aceasta <strong>garant\u00e2nd o livrare imediat\u0103<\/strong>.<\/p><!-- AddThis Advanced Settings generic via filter on the_content --><\/div><\/div><\/div><div class=\"wf-cell wf-1-4\"><div class=\"borders\"><div class=\"text-normal\"><span class=\"benefits-grid-ico\"><img loading=\"lazy\" decoding=\"async\" src=\"https:\/\/www.ausasteel.com\/wp-content\/uploads\/2018\/08\/experiencia-1.png\" width=\"200\" height=\"200\"  alt=\"\" \/><\/span><h4>Experien\u021b\u0103<\/h4><p>\u00cencep\u00e2nd cu anul 1.957, furniz\u0103m <strong>o\u021beluri speciale<\/strong> \u00eentreprinderilor industriale din diverse sectoare de activitate: automobilistic, forj\u0103, ma\u0219ini-unelte, matri\u021beri, aeronautic\u0103, agricultur\u0103, etc.<\/p><!-- AddThis Advanced Settings generic via filter on the_content --><\/div><\/div><\/div><\/section>[vc_column]\n<\/div>\n<\/div>\n<\/div>\n<div class=\"row gris\" id=\"informacion_tecnica\">\n<div class=\"container\">\n<h2>Informa\u021bii tehnice<\/h2>\n<p>[vc_widget_sidebar show_bg=&#8221;false&#8221; sidebar_id=&#8221;sidebar_26&#8243;]\n<\/p><\/div>\n<\/div>\n<p><!--\n[vc_row margin_top=\"0\" margin_bottom=\"0\" padding_left=\"40\" padding_right=\"40\" bg_position=\"top\" bg_repeat=\"no-repeat\" bg_cover=\"false\" bg_attachment=\"false\" padding_top=\"40\" padding_bottom=\"40\" parallax_speed=\"0.1\" el_class=\"dt-fancy-title\"][vc_column width=\"1\/1\"][vc_column_text]\n\n\n<h2>Furnizare de o\u021beluri speciale<\/h2>\n\n\n[\/vc_column_text][\/vc_column][\/vc_row][vc_row padding_left=\"40\" padding_right=\"40\" bg_position=\"top\" bg_repeat=\"no-repeat\" bg_cover=\"false\" bg_attachment=\"false\" padding_top=\"40\" padding_bottom=\"40\" parallax_speed=\"0.1\" el_class=\"texto-image\" margin_top=\"0\" margin_bottom=\"40\"][vc_column width=\"1\/2\"][vc_column_text el_class=\"description-text\"]<strong>O\u021belurile speciale <\/strong>-o\u021beluri laminate \u0219i o\u021beluri forjate \u2013 ofer\u0103 o <strong>mare versatilitate la folosire<\/strong> \u0219i sunt <strong>o\u021beluri foarte bine acceptate<\/strong>. Ofer\u0103 posibilit\u0103\u021bi nenum\u0103rate de utilizare \u00een toate sectoarele industriale.\n\n\u00cen cadrul firmei <strong>AUSA<\/strong> suntem specializa\u021bi \u00een <strong>furnizarea de o\u021beluri speciale<\/strong>. Ne <strong>distingem<\/strong> prin aceea c\u0103 oferim un bun <strong>serviciu de livrare<\/strong> (datorit\u0103 situ\u0103rii strategice a depozitelor noastre \u0219i a propriului parc de camioane propriei flote de camioane, un <strong>stoc diversificat, calitativ<\/strong> \u0219i datorit\u0103 <strong>calit\u0103\u021bii<\/strong> omogene a o\u021belurilor noastre speciale.\n\n<strong>Furniz\u0103m urm\u0103toarele tipurile de o\u021beluri speciale<\/strong>: <a title=\"O\u021beluri carbon\" href=\"https:\/\/www.ausasteel.com\/ro\/oteluri-speciale\/oteluri-carbon\/\">o\u021beluri carbon<\/a>, <a title=\"O\u021beluri aliate c\u0103lire \u0219i revenire\" href=\"https:\/\/www.ausasteel.com\/ro\/oteluri-speciale\/oteluri-aliate-calire-si-revenire\/\">o\u021beluri aliate c\u0103lire \u0219i revenire<\/a>, <a title=\"O\u021beluri de cementare\" href=\"https:\/\/www.ausasteel.com\/ro\/oteluri-speciale\/oteluri-de-cementare\/\">o\u021beluri de cementare<\/a>, <a title=\"Bare perforate\" href=\"https:\/\/www.ausasteel.com\/ro\/oteluri-speciale\/bare-perforate\/\">bare perforate<\/a> , <a title=\"O\u021beluri pentru rulmen\u021bi\" href=\"https:\/\/www.ausasteel.com\/ro\/oteluri-speciale\/oteluri-pentru-rulmenti\/\">o\u021beluri pentru rulmen\u021bi<\/a>, <a title=\"O\u021beluri pentru arcuri\" href=\"https:\/\/www.ausasteel.com\/ro\/oteluri-speciale\/oteluri-pentru-arcuri\/\">o\u021beluri pentru arcuri<\/a>, <a title=\"O\u021beluri de scule pentru lucru la rece\" href=\"https:\/\/www.ausasteel.com\/ro\/oteluri-speciale\/oteluri-de-scule-pentru-lucru-la-rece\/\">O\u021beluri de scule pentru lucru la rece<\/a>, <a title=\"O\u021beluri de scule pentru lucru la cald\" href=\"https:\/\/www.ausasteel.com\/ro\/oteluri-speciale\/oteluri-de-scule-pentru-lucru-la-cald\/\">O\u021beluri de scule pentru lucru la cald<\/a><strong>,<\/strong> <a title=\"O\u021beluri calibrate mecanizare u\u0219oar\u0103\" href=\"https:\/\/www.ausasteel.com\/ro\/oteluri-calibrate\/oteluri-calibrate-mecanizare-usoara\/\">o\u021beluri cu mecanizare u\u0219oar\u0103<\/a>, <a title=\"O\u021beluri inoxidabile\" href=\"https:\/\/www.ausasteel.com\/ro\/glossary\/oteluri-inoxidabile\/\">o\u021beluri inoxidabile<\/a> \u0219i <a title=\"O\u021beluri cu bor\" href=\"https:\/\/www.ausasteel.com\/ro\/oteluri-speciale\/oteluri-cu-bor\/\">o\u021beluri cu bor<\/a>.[\/vc_column_text][\/vc_column][vc_column width=\"1\/2\"][vc_column_text]<img loading=\"lazy\" decoding=\"async\" class=\"alignnone size-full wp-image-11212\" src=\"https:\/\/www.ausasteel.com\/wp-content\/uploads\/2014\/10\/Oteluri-Speciale-AUSA.jpg\" alt=\"Oteluri-Speciale-AUSA\" width=\"400\" height=\"400\" srcset=\"https:\/\/www.ausasteel.com\/wp-content\/uploads\/2014\/10\/Oteluri-Speciale-AUSA.jpg 400w, https:\/\/www.ausasteel.com\/wp-content\/uploads\/2014\/10\/Oteluri-Speciale-AUSA-150x150.jpg 150w, https:\/\/www.ausasteel.com\/wp-content\/uploads\/2014\/10\/Oteluri-Speciale-AUSA-300x300.jpg 300w\" sizes=\"auto, (max-width: 400px) 100vw, 400px\" \/>[\/vc_column_text][\/vc_column][\/vc_row][vc_row margin_top=\"0\" margin_bottom=\"0\" padding_left=\"40\" padding_right=\"40\" bg_position=\"top\" bg_repeat=\"no-repeat\" bg_cover=\"false\" bg_attachment=\"false\" padding_top=\"40\" padding_bottom=\"40\" parallax_speed=\"0.1\" el_class=\"dt-fancy-title\" animation=\"right-to-left\"][vc_column width=\"1\/1\"][vc_column_text]\n\n\n<h2>Avantaje ale o\u021belurilor noastre speciale<\/h2>\n\n\n[\/vc_column_text][\/vc_column][\/vc_row][vc_row margin_top=\"0\" margin_bottom=\"40\" padding_left=\"40\" padding_right=\"40\" bg_position=\"top\" bg_repeat=\"no-repeat\" bg_cover=\"false\" bg_attachment=\"false\" padding_top=\"40\" padding_bottom=\"40\" parallax_speed=\"0.1\" animation=\"scale-up\"][vc_column width=\"1\/1\"][dt_benefits_vc columns=\"2\" style=\"3\" dividers=\"true\" image_background=\"false\" image_background_color=\"#ffffff\" target_blank=\"false\" header_size=\"h1\" content_size=\"normal\" number=\"2\" orderby=\"date\" order=\"desc\" animation=\"bottom\" category=\"aceros-especiales,ventajas-de-nuestros-aceros-especiales,avantaje-ale-otelurilor-noastre-speciale\"][vc_column_text]Le oferim clien\u021bilor no\u0219tri servicii complementare de <strong>t\u0103iere \u0219i calibrare.<\/strong>[\/vc_column_text][\/vc_column][\/vc_row][vc_row margin_top=\"0\" margin_bottom=\"0\" padding_left=\"40\" padding_right=\"40\" bg_position=\"top\" bg_repeat=\"no-repeat\" bg_cover=\"false\" bg_attachment=\"false\" padding_top=\"40\" padding_bottom=\"40\" parallax_speed=\"0.1\" el_class=\"dt-fancy-title\" animation=\"left-to-right\"][vc_column width=\"1\/1\"][vc_column_text]\n\n\n<h2>Experien\u021b\u0103<\/h2>\n\n\n[\/vc_column_text][\/vc_column][\/vc_row][vc_row margin_top=\"0\" margin_bottom=\"0\" padding_left=\"40\" padding_right=\"40\" animation=\"fade-in\" bg_position=\"top\" bg_repeat=\"no-repeat\" bg_cover=\"false\" bg_attachment=\"false\" padding_top=\"40\" padding_bottom=\"40\" parallax_speed=\"0.1\"][vc_column width=\"1\/1\"][vc_column_text css_animation=\"bottom-to-top\"]\u00cencep\u00e2nd cu anul 1.957, furniz\u0103m <strong>o\u021beluri speciale<\/strong> \u00eentreprinderilor industriale din diverse sectoare de activitate: automobilistic, forj\u0103, ma\u0219ini-unelte, matri\u021beri, aeronautic\u0103, agricultur\u0103, etc.\n\n<strong>Obiectivul nostru este acela de a oferi r\u0103spunsuri necesit\u0103\u021bilor pe care le au clien\u021bii no\u0219tri<\/strong> \u0219i facem acest lucru baz\u00e2ndu-ne pe <strong>profesionalismul <\/strong>echipei noastre, pe <strong>specializarea<\/strong> \u00een o\u021beluri de calitate \u0219i pe <strong>apropierea <\/strong>de clien\u021bii no\u0219tri.[\/vc_column_text][\/vc_column][\/vc_row][vc_row margin_top=\"50px\" margin_bottom=\"50px\" bg_position=\"top\" bg_repeat=\"no-repeat\" bg_cover=\"false\" bg_attachment=\"false\" padding_top=\"40\" padding_bottom=\"40\" parallax_speed=\"0.1\" padding_left=\"40\" padding_right=\"40\"][vc_column width=\"1\/1\" el_class=\"solicita-presupuesto\"][vc_raw_js]JTNDYSUyMG9uY2xpY2slM0QlMjJqUXVlcnklMjglMjdodG1sJTJDJTIwYm9keSUyNyUyOS5hbmltYXRlJTI4JTdCc2Nyb2xsVG9wJTNBalF1ZXJ5JTI4JTI3JTIzeW91ci1uYW1lJTI3JTI5Lm9mZnNldCUyOCUyOS50b3AlMjAtJTIwMjUwJTdEJTJDMTAwMCUyQyUyMGZ1bmN0aW9uJTI4JTI5JTdCalF1ZXJ5JTI4JTI3JTIzeW91ci1uYW1lJTI3JTI5LmZvY3VzJTI4JTI5JTNCalF1ZXJ5JTI4JTI3JTIzdGV4dC0xMiUyNyUyOS5hdHRyJTI4JTI3c3R5bGUlMjclMkMlMjdib3gtc2hhZG93JTNBMCUyMDAlMjAyMHB4JTIwJTIzYWFhJTNCJTI3JTI5JTNCc2V0VGltZW91dCUyOGZ1bmN0aW9uJTI4JTI5JTdCalF1ZXJ5JTI4JTI3JTIzdGV4dC0xMiUyNyUyOS5hdHRyJTI4JTI3c3R5bGUlMjclMkMlMjdib3gtc2hhZG93JTNBMCUzQiUyNyUyOSUzQiU3RCUyQzEwMDAlMjklM0IlN0QlMjklM0JyZXR1cm4lMjBmYWxzZSUzQiUyMiUyMGNsYXNzJTNEJTIyZHQtYnRuJTIwZHQtYnRuLWwlMjIlMjBzdHlsZSUzRCUyMmZvbnQtd2VpZ2h0JTNBJTIwYm9sZCUzQiUyMHBhZGRpbmctbGVmdCUzQSUyMDMwcHglM0IlMjBwYWRkaW5nLXJpZ2h0JTNBJTIwMzBweCUzQiUyMHRleHQtYWxpZ24lM0ElMjBjZW50ZXIlM0IlMjIlMjBocmVmJTNEJTIyJTIzJTIyJTNFU29saWNpdCVDNCU4MyUyMHVuJTIwYnVnZXQlM0MlMkZhJTNF[\/vc_raw_js][\/vc_column][\/vc_row][vc_row margin_top=\"40px\" margin_bottom=\"40px\" type=\"1\" bg_color=\"#f6f6f6\" bg_position=\"top\" bg_repeat=\"no-repeat\" bg_cover=\"true\" bg_attachment=\"false\" padding_top=\"50px\" padding_bottom=\"100px\" parallax_speed=\"0.1\" padding_left=\"40\" padding_right=\"40\" el_class=\"descarga-catalogos a-center\" animation=\"scale-up\"][vc_column width=\"1\/1\"][vc_column_text]\n\n\n<h2>Desc\u0103rcare pdf o\u021belurile noastre speciale<\/h2>\n\n\n[\/vc_column_text][vc_column_text el_class=\"pdf-catalogo\" css=\".vc_custom_1504625662712{margin-top: 20px !important;}\"]\n\n\n<p style=\"text-align: center; font-size: 20px;\"><strong><a href=\"https:\/\/www.ausasteel.com\/wp-content\/uploads\/2017\/09\/Aceros-Especiales-AUSA1.pdf\" target=\"_blank\">Catalog de o\u021beluri speciale AUSA<\/a><\/strong><\/p>\n\n\n[\/vc_column_text][\/vc_column][\/vc_row][vc_row margin_top=\"0\" margin_bottom=\"0\" padding_left=\"40\" padding_right=\"40\" bg_position=\"top\" bg_repeat=\"no-repeat\" bg_cover=\"false\" bg_attachment=\"false\" padding_top=\"40\" padding_bottom=\"40\" parallax_speed=\"0.1\" el_class=\"dt-fancy-title\"][vc_column width=\"1\/1\"][vc_column_text]\n\n\n<h2>\u00bfCe tipuri de o\u021beluri speciale produce AUSA?<\/h2>\n\n\n[\/vc_column_text][\/vc_column][\/vc_row][vc_row margin_top=\"0\" margin_bottom=\"30\" padding_left=\"40\" padding_right=\"40\" bg_position=\"top\" bg_repeat=\"no-repeat\" bg_cover=\"false\" bg_attachment=\"false\" padding_top=\"40\" padding_bottom=\"40\" parallax_speed=\"0.1\" animation=\"fade-in\" el_class=\"dest\"][vc_column width=\"1\/1\"][vc_column_text]\n\n\n<p style=\"text-align: center;\"><strong>AUSA<\/strong> produce mai malte calit\u0103\u021bi de o\u021beluri speciale<strong>. <\/strong>Propriet\u0103\u021bile, utiliz\u0103rile, compozi\u021bia chimic\u0103, echivalen\u021bele, tratamentele termice \u0219i dimensiunile variaz\u0103 \u00een func\u021bie de calitatea aleas\u0103.<\/p>\n\n\n[\/vc_column_text][\/vc_column][\/vc_row][vc_row el_class=\"menu-inferior\" margin_top=\"0\" margin_bottom=\"40px\" padding_left=\"40\" padding_right=\"40\" bg_position=\"top\" bg_repeat=\"no-repeat\" bg_cover=\"false\" bg_attachment=\"false\" padding_top=\"40\" padding_bottom=\"40\" parallax_speed=\"0.1\" animation=\"fade-in\"][vc_column width=\"1\/1\"][vc_widget_sidebar show_bg=\"false\" sidebar_id=\"sidebar_4\"][\/vc_column][\/vc_row]\n\n--><\/p>\n<\/div>","protected":false},"excerpt":{"rendered":"<p>Spezialst\u00e4hlen O\u021belurile speciale -o\u021beluri laminate \u0219i o\u021beluri forjate \u2013 ofer\u0103 o mare versatilitate la folosire \u0219i sunt o\u021beluri foarte bine acceptate. Ofer\u0103 posibilit\u0103\u021bi nenum\u0103rate de utilizare \u00een toate sectoarele industriale. [vc_widget_sidebar show_bg=&#8221;false&#8221; sidebar_id=&#8221;sidebar_4&#8243;] Avantaj Obiectivul nostru este acela de a oferi r\u0103spunsuri necesit\u0103\u021bilor pe care le au clien\u021bii no\u0219tri \u0219i facem acest lucru baz\u00e2ndu-ne pe&hellip;<!-- AddThis Advanced Settings generic via filter on get_the_excerpt --><\/p>\n","protected":false},"author":1,"featured_media":0,"parent":13737,"menu_order":0,"comment_status":"closed","ping_status":"closed","template":"","meta":{"footnotes":""},"class_list":["post-3163","page","type-page","status-publish","hentry"],"yoast_head":"<!-- This site is optimized with the Yoast SEO plugin v26.6 - https:\/\/yoast.com\/wordpress\/plugins\/seo\/ -->\n<title>O\u021beluri speciale - AUSA special steels<\/title>\n<meta name=\"robots\" content=\"index, follow, max-snippet:-1, max-image-preview:large, max-video-preview:-1\" \/>\n<link rel=\"canonical\" href=\"https:\/\/www.ausasteel.com\/ro\/oteluri\/oteluri-speciale\/\" \/>\n<meta property=\"og:locale\" content=\"ro_RO\" \/>\n<meta property=\"og:type\" content=\"article\" \/>\n<meta property=\"og:title\" content=\"O\u021beluri speciale - AUSA special steels\" \/>\n<meta property=\"og:description\" content=\"Spezialst\u00e4hlen O\u021belurile speciale -o\u021beluri laminate \u0219i o\u021beluri forjate \u2013 ofer\u0103 o mare versatilitate la folosire \u0219i sunt o\u021beluri foarte bine acceptate. Ofer\u0103 posibilit\u0103\u021bi nenum\u0103rate de utilizare \u00een toate sectoarele industriale. [vc_widget_sidebar show_bg=&#8221;false&#8221; sidebar_id=&#8221;sidebar_4&#8243;] Avantaj Obiectivul nostru este acela de a oferi r\u0103spunsuri necesit\u0103\u021bilor pe care le au clien\u021bii no\u0219tri \u0219i facem acest lucru baz\u00e2ndu-ne pe&hellip;\" \/>\n<meta property=\"og:url\" content=\"https:\/\/www.ausasteel.com\/ro\/oteluri\/oteluri-speciale\/\" \/>\n<meta property=\"og:site_name\" content=\"AUSA special steels\" \/>\n<meta property=\"article:modified_time\" content=\"2019-06-19T11:19:33+00:00\" \/>\n<meta property=\"og:image\" content=\"https:\/\/www.ausasteel.com\/wp-content\/uploads\/2014\/10\/Oteluri-Speciale-AUSA.jpg\" \/>\n<meta name=\"twitter:label1\" content=\"Est. reading time\" \/>\n\t<meta name=\"twitter:data1\" content=\"1 minute\" \/>\n<script type=\"application\/ld+json\" class=\"yoast-schema-graph\">{\"@context\":\"https:\/\/schema.org\",\"@graph\":[{\"@type\":\"WebPage\",\"@id\":\"https:\/\/www.ausasteel.com\/ro\/oteluri\/oteluri-speciale\/\",\"url\":\"https:\/\/www.ausasteel.com\/ro\/oteluri\/oteluri-speciale\/\",\"name\":\"O\u021beluri speciale - AUSA special steels\",\"isPartOf\":{\"@id\":\"https:\/\/www.ausasteel.com\/ro\/#website\"},\"primaryImageOfPage\":{\"@id\":\"https:\/\/www.ausasteel.com\/ro\/oteluri\/oteluri-speciale\/#primaryimage\"},\"image\":{\"@id\":\"https:\/\/www.ausasteel.com\/ro\/oteluri\/oteluri-speciale\/#primaryimage\"},\"thumbnailUrl\":\"https:\/\/www.ausasteel.com\/wp-content\/uploads\/2014\/10\/Oteluri-Speciale-AUSA.jpg\",\"datePublished\":\"2014-10-17T18:46:42+00:00\",\"dateModified\":\"2019-06-19T11:19:33+00:00\",\"breadcrumb\":{\"@id\":\"https:\/\/www.ausasteel.com\/ro\/oteluri\/oteluri-speciale\/#breadcrumb\"},\"inLanguage\":\"ro-RO\",\"potentialAction\":[{\"@type\":\"ReadAction\",\"target\":[\"https:\/\/www.ausasteel.com\/ro\/oteluri\/oteluri-speciale\/\"]}]},{\"@type\":\"ImageObject\",\"inLanguage\":\"ro-RO\",\"@id\":\"https:\/\/www.ausasteel.com\/ro\/oteluri\/oteluri-speciale\/#primaryimage\",\"url\":\"https:\/\/www.ausasteel.com\/wp-content\/uploads\/2014\/10\/Oteluri-Speciale-AUSA.jpg\",\"contentUrl\":\"https:\/\/www.ausasteel.com\/wp-content\/uploads\/2014\/10\/Oteluri-Speciale-AUSA.jpg\"},{\"@type\":\"BreadcrumbList\",\"@id\":\"https:\/\/www.ausasteel.com\/ro\/oteluri\/oteluri-speciale\/#breadcrumb\",\"itemListElement\":[{\"@type\":\"ListItem\",\"position\":1,\"name\":\"Portada\",\"item\":\"https:\/\/www.ausasteel.com\/ro\/\"},{\"@type\":\"ListItem\",\"position\":2,\"name\":\"O\u021beluri\",\"item\":\"https:\/\/www.ausasteel.com\/ro\/oteluri\/\"},{\"@type\":\"ListItem\",\"position\":3,\"name\":\"O\u021beluri speciale\"}]},{\"@type\":\"WebSite\",\"@id\":\"https:\/\/www.ausasteel.com\/ro\/#website\",\"url\":\"https:\/\/www.ausasteel.com\/ro\/\",\"name\":\"AUSA special steels\",\"description\":\"AUSA special steels\",\"potentialAction\":[{\"@type\":\"SearchAction\",\"target\":{\"@type\":\"EntryPoint\",\"urlTemplate\":\"https:\/\/www.ausasteel.com\/ro\/?s={search_term_string}\"},\"query-input\":{\"@type\":\"PropertyValueSpecification\",\"valueRequired\":true,\"valueName\":\"search_term_string\"}}],\"inLanguage\":\"ro-RO\"}]}<\/script>\n<!-- \/ Yoast SEO plugin. -->","yoast_head_json":{"title":"O\u021beluri speciale - AUSA special steels","robots":{"index":"index","follow":"follow","max-snippet":"max-snippet:-1","max-image-preview":"max-image-preview:large","max-video-preview":"max-video-preview:-1"},"canonical":"https:\/\/www.ausasteel.com\/ro\/oteluri\/oteluri-speciale\/","og_locale":"ro_RO","og_type":"article","og_title":"O\u021beluri speciale - AUSA special steels","og_description":"Spezialst\u00e4hlen O\u021belurile speciale -o\u021beluri laminate \u0219i o\u021beluri forjate \u2013 ofer\u0103 o mare versatilitate la folosire \u0219i sunt o\u021beluri foarte bine acceptate. Ofer\u0103 posibilit\u0103\u021bi nenum\u0103rate de utilizare \u00een toate sectoarele industriale. [vc_widget_sidebar show_bg=&#8221;false&#8221; sidebar_id=&#8221;sidebar_4&#8243;] Avantaj Obiectivul nostru este acela de a oferi r\u0103spunsuri necesit\u0103\u021bilor pe care le au clien\u021bii no\u0219tri \u0219i facem acest lucru baz\u00e2ndu-ne pe&hellip;","og_url":"https:\/\/www.ausasteel.com\/ro\/oteluri\/oteluri-speciale\/","og_site_name":"AUSA special steels","article_modified_time":"2019-06-19T11:19:33+00:00","og_image":[{"url":"https:\/\/www.ausasteel.com\/wp-content\/uploads\/2014\/10\/Oteluri-Speciale-AUSA.jpg","type":"","width":"","height":""}],"twitter_misc":{"Est. reading time":"1 minute"},"schema":{"@context":"https:\/\/schema.org","@graph":[{"@type":"WebPage","@id":"https:\/\/www.ausasteel.com\/ro\/oteluri\/oteluri-speciale\/","url":"https:\/\/www.ausasteel.com\/ro\/oteluri\/oteluri-speciale\/","name":"O\u021beluri speciale - AUSA special steels","isPartOf":{"@id":"https:\/\/www.ausasteel.com\/ro\/#website"},"primaryImageOfPage":{"@id":"https:\/\/www.ausasteel.com\/ro\/oteluri\/oteluri-speciale\/#primaryimage"},"image":{"@id":"https:\/\/www.ausasteel.com\/ro\/oteluri\/oteluri-speciale\/#primaryimage"},"thumbnailUrl":"https:\/\/www.ausasteel.com\/wp-content\/uploads\/2014\/10\/Oteluri-Speciale-AUSA.jpg","datePublished":"2014-10-17T18:46:42+00:00","dateModified":"2019-06-19T11:19:33+00:00","breadcrumb":{"@id":"https:\/\/www.ausasteel.com\/ro\/oteluri\/oteluri-speciale\/#breadcrumb"},"inLanguage":"ro-RO","potentialAction":[{"@type":"ReadAction","target":["https:\/\/www.ausasteel.com\/ro\/oteluri\/oteluri-speciale\/"]}]},{"@type":"ImageObject","inLanguage":"ro-RO","@id":"https:\/\/www.ausasteel.com\/ro\/oteluri\/oteluri-speciale\/#primaryimage","url":"https:\/\/www.ausasteel.com\/wp-content\/uploads\/2014\/10\/Oteluri-Speciale-AUSA.jpg","contentUrl":"https:\/\/www.ausasteel.com\/wp-content\/uploads\/2014\/10\/Oteluri-Speciale-AUSA.jpg"},{"@type":"BreadcrumbList","@id":"https:\/\/www.ausasteel.com\/ro\/oteluri\/oteluri-speciale\/#breadcrumb","itemListElement":[{"@type":"ListItem","position":1,"name":"Portada","item":"https:\/\/www.ausasteel.com\/ro\/"},{"@type":"ListItem","position":2,"name":"O\u021beluri","item":"https:\/\/www.ausasteel.com\/ro\/oteluri\/"},{"@type":"ListItem","position":3,"name":"O\u021beluri speciale"}]},{"@type":"WebSite","@id":"https:\/\/www.ausasteel.com\/ro\/#website","url":"https:\/\/www.ausasteel.com\/ro\/","name":"AUSA special steels","description":"AUSA special steels","potentialAction":[{"@type":"SearchAction","target":{"@type":"EntryPoint","urlTemplate":"https:\/\/www.ausasteel.com\/ro\/?s={search_term_string}"},"query-input":{"@type":"PropertyValueSpecification","valueRequired":true,"valueName":"search_term_string"}}],"inLanguage":"ro-RO"}]}},"_links":{"self":[{"href":"https:\/\/www.ausasteel.com\/ro\/wp-json\/wp\/v2\/pages\/3163","targetHints":{"allow":["GET"]}}],"collection":[{"href":"https:\/\/www.ausasteel.com\/ro\/wp-json\/wp\/v2\/pages"}],"about":[{"href":"https:\/\/www.ausasteel.com\/ro\/wp-json\/wp\/v2\/types\/page"}],"author":[{"embeddable":true,"href":"https:\/\/www.ausasteel.com\/ro\/wp-json\/wp\/v2\/users\/1"}],"replies":[{"embeddable":true,"href":"https:\/\/www.ausasteel.com\/ro\/wp-json\/wp\/v2\/comments?post=3163"}],"version-history":[{"count":15,"href":"https:\/\/www.ausasteel.com\/ro\/wp-json\/wp\/v2\/pages\/3163\/revisions"}],"predecessor-version":[{"id":15605,"href":"https:\/\/www.ausasteel.com\/ro\/wp-json\/wp\/v2\/pages\/3163\/revisions\/15605"}],"up":[{"embeddable":true,"href":"https:\/\/www.ausasteel.com\/ro\/wp-json\/wp\/v2\/pages\/13737"}],"wp:attachment":[{"href":"https:\/\/www.ausasteel.com\/ro\/wp-json\/wp\/v2\/media?parent=3163"}],"curies":[{"name":"wp","href":"https:\/\/api.w.org\/{rel}","templated":true}]}}