    {"id":3139,"date":"2014-10-18T17:17:07","date_gmt":"2014-10-18T17:17:07","guid":{"rendered":"http:\/\/ausasteel.irantzu.com\/?page_id=3139"},"modified":"2020-01-24T09:33:57","modified_gmt":"2020-01-24T09:33:57","slug":"inicio-2","status":"publish","type":"page","link":"https:\/\/www.ausasteel.com\/ro\/","title":{"rendered":"Home"},"content":{"rendered":"<div class=\"wpb-content-wrapper\"><div class=\"home\">\n<div id=\"intro_ausa\" class=\"row\">\n<div class=\"container\">\n<div class=\"col-md-12 titulo_seccion\">\n<h2>AUSA<\/h2>\n<h3>A partner for your ideas<\/h3>\n<\/div>\n<\/div>\n<div class=\"container\">\n<div class=\"col-md-6 bloque_enlace\">\n<div><img decoding=\"async\" src=\"\/wp-content\/uploads\/2018\/08\/aceros_especiales.jpg\" alt=\"O\u021beluri speciale\" \/><a class=\"caja_enlace\" title=\"O\u021beluri speciale\" href=\"\/ro\/oteluri-speciale\/\"><br \/>\n<span class=\"titulo_caja\">O\u021beluri speciale<\/span><br \/>\n<span class=\"texto_caja\">O gam\u0103 ampl\u0103 de <strong>o\u021beluri laminate \u0219i o\u021beluri forjate \u00een stoc \u0219i serviciu de livrare imediat\u0103<\/strong><\/span><br \/>\n<span class=\"btn_ausa\">Vezi o\u021belurile noastre speciale<\/span><br \/>\n<\/a><\/div>\n<\/div>\n<div class=\"col-md-6 bloque_enlace\">\n<div><img decoding=\"async\" src=\"\/wp-content\/uploads\/2018\/08\/aceros_calibrados.jpg\" alt=\"O\u021beluri calibrate\" \/><a class=\"caja_enlace\" title=\"O\u021beluri calibrate\" href=\"\/ro\/oteluri-calibrate\/\"><br \/>\n<span class=\"titulo_caja\">O\u021beluri calibrate<\/span><br \/>\n<span class=\"texto_caja\">Fabric\u0103m o\u021beluri calibrate deformate la rece. <strong>Stoc diversificat \u0219i livrare imediat<\/strong>.<\/span><br \/>\n<span class=\"btn_ausa\">Vezi o\u021belurile noastre calibrate<\/span><br \/>\n<\/a><\/div>\n<\/div>\n<\/div>\n<\/div>\n<div id=\"informacion_tecnica\" class=\"row\">\n<div class=\"container\">\n<div class=\"col-md-12 titulo\">\n<h2>Informa\u021bii tehnice<\/h2>\n<\/div>\n<\/div>\n<div class=\"container herramientas\">\n<div class=\"col-md-6 bloque_enlace_outline\">\n<div><a class=\"caja_enlace\" title=\"Calculator greutate\" href=\"\/ro\/informatii-tehnice\/calculator-greutate\/\"><br \/>\n<span class=\"col-md-8\"><br \/>\n<span class=\"titulo_caja\">Calculator greutate<\/span><br \/>\n<span class=\"texto_caja\">Calcula\u021bi <strong>greutatea teoretic\u0103 a materialului,<\/strong> precum \u0219i <strong>pre\u021bul pe tona<\/strong> de material<\/span><br \/>\n<span class=\"btn_ausa_outline\">C\u0103tre calculatorulul de greut\u0103\u021bi<\/span><br \/>\n<\/span><br \/>\n<span class=\"col-md-4\"><br \/>\n<img decoding=\"async\" title=\"Calculator greutate\" src=\"\/img\/icons\/calculadora_naranja.svg\" alt=\"Calculator greutate\" \/><br \/>\n<\/span><br \/>\n<\/a><\/div>\n<\/div>\n<div class=\"col-md-6 bloque_enlace_outline\">\n<div><a class=\"caja_enlace\" title=\"Toleran\u021be dimensiuni\" href=\"\/ro\/informatii-tehnice\/tolerante-dimensiuni\/\"><br \/>\n<span class=\"col-md-8\"><br \/>\n<span class=\"titulo_caja\">Toleran\u021be dimensiuni<\/span><br \/>\n<span class=\"texto_caja\">Clasificarea limitelor superioare \u0219i inferioare ale materialelor, \u00een conformitate cu norma.<\/span><br \/>\n<span class=\"btn_ausa_outline\">C\u0103tre toleran\u021bele de lucru<\/span><br \/>\n<\/span><br \/>\n<span class=\"col-md-4\"><br \/>\n<img decoding=\"async\" title=\"Toleran\u021be dimensiuni\" src=\"\/img\/icons\/calibre_naranja.svg\" alt=\"Toleran\u021be dimensiuni\" \/><br \/>\n<\/span><br \/>\n<\/a><\/div>\n<\/div>\n<\/div>\n<\/div>\n<div id=\"contacta\" class=\"row\">\n<div class=\"container\">\n<div class=\"col-md-12 titulo\">\n<h2>Contacteaz\u0103-ne \u0219i trimite-ne cererea ta<\/h2>\n<\/div>\n<div>\n<p>Ai anumite nel\u0103muriri legate de materialele noastre? Ai nevoie de un buget?<br \/>\n<a class=\"btn_ausa\" title=\"Contact\" href=\"\/ro\/contact\">Contact<\/a><\/p>\n<\/div>\n<\/div>\n<\/div>\n<div id=\"historia\" class=\"row\">\n<div class=\"container columna_imagen\">\n<div class=\"col-md-6\">\n<div class=\"titulo\">\n<h2>Furnizare de o\u021beluri speciale \u0219i fabricarea o\u021belurilor calibrate \u00eencep\u00e2nd cu anul 1957<\/h2>\n<h3>\u00cen cadrul firmei <strong>AUSA,<\/strong> lucr\u0103m pentru <strong>orice sector al industriei<\/strong>: ma\u0219ini-unelte, forj\u0103, automobile, automatiz\u0103ri industriale, matri\u021berii, aeronautic\u0103, c\u0103i ferate, agricultur\u0103 etc.<\/h3>\n<\/div>\n<div>\n<p>Suntem speciali\u0219ti \u00een <strong>distribu\u021bia de o\u021beluri speciale<\/strong> \u2013o\u021beluri laminate \u0219i o\u021bel forjat prin transformare \u0219i t\u0103iere \u2013 \u0219i \u00een <strong>fabricarea de o\u021beluri calibrate,<\/strong> prin deformare la rece.<\/p>\n<p>Ne diferen\u021biem prin <strong>serviciul nostru logistic<\/strong> (parc proprie de camioane), <strong>stocul nostru diversificat <\/strong>\u0219i <strong>calitatea o\u021belurilor noastre speciale<\/strong>.<\/p>\n<p>Avem centre de distributie \u00een urm\u0103toarele localit\u0103\u021bi: <strong>Vitoria<\/strong>, <strong>Barcelona, Valencia, Zaragoza, Sevilla, Valladolid<\/strong> \u0219i<strong> Madrid <\/strong>(Spania), <strong>Li\u00e8ge<\/strong> (Belgia) \u0219i <a href=\"\/ro\/despre-ausa\/galati-romania\/\"><strong>Gala\u021bi<\/strong><\/a> (Rom\u00e2nia). Acest lucru este o garan\u021bie c\u0103 ve\u021bi avea materialul la timp, \u00een fabrica dumneavoastr\u0103.<\/p>\n<p><strong>AUSA<\/strong> beneficiaz\u0103 de o logistica ce \u00eei permite s\u0103 ajung\u0103 \u00een orice parte a lumii.<\/p>\n<p><a class=\"btn_ausa_invertido\" title=\"O\u021beluri speciale\" href=\"\/ro\/oteluri-speciale\/\">O\u021beluri speciale<\/a><a class=\"btn_ausa_invertido\" title=\"O\u021beluri calibrate\" href=\"\/ro\/oteluri-calibrate\/\">O\u021beluri calibrate<\/a><\/p>\n<\/div>\n<\/div>\n<div class=\"col-md-6\">\n<div class=\"container_imagen\"><img decoding=\"async\" src=\"\/wp-content\/uploads\/2014\/10\/Aceros-Especiales-Calibrados-AUSA.jpg\" alt=\"Working with steels since 1957\" \/><\/div>\n<\/div>\n<\/div>\n<\/div>\n<div id=\"caracteristicas\" class=\"row\">\n<div class=\"container\">\n<div class=\"col-md-3 col-sm-6\">\n<div class=\"icono\"><img decoding=\"async\" class=\"wp-image-2746 size-full alignnone\" title=\"Stock\" src=\"\/img\/icons\/stock.svg\" alt=\"Stock\" \/><\/div>\n<p><strong>Stoc important de materiale \u0219i o mare gam\u0103 de produse<\/strong> \u00een centrele noastre de furnizare.<\/p>\n<\/div>\n<div class=\"col-md-3 col-sm-6\">\n<div class=\"icono\"><img decoding=\"async\" class=\"wp-image-2746 size-full alignnone\" title=\"Fleet\" src=\"\/img\/icons\/transporte.svg\" alt=\"Fleet\" \/><\/div>\n<p><strong>Parc propriu de camioane <\/strong>\u0219i <strong>livrare imediat<\/strong>.<\/p>\n<\/div>\n<div class=\"col-md-3 col-sm-6\">\n<div class=\"icono\"><img decoding=\"async\" class=\"wp-image-2746 size-full alignnone\" title=\"Team\" src=\"\/img\/icons\/equipo.svg\" alt=\"Team\" \/><\/div>\n<p><strong>Echip\u0103 de profesionisti <\/strong>cu o mare experien\u021b\u0103 \u00een domeniul lor de activitate.<\/p>\n<\/div>\n<div class=\"col-md-3 col-sm-6\">\n<div class=\"icono\"><img decoding=\"async\" class=\"wp-image-2746 size-full alignnone\" title=\"Quality\" src=\"\/img\/icons\/iso.svg\" alt=\"Quality\" \/><\/div>\n<p><strong>Un sistem de management al calit\u0103\u021bii strict<\/strong>, \u00een conformitate cu norma ISO 9001:2008.<\/p>\n<\/div>\n<\/div>\n<\/div>\n<div id=\"blog\" class=\"row\">\n<div class=\"container\">\n<div class=\"col-md-12 titulo\">\n<h2 style=\"text-align: center;\">Blogul nostru<\/h2>\n<\/div>\n<div class=\"col-md-12\"><div class=\"wf-container shortcode-blog-posts description-under-image iso-grid\" data-padding=\"20px\" data-width=\"370px\">\n<div class=\"wf-cell\" data-date=\"2018-01-25T14:35:17+00:00\" data-name=\"ISO9001:2015 - Care sunt ultimele nout\u0103\u021bi?\" data-post-id=\"13100\">\n<article class=\"post-13100 post type-post status-publish format-standard has-post-thumbnail hentry category-articole tag-ausa-steel tag-iso\">\n\n\t<div class=\"blog-media wf-td\"><p><a href=\"https:\/\/www.ausasteel.com\/ro\/iso90012015-care-sunt-ultimele-noutati\/\" class=\"alignnone rollover\" ><img loading=\"lazy\" decoding=\"async\" class=\"preload-me\" src=\"https:\/\/www.ausasteel.com\/wp-content\/uploads\/2018\/01\/infografi\u0301a-ausa3A-555x395.jpg\" alt=\"\" title=\"infografi\u0301a-ausa3A\" width=\"555\" height=\"395\"  \/><\/a><\/p><\/div>\n\t<div class=\"blog-content wf-td\">\n\t\t<h2 class=\"entry-title\">\n\t\t\t<a href=\"https:\/\/www.ausasteel.com\/ro\/iso90012015-care-sunt-ultimele-noutati\/\" title=\"ISO9001:2015 &#8211; Care sunt ultimele nout\u0103\u021bi?\" rel=\"bookmark\">ISO9001:2015 &#8211; Care sunt ultimele nout\u0103\u021bi?<\/a>\n\t\t<\/h2>\n\n\t\t\n\t\t      <p>Dup\u0103 postarea \u201eO\u021belul \u0219i standardele ISO\u201d, \u00een care a fost tratat\u0103 tema legisla\u021biei \u0219i a standardiz\u0103rii realizate de \u00a0Organiza\u021bia Interna\u021bional\u0103 de Standardizare (ISO) \u00een ceea ce prive\u0219te produse cum ar fi o\u021belul, \u00een continuare expunem principalele aspecte pe care le presupune revizuirea standardului cu cea mai larg\u0103 r\u0103sp\u00e2ndire: ISO 9001. Standardul ISO 9001, aplicat de&hellip;<!-- AddThis Advanced Settings generic via filter on get_the_excerpt --><\/p>\n\n\t\t<div class=\"post-format entry-meta\">&nbsp;<\/div>\n\t\t<a href=\"https:\/\/www.ausasteel.com\/ro\/iso90012015-care-sunt-ultimele-noutati\/\" class=\"details more-link\" rel=\"nofollow\">Continua\u021bi lectur\u0103<\/a>\n\t\t\t<\/div>\n<\/article><!-- #post-13100 -->\n\n<\/div>\n<div class=\"wf-cell\" data-date=\"2017-11-16T15:03:27+00:00\" data-name=\"CINCI-ELEMENTE-CHEIE-ALE-O\u021aELULUI-\u00ceN-PREZENT\" data-post-id=\"12712\">\n<article class=\"post-12712 post type-post status-publish format-standard has-post-thumbnail hentry category-articole\">\n\n\t<div class=\"blog-media wf-td\"><p><a href=\"https:\/\/www.ausasteel.com\/ro\/cinci-elemente-cheie-ale-otelului-in-prezent\/\" class=\"alignnone rollover\" ><img loading=\"lazy\" decoding=\"async\" class=\"preload-me\" src=\"https:\/\/www.ausasteel.com\/wp-content\/uploads\/2017\/11\/CINCI-ELEMENTE-CHEIE-ALE-O\u021aELULUI-\u00ceN-PREZENT-web-555x385.jpg\" alt=\"\" title=\"CINCI-ELEMENTE-CHEIE-ALE-O\u021aELULUI-\u00ceN-PREZENT&#8211;web\" width=\"555\" height=\"385\"  \/><\/a><\/p><\/div>\n\t<div class=\"blog-content wf-td\">\n\t\t<h2 class=\"entry-title\">\n\t\t\t<a href=\"https:\/\/www.ausasteel.com\/ro\/cinci-elemente-cheie-ale-otelului-in-prezent\/\" title=\"CINCI-ELEMENTE-CHEIE-ALE-O\u021aELULUI-\u00ceN-PREZENT\" rel=\"bookmark\">CINCI-ELEMENTE-CHEIE-ALE-O\u021aELULUI-\u00ceN-PREZENT<\/a>\n\t\t<\/h2>\n\n\t\t\n\t\t  <div class=\"wpb-content-wrapper\"><p>[vc_row][vc_column width=&#8221;1\/1&#8243;][vc_column_text]<a href=\"https:\/\/www.ausasteel.com\/wp-content\/uploads\/2017\/11\/CINCI-ELEMENTE-CHEIE-ALE-O\u021aELULUI-\u00ceN-PREZENT.jpg\" data-rel=\"lightbox-gallery-bGlnaHRib3gtZ2FsbGVyeS13SzhiYUpobg==\" data-rl_title=\"\" data-rl_caption=\"\" data-rl_title=\"\" data-rl_caption=\"\" title=\"\"><img loading=\"lazy\" decoding=\"async\" class=\"alignnone size-full wp-image-12713\" src=\"https:\/\/www.ausasteel.com\/wp-content\/uploads\/2017\/11\/CINCI-ELEMENTE-CHEIE-ALE-O\u021aELULUI-\u00ceN-PREZENT.jpg\" alt=\"CINCI-ELEMENTE-CHEIE-ALE-O\u021aELULUI-\u00ceN-PREZENT\" width=\"1200\" height=\"1697\" srcset=\"https:\/\/www.ausasteel.com\/wp-content\/uploads\/2017\/11\/CINCI-ELEMENTE-CHEIE-ALE-O\u021aELULUI-\u00ceN-PREZENT.jpg 1200w, https:\/\/www.ausasteel.com\/wp-content\/uploads\/2017\/11\/CINCI-ELEMENTE-CHEIE-ALE-O\u021aELULUI-\u00ceN-PREZENT-212x300.jpg 212w, https:\/\/www.ausasteel.com\/wp-content\/uploads\/2017\/11\/CINCI-ELEMENTE-CHEIE-ALE-O\u021aELULUI-\u00ceN-PREZENT-724x1024.jpg 724w\" sizes=\"auto, (max-width: 1200px) 100vw, 1200px\" \/><\/a>[\/vc_column_text][\/vc_column][\/vc_row]<\/p>\n<\/div><!-- AddThis Advanced Settings generic via filter on the_content -->\n\t\t<div class=\"post-format entry-meta\">&nbsp;<\/div>\n\t\t\n\t\t\t<\/div>\n<\/article><!-- #post-12712 -->\n\n<\/div>\n<div class=\"wf-cell\" data-date=\"2017-10-09T16:20:45+00:00\" data-name=\"BILL OF LADING \u00ceN 5 PA\u0218I\" data-post-id=\"12628\">\n<article class=\"post-12628 post type-post status-publish format-standard has-post-thumbnail hentry category-articole\">\n\n\t<div class=\"blog-media wf-td\"><p><a href=\"https:\/\/www.ausasteel.com\/ro\/bill-of-lading-in-5-pasi\/\" class=\"alignnone rollover\" ><img loading=\"lazy\" decoding=\"async\" class=\"preload-me\" src=\"https:\/\/www.ausasteel.com\/wp-content\/uploads\/2017\/10\/bill-of-lading-RO-555x370.jpg\" alt=\"\" title=\"bill-of-lading-RO\" width=\"555\" height=\"370\"  \/><\/a><\/p><\/div>\n\t<div class=\"blog-content wf-td\">\n\t\t<h2 class=\"entry-title\">\n\t\t\t<a href=\"https:\/\/www.ausasteel.com\/ro\/bill-of-lading-in-5-pasi\/\" title=\"BILL OF LADING \u00ceN 5 PA\u0218I\" rel=\"bookmark\">BILL OF LADING \u00ceN 5 PA\u0218I<\/a>\n\t\t<\/h2>\n\n\t\t\n\t\t      <p>La nivel mondial, \u00een special din motive de natur\u0103 financiar\u0103, peste 80% din transportul interna\u021bional de m\u0103rfuri, inclusiv al o\u021belului, se realizeaz\u0103 pe cale maritim\u0103*. Transportul maritim pentru \u00eenc\u0103rc\u0103turi uscate, incluz\u00e2nd o\u021belul, cre\u0219te \u00eentr-un ritm mai mare dec\u00e2t PIB-ul mondial. Conosamentul (Bill of lading \u00een englez\u0103), av\u00e2nd abreviereaB\/L, este unul dintre documentele esen\u021biale\u00a0 utilizate \u00een&hellip;<!-- AddThis Advanced Settings generic via filter on get_the_excerpt --><\/p>\n\n\t\t<div class=\"post-format entry-meta\">&nbsp;<\/div>\n\t\t<a href=\"https:\/\/www.ausasteel.com\/ro\/bill-of-lading-in-5-pasi\/\" class=\"details more-link\" rel=\"nofollow\">Continua\u021bi lectur\u0103<\/a>\n\t\t\t<\/div>\n<\/article><!-- #post-12628 -->\n\n<\/div><\/div><\/div>\n<\/div>\n<\/div>\n<\/div>\n<\/div>","protected":false},"excerpt":{"rendered":"<p>AUSA A partner for your ideas O\u021beluri speciale O gam\u0103 ampl\u0103 de o\u021beluri laminate \u0219i o\u021beluri forjate \u00een stoc \u0219i serviciu de livrare imediat\u0103 Vezi o\u021belurile noastre speciale O\u021beluri calibrate Fabric\u0103m o\u021beluri calibrate deformate la rece. Stoc diversificat \u0219i livrare imediat. Vezi o\u021belurile noastre calibrate Informa\u021bii tehnice Calculator greutate Calcula\u021bi greutatea teoretic\u0103 a materialului, precum&hellip;<!-- AddThis Advanced Settings generic via filter on get_the_excerpt --><\/p>\n","protected":false},"author":1,"featured_media":0,"parent":0,"menu_order":0,"comment_status":"closed","ping_status":"closed","template":"","meta":{"footnotes":""},"class_list":["post-3139","page","type-page","status-publish","hentry"],"yoast_head":"<!-- This site is optimized with the Yoast SEO plugin v26.6 - https:\/\/yoast.com\/wordpress\/plugins\/seo\/ -->\n<title>HOME - AUSA<\/title>\n<meta name=\"description\" content=\"Leading furnizor de O\u021beluri Speciale \u0219i O\u021beluri Calibrate. Marea stoc de materiale flotei de camioane \u0219i ISO 9001: 2008.\" \/>\n<meta name=\"robots\" content=\"index, follow, max-snippet:-1, max-image-preview:large, max-video-preview:-1\" \/>\n<link rel=\"canonical\" href=\"https:\/\/www.ausasteel.com\/ro\/\" \/>\n<meta property=\"og:locale\" content=\"ro_RO\" \/>\n<meta property=\"og:type\" content=\"article\" \/>\n<meta property=\"og:title\" content=\"HOME - AUSA\" \/>\n<meta property=\"og:description\" content=\"Leading furnizor de O\u021beluri Speciale \u0219i O\u021beluri Calibrate. Marea stoc de materiale flotei de camioane \u0219i ISO 9001: 2008.\" \/>\n<meta property=\"og:url\" content=\"https:\/\/www.ausasteel.com\/ro\/\" \/>\n<meta property=\"og:site_name\" content=\"AUSA special steels\" \/>\n<meta property=\"article:modified_time\" content=\"2020-01-24T09:33:57+00:00\" \/>\n<meta name=\"twitter:label1\" content=\"Est. reading time\" \/>\n\t<meta name=\"twitter:data1\" content=\"2 minutes\" \/>\n<script type=\"application\/ld+json\" class=\"yoast-schema-graph\">{\"@context\":\"https:\/\/schema.org\",\"@graph\":[{\"@type\":\"WebPage\",\"@id\":\"https:\/\/www.ausasteel.com\/ro\/\",\"url\":\"https:\/\/www.ausasteel.com\/ro\/\",\"name\":\"HOME - AUSA\",\"isPartOf\":{\"@id\":\"https:\/\/www.ausasteel.com\/ro\/#website\"},\"datePublished\":\"2014-10-18T17:17:07+00:00\",\"dateModified\":\"2020-01-24T09:33:57+00:00\",\"description\":\"Leading furnizor de O\u021beluri Speciale \u0219i O\u021beluri Calibrate. Marea stoc de materiale flotei de camioane \u0219i ISO 9001: 2008.\",\"breadcrumb\":{\"@id\":\"https:\/\/www.ausasteel.com\/ro\/#breadcrumb\"},\"inLanguage\":\"ro-RO\",\"potentialAction\":[{\"@type\":\"ReadAction\",\"target\":[\"https:\/\/www.ausasteel.com\/ro\/\"]}]},{\"@type\":\"BreadcrumbList\",\"@id\":\"https:\/\/www.ausasteel.com\/ro\/#breadcrumb\",\"itemListElement\":[{\"@type\":\"ListItem\",\"position\":1,\"name\":\"Portada\",\"item\":\"https:\/\/www.ausasteel.com\/ro\/\"},{\"@type\":\"ListItem\",\"position\":2,\"name\":\"Home\"}]},{\"@type\":\"WebSite\",\"@id\":\"https:\/\/www.ausasteel.com\/ro\/#website\",\"url\":\"https:\/\/www.ausasteel.com\/ro\/\",\"name\":\"AUSA special steels\",\"description\":\"AUSA special steels\",\"potentialAction\":[{\"@type\":\"SearchAction\",\"target\":{\"@type\":\"EntryPoint\",\"urlTemplate\":\"https:\/\/www.ausasteel.com\/ro\/?s={search_term_string}\"},\"query-input\":{\"@type\":\"PropertyValueSpecification\",\"valueRequired\":true,\"valueName\":\"search_term_string\"}}],\"inLanguage\":\"ro-RO\"}]}<\/script>\n<!-- \/ Yoast SEO plugin. -->","yoast_head_json":{"title":"HOME - AUSA","description":"Leading furnizor de O\u021beluri Speciale \u0219i O\u021beluri Calibrate. Marea stoc de materiale flotei de camioane \u0219i ISO 9001: 2008.","robots":{"index":"index","follow":"follow","max-snippet":"max-snippet:-1","max-image-preview":"max-image-preview:large","max-video-preview":"max-video-preview:-1"},"canonical":"https:\/\/www.ausasteel.com\/ro\/","og_locale":"ro_RO","og_type":"article","og_title":"HOME - AUSA","og_description":"Leading furnizor de O\u021beluri Speciale \u0219i O\u021beluri Calibrate. Marea stoc de materiale flotei de camioane \u0219i ISO 9001: 2008.","og_url":"https:\/\/www.ausasteel.com\/ro\/","og_site_name":"AUSA special steels","article_modified_time":"2020-01-24T09:33:57+00:00","twitter_misc":{"Est. reading time":"2 minutes"},"schema":{"@context":"https:\/\/schema.org","@graph":[{"@type":"WebPage","@id":"https:\/\/www.ausasteel.com\/ro\/","url":"https:\/\/www.ausasteel.com\/ro\/","name":"HOME - AUSA","isPartOf":{"@id":"https:\/\/www.ausasteel.com\/ro\/#website"},"datePublished":"2014-10-18T17:17:07+00:00","dateModified":"2020-01-24T09:33:57+00:00","description":"Leading furnizor de O\u021beluri Speciale \u0219i O\u021beluri Calibrate. Marea stoc de materiale flotei de camioane \u0219i ISO 9001: 2008.","breadcrumb":{"@id":"https:\/\/www.ausasteel.com\/ro\/#breadcrumb"},"inLanguage":"ro-RO","potentialAction":[{"@type":"ReadAction","target":["https:\/\/www.ausasteel.com\/ro\/"]}]},{"@type":"BreadcrumbList","@id":"https:\/\/www.ausasteel.com\/ro\/#breadcrumb","itemListElement":[{"@type":"ListItem","position":1,"name":"Portada","item":"https:\/\/www.ausasteel.com\/ro\/"},{"@type":"ListItem","position":2,"name":"Home"}]},{"@type":"WebSite","@id":"https:\/\/www.ausasteel.com\/ro\/#website","url":"https:\/\/www.ausasteel.com\/ro\/","name":"AUSA special steels","description":"AUSA special steels","potentialAction":[{"@type":"SearchAction","target":{"@type":"EntryPoint","urlTemplate":"https:\/\/www.ausasteel.com\/ro\/?s={search_term_string}"},"query-input":{"@type":"PropertyValueSpecification","valueRequired":true,"valueName":"search_term_string"}}],"inLanguage":"ro-RO"}]}},"_links":{"self":[{"href":"https:\/\/www.ausasteel.com\/ro\/wp-json\/wp\/v2\/pages\/3139","targetHints":{"allow":["GET"]}}],"collection":[{"href":"https:\/\/www.ausasteel.com\/ro\/wp-json\/wp\/v2\/pages"}],"about":[{"href":"https:\/\/www.ausasteel.com\/ro\/wp-json\/wp\/v2\/types\/page"}],"author":[{"embeddable":true,"href":"https:\/\/www.ausasteel.com\/ro\/wp-json\/wp\/v2\/users\/1"}],"replies":[{"embeddable":true,"href":"https:\/\/www.ausasteel.com\/ro\/wp-json\/wp\/v2\/comments?post=3139"}],"version-history":[{"count":45,"href":"https:\/\/www.ausasteel.com\/ro\/wp-json\/wp\/v2\/pages\/3139\/revisions"}],"predecessor-version":[{"id":16149,"href":"https:\/\/www.ausasteel.com\/ro\/wp-json\/wp\/v2\/pages\/3139\/revisions\/16149"}],"wp:attachment":[{"href":"https:\/\/www.ausasteel.com\/ro\/wp-json\/wp\/v2\/media?parent=3139"}],"curies":[{"name":"wp","href":"https:\/\/api.w.org\/{rel}","templated":true}]}}