        {"id":13737,"date":"2018-08-27T08:34:33","date_gmt":"2018-08-27T08:34:33","guid":{"rendered":"http:\/\/ausasteel.irantzu.com\/?page_id=13737"},"modified":"2019-09-04T11:04:34","modified_gmt":"2019-09-04T11:04:34","slug":"oteluri","status":"publish","type":"page","link":"https:\/\/www.ausasteel.com\/ro\/oteluri\/","title":{"rendered":"O\u021beluri"},"content":{"rendered":"<div class=\"row\">\n<div class=\"container\">\n<h1>O\u021beluri<\/h1>\n<h3>\u00cen cadrul firmei <strong>AUSA,<\/strong> lucr\u0103m pentru <strong>orice sector al industriei<\/strong>: ma\u0219ini-unelte, forj\u0103, automobile, automatiz\u0103ri industriale, matri\u021berii, aeronautic\u0103, c\u0103i ferate, agricultur\u0103 etc.<\/h3>\n<div class=\"container_imagen\"><img decoding=\"async\" title=\"O\u021beluri - Ausa\" src=\"\/wp-content\/uploads\/2014\/10\/Aceros-Calibrados-AUSA.jpg\" alt=\"O\u021beluri - Ausa\" \/><\/div>\n<p>Suntem speciali\u0219ti \u00een <strong>distribu\u021bia de o\u021beluri speciale<\/strong> \u2013o\u021beluri laminate \u0219i o\u021bel forjat prin transformare \u0219i t\u0103iere \u2013 \u0219i \u00een <strong>fabricarea de o\u021beluri calibrate,<\/strong> prin deformare la rece.<\/p>\n<p>Ne diferen\u021biem prin <strong>serviciul nostru logistic<\/strong> (parc proprie de camioane), <strong>stocul nostru diversificat <\/strong>\u0219i <strong>calitatea o\u021belurilor noastre speciale<\/strong>.<\/p>\n<p>Avem centre de distributie \u00een urm\u0103toarele localit\u0103\u021bi: <strong>Vitoria<\/strong>, <strong>Barcelona, Valencia, Zaragoza, Sevilla, Valladolid<\/strong> \u0219i<strong> Madrid <\/strong>(Spania), <strong>Li\u00e8ge<\/strong> (Belgia) \u0219i <a href=\"\/ro\/despre-ausa\/galati-romania\/\"><strong>Gala\u021bi<\/strong><\/a> (Rom\u00e2nia). Acest lucru este o garan\u021bie c\u0103 ve\u021bi avea materialul la timp, \u00een fabrica dumneavoastr\u0103.<\/p>\n<p><strong>AUSA<\/strong> beneficiaz\u0103 de o logistica ce \u00eei permite s\u0103 ajung\u0103 \u00een orice parte a lumii.<\/p>\n<\/div>\n<\/div>\n<div class=\"row\">\n<div class=\"container\">\n<div class=\"col-md-6 bloque_enlace\">\n<div><img decoding=\"async\" src=\"\/wp-content\/uploads\/2018\/08\/aceros_especiales.jpg\" alt=\"O\u021beluri speciale\" \/><a class=\"caja_enlace\" title=\"O\u021beluri speciale\" href=\"\/ro\/oteluri-speciale\/\"><br \/>\n<span class=\"titulo_caja\">O\u021beluri speciale<\/span><br \/>\n<span class=\"texto_caja\">O gam\u0103 ampl\u0103 de <strong>o\u021beluri laminate \u0219i o\u021beluri forjate \u00een stoc \u0219i serviciu de livrare imediat\u0103<\/strong><\/span><br \/>\n<span class=\"btn_ausa\">Vezi o\u021belurile noastre speciale<\/span><br \/>\n<\/a><\/div>\n<\/div>\n<div class=\"col-md-6 bloque_enlace\">\n<div><img decoding=\"async\" src=\"\/wp-content\/uploads\/2018\/08\/aceros_calibrados.jpg\" alt=\"O\u021beluri calibrate\" \/><a class=\"caja_enlace\" title=\"O\u021beluri calibrate\" href=\"\/ro\/oteluri-calibrate\/\"><br \/>\n<span class=\"titulo_caja\">O\u021beluri calibrate<\/span><br \/>\n<span class=\"texto_caja\">Fabric\u0103m o\u021beluri calibrate deformate la rece. <strong>Stoc diversificat \u0219i livrare imediat<\/strong>.<\/span><br \/>\n<span class=\"btn_ausa\">Vezi o\u021belurile noastre calibrate<\/span><br \/>\n<\/a><\/div>\n<\/div>\n<\/div>\n<\/div>\n<div id=\"informacion_tecnica\" class=\"row gris\">\n<div class=\"container\">\n<h2>Informa\u021bii tehnice<\/h2>\n<p>[vc_widget_sidebar show_bg=&#8221;false&#8221; sidebar_id=&#8221;sidebar_26&#8243;]<\/p>\n<\/div>\n<\/div><!-- AddThis Advanced Settings generic via filter on the_content -->","protected":false},"excerpt":{"rendered":"<p>O\u021beluri \u00cen cadrul firmei AUSA, lucr\u0103m pentru orice sector al industriei: ma\u0219ini-unelte, forj\u0103, automobile, automatiz\u0103ri industriale, matri\u021berii, aeronautic\u0103, c\u0103i ferate, agricultur\u0103 etc. Suntem speciali\u0219ti \u00een distribu\u021bia de o\u021beluri speciale \u2013o\u021beluri laminate \u0219i o\u021bel forjat prin transformare \u0219i t\u0103iere \u2013 \u0219i \u00een fabricarea de o\u021beluri calibrate, prin deformare la rece. Ne diferen\u021biem prin serviciul nostru logistic&hellip;<!-- AddThis Advanced Settings generic via filter on get_the_excerpt --><\/p>\n","protected":false},"author":12,"featured_media":0,"parent":0,"menu_order":0,"comment_status":"closed","ping_status":"closed","template":"","meta":{"footnotes":""},"class_list":["post-13737","page","type-page","status-publish","hentry"],"yoast_head":"<!-- This site is optimized with the Yoast SEO plugin v26.6 - https:\/\/yoast.com\/wordpress\/plugins\/seo\/ -->\n<title>O\u021beluri - AUSA special steels<\/title>\n<meta name=\"robots\" content=\"index, follow, max-snippet:-1, max-image-preview:large, max-video-preview:-1\" \/>\n<link rel=\"canonical\" href=\"https:\/\/www.ausasteel.com\/ro\/oteluri\/\" \/>\n<meta property=\"og:locale\" content=\"ro_RO\" \/>\n<meta property=\"og:type\" content=\"article\" \/>\n<meta property=\"og:title\" content=\"O\u021beluri - AUSA special steels\" \/>\n<meta property=\"og:description\" content=\"O\u021beluri \u00cen cadrul firmei AUSA, lucr\u0103m pentru orice sector al industriei: ma\u0219ini-unelte, forj\u0103, automobile, automatiz\u0103ri industriale, matri\u021berii, aeronautic\u0103, c\u0103i ferate, agricultur\u0103 etc. Suntem speciali\u0219ti \u00een distribu\u021bia de o\u021beluri speciale \u2013o\u021beluri laminate \u0219i o\u021bel forjat prin transformare \u0219i t\u0103iere \u2013 \u0219i \u00een fabricarea de o\u021beluri calibrate, prin deformare la rece. Ne diferen\u021biem prin serviciul nostru logistic&hellip;\" \/>\n<meta property=\"og:url\" content=\"https:\/\/www.ausasteel.com\/ro\/oteluri\/\" \/>\n<meta property=\"og:site_name\" content=\"AUSA special steels\" \/>\n<meta property=\"article:modified_time\" content=\"2019-09-04T11:04:34+00:00\" \/>\n<meta name=\"twitter:label1\" content=\"Est. reading time\" \/>\n\t<meta name=\"twitter:data1\" content=\"1 minute\" \/>\n<script type=\"application\/ld+json\" class=\"yoast-schema-graph\">{\"@context\":\"https:\/\/schema.org\",\"@graph\":[{\"@type\":\"WebPage\",\"@id\":\"https:\/\/www.ausasteel.com\/ro\/oteluri\/\",\"url\":\"https:\/\/www.ausasteel.com\/ro\/oteluri\/\",\"name\":\"O\u021beluri - AUSA special steels\",\"isPartOf\":{\"@id\":\"https:\/\/www.ausasteel.com\/ro\/#website\"},\"datePublished\":\"2018-08-27T08:34:33+00:00\",\"dateModified\":\"2019-09-04T11:04:34+00:00\",\"breadcrumb\":{\"@id\":\"https:\/\/www.ausasteel.com\/ro\/oteluri\/#breadcrumb\"},\"inLanguage\":\"ro-RO\",\"potentialAction\":[{\"@type\":\"ReadAction\",\"target\":[\"https:\/\/www.ausasteel.com\/ro\/oteluri\/\"]}]},{\"@type\":\"BreadcrumbList\",\"@id\":\"https:\/\/www.ausasteel.com\/ro\/oteluri\/#breadcrumb\",\"itemListElement\":[{\"@type\":\"ListItem\",\"position\":1,\"name\":\"Portada\",\"item\":\"https:\/\/www.ausasteel.com\/ro\/\"},{\"@type\":\"ListItem\",\"position\":2,\"name\":\"O\u021beluri\"}]},{\"@type\":\"WebSite\",\"@id\":\"https:\/\/www.ausasteel.com\/ro\/#website\",\"url\":\"https:\/\/www.ausasteel.com\/ro\/\",\"name\":\"AUSA special steels\",\"description\":\"AUSA special steels\",\"potentialAction\":[{\"@type\":\"SearchAction\",\"target\":{\"@type\":\"EntryPoint\",\"urlTemplate\":\"https:\/\/www.ausasteel.com\/ro\/?s={search_term_string}\"},\"query-input\":{\"@type\":\"PropertyValueSpecification\",\"valueRequired\":true,\"valueName\":\"search_term_string\"}}],\"inLanguage\":\"ro-RO\"}]}<\/script>\n<!-- \/ Yoast SEO plugin. -->","yoast_head_json":{"title":"O\u021beluri - AUSA special steels","robots":{"index":"index","follow":"follow","max-snippet":"max-snippet:-1","max-image-preview":"max-image-preview:large","max-video-preview":"max-video-preview:-1"},"canonical":"https:\/\/www.ausasteel.com\/ro\/oteluri\/","og_locale":"ro_RO","og_type":"article","og_title":"O\u021beluri - AUSA special steels","og_description":"O\u021beluri \u00cen cadrul firmei AUSA, lucr\u0103m pentru orice sector al industriei: ma\u0219ini-unelte, forj\u0103, automobile, automatiz\u0103ri industriale, matri\u021berii, aeronautic\u0103, c\u0103i ferate, agricultur\u0103 etc. Suntem speciali\u0219ti \u00een distribu\u021bia de o\u021beluri speciale \u2013o\u021beluri laminate \u0219i o\u021bel forjat prin transformare \u0219i t\u0103iere \u2013 \u0219i \u00een fabricarea de o\u021beluri calibrate, prin deformare la rece. Ne diferen\u021biem prin serviciul nostru logistic&hellip;","og_url":"https:\/\/www.ausasteel.com\/ro\/oteluri\/","og_site_name":"AUSA special steels","article_modified_time":"2019-09-04T11:04:34+00:00","twitter_misc":{"Est. reading time":"1 minute"},"schema":{"@context":"https:\/\/schema.org","@graph":[{"@type":"WebPage","@id":"https:\/\/www.ausasteel.com\/ro\/oteluri\/","url":"https:\/\/www.ausasteel.com\/ro\/oteluri\/","name":"O\u021beluri - AUSA special steels","isPartOf":{"@id":"https:\/\/www.ausasteel.com\/ro\/#website"},"datePublished":"2018-08-27T08:34:33+00:00","dateModified":"2019-09-04T11:04:34+00:00","breadcrumb":{"@id":"https:\/\/www.ausasteel.com\/ro\/oteluri\/#breadcrumb"},"inLanguage":"ro-RO","potentialAction":[{"@type":"ReadAction","target":["https:\/\/www.ausasteel.com\/ro\/oteluri\/"]}]},{"@type":"BreadcrumbList","@id":"https:\/\/www.ausasteel.com\/ro\/oteluri\/#breadcrumb","itemListElement":[{"@type":"ListItem","position":1,"name":"Portada","item":"https:\/\/www.ausasteel.com\/ro\/"},{"@type":"ListItem","position":2,"name":"O\u021beluri"}]},{"@type":"WebSite","@id":"https:\/\/www.ausasteel.com\/ro\/#website","url":"https:\/\/www.ausasteel.com\/ro\/","name":"AUSA special steels","description":"AUSA special steels","potentialAction":[{"@type":"SearchAction","target":{"@type":"EntryPoint","urlTemplate":"https:\/\/www.ausasteel.com\/ro\/?s={search_term_string}"},"query-input":{"@type":"PropertyValueSpecification","valueRequired":true,"valueName":"search_term_string"}}],"inLanguage":"ro-RO"}]}},"_links":{"self":[{"href":"https:\/\/www.ausasteel.com\/ro\/wp-json\/wp\/v2\/pages\/13737","targetHints":{"allow":["GET"]}}],"collection":[{"href":"https:\/\/www.ausasteel.com\/ro\/wp-json\/wp\/v2\/pages"}],"about":[{"href":"https:\/\/www.ausasteel.com\/ro\/wp-json\/wp\/v2\/types\/page"}],"author":[{"embeddable":true,"href":"https:\/\/www.ausasteel.com\/ro\/wp-json\/wp\/v2\/users\/12"}],"replies":[{"embeddable":true,"href":"https:\/\/www.ausasteel.com\/ro\/wp-json\/wp\/v2\/comments?post=13737"}],"version-history":[{"count":7,"href":"https:\/\/www.ausasteel.com\/ro\/wp-json\/wp\/v2\/pages\/13737\/revisions"}],"predecessor-version":[{"id":15853,"href":"https:\/\/www.ausasteel.com\/ro\/wp-json\/wp\/v2\/pages\/13737\/revisions\/15853"}],"wp:attachment":[{"href":"https:\/\/www.ausasteel.com\/ro\/wp-json\/wp\/v2\/media?parent=13737"}],"curies":[{"name":"wp","href":"https:\/\/api.w.org\/{rel}","templated":true}]}}