        {"id":4795,"date":"2014-10-21T22:31:33","date_gmt":"2014-10-21T22:31:33","guid":{"rendered":"http:\/\/ausasteel.irantzu.com\/aciers-speciaux\/aceros-inoxidables\/"},"modified":"2018-11-09T13:29:01","modified_gmt":"2018-11-09T13:29:01","slug":"aciers-inoxydables","status":"publish","type":"page","link":"https:\/\/www.ausasteel.com\/fr\/aciers\/aciers-speciaux\/aciers-inoxydables\/","title":{"rendered":"Aciers inoxydables"},"content":{"rendered":"<div class=\"row\">\n<div class=\"container\">\n<h1>Aciers inoxydables<\/h1>\n<\/div>\n<div class=\"container columna_imagen\">\n<div class=\"col-md-6\">\n<h3>\u00bfQuels types d\u2019aciers inoxydables travaille AUSA ?<\/h3>\n<p><span style=\"font-size: 1.2em;\"><strong>AUSA<\/strong> travaille avec diff\u00e9rentes qualit\u00e9s d\u2019aciers inoxydables. Leurs propri\u00e9t\u00e9s, applications, composition chimique, \u00e9quivalences, traitements thermiques et dimensions varient en fonction de la qualit\u00e9 choisie.<br \/><\/span><\/p>\n<p>[vc_widget_sidebar show_bg=&#8221;false&#8221; sidebar_id=&#8221;sidebar_21&#8243;]\n<\/p><\/div>\n<div class=\"col-md-6\">\n<div class=\"container_imagen\">\n<img decoding=\"async\" src=\"\/wp-content\/uploads\/2015\/05\/Aceros-Inoxidables-AUSA.png\" alt=\"Aciers inoxydables - AUSA Special Steels\" title=\"Aciers inoxydables - AUSA Special Steels\">\n<\/div>\n<\/div>\n<\/div>\n<\/div>\n<div class=\"row\">\n<div class=\"container\">\n<p>Il est d\u00e9fini comme un alliage d\u2019acier avec un <strong>minimum de 10 \u00e0 12% de chrome<\/strong> pouvant contenir d\u2019autres m\u00e9taux comme du molybd\u00e8ne et du nickel.<\/p>\n<p>Il s\u2019agit d\u2019un acier ayant une <strong>r\u00e9sistance \u00e9lev\u00e9e \u00e0 la corrosion<\/strong>, car le chrome et les autres m\u00e9taux alli\u00e9s qu\u2019il contient, poss\u00e8dent une grande affinit\u00e9 pour l\u2019oxyg\u00e8ne et r\u00e9agit avec lui en formant une couche, \u00e9vitant ainsi la corrosion du fer.<\/p>\n<p>Ses <strong>application <\/strong>les plus courantes sont pour les pi\u00e8ces de r\u00e9sistance aux agents de corrosion comme les vannes, axes, \u00e9l\u00e9ments de pompe, instruments de chirurgie, calibres, billes d\u2019acier et pi\u00e8ces pour l\u2019industrie chimique, textile et alimentaire.<\/p>\n<\/div>\n<\/div>\n<div class=\"row gris\" id=\"informacion_tecnica\">\n<div class=\"container\">\n<h2>Information technique<\/h2>\n<p>[vc_widget_sidebar show_bg=&#8221;false&#8221; sidebar_id=&#8221;sidebar_26&#8243;]\n<\/p><\/div>\n<\/div><!-- AddThis Advanced Settings generic via filter on the_content -->","protected":false},"excerpt":{"rendered":"<p>Aciers inoxydables \u00bfQuels types d\u2019aciers inoxydables travaille AUSA ? AUSA travaille avec diff\u00e9rentes qualit\u00e9s d\u2019aciers inoxydables. Leurs propri\u00e9t\u00e9s, applications, composition chimique, \u00e9quivalences, traitements thermiques et dimensions varient en fonction de la qualit\u00e9 choisie. [vc_widget_sidebar show_bg=&#8221;false&#8221; sidebar_id=&#8221;sidebar_21&#8243;] Il est d\u00e9fini comme un alliage d\u2019acier avec un minimum de 10 \u00e0 12% de chrome pouvant contenir d\u2019autres&hellip;<!-- AddThis Advanced Settings generic via filter on get_the_excerpt --><\/p>\n","protected":false},"author":1,"featured_media":0,"parent":4150,"menu_order":0,"comment_status":"closed","ping_status":"open","template":"","meta":{"footnotes":""},"class_list":["post-4795","page","type-page","status-publish","hentry"],"yoast_head":"<!-- This site is optimized with the Yoast SEO plugin v26.6 - https:\/\/yoast.com\/wordpress\/plugins\/seo\/ -->\n<title>Aciers inoxydables - AUSA special steels<\/title>\n<meta name=\"robots\" content=\"index, follow, max-snippet:-1, max-image-preview:large, max-video-preview:-1\" \/>\n<link rel=\"canonical\" href=\"https:\/\/www.ausasteel.com\/fr\/aciers\/aciers-speciaux\/aciers-inoxydables\/\" \/>\n<meta property=\"og:locale\" content=\"fr_FR\" \/>\n<meta property=\"og:type\" content=\"article\" \/>\n<meta property=\"og:title\" content=\"Aciers inoxydables - AUSA special steels\" \/>\n<meta property=\"og:description\" content=\"Aciers inoxydables \u00bfQuels types d\u2019aciers inoxydables travaille AUSA ? AUSA travaille avec diff\u00e9rentes qualit\u00e9s d\u2019aciers inoxydables. Leurs propri\u00e9t\u00e9s, applications, composition chimique, \u00e9quivalences, traitements thermiques et dimensions varient en fonction de la qualit\u00e9 choisie. [vc_widget_sidebar show_bg=&#8221;false&#8221; sidebar_id=&#8221;sidebar_21&#8243;] Il est d\u00e9fini comme un alliage d\u2019acier avec un minimum de 10 \u00e0 12% de chrome pouvant contenir d\u2019autres&hellip;\" \/>\n<meta property=\"og:url\" content=\"https:\/\/www.ausasteel.com\/fr\/aciers\/aciers-speciaux\/aciers-inoxydables\/\" \/>\n<meta property=\"og:site_name\" content=\"AUSA special steels\" \/>\n<meta property=\"article:modified_time\" content=\"2018-11-09T13:29:01+00:00\" \/>\n<meta name=\"twitter:label1\" content=\"Est. reading time\" \/>\n\t<meta name=\"twitter:data1\" content=\"1 minute\" \/>\n<script type=\"application\/ld+json\" class=\"yoast-schema-graph\">{\"@context\":\"https:\/\/schema.org\",\"@graph\":[{\"@type\":\"WebPage\",\"@id\":\"https:\/\/www.ausasteel.com\/fr\/aciers\/aciers-speciaux\/aciers-inoxydables\/\",\"url\":\"https:\/\/www.ausasteel.com\/fr\/aciers\/aciers-speciaux\/aciers-inoxydables\/\",\"name\":\"Aciers inoxydables - AUSA special steels\",\"isPartOf\":{\"@id\":\"https:\/\/www.ausasteel.com\/fr\/#website\"},\"datePublished\":\"2014-10-21T22:31:33+00:00\",\"dateModified\":\"2018-11-09T13:29:01+00:00\",\"breadcrumb\":{\"@id\":\"https:\/\/www.ausasteel.com\/fr\/aciers\/aciers-speciaux\/aciers-inoxydables\/#breadcrumb\"},\"inLanguage\":\"fr-FR\",\"potentialAction\":[{\"@type\":\"ReadAction\",\"target\":[\"https:\/\/www.ausasteel.com\/fr\/aciers\/aciers-speciaux\/aciers-inoxydables\/\"]}]},{\"@type\":\"BreadcrumbList\",\"@id\":\"https:\/\/www.ausasteel.com\/fr\/aciers\/aciers-speciaux\/aciers-inoxydables\/#breadcrumb\",\"itemListElement\":[{\"@type\":\"ListItem\",\"position\":1,\"name\":\"Portada\",\"item\":\"https:\/\/www.ausasteel.com\/fr\/\"},{\"@type\":\"ListItem\",\"position\":2,\"name\":\"Aciers\",\"item\":\"https:\/\/www.ausasteel.com\/fr\/aciers\/\"},{\"@type\":\"ListItem\",\"position\":3,\"name\":\"Aciers sp\u00e9ciaux\",\"item\":\"https:\/\/www.ausasteel.com\/fr\/aciers\/aciers-speciaux\/\"},{\"@type\":\"ListItem\",\"position\":4,\"name\":\"Aciers inoxydables\"}]},{\"@type\":\"WebSite\",\"@id\":\"https:\/\/www.ausasteel.com\/fr\/#website\",\"url\":\"https:\/\/www.ausasteel.com\/fr\/\",\"name\":\"AUSA special steels\",\"description\":\"AUSA special steels\",\"potentialAction\":[{\"@type\":\"SearchAction\",\"target\":{\"@type\":\"EntryPoint\",\"urlTemplate\":\"https:\/\/www.ausasteel.com\/fr\/?s={search_term_string}\"},\"query-input\":{\"@type\":\"PropertyValueSpecification\",\"valueRequired\":true,\"valueName\":\"search_term_string\"}}],\"inLanguage\":\"fr-FR\"}]}<\/script>\n<!-- \/ Yoast SEO plugin. -->","yoast_head_json":{"title":"Aciers inoxydables - AUSA special steels","robots":{"index":"index","follow":"follow","max-snippet":"max-snippet:-1","max-image-preview":"max-image-preview:large","max-video-preview":"max-video-preview:-1"},"canonical":"https:\/\/www.ausasteel.com\/fr\/aciers\/aciers-speciaux\/aciers-inoxydables\/","og_locale":"fr_FR","og_type":"article","og_title":"Aciers inoxydables - AUSA special steels","og_description":"Aciers inoxydables \u00bfQuels types d\u2019aciers inoxydables travaille AUSA ? AUSA travaille avec diff\u00e9rentes qualit\u00e9s d\u2019aciers inoxydables. Leurs propri\u00e9t\u00e9s, applications, composition chimique, \u00e9quivalences, traitements thermiques et dimensions varient en fonction de la qualit\u00e9 choisie. [vc_widget_sidebar show_bg=&#8221;false&#8221; sidebar_id=&#8221;sidebar_21&#8243;] Il est d\u00e9fini comme un alliage d\u2019acier avec un minimum de 10 \u00e0 12% de chrome pouvant contenir d\u2019autres&hellip;","og_url":"https:\/\/www.ausasteel.com\/fr\/aciers\/aciers-speciaux\/aciers-inoxydables\/","og_site_name":"AUSA special steels","article_modified_time":"2018-11-09T13:29:01+00:00","twitter_misc":{"Est. reading time":"1 minute"},"schema":{"@context":"https:\/\/schema.org","@graph":[{"@type":"WebPage","@id":"https:\/\/www.ausasteel.com\/fr\/aciers\/aciers-speciaux\/aciers-inoxydables\/","url":"https:\/\/www.ausasteel.com\/fr\/aciers\/aciers-speciaux\/aciers-inoxydables\/","name":"Aciers inoxydables - AUSA special steels","isPartOf":{"@id":"https:\/\/www.ausasteel.com\/fr\/#website"},"datePublished":"2014-10-21T22:31:33+00:00","dateModified":"2018-11-09T13:29:01+00:00","breadcrumb":{"@id":"https:\/\/www.ausasteel.com\/fr\/aciers\/aciers-speciaux\/aciers-inoxydables\/#breadcrumb"},"inLanguage":"fr-FR","potentialAction":[{"@type":"ReadAction","target":["https:\/\/www.ausasteel.com\/fr\/aciers\/aciers-speciaux\/aciers-inoxydables\/"]}]},{"@type":"BreadcrumbList","@id":"https:\/\/www.ausasteel.com\/fr\/aciers\/aciers-speciaux\/aciers-inoxydables\/#breadcrumb","itemListElement":[{"@type":"ListItem","position":1,"name":"Portada","item":"https:\/\/www.ausasteel.com\/fr\/"},{"@type":"ListItem","position":2,"name":"Aciers","item":"https:\/\/www.ausasteel.com\/fr\/aciers\/"},{"@type":"ListItem","position":3,"name":"Aciers sp\u00e9ciaux","item":"https:\/\/www.ausasteel.com\/fr\/aciers\/aciers-speciaux\/"},{"@type":"ListItem","position":4,"name":"Aciers inoxydables"}]},{"@type":"WebSite","@id":"https:\/\/www.ausasteel.com\/fr\/#website","url":"https:\/\/www.ausasteel.com\/fr\/","name":"AUSA special steels","description":"AUSA special steels","potentialAction":[{"@type":"SearchAction","target":{"@type":"EntryPoint","urlTemplate":"https:\/\/www.ausasteel.com\/fr\/?s={search_term_string}"},"query-input":{"@type":"PropertyValueSpecification","valueRequired":true,"valueName":"search_term_string"}}],"inLanguage":"fr-FR"}]}},"_links":{"self":[{"href":"https:\/\/www.ausasteel.com\/fr\/wp-json\/wp\/v2\/pages\/4795","targetHints":{"allow":["GET"]}}],"collection":[{"href":"https:\/\/www.ausasteel.com\/fr\/wp-json\/wp\/v2\/pages"}],"about":[{"href":"https:\/\/www.ausasteel.com\/fr\/wp-json\/wp\/v2\/types\/page"}],"author":[{"embeddable":true,"href":"https:\/\/www.ausasteel.com\/fr\/wp-json\/wp\/v2\/users\/1"}],"replies":[{"embeddable":true,"href":"https:\/\/www.ausasteel.com\/fr\/wp-json\/wp\/v2\/comments?post=4795"}],"version-history":[{"count":5,"href":"https:\/\/www.ausasteel.com\/fr\/wp-json\/wp\/v2\/pages\/4795\/revisions"}],"predecessor-version":[{"id":15439,"href":"https:\/\/www.ausasteel.com\/fr\/wp-json\/wp\/v2\/pages\/4795\/revisions\/15439"}],"up":[{"embeddable":true,"href":"https:\/\/www.ausasteel.com\/fr\/wp-json\/wp\/v2\/pages\/4150"}],"wp:attachment":[{"href":"https:\/\/www.ausasteel.com\/fr\/wp-json\/wp\/v2\/media?parent=4795"}],"curies":[{"name":"wp","href":"https:\/\/api.w.org\/{rel}","templated":true}]}}