    {"id":4789,"date":"2014-10-27T22:54:23","date_gmt":"2014-10-27T22:54:23","guid":{"rendered":"http:\/\/ausasteel.irantzu.com\/aciers-speciaux\/aciers-a-outils-travail-a-chaud\/acero-de-herramienta-para-trabajo-en-caliente-1-2344esr\/"},"modified":"2019-09-11T15:55:31","modified_gmt":"2019-09-11T15:55:31","slug":"acier-a-outil-pour-travail-a-chaud-1-2344esr","status":"publish","type":"page","link":"https:\/\/www.ausasteel.com\/fr\/aciers\/aciers-speciaux\/aciers-a-outils-travail-a-chaud\/acier-a-outil-pour-travail-a-chaud-1-2344esr\/","title":{"rendered":"Acier \u00e0 outil pour travail \u00e0 chaud 1.2344ESR"},"content":{"rendered":"<div class=\"row\">\n<div class=\"container\">\n<div>\n<h1>Acier \u00e0 outil pour travail \u00e0 chaud 1.2344ESR<\/h1>\n<h3><strong>Haute r\u00e9sistance m\u00e9canique \u00e0 temp\u00e9rature \u00e9lev\u00e9e<\/strong>. <strong>R\u00e9sistance<\/strong> \u00e9lev\u00e9e <strong>\u00e0 la fissure et au choc thermique<\/strong>. <strong>Haute t\u00e9nacit\u00e9<\/strong> \u00e0 chaud.<\/h3>\n<\/div>\n<div class=\"caja_bloques\">\n<div class=\"col-md-5\">\n<div class=\"bloque\">\n<h4>\u00c9TATS D&#8217;APPROVISIONNEMENT<\/h4>\n<p>Recuit.<\/p>\n<\/div>\n<div class=\"bloque\">\n<h4>DIMENSIONS EN STOCK \u2013 mm.<\/h4>\n<ul>\n<li><img decoding=\"async\" src=\"\/wp-content\/uploads\/2014\/10\/circulo.png\" alt=\"circle\" \/><span>21-603<\/span><\/li>\n<li><img decoding=\"async\" src=\"\/wp-content\/uploads\/2014\/10\/cuadrado.png\" alt=\"square\"\/><span>80-403<\/span><\/li>\n<li><img decoding=\"async\" src=\"\/wp-content\/uploads\/2014\/10\/rectangulo.png\" alt=\"rectangle\" \/><span>102\u00d730 \u2013 605\u00d7300<\/span><\/li>\n<\/ul>\n<\/div>\n<div class=\"bloque\">\n<h4>NORME D&#8217;APPLICATION<\/h4>\n<p>EN ISO 4957<\/p>\n<\/div>\n<div class=\"bloque\">\n<h4>CODE DE COULEUR<\/h4>\n<div class=\"figura\" style=\"width: 50px;height: 50px;border: 2px solid #808080 ;border-radius: 50%;position: relative;background:blue;\"><div><span style=\"position: absolute;display:inline-block;width:0;height:0;line-height:0;border:25px solid none;border-left:none;border-bottom-right-radius:50px;border-top-right-radius:50px;left:25px;top:0px\"><\/span><span style=\"position: absolute;display:inline-block;width:0;height:0;line-height:0;border:25px solid none;border-right:none;border-bottom-left-radius:50px;border-top-left-radius:50px;left:0px;top:0px\"><\/span><\/div><div style=\"width: 30px;height: 30px;border-radius: 50%;position: absolute;top: 10px;left: 10px;background: none;z-index: 3;\"><\/div><div style=\"width: 8px;height: 50px;display: block;position: absolute;z-index: 3;top: 50%;left: 50%;margin: -25px 0 0 -4px;background:white;\"><\/div><\/div><\/div>\n<\/div>\n<div class=\"col-md-7\">\n<div class=\"bloque\">\n<h4>DESCRIPTION ET APPLICATIONS LES PLUS COURANTES<\/h4>\n<p><strong>Il n\u2019est pas recommand\u00e9 pour souder.<\/strong><\/p>\n<p>Ses <strong>applications <\/strong>les plus courantes sont pour les machines agricoles, manchons, vis, bielles, axes et cha\u00eenes.<\/p>\n<div class=\"galeria_ficha\">\n<div class=\"previsualizacion\">\n<img decoding=\"async\" id=\"preview\" src=\"\/wp-content\/uploads\/2015\/05\/Acero-Herramienta-Caliente-1.2344ESR.png\" alt=\"Acier \u00e0 outil pour travail \u00e0 chaud 1.2344ESR - AUSA\" title=\"Acier \u00e0 outil pour travail \u00e0 chaud 1.2344ESR - AUSA\"><a class=\"wp-colorbox-image\" href=\"\/wp-content\/uploads\/2015\/05\/Acero-Herramienta-Caliente-1.2344ESR.png\" data-rel=\"lightbox-gallery-7BxMJNIT\" data-rl_title=\"\" data-rl_caption=\"\" title=\"\"><\/a>\n<\/div>\n<div class=\"miniaturas\">\n<img decoding=\"async\" class=\"thumbnail active\" onclick=\"showGallery(event)\" src=\"\/wp-content\/uploads\/2015\/05\/Acero-Herramienta-Caliente-1.2344ESR.png\" alt=\"Acier \u00e0 outil pour travail \u00e0 chaud 1.2344ESR - AUSA\" title=\"Acier \u00e0 outil pour travail \u00e0 chaud 1.2344ESR - AUSA\" >\n<\/div>\n<\/div>\n<\/div>\n<\/div>\n<\/div>\n<\/div>\n<\/div>\n<div class=\"row\">\n<div class=\"container caja_tablas\">\n<div class=\"selectores\">\n<button class=\"selector_tab active\" onclick=\"openTab(event,'t_composicion')\">Composition chimique<\/button><br \/>\n<button class=\"selector_tab\" onclick=\"openTab(event,'t_tratamientos')\">Traitements thermiques \u2013 Temp\u00e9ratures approximatives<\/button><br \/>\n<button class=\"selector_tab\" onclick=\"openTab(event,'t_caracteristicas')\">Caract\u00e9ristiques m\u00e9caniques<\/button><br \/>\n<button class=\"selector_tab\" onclick=\"openTab(event,'t_equivalencias')\">\u00c9quivalences approximatives<\/button>\n<\/div>\n<div id=\"t_composicion\" class=\"tab\">\n<table class=\"footable\" border=\"1\" width=\"100%\">\n<tbody>\n<tr>\n<th scope=\"col\" style=\"text-align: center; vertical-align: middle;\"><\/th>\n<th scope=\"col\" style=\"text-align: center; vertical-align: middle;\"><strong>C<\/strong><\/th>\n<th scope=\"col\" style=\"text-align: center; vertical-align: middle;\"><strong>Mn<\/strong><\/th>\n<th scope=\"col\" style=\"text-align: center; vertical-align: middle;\"><strong>Si<\/strong><\/th>\n<th scope=\"col\" style=\"text-align: center; vertical-align: middle;\"><strong>P<\/strong><\/th>\n<th scope=\"col\" style=\"text-align: center; vertical-align: middle;\"><strong>S<\/strong><\/th>\n<th scope=\"col\" style=\"text-align: center; vertical-align: middle;\"><strong>Cr<\/strong><\/th>\n<th scope=\"col\" style=\"text-align: center; vertical-align: middle;\"><strong>Mo<\/strong><\/th>\n<th scope=\"col\" style=\"text-align: center; vertical-align: middle;\"><strong>V<\/strong><\/th>\n<\/tr>\n<tr>\n<td style=\"text-align: center; vertical-align: middle;\"><strong>Min.<\/strong><\/td>\n<td style=\"text-align: center; vertical-align: middle;\">0,35<\/td>\n<td style=\"text-align: center; vertical-align: middle;\">0,25<\/td>\n<td style=\"text-align: center; vertical-align: middle;\">&nbsp;0,80<\/td>\n<td style=\"text-align: center; vertical-align: middle;\"><\/td>\n<td style=\"text-align: center; vertical-align: middle;\"><\/td>\n<td style=\"text-align: center; vertical-align: middle;\">4,80<\/td>\n<td style=\"text-align: center; vertical-align: middle;\">1,20<\/td>\n<td style=\"text-align: center; vertical-align: middle;\">&nbsp;0,85<\/td>\n<\/tr>\n<tr>\n<td style=\"text-align: center; vertical-align: middle;\"><strong>Max.<\/strong><\/td>\n<td style=\"text-align: center; vertical-align: middle;\">0,42<\/td>\n<td style=\"text-align: center; vertical-align: middle;\">0,50<\/td>\n<td style=\"text-align: center; vertical-align: middle;\">1,20<\/td>\n<td style=\"text-align: center; vertical-align: middle;\">0,030<\/td>\n<td style=\"text-align: center; vertical-align: middle;\">0,030<\/td>\n<td style=\"text-align: center; vertical-align: middle;\">5,50<\/td>\n<td style=\"text-align: center; vertical-align: middle;\">1,50<\/td>\n<td style=\"text-align: center; vertical-align: middle;\">1,15<\/td>\n<\/tr>\n<\/tbody>\n<\/table>\n<\/div>\n<div id=\"t_tratamientos\" class=\"tab\" style=\"display:none;\">\n<table class=\"tt\" border=\"1\" width=\"100%\">\n<tbody>\n<tr>\n<th scope=\"col\" style=\"text-align: center; vertical-align: middle;\"><strong>Recuit \u00baC<\/strong><\/th>\n<th scope=\"col\" style=\"text-align: center; vertical-align: middle;\"><strong>Trempe <strong>\u00baC<\/strong><\/strong><\/th>\n<th scope=\"col\" style=\"text-align: center; vertical-align: middle;\"><strong>Revenu<strong> \u00baC&nbsp; <\/strong><\/strong><\/th>\n<\/tr>\n<tr>\n<td style=\"text-align: center; vertical-align: middle;\">760-820<\/td>\n<td style=\"text-align: center; vertical-align: middle;\">1020-1050 Air bain chaud auile<\/td>\n<td style=\"text-align: center; vertical-align: middle;\">525-600<\/td>\n<\/tr>\n<\/tbody>\n<\/table>\n<\/div>\n<div id=\"t_caracteristicas\" class=\"tab\" style=\"display:none;\">\n<p>Propri\u00e9t\u00e9s m\u00e9caniques \u00e0 temp\u00e9rature ambiante \u00e0 l\u2019\u00e9tat de recuit.<\/p>\n<table class=\"cm\" border=\"1\" width=\"100%\">\n<tbody>\n<tr>\n<td>Duret\u00e9 maximale<\/td>\n<td style=\"text-align: center;\">229 HB<\/td>\n<\/tr>\n<\/tbody>\n<\/table>\n<\/div>\n<div id=\"t_equivalencias\" class=\"tab\" style=\"display: none;\">\n<table class=\"ea\" border=\"1\" width=\"100%\">\n<tbody>\n<tr>\n<th scope=\"col\" style=\"text-align: center; vertical-align: middle;\"><strong>EN<\/strong><\/th>\n<th scope=\"col\" style=\"text-align: center; vertical-align: middle;\"><strong>DIN<\/strong><\/th>\n<th scope=\"col\" style=\"text-align: center; vertical-align: middle;\"><strong>N\u00ba Stand<\/strong><\/th>\n<th scope=\"col\" style=\"text-align: center; vertical-align: middle;\"><strong>UNE<\/strong><\/th>\n<th scope=\"col\" style=\"text-align: center; vertical-align: middle;\"><strong>STAS<\/strong><\/th>\n<th scope=\"col\" style=\"text-align: center; vertical-align: middle;\"><strong>AFNOR<\/strong><\/th>\n<th scope=\"col\" style=\"text-align: center; vertical-align: middle;\"><strong>BS<\/strong><\/th>\n<th scope=\"col\" style=\"text-align: center; vertical-align: middle;\"><strong>UNI<\/strong><\/th>\n<th scope=\"col\" style=\"text-align: center; vertical-align: middle;\"><strong>AISI\/SAE<\/strong><\/th>\n<th scope=\"col\" style=\"text-align: center; vertical-align: middle;\"><strong>GOST<\/strong><\/th>\n<\/tr>\n<tr>\n<td style=\"text-align: center; vertical-align: middle;\">X40CrMoV5-1<\/td>\n<td style=\"text-align: center; vertical-align: middle;\">X40CrMoV5-1<\/td>\n<td style=\"text-align: center; vertical-align: middle;\">1.2344<\/td>\n<td style=\"text-align: center; vertical-align: middle;\">F5318<\/td>\n<td style=\"text-align: center; vertical-align: middle;\"><\/td>\n<td style=\"text-align: center; vertical-align: middle;\">Z40CDV5<\/td>\n<td style=\"text-align: center; vertical-align: middle;\">BH13<\/td>\n<td style=\"text-align: center; vertical-align: middle;\">&nbsp;X40CrMoV5 1 1 KU<\/td>\n<td style=\"text-align: center; vertical-align: middle;\">&nbsp;H13<\/td>\n<td style=\"text-align: center; vertical-align: middle;\">4\u04255\u041c\u04241\u0421-\u0428<\/td>\n<\/tr>\n<\/tbody>\n<\/table>\n<\/div>\n<\/div>\n<div class=\"container ficha_descarga\">\n<a class=\"btn_ausa\" title=\"Fiche technique acier \u00e0 outil travail \u00e0 chaud 1.2344ESR \" href=\" https:\/\/www.ausasteel.com\/wp-content\/uploads\/2015\/05\/Acier-Outil-Travail-Chaud-1.2344ESR-AUSA.pdf\" target=\"_blank\">Fiche technique acier \u00e0 outil travail \u00e0 chaud 1.2344ESR <\/a>\n<\/div>\n<\/div>\n<div class=\"row informacion_tecnica_ficha\">\n<div class=\"container\">\n<ul>\n<li id=\"menu-item-1297\"><a title=\"Calculatrice de Poids\" href=\"\/fr\/information-technique\/calculatrice-de-poids\/\">Calculatrice de Poids<\/a><\/li>\n<li id=\"menu-item-1302\"><a title=\"Tol\u00e9rances Dimensionnelles\" href=\"\/fr\/information-technique\/tolerances-dimensionnelles\/\">Tol\u00e9rances Dimensionnelles<\/a><\/li>\n<\/ul>\n<\/div>\n<\/div>\n<div class=\"row relacionados\">\n<div class=\"contaienr\">\n<h2>Acier \u00e0 outil pour travail \u00e0 chaud concern\u00e9<\/h2>\n<p>[vc_widget_sidebar show_bg=&#8221;false&#8221; sidebar_id=&#8221;sidebar_19&#8243;]\n<\/p><\/div>\n<\/div><!-- AddThis Advanced Settings generic via filter on the_content -->","protected":false},"excerpt":{"rendered":"<p>Acier \u00e0 outil pour travail \u00e0 chaud 1.2344ESR Haute r\u00e9sistance m\u00e9canique \u00e0 temp\u00e9rature \u00e9lev\u00e9e. R\u00e9sistance \u00e9lev\u00e9e \u00e0 la fissure et au choc thermique. Haute t\u00e9nacit\u00e9 \u00e0 chaud. \u00c9TATS D&#8217;APPROVISIONNEMENT Recuit. DIMENSIONS EN STOCK \u2013 mm. 21-603 80-403 102\u00d730 \u2013 605\u00d7300 NORME D&#8217;APPLICATION EN ISO 4957 CODE DE COULEUR DESCRIPTION ET APPLICATIONS LES PLUS COURANTES Il&hellip;<!-- AddThis Advanced Settings generic via filter on get_the_excerpt --><\/p>\n","protected":false},"author":1,"featured_media":0,"parent":4785,"menu_order":0,"comment_status":"closed","ping_status":"open","template":"","meta":{"footnotes":""},"class_list":["post-4789","page","type-page","status-publish","hentry"],"yoast_head":"<!-- This site is optimized with the Yoast SEO plugin v26.6 - https:\/\/yoast.com\/wordpress\/plugins\/seo\/ -->\n<title>Acier \u00e0 outil pour travail \u00e0 chaud 1.2344ESR - AUSA<\/title>\n<meta name=\"description\" content=\"Haute r\u00e9sistance m\u00e9canique \u00e0 temp\u00e9rature \u00e9lev\u00e9e.\" \/>\n<meta name=\"robots\" content=\"index, follow, max-snippet:-1, max-image-preview:large, max-video-preview:-1\" \/>\n<link rel=\"canonical\" href=\"https:\/\/www.ausasteel.com\/fr\/aciers\/aciers-speciaux\/aciers-a-outils-travail-a-chaud\/acier-a-outil-pour-travail-a-chaud-1-2344esr\/\" \/>\n<meta property=\"og:locale\" content=\"fr_FR\" \/>\n<meta property=\"og:type\" content=\"article\" \/>\n<meta property=\"og:title\" content=\"Acier \u00e0 outil pour travail \u00e0 chaud 1.2344ESR - AUSA\" \/>\n<meta property=\"og:description\" content=\"Haute r\u00e9sistance m\u00e9canique \u00e0 temp\u00e9rature \u00e9lev\u00e9e.\" \/>\n<meta property=\"og:url\" content=\"https:\/\/www.ausasteel.com\/fr\/aciers\/aciers-speciaux\/aciers-a-outils-travail-a-chaud\/acier-a-outil-pour-travail-a-chaud-1-2344esr\/\" \/>\n<meta property=\"og:site_name\" content=\"AUSA special steels\" \/>\n<meta property=\"article:modified_time\" content=\"2019-09-11T15:55:31+00:00\" \/>\n<meta name=\"twitter:label1\" content=\"Est. reading time\" \/>\n\t<meta name=\"twitter:data1\" content=\"1 minute\" \/>\n<script type=\"application\/ld+json\" class=\"yoast-schema-graph\">{\"@context\":\"https:\/\/schema.org\",\"@graph\":[{\"@type\":\"WebPage\",\"@id\":\"https:\/\/www.ausasteel.com\/fr\/aciers\/aciers-speciaux\/aciers-a-outils-travail-a-chaud\/acier-a-outil-pour-travail-a-chaud-1-2344esr\/\",\"url\":\"https:\/\/www.ausasteel.com\/fr\/aciers\/aciers-speciaux\/aciers-a-outils-travail-a-chaud\/acier-a-outil-pour-travail-a-chaud-1-2344esr\/\",\"name\":\"Acier \u00e0 outil pour travail \u00e0 chaud 1.2344ESR - AUSA\",\"isPartOf\":{\"@id\":\"https:\/\/www.ausasteel.com\/fr\/#website\"},\"datePublished\":\"2014-10-27T22:54:23+00:00\",\"dateModified\":\"2019-09-11T15:55:31+00:00\",\"description\":\"Haute r\u00e9sistance m\u00e9canique \u00e0 temp\u00e9rature \u00e9lev\u00e9e.\",\"breadcrumb\":{\"@id\":\"https:\/\/www.ausasteel.com\/fr\/aciers\/aciers-speciaux\/aciers-a-outils-travail-a-chaud\/acier-a-outil-pour-travail-a-chaud-1-2344esr\/#breadcrumb\"},\"inLanguage\":\"fr-FR\",\"potentialAction\":[{\"@type\":\"ReadAction\",\"target\":[\"https:\/\/www.ausasteel.com\/fr\/aciers\/aciers-speciaux\/aciers-a-outils-travail-a-chaud\/acier-a-outil-pour-travail-a-chaud-1-2344esr\/\"]}]},{\"@type\":\"BreadcrumbList\",\"@id\":\"https:\/\/www.ausasteel.com\/fr\/aciers\/aciers-speciaux\/aciers-a-outils-travail-a-chaud\/acier-a-outil-pour-travail-a-chaud-1-2344esr\/#breadcrumb\",\"itemListElement\":[{\"@type\":\"ListItem\",\"position\":1,\"name\":\"Portada\",\"item\":\"https:\/\/www.ausasteel.com\/fr\/\"},{\"@type\":\"ListItem\",\"position\":2,\"name\":\"Aciers\",\"item\":\"https:\/\/www.ausasteel.com\/fr\/aciers\/\"},{\"@type\":\"ListItem\",\"position\":3,\"name\":\"Aciers sp\u00e9ciaux\",\"item\":\"https:\/\/www.ausasteel.com\/fr\/aciers\/aciers-speciaux\/\"},{\"@type\":\"ListItem\",\"position\":4,\"name\":\"Aciers \u00e0 outils travail \u00e0 chaud\",\"item\":\"https:\/\/www.ausasteel.com\/fr\/aciers\/aciers-speciaux\/aciers-a-outils-travail-a-chaud\/\"},{\"@type\":\"ListItem\",\"position\":5,\"name\":\"Acier \u00e0 outil pour travail \u00e0 chaud 1.2344ESR\"}]},{\"@type\":\"WebSite\",\"@id\":\"https:\/\/www.ausasteel.com\/fr\/#website\",\"url\":\"https:\/\/www.ausasteel.com\/fr\/\",\"name\":\"AUSA special steels\",\"description\":\"AUSA special steels\",\"potentialAction\":[{\"@type\":\"SearchAction\",\"target\":{\"@type\":\"EntryPoint\",\"urlTemplate\":\"https:\/\/www.ausasteel.com\/fr\/?s={search_term_string}\"},\"query-input\":{\"@type\":\"PropertyValueSpecification\",\"valueRequired\":true,\"valueName\":\"search_term_string\"}}],\"inLanguage\":\"fr-FR\"}]}<\/script>\n<!-- \/ Yoast SEO plugin. -->","yoast_head_json":{"title":"Acier \u00e0 outil pour travail \u00e0 chaud 1.2344ESR - AUSA","description":"Haute r\u00e9sistance m\u00e9canique \u00e0 temp\u00e9rature \u00e9lev\u00e9e.","robots":{"index":"index","follow":"follow","max-snippet":"max-snippet:-1","max-image-preview":"max-image-preview:large","max-video-preview":"max-video-preview:-1"},"canonical":"https:\/\/www.ausasteel.com\/fr\/aciers\/aciers-speciaux\/aciers-a-outils-travail-a-chaud\/acier-a-outil-pour-travail-a-chaud-1-2344esr\/","og_locale":"fr_FR","og_type":"article","og_title":"Acier \u00e0 outil pour travail \u00e0 chaud 1.2344ESR - AUSA","og_description":"Haute r\u00e9sistance m\u00e9canique \u00e0 temp\u00e9rature \u00e9lev\u00e9e.","og_url":"https:\/\/www.ausasteel.com\/fr\/aciers\/aciers-speciaux\/aciers-a-outils-travail-a-chaud\/acier-a-outil-pour-travail-a-chaud-1-2344esr\/","og_site_name":"AUSA special steels","article_modified_time":"2019-09-11T15:55:31+00:00","twitter_misc":{"Est. reading time":"1 minute"},"schema":{"@context":"https:\/\/schema.org","@graph":[{"@type":"WebPage","@id":"https:\/\/www.ausasteel.com\/fr\/aciers\/aciers-speciaux\/aciers-a-outils-travail-a-chaud\/acier-a-outil-pour-travail-a-chaud-1-2344esr\/","url":"https:\/\/www.ausasteel.com\/fr\/aciers\/aciers-speciaux\/aciers-a-outils-travail-a-chaud\/acier-a-outil-pour-travail-a-chaud-1-2344esr\/","name":"Acier \u00e0 outil pour travail \u00e0 chaud 1.2344ESR - AUSA","isPartOf":{"@id":"https:\/\/www.ausasteel.com\/fr\/#website"},"datePublished":"2014-10-27T22:54:23+00:00","dateModified":"2019-09-11T15:55:31+00:00","description":"Haute r\u00e9sistance m\u00e9canique \u00e0 temp\u00e9rature \u00e9lev\u00e9e.","breadcrumb":{"@id":"https:\/\/www.ausasteel.com\/fr\/aciers\/aciers-speciaux\/aciers-a-outils-travail-a-chaud\/acier-a-outil-pour-travail-a-chaud-1-2344esr\/#breadcrumb"},"inLanguage":"fr-FR","potentialAction":[{"@type":"ReadAction","target":["https:\/\/www.ausasteel.com\/fr\/aciers\/aciers-speciaux\/aciers-a-outils-travail-a-chaud\/acier-a-outil-pour-travail-a-chaud-1-2344esr\/"]}]},{"@type":"BreadcrumbList","@id":"https:\/\/www.ausasteel.com\/fr\/aciers\/aciers-speciaux\/aciers-a-outils-travail-a-chaud\/acier-a-outil-pour-travail-a-chaud-1-2344esr\/#breadcrumb","itemListElement":[{"@type":"ListItem","position":1,"name":"Portada","item":"https:\/\/www.ausasteel.com\/fr\/"},{"@type":"ListItem","position":2,"name":"Aciers","item":"https:\/\/www.ausasteel.com\/fr\/aciers\/"},{"@type":"ListItem","position":3,"name":"Aciers sp\u00e9ciaux","item":"https:\/\/www.ausasteel.com\/fr\/aciers\/aciers-speciaux\/"},{"@type":"ListItem","position":4,"name":"Aciers \u00e0 outils travail \u00e0 chaud","item":"https:\/\/www.ausasteel.com\/fr\/aciers\/aciers-speciaux\/aciers-a-outils-travail-a-chaud\/"},{"@type":"ListItem","position":5,"name":"Acier \u00e0 outil pour travail \u00e0 chaud 1.2344ESR"}]},{"@type":"WebSite","@id":"https:\/\/www.ausasteel.com\/fr\/#website","url":"https:\/\/www.ausasteel.com\/fr\/","name":"AUSA special steels","description":"AUSA special steels","potentialAction":[{"@type":"SearchAction","target":{"@type":"EntryPoint","urlTemplate":"https:\/\/www.ausasteel.com\/fr\/?s={search_term_string}"},"query-input":{"@type":"PropertyValueSpecification","valueRequired":true,"valueName":"search_term_string"}}],"inLanguage":"fr-FR"}]}},"_links":{"self":[{"href":"https:\/\/www.ausasteel.com\/fr\/wp-json\/wp\/v2\/pages\/4789","targetHints":{"allow":["GET"]}}],"collection":[{"href":"https:\/\/www.ausasteel.com\/fr\/wp-json\/wp\/v2\/pages"}],"about":[{"href":"https:\/\/www.ausasteel.com\/fr\/wp-json\/wp\/v2\/types\/page"}],"author":[{"embeddable":true,"href":"https:\/\/www.ausasteel.com\/fr\/wp-json\/wp\/v2\/users\/1"}],"replies":[{"embeddable":true,"href":"https:\/\/www.ausasteel.com\/fr\/wp-json\/wp\/v2\/comments?post=4789"}],"version-history":[{"count":12,"href":"https:\/\/www.ausasteel.com\/fr\/wp-json\/wp\/v2\/pages\/4789\/revisions"}],"predecessor-version":[{"id":16009,"href":"https:\/\/www.ausasteel.com\/fr\/wp-json\/wp\/v2\/pages\/4789\/revisions\/16009"}],"up":[{"embeddable":true,"href":"https:\/\/www.ausasteel.com\/fr\/wp-json\/wp\/v2\/pages\/4785"}],"wp:attachment":[{"href":"https:\/\/www.ausasteel.com\/fr\/wp-json\/wp\/v2\/media?parent=4789"}],"curies":[{"name":"wp","href":"https:\/\/api.w.org\/{rel}","templated":true}]}}