        {"id":4759,"date":"2014-10-21T19:50:29","date_gmt":"2014-10-21T19:50:29","guid":{"rendered":"http:\/\/ausasteel.irantzu.com\/aciers-speciaux\/aceros-de-herramienta-para-trabajo-en-frio\/"},"modified":"2018-11-09T11:38:41","modified_gmt":"2018-11-09T11:38:41","slug":"aciers-a-outils-travail-a-froid","status":"publish","type":"page","link":"https:\/\/www.ausasteel.com\/fr\/aciers\/aciers-speciaux\/aciers-a-outils-travail-a-froid\/","title":{"rendered":"Aciers \u00e0 outils travail \u00e0 froid"},"content":{"rendered":"<div class=\"row\">\n<div class=\"container\">\n<h1>Aciers \u00e0 outils travail \u00e0 froid<\/h1>\n<\/div>\n<div class=\"container columna_imagen\">\n<div class=\"col-md-6\">\n<h3>\u00bfQuel type d\u2019aciers \u00e0 outils pour travail \u00e0 froid travaille AUSA?<\/h3>\n<p><strong>AUSA<\/strong> travaille avec <strong>diff\u00e9rentes qualit\u00e9s d\u2019acier au carbone<\/strong>. Les propri\u00e9t\u00e9s, applications, composition chimique, \u00e9quivalences, traitements thermiques, profil\u00e9s et mesures varient en fonction de la qualit\u00e9 choisie.<\/p>\n<p>[vc_widget_sidebar show_bg=&#8221;false&#8221; sidebar_id=&#8221;sidebar_18&#8243;]\n<\/p><\/div>\n<div class=\"col-md-6\">\n<div class=\"container_imagen\">\n<img decoding=\"async\" src=\"\/wp-content\/uploads\/2015\/05\/Aceros-Herramienta-Frio-AUSA.png\" alt=\"Aciers \u00e0 outils travail \u00e0 froid - AUSA Special Steels\" title=\"Aciers \u00e0 outils travail \u00e0 froid - AUSA Special Steels\">\n<\/div>\n<\/div>\n<\/div>\n<\/div>\n<div class=\"row\">\n<div class=\"container\">\n<p>Les <strong>aciers \u00e0 outils pour travail \u00e0 froid <\/strong>servent pour la d\u00e9formation des mat\u00e9riaux : impression, coupe, poin\u00e7onnage et estampage.<\/p>\n<p>Ils <strong>sont caract\u00e9ris\u00e9s<\/strong> par leur \u00e9quilibre entre t\u00e9nacit\u00e9, duret\u00e9 et r\u00e9sistance \u00e0 l\u2019usure.<\/p>\n<p>Leurs <strong>applications <\/strong>les plus courantes sont pour les matrices de coupes et emboutissage, peignes \u00e0 fileter, rouleaux de laminage, poin\u00e7ons, outils pour le bois, lames pour plastique, outils \u00e0 fileter, plaques coulissantes, couteaux de coupe \u00e0 froid, marteaux et estampes.<\/p>\n<p><strong>AUSA<\/strong> travaille avec des sid\u00e9rurgies au prestige reconnu ce qui garantit la <strong>qualit\u00e9 maximale<\/strong> de l\u2019acier \u00e0 outils pour travail \u00e0 froid.<\/p>\n<\/div>\n<\/div>\n<div class=\"row gris\" id=\"informacion_tecnica\">\n<div class=\"container\">\n<h2>Information technique<\/h2>\n<p>[vc_widget_sidebar show_bg=&#8221;false&#8221; sidebar_id=&#8221;sidebar_26&#8243;]\n<\/p><\/div>\n<\/div><!-- AddThis Advanced Settings generic via filter on the_content -->","protected":false},"excerpt":{"rendered":"<p>Aciers \u00e0 outils travail \u00e0 froid \u00bfQuel type d\u2019aciers \u00e0 outils pour travail \u00e0 froid travaille AUSA? AUSA travaille avec diff\u00e9rentes qualit\u00e9s d\u2019acier au carbone. Les propri\u00e9t\u00e9s, applications, composition chimique, \u00e9quivalences, traitements thermiques, profil\u00e9s et mesures varient en fonction de la qualit\u00e9 choisie. [vc_widget_sidebar show_bg=&#8221;false&#8221; sidebar_id=&#8221;sidebar_18&#8243;] Les aciers \u00e0 outils pour travail \u00e0 froid servent&hellip;<!-- AddThis Advanced Settings generic via filter on get_the_excerpt --><\/p>\n","protected":false},"author":1,"featured_media":0,"parent":4150,"menu_order":0,"comment_status":"closed","ping_status":"closed","template":"","meta":{"footnotes":""},"class_list":["post-4759","page","type-page","status-publish","hentry"],"yoast_head":"<!-- This site is optimized with the Yoast SEO plugin v26.6 - https:\/\/yoast.com\/wordpress\/plugins\/seo\/ -->\n<title>Aciers \u00e0 outils travail \u00e0 froid - AUSA special steels<\/title>\n<meta name=\"robots\" content=\"index, follow, max-snippet:-1, max-image-preview:large, max-video-preview:-1\" \/>\n<link rel=\"canonical\" href=\"https:\/\/www.ausasteel.com\/fr\/aciers\/aciers-speciaux\/aciers-a-outils-travail-a-froid\/\" \/>\n<meta property=\"og:locale\" content=\"fr_FR\" \/>\n<meta property=\"og:type\" content=\"article\" \/>\n<meta property=\"og:title\" content=\"Aciers \u00e0 outils travail \u00e0 froid - AUSA special steels\" \/>\n<meta property=\"og:description\" content=\"Aciers \u00e0 outils travail \u00e0 froid \u00bfQuel type d\u2019aciers \u00e0 outils pour travail \u00e0 froid travaille AUSA? AUSA travaille avec diff\u00e9rentes qualit\u00e9s d\u2019acier au carbone. Les propri\u00e9t\u00e9s, applications, composition chimique, \u00e9quivalences, traitements thermiques, profil\u00e9s et mesures varient en fonction de la qualit\u00e9 choisie. [vc_widget_sidebar show_bg=&#8221;false&#8221; sidebar_id=&#8221;sidebar_18&#8243;] Les aciers \u00e0 outils pour travail \u00e0 froid servent&hellip;\" \/>\n<meta property=\"og:url\" content=\"https:\/\/www.ausasteel.com\/fr\/aciers\/aciers-speciaux\/aciers-a-outils-travail-a-froid\/\" \/>\n<meta property=\"og:site_name\" content=\"AUSA special steels\" \/>\n<meta property=\"article:modified_time\" content=\"2018-11-09T11:38:41+00:00\" \/>\n<meta name=\"twitter:label1\" content=\"Est. reading time\" \/>\n\t<meta name=\"twitter:data1\" content=\"1 minute\" \/>\n<script type=\"application\/ld+json\" class=\"yoast-schema-graph\">{\"@context\":\"https:\/\/schema.org\",\"@graph\":[{\"@type\":\"WebPage\",\"@id\":\"https:\/\/www.ausasteel.com\/fr\/aciers\/aciers-speciaux\/aciers-a-outils-travail-a-froid\/\",\"url\":\"https:\/\/www.ausasteel.com\/fr\/aciers\/aciers-speciaux\/aciers-a-outils-travail-a-froid\/\",\"name\":\"Aciers \u00e0 outils travail \u00e0 froid - AUSA special steels\",\"isPartOf\":{\"@id\":\"https:\/\/www.ausasteel.com\/fr\/#website\"},\"datePublished\":\"2014-10-21T19:50:29+00:00\",\"dateModified\":\"2018-11-09T11:38:41+00:00\",\"breadcrumb\":{\"@id\":\"https:\/\/www.ausasteel.com\/fr\/aciers\/aciers-speciaux\/aciers-a-outils-travail-a-froid\/#breadcrumb\"},\"inLanguage\":\"fr-FR\",\"potentialAction\":[{\"@type\":\"ReadAction\",\"target\":[\"https:\/\/www.ausasteel.com\/fr\/aciers\/aciers-speciaux\/aciers-a-outils-travail-a-froid\/\"]}]},{\"@type\":\"BreadcrumbList\",\"@id\":\"https:\/\/www.ausasteel.com\/fr\/aciers\/aciers-speciaux\/aciers-a-outils-travail-a-froid\/#breadcrumb\",\"itemListElement\":[{\"@type\":\"ListItem\",\"position\":1,\"name\":\"Portada\",\"item\":\"https:\/\/www.ausasteel.com\/fr\/\"},{\"@type\":\"ListItem\",\"position\":2,\"name\":\"Aciers\",\"item\":\"https:\/\/www.ausasteel.com\/fr\/aciers\/\"},{\"@type\":\"ListItem\",\"position\":3,\"name\":\"Aciers sp\u00e9ciaux\",\"item\":\"https:\/\/www.ausasteel.com\/fr\/aciers\/aciers-speciaux\/\"},{\"@type\":\"ListItem\",\"position\":4,\"name\":\"Aciers \u00e0 outils travail \u00e0 froid\"}]},{\"@type\":\"WebSite\",\"@id\":\"https:\/\/www.ausasteel.com\/fr\/#website\",\"url\":\"https:\/\/www.ausasteel.com\/fr\/\",\"name\":\"AUSA special steels\",\"description\":\"AUSA special steels\",\"potentialAction\":[{\"@type\":\"SearchAction\",\"target\":{\"@type\":\"EntryPoint\",\"urlTemplate\":\"https:\/\/www.ausasteel.com\/fr\/?s={search_term_string}\"},\"query-input\":{\"@type\":\"PropertyValueSpecification\",\"valueRequired\":true,\"valueName\":\"search_term_string\"}}],\"inLanguage\":\"fr-FR\"}]}<\/script>\n<!-- \/ Yoast SEO plugin. -->","yoast_head_json":{"title":"Aciers \u00e0 outils travail \u00e0 froid - AUSA special steels","robots":{"index":"index","follow":"follow","max-snippet":"max-snippet:-1","max-image-preview":"max-image-preview:large","max-video-preview":"max-video-preview:-1"},"canonical":"https:\/\/www.ausasteel.com\/fr\/aciers\/aciers-speciaux\/aciers-a-outils-travail-a-froid\/","og_locale":"fr_FR","og_type":"article","og_title":"Aciers \u00e0 outils travail \u00e0 froid - AUSA special steels","og_description":"Aciers \u00e0 outils travail \u00e0 froid \u00bfQuel type d\u2019aciers \u00e0 outils pour travail \u00e0 froid travaille AUSA? AUSA travaille avec diff\u00e9rentes qualit\u00e9s d\u2019acier au carbone. Les propri\u00e9t\u00e9s, applications, composition chimique, \u00e9quivalences, traitements thermiques, profil\u00e9s et mesures varient en fonction de la qualit\u00e9 choisie. [vc_widget_sidebar show_bg=&#8221;false&#8221; sidebar_id=&#8221;sidebar_18&#8243;] Les aciers \u00e0 outils pour travail \u00e0 froid servent&hellip;","og_url":"https:\/\/www.ausasteel.com\/fr\/aciers\/aciers-speciaux\/aciers-a-outils-travail-a-froid\/","og_site_name":"AUSA special steels","article_modified_time":"2018-11-09T11:38:41+00:00","twitter_misc":{"Est. reading time":"1 minute"},"schema":{"@context":"https:\/\/schema.org","@graph":[{"@type":"WebPage","@id":"https:\/\/www.ausasteel.com\/fr\/aciers\/aciers-speciaux\/aciers-a-outils-travail-a-froid\/","url":"https:\/\/www.ausasteel.com\/fr\/aciers\/aciers-speciaux\/aciers-a-outils-travail-a-froid\/","name":"Aciers \u00e0 outils travail \u00e0 froid - AUSA special steels","isPartOf":{"@id":"https:\/\/www.ausasteel.com\/fr\/#website"},"datePublished":"2014-10-21T19:50:29+00:00","dateModified":"2018-11-09T11:38:41+00:00","breadcrumb":{"@id":"https:\/\/www.ausasteel.com\/fr\/aciers\/aciers-speciaux\/aciers-a-outils-travail-a-froid\/#breadcrumb"},"inLanguage":"fr-FR","potentialAction":[{"@type":"ReadAction","target":["https:\/\/www.ausasteel.com\/fr\/aciers\/aciers-speciaux\/aciers-a-outils-travail-a-froid\/"]}]},{"@type":"BreadcrumbList","@id":"https:\/\/www.ausasteel.com\/fr\/aciers\/aciers-speciaux\/aciers-a-outils-travail-a-froid\/#breadcrumb","itemListElement":[{"@type":"ListItem","position":1,"name":"Portada","item":"https:\/\/www.ausasteel.com\/fr\/"},{"@type":"ListItem","position":2,"name":"Aciers","item":"https:\/\/www.ausasteel.com\/fr\/aciers\/"},{"@type":"ListItem","position":3,"name":"Aciers sp\u00e9ciaux","item":"https:\/\/www.ausasteel.com\/fr\/aciers\/aciers-speciaux\/"},{"@type":"ListItem","position":4,"name":"Aciers \u00e0 outils travail \u00e0 froid"}]},{"@type":"WebSite","@id":"https:\/\/www.ausasteel.com\/fr\/#website","url":"https:\/\/www.ausasteel.com\/fr\/","name":"AUSA special steels","description":"AUSA special steels","potentialAction":[{"@type":"SearchAction","target":{"@type":"EntryPoint","urlTemplate":"https:\/\/www.ausasteel.com\/fr\/?s={search_term_string}"},"query-input":{"@type":"PropertyValueSpecification","valueRequired":true,"valueName":"search_term_string"}}],"inLanguage":"fr-FR"}]}},"_links":{"self":[{"href":"https:\/\/www.ausasteel.com\/fr\/wp-json\/wp\/v2\/pages\/4759","targetHints":{"allow":["GET"]}}],"collection":[{"href":"https:\/\/www.ausasteel.com\/fr\/wp-json\/wp\/v2\/pages"}],"about":[{"href":"https:\/\/www.ausasteel.com\/fr\/wp-json\/wp\/v2\/types\/page"}],"author":[{"embeddable":true,"href":"https:\/\/www.ausasteel.com\/fr\/wp-json\/wp\/v2\/users\/1"}],"replies":[{"embeddable":true,"href":"https:\/\/www.ausasteel.com\/fr\/wp-json\/wp\/v2\/comments?post=4759"}],"version-history":[{"count":5,"href":"https:\/\/www.ausasteel.com\/fr\/wp-json\/wp\/v2\/pages\/4759\/revisions"}],"predecessor-version":[{"id":15406,"href":"https:\/\/www.ausasteel.com\/fr\/wp-json\/wp\/v2\/pages\/4759\/revisions\/15406"}],"up":[{"embeddable":true,"href":"https:\/\/www.ausasteel.com\/fr\/wp-json\/wp\/v2\/pages\/4150"}],"wp:attachment":[{"href":"https:\/\/www.ausasteel.com\/fr\/wp-json\/wp\/v2\/media?parent=4759"}],"curies":[{"name":"wp","href":"https:\/\/api.w.org\/{rel}","templated":true}]}}