        {"id":4745,"date":"2014-10-21T19:46:41","date_gmt":"2014-10-21T19:46:41","guid":{"rendered":"http:\/\/ausasteel.irantzu.com\/aciers-speciaux\/aceros-para-rodamientos\/"},"modified":"2018-11-09T11:02:11","modified_gmt":"2018-11-09T11:02:11","slug":"aciers-a-roulements","status":"publish","type":"page","link":"https:\/\/www.ausasteel.com\/fr\/aciers\/aciers-speciaux\/aciers-a-roulements\/","title":{"rendered":"Aciers \u00e0 roulements"},"content":{"rendered":"<div class=\"row\">\n<div class=\"container\">\n<h1>Aciers \u00e0 roulements<\/h1>\n<\/div>\n<div class=\"container columna_imagen\">\n<div class=\"col-md-6\">\n<h3>Aciers avec un contenu \u00e9lev\u00e9 en carbone et chrome et bonne t\u00e9nacit\u00e9 et r\u00e9sistance \u00e0 l\u2019usure.<\/h3>\n<p>Leurs <strong>applications les plus courantes <\/strong>sont pour les roulements \u00e0 billes ou rouleaux, outils pour le bois, pointes pour tour, al\u00e9soirs, fileuses et broyeurs de mati\u00e8res dures et tr\u00e8s abrasives.<\/p>\n<p><strong>AUSA<\/strong> travaille avec des <strong>sid\u00e9rurgies au prestige reconnu <\/strong>ce qui garantit la <strong>qualit\u00e9 <\/strong>maximale de l\u2019<strong>acier pour roulements<\/strong> propos\u00e9s.<\/p>\n<p>[vc_widget_sidebar show_bg=&#8221;false&#8221; sidebar_id=&#8221;sidebar_16&#8243;]\n<\/p><\/div>\n<div class=\"col-md-6\">\n<div class=\"container_imagen\">\n<img decoding=\"async\" src=\"\/wp-content\/uploads\/2015\/05\/Aceros-Rodamientos-AUSA.png\" alt=\"Aciers \u00e0 roulements - AUSA Special Steels\" title=\"Aciers \u00e0 roulements - AUSA Special Steels\">\n<\/div>\n<\/div>\n<\/div>\n<\/div>\n<div class=\"row gris\" id=\"informacion_tecnica\">\n<div class=\"container\">\n<h2>Information technique<\/h2>\n<p>[vc_widget_sidebar show_bg=&#8221;false&#8221; sidebar_id=&#8221;sidebar_26&#8243;]\n<\/p><\/div>\n<\/div><!-- AddThis Advanced Settings generic via filter on the_content -->","protected":false},"excerpt":{"rendered":"<p>Aciers \u00e0 roulements Aciers avec un contenu \u00e9lev\u00e9 en carbone et chrome et bonne t\u00e9nacit\u00e9 et r\u00e9sistance \u00e0 l\u2019usure. Leurs applications les plus courantes sont pour les roulements \u00e0 billes ou rouleaux, outils pour le bois, pointes pour tour, al\u00e9soirs, fileuses et broyeurs de mati\u00e8res dures et tr\u00e8s abrasives. AUSA travaille avec des sid\u00e9rurgies au&hellip;<!-- AddThis Advanced Settings generic via filter on get_the_excerpt --><\/p>\n","protected":false},"author":1,"featured_media":0,"parent":4150,"menu_order":0,"comment_status":"closed","ping_status":"closed","template":"","meta":{"footnotes":""},"class_list":["post-4745","page","type-page","status-publish","hentry"],"yoast_head":"<!-- This site is optimized with the Yoast SEO plugin v26.6 - https:\/\/yoast.com\/wordpress\/plugins\/seo\/ -->\n<title>Aciers \u00e0 roulements - AUSA special steels<\/title>\n<meta name=\"robots\" content=\"index, follow, max-snippet:-1, max-image-preview:large, max-video-preview:-1\" \/>\n<link rel=\"canonical\" href=\"https:\/\/www.ausasteel.com\/fr\/aciers\/aciers-speciaux\/aciers-a-roulements\/\" \/>\n<meta property=\"og:locale\" content=\"fr_FR\" \/>\n<meta property=\"og:type\" content=\"article\" \/>\n<meta property=\"og:title\" content=\"Aciers \u00e0 roulements - AUSA special steels\" \/>\n<meta property=\"og:description\" content=\"Aciers \u00e0 roulements Aciers avec un contenu \u00e9lev\u00e9 en carbone et chrome et bonne t\u00e9nacit\u00e9 et r\u00e9sistance \u00e0 l\u2019usure. Leurs applications les plus courantes sont pour les roulements \u00e0 billes ou rouleaux, outils pour le bois, pointes pour tour, al\u00e9soirs, fileuses et broyeurs de mati\u00e8res dures et tr\u00e8s abrasives. AUSA travaille avec des sid\u00e9rurgies au&hellip;\" \/>\n<meta property=\"og:url\" content=\"https:\/\/www.ausasteel.com\/fr\/aciers\/aciers-speciaux\/aciers-a-roulements\/\" \/>\n<meta property=\"og:site_name\" content=\"AUSA special steels\" \/>\n<meta property=\"article:modified_time\" content=\"2018-11-09T11:02:11+00:00\" \/>\n<script type=\"application\/ld+json\" class=\"yoast-schema-graph\">{\"@context\":\"https:\/\/schema.org\",\"@graph\":[{\"@type\":\"WebPage\",\"@id\":\"https:\/\/www.ausasteel.com\/fr\/aciers\/aciers-speciaux\/aciers-a-roulements\/\",\"url\":\"https:\/\/www.ausasteel.com\/fr\/aciers\/aciers-speciaux\/aciers-a-roulements\/\",\"name\":\"Aciers \u00e0 roulements - AUSA special steels\",\"isPartOf\":{\"@id\":\"https:\/\/www.ausasteel.com\/fr\/#website\"},\"datePublished\":\"2014-10-21T19:46:41+00:00\",\"dateModified\":\"2018-11-09T11:02:11+00:00\",\"breadcrumb\":{\"@id\":\"https:\/\/www.ausasteel.com\/fr\/aciers\/aciers-speciaux\/aciers-a-roulements\/#breadcrumb\"},\"inLanguage\":\"fr-FR\",\"potentialAction\":[{\"@type\":\"ReadAction\",\"target\":[\"https:\/\/www.ausasteel.com\/fr\/aciers\/aciers-speciaux\/aciers-a-roulements\/\"]}]},{\"@type\":\"BreadcrumbList\",\"@id\":\"https:\/\/www.ausasteel.com\/fr\/aciers\/aciers-speciaux\/aciers-a-roulements\/#breadcrumb\",\"itemListElement\":[{\"@type\":\"ListItem\",\"position\":1,\"name\":\"Portada\",\"item\":\"https:\/\/www.ausasteel.com\/fr\/\"},{\"@type\":\"ListItem\",\"position\":2,\"name\":\"Aciers\",\"item\":\"https:\/\/www.ausasteel.com\/fr\/aciers\/\"},{\"@type\":\"ListItem\",\"position\":3,\"name\":\"Aciers sp\u00e9ciaux\",\"item\":\"https:\/\/www.ausasteel.com\/fr\/aciers\/aciers-speciaux\/\"},{\"@type\":\"ListItem\",\"position\":4,\"name\":\"Aciers \u00e0 roulements\"}]},{\"@type\":\"WebSite\",\"@id\":\"https:\/\/www.ausasteel.com\/fr\/#website\",\"url\":\"https:\/\/www.ausasteel.com\/fr\/\",\"name\":\"AUSA special steels\",\"description\":\"AUSA special steels\",\"potentialAction\":[{\"@type\":\"SearchAction\",\"target\":{\"@type\":\"EntryPoint\",\"urlTemplate\":\"https:\/\/www.ausasteel.com\/fr\/?s={search_term_string}\"},\"query-input\":{\"@type\":\"PropertyValueSpecification\",\"valueRequired\":true,\"valueName\":\"search_term_string\"}}],\"inLanguage\":\"fr-FR\"}]}<\/script>\n<!-- \/ Yoast SEO plugin. -->","yoast_head_json":{"title":"Aciers \u00e0 roulements - AUSA special steels","robots":{"index":"index","follow":"follow","max-snippet":"max-snippet:-1","max-image-preview":"max-image-preview:large","max-video-preview":"max-video-preview:-1"},"canonical":"https:\/\/www.ausasteel.com\/fr\/aciers\/aciers-speciaux\/aciers-a-roulements\/","og_locale":"fr_FR","og_type":"article","og_title":"Aciers \u00e0 roulements - AUSA special steels","og_description":"Aciers \u00e0 roulements Aciers avec un contenu \u00e9lev\u00e9 en carbone et chrome et bonne t\u00e9nacit\u00e9 et r\u00e9sistance \u00e0 l\u2019usure. Leurs applications les plus courantes sont pour les roulements \u00e0 billes ou rouleaux, outils pour le bois, pointes pour tour, al\u00e9soirs, fileuses et broyeurs de mati\u00e8res dures et tr\u00e8s abrasives. AUSA travaille avec des sid\u00e9rurgies au&hellip;","og_url":"https:\/\/www.ausasteel.com\/fr\/aciers\/aciers-speciaux\/aciers-a-roulements\/","og_site_name":"AUSA special steels","article_modified_time":"2018-11-09T11:02:11+00:00","schema":{"@context":"https:\/\/schema.org","@graph":[{"@type":"WebPage","@id":"https:\/\/www.ausasteel.com\/fr\/aciers\/aciers-speciaux\/aciers-a-roulements\/","url":"https:\/\/www.ausasteel.com\/fr\/aciers\/aciers-speciaux\/aciers-a-roulements\/","name":"Aciers \u00e0 roulements - AUSA special steels","isPartOf":{"@id":"https:\/\/www.ausasteel.com\/fr\/#website"},"datePublished":"2014-10-21T19:46:41+00:00","dateModified":"2018-11-09T11:02:11+00:00","breadcrumb":{"@id":"https:\/\/www.ausasteel.com\/fr\/aciers\/aciers-speciaux\/aciers-a-roulements\/#breadcrumb"},"inLanguage":"fr-FR","potentialAction":[{"@type":"ReadAction","target":["https:\/\/www.ausasteel.com\/fr\/aciers\/aciers-speciaux\/aciers-a-roulements\/"]}]},{"@type":"BreadcrumbList","@id":"https:\/\/www.ausasteel.com\/fr\/aciers\/aciers-speciaux\/aciers-a-roulements\/#breadcrumb","itemListElement":[{"@type":"ListItem","position":1,"name":"Portada","item":"https:\/\/www.ausasteel.com\/fr\/"},{"@type":"ListItem","position":2,"name":"Aciers","item":"https:\/\/www.ausasteel.com\/fr\/aciers\/"},{"@type":"ListItem","position":3,"name":"Aciers sp\u00e9ciaux","item":"https:\/\/www.ausasteel.com\/fr\/aciers\/aciers-speciaux\/"},{"@type":"ListItem","position":4,"name":"Aciers \u00e0 roulements"}]},{"@type":"WebSite","@id":"https:\/\/www.ausasteel.com\/fr\/#website","url":"https:\/\/www.ausasteel.com\/fr\/","name":"AUSA special steels","description":"AUSA special steels","potentialAction":[{"@type":"SearchAction","target":{"@type":"EntryPoint","urlTemplate":"https:\/\/www.ausasteel.com\/fr\/?s={search_term_string}"},"query-input":{"@type":"PropertyValueSpecification","valueRequired":true,"valueName":"search_term_string"}}],"inLanguage":"fr-FR"}]}},"_links":{"self":[{"href":"https:\/\/www.ausasteel.com\/fr\/wp-json\/wp\/v2\/pages\/4745","targetHints":{"allow":["GET"]}}],"collection":[{"href":"https:\/\/www.ausasteel.com\/fr\/wp-json\/wp\/v2\/pages"}],"about":[{"href":"https:\/\/www.ausasteel.com\/fr\/wp-json\/wp\/v2\/types\/page"}],"author":[{"embeddable":true,"href":"https:\/\/www.ausasteel.com\/fr\/wp-json\/wp\/v2\/users\/1"}],"replies":[{"embeddable":true,"href":"https:\/\/www.ausasteel.com\/fr\/wp-json\/wp\/v2\/comments?post=4745"}],"version-history":[{"count":6,"href":"https:\/\/www.ausasteel.com\/fr\/wp-json\/wp\/v2\/pages\/4745\/revisions"}],"predecessor-version":[{"id":15384,"href":"https:\/\/www.ausasteel.com\/fr\/wp-json\/wp\/v2\/pages\/4745\/revisions\/15384"}],"up":[{"embeddable":true,"href":"https:\/\/www.ausasteel.com\/fr\/wp-json\/wp\/v2\/pages\/4150"}],"wp:attachment":[{"href":"https:\/\/www.ausasteel.com\/fr\/wp-json\/wp\/v2\/media?parent=4745"}],"curies":[{"name":"wp","href":"https:\/\/api.w.org\/{rel}","templated":true}]}}