        {"id":4742,"date":"2014-10-21T19:46:29","date_gmt":"2014-10-21T19:46:29","guid":{"rendered":"http:\/\/ausasteel.irantzu.com\/aciers-speciaux\/barras-perforadas\/"},"modified":"2018-11-09T10:47:05","modified_gmt":"2018-11-09T10:47:05","slug":"barres-perforees","status":"publish","type":"page","link":"https:\/\/www.ausasteel.com\/fr\/aciers\/aciers-speciaux\/barres-perforees\/","title":{"rendered":"Barres perfor\u00e9es"},"content":{"rendered":"<div class=\"row\">\n<div class=\"container\">\n<h1>Barres perfor\u00e9es<\/h1>\n<\/div>\n<div class=\"container columna_imagen\">\n<div class=\"col-md-6\">\n<h3>Acier au carbone avec un contenu \u00e9lev\u00e9 en mangan\u00e8se et une bonne soudabilit\u00e9<\/h3>\n<p>Ses <strong>applications<\/strong> les plus courantes sont pour la r\u00e9alisation de structures m\u00e9talliques (ponts\u2026), machines agricoles et voie ferr\u00e9e.<\/p>\n<p><strong>AUSA<\/strong> travaille avec des <strong>sid\u00e9rurgies au prestige reconnu<\/strong> ce qui garantit la qualit\u00e9 maximale de la barre perfor\u00e9e propos\u00e9e.<strong>&nbsp;&nbsp;&nbsp; <\/strong><\/p>\n<p>[vc_widget_sidebar show_bg=&#8221;false&#8221; sidebar_id=&#8221;sidebar_15&#8243;]\n<\/p><\/div>\n<div class=\"col-md-6\">\n<div class=\"container_imagen\">\n<img decoding=\"async\" src=\"\/wp-content\/uploads\/2015\/05\/Barras-Perforadas-AUSA.png\" alt=\"Barres perfor\u00e9es - AUSA Special Steels\" title=\"Barres perfor\u00e9es - AUSA Special Steels\">\n<\/div>\n<\/div>\n<\/div>\n<\/div>\n<div class=\"row gris\" id=\"informacion_tecnica\">\n<div class=\"container\">\n<h2>Information technique<\/h2>\n<p>[vc_widget_sidebar show_bg=&#8221;false&#8221; sidebar_id=&#8221;sidebar_26&#8243;]\n<\/p><\/div>\n<\/div><!-- AddThis Advanced Settings generic via filter on the_content -->","protected":false},"excerpt":{"rendered":"<p>Barres perfor\u00e9es Acier au carbone avec un contenu \u00e9lev\u00e9 en mangan\u00e8se et une bonne soudabilit\u00e9 Ses applications les plus courantes sont pour la r\u00e9alisation de structures m\u00e9talliques (ponts\u2026), machines agricoles et voie ferr\u00e9e. AUSA travaille avec des sid\u00e9rurgies au prestige reconnu ce qui garantit la qualit\u00e9 maximale de la barre perfor\u00e9e propos\u00e9e.&nbsp;&nbsp;&nbsp; [vc_widget_sidebar show_bg=&#8221;false&#8221; sidebar_id=&#8221;sidebar_15&#8243;]&hellip;<!-- AddThis Advanced Settings generic via filter on get_the_excerpt --><\/p>\n","protected":false},"author":1,"featured_media":0,"parent":4150,"menu_order":0,"comment_status":"closed","ping_status":"closed","template":"","meta":{"footnotes":""},"class_list":["post-4742","page","type-page","status-publish","hentry"],"yoast_head":"<!-- This site is optimized with the Yoast SEO plugin v26.6 - https:\/\/yoast.com\/wordpress\/plugins\/seo\/ -->\n<title>Barres perfor\u00e9es - AUSA special steels<\/title>\n<meta name=\"robots\" content=\"index, follow, max-snippet:-1, max-image-preview:large, max-video-preview:-1\" \/>\n<link rel=\"canonical\" href=\"https:\/\/www.ausasteel.com\/fr\/aciers\/aciers-speciaux\/barres-perforees\/\" \/>\n<meta property=\"og:locale\" content=\"fr_FR\" \/>\n<meta property=\"og:type\" content=\"article\" \/>\n<meta property=\"og:title\" content=\"Barres perfor\u00e9es - AUSA special steels\" \/>\n<meta property=\"og:description\" content=\"Barres perfor\u00e9es Acier au carbone avec un contenu \u00e9lev\u00e9 en mangan\u00e8se et une bonne soudabilit\u00e9 Ses applications les plus courantes sont pour la r\u00e9alisation de structures m\u00e9talliques (ponts\u2026), machines agricoles et voie ferr\u00e9e. AUSA travaille avec des sid\u00e9rurgies au prestige reconnu ce qui garantit la qualit\u00e9 maximale de la barre perfor\u00e9e propos\u00e9e.&nbsp;&nbsp;&nbsp; [vc_widget_sidebar show_bg=&#8221;false&#8221; sidebar_id=&#8221;sidebar_15&#8243;]&hellip;\" \/>\n<meta property=\"og:url\" content=\"https:\/\/www.ausasteel.com\/fr\/aciers\/aciers-speciaux\/barres-perforees\/\" \/>\n<meta property=\"og:site_name\" content=\"AUSA special steels\" \/>\n<meta property=\"article:modified_time\" content=\"2018-11-09T10:47:05+00:00\" \/>\n<script type=\"application\/ld+json\" class=\"yoast-schema-graph\">{\"@context\":\"https:\/\/schema.org\",\"@graph\":[{\"@type\":\"WebPage\",\"@id\":\"https:\/\/www.ausasteel.com\/fr\/aciers\/aciers-speciaux\/barres-perforees\/\",\"url\":\"https:\/\/www.ausasteel.com\/fr\/aciers\/aciers-speciaux\/barres-perforees\/\",\"name\":\"Barres perfor\u00e9es - AUSA special steels\",\"isPartOf\":{\"@id\":\"https:\/\/www.ausasteel.com\/fr\/#website\"},\"datePublished\":\"2014-10-21T19:46:29+00:00\",\"dateModified\":\"2018-11-09T10:47:05+00:00\",\"breadcrumb\":{\"@id\":\"https:\/\/www.ausasteel.com\/fr\/aciers\/aciers-speciaux\/barres-perforees\/#breadcrumb\"},\"inLanguage\":\"fr-FR\",\"potentialAction\":[{\"@type\":\"ReadAction\",\"target\":[\"https:\/\/www.ausasteel.com\/fr\/aciers\/aciers-speciaux\/barres-perforees\/\"]}]},{\"@type\":\"BreadcrumbList\",\"@id\":\"https:\/\/www.ausasteel.com\/fr\/aciers\/aciers-speciaux\/barres-perforees\/#breadcrumb\",\"itemListElement\":[{\"@type\":\"ListItem\",\"position\":1,\"name\":\"Portada\",\"item\":\"https:\/\/www.ausasteel.com\/fr\/\"},{\"@type\":\"ListItem\",\"position\":2,\"name\":\"Aciers\",\"item\":\"https:\/\/www.ausasteel.com\/fr\/aciers\/\"},{\"@type\":\"ListItem\",\"position\":3,\"name\":\"Aciers sp\u00e9ciaux\",\"item\":\"https:\/\/www.ausasteel.com\/fr\/aciers\/aciers-speciaux\/\"},{\"@type\":\"ListItem\",\"position\":4,\"name\":\"Barres perfor\u00e9es\"}]},{\"@type\":\"WebSite\",\"@id\":\"https:\/\/www.ausasteel.com\/fr\/#website\",\"url\":\"https:\/\/www.ausasteel.com\/fr\/\",\"name\":\"AUSA special steels\",\"description\":\"AUSA special steels\",\"potentialAction\":[{\"@type\":\"SearchAction\",\"target\":{\"@type\":\"EntryPoint\",\"urlTemplate\":\"https:\/\/www.ausasteel.com\/fr\/?s={search_term_string}\"},\"query-input\":{\"@type\":\"PropertyValueSpecification\",\"valueRequired\":true,\"valueName\":\"search_term_string\"}}],\"inLanguage\":\"fr-FR\"}]}<\/script>\n<!-- \/ Yoast SEO plugin. -->","yoast_head_json":{"title":"Barres perfor\u00e9es - AUSA special steels","robots":{"index":"index","follow":"follow","max-snippet":"max-snippet:-1","max-image-preview":"max-image-preview:large","max-video-preview":"max-video-preview:-1"},"canonical":"https:\/\/www.ausasteel.com\/fr\/aciers\/aciers-speciaux\/barres-perforees\/","og_locale":"fr_FR","og_type":"article","og_title":"Barres perfor\u00e9es - AUSA special steels","og_description":"Barres perfor\u00e9es Acier au carbone avec un contenu \u00e9lev\u00e9 en mangan\u00e8se et une bonne soudabilit\u00e9 Ses applications les plus courantes sont pour la r\u00e9alisation de structures m\u00e9talliques (ponts\u2026), machines agricoles et voie ferr\u00e9e. AUSA travaille avec des sid\u00e9rurgies au prestige reconnu ce qui garantit la qualit\u00e9 maximale de la barre perfor\u00e9e propos\u00e9e.&nbsp;&nbsp;&nbsp; [vc_widget_sidebar show_bg=&#8221;false&#8221; sidebar_id=&#8221;sidebar_15&#8243;]&hellip;","og_url":"https:\/\/www.ausasteel.com\/fr\/aciers\/aciers-speciaux\/barres-perforees\/","og_site_name":"AUSA special steels","article_modified_time":"2018-11-09T10:47:05+00:00","schema":{"@context":"https:\/\/schema.org","@graph":[{"@type":"WebPage","@id":"https:\/\/www.ausasteel.com\/fr\/aciers\/aciers-speciaux\/barres-perforees\/","url":"https:\/\/www.ausasteel.com\/fr\/aciers\/aciers-speciaux\/barres-perforees\/","name":"Barres perfor\u00e9es - AUSA special steels","isPartOf":{"@id":"https:\/\/www.ausasteel.com\/fr\/#website"},"datePublished":"2014-10-21T19:46:29+00:00","dateModified":"2018-11-09T10:47:05+00:00","breadcrumb":{"@id":"https:\/\/www.ausasteel.com\/fr\/aciers\/aciers-speciaux\/barres-perforees\/#breadcrumb"},"inLanguage":"fr-FR","potentialAction":[{"@type":"ReadAction","target":["https:\/\/www.ausasteel.com\/fr\/aciers\/aciers-speciaux\/barres-perforees\/"]}]},{"@type":"BreadcrumbList","@id":"https:\/\/www.ausasteel.com\/fr\/aciers\/aciers-speciaux\/barres-perforees\/#breadcrumb","itemListElement":[{"@type":"ListItem","position":1,"name":"Portada","item":"https:\/\/www.ausasteel.com\/fr\/"},{"@type":"ListItem","position":2,"name":"Aciers","item":"https:\/\/www.ausasteel.com\/fr\/aciers\/"},{"@type":"ListItem","position":3,"name":"Aciers sp\u00e9ciaux","item":"https:\/\/www.ausasteel.com\/fr\/aciers\/aciers-speciaux\/"},{"@type":"ListItem","position":4,"name":"Barres perfor\u00e9es"}]},{"@type":"WebSite","@id":"https:\/\/www.ausasteel.com\/fr\/#website","url":"https:\/\/www.ausasteel.com\/fr\/","name":"AUSA special steels","description":"AUSA special steels","potentialAction":[{"@type":"SearchAction","target":{"@type":"EntryPoint","urlTemplate":"https:\/\/www.ausasteel.com\/fr\/?s={search_term_string}"},"query-input":{"@type":"PropertyValueSpecification","valueRequired":true,"valueName":"search_term_string"}}],"inLanguage":"fr-FR"}]}},"_links":{"self":[{"href":"https:\/\/www.ausasteel.com\/fr\/wp-json\/wp\/v2\/pages\/4742","targetHints":{"allow":["GET"]}}],"collection":[{"href":"https:\/\/www.ausasteel.com\/fr\/wp-json\/wp\/v2\/pages"}],"about":[{"href":"https:\/\/www.ausasteel.com\/fr\/wp-json\/wp\/v2\/types\/page"}],"author":[{"embeddable":true,"href":"https:\/\/www.ausasteel.com\/fr\/wp-json\/wp\/v2\/users\/1"}],"replies":[{"embeddable":true,"href":"https:\/\/www.ausasteel.com\/fr\/wp-json\/wp\/v2\/comments?post=4742"}],"version-history":[{"count":5,"href":"https:\/\/www.ausasteel.com\/fr\/wp-json\/wp\/v2\/pages\/4742\/revisions"}],"predecessor-version":[{"id":15371,"href":"https:\/\/www.ausasteel.com\/fr\/wp-json\/wp\/v2\/pages\/4742\/revisions\/15371"}],"up":[{"embeddable":true,"href":"https:\/\/www.ausasteel.com\/fr\/wp-json\/wp\/v2\/pages\/4150"}],"wp:attachment":[{"href":"https:\/\/www.ausasteel.com\/fr\/wp-json\/wp\/v2\/media?parent=4742"}],"curies":[{"name":"wp","href":"https:\/\/api.w.org\/{rel}","templated":true}]}}