    {"id":4717,"date":"2014-10-27T21:58:32","date_gmt":"2014-10-27T21:58:32","guid":{"rendered":"http:\/\/ausasteel.irantzu.com\/aciers-speciaux\/aciers-de-cementation\/acero-de-cementacion-18crnimo7-6\/"},"modified":"2019-09-11T15:57:38","modified_gmt":"2019-09-11T15:57:38","slug":"acier-de-cementation-18crnimo7-6","status":"publish","type":"page","link":"https:\/\/www.ausasteel.com\/fr\/aciers\/aciers-speciaux\/aciers-de-cementation\/acier-de-cementation-18crnimo7-6\/","title":{"rendered":"Acier de c\u00e9mentation 18CrNiMo7-6"},"content":{"rendered":"<div class=\"row\">\n<div class=\"container\">\n<div>\n<h1>Acier de c\u00e9mentation 18CrNiMo7-6<\/h1>\n<h3><strong>Acier pour pi\u00e8ces de taille moyenne et grande<\/strong> avec une r\u00e9sistance dans le noyau de 100-125 kg\/mm<sup>2<\/sup>.<strong> R\u00e9sistance \u00e9lev\u00e9e<\/strong> dans le <strong>noyau<\/strong> et une <strong>excellente t\u00e9nacit\u00e9<\/strong>.<\/h3>\n<\/div>\n<div class=\"caja_bloques\">\n<div class=\"col-md-5\">\n<div class=\"bloque\">\n<h4>\u00c9TATS D&#8217;APPROVISIONNEMENT<\/h4>\n<p>Recuit.<\/p>\n<\/div>\n<div class=\"bloque\">\n<h4>DIMENSIONS EN STOCK \u2013 mm.<\/h4>\n<ul>\n<li><img decoding=\"async\" src=\"\/wp-content\/uploads\/2014\/10\/circulo.png\" alt=\"circle\" \/><span>30-332<\/span><\/li>\n<\/ul>\n<\/div>\n<div class=\"bloque\">\n<h4>NORME D&#8217;APPLICATION<\/h4>\n<p>EN 10084<\/p>\n<\/div>\n<div class=\"bloque\">\n<h4>CODE DE COULEUR<\/h4>\n<div class=\"figura\" style=\"width: 50px;height: 50px;border: 2px solid #808080 ;border-radius: 50%;position: relative;background:white;\"><div><span style=\"position: absolute;display:inline-block;width:0;height:0;line-height:0;border:25px solid none;border-left:none;border-bottom-right-radius:50px;border-top-right-radius:50px;left:25px;top:0px\"><\/span><span style=\"position: absolute;display:inline-block;width:0;height:0;line-height:0;border:25px solid none;border-right:none;border-bottom-left-radius:50px;border-top-left-radius:50px;left:0px;top:0px\"><\/span><\/div><div style=\"width: 30px;height: 30px;border-radius: 50%;position: absolute;top: 10px;left: 10px;background: none;z-index: 3;\"><\/div><div style=\"width: 8px;height: 50px;display: block;position: absolute;z-index: 3;top: 50%;left: 50%;margin: -25px 0 0 -4px;background:pink;\"><\/div><\/div><\/div>\n<\/div>\n<div class=\"col-md-7\">\n<div class=\"bloque\">\n<h4>DESCRIPTION ET APPLICATIONS LES PLUS COURANTES<\/h4>\n<p>Il est <strong>adapt\u00e9 \u00e0 l\u2019utilisation \u00e0 basses temp\u00e9ratures.<\/strong><\/p>\n<p>Ses<strong> applications <\/strong>les plus courantes sont pour les manchons, engrenages, axes pour \u00e9oliennes, vilebrequins, couronnes, r\u00e9ducteurs, bo\u00eetes \u00e0 vitesse et pi\u00e8ces pour v\u00e9hicules industriels et agricoles.<\/p>\n<div class=\"galeria_ficha\">\n<div class=\"previsualizacion\">\n<img decoding=\"async\" id=\"preview\" src=\"https:\/\/www.ausasteel.com\/wp-content\/uploads\/2014\/10\/Acier-Cementation-18CrNiMo7-6-1.png\" alt=\"Acier de c\u00e9mentation 18CrNiMo7-6 - AUSA\" title=\"Acier de c\u00e9mentation 18CrNiMo7-6 - AUSA\"><a class=\"wp-colorbox-image\" href=\"\/https:\/\/www.ausasteel.com\/wp-content\/uploads\/2014\/10\/Acier-Cementation-18CrNiMo7-6-1.png\" data-rel=\"lightbox-gallery-pUZerpG9\" data-rl_title=\"\" data-rl_caption=\"\" title=\"\"><\/a>\n<\/div>\n<div class=\"miniaturas\">\n<img decoding=\"async\" class=\"thumbnail active\" onclick=\"showGallery(event)\" src=\"https:\/\/www.ausasteel.com\/wp-content\/uploads\/2014\/10\/Acier-Cementation-18CrNiMo7-6-1.png\" alt=\"Acier de c\u00e9mentation 18CrNiMo7-6 - AUSA\" title=\"Acier de c\u00e9mentation 18CrNiMo7-6 - AUSA\" ><br \/>\n<img decoding=\"async\" class=\"thumbnail\" onclick=\"showGallery(event)\" src=\"https:\/\/www.ausasteel.com\/wp-content\/uploads\/2014\/10\/Acier-Cementation-18CrNiMo7-6-2.png\" alt=\"Acier de c\u00e9mentation 18CrNiMo7-6 - AUSA\" title=\"Acier de c\u00e9mentation 18CrNiMo7-6 - AUSA\"><br \/>\n<img decoding=\"async\" class=\"thumbnail\" onclick=\"showGallery(event)\" src=\"https:\/\/www.ausasteel.com\/wp-content\/uploads\/2015\/05\/Acero-Cementacion-18CrNiMo7-6-AUSA.png\" alt=\"Acier de c\u00e9mentation 18CrNiMo7-6 - AUSA\" title=\"Acier de c\u00e9mentation 18CrNiMo7-6 - AUSA\">\n<\/div>\n<\/div>\n<\/div>\n<\/div>\n<\/div>\n<\/div>\n<\/div>\n<div class=\"row\">\n<div class=\"container caja_tablas\">\n<div class=\"selectores\">\n<button class=\"selector_tab active\" onclick=\"openTab(event,'t_composicion')\">Composition chimique<\/button><br \/>\n<button class=\"selector_tab\" onclick=\"openTab(event,'t_tratamientos')\">Traitements thermiques \u2013 Temp\u00e9ratures approximatives<\/button><br \/>\n<button class=\"selector_tab\" onclick=\"openTab(event,'t_caracteristicas')\">Caract\u00e9ristiques m\u00e9caniques<\/button><br \/>\n<button class=\"selector_tab\" onclick=\"openTab(event,'t_equivalencias')\">\u00c9quivalences approximatives<\/button>\n<\/div>\n<div id=\"t_composicion\" class=\"tab\">\n<table class=\"footable\" border=\"1\" width=\"100%\">\n<tbody>\n<tr>\n<th scope=\"col\" style=\"text-align: center; vertical-align: middle;\"><\/th>\n<th scope=\"col\" style=\"text-align: center; vertical-align: middle;\"><strong>C<\/strong><\/th>\n<th scope=\"col\" style=\"text-align: center; vertical-align: middle;\"><strong>Mn<\/strong><\/th>\n<th scope=\"col\" style=\"text-align: center; vertical-align: middle;\"><strong>Si<\/strong><\/th>\n<th scope=\"col\" style=\"text-align: center; vertical-align: middle;\"><strong>P<\/strong><\/th>\n<th scope=\"col\" style=\"text-align: center; vertical-align: middle;\"><strong>S<\/strong><\/th>\n<th scope=\"col\" style=\"text-align: center; vertical-align: middle;\"><strong>Cr<\/strong><\/th>\n<th scope=\"col\" style=\"text-align: center; vertical-align: middle;\"><strong>Mo<\/strong><\/th>\n<th scope=\"col\" style=\"text-align: center; vertical-align: middle;\"><strong>Ni<\/strong><\/th>\n<\/tr>\n<tr>\n<td style=\"text-align: center; vertical-align: middle;\"><strong>Min.<\/strong><\/td>\n<td style=\"text-align: center; vertical-align: middle;\">0,15<\/td>\n<td style=\"text-align: center; vertical-align: middle;\">0,50<\/td>\n<td style=\"text-align: center; vertical-align: middle;\"><\/td>\n<td style=\"text-align: center; vertical-align: middle;\"><\/td>\n<td style=\"text-align: center; vertical-align: middle;\"><\/td>\n<td style=\"text-align: center; vertical-align: middle;\">1,50<\/td>\n<td style=\"text-align: center; vertical-align: middle;\">0,25<\/td>\n<td style=\"text-align: center; vertical-align: middle;\">1,40<\/td>\n<\/tr>\n<tr>\n<td style=\"text-align: center; vertical-align: middle;\"><strong>Max.<\/strong><\/td>\n<td style=\"text-align: center; vertical-align: middle;\">0,21<\/td>\n<td style=\"text-align: center; vertical-align: middle;\">0,90<\/td>\n<td style=\"text-align: center; vertical-align: middle;\">0,40<\/td>\n<td style=\"text-align: center; vertical-align: middle;\">0,025<\/td>\n<td style=\"text-align: center; vertical-align: middle;\">0,035<\/td>\n<td style=\"text-align: center; vertical-align: middle;\">1,80<\/td>\n<td style=\"text-align: center; vertical-align: middle;\">0,35<\/td>\n<td style=\"text-align: center; vertical-align: middle;\">1,70<\/td>\n<\/tr>\n<\/tbody>\n<\/table>\n<\/div>\n<div id=\"t_tratamientos\" class=\"tab\" style=\"display:none;\">\n<table class=\"tt\" border=\"1\" width=\"100%\">\n<tbody>\n<tr>\n<th scope=\"col\" style=\"text-align: center; vertical-align: middle;\"><strong>Recuit \u00baC<\/strong><\/th>\n<th scope=\"col\" style=\"text-align: center; vertical-align: middle;\"><strong>Trempe <strong>\u00baC<\/strong><\/strong><\/th>\n<th scope=\"col\" style=\"text-align: center; vertical-align: middle;\"><strong>Revenu<strong> \u00baC <\/strong><\/strong><\/th>\n<\/tr>\n<tr>\n<td style=\"text-align: center; vertical-align: middle;\">650-700<\/td>\n<td style=\"text-align: center; vertical-align: middle;\">830-870 Auile<\/td>\n<td style=\"text-align: center; vertical-align: middle;\">150-200<\/td>\n<\/tr>\n<\/tbody>\n<\/table>\n<\/div>\n<div id=\"t_caracteristicas\" class=\"tab\" style=\"display:none;\">\n<p>Propri\u00e9t\u00e9s m\u00e9caniques \u00e0 temp\u00e9rature ambiante \u00e0 l\u2019\u00e9tat de recuit.<\/p>\n<table class=\"cm\" border=\"1\" width=\"100%\">\n<tbody>\n<tr>\n<td>Duret\u00e9 maximale<\/td>\n<td style=\"text-align: center;\">229 HB<\/td>\n<\/tr>\n<\/tbody>\n<\/table>\n<\/div>\n<div id=\"t_equivalencias\" class=\"tab\" style=\"display: none;\">\n<table class=\"ea\" border=\"1\" width=\"100%\">\n<tbody>\n<tr>\n<th scope=\"col\" style=\"text-align: center; vertical-align: middle;\"><strong>EN<\/strong><\/th>\n<th scope=\"col\" style=\"text-align: center; vertical-align: middle;\"><strong>DIN<\/strong><\/th>\n<th scope=\"col\" style=\"text-align: center; vertical-align: middle;\"><strong>N\u00ba Stand<\/strong><\/th>\n<th scope=\"col\" style=\"text-align: center; vertical-align: middle;\"><strong>UNE<\/strong><\/th>\n<th scope=\"col\" style=\"text-align: center; vertical-align: middle;\"><strong>STAS<\/strong><\/th>\n<th scope=\"col\" style=\"text-align: center; vertical-align: middle;\"><strong>AFNOR<\/strong><\/th>\n<th scope=\"col\" style=\"text-align: center; vertical-align: middle;\"><strong>BS<\/strong><\/th>\n<th scope=\"col\" style=\"text-align: center; vertical-align: middle;\"><strong>UNI<\/strong><\/th>\n<th scope=\"col\" style=\"text-align: center; vertical-align: middle;\"><strong>AISI\/SAE<\/strong><\/th>\n<th scope=\"col\" style=\"text-align: center; vertical-align: middle;\"><strong>GOST<\/strong><\/th>\n<\/tr>\n<tr>\n<td style=\"text-align: center; vertical-align: middle;\">18CrNiMo7-6<\/td>\n<td style=\"text-align: center; vertical-align: middle;\">17CrNiMo6<\/td>\n<td style=\"text-align: center; vertical-align: middle;\">1.6587<\/td>\n<td style=\"text-align: center; vertical-align: middle;\"><\/td>\n<td style=\"text-align: center; vertical-align: middle;\"><\/td>\n<td style=\"text-align: center; vertical-align: middle;\">18CrNiMo7-6<\/td>\n<td style=\"text-align: center; vertical-align: middle;\"><\/td>\n<td style=\"text-align: center; vertical-align: middle;\"><\/td>\n<td style=\"text-align: center; vertical-align: middle;\"><\/td>\n<td style=\"text-align: center; vertical-align: middle;\">18\u04252\u0413\u041d2\u041c<\/td>\n<\/tr>\n<\/tbody>\n<\/table>\n<\/div>\n<\/div>\n<div class=\"container ficha_descarga\">\n<a class=\"btn_ausa\" title=\"Fiche technique acier de c\u00e9mentation 18CrNiMo7-6\" href=\"https:\/\/www.ausasteel.com\/wp-content\/uploads\/2015\/05\/Acier-Cementation-18CrNiMo7-6-AUSA.pdf\" target=\"_blank\">Fiche technique acier de c\u00e9mentation 18CrNiMo7-6<\/a>\n<\/div>\n<\/div>\n<div class=\"row informacion_tecnica_ficha\">\n<div class=\"container\">\n<ul>\n<li id=\"menu-item-1297\"><a title=\"Calculatrice de Poids\" href=\"\/fr\/information-technique\/calculatrice-de-poids\/\">Calculatrice de Poids<\/a><\/li>\n<li id=\"menu-item-1302\"><a title=\"Tol\u00e9rances Dimensionnelles\" href=\"\/fr\/information-technique\/tolerances-dimensionnelles\/\">Tol\u00e9rances Dimensionnelles<\/a><\/li>\n<\/ul>\n<\/div>\n<\/div>\n<div class=\"row relacionados\">\n<div class=\"contaienr\">\n<h2>Aciers de c\u00e9mentation concern\u00e9s<\/h2>\n<p>[vc_widget_sidebar show_bg=&#8221;false&#8221; sidebar_id=&#8221;sidebar_14&#8243;]\n<\/p><\/div>\n<\/div><!-- AddThis Advanced Settings generic via filter on the_content -->","protected":false},"excerpt":{"rendered":"<p>Acier de c\u00e9mentation 18CrNiMo7-6 Acier pour pi\u00e8ces de taille moyenne et grande avec une r\u00e9sistance dans le noyau de 100-125 kg\/mm2. R\u00e9sistance \u00e9lev\u00e9e dans le noyau et une excellente t\u00e9nacit\u00e9. \u00c9TATS D&#8217;APPROVISIONNEMENT Recuit. DIMENSIONS EN STOCK \u2013 mm. 30-332 NORME D&#8217;APPLICATION EN 10084 CODE DE COULEUR DESCRIPTION ET APPLICATIONS LES PLUS COURANTES Il est adapt\u00e9&hellip;<!-- AddThis Advanced Settings generic via filter on get_the_excerpt --><\/p>\n","protected":false},"author":1,"featured_media":0,"parent":4706,"menu_order":0,"comment_status":"closed","ping_status":"open","template":"","meta":{"footnotes":""},"class_list":["post-4717","page","type-page","status-publish","hentry"],"yoast_head":"<!-- This site is optimized with the Yoast SEO plugin v26.6 - https:\/\/yoast.com\/wordpress\/plugins\/seo\/ -->\n<title>Acier de c\u00e9mentation 18CrNiMo7-6 - AUSA Special Steels<\/title>\n<meta name=\"description\" content=\"Acier pour pi\u00e8ces de taille moyenne et grande avec une r\u00e9sistance dans le noyau de 100-125 kg\/mm2.\" \/>\n<meta name=\"robots\" content=\"index, follow, max-snippet:-1, max-image-preview:large, max-video-preview:-1\" \/>\n<link rel=\"canonical\" href=\"https:\/\/www.ausasteel.com\/fr\/aciers\/aciers-speciaux\/aciers-de-cementation\/acier-de-cementation-18crnimo7-6\/\" \/>\n<meta property=\"og:locale\" content=\"fr_FR\" \/>\n<meta property=\"og:type\" content=\"article\" \/>\n<meta property=\"og:title\" content=\"Acier de c\u00e9mentation 18CrNiMo7-6 - AUSA Special Steels\" \/>\n<meta property=\"og:description\" content=\"Acier pour pi\u00e8ces de taille moyenne et grande avec une r\u00e9sistance dans le noyau de 100-125 kg\/mm2.\" \/>\n<meta property=\"og:url\" content=\"https:\/\/www.ausasteel.com\/fr\/aciers\/aciers-speciaux\/aciers-de-cementation\/acier-de-cementation-18crnimo7-6\/\" \/>\n<meta property=\"og:site_name\" content=\"AUSA special steels\" \/>\n<meta property=\"article:modified_time\" content=\"2019-09-11T15:57:38+00:00\" \/>\n<meta property=\"og:image\" content=\"https:\/\/www.ausasteel.com\/wp-content\/uploads\/2014\/10\/Acier-Cementation-18CrNiMo7-6-1.png\" \/>\n<meta name=\"twitter:label1\" content=\"Est. reading time\" \/>\n\t<meta name=\"twitter:data1\" content=\"1 minute\" \/>\n<script type=\"application\/ld+json\" class=\"yoast-schema-graph\">{\"@context\":\"https:\/\/schema.org\",\"@graph\":[{\"@type\":\"WebPage\",\"@id\":\"https:\/\/www.ausasteel.com\/fr\/aciers\/aciers-speciaux\/aciers-de-cementation\/acier-de-cementation-18crnimo7-6\/\",\"url\":\"https:\/\/www.ausasteel.com\/fr\/aciers\/aciers-speciaux\/aciers-de-cementation\/acier-de-cementation-18crnimo7-6\/\",\"name\":\"Acier de c\u00e9mentation 18CrNiMo7-6 - AUSA Special Steels\",\"isPartOf\":{\"@id\":\"https:\/\/www.ausasteel.com\/fr\/#website\"},\"primaryImageOfPage\":{\"@id\":\"https:\/\/www.ausasteel.com\/fr\/aciers\/aciers-speciaux\/aciers-de-cementation\/acier-de-cementation-18crnimo7-6\/#primaryimage\"},\"image\":{\"@id\":\"https:\/\/www.ausasteel.com\/fr\/aciers\/aciers-speciaux\/aciers-de-cementation\/acier-de-cementation-18crnimo7-6\/#primaryimage\"},\"thumbnailUrl\":\"https:\/\/www.ausasteel.com\/wp-content\/uploads\/2014\/10\/Acier-Cementation-18CrNiMo7-6-1.png\",\"datePublished\":\"2014-10-27T21:58:32+00:00\",\"dateModified\":\"2019-09-11T15:57:38+00:00\",\"description\":\"Acier pour pi\u00e8ces de taille moyenne et grande avec une r\u00e9sistance dans le noyau de 100-125 kg\/mm2.\",\"breadcrumb\":{\"@id\":\"https:\/\/www.ausasteel.com\/fr\/aciers\/aciers-speciaux\/aciers-de-cementation\/acier-de-cementation-18crnimo7-6\/#breadcrumb\"},\"inLanguage\":\"fr-FR\",\"potentialAction\":[{\"@type\":\"ReadAction\",\"target\":[\"https:\/\/www.ausasteel.com\/fr\/aciers\/aciers-speciaux\/aciers-de-cementation\/acier-de-cementation-18crnimo7-6\/\"]}]},{\"@type\":\"ImageObject\",\"inLanguage\":\"fr-FR\",\"@id\":\"https:\/\/www.ausasteel.com\/fr\/aciers\/aciers-speciaux\/aciers-de-cementation\/acier-de-cementation-18crnimo7-6\/#primaryimage\",\"url\":\"https:\/\/www.ausasteel.com\/wp-content\/uploads\/2014\/10\/Acier-Cementation-18CrNiMo7-6-1.png\",\"contentUrl\":\"https:\/\/www.ausasteel.com\/wp-content\/uploads\/2014\/10\/Acier-Cementation-18CrNiMo7-6-1.png\"},{\"@type\":\"BreadcrumbList\",\"@id\":\"https:\/\/www.ausasteel.com\/fr\/aciers\/aciers-speciaux\/aciers-de-cementation\/acier-de-cementation-18crnimo7-6\/#breadcrumb\",\"itemListElement\":[{\"@type\":\"ListItem\",\"position\":1,\"name\":\"Portada\",\"item\":\"https:\/\/www.ausasteel.com\/fr\/\"},{\"@type\":\"ListItem\",\"position\":2,\"name\":\"Aciers\",\"item\":\"https:\/\/www.ausasteel.com\/fr\/aciers\/\"},{\"@type\":\"ListItem\",\"position\":3,\"name\":\"Aciers sp\u00e9ciaux\",\"item\":\"https:\/\/www.ausasteel.com\/fr\/aciers\/aciers-speciaux\/\"},{\"@type\":\"ListItem\",\"position\":4,\"name\":\"Aciers de c\u00e9mentation\",\"item\":\"https:\/\/www.ausasteel.com\/fr\/aciers\/aciers-speciaux\/aciers-de-cementation\/\"},{\"@type\":\"ListItem\",\"position\":5,\"name\":\"Acier de c\u00e9mentation 18CrNiMo7-6\"}]},{\"@type\":\"WebSite\",\"@id\":\"https:\/\/www.ausasteel.com\/fr\/#website\",\"url\":\"https:\/\/www.ausasteel.com\/fr\/\",\"name\":\"AUSA special steels\",\"description\":\"AUSA special steels\",\"potentialAction\":[{\"@type\":\"SearchAction\",\"target\":{\"@type\":\"EntryPoint\",\"urlTemplate\":\"https:\/\/www.ausasteel.com\/fr\/?s={search_term_string}\"},\"query-input\":{\"@type\":\"PropertyValueSpecification\",\"valueRequired\":true,\"valueName\":\"search_term_string\"}}],\"inLanguage\":\"fr-FR\"}]}<\/script>\n<!-- \/ Yoast SEO plugin. -->","yoast_head_json":{"title":"Acier de c\u00e9mentation 18CrNiMo7-6 - AUSA Special Steels","description":"Acier pour pi\u00e8ces de taille moyenne et grande avec une r\u00e9sistance dans le noyau de 100-125 kg\/mm2.","robots":{"index":"index","follow":"follow","max-snippet":"max-snippet:-1","max-image-preview":"max-image-preview:large","max-video-preview":"max-video-preview:-1"},"canonical":"https:\/\/www.ausasteel.com\/fr\/aciers\/aciers-speciaux\/aciers-de-cementation\/acier-de-cementation-18crnimo7-6\/","og_locale":"fr_FR","og_type":"article","og_title":"Acier de c\u00e9mentation 18CrNiMo7-6 - AUSA Special Steels","og_description":"Acier pour pi\u00e8ces de taille moyenne et grande avec une r\u00e9sistance dans le noyau de 100-125 kg\/mm2.","og_url":"https:\/\/www.ausasteel.com\/fr\/aciers\/aciers-speciaux\/aciers-de-cementation\/acier-de-cementation-18crnimo7-6\/","og_site_name":"AUSA special steels","article_modified_time":"2019-09-11T15:57:38+00:00","og_image":[{"url":"https:\/\/www.ausasteel.com\/wp-content\/uploads\/2014\/10\/Acier-Cementation-18CrNiMo7-6-1.png","type":"","width":"","height":""}],"twitter_misc":{"Est. reading time":"1 minute"},"schema":{"@context":"https:\/\/schema.org","@graph":[{"@type":"WebPage","@id":"https:\/\/www.ausasteel.com\/fr\/aciers\/aciers-speciaux\/aciers-de-cementation\/acier-de-cementation-18crnimo7-6\/","url":"https:\/\/www.ausasteel.com\/fr\/aciers\/aciers-speciaux\/aciers-de-cementation\/acier-de-cementation-18crnimo7-6\/","name":"Acier de c\u00e9mentation 18CrNiMo7-6 - AUSA Special Steels","isPartOf":{"@id":"https:\/\/www.ausasteel.com\/fr\/#website"},"primaryImageOfPage":{"@id":"https:\/\/www.ausasteel.com\/fr\/aciers\/aciers-speciaux\/aciers-de-cementation\/acier-de-cementation-18crnimo7-6\/#primaryimage"},"image":{"@id":"https:\/\/www.ausasteel.com\/fr\/aciers\/aciers-speciaux\/aciers-de-cementation\/acier-de-cementation-18crnimo7-6\/#primaryimage"},"thumbnailUrl":"https:\/\/www.ausasteel.com\/wp-content\/uploads\/2014\/10\/Acier-Cementation-18CrNiMo7-6-1.png","datePublished":"2014-10-27T21:58:32+00:00","dateModified":"2019-09-11T15:57:38+00:00","description":"Acier pour pi\u00e8ces de taille moyenne et grande avec une r\u00e9sistance dans le noyau de 100-125 kg\/mm2.","breadcrumb":{"@id":"https:\/\/www.ausasteel.com\/fr\/aciers\/aciers-speciaux\/aciers-de-cementation\/acier-de-cementation-18crnimo7-6\/#breadcrumb"},"inLanguage":"fr-FR","potentialAction":[{"@type":"ReadAction","target":["https:\/\/www.ausasteel.com\/fr\/aciers\/aciers-speciaux\/aciers-de-cementation\/acier-de-cementation-18crnimo7-6\/"]}]},{"@type":"ImageObject","inLanguage":"fr-FR","@id":"https:\/\/www.ausasteel.com\/fr\/aciers\/aciers-speciaux\/aciers-de-cementation\/acier-de-cementation-18crnimo7-6\/#primaryimage","url":"https:\/\/www.ausasteel.com\/wp-content\/uploads\/2014\/10\/Acier-Cementation-18CrNiMo7-6-1.png","contentUrl":"https:\/\/www.ausasteel.com\/wp-content\/uploads\/2014\/10\/Acier-Cementation-18CrNiMo7-6-1.png"},{"@type":"BreadcrumbList","@id":"https:\/\/www.ausasteel.com\/fr\/aciers\/aciers-speciaux\/aciers-de-cementation\/acier-de-cementation-18crnimo7-6\/#breadcrumb","itemListElement":[{"@type":"ListItem","position":1,"name":"Portada","item":"https:\/\/www.ausasteel.com\/fr\/"},{"@type":"ListItem","position":2,"name":"Aciers","item":"https:\/\/www.ausasteel.com\/fr\/aciers\/"},{"@type":"ListItem","position":3,"name":"Aciers sp\u00e9ciaux","item":"https:\/\/www.ausasteel.com\/fr\/aciers\/aciers-speciaux\/"},{"@type":"ListItem","position":4,"name":"Aciers de c\u00e9mentation","item":"https:\/\/www.ausasteel.com\/fr\/aciers\/aciers-speciaux\/aciers-de-cementation\/"},{"@type":"ListItem","position":5,"name":"Acier de c\u00e9mentation 18CrNiMo7-6"}]},{"@type":"WebSite","@id":"https:\/\/www.ausasteel.com\/fr\/#website","url":"https:\/\/www.ausasteel.com\/fr\/","name":"AUSA special steels","description":"AUSA special steels","potentialAction":[{"@type":"SearchAction","target":{"@type":"EntryPoint","urlTemplate":"https:\/\/www.ausasteel.com\/fr\/?s={search_term_string}"},"query-input":{"@type":"PropertyValueSpecification","valueRequired":true,"valueName":"search_term_string"}}],"inLanguage":"fr-FR"}]}},"_links":{"self":[{"href":"https:\/\/www.ausasteel.com\/fr\/wp-json\/wp\/v2\/pages\/4717","targetHints":{"allow":["GET"]}}],"collection":[{"href":"https:\/\/www.ausasteel.com\/fr\/wp-json\/wp\/v2\/pages"}],"about":[{"href":"https:\/\/www.ausasteel.com\/fr\/wp-json\/wp\/v2\/types\/page"}],"author":[{"embeddable":true,"href":"https:\/\/www.ausasteel.com\/fr\/wp-json\/wp\/v2\/users\/1"}],"replies":[{"embeddable":true,"href":"https:\/\/www.ausasteel.com\/fr\/wp-json\/wp\/v2\/comments?post=4717"}],"version-history":[{"count":13,"href":"https:\/\/www.ausasteel.com\/fr\/wp-json\/wp\/v2\/pages\/4717\/revisions"}],"predecessor-version":[{"id":16049,"href":"https:\/\/www.ausasteel.com\/fr\/wp-json\/wp\/v2\/pages\/4717\/revisions\/16049"}],"up":[{"embeddable":true,"href":"https:\/\/www.ausasteel.com\/fr\/wp-json\/wp\/v2\/pages\/4706"}],"wp:attachment":[{"href":"https:\/\/www.ausasteel.com\/fr\/wp-json\/wp\/v2\/media?parent=4717"}],"curies":[{"name":"wp","href":"https:\/\/api.w.org\/{rel}","templated":true}]}}