        {"id":4706,"date":"2014-10-21T19:46:13","date_gmt":"2014-10-21T19:46:13","guid":{"rendered":"http:\/\/ausasteel.irantzu.com\/aciers-speciaux\/aceros-de-cementacion\/"},"modified":"2018-11-09T09:55:32","modified_gmt":"2018-11-09T09:55:32","slug":"aciers-de-cementation","status":"publish","type":"page","link":"https:\/\/www.ausasteel.com\/fr\/aciers\/aciers-speciaux\/aciers-de-cementation\/","title":{"rendered":"Aciers de c\u00e9mentation"},"content":{"rendered":"<div class=\"row\">\n<div class=\"container\">\n<h1>Aciers de c\u00e9mentation<\/h1>\n<\/div>\n<div class=\"container columna_imagen\">\n<div class=\"col-md-6\">\n<h3>\u00bfQuels types d\u2019aciers de c\u00e9mentation travaille AUSA?<\/h3>\n<p><span style=\"font-size: 1.2em;\"><strong>AUSA<\/strong> travaille avec diff\u00e9rentes qualit\u00e9s d\u2019aciers de c\u00e9mentation. Les propri\u00e9t\u00e9s, applications, composition chimiques, traitements thermiques et les dimensions varient en fonction de la qualit\u00e9 choisie.<br \/><\/span><\/p>\n<p>[vc_widget_sidebar show_bg=&#8221;false&#8221; sidebar_id=&#8221;sidebar_14&#8243;]\n<\/p><\/div>\n<div class=\"col-md-6\">\n<div class=\"container_imagen\">\n<img decoding=\"async\" src=\"\/wp-content\/uploads\/2015\/05\/Aceros-Cementacion-AUSA.png\" alt=\"Aciers de c\u00e9mentation - AUSA Special Steels\" title=\"Aciers de c\u00e9mentation - AUSA Special Steels\">\n<\/div>\n<\/div>\n<\/div>\n<\/div>\n<div class=\"row\">\n<div class=\"container\">\n<p>Aciers avec un <strong>contenu en carbone<\/strong> normalement <strong>inf\u00e9rieur \u00e0 0,30 %<\/strong> pour \u00eatre c\u00e9ment\u00e9s fournissant une <strong>haute duret\u00e9 de surface.<\/strong> La <strong>r\u00e9sistance dans le noyau<\/strong> va de <strong>600-1200 N\/mm<\/strong><strong><sup>2<\/sup><\/strong>.<\/p>\n<p>Il s\u2019agit d\u2019aciers avec une <strong>grande r\u00e9sistance aux chocs,<\/strong> <strong>t\u00e9nacit\u00e9<\/strong> et <strong>r\u00e9sistance \u00e0 l\u2019usure. <\/strong><\/p>\n<p>Leurs <strong>applications les plus courantes<\/strong> sont pour la fabrication de pignons, arbres \u00e0 engrenages, axes, couronnes diff\u00e9rentielles, engrenages \u00e0 hautes r\u00e9volutions, douilles de s\u00e9curit\u00e9, boulons, cames, bo\u00eetes \u00e0 vitesses, axes de piston, manchons, r\u00e9ducteurs et pi\u00e8ces pour v\u00e9hicules industriels et agricoles.<\/p>\n<p><strong>AUSA <\/strong>travaille avec des <strong>sid\u00e9rurgies au prestige reconnu<\/strong> ce qui garantit la qualit\u00e9 maximale des aciers de c\u00e9mentation propos\u00e9s.<\/p>\n<\/div>\n<\/div>\n<div class=\"row gris\" id=\"informacion_tecnica\">\n<div class=\"container\">\n<h2>Information technique<\/h2>\n<p>[vc_widget_sidebar show_bg=&#8221;false&#8221; sidebar_id=&#8221;sidebar_26&#8243;]\n<\/p><\/div>\n<\/div><!-- AddThis Advanced Settings generic via filter on the_content -->","protected":false},"excerpt":{"rendered":"<p>Aciers de c\u00e9mentation \u00bfQuels types d\u2019aciers de c\u00e9mentation travaille AUSA? AUSA travaille avec diff\u00e9rentes qualit\u00e9s d\u2019aciers de c\u00e9mentation. Les propri\u00e9t\u00e9s, applications, composition chimiques, traitements thermiques et les dimensions varient en fonction de la qualit\u00e9 choisie. [vc_widget_sidebar show_bg=&#8221;false&#8221; sidebar_id=&#8221;sidebar_14&#8243;] Aciers avec un contenu en carbone normalement inf\u00e9rieur \u00e0 0,30 % pour \u00eatre c\u00e9ment\u00e9s fournissant une haute&hellip;<!-- AddThis Advanced Settings generic via filter on get_the_excerpt --><\/p>\n","protected":false},"author":1,"featured_media":0,"parent":4150,"menu_order":0,"comment_status":"closed","ping_status":"closed","template":"","meta":{"footnotes":""},"class_list":["post-4706","page","type-page","status-publish","hentry"],"yoast_head":"<!-- This site is optimized with the Yoast SEO plugin v26.6 - https:\/\/yoast.com\/wordpress\/plugins\/seo\/ -->\n<title>Aciers de c\u00e9mentation - AUSA special steels<\/title>\n<meta name=\"robots\" content=\"index, follow, max-snippet:-1, max-image-preview:large, max-video-preview:-1\" \/>\n<link rel=\"canonical\" href=\"https:\/\/www.ausasteel.com\/fr\/aciers\/aciers-speciaux\/aciers-de-cementation\/\" \/>\n<meta property=\"og:locale\" content=\"fr_FR\" \/>\n<meta property=\"og:type\" content=\"article\" \/>\n<meta property=\"og:title\" content=\"Aciers de c\u00e9mentation - AUSA special steels\" \/>\n<meta property=\"og:description\" content=\"Aciers de c\u00e9mentation \u00bfQuels types d\u2019aciers de c\u00e9mentation travaille AUSA? AUSA travaille avec diff\u00e9rentes qualit\u00e9s d\u2019aciers de c\u00e9mentation. Les propri\u00e9t\u00e9s, applications, composition chimiques, traitements thermiques et les dimensions varient en fonction de la qualit\u00e9 choisie. [vc_widget_sidebar show_bg=&#8221;false&#8221; sidebar_id=&#8221;sidebar_14&#8243;] Aciers avec un contenu en carbone normalement inf\u00e9rieur \u00e0 0,30 % pour \u00eatre c\u00e9ment\u00e9s fournissant une haute&hellip;\" \/>\n<meta property=\"og:url\" content=\"https:\/\/www.ausasteel.com\/fr\/aciers\/aciers-speciaux\/aciers-de-cementation\/\" \/>\n<meta property=\"og:site_name\" content=\"AUSA special steels\" \/>\n<meta property=\"article:modified_time\" content=\"2018-11-09T09:55:32+00:00\" \/>\n<meta name=\"twitter:label1\" content=\"Est. reading time\" \/>\n\t<meta name=\"twitter:data1\" content=\"1 minute\" \/>\n<script type=\"application\/ld+json\" class=\"yoast-schema-graph\">{\"@context\":\"https:\/\/schema.org\",\"@graph\":[{\"@type\":\"WebPage\",\"@id\":\"https:\/\/www.ausasteel.com\/fr\/aciers\/aciers-speciaux\/aciers-de-cementation\/\",\"url\":\"https:\/\/www.ausasteel.com\/fr\/aciers\/aciers-speciaux\/aciers-de-cementation\/\",\"name\":\"Aciers de c\u00e9mentation - AUSA special steels\",\"isPartOf\":{\"@id\":\"https:\/\/www.ausasteel.com\/fr\/#website\"},\"datePublished\":\"2014-10-21T19:46:13+00:00\",\"dateModified\":\"2018-11-09T09:55:32+00:00\",\"breadcrumb\":{\"@id\":\"https:\/\/www.ausasteel.com\/fr\/aciers\/aciers-speciaux\/aciers-de-cementation\/#breadcrumb\"},\"inLanguage\":\"fr-FR\",\"potentialAction\":[{\"@type\":\"ReadAction\",\"target\":[\"https:\/\/www.ausasteel.com\/fr\/aciers\/aciers-speciaux\/aciers-de-cementation\/\"]}]},{\"@type\":\"BreadcrumbList\",\"@id\":\"https:\/\/www.ausasteel.com\/fr\/aciers\/aciers-speciaux\/aciers-de-cementation\/#breadcrumb\",\"itemListElement\":[{\"@type\":\"ListItem\",\"position\":1,\"name\":\"Portada\",\"item\":\"https:\/\/www.ausasteel.com\/fr\/\"},{\"@type\":\"ListItem\",\"position\":2,\"name\":\"Aciers\",\"item\":\"https:\/\/www.ausasteel.com\/fr\/aciers\/\"},{\"@type\":\"ListItem\",\"position\":3,\"name\":\"Aciers sp\u00e9ciaux\",\"item\":\"https:\/\/www.ausasteel.com\/fr\/aciers\/aciers-speciaux\/\"},{\"@type\":\"ListItem\",\"position\":4,\"name\":\"Aciers de c\u00e9mentation\"}]},{\"@type\":\"WebSite\",\"@id\":\"https:\/\/www.ausasteel.com\/fr\/#website\",\"url\":\"https:\/\/www.ausasteel.com\/fr\/\",\"name\":\"AUSA special steels\",\"description\":\"AUSA special steels\",\"potentialAction\":[{\"@type\":\"SearchAction\",\"target\":{\"@type\":\"EntryPoint\",\"urlTemplate\":\"https:\/\/www.ausasteel.com\/fr\/?s={search_term_string}\"},\"query-input\":{\"@type\":\"PropertyValueSpecification\",\"valueRequired\":true,\"valueName\":\"search_term_string\"}}],\"inLanguage\":\"fr-FR\"}]}<\/script>\n<!-- \/ Yoast SEO plugin. -->","yoast_head_json":{"title":"Aciers de c\u00e9mentation - AUSA special steels","robots":{"index":"index","follow":"follow","max-snippet":"max-snippet:-1","max-image-preview":"max-image-preview:large","max-video-preview":"max-video-preview:-1"},"canonical":"https:\/\/www.ausasteel.com\/fr\/aciers\/aciers-speciaux\/aciers-de-cementation\/","og_locale":"fr_FR","og_type":"article","og_title":"Aciers de c\u00e9mentation - AUSA special steels","og_description":"Aciers de c\u00e9mentation \u00bfQuels types d\u2019aciers de c\u00e9mentation travaille AUSA? AUSA travaille avec diff\u00e9rentes qualit\u00e9s d\u2019aciers de c\u00e9mentation. Les propri\u00e9t\u00e9s, applications, composition chimiques, traitements thermiques et les dimensions varient en fonction de la qualit\u00e9 choisie. [vc_widget_sidebar show_bg=&#8221;false&#8221; sidebar_id=&#8221;sidebar_14&#8243;] Aciers avec un contenu en carbone normalement inf\u00e9rieur \u00e0 0,30 % pour \u00eatre c\u00e9ment\u00e9s fournissant une haute&hellip;","og_url":"https:\/\/www.ausasteel.com\/fr\/aciers\/aciers-speciaux\/aciers-de-cementation\/","og_site_name":"AUSA special steels","article_modified_time":"2018-11-09T09:55:32+00:00","twitter_misc":{"Est. reading time":"1 minute"},"schema":{"@context":"https:\/\/schema.org","@graph":[{"@type":"WebPage","@id":"https:\/\/www.ausasteel.com\/fr\/aciers\/aciers-speciaux\/aciers-de-cementation\/","url":"https:\/\/www.ausasteel.com\/fr\/aciers\/aciers-speciaux\/aciers-de-cementation\/","name":"Aciers de c\u00e9mentation - AUSA special steels","isPartOf":{"@id":"https:\/\/www.ausasteel.com\/fr\/#website"},"datePublished":"2014-10-21T19:46:13+00:00","dateModified":"2018-11-09T09:55:32+00:00","breadcrumb":{"@id":"https:\/\/www.ausasteel.com\/fr\/aciers\/aciers-speciaux\/aciers-de-cementation\/#breadcrumb"},"inLanguage":"fr-FR","potentialAction":[{"@type":"ReadAction","target":["https:\/\/www.ausasteel.com\/fr\/aciers\/aciers-speciaux\/aciers-de-cementation\/"]}]},{"@type":"BreadcrumbList","@id":"https:\/\/www.ausasteel.com\/fr\/aciers\/aciers-speciaux\/aciers-de-cementation\/#breadcrumb","itemListElement":[{"@type":"ListItem","position":1,"name":"Portada","item":"https:\/\/www.ausasteel.com\/fr\/"},{"@type":"ListItem","position":2,"name":"Aciers","item":"https:\/\/www.ausasteel.com\/fr\/aciers\/"},{"@type":"ListItem","position":3,"name":"Aciers sp\u00e9ciaux","item":"https:\/\/www.ausasteel.com\/fr\/aciers\/aciers-speciaux\/"},{"@type":"ListItem","position":4,"name":"Aciers de c\u00e9mentation"}]},{"@type":"WebSite","@id":"https:\/\/www.ausasteel.com\/fr\/#website","url":"https:\/\/www.ausasteel.com\/fr\/","name":"AUSA special steels","description":"AUSA special steels","potentialAction":[{"@type":"SearchAction","target":{"@type":"EntryPoint","urlTemplate":"https:\/\/www.ausasteel.com\/fr\/?s={search_term_string}"},"query-input":{"@type":"PropertyValueSpecification","valueRequired":true,"valueName":"search_term_string"}}],"inLanguage":"fr-FR"}]}},"_links":{"self":[{"href":"https:\/\/www.ausasteel.com\/fr\/wp-json\/wp\/v2\/pages\/4706","targetHints":{"allow":["GET"]}}],"collection":[{"href":"https:\/\/www.ausasteel.com\/fr\/wp-json\/wp\/v2\/pages"}],"about":[{"href":"https:\/\/www.ausasteel.com\/fr\/wp-json\/wp\/v2\/types\/page"}],"author":[{"embeddable":true,"href":"https:\/\/www.ausasteel.com\/fr\/wp-json\/wp\/v2\/users\/1"}],"replies":[{"embeddable":true,"href":"https:\/\/www.ausasteel.com\/fr\/wp-json\/wp\/v2\/comments?post=4706"}],"version-history":[{"count":6,"href":"https:\/\/www.ausasteel.com\/fr\/wp-json\/wp\/v2\/pages\/4706\/revisions"}],"predecessor-version":[{"id":15359,"href":"https:\/\/www.ausasteel.com\/fr\/wp-json\/wp\/v2\/pages\/4706\/revisions\/15359"}],"up":[{"embeddable":true,"href":"https:\/\/www.ausasteel.com\/fr\/wp-json\/wp\/v2\/pages\/4150"}],"wp:attachment":[{"href":"https:\/\/www.ausasteel.com\/fr\/wp-json\/wp\/v2\/media?parent=4706"}],"curies":[{"name":"wp","href":"https:\/\/api.w.org\/{rel}","templated":true}]}}