    {"id":4705,"date":"2014-10-26T21:09:59","date_gmt":"2014-10-26T21:09:59","guid":{"rendered":"http:\/\/ausasteel.irantzu.com\/aciers-speciaux\/aciers-allies-trempe-et-revenu\/acero-aleado-de-temple-y-revenido-f1270\/"},"modified":"2019-09-11T15:59:11","modified_gmt":"2019-09-11T15:59:11","slug":"acier-allie-trempe-et-revenu-f1270","status":"publish","type":"page","link":"https:\/\/www.ausasteel.com\/fr\/aciers\/aciers-speciaux\/aciers-allies-trempe-et-revenu\/acier-allie-trempe-et-revenu-f1270\/","title":{"rendered":"Acier alli\u00e9 trempe et revenu F1270"},"content":{"rendered":"<div class=\"row\">\n<div class=\"container\">\n<div>\n<h1>Acier alli\u00e9 trempe et revenu F1270<\/h1>\n<h3><strong>Acier alli\u00e9<\/strong> pour utiliser \u00e0 l\u2019\u00e9tat trait\u00e9 avec une r\u00e9sistance de 85-125 kg\/mm<sup>2<\/sup>.<\/h3>\n<\/div>\n<div class=\"caja_bloques\">\n<div class=\"col-md-5\">\n<div class=\"bloque\">\n<h4>\u00c9TATS D&#8217;APPROVISIONNEMENT<\/h4>\n<p>Recuit.<\/p>\n<p>Trempe et revenu.<\/p>\n<\/div>\n<div class=\"bloque\">\n<h4>DIMENSIONS EN STOCK \u2013 mm.<\/h4>\n<ul>\n<li><img decoding=\"async\" src=\"\/wp-content\/uploads\/2014\/10\/circulo.png\" alt=\"circle\" \/><span>Recuit: 20-505<\/span><\/li>\n<li><img decoding=\"async\" src=\"\/wp-content\/uploads\/2014\/10\/circulo.png\" alt=\"circle\" \/><span>Trempe et revenu: 20-505<\/span><\/li>\n<\/ul>\n<\/div>\n<div class=\"bloque\">\n<h4>NORME D&#8217;APPLICATION<\/h4>\n<p>UNE 36-012-75<\/p>\n<\/div>\n<div class=\"bloque\">\n<h4>CODE DE COULEUR<\/h4>\n<div class=\"figura\" style=\"width: 50px;height: 50px;border: 2px solid #808080 ;border-radius: 50%;position: relative;background:blue;\"><div><span style=\"position: absolute;display:inline-block;width:0;height:0;line-height:0;border:25px solid none;border-left:none;border-bottom-right-radius:50px;border-top-right-radius:50px;left:25px;top:0px\"><\/span><span style=\"position: absolute;display:inline-block;width:0;height:0;line-height:0;border:25px solid none;border-right:none;border-bottom-left-radius:50px;border-top-left-radius:50px;left:0px;top:0px\"><\/span><\/div><div style=\"width: 30px;height: 30px;border-radius: 50%;position: absolute;top: 10px;left: 10px;background: none;z-index: 3;\"><\/div><div style=\"width: 8px;height: 50px;display: block;position: absolute;z-index: 3;top: 50%;left: 50%;margin: -25px 0 0 -4px;background:yellow;\"><\/div><\/div><\/div>\n<\/div>\n<div class=\"col-md-7\">\n<div class=\"bloque\">\n<h4>DESCRIPTION ET APPLICATIONS LES PLUS COURANTES<\/h4>\n<p>Il poss\u00e8de une<strong> bonne r\u00e9sistance au choc et aux efforts de torsion.<\/strong><\/p>\n<p>Ses <strong>applications <\/strong>les plus courantes sont pour les vilebrequins, bielles et axes de dimensions moyennes.<\/p>\n<div class=\"galeria_ficha\">\n<div class=\"previsualizacion\">\n<img decoding=\"async\" id=\"preview\" src=\"\/wp-content\/uploads\/2014\/10\/Acier-Allie-F1270-1.png\" alt=\"Acier alli\u00e9 trempe et revenu F1270 - AUSA\" title=\"Acier alli\u00e9 trempe et revenu F1270 - AUSA\"><a class=\"wp-colorbox-image\" href=\"\/wp-content\/uploads\/2014\/10\/Acier-Allie-F1270-1.png\" data-rel=\"lightbox-gallery-P9H8KdKu\" data-rl_title=\"\" data-rl_caption=\"\" title=\"\"><\/a>\n<\/div>\n<div class=\"miniaturas\">\n<img decoding=\"async\" class=\"thumbnail active\" onclick=\"showGallery(event)\" src=\"\/wp-content\/uploads\/2014\/10\/Acier-Allie-F1270-1.png\" alt=\"Acier alli\u00e9 trempe et revenu F1270 - AUSA\" title=\"Acier alli\u00e9 trempe et revenu F1270 - AUSA\" ><br \/>\n<img decoding=\"async\" class=\"thumbnail\" onclick=\"showGallery(event)\" src=\"\/wp-content\/uploads\/2014\/10\/Acier-Allie-F1270-2.png\" alt=\"Acier alli\u00e9 trempe et revenu F1270 - AUSA\" title=\"Acier alli\u00e9 trempe et revenu F1270 - AUSA\"><br \/>\n<img decoding=\"async\" class=\"thumbnail\" onclick=\"showGallery(event)\" src=\"\/wp-content\/uploads\/2015\/05\/Acero-Temple-Revenido-F1270-2-AUSA.png\" alt=\"Acier alli\u00e9 trempe et revenu F1270 - AUSA\" title=\"Acier alli\u00e9 trempe et revenu F1270 - AUSA\">\n<\/div>\n<\/div>\n<\/div>\n<\/div>\n<\/div>\n<\/div>\n<\/div>\n<div class=\"row\">\n<div class=\"container caja_tablas\">\n<div class=\"selectores\">\n<button class=\"selector_tab active\" onclick=\"openTab(event,'t_composicion')\">Composition chimique<\/button><br \/>\n<button class=\"selector_tab\" onclick=\"openTab(event,'t_tratamientos')\">Traitements thermiques \u2013 Temp\u00e9ratures approximatives<\/button><br \/>\n<button class=\"selector_tab\" onclick=\"openTab(event,'t_caracteristicas')\">Caract\u00e9ristiques m\u00e9caniques<\/button><br \/>\n<button class=\"selector_tab\" onclick=\"openTab(event,'t_equivalencias')\">\u00c9quivalences approximatives<\/button>\n<\/div>\n<div id=\"t_composicion\" class=\"tab\">\n<table class=\"tt\" border=\"1\" width=\"100%\">\n<tbody>\n<tr>\n<th scope=\"col\" style=\"text-align: center; vertical-align: middle;\"><strong>Recuit \u00baC<\/strong><\/th>\n<th scope=\"col\" style=\"text-align: center; vertical-align: middle;\"><strong>Trempe <strong>\u00baC<\/strong><\/strong><\/th>\n<th scope=\"col\" style=\"text-align: center; vertical-align: middle;\"><strong>Revenu<strong> \u00baC&nbsp; <\/strong><\/strong><\/th>\n<\/tr>\n<tr>\n<td style=\"text-align: center; vertical-align: middle;\">640-670<\/td>\n<td style=\"text-align: center; vertical-align: middle;\">820-840 auile<\/td>\n<td style=\"text-align: center; vertical-align: middle;\">540-660<\/td>\n<\/tr>\n<\/tbody>\n<\/table>\n<\/div>\n<div id=\"t_tratamientos\" class=\"tab\" style=\"display:none;\">\n<table class=\"tt\" border=\"1\" width=\"100%\">\n<tbody>\n<tr>\n<th scope=\"col\" style=\"text-align: center; vertical-align: middle;\"><strong>Recuit \u00baC<\/strong><\/th>\n<th scope=\"col\" style=\"text-align: center; vertical-align: middle;\"><strong>Trempe \u00baC<\/strong><\/th>\n<th scope=\"col\" style=\"text-align: center; vertical-align: middle;\"><strong>Revenu \u00baC<\/strong><\/th>\n<\/tr>\n<tr>\n<td style=\"text-align: center; vertical-align: middle;\">670-710<\/td>\n<td style=\"text-align: center; vertical-align: middle;\">830-850<br \/>\nEau<br \/>\n840-860<br \/>\nAuile<\/td>\n<td style=\"text-align: center; vertical-align: middle;\">550-660<\/td>\n<\/tr>\n<\/tbody>\n<\/table>\n<\/div>\n<div id=\"t_caracteristicas\" class=\"tab\" style=\"display:none;\">\n<p>Propri\u00e9t\u00e9s m\u00e9caniques \u00e0 temp\u00e9rature ambiante \u00e0 l\u2019\u00e9tat de trempe et revenu (+QT)<\/p>\n<table border=\"1\" width=\"100%\">\n<tbody>\n<tr>\n<th colspan=\"2\" style=\"text-align: center; vertical-align: middle;\"><strong>Dimensions<\/strong><\/th>\n<th style=\"text-align: center; vertical-align: middle;\"><strong>Re (N\/mm<sup>2<\/sup>)<\/strong><\/th>\n<th colspan=\"2\" style=\"text-align: center; vertical-align: middle;\"><strong>Rm (N\/mm<sup>2<\/sup>)<\/strong><\/th>\n<th style=\"text-align: center; vertical-align: middle;\"><strong>A (%).<\/strong><\/th>\n<th style=\"text-align: center; vertical-align: middle;\"><strong>KV (J)<\/strong><\/th>\n<th style=\"text-align: center; vertical-align: middle;\"><strong>Duret\u00e9 indicative<\/strong><\/th>\n<\/tr>\n<tr>\n<td class=\"gris\" colspan=\"2\" style=\"text-align: center; vertical-align: middle;\"><strong>Mm.<\/strong><\/td>\n<td class=\"gris\" style=\"text-align: center; vertical-align: middle;\"><strong>Min.<\/strong><\/td>\n<td class=\"gris\" style=\"text-align: center; vertical-align: middle;\"><strong>Min.<\/strong><\/td>\n<td class=\"gris\" style=\"text-align: center; vertical-align: middle;\"><strong>Max.<\/strong><\/td>\n<td class=\"gris\" style=\"text-align: center; vertical-align: middle;\"><strong>Min.<\/strong><\/td>\n<td class=\"gris\" style=\"text-align: center; vertical-align: middle;\"><strong>Min.<\/strong><\/td>\n<td class=\"gris\" style=\"text-align: center; vertical-align: middle;\"><strong>HB<\/strong><\/td>\n<\/tr>\n<tr>\n<td style=\"text-align: center; vertical-align: middle; white-space: nowrap;\"><\/td>\n<td style=\"text-align: center; vertical-align: middle; white-space: nowrap;\">\u2264 16<\/td>\n<td style=\"text-align: center; vertical-align: middle;\">930<\/td>\n<td style=\"text-align: center; vertical-align: middle;\">1130<\/td>\n<td style=\"text-align: center; vertical-align: middle; white-space: nowrap;\">1320<\/td>\n<td style=\"text-align: center; vertical-align: middle; white-space: nowrap;\">11<\/td>\n<td style=\"text-align: center; vertical-align: middle; white-space: nowrap;\">29<\/td>\n<td style=\"text-align: center; vertical-align: middle; white-space: nowrap;\">331-388<\/td>\n<\/tr>\n<tr>\n<td style=\"text-align: center; vertical-align: middle; white-space: nowrap;\">&gt; 16<\/td>\n<td style=\"text-align: center; vertical-align: middle; white-space: nowrap;\">\u2264 40<\/td>\n<td style=\"text-align: center; vertical-align: middle;\">830<\/td>\n<td style=\"text-align: center; vertical-align: middle;\">1030<\/td>\n<td style=\"text-align: center; vertical-align: middle; white-space: nowrap;\">1220<\/td>\n<td style=\"text-align: center; vertical-align: middle; white-space: nowrap;\">11<\/td>\n<td style=\"text-align: center; vertical-align: middle; white-space: nowrap;\">29<\/td>\n<td style=\"text-align: center; vertical-align: middle; white-space: nowrap;\">302-363<\/td>\n<\/tr>\n<tr>\n<td style=\"text-align: center; vertical-align: middle; white-space: nowrap;\">&gt; 40<\/td>\n<td style=\"text-align: center; vertical-align: middle; white-space: nowrap;\">\u2264 100<\/td>\n<td style=\"text-align: center; vertical-align: middle; white-space: nowrap;\">690<\/td>\n<td style=\"text-align: center; vertical-align: middle;\">880<\/td>\n<td style=\"text-align: center; vertical-align: middle; white-space: nowrap;\">1180<\/td>\n<td style=\"text-align: center; vertical-align: middle; white-space: nowrap;\">12<\/td>\n<td style=\"text-align: center; vertical-align: middle; white-space: nowrap;\">29<\/td>\n<td style=\"text-align: center; vertical-align: middle; white-space: nowrap;\">262-321<\/td>\n<\/tr>\n<tr>\n<td style=\"text-align: center; vertical-align: middle; white-space: nowrap;\">&gt; 100<\/td>\n<td style=\"text-align: center; vertical-align: middle; white-space: nowrap;\">\u2264 160<\/td>\n<td style=\"text-align: center; vertical-align: middle; white-space: nowrap;\">590<\/td>\n<td style=\"text-align: center; vertical-align: middle; white-space: nowrap;\">780<\/td>\n<td style=\"text-align: center; vertical-align: middle; white-space: nowrap;\">980<\/td>\n<td style=\"text-align: center; vertical-align: middle; white-space: nowrap;\">12<\/td>\n<td style=\"text-align: center; vertical-align: middle; white-space: nowrap;\">29<\/td>\n<td style=\"text-align: center; vertical-align: middle; white-space: nowrap;\">232-294<\/td>\n<\/tr>\n<tr>\n<td style=\"text-align: center; vertical-align: middle; white-space: nowrap;\">&gt; 160<\/td>\n<td style=\"text-align: center; vertical-align: middle; white-space: nowrap;\">\u2264 250<\/td>\n<td style=\"text-align: center; vertical-align: middle; white-space: nowrap;\">540<\/td>\n<td style=\"text-align: center; vertical-align: middle; white-space: nowrap;\">740<\/td>\n<td style=\"text-align: center; vertical-align: middle; white-space: nowrap;\">880<\/td>\n<td style=\"text-align: center; vertical-align: middle; white-space: nowrap;\">12<\/td>\n<td style=\"text-align: center; vertical-align: middle; white-space: nowrap;\">29<\/td>\n<td style=\"text-align: center; vertical-align: middle; white-space: nowrap;\">217-265<\/td>\n<\/tr>\n<tr>\n<td style=\"text-align: center; vertical-align: middle; white-space: nowrap;\">&gt; 250<\/td>\n<td style=\"text-align: center; vertical-align: middle; white-space: nowrap;\"><\/td>\n<td colspan=\"6\" style=\"text-align: center; vertical-align: middle; white-space: nowrap;\"><strong>Consulter<\/strong><\/td>\n<\/tr>\n<\/tbody>\n<\/table>\n<p>Propri\u00e9t\u00e9s m\u00e9caniques \u00e0 temp\u00e9rature ambiante \u00e0 l\u2019\u00e9tat de recuit.<\/p>\n<table border=\"1\" width=\"100%\">\n<tbody>\n<tr>\n<td><strong>Duret\u00e9<\/strong> <strong>maximale<\/strong><\/td>\n<td style=\"text-align: center;\">248 HB<\/td>\n<\/tr>\n<\/tbody>\n<\/table>\n<\/div>\n<div id=\"t_equivalencias\" class=\"tab\" style=\"display: none;\">\n<table class=\"ea\" border=\"1\" width=\"100%\">\n<tbody>\n<tr>\n<th scope=\"col\" style=\"text-align: center; vertical-align: middle;\"><strong>EN<\/strong><\/th>\n<th scope=\"col\" style=\"text-align: center; vertical-align: middle;\"><strong>DIN<\/strong><\/th>\n<th scope=\"col\" style=\"text-align: center; vertical-align: middle;\"><strong>N\u00ba Stand<\/strong><\/th>\n<th scope=\"col\" style=\"text-align: center; vertical-align: middle;\"><strong>UNE<\/strong><\/th>\n<th scope=\"col\" style=\"text-align: center; vertical-align: middle;\"><strong>STAS<\/strong><\/th>\n<th scope=\"col\" style=\"text-align: center; vertical-align: middle;\"><strong>AFNOR<\/strong><\/th>\n<th scope=\"col\" style=\"text-align: center; vertical-align: middle;\"><strong>BS<\/strong><\/th>\n<th scope=\"col\" style=\"text-align: center; vertical-align: middle;\"><strong>UNI<\/strong><\/th>\n<th scope=\"col\" style=\"text-align: center; vertical-align: middle;\"><strong>AISI\/SAE<\/strong><\/th>\n<th scope=\"col\" style=\"text-align: center; vertical-align: middle;\"><strong>GOST<\/strong><\/th>\n<\/tr>\n<tr>\n<td style=\"text-align: center; vertical-align: middle;\"><\/td>\n<td style=\"text-align: center; vertical-align: middle;\">35NiCrMo7<\/td>\n<td style=\"text-align: center; vertical-align: middle;\"><\/td>\n<td style=\"text-align: center; vertical-align: middle;\">F1270<\/td>\n<td style=\"text-align: center; vertical-align: middle;\"><\/td>\n<td style=\"text-align: center; vertical-align: middle;\"><\/td>\n<td style=\"text-align: center; vertical-align: middle;\"><\/td>\n<td style=\"text-align: center; vertical-align: middle;\"><\/td>\n<td style=\"text-align: center; vertical-align: middle;\">4337<\/td>\n<td style=\"text-align: center; vertical-align: middle;\">34XH2M<\/td>\n<\/tr>\n<\/tbody>\n<\/table>\n<\/div>\n<\/div>\n<div class=\"container ficha_descarga\">\n<a class=\"btn_ausa\" title=\"Fiche technique acier alli\u00e9 trempe et revenu F1270 - Recuit\" href=\"https:\/\/www.ausasteel.com\/wp-content\/uploads\/2015\/05\/Acier-Tempre-Revenu-F1270-RECUIT-AUSA.pdf\" target=\"_blank\">Fiche technique acier alli\u00e9 trempe et revenu F1270 \u2013 Recuit<\/a><br \/>\n<a class=\"btn_ausa\" title=\"title=\" href=\"https:\/\/www.ausasteel.com\/wp-content\/uploads\/2015\/05\/Acier-Tempre-Revenu-F1270-AUSA.pdf\" target=\"_blank\">Fiche technique acier alli\u00e9 trempe et revenu F1270 \u2013 Tempre et revenu<\/a>\n<\/div>\n<\/div>\n<div class=\"row informacion_tecnica_ficha\">\n<div class=\"container\">\n<ul>\n<li id=\"menu-item-1297\"><a title=\"Calculatrice de Poids\" href=\"\/fr\/information-technique\/calculatrice-de-poids\/\">Calculatrice de Poids<\/a><\/li>\n<li id=\"menu-item-1302\"><a title=\"Tol\u00e9rances Dimensionnelles\" href=\"\/fr\/information-technique\/tolerances-dimensionnelles\/\">Tol\u00e9rances Dimensionnelles<\/a><\/li>\n<\/ul>\n<\/div>\n<\/div>\n<div class=\"row relacionados\">\n<div class=\"contaienr\">\n<h2>Acier alli\u00e9 de trempe et revenu concern\u00e9<\/h2>\n<p>[vc_widget_sidebar show_bg=&#8221;false&#8221; sidebar_id=&#8221;sidebar_13&#8243;]\n<\/p><\/div>\n<\/div><!-- AddThis Advanced Settings generic via filter on the_content -->","protected":false},"excerpt":{"rendered":"<p>Acier alli\u00e9 trempe et revenu F1270 Acier alli\u00e9 pour utiliser \u00e0 l\u2019\u00e9tat trait\u00e9 avec une r\u00e9sistance de 85-125 kg\/mm2. \u00c9TATS D&#8217;APPROVISIONNEMENT Recuit. Trempe et revenu. DIMENSIONS EN STOCK \u2013 mm. Recuit: 20-505 Trempe et revenu: 20-505 NORME D&#8217;APPLICATION UNE 36-012-75 CODE DE COULEUR DESCRIPTION ET APPLICATIONS LES PLUS COURANTES Il poss\u00e8de une bonne r\u00e9sistance au&hellip;<!-- AddThis Advanced Settings generic via filter on get_the_excerpt --><\/p>\n","protected":false},"author":1,"featured_media":0,"parent":4701,"menu_order":0,"comment_status":"closed","ping_status":"closed","template":"","meta":{"footnotes":""},"class_list":["post-4705","page","type-page","status-publish","hentry"],"yoast_head":"<!-- This site is optimized with the Yoast SEO plugin v26.6 - https:\/\/yoast.com\/wordpress\/plugins\/seo\/ -->\n<title>Acier alli\u00e9 trempe et revenu F1270 - AUSA<\/title>\n<meta name=\"description\" content=\"Acier alli\u00e9 pour utiliser \u00e0 l\u2019\u00e9tat trait\u00e9 avec une r\u00e9sistance de 85-125 kg\/mm2.\" \/>\n<meta name=\"robots\" content=\"index, follow, max-snippet:-1, max-image-preview:large, max-video-preview:-1\" \/>\n<link rel=\"canonical\" href=\"https:\/\/www.ausasteel.com\/fr\/aciers\/aciers-speciaux\/aciers-allies-trempe-et-revenu\/acier-allie-trempe-et-revenu-f1270\/\" \/>\n<meta property=\"og:locale\" content=\"fr_FR\" \/>\n<meta property=\"og:type\" content=\"article\" \/>\n<meta property=\"og:title\" content=\"Acier alli\u00e9 trempe et revenu F1270 - AUSA\" \/>\n<meta property=\"og:description\" content=\"Acier alli\u00e9 pour utiliser \u00e0 l\u2019\u00e9tat trait\u00e9 avec une r\u00e9sistance de 85-125 kg\/mm2.\" \/>\n<meta property=\"og:url\" content=\"https:\/\/www.ausasteel.com\/fr\/aciers\/aciers-speciaux\/aciers-allies-trempe-et-revenu\/acier-allie-trempe-et-revenu-f1270\/\" \/>\n<meta property=\"og:site_name\" content=\"AUSA special steels\" \/>\n<meta property=\"article:modified_time\" content=\"2019-09-11T15:59:11+00:00\" \/>\n<meta name=\"twitter:label1\" content=\"Est. reading time\" \/>\n\t<meta name=\"twitter:data1\" content=\"1 minute\" \/>\n<script type=\"application\/ld+json\" class=\"yoast-schema-graph\">{\"@context\":\"https:\/\/schema.org\",\"@graph\":[{\"@type\":\"WebPage\",\"@id\":\"https:\/\/www.ausasteel.com\/fr\/aciers\/aciers-speciaux\/aciers-allies-trempe-et-revenu\/acier-allie-trempe-et-revenu-f1270\/\",\"url\":\"https:\/\/www.ausasteel.com\/fr\/aciers\/aciers-speciaux\/aciers-allies-trempe-et-revenu\/acier-allie-trempe-et-revenu-f1270\/\",\"name\":\"Acier alli\u00e9 trempe et revenu F1270 - AUSA\",\"isPartOf\":{\"@id\":\"https:\/\/www.ausasteel.com\/fr\/#website\"},\"datePublished\":\"2014-10-26T21:09:59+00:00\",\"dateModified\":\"2019-09-11T15:59:11+00:00\",\"description\":\"Acier alli\u00e9 pour utiliser \u00e0 l\u2019\u00e9tat trait\u00e9 avec une r\u00e9sistance de 85-125 kg\/mm2.\",\"breadcrumb\":{\"@id\":\"https:\/\/www.ausasteel.com\/fr\/aciers\/aciers-speciaux\/aciers-allies-trempe-et-revenu\/acier-allie-trempe-et-revenu-f1270\/#breadcrumb\"},\"inLanguage\":\"fr-FR\",\"potentialAction\":[{\"@type\":\"ReadAction\",\"target\":[\"https:\/\/www.ausasteel.com\/fr\/aciers\/aciers-speciaux\/aciers-allies-trempe-et-revenu\/acier-allie-trempe-et-revenu-f1270\/\"]}]},{\"@type\":\"BreadcrumbList\",\"@id\":\"https:\/\/www.ausasteel.com\/fr\/aciers\/aciers-speciaux\/aciers-allies-trempe-et-revenu\/acier-allie-trempe-et-revenu-f1270\/#breadcrumb\",\"itemListElement\":[{\"@type\":\"ListItem\",\"position\":1,\"name\":\"Portada\",\"item\":\"https:\/\/www.ausasteel.com\/fr\/\"},{\"@type\":\"ListItem\",\"position\":2,\"name\":\"Aciers\",\"item\":\"https:\/\/www.ausasteel.com\/fr\/aciers\/\"},{\"@type\":\"ListItem\",\"position\":3,\"name\":\"Aciers sp\u00e9ciaux\",\"item\":\"https:\/\/www.ausasteel.com\/fr\/aciers\/aciers-speciaux\/\"},{\"@type\":\"ListItem\",\"position\":4,\"name\":\"Aciers alli\u00e9s trempe et revenu\",\"item\":\"https:\/\/www.ausasteel.com\/fr\/aciers\/aciers-speciaux\/aciers-allies-trempe-et-revenu\/\"},{\"@type\":\"ListItem\",\"position\":5,\"name\":\"Acier alli\u00e9 trempe et revenu F1270\"}]},{\"@type\":\"WebSite\",\"@id\":\"https:\/\/www.ausasteel.com\/fr\/#website\",\"url\":\"https:\/\/www.ausasteel.com\/fr\/\",\"name\":\"AUSA special steels\",\"description\":\"AUSA special steels\",\"potentialAction\":[{\"@type\":\"SearchAction\",\"target\":{\"@type\":\"EntryPoint\",\"urlTemplate\":\"https:\/\/www.ausasteel.com\/fr\/?s={search_term_string}\"},\"query-input\":{\"@type\":\"PropertyValueSpecification\",\"valueRequired\":true,\"valueName\":\"search_term_string\"}}],\"inLanguage\":\"fr-FR\"}]}<\/script>\n<!-- \/ Yoast SEO plugin. -->","yoast_head_json":{"title":"Acier alli\u00e9 trempe et revenu F1270 - AUSA","description":"Acier alli\u00e9 pour utiliser \u00e0 l\u2019\u00e9tat trait\u00e9 avec une r\u00e9sistance de 85-125 kg\/mm2.","robots":{"index":"index","follow":"follow","max-snippet":"max-snippet:-1","max-image-preview":"max-image-preview:large","max-video-preview":"max-video-preview:-1"},"canonical":"https:\/\/www.ausasteel.com\/fr\/aciers\/aciers-speciaux\/aciers-allies-trempe-et-revenu\/acier-allie-trempe-et-revenu-f1270\/","og_locale":"fr_FR","og_type":"article","og_title":"Acier alli\u00e9 trempe et revenu F1270 - AUSA","og_description":"Acier alli\u00e9 pour utiliser \u00e0 l\u2019\u00e9tat trait\u00e9 avec une r\u00e9sistance de 85-125 kg\/mm2.","og_url":"https:\/\/www.ausasteel.com\/fr\/aciers\/aciers-speciaux\/aciers-allies-trempe-et-revenu\/acier-allie-trempe-et-revenu-f1270\/","og_site_name":"AUSA special steels","article_modified_time":"2019-09-11T15:59:11+00:00","twitter_misc":{"Est. reading time":"1 minute"},"schema":{"@context":"https:\/\/schema.org","@graph":[{"@type":"WebPage","@id":"https:\/\/www.ausasteel.com\/fr\/aciers\/aciers-speciaux\/aciers-allies-trempe-et-revenu\/acier-allie-trempe-et-revenu-f1270\/","url":"https:\/\/www.ausasteel.com\/fr\/aciers\/aciers-speciaux\/aciers-allies-trempe-et-revenu\/acier-allie-trempe-et-revenu-f1270\/","name":"Acier alli\u00e9 trempe et revenu F1270 - AUSA","isPartOf":{"@id":"https:\/\/www.ausasteel.com\/fr\/#website"},"datePublished":"2014-10-26T21:09:59+00:00","dateModified":"2019-09-11T15:59:11+00:00","description":"Acier alli\u00e9 pour utiliser \u00e0 l\u2019\u00e9tat trait\u00e9 avec une r\u00e9sistance de 85-125 kg\/mm2.","breadcrumb":{"@id":"https:\/\/www.ausasteel.com\/fr\/aciers\/aciers-speciaux\/aciers-allies-trempe-et-revenu\/acier-allie-trempe-et-revenu-f1270\/#breadcrumb"},"inLanguage":"fr-FR","potentialAction":[{"@type":"ReadAction","target":["https:\/\/www.ausasteel.com\/fr\/aciers\/aciers-speciaux\/aciers-allies-trempe-et-revenu\/acier-allie-trempe-et-revenu-f1270\/"]}]},{"@type":"BreadcrumbList","@id":"https:\/\/www.ausasteel.com\/fr\/aciers\/aciers-speciaux\/aciers-allies-trempe-et-revenu\/acier-allie-trempe-et-revenu-f1270\/#breadcrumb","itemListElement":[{"@type":"ListItem","position":1,"name":"Portada","item":"https:\/\/www.ausasteel.com\/fr\/"},{"@type":"ListItem","position":2,"name":"Aciers","item":"https:\/\/www.ausasteel.com\/fr\/aciers\/"},{"@type":"ListItem","position":3,"name":"Aciers sp\u00e9ciaux","item":"https:\/\/www.ausasteel.com\/fr\/aciers\/aciers-speciaux\/"},{"@type":"ListItem","position":4,"name":"Aciers alli\u00e9s trempe et revenu","item":"https:\/\/www.ausasteel.com\/fr\/aciers\/aciers-speciaux\/aciers-allies-trempe-et-revenu\/"},{"@type":"ListItem","position":5,"name":"Acier alli\u00e9 trempe et revenu F1270"}]},{"@type":"WebSite","@id":"https:\/\/www.ausasteel.com\/fr\/#website","url":"https:\/\/www.ausasteel.com\/fr\/","name":"AUSA special steels","description":"AUSA special steels","potentialAction":[{"@type":"SearchAction","target":{"@type":"EntryPoint","urlTemplate":"https:\/\/www.ausasteel.com\/fr\/?s={search_term_string}"},"query-input":{"@type":"PropertyValueSpecification","valueRequired":true,"valueName":"search_term_string"}}],"inLanguage":"fr-FR"}]}},"_links":{"self":[{"href":"https:\/\/www.ausasteel.com\/fr\/wp-json\/wp\/v2\/pages\/4705","targetHints":{"allow":["GET"]}}],"collection":[{"href":"https:\/\/www.ausasteel.com\/fr\/wp-json\/wp\/v2\/pages"}],"about":[{"href":"https:\/\/www.ausasteel.com\/fr\/wp-json\/wp\/v2\/types\/page"}],"author":[{"embeddable":true,"href":"https:\/\/www.ausasteel.com\/fr\/wp-json\/wp\/v2\/users\/1"}],"replies":[{"embeddable":true,"href":"https:\/\/www.ausasteel.com\/fr\/wp-json\/wp\/v2\/comments?post=4705"}],"version-history":[{"count":15,"href":"https:\/\/www.ausasteel.com\/fr\/wp-json\/wp\/v2\/pages\/4705\/revisions"}],"predecessor-version":[{"id":16079,"href":"https:\/\/www.ausasteel.com\/fr\/wp-json\/wp\/v2\/pages\/4705\/revisions\/16079"}],"up":[{"embeddable":true,"href":"https:\/\/www.ausasteel.com\/fr\/wp-json\/wp\/v2\/pages\/4701"}],"wp:attachment":[{"href":"https:\/\/www.ausasteel.com\/fr\/wp-json\/wp\/v2\/media?parent=4705"}],"curies":[{"name":"wp","href":"https:\/\/api.w.org\/{rel}","templated":true}]}}