        {"id":4701,"date":"2014-10-18T17:01:13","date_gmt":"2014-10-18T17:01:13","guid":{"rendered":"http:\/\/ausasteel.irantzu.com\/aciers-speciaux\/aceros-aleados-de-temple-y-revenido\/"},"modified":"2018-11-09T09:12:07","modified_gmt":"2018-11-09T09:12:07","slug":"aciers-allies-trempe-et-revenu","status":"publish","type":"page","link":"https:\/\/www.ausasteel.com\/fr\/aciers\/aciers-speciaux\/aciers-allies-trempe-et-revenu\/","title":{"rendered":"Aciers alli\u00e9s trempe et revenu"},"content":{"rendered":"<div class=\"row\">\n<div class=\"container\">\n<h1>Aciers alli\u00e9s trempe et revenu<\/h1>\n<\/div>\n<div class=\"container columna_imagen\">\n<div class=\"col-md-6\">\n<h3>\u00bfQuels types d\u2019aciers alli\u00e9s de trempe et revenu travaille AUSA?<\/h3>\n<p><span style=\"font-size: 1.2em;\"><strong>AUSA<\/strong> travaille avec diff\u00e9rentes <strong>qualit\u00e9s d\u2019aciers alli\u00e9s de trempe et revenu.<\/strong> Les propri\u00e9t\u00e9s, applications, composition chimique, \u00e9quivalences, traitements thermiques et dimensions varient en fonction de la qualit\u00e9 choisie.<br \/>\n<\/span><\/p>\n<p>[vc_widget_sidebar show_bg=&#8221;false&#8221; sidebar_id=&#8221;sidebar_13&#8243;]\n<\/p><\/div>\n<div class=\"col-md-6\">\n<div class=\"container_imagen\">\n<img decoding=\"async\" src=\"\/wp-content\/uploads\/2015\/05\/Aceros-Aleados-Temple-Revenido-AUSA.png\" alt=\"Aciers alli\u00e9s trempe et revenu - AUSA Special Steels\" title=\"Aciers alli\u00e9s trempe et revenu - AUSA Special Steels\">\n<\/div>\n<\/div>\n<\/div>\n<\/div>\n<div class=\"row\">\n<div class=\"container\">\n<p>Aciers avec un ou plusieurs \u00e9l\u00e9ments d\u2019alliage avec <strong>r\u00e9sistances variables entre 700 et 1300 N\/mm<\/strong><strong><sup>2<\/sup><\/strong> apr\u00e8s trempe et revenu. Les aciers alli\u00e9s de trempe et revenu sont utilis\u00e9s dans tous les secteurs industriels.<\/p>\n<p>Leurs <strong>utilisations les plus courantes <\/strong>sont pour cr\u00e9er des composants qui sont soumis \u00e0 de <strong>gros efforts.<\/strong> Ils sont aussi appel\u00e9s <strong>alli\u00e9 de bonification.<\/strong><\/p>\n<p>Leurs<strong> applications les plus courantes<\/strong> sont pour les boulons de haute de r\u00e9sistance, engrenages, vilebrequins, bielles, manchons, axes pour machines et moteurs.<\/p>\n<p><strong>AUSA<\/strong> travaille avec des <strong>sid\u00e9rurgies au prestige reconnu,<\/strong> ce qui garantit la qualit\u00e9 maximale des produits en aciers alli\u00e9s propos\u00e9s.<\/p>\n<\/div>\n<\/div>\n<div class=\"row gris\" id=\"informacion_tecnica\">\n<div class=\"container\">\n<h2>Information technique<\/h2>\n<p>[vc_widget_sidebar show_bg=&#8221;false&#8221; sidebar_id=&#8221;sidebar_26&#8243;]\n<\/p><\/div>\n<\/div><!-- AddThis Advanced Settings generic via filter on the_content -->","protected":false},"excerpt":{"rendered":"<p>Aciers alli\u00e9s trempe et revenu \u00bfQuels types d\u2019aciers alli\u00e9s de trempe et revenu travaille AUSA? AUSA travaille avec diff\u00e9rentes qualit\u00e9s d\u2019aciers alli\u00e9s de trempe et revenu. Les propri\u00e9t\u00e9s, applications, composition chimique, \u00e9quivalences, traitements thermiques et dimensions varient en fonction de la qualit\u00e9 choisie. [vc_widget_sidebar show_bg=&#8221;false&#8221; sidebar_id=&#8221;sidebar_13&#8243;] Aciers avec un ou plusieurs \u00e9l\u00e9ments d\u2019alliage avec r\u00e9sistances&hellip;<!-- AddThis Advanced Settings generic via filter on get_the_excerpt --><\/p>\n","protected":false},"author":1,"featured_media":0,"parent":4150,"menu_order":0,"comment_status":"closed","ping_status":"closed","template":"","meta":{"footnotes":""},"class_list":["post-4701","page","type-page","status-publish","hentry"],"yoast_head":"<!-- This site is optimized with the Yoast SEO plugin v26.6 - https:\/\/yoast.com\/wordpress\/plugins\/seo\/ -->\n<title>Aciers alli\u00e9s trempe et revenu - AUSA special steels<\/title>\n<meta name=\"robots\" content=\"index, follow, max-snippet:-1, max-image-preview:large, max-video-preview:-1\" \/>\n<link rel=\"canonical\" href=\"https:\/\/www.ausasteel.com\/fr\/aciers\/aciers-speciaux\/aciers-allies-trempe-et-revenu\/\" \/>\n<meta property=\"og:locale\" content=\"fr_FR\" \/>\n<meta property=\"og:type\" content=\"article\" \/>\n<meta property=\"og:title\" content=\"Aciers alli\u00e9s trempe et revenu - AUSA special steels\" \/>\n<meta property=\"og:description\" content=\"Aciers alli\u00e9s trempe et revenu \u00bfQuels types d\u2019aciers alli\u00e9s de trempe et revenu travaille AUSA? AUSA travaille avec diff\u00e9rentes qualit\u00e9s d\u2019aciers alli\u00e9s de trempe et revenu. Les propri\u00e9t\u00e9s, applications, composition chimique, \u00e9quivalences, traitements thermiques et dimensions varient en fonction de la qualit\u00e9 choisie. [vc_widget_sidebar show_bg=&#8221;false&#8221; sidebar_id=&#8221;sidebar_13&#8243;] Aciers avec un ou plusieurs \u00e9l\u00e9ments d\u2019alliage avec r\u00e9sistances&hellip;\" \/>\n<meta property=\"og:url\" content=\"https:\/\/www.ausasteel.com\/fr\/aciers\/aciers-speciaux\/aciers-allies-trempe-et-revenu\/\" \/>\n<meta property=\"og:site_name\" content=\"AUSA special steels\" \/>\n<meta property=\"article:modified_time\" content=\"2018-11-09T09:12:07+00:00\" \/>\n<meta name=\"twitter:label1\" content=\"Est. reading time\" \/>\n\t<meta name=\"twitter:data1\" content=\"1 minute\" \/>\n<script type=\"application\/ld+json\" class=\"yoast-schema-graph\">{\"@context\":\"https:\/\/schema.org\",\"@graph\":[{\"@type\":\"WebPage\",\"@id\":\"https:\/\/www.ausasteel.com\/fr\/aciers\/aciers-speciaux\/aciers-allies-trempe-et-revenu\/\",\"url\":\"https:\/\/www.ausasteel.com\/fr\/aciers\/aciers-speciaux\/aciers-allies-trempe-et-revenu\/\",\"name\":\"Aciers alli\u00e9s trempe et revenu - AUSA special steels\",\"isPartOf\":{\"@id\":\"https:\/\/www.ausasteel.com\/fr\/#website\"},\"datePublished\":\"2014-10-18T17:01:13+00:00\",\"dateModified\":\"2018-11-09T09:12:07+00:00\",\"breadcrumb\":{\"@id\":\"https:\/\/www.ausasteel.com\/fr\/aciers\/aciers-speciaux\/aciers-allies-trempe-et-revenu\/#breadcrumb\"},\"inLanguage\":\"fr-FR\",\"potentialAction\":[{\"@type\":\"ReadAction\",\"target\":[\"https:\/\/www.ausasteel.com\/fr\/aciers\/aciers-speciaux\/aciers-allies-trempe-et-revenu\/\"]}]},{\"@type\":\"BreadcrumbList\",\"@id\":\"https:\/\/www.ausasteel.com\/fr\/aciers\/aciers-speciaux\/aciers-allies-trempe-et-revenu\/#breadcrumb\",\"itemListElement\":[{\"@type\":\"ListItem\",\"position\":1,\"name\":\"Portada\",\"item\":\"https:\/\/www.ausasteel.com\/fr\/\"},{\"@type\":\"ListItem\",\"position\":2,\"name\":\"Aciers\",\"item\":\"https:\/\/www.ausasteel.com\/fr\/aciers\/\"},{\"@type\":\"ListItem\",\"position\":3,\"name\":\"Aciers sp\u00e9ciaux\",\"item\":\"https:\/\/www.ausasteel.com\/fr\/aciers\/aciers-speciaux\/\"},{\"@type\":\"ListItem\",\"position\":4,\"name\":\"Aciers alli\u00e9s trempe et revenu\"}]},{\"@type\":\"WebSite\",\"@id\":\"https:\/\/www.ausasteel.com\/fr\/#website\",\"url\":\"https:\/\/www.ausasteel.com\/fr\/\",\"name\":\"AUSA special steels\",\"description\":\"AUSA special steels\",\"potentialAction\":[{\"@type\":\"SearchAction\",\"target\":{\"@type\":\"EntryPoint\",\"urlTemplate\":\"https:\/\/www.ausasteel.com\/fr\/?s={search_term_string}\"},\"query-input\":{\"@type\":\"PropertyValueSpecification\",\"valueRequired\":true,\"valueName\":\"search_term_string\"}}],\"inLanguage\":\"fr-FR\"}]}<\/script>\n<!-- \/ Yoast SEO plugin. -->","yoast_head_json":{"title":"Aciers alli\u00e9s trempe et revenu - AUSA special steels","robots":{"index":"index","follow":"follow","max-snippet":"max-snippet:-1","max-image-preview":"max-image-preview:large","max-video-preview":"max-video-preview:-1"},"canonical":"https:\/\/www.ausasteel.com\/fr\/aciers\/aciers-speciaux\/aciers-allies-trempe-et-revenu\/","og_locale":"fr_FR","og_type":"article","og_title":"Aciers alli\u00e9s trempe et revenu - AUSA special steels","og_description":"Aciers alli\u00e9s trempe et revenu \u00bfQuels types d\u2019aciers alli\u00e9s de trempe et revenu travaille AUSA? AUSA travaille avec diff\u00e9rentes qualit\u00e9s d\u2019aciers alli\u00e9s de trempe et revenu. Les propri\u00e9t\u00e9s, applications, composition chimique, \u00e9quivalences, traitements thermiques et dimensions varient en fonction de la qualit\u00e9 choisie. [vc_widget_sidebar show_bg=&#8221;false&#8221; sidebar_id=&#8221;sidebar_13&#8243;] Aciers avec un ou plusieurs \u00e9l\u00e9ments d\u2019alliage avec r\u00e9sistances&hellip;","og_url":"https:\/\/www.ausasteel.com\/fr\/aciers\/aciers-speciaux\/aciers-allies-trempe-et-revenu\/","og_site_name":"AUSA special steels","article_modified_time":"2018-11-09T09:12:07+00:00","twitter_misc":{"Est. reading time":"1 minute"},"schema":{"@context":"https:\/\/schema.org","@graph":[{"@type":"WebPage","@id":"https:\/\/www.ausasteel.com\/fr\/aciers\/aciers-speciaux\/aciers-allies-trempe-et-revenu\/","url":"https:\/\/www.ausasteel.com\/fr\/aciers\/aciers-speciaux\/aciers-allies-trempe-et-revenu\/","name":"Aciers alli\u00e9s trempe et revenu - AUSA special steels","isPartOf":{"@id":"https:\/\/www.ausasteel.com\/fr\/#website"},"datePublished":"2014-10-18T17:01:13+00:00","dateModified":"2018-11-09T09:12:07+00:00","breadcrumb":{"@id":"https:\/\/www.ausasteel.com\/fr\/aciers\/aciers-speciaux\/aciers-allies-trempe-et-revenu\/#breadcrumb"},"inLanguage":"fr-FR","potentialAction":[{"@type":"ReadAction","target":["https:\/\/www.ausasteel.com\/fr\/aciers\/aciers-speciaux\/aciers-allies-trempe-et-revenu\/"]}]},{"@type":"BreadcrumbList","@id":"https:\/\/www.ausasteel.com\/fr\/aciers\/aciers-speciaux\/aciers-allies-trempe-et-revenu\/#breadcrumb","itemListElement":[{"@type":"ListItem","position":1,"name":"Portada","item":"https:\/\/www.ausasteel.com\/fr\/"},{"@type":"ListItem","position":2,"name":"Aciers","item":"https:\/\/www.ausasteel.com\/fr\/aciers\/"},{"@type":"ListItem","position":3,"name":"Aciers sp\u00e9ciaux","item":"https:\/\/www.ausasteel.com\/fr\/aciers\/aciers-speciaux\/"},{"@type":"ListItem","position":4,"name":"Aciers alli\u00e9s trempe et revenu"}]},{"@type":"WebSite","@id":"https:\/\/www.ausasteel.com\/fr\/#website","url":"https:\/\/www.ausasteel.com\/fr\/","name":"AUSA special steels","description":"AUSA special steels","potentialAction":[{"@type":"SearchAction","target":{"@type":"EntryPoint","urlTemplate":"https:\/\/www.ausasteel.com\/fr\/?s={search_term_string}"},"query-input":{"@type":"PropertyValueSpecification","valueRequired":true,"valueName":"search_term_string"}}],"inLanguage":"fr-FR"}]}},"_links":{"self":[{"href":"https:\/\/www.ausasteel.com\/fr\/wp-json\/wp\/v2\/pages\/4701","targetHints":{"allow":["GET"]}}],"collection":[{"href":"https:\/\/www.ausasteel.com\/fr\/wp-json\/wp\/v2\/pages"}],"about":[{"href":"https:\/\/www.ausasteel.com\/fr\/wp-json\/wp\/v2\/types\/page"}],"author":[{"embeddable":true,"href":"https:\/\/www.ausasteel.com\/fr\/wp-json\/wp\/v2\/users\/1"}],"replies":[{"embeddable":true,"href":"https:\/\/www.ausasteel.com\/fr\/wp-json\/wp\/v2\/comments?post=4701"}],"version-history":[{"count":5,"href":"https:\/\/www.ausasteel.com\/fr\/wp-json\/wp\/v2\/pages\/4701\/revisions"}],"predecessor-version":[{"id":15349,"href":"https:\/\/www.ausasteel.com\/fr\/wp-json\/wp\/v2\/pages\/4701\/revisions\/15349"}],"up":[{"embeddable":true,"href":"https:\/\/www.ausasteel.com\/fr\/wp-json\/wp\/v2\/pages\/4150"}],"wp:attachment":[{"href":"https:\/\/www.ausasteel.com\/fr\/wp-json\/wp\/v2\/media?parent=4701"}],"curies":[{"name":"wp","href":"https:\/\/api.w.org\/{rel}","templated":true}]}}