        {"id":4678,"date":"2014-10-26T20:40:02","date_gmt":"2014-10-26T20:40:02","guid":{"rendered":"http:\/\/ausasteel.irantzu.com\/aciers-speciaux\/aciers-au-carbone\/acero-al-carbono-s355j0\/"},"modified":"2019-09-11T16:01:25","modified_gmt":"2019-09-11T16:01:25","slug":"acero-al-carbono-s355j0","status":"publish","type":"page","link":"https:\/\/www.ausasteel.com\/fr\/aciers\/aciers-speciaux\/aciers-au-carbone\/acero-al-carbono-s355j0\/","title":{"rendered":"Acier au carbone S355J0"},"content":{"rendered":"<div class=\"row\">\n<div class=\"container\">\n<div>\n<h1>Acier au carbone S355J0<\/h1>\n<h3><strong>Acier au carbone<\/strong> avec une <strong>r\u00e9sistance moyenne<\/strong> et une <strong>bonne soudabilit\u00e9 et t\u00e9nacit\u00e9<\/strong>. Consid\u00e9rant ses caract\u00e9ristiques m\u00e9caniques, il est un bon rempla\u00e7ant du C25 et C35.<\/h3>\n<\/div>\n<div class=\"caja_bloques\">\n<div class=\"col-md-5\">\n<div class=\"bloque\">\n<h4>\u00c9TATS D&#8217;APPROVISIONNEMENT<\/h4>\n<p>Brut de laminage.<\/p>\n<\/div>\n<div class=\"bloque\">\n<h4>DIMENSIONS EN STOCK \u2013 mm.<\/h4>\n<ul>\n<li><img decoding=\"async\" src=\"\/wp-content\/uploads\/2014\/10\/cuadrado.png\" alt=\"square\"\/><span>20-100<\/span><\/li>\n<li><img decoding=\"async\" src=\"\/wp-content\/uploads\/2014\/10\/rectangulo.png\" alt=\"rectangle\" \/><span>30X5-220X50<\/span><\/li>\n<\/ul>\n<\/div>\n<div class=\"bloque\">\n<h4>NORME D&#8217;APPLICATION<\/h4>\n<p>EN 10025-2<\/p>\n<\/div>\n<div class=\"bloque\">\n<h4>CODE DE COULEUR<\/h4>\n<div class=\"figura\" style=\"width: 50px;height: 50px;border: 2px solid #808080 ;border-radius: 50%;position: relative;background:#000000;\"><div><span style=\"position: absolute;display:inline-block;width:0;height:0;line-height:0;border:25px solid none;border-left:none;border-bottom-right-radius:50px;border-top-right-radius:50px;left:25px;top:0px\"><\/span><span style=\"position: absolute;display:inline-block;width:0;height:0;line-height:0;border:25px solid none;border-right:none;border-bottom-left-radius:50px;border-top-left-radius:50px;left:0px;top:0px\"><\/span><\/div><div style=\"width: 30px;height: 30px;border-radius: 50%;position: absolute;top: 10px;left: 10px;background: none;z-index: 3;\"><\/div><div style=\"width: 8px;height: 50px;display: block;position: absolute;z-index: 3;top: 50%;left: 50%;margin: -25px 0 0 -4px;background:none;\"><\/div><\/div><\/div>\n<\/div>\n<div class=\"col-md-7\">\n<div class=\"bloque\">\n<h4>DESCRIPTION ET APPLICATIONS LES PLUS COURANTES<\/h4>\n<p><strong>R\u00e9sultats acceptables dans la c\u00e9mentation en pi\u00e8ces \u00e0 responsabilit\u00e9 limit\u00e9e.<\/strong><\/p>\n<p>Ses <strong>applications <\/strong>les plus courantes sont pour les boulons, cha\u00eenes, essieux de chemin de fer, bielles et structures m\u00e9talliques.<\/p>\n<div class=\"galeria_ficha\">\n<div class=\"previsualizacion\">\n<img decoding=\"async\" id=\"preview\" src=\"\/wp-content\/uploads\/2014\/10\/Acier-Carbone-S355J0-1.png\" alt=\"\" title=\"\"><a class=\"wp-colorbox-image\" href=\"\/wp-content\/uploads\/2014\/10\/Acier-Carbone-S355J0-1.png\" data-rel=\"lightbox-gallery-1ElpczAC\" data-rl_title=\"\" data-rl_caption=\"\" title=\"\"><\/a>\n<\/div>\n<div class=\"miniaturas\">\n<img decoding=\"async\" class=\"thumbnail active\" onclick=\"showGallery(event)\" src=\"\/wp-content\/uploads\/2014\/10\/Acier-Carbone-S355J0-1.png\" alt=\"Acier au carbone S355J0 - AUSA\" title=\"Acier au carbone S355J0 - AUSA\" ><br \/>\n<img decoding=\"async\" class=\"thumbnail\" onclick=\"showGallery(event)\" src=\"\/wp-content\/uploads\/2014\/10\/Acier-Carbone-S355J0-2.png\" alt=\"Acier au carbone S355J0 - AUSA\" title=\"Acier au carbone S355J0 - AUSA\"><br \/>\n<img decoding=\"async\" class=\"thumbnail\" onclick=\"showGallery(event)\" src=\"\/wp-content\/uploads\/2015\/05\/Acero-Carbono-S355J0-AUSA.png\" alt=\"Acier au carbone S355J0 - AUSA\" title=\"Acier au carbone S355J0 - AUSA\">\n<\/div>\n<\/div>\n<\/div>\n<\/div>\n<\/div>\n<\/div>\n<\/div>\n<div class=\"row\">\n<div class=\"container caja_tablas\">\n<div class=\"selectores\">\n<button class=\"selector_tab active\" onclick=\"openTab(event,'t_composicion')\">Composition chimique<\/button><br \/>\n<button class=\"selector_tab\" onclick=\"openTab(event,'t_tratamientos')\">Traitements thermiques \u2013 Temp\u00e9ratures approximatives<\/button><br \/>\n<button class=\"selector_tab\" onclick=\"openTab(event,'t_caracteristicas')\">Caract\u00e9ristiques m\u00e9caniques<\/button><br \/>\n<button class=\"selector_tab\" onclick=\"openTab(event,'t_equivalencias')\">\u00c9quivalences approximatives<\/button>\n<\/div>\n<div id=\"t_composicion\" class=\"tab\">\n<table class=\"footable\" border=\"1\" width=\"100%\">\n<tbody>\n<tr>\n<th scope=\"col\" style=\"text-align: center; vertical-align: middle;\"><\/th>\n<th scope=\"col\" style=\"text-align: center; vertical-align: middle;\"><strong>C<\/strong><\/th>\n<th scope=\"col\" style=\"text-align: center; vertical-align: middle;\"><strong>Mn<\/strong><\/th>\n<th scope=\"col\" style=\"text-align: center; vertical-align: middle;\"><strong>Si<\/strong><\/th>\n<th scope=\"col\" style=\"text-align: center; vertical-align: middle;\"><strong>P<\/strong><\/th>\n<th scope=\"col\" style=\"text-align: center; vertical-align: middle;\"><strong>S<\/strong><\/th>\n<th scope=\"col\" style=\"text-align: center; vertical-align: middle;\"><strong>AUTRES<\/strong><\/th>\n<\/tr>\n<tr>\n<td style=\"text-align: center; vertical-align: middle;\"><strong>Min.<\/strong><\/td>\n<td style=\"text-align: center; vertical-align: middle;\"><\/td>\n<td style=\"text-align: center; vertical-align: middle;\"><\/td>\n<td style=\"text-align: center; vertical-align: middle;\"><\/td>\n<td style=\"text-align: center; vertical-align: middle;\"><\/td>\n<td style=\"text-align: center; vertical-align: middle;\"><\/td>\n<td style=\"text-align: center; vertical-align: middle;\">Cu Max. 0,55<\/td>\n<\/tr>\n<tr>\n<td style=\"text-align: center; vertical-align: middle;\"><strong>Max.<\/strong><\/td>\n<td style=\"text-align: center; vertical-align: middle;\">0,22<\/td>\n<td style=\"text-align: center; vertical-align: middle;\">1,60<\/td>\n<td style=\"text-align: center; vertical-align: middle;\">0,55<\/td>\n<td style=\"text-align: center; vertical-align: middle;\">0,030<\/td>\n<td style=\"text-align: center; vertical-align: middle;\">0,030<\/td>\n<td style=\"text-align: center; vertical-align: middle;\">Al. Min. 0,020<\/td>\n<\/tr>\n<\/tbody>\n<\/table>\n<\/div>\n<div id=\"t_tratamientos\" class=\"tab\" style=\"display:none;\">\n<table class=\"tt\" border=\"1\" width=\"100%\">\n<tbody>\n<tr>\n<th scope=\"col\" style=\"text-align: center; vertical-align: middle;\"><strong>Recuit \u00baC<\/strong><\/th>\n<th scope=\"col\" style=\"text-align: center; vertical-align: middle;\"><strong>Trempe \u00baC<\/strong><\/th>\n<th scope=\"col\" style=\"text-align: center; vertical-align: middle;\"><strong>Revenu \u00baC<\/strong><\/th>\n<\/tr>\n<tr>\n<td style=\"text-align: center; vertical-align: middle;\">670-700<\/td>\n<td style=\"text-align: center; vertical-align: middle;\">870-890 Eau<\/td>\n<td style=\"text-align: center; vertical-align: middle;\">480-650<\/td>\n<\/tr>\n<\/tbody>\n<\/table>\n<\/div>\n<div id=\"t_caracteristicas\" class=\"tab\" style=\"display:none;\">\n<p>Propri\u00e9t\u00e9s m\u00e9caniques \u00e0 temp\u00e9rature ambiante \u00e0 l\u2019\u00e9tat normalis\u00e9 (+N).<\/p>\n<table border=\"1\" width=\"100%\">\n<tbody>\n<tr>\n<th colspan=\"2\" style=\"text-align: center; vertical-align: middle;\"><strong>Dimensions<\/strong><\/th>\n<th style=\"text-align: center; vertical-align: middle;\"><strong>Re (N\/mm<sup>2<\/sup>)<\/strong><\/th>\n<th colspan=\"2\" style=\"text-align: center; vertical-align: middle;\"><strong>Rm (N\/mm<sup>2<\/sup>)<\/strong><\/th>\n<th style=\"text-align: center; vertical-align: middle;\"><strong>A (%)<\/strong><\/th>\n<th style=\"text-align: center; vertical-align: middle;\"><strong>KV min. (0\u00baC)<\/strong><\/th>\n<th style=\"text-align: center; vertical-align: middle;\"><strong>Duret\u00e9 indicative<\/strong><\/th>\n<\/tr>\n<tr>\n<td class=\"gris\" colspan=\"2\" style=\"text-align: center; vertical-align: middle;\"><strong>Mm.<\/strong><\/td>\n<td class=\"gris\" style=\"text-align: center; vertical-align: middle;\"><strong>Min.<\/strong><\/td>\n<td class=\"gris\" style=\"text-align: center; vertical-align: middle;\"><strong>Min.<\/strong><\/td>\n<td class=\"gris\" style=\"text-align: center; vertical-align: middle;\"><strong>Max.<\/strong><\/td>\n<td class=\"gris\" style=\"text-align: center; vertical-align: middle;\"><strong>Min.<\/strong><\/td>\n<td class=\"gris\" style=\"text-align: center; vertical-align: middle;\"><strong>J<\/strong><\/td>\n<td class=\"gris\" style=\"text-align: center; vertical-align: middle;\"><strong>HB<\/strong><\/td>\n<\/tr>\n<tr>\n<td style=\"text-align: center; vertical-align: middle; white-space: nowrap;\">\u2265 3<\/td>\n<td style=\"text-align: center; vertical-align: middle; white-space: nowrap;\">\u2264 16<\/td>\n<td style=\"text-align: center; vertical-align: middle;\">355<\/td>\n<td style=\"text-align: center; vertical-align: middle;\">470<\/td>\n<td style=\"text-align: center; vertical-align: middle; white-space: nowrap;\">630<\/td>\n<td style=\"text-align: center; vertical-align: middle; white-space: nowrap;\">22<\/td>\n<td style=\"text-align: center; vertical-align: middle; white-space: nowrap;\">27<\/td>\n<td style=\"text-align: center; vertical-align: middle; white-space: nowrap;\">146-187<\/td>\n<\/tr>\n<tr>\n<td style=\"text-align: center; vertical-align: middle; white-space: nowrap;\">&gt; 16<\/td>\n<td style=\"text-align: center; vertical-align: middle; white-space: nowrap;\">\u2264 40<\/td>\n<td style=\"text-align: center; vertical-align: middle;\">345<\/td>\n<td style=\"text-align: center; vertical-align: middle;\">470<\/td>\n<td style=\"text-align: center; vertical-align: middle; white-space: nowrap;\">630<\/td>\n<td style=\"text-align: center; vertical-align: middle; white-space: nowrap;\">22<\/td>\n<td style=\"text-align: center; vertical-align: middle; white-space: nowrap;\">27<\/td>\n<td style=\"text-align: center; vertical-align: middle; white-space: nowrap;\">146-187<\/td>\n<\/tr>\n<tr>\n<td style=\"text-align: center; vertical-align: middle; white-space: nowrap;\">&gt; 40<\/td>\n<td style=\"text-align: center; vertical-align: middle; white-space: nowrap;\">\u2264 63<\/td>\n<td style=\"text-align: center; vertical-align: middle; white-space: nowrap;\">335<\/td>\n<td style=\"text-align: center; vertical-align: middle;\">470<\/td>\n<td style=\"text-align: center; vertical-align: middle; white-space: nowrap;\">630<\/td>\n<td style=\"text-align: center; vertical-align: middle; white-space: nowrap;\">21<\/td>\n<td style=\"text-align: center; vertical-align: middle; white-space: nowrap;\">27<\/td>\n<td style=\"text-align: center; vertical-align: middle; white-space: nowrap;\">146-187<\/td>\n<\/tr>\n<tr>\n<td style=\"text-align: center; vertical-align: middle; white-space: nowrap;\">&gt; 63<\/td>\n<td style=\"text-align: center; vertical-align: middle; white-space: nowrap;\">\u2264 80<\/td>\n<td style=\"text-align: center; vertical-align: middle; white-space: nowrap;\">325<\/td>\n<td style=\"text-align: center; vertical-align: middle;\">470<\/td>\n<td style=\"text-align: center; vertical-align: middle; white-space: nowrap;\">630<\/td>\n<td style=\"text-align: center; vertical-align: middle; white-space: nowrap;\">20<\/td>\n<td style=\"text-align: center; vertical-align: middle; white-space: nowrap;\">27<\/td>\n<td style=\"text-align: center; vertical-align: middle; white-space: nowrap;\">146-187<\/td>\n<\/tr>\n<tr>\n<td style=\"text-align: center; vertical-align: middle; white-space: nowrap;\">&gt; 80<\/td>\n<td style=\"text-align: center; vertical-align: middle; white-space: nowrap;\">\u2264 100<\/td>\n<td style=\"text-align: center; vertical-align: middle; white-space: nowrap;\">315<\/td>\n<td style=\"text-align: center; vertical-align: middle;\">470<\/td>\n<td style=\"text-align: center; vertical-align: middle; white-space: nowrap;\">630<\/td>\n<td style=\"text-align: center; vertical-align: middle; white-space: nowrap;\">20<\/td>\n<td style=\"text-align: center; vertical-align: middle; white-space: nowrap;\">27<\/td>\n<td style=\"text-align: center; vertical-align: middle; white-space: nowrap;\">146-187<\/td>\n<\/tr>\n<tr>\n<td style=\"text-align: center; vertical-align: middle; white-space: nowrap;\">&gt; 100<\/td>\n<td style=\"text-align: center; vertical-align: middle; white-space: nowrap;\">\u2264 150<\/td>\n<td style=\"text-align: center; vertical-align: middle; white-space: nowrap;\">295<\/td>\n<td style=\"text-align: center; vertical-align: middle; white-space: nowrap;\">450<\/td>\n<td style=\"text-align: center; vertical-align: middle; white-space: nowrap;\">600<\/td>\n<td style=\"text-align: center; vertical-align: middle; white-space: nowrap;\">18<\/td>\n<td style=\"text-align: center; vertical-align: middle; white-space: nowrap;\">27<\/td>\n<td style=\"text-align: center; vertical-align: middle; white-space: nowrap;\">143-179<\/td>\n<\/tr>\n<tr>\n<td style=\"text-align: center; vertical-align: middle; white-space: nowrap;\">&gt; 150<\/td>\n<td style=\"text-align: center; vertical-align: middle; white-space: nowrap;\">\u2264 200<\/td>\n<td style=\"text-align: center; vertical-align: middle; white-space: nowrap;\">285<\/td>\n<td style=\"text-align: center; vertical-align: middle; white-space: nowrap;\">450<\/td>\n<td style=\"text-align: center; vertical-align: middle; white-space: nowrap;\">600<\/td>\n<td style=\"text-align: center; vertical-align: middle; white-space: nowrap;\">17<\/td>\n<td style=\"text-align: center; vertical-align: middle; white-space: nowrap;\">27<\/td>\n<td style=\"text-align: center; vertical-align: middle; white-space: nowrap;\">143-179<\/td>\n<\/tr>\n<tr>\n<td style=\"text-align: center; vertical-align: middle; white-space: nowrap;\">&gt; 200<\/td>\n<td style=\"text-align: center; vertical-align: middle; white-space: nowrap;\">\u2264 250<\/td>\n<td style=\"text-align: center; vertical-align: middle; white-space: nowrap;\">275<\/td>\n<td style=\"text-align: center; vertical-align: middle; white-space: nowrap;\">450<\/td>\n<td style=\"text-align: center; vertical-align: middle; white-space: nowrap;\">600<\/td>\n<td style=\"text-align: center; vertical-align: middle; white-space: nowrap;\">17<\/td>\n<td style=\"text-align: center; vertical-align: middle; white-space: nowrap;\">27<\/td>\n<td style=\"text-align: center; vertical-align: middle; white-space: nowrap;\">143-179<\/td>\n<\/tr>\n<tr>\n<td style=\"text-align: center; vertical-align: middle; white-space: nowrap;\">&gt; 250<\/td>\n<td style=\"text-align: center; vertical-align: middle; white-space: nowrap;\"><\/td>\n<td class=\"gris\" colspan=\"6\" style=\"text-align: center; vertical-align: middle; white-space: nowrap;\"><strong>Consulter<\/strong><\/td>\n<\/tr>\n<\/tbody>\n<\/table>\n<\/div>\n<div id=\"t_equivalencias\" class=\"tab\" style=\"display: none;\">\n<table class=\"ea\" border=\"1\" width=\"100%\">\n<tbody>\n<tr>\n<th scope=\"col\" style=\"text-align: center; vertical-align: middle;\"><strong>EN<\/strong><\/th>\n<th scope=\"col\" style=\"text-align: center; vertical-align: middle;\"><strong>DIN<\/strong><\/th>\n<th scope=\"col\" style=\"text-align: center; vertical-align: middle;\"><strong>N\u00ba Stand<\/strong><\/th>\n<th scope=\"col\" style=\"text-align: center; vertical-align: middle;\"><strong>UNE<\/strong><\/th>\n<th scope=\"col\" style=\"text-align: center; vertical-align: middle;\"><strong>STAS<\/strong><\/th>\n<th scope=\"col\" style=\"text-align: center; vertical-align: middle;\"><strong>AFNOR<\/strong><\/th>\n<th scope=\"col\" style=\"text-align: center; vertical-align: middle;\"><strong>BS<\/strong><\/th>\n<th scope=\"col\" style=\"text-align: center; vertical-align: middle;\"><strong>UNI<\/strong><\/th>\n<th scope=\"col\" style=\"text-align: center; vertical-align: middle;\"><strong>AISI\/SAE<\/strong><\/th>\n<th scope=\"col\" style=\"text-align: center; vertical-align: middle;\"><strong>GOST<\/strong><\/th>\n<\/tr>\n<tr>\n<td style=\"text-align: center; vertical-align: middle;\"><\/td>\n<td style=\"text-align: center; vertical-align: middle;\">ST52-3U<\/td>\n<td style=\"text-align: center; vertical-align: middle;\">1.0553<\/td>\n<td style=\"text-align: center; vertical-align: middle;\">AE355C<\/td>\n<td style=\"text-align: center; vertical-align: middle;\"><\/td>\n<td style=\"text-align: center; vertical-align: middle;\">E36-3<\/td>\n<td style=\"text-align: center; vertical-align: middle;\">50C<\/td>\n<td style=\"text-align: center; vertical-align: middle;\">Fe510C<\/td>\n<td style=\"text-align: center; vertical-align: middle;\">K12000<\/td>\n<td style=\"text-align: center; vertical-align: middle;\">17\u04131\u0421<\/td>\n<\/tr>\n<\/tbody>\n<\/table>\n<\/div>\n<\/div>\n<div class=\"container ficha_descarga\">\n<a title=\"Fiche technique acier au carbone S355J0\" href=\"\/wp-content\/uploads\/2015\/05\/Acier-Carbone-S355J0-AUSA.pdf\" target=\"_blank\" class=\"btn_ausa\">Fiche technique acier au carbone S355J0<\/a>\n<\/div>\n<\/div>\n<div class=\"row informacion_tecnica_ficha\">\n<div class=\"container\">\n<ul>\n<li id=\"menu-item-1297\"><a title=\"Calculatrice de Poids\" href=\"\/fr\/information-technique\/calculatrice-de-poids\/\">Calculatrice de Poids<\/a><\/li>\n<li id=\"menu-item-1302\"><a title=\"Tol\u00e9rances Dimensionnelles\" href=\"\/fr\/information-technique\/tolerances-dimensionnelles\/\">Tol\u00e9rances Dimensionnelles<\/a><\/li>\n<\/ul>\n<\/div>\n<\/div>\n<div class=\"row relacionados\">\n<div class=\"contaienr\">\n<h2>Aciers au carbone concern\u00e9s<\/h2>\n<p>[vc_widget_sidebar show_bg=&#8221;false&#8221; sidebar_id=&#8221;sidebar_5&#8243;]\n<\/p><\/div>\n<\/div><!-- AddThis Advanced Settings generic via filter on the_content -->","protected":false},"excerpt":{"rendered":"<p>Acier au carbone S355J0 Acier au carbone avec une r\u00e9sistance moyenne et une bonne soudabilit\u00e9 et t\u00e9nacit\u00e9. Consid\u00e9rant ses caract\u00e9ristiques m\u00e9caniques, il est un bon rempla\u00e7ant du C25 et C35. \u00c9TATS D&#8217;APPROVISIONNEMENT Brut de laminage. DIMENSIONS EN STOCK \u2013 mm. 20-100 30X5-220X50 NORME D&#8217;APPLICATION EN 10025-2 CODE DE COULEUR DESCRIPTION ET APPLICATIONS LES PLUS COURANTES&hellip;<!-- AddThis Advanced Settings generic via filter on get_the_excerpt --><\/p>\n","protected":false},"author":1,"featured_media":0,"parent":4671,"menu_order":0,"comment_status":"closed","ping_status":"closed","template":"","meta":{"footnotes":""},"class_list":["post-4678","page","type-page","status-publish","hentry"],"yoast_head":"<!-- This site is optimized with the Yoast SEO plugin v26.6 - https:\/\/yoast.com\/wordpress\/plugins\/seo\/ -->\n<title>Acier au carbone S355J0 - AUSA special steels<\/title>\n<meta name=\"robots\" content=\"index, follow, max-snippet:-1, max-image-preview:large, max-video-preview:-1\" \/>\n<link rel=\"canonical\" href=\"https:\/\/www.ausasteel.com\/fr\/aciers\/aciers-speciaux\/aciers-au-carbone\/acero-al-carbono-s355j0\/\" \/>\n<meta property=\"og:locale\" content=\"fr_FR\" \/>\n<meta property=\"og:type\" content=\"article\" \/>\n<meta property=\"og:title\" content=\"Acier au carbone S355J0 - AUSA special steels\" \/>\n<meta property=\"og:description\" content=\"Acier au carbone S355J0 Acier au carbone avec une r\u00e9sistance moyenne et une bonne soudabilit\u00e9 et t\u00e9nacit\u00e9. Consid\u00e9rant ses caract\u00e9ristiques m\u00e9caniques, il est un bon rempla\u00e7ant du C25 et C35. \u00c9TATS D&#8217;APPROVISIONNEMENT Brut de laminage. DIMENSIONS EN STOCK \u2013 mm. 20-100 30X5-220X50 NORME D&#8217;APPLICATION EN 10025-2 CODE DE COULEUR DESCRIPTION ET APPLICATIONS LES PLUS COURANTES&hellip;\" \/>\n<meta property=\"og:url\" content=\"https:\/\/www.ausasteel.com\/fr\/aciers\/aciers-speciaux\/aciers-au-carbone\/acero-al-carbono-s355j0\/\" \/>\n<meta property=\"og:site_name\" content=\"AUSA special steels\" \/>\n<meta property=\"article:modified_time\" content=\"2019-09-11T16:01:25+00:00\" \/>\n<meta name=\"twitter:label1\" content=\"Est. reading time\" \/>\n\t<meta name=\"twitter:data1\" content=\"1 minute\" \/>\n<script type=\"application\/ld+json\" class=\"yoast-schema-graph\">{\"@context\":\"https:\/\/schema.org\",\"@graph\":[{\"@type\":\"WebPage\",\"@id\":\"https:\/\/www.ausasteel.com\/fr\/aciers\/aciers-speciaux\/aciers-au-carbone\/acero-al-carbono-s355j0\/\",\"url\":\"https:\/\/www.ausasteel.com\/fr\/aciers\/aciers-speciaux\/aciers-au-carbone\/acero-al-carbono-s355j0\/\",\"name\":\"Acier au carbone S355J0 - AUSA special steels\",\"isPartOf\":{\"@id\":\"https:\/\/www.ausasteel.com\/fr\/#website\"},\"datePublished\":\"2014-10-26T20:40:02+00:00\",\"dateModified\":\"2019-09-11T16:01:25+00:00\",\"breadcrumb\":{\"@id\":\"https:\/\/www.ausasteel.com\/fr\/aciers\/aciers-speciaux\/aciers-au-carbone\/acero-al-carbono-s355j0\/#breadcrumb\"},\"inLanguage\":\"fr-FR\",\"potentialAction\":[{\"@type\":\"ReadAction\",\"target\":[\"https:\/\/www.ausasteel.com\/fr\/aciers\/aciers-speciaux\/aciers-au-carbone\/acero-al-carbono-s355j0\/\"]}]},{\"@type\":\"BreadcrumbList\",\"@id\":\"https:\/\/www.ausasteel.com\/fr\/aciers\/aciers-speciaux\/aciers-au-carbone\/acero-al-carbono-s355j0\/#breadcrumb\",\"itemListElement\":[{\"@type\":\"ListItem\",\"position\":1,\"name\":\"Portada\",\"item\":\"https:\/\/www.ausasteel.com\/fr\/\"},{\"@type\":\"ListItem\",\"position\":2,\"name\":\"Aciers\",\"item\":\"https:\/\/www.ausasteel.com\/fr\/aciers\/\"},{\"@type\":\"ListItem\",\"position\":3,\"name\":\"Aciers sp\u00e9ciaux\",\"item\":\"https:\/\/www.ausasteel.com\/fr\/aciers\/aciers-speciaux\/\"},{\"@type\":\"ListItem\",\"position\":4,\"name\":\"Aciers au carbone\",\"item\":\"https:\/\/www.ausasteel.com\/fr\/aciers\/aciers-speciaux\/aciers-au-carbone\/\"},{\"@type\":\"ListItem\",\"position\":5,\"name\":\"Acier au carbone S355J0\"}]},{\"@type\":\"WebSite\",\"@id\":\"https:\/\/www.ausasteel.com\/fr\/#website\",\"url\":\"https:\/\/www.ausasteel.com\/fr\/\",\"name\":\"AUSA special steels\",\"description\":\"AUSA special steels\",\"potentialAction\":[{\"@type\":\"SearchAction\",\"target\":{\"@type\":\"EntryPoint\",\"urlTemplate\":\"https:\/\/www.ausasteel.com\/fr\/?s={search_term_string}\"},\"query-input\":{\"@type\":\"PropertyValueSpecification\",\"valueRequired\":true,\"valueName\":\"search_term_string\"}}],\"inLanguage\":\"fr-FR\"}]}<\/script>\n<!-- \/ Yoast SEO plugin. -->","yoast_head_json":{"title":"Acier au carbone S355J0 - AUSA special steels","robots":{"index":"index","follow":"follow","max-snippet":"max-snippet:-1","max-image-preview":"max-image-preview:large","max-video-preview":"max-video-preview:-1"},"canonical":"https:\/\/www.ausasteel.com\/fr\/aciers\/aciers-speciaux\/aciers-au-carbone\/acero-al-carbono-s355j0\/","og_locale":"fr_FR","og_type":"article","og_title":"Acier au carbone S355J0 - AUSA special steels","og_description":"Acier au carbone S355J0 Acier au carbone avec une r\u00e9sistance moyenne et une bonne soudabilit\u00e9 et t\u00e9nacit\u00e9. Consid\u00e9rant ses caract\u00e9ristiques m\u00e9caniques, il est un bon rempla\u00e7ant du C25 et C35. \u00c9TATS D&#8217;APPROVISIONNEMENT Brut de laminage. DIMENSIONS EN STOCK \u2013 mm. 20-100 30X5-220X50 NORME D&#8217;APPLICATION EN 10025-2 CODE DE COULEUR DESCRIPTION ET APPLICATIONS LES PLUS COURANTES&hellip;","og_url":"https:\/\/www.ausasteel.com\/fr\/aciers\/aciers-speciaux\/aciers-au-carbone\/acero-al-carbono-s355j0\/","og_site_name":"AUSA special steels","article_modified_time":"2019-09-11T16:01:25+00:00","twitter_misc":{"Est. reading time":"1 minute"},"schema":{"@context":"https:\/\/schema.org","@graph":[{"@type":"WebPage","@id":"https:\/\/www.ausasteel.com\/fr\/aciers\/aciers-speciaux\/aciers-au-carbone\/acero-al-carbono-s355j0\/","url":"https:\/\/www.ausasteel.com\/fr\/aciers\/aciers-speciaux\/aciers-au-carbone\/acero-al-carbono-s355j0\/","name":"Acier au carbone S355J0 - AUSA special steels","isPartOf":{"@id":"https:\/\/www.ausasteel.com\/fr\/#website"},"datePublished":"2014-10-26T20:40:02+00:00","dateModified":"2019-09-11T16:01:25+00:00","breadcrumb":{"@id":"https:\/\/www.ausasteel.com\/fr\/aciers\/aciers-speciaux\/aciers-au-carbone\/acero-al-carbono-s355j0\/#breadcrumb"},"inLanguage":"fr-FR","potentialAction":[{"@type":"ReadAction","target":["https:\/\/www.ausasteel.com\/fr\/aciers\/aciers-speciaux\/aciers-au-carbone\/acero-al-carbono-s355j0\/"]}]},{"@type":"BreadcrumbList","@id":"https:\/\/www.ausasteel.com\/fr\/aciers\/aciers-speciaux\/aciers-au-carbone\/acero-al-carbono-s355j0\/#breadcrumb","itemListElement":[{"@type":"ListItem","position":1,"name":"Portada","item":"https:\/\/www.ausasteel.com\/fr\/"},{"@type":"ListItem","position":2,"name":"Aciers","item":"https:\/\/www.ausasteel.com\/fr\/aciers\/"},{"@type":"ListItem","position":3,"name":"Aciers sp\u00e9ciaux","item":"https:\/\/www.ausasteel.com\/fr\/aciers\/aciers-speciaux\/"},{"@type":"ListItem","position":4,"name":"Aciers au carbone","item":"https:\/\/www.ausasteel.com\/fr\/aciers\/aciers-speciaux\/aciers-au-carbone\/"},{"@type":"ListItem","position":5,"name":"Acier au carbone S355J0"}]},{"@type":"WebSite","@id":"https:\/\/www.ausasteel.com\/fr\/#website","url":"https:\/\/www.ausasteel.com\/fr\/","name":"AUSA special steels","description":"AUSA special steels","potentialAction":[{"@type":"SearchAction","target":{"@type":"EntryPoint","urlTemplate":"https:\/\/www.ausasteel.com\/fr\/?s={search_term_string}"},"query-input":{"@type":"PropertyValueSpecification","valueRequired":true,"valueName":"search_term_string"}}],"inLanguage":"fr-FR"}]}},"_links":{"self":[{"href":"https:\/\/www.ausasteel.com\/fr\/wp-json\/wp\/v2\/pages\/4678","targetHints":{"allow":["GET"]}}],"collection":[{"href":"https:\/\/www.ausasteel.com\/fr\/wp-json\/wp\/v2\/pages"}],"about":[{"href":"https:\/\/www.ausasteel.com\/fr\/wp-json\/wp\/v2\/types\/page"}],"author":[{"embeddable":true,"href":"https:\/\/www.ausasteel.com\/fr\/wp-json\/wp\/v2\/users\/1"}],"replies":[{"embeddable":true,"href":"https:\/\/www.ausasteel.com\/fr\/wp-json\/wp\/v2\/comments?post=4678"}],"version-history":[{"count":15,"href":"https:\/\/www.ausasteel.com\/fr\/wp-json\/wp\/v2\/pages\/4678\/revisions"}],"predecessor-version":[{"id":16094,"href":"https:\/\/www.ausasteel.com\/fr\/wp-json\/wp\/v2\/pages\/4678\/revisions\/16094"}],"up":[{"embeddable":true,"href":"https:\/\/www.ausasteel.com\/fr\/wp-json\/wp\/v2\/pages\/4671"}],"wp:attachment":[{"href":"https:\/\/www.ausasteel.com\/fr\/wp-json\/wp\/v2\/media?parent=4678"}],"curies":[{"name":"wp","href":"https:\/\/api.w.org\/{rel}","templated":true}]}}