        {"id":4671,"date":"2014-10-17T19:24:42","date_gmt":"2014-10-17T19:24:42","guid":{"rendered":"http:\/\/ausasteel.irantzu.com\/aciers-speciaux\/aceros-al-carbono\/"},"modified":"2018-10-01T12:37:58","modified_gmt":"2018-10-01T12:37:58","slug":"aciers-au-carbone","status":"publish","type":"page","link":"https:\/\/www.ausasteel.com\/fr\/aciers\/aciers-speciaux\/aciers-au-carbone\/","title":{"rendered":"Aciers au carbone"},"content":{"rendered":"<div class=\"row\">\n<div class=\"container\">\n<h1>Aciers au carbone<\/h1>\n<\/div>\n<div class=\"container columna_imagen\">\n<div class=\"col-md-6\">\n<h3>\u00bfQuels types d\u2019aciers au carbone travaille AUSA ?<\/h3>\n<p><strong>AUSA<\/strong> travaille avec <strong>diff\u00e9rentes qualit\u00e9s d\u2019acier au carbone<\/strong>. Les propri\u00e9t\u00e9s, applications, composition chimique, \u00e9quivalences, traitements thermiques, profil\u00e9s et mesures varient en fonction de la qualit\u00e9 choisie.<\/p>\n<p>[vc_widget_sidebar show_bg=&#8221;false&#8221; sidebar_id=&#8221;sidebar_5&#8243;]\n<\/p><\/div>\n<div class=\"col-md-6\">\n<div class=\"container_imagen\">\n<img decoding=\"async\" src=\"\/wp-content\/uploads\/2015\/05\/Aceros-Carbono-AUSA.png\" alt=\"Aciers au carbone \" title=\"Aciers au carbone \">\n<\/div>\n<\/div>\n<\/div>\n<\/div>\n<div class=\"row\">\n<div class=\"container\">\n<p>Les aciers au carbone contiennent un pourcentage de carbone qui oscille entre <strong>0,10 et 0,60 %<\/strong> avec des<strong> r\u00e9sistances de 350-800 N\/mm<\/strong><strong><sup>2<\/sup><\/strong>.<\/p>\n<p>Les <strong>aciers au carbone<\/strong> avec des pourcentages de <strong>jusqu\u2019\u00e0 0,30 %<\/strong> de carbone sont tr\u00e8s <strong>ductiles<\/strong> et ont une <strong>faible trempabilit\u00e9.<\/strong> Avec des <strong>pourcentages sup\u00e9rieurs,<\/strong> les aciers au carbone <strong>acceptent la trempe.<\/strong><\/p>\n<p>Leur <strong>r\u00e9sistance \u00e0 l\u2019usure est faible et ils sont soudables<\/strong> selon leur contenu en carbone.<\/p>\n<p>Leurs <strong>applications les plus courantes<\/strong> sont pour la r\u00e9alisation de machines, visserie, outils agricoles, boulons, cha\u00eenes et autres objets similaires.<\/p>\n<p><strong>AUSA<\/strong> travaille avec des <strong>sid\u00e9rurgies au prestige reconnu<\/strong> ce qui garantit la qualit\u00e9 maximale des produits propos\u00e9s.<\/p>\n<\/div>\n<\/div>\n<div class=\"row gris\" id=\"informacion_tecnica\">\n<div class=\"container\">\n<h2>Information technique<\/h2>\n<p>[vc_widget_sidebar show_bg=&#8221;false&#8221; sidebar_id=&#8221;sidebar_26&#8243;]\n<\/p><\/div>\n<\/div><!-- AddThis Advanced Settings generic via filter on the_content -->","protected":false},"excerpt":{"rendered":"<p>Aciers au carbone \u00bfQuels types d\u2019aciers au carbone travaille AUSA ? AUSA travaille avec diff\u00e9rentes qualit\u00e9s d\u2019acier au carbone. Les propri\u00e9t\u00e9s, applications, composition chimique, \u00e9quivalences, traitements thermiques, profil\u00e9s et mesures varient en fonction de la qualit\u00e9 choisie. [vc_widget_sidebar show_bg=&#8221;false&#8221; sidebar_id=&#8221;sidebar_5&#8243;] Les aciers au carbone contiennent un pourcentage de carbone qui oscille entre 0,10 et 0,60&hellip;<!-- AddThis Advanced Settings generic via filter on get_the_excerpt --><\/p>\n","protected":false},"author":1,"featured_media":0,"parent":4150,"menu_order":0,"comment_status":"closed","ping_status":"closed","template":"","meta":{"footnotes":""},"class_list":["post-4671","page","type-page","status-publish","hentry"],"yoast_head":"<!-- This site is optimized with the Yoast SEO plugin v26.6 - https:\/\/yoast.com\/wordpress\/plugins\/seo\/ -->\n<title>Aciers au carbone - AUSA special steels<\/title>\n<meta name=\"robots\" content=\"index, follow, max-snippet:-1, max-image-preview:large, max-video-preview:-1\" \/>\n<link rel=\"canonical\" href=\"https:\/\/www.ausasteel.com\/fr\/aciers\/aciers-speciaux\/aciers-au-carbone\/\" \/>\n<meta property=\"og:locale\" content=\"fr_FR\" \/>\n<meta property=\"og:type\" content=\"article\" \/>\n<meta property=\"og:title\" content=\"Aciers au carbone - AUSA special steels\" \/>\n<meta property=\"og:description\" content=\"Aciers au carbone \u00bfQuels types d\u2019aciers au carbone travaille AUSA ? AUSA travaille avec diff\u00e9rentes qualit\u00e9s d\u2019acier au carbone. Les propri\u00e9t\u00e9s, applications, composition chimique, \u00e9quivalences, traitements thermiques, profil\u00e9s et mesures varient en fonction de la qualit\u00e9 choisie. [vc_widget_sidebar show_bg=&#8221;false&#8221; sidebar_id=&#8221;sidebar_5&#8243;] Les aciers au carbone contiennent un pourcentage de carbone qui oscille entre 0,10 et 0,60&hellip;\" \/>\n<meta property=\"og:url\" content=\"https:\/\/www.ausasteel.com\/fr\/aciers\/aciers-speciaux\/aciers-au-carbone\/\" \/>\n<meta property=\"og:site_name\" content=\"AUSA special steels\" \/>\n<meta property=\"article:modified_time\" content=\"2018-10-01T12:37:58+00:00\" \/>\n<meta name=\"twitter:label1\" content=\"Est. reading time\" \/>\n\t<meta name=\"twitter:data1\" content=\"1 minute\" \/>\n<script type=\"application\/ld+json\" class=\"yoast-schema-graph\">{\"@context\":\"https:\/\/schema.org\",\"@graph\":[{\"@type\":\"WebPage\",\"@id\":\"https:\/\/www.ausasteel.com\/fr\/aciers\/aciers-speciaux\/aciers-au-carbone\/\",\"url\":\"https:\/\/www.ausasteel.com\/fr\/aciers\/aciers-speciaux\/aciers-au-carbone\/\",\"name\":\"Aciers au carbone - AUSA special steels\",\"isPartOf\":{\"@id\":\"https:\/\/www.ausasteel.com\/fr\/#website\"},\"datePublished\":\"2014-10-17T19:24:42+00:00\",\"dateModified\":\"2018-10-01T12:37:58+00:00\",\"breadcrumb\":{\"@id\":\"https:\/\/www.ausasteel.com\/fr\/aciers\/aciers-speciaux\/aciers-au-carbone\/#breadcrumb\"},\"inLanguage\":\"fr-FR\",\"potentialAction\":[{\"@type\":\"ReadAction\",\"target\":[\"https:\/\/www.ausasteel.com\/fr\/aciers\/aciers-speciaux\/aciers-au-carbone\/\"]}]},{\"@type\":\"BreadcrumbList\",\"@id\":\"https:\/\/www.ausasteel.com\/fr\/aciers\/aciers-speciaux\/aciers-au-carbone\/#breadcrumb\",\"itemListElement\":[{\"@type\":\"ListItem\",\"position\":1,\"name\":\"Portada\",\"item\":\"https:\/\/www.ausasteel.com\/fr\/\"},{\"@type\":\"ListItem\",\"position\":2,\"name\":\"Aciers\",\"item\":\"https:\/\/www.ausasteel.com\/fr\/aciers\/\"},{\"@type\":\"ListItem\",\"position\":3,\"name\":\"Aciers sp\u00e9ciaux\",\"item\":\"https:\/\/www.ausasteel.com\/fr\/aciers\/aciers-speciaux\/\"},{\"@type\":\"ListItem\",\"position\":4,\"name\":\"Aciers au carbone\"}]},{\"@type\":\"WebSite\",\"@id\":\"https:\/\/www.ausasteel.com\/fr\/#website\",\"url\":\"https:\/\/www.ausasteel.com\/fr\/\",\"name\":\"AUSA special steels\",\"description\":\"AUSA special steels\",\"potentialAction\":[{\"@type\":\"SearchAction\",\"target\":{\"@type\":\"EntryPoint\",\"urlTemplate\":\"https:\/\/www.ausasteel.com\/fr\/?s={search_term_string}\"},\"query-input\":{\"@type\":\"PropertyValueSpecification\",\"valueRequired\":true,\"valueName\":\"search_term_string\"}}],\"inLanguage\":\"fr-FR\"}]}<\/script>\n<!-- \/ Yoast SEO plugin. -->","yoast_head_json":{"title":"Aciers au carbone - AUSA special steels","robots":{"index":"index","follow":"follow","max-snippet":"max-snippet:-1","max-image-preview":"max-image-preview:large","max-video-preview":"max-video-preview:-1"},"canonical":"https:\/\/www.ausasteel.com\/fr\/aciers\/aciers-speciaux\/aciers-au-carbone\/","og_locale":"fr_FR","og_type":"article","og_title":"Aciers au carbone - AUSA special steels","og_description":"Aciers au carbone \u00bfQuels types d\u2019aciers au carbone travaille AUSA ? AUSA travaille avec diff\u00e9rentes qualit\u00e9s d\u2019acier au carbone. Les propri\u00e9t\u00e9s, applications, composition chimique, \u00e9quivalences, traitements thermiques, profil\u00e9s et mesures varient en fonction de la qualit\u00e9 choisie. [vc_widget_sidebar show_bg=&#8221;false&#8221; sidebar_id=&#8221;sidebar_5&#8243;] Les aciers au carbone contiennent un pourcentage de carbone qui oscille entre 0,10 et 0,60&hellip;","og_url":"https:\/\/www.ausasteel.com\/fr\/aciers\/aciers-speciaux\/aciers-au-carbone\/","og_site_name":"AUSA special steels","article_modified_time":"2018-10-01T12:37:58+00:00","twitter_misc":{"Est. reading time":"1 minute"},"schema":{"@context":"https:\/\/schema.org","@graph":[{"@type":"WebPage","@id":"https:\/\/www.ausasteel.com\/fr\/aciers\/aciers-speciaux\/aciers-au-carbone\/","url":"https:\/\/www.ausasteel.com\/fr\/aciers\/aciers-speciaux\/aciers-au-carbone\/","name":"Aciers au carbone - AUSA special steels","isPartOf":{"@id":"https:\/\/www.ausasteel.com\/fr\/#website"},"datePublished":"2014-10-17T19:24:42+00:00","dateModified":"2018-10-01T12:37:58+00:00","breadcrumb":{"@id":"https:\/\/www.ausasteel.com\/fr\/aciers\/aciers-speciaux\/aciers-au-carbone\/#breadcrumb"},"inLanguage":"fr-FR","potentialAction":[{"@type":"ReadAction","target":["https:\/\/www.ausasteel.com\/fr\/aciers\/aciers-speciaux\/aciers-au-carbone\/"]}]},{"@type":"BreadcrumbList","@id":"https:\/\/www.ausasteel.com\/fr\/aciers\/aciers-speciaux\/aciers-au-carbone\/#breadcrumb","itemListElement":[{"@type":"ListItem","position":1,"name":"Portada","item":"https:\/\/www.ausasteel.com\/fr\/"},{"@type":"ListItem","position":2,"name":"Aciers","item":"https:\/\/www.ausasteel.com\/fr\/aciers\/"},{"@type":"ListItem","position":3,"name":"Aciers sp\u00e9ciaux","item":"https:\/\/www.ausasteel.com\/fr\/aciers\/aciers-speciaux\/"},{"@type":"ListItem","position":4,"name":"Aciers au carbone"}]},{"@type":"WebSite","@id":"https:\/\/www.ausasteel.com\/fr\/#website","url":"https:\/\/www.ausasteel.com\/fr\/","name":"AUSA special steels","description":"AUSA special steels","potentialAction":[{"@type":"SearchAction","target":{"@type":"EntryPoint","urlTemplate":"https:\/\/www.ausasteel.com\/fr\/?s={search_term_string}"},"query-input":{"@type":"PropertyValueSpecification","valueRequired":true,"valueName":"search_term_string"}}],"inLanguage":"fr-FR"}]}},"_links":{"self":[{"href":"https:\/\/www.ausasteel.com\/fr\/wp-json\/wp\/v2\/pages\/4671","targetHints":{"allow":["GET"]}}],"collection":[{"href":"https:\/\/www.ausasteel.com\/fr\/wp-json\/wp\/v2\/pages"}],"about":[{"href":"https:\/\/www.ausasteel.com\/fr\/wp-json\/wp\/v2\/types\/page"}],"author":[{"embeddable":true,"href":"https:\/\/www.ausasteel.com\/fr\/wp-json\/wp\/v2\/users\/1"}],"replies":[{"embeddable":true,"href":"https:\/\/www.ausasteel.com\/fr\/wp-json\/wp\/v2\/comments?post=4671"}],"version-history":[{"count":7,"href":"https:\/\/www.ausasteel.com\/fr\/wp-json\/wp\/v2\/pages\/4671\/revisions"}],"predecessor-version":[{"id":14805,"href":"https:\/\/www.ausasteel.com\/fr\/wp-json\/wp\/v2\/pages\/4671\/revisions\/14805"}],"up":[{"embeddable":true,"href":"https:\/\/www.ausasteel.com\/fr\/wp-json\/wp\/v2\/pages\/4150"}],"wp:attachment":[{"href":"https:\/\/www.ausasteel.com\/fr\/wp-json\/wp\/v2\/media?parent=4671"}],"curies":[{"name":"wp","href":"https:\/\/api.w.org\/{rel}","templated":true}]}}