    {"id":4665,"date":"2014-10-28T10:07:29","date_gmt":"2014-10-28T10:07:29","guid":{"rendered":"http:\/\/ausasteel.irantzu.com\/aciers-etires\/aciers-etires-inoxydables\/acero-calibrado-inoxidable-aisi316\/"},"modified":"2019-09-11T15:51:00","modified_gmt":"2019-09-11T15:51:00","slug":"acier-etire-inoxydable-aisi316","status":"publish","type":"page","link":"https:\/\/www.ausasteel.com\/fr\/aciers\/aciers-etires\/aciers-etires-inoxydables\/acier-etire-inoxydable-aisi316\/","title":{"rendered":"Acier \u00e9tir\u00e9 inoxydable AISI316"},"content":{"rendered":"<div class=\"row\">\n<div class=\"container\">\n<div>\n<h1>Acier \u00e9tir\u00e9 inoxydable AISI316<\/h1>\n<h3>Acier inoxydable aust\u00e9nitique alli\u00e9 au chrome, nickel et molybd\u00e8ne. Il r\u00e9siste aux temp\u00e9ratures \u00e9lev\u00e9es. <strong>Haute r\u00e9sistance \u00e0 la corrosion<\/strong> sup\u00e9rieure \u00e0 celle du AISI304.<\/h3>\n<\/div>\n<div class=\"caja_bloques\">\n<div class=\"col-md-5\">\n<div class=\"bloque\">\n<h4>\u00c9TATS D&#8217;APPROVISIONNEMENT<\/h4>\n<p>Recuit.<\/p>\n<\/div>\n<div class=\"bloque\">\n<h4>DIMENSIONS EN STOCK \u2013 mm.<\/h4>\n<ul>\n<li><img decoding=\"async\" src=\"\/wp-content\/uploads\/2014\/10\/circulo.png\" alt=\"circle\" \/><span>6-50<\/span><\/li>\n<\/ul>\n<\/div>\n<div class=\"bloque\">\n<h4>NORME D&#8217;APPLICATION<\/h4>\n<p>EN 10088-1<\/p>\n<\/div>\n<div class=\"bloque\">\n<h4>CODE DE COULEUR<\/h4>\n<div class=\"figura\" style=\"width: 50px;height: 50px;border: 2px solid #808080 ;border-radius: 50%;position: relative;background:none;\"><div><span style=\"position: absolute;display:inline-block;width:0;height:0;line-height:0;border:25px solid black;border-left:none;border-bottom-right-radius:50px;border-top-right-radius:50px;left:25px;top:0px\"><\/span><span style=\"position: absolute;display:inline-block;width:0;height:0;line-height:0;border:25px solid violet;border-right:none;border-bottom-left-radius:50px;border-top-left-radius:50px;left:0px;top:0px\"><\/span><\/div><div style=\"width: 30px;height: 30px;border-radius: 50%;position: absolute;top: 10px;left: 10px;background: none;z-index: 3;\"><\/div><div style=\"width: 8px;height: 50px;display: block;position: absolute;z-index: 3;top: 50%;left: 50%;margin: -25px 0 0 -4px;background:none;\"><\/div><\/div><\/div>\n<\/div>\n<div class=\"col-md-7\">\n<div class=\"bloque\">\n<h4>DESCRIPTION ET APPLICATIONS LES PLUS COURANTES<\/h4>\n<p><strong>Il est amagn\u00e9tique et soudable.<\/strong><\/p>\n<p>Ses <strong>applications <\/strong>les plus courantes sont pour la r\u00e9alisation de pi\u00e8ces pour l\u2019industrie alimentaire, chimique, textile, papier et raffineries.<\/p>\n<div class=\"galeria_ficha\">\n<div class=\"previsualizacion\">\n<img decoding=\"async\" id=\"preview\" src=\"\/wp-content\/uploads\/2014\/10\/Acier-Etire-Inoxydable-AISI316-1-.png\" alt=\"Acier \u00e9tir\u00e9 inoxydable AISI316 - AUSA\" title=\"Acier \u00e9tir\u00e9 inoxydable AISI316 - AUSA\"><a class=\"wp-colorbox-image\" href=\"\/wp-content\/uploads\/2014\/10\/Acier-Etire-Inoxydable-AISI316-1-.png\" data-rel=\"lightbox-gallery-1PmKeElx\" data-rl_title=\"\" data-rl_caption=\"\" title=\"\"><\/a>\n<\/div>\n<div class=\"miniaturas\">\n<img decoding=\"async\" class=\"thumbnail active\" onclick=\"showGallery(event)\" src=\"\/wp-content\/uploads\/2014\/10\/Acier-Etire-Inoxydable-AISI316-1-.png\" alt=\"Acier \u00e9tir\u00e9 inoxydable AISI316 - AUSA\" title=\"Acier \u00e9tir\u00e9 inoxydable AISI316 - AUSAAUSA\" ><br \/>\n<img decoding=\"async\" class=\"thumbnail\" onclick=\"showGallery(event)\" src=\"\/wp-content\/uploads\/2014\/10\/Acier-Etire-Inoxydable-AISI316-2-.png\" alt=\"Acier \u00e9tir\u00e9 inoxydable AISI316 - AUSA\" title=\"Acier \u00e9tir\u00e9 inoxydable AISI316 - AUSA\"><br \/>\n<img decoding=\"async\" class=\"thumbnail\" onclick=\"showGallery(event)\" src=\"\/wp-content\/uploads\/2015\/05\/Acero-Inoxidable-AISI316-AUSA1.png\" alt=\"Acier \u00e9tir\u00e9 inoxydable AISI316 - AUSA\" title=\"Acier \u00e9tir\u00e9 inoxydable AISI316 - AUSA\"><\/p>\n<\/div>\n<\/div>\n<\/div>\n<\/div>\n<\/div>\n<\/div>\n<\/div>\n<div class=\"row\">\n<div class=\"container caja_tablas\">\n<div class=\"selectores\">\n<button class=\"selector_tab active\" onclick=\"openTab(event,'t_composicion')\">Composition chimique<\/button><br \/>\n<button class=\"selector_tab\" onclick=\"openTab(event,'t_caracteristicas')\">Caract\u00e9ristiques m\u00e9caniques<\/button><br \/>\n<button class=\"selector_tab\" onclick=\"openTab(event,'t_equivalencias')\">\u00c9quivalences approximatives<\/button>\n<\/div>\n<div id=\"t_composicion\" class=\"tab\">\n<table class=\"footable\" border=\"1\" width=\"100%\">\n<tbody>\n<tr>\n<th scope=\"col\" style=\"text-align: center; vertical-align: middle;\"><\/th>\n<th scope=\"col\" style=\"text-align: center; vertical-align: middle;\"><strong>C<\/strong><\/th>\n<th scope=\"col\" style=\"text-align: center; vertical-align: middle;\"><strong>Mn<\/strong><\/th>\n<th scope=\"col\" style=\"text-align: center; vertical-align: middle;\"><strong>Si<\/strong><\/th>\n<th scope=\"col\" style=\"text-align: center; vertical-align: middle;\"><strong>P<\/strong><\/th>\n<th scope=\"col\" style=\"text-align: center; vertical-align: middle;\"><strong>S<\/strong><\/th>\n<th scope=\"col\" style=\"text-align: center; vertical-align: middle;\"><strong>Cr<\/strong><\/th>\n<th scope=\"col\" style=\"text-align: center; vertical-align: middle;\"><strong>Mo<\/strong><\/th>\n<th scope=\"col\" style=\"text-align: center; vertical-align: middle;\"><strong>Ni<\/strong><\/th>\n<th scope=\"col\" style=\"text-align: center; vertical-align: middle;\"><strong>Autres<\/strong><\/th>\n<\/tr>\n<tr>\n<td style=\"text-align: center; vertical-align: middle;\"><strong>Min.<\/strong><\/td>\n<td style=\"text-align: center; vertical-align: middle;\"><\/td>\n<td style=\"text-align: center; vertical-align: middle;\"><\/td>\n<td style=\"text-align: center; vertical-align: middle;\"><\/td>\n<td style=\"text-align: center; vertical-align: middle;\"><\/td>\n<td style=\"text-align: center; vertical-align: middle;\"><\/td>\n<td style=\"text-align: center; vertical-align: middle;\">16,50<\/td>\n<td style=\"text-align: center; vertical-align: middle;\">2,00<\/td>\n<td style=\"text-align: center; vertical-align: middle;\">10,00<\/td>\n<td rowspan=\"2\" style=\"text-align: center; vertical-align: middle;\">N max. 0,11<\/td>\n<\/tr>\n<tr>\n<td style=\"text-align: center; vertical-align: middle;\"><strong>Max.<\/strong><\/td>\n<td style=\"text-align: center; vertical-align: middle;\">0,07<\/td>\n<td style=\"text-align: center; vertical-align: middle;\">2,00<\/td>\n<td style=\"text-align: center; vertical-align: middle;\">1,00<\/td>\n<td style=\"text-align: center; vertical-align: middle;\">0,045<\/td>\n<td style=\"text-align: center; vertical-align: middle;\">0,030<\/td>\n<td style=\"text-align: center; vertical-align: middle;\">18,50<\/td>\n<td style=\"text-align: center; vertical-align: middle;\">2,50<\/td>\n<td style=\"text-align: center; vertical-align: middle;\">13,00<\/td>\n<\/tr>\n<\/tbody>\n<\/table>\n<\/div>\n<div id=\"t_caracteristicas\" class=\"tab\" style=\"display:none;\">\n<p>Propri\u00e9t\u00e9s m\u00e9caniques \u00e0 temp\u00e9rature ambiante \u00e0 l\u2019\u00e9tat de recuit.<\/p>\n<table class=\"cm\" border=\"1\" width=\"100%\">\n<tbody>\n<tr>\n<th colspan=\"2\" scope=\"col\"><strong>Dimensions<\/strong><\/th>\n<th scope=\"col\"><strong>Re<\/strong><br \/>\n<strong>(N\/mm<sup>2<\/sup>)<\/strong><\/th>\n<th colspan=\"2\" scope=\"col\"><strong>Rm<\/strong><br \/>\n<strong>(N\/mm<sup>2<\/sup>)<\/strong><\/th>\n<th scope=\"col\"><strong>Dureza (HB)<\/strong><\/th>\n<th scope=\"col\"><strong>A (%)<\/strong><\/th>\n<th scope=\"col\"><strong>KV (J)<\/strong><\/th>\n<\/tr>\n<tr>\n<td colspan=\"2\" style=\"text-align: center; vertical-align: middle; background-color: #F7F7F7;\"><strong>Mm.<\/strong><\/td>\n<td style=\"text-align: center; vertical-align: middle; background-color: #F7F7F7;\"><strong>Min.<\/strong><\/td>\n<td style=\"text-align: center; vertical-align: middle; background-color: #F7F7F7;\"><strong>Max.<\/strong><\/td>\n<td style=\"text-align: center; vertical-align: middle; background-color: #F7F7F7;\"><strong>Min.<\/strong><\/td>\n<td style=\"text-align: center; vertical-align: middle; background-color: #F7F7F7;\"><strong>Max.<\/strong><\/td>\n<td style=\"text-align: center; vertical-align: middle; background-color: #F7F7F7;\"><strong>Min.<\/strong><\/td>\n<td style=\"text-align: center; vertical-align: middle; background-color: #F7F7F7;\"><strong>Min.<\/strong><\/td>\n<\/tr>\n<tr>\n<td colspan=\"2\" style=\"text-align: center; vertical-align: middle;\">\u2264 160<\/td>\n<td style=\"text-align: center; vertical-align: middle;\">200<\/td>\n<td style=\"text-align: center; vertical-align: middle;\">500<\/td>\n<td style=\"text-align: center; vertical-align: middle;\">700<\/td>\n<td style=\"text-align: center; vertical-align: middle;\">215<\/td>\n<td style=\"text-align: center; vertical-align: middle;\">40<\/td>\n<td style=\"text-align: center; vertical-align: middle;\">100<\/td>\n<\/tr>\n<\/tbody>\n<\/table>\n<\/div>\n<div id=\"t_equivalencias\" class=\"tab\" style=\"display: none;\">\n<table class=\"cm\" border=\"1\" width=\"100%\">\n<tbody>\n<tr>\n<th colspan=\"2\" scope=\"col\"><strong>Dimensions<\/strong><\/th>\n<th scope=\"col\"><strong>Re<\/strong><br \/>\n<strong>(N\/mm<sup>2<\/sup>)<\/strong><\/th>\n<th colspan=\"2\" scope=\"col\"><strong>Rm<\/strong><br \/>\n<strong>(N\/mm<sup>2<\/sup>)<\/strong><\/th>\n<th scope=\"col\"><strong>Dureza (HB)<\/strong><\/th>\n<th scope=\"col\"><strong>A (%)<\/strong><\/th>\n<th scope=\"col\"><strong>KV (J)<\/strong><\/th>\n<\/tr>\n<tr>\n<td colspan=\"2\" style=\"text-align: center; vertical-align: middle; background-color: #F7F7F7;\"><strong>Mm.<\/strong><\/td>\n<td style=\"text-align: center; vertical-align: middle; background-color: #F7F7F7;\"><strong>Min.<\/strong><\/td>\n<td style=\"text-align: center; vertical-align: middle; background-color: #F7F7F7;\"><strong>Max.<\/strong><\/td>\n<td style=\"text-align: center; vertical-align: middle; background-color: #F7F7F7;\"><strong>Min.<\/strong><\/td>\n<td style=\"text-align: center; vertical-align: middle; background-color: #F7F7F7;\"><strong>Max.<\/strong><\/td>\n<td style=\"text-align: center; vertical-align: middle; background-color: #F7F7F7;\"><strong>Min.<\/strong><\/td>\n<td style=\"text-align: center; vertical-align: middle; background-color: #F7F7F7;\"><strong>Min.<\/strong><\/td>\n<\/tr>\n<tr>\n<td colspan=\"2\" style=\"text-align: center; vertical-align: middle;\">\u2264 160<\/td>\n<td style=\"text-align: center; vertical-align: middle;\">200<\/td>\n<td style=\"text-align: center; vertical-align: middle;\">500<\/td>\n<td style=\"text-align: center; vertical-align: middle;\">700<\/td>\n<td style=\"text-align: center; vertical-align: middle;\">215<\/td>\n<td style=\"text-align: center; vertical-align: middle;\">40<\/td>\n<td style=\"text-align: center; vertical-align: middle;\">100<\/td>\n<\/tr>\n<\/tbody>\n<\/table>\n<\/div>\n<\/div>\n<div class=\"container ficha_descarga\">\n<a class=\"btn_ausa\" title=\"Fiche technique acier \u00e9tir\u00e9 inoxydable AISI316\" href=\"https:\/\/www.ausasteel.com\/wp-content\/uploads\/2015\/05\/Acier-Etire-Inoxydable-AISI316-AUSA.pdf\" target=\"_blank\">Fiche technique acier \u00e9tir\u00e9 inoxydable AISI316<\/a>\n<\/div>\n<\/div>\n<div class=\"row informacion_tecnica_ficha\">\n<div class=\"container\">\n<ul>\n<li id=\"menu-item-1297\"><a title=\"Calculatrice de Poids\" href=\"\/fr\/information-technique\/calculatrice-de-poids\/\">Calculatrice de Poids<\/a><\/li>\n<li id=\"menu-item-1302\"><a title=\"Tol\u00e9rances Dimensionnelles\" href=\"\/fr\/information-technique\/tolerances-dimensionnelles\/\">Tol\u00e9rances Dimensionnelles<\/a><\/li>\n<\/ul>\n<\/div>\n<\/div>\n<div class=\"row relacionados\">\n<div class=\"contaienr\">\n<h2>Acier \u00e9tir\u00e9 inoxydable concern\u00e9<\/h2>\n<p>[vc_widget_sidebar show_bg=&#8221;false&#8221; sidebar_id=&#8221;sidebar_25&#8243;]\n<\/p><\/div>\n<\/div><!-- AddThis Advanced Settings generic via filter on the_content -->","protected":false},"excerpt":{"rendered":"<p>Acier \u00e9tir\u00e9 inoxydable AISI316 Acier inoxydable aust\u00e9nitique alli\u00e9 au chrome, nickel et molybd\u00e8ne. Il r\u00e9siste aux temp\u00e9ratures \u00e9lev\u00e9es. Haute r\u00e9sistance \u00e0 la corrosion sup\u00e9rieure \u00e0 celle du AISI304. \u00c9TATS D&#8217;APPROVISIONNEMENT Recuit. DIMENSIONS EN STOCK \u2013 mm. 6-50 NORME D&#8217;APPLICATION EN 10088-1 CODE DE COULEUR DESCRIPTION ET APPLICATIONS LES PLUS COURANTES Il est amagn\u00e9tique et soudable.&hellip;<!-- AddThis Advanced Settings generic via filter on get_the_excerpt --><\/p>\n","protected":false},"author":1,"featured_media":0,"parent":4623,"menu_order":0,"comment_status":"closed","ping_status":"open","template":"","meta":{"footnotes":""},"class_list":["post-4665","page","type-page","status-publish","hentry"],"yoast_head":"<!-- This site is optimized with the Yoast SEO plugin v26.6 - https:\/\/yoast.com\/wordpress\/plugins\/seo\/ -->\n<title>Acier \u00e9tir\u00e9 inoxydable AISI316 - AUSA Special Steels<\/title>\n<meta name=\"description\" content=\"Acier inoxydable aust\u00e9nitique alli\u00e9 au chrome, nickel et molybd\u00e8ne. Il r\u00e9siste aux temp\u00e9ratures \u00e9lev\u00e9es.\" \/>\n<meta name=\"robots\" content=\"index, follow, max-snippet:-1, max-image-preview:large, max-video-preview:-1\" \/>\n<link rel=\"canonical\" href=\"https:\/\/www.ausasteel.com\/fr\/aciers\/aciers-etires\/aciers-etires-inoxydables\/acier-etire-inoxydable-aisi316\/\" \/>\n<meta property=\"og:locale\" content=\"fr_FR\" \/>\n<meta property=\"og:type\" content=\"article\" \/>\n<meta property=\"og:title\" content=\"Acier \u00e9tir\u00e9 inoxydable AISI316 - AUSA Special Steels\" \/>\n<meta property=\"og:description\" content=\"Acier inoxydable aust\u00e9nitique alli\u00e9 au chrome, nickel et molybd\u00e8ne. Il r\u00e9siste aux temp\u00e9ratures \u00e9lev\u00e9es.\" \/>\n<meta property=\"og:url\" content=\"https:\/\/www.ausasteel.com\/fr\/aciers\/aciers-etires\/aciers-etires-inoxydables\/acier-etire-inoxydable-aisi316\/\" \/>\n<meta property=\"og:site_name\" content=\"AUSA special steels\" \/>\n<meta property=\"article:modified_time\" content=\"2019-09-11T15:51:00+00:00\" \/>\n<meta name=\"twitter:label1\" content=\"Est. reading time\" \/>\n\t<meta name=\"twitter:data1\" content=\"1 minute\" \/>\n<script type=\"application\/ld+json\" class=\"yoast-schema-graph\">{\"@context\":\"https:\/\/schema.org\",\"@graph\":[{\"@type\":\"WebPage\",\"@id\":\"https:\/\/www.ausasteel.com\/fr\/aciers\/aciers-etires\/aciers-etires-inoxydables\/acier-etire-inoxydable-aisi316\/\",\"url\":\"https:\/\/www.ausasteel.com\/fr\/aciers\/aciers-etires\/aciers-etires-inoxydables\/acier-etire-inoxydable-aisi316\/\",\"name\":\"Acier \u00e9tir\u00e9 inoxydable AISI316 - AUSA Special Steels\",\"isPartOf\":{\"@id\":\"https:\/\/www.ausasteel.com\/fr\/#website\"},\"datePublished\":\"2014-10-28T10:07:29+00:00\",\"dateModified\":\"2019-09-11T15:51:00+00:00\",\"description\":\"Acier inoxydable aust\u00e9nitique alli\u00e9 au chrome, nickel et molybd\u00e8ne. Il r\u00e9siste aux temp\u00e9ratures \u00e9lev\u00e9es.\",\"breadcrumb\":{\"@id\":\"https:\/\/www.ausasteel.com\/fr\/aciers\/aciers-etires\/aciers-etires-inoxydables\/acier-etire-inoxydable-aisi316\/#breadcrumb\"},\"inLanguage\":\"fr-FR\",\"potentialAction\":[{\"@type\":\"ReadAction\",\"target\":[\"https:\/\/www.ausasteel.com\/fr\/aciers\/aciers-etires\/aciers-etires-inoxydables\/acier-etire-inoxydable-aisi316\/\"]}]},{\"@type\":\"BreadcrumbList\",\"@id\":\"https:\/\/www.ausasteel.com\/fr\/aciers\/aciers-etires\/aciers-etires-inoxydables\/acier-etire-inoxydable-aisi316\/#breadcrumb\",\"itemListElement\":[{\"@type\":\"ListItem\",\"position\":1,\"name\":\"Portada\",\"item\":\"https:\/\/www.ausasteel.com\/fr\/\"},{\"@type\":\"ListItem\",\"position\":2,\"name\":\"Aciers\",\"item\":\"https:\/\/www.ausasteel.com\/fr\/aciers\/\"},{\"@type\":\"ListItem\",\"position\":3,\"name\":\"Aciers \u00e9tir\u00e9s\",\"item\":\"https:\/\/www.ausasteel.com\/fr\/aciers\/aciers-etires\/\"},{\"@type\":\"ListItem\",\"position\":4,\"name\":\"Aciers \u00e9tir\u00e9s inoxydables\",\"item\":\"https:\/\/www.ausasteel.com\/fr\/aciers\/aciers-etires\/aciers-etires-inoxydables\/\"},{\"@type\":\"ListItem\",\"position\":5,\"name\":\"Acier \u00e9tir\u00e9 inoxydable AISI316\"}]},{\"@type\":\"WebSite\",\"@id\":\"https:\/\/www.ausasteel.com\/fr\/#website\",\"url\":\"https:\/\/www.ausasteel.com\/fr\/\",\"name\":\"AUSA special steels\",\"description\":\"AUSA special steels\",\"potentialAction\":[{\"@type\":\"SearchAction\",\"target\":{\"@type\":\"EntryPoint\",\"urlTemplate\":\"https:\/\/www.ausasteel.com\/fr\/?s={search_term_string}\"},\"query-input\":{\"@type\":\"PropertyValueSpecification\",\"valueRequired\":true,\"valueName\":\"search_term_string\"}}],\"inLanguage\":\"fr-FR\"}]}<\/script>\n<!-- \/ Yoast SEO plugin. -->","yoast_head_json":{"title":"Acier \u00e9tir\u00e9 inoxydable AISI316 - AUSA Special Steels","description":"Acier inoxydable aust\u00e9nitique alli\u00e9 au chrome, nickel et molybd\u00e8ne. Il r\u00e9siste aux temp\u00e9ratures \u00e9lev\u00e9es.","robots":{"index":"index","follow":"follow","max-snippet":"max-snippet:-1","max-image-preview":"max-image-preview:large","max-video-preview":"max-video-preview:-1"},"canonical":"https:\/\/www.ausasteel.com\/fr\/aciers\/aciers-etires\/aciers-etires-inoxydables\/acier-etire-inoxydable-aisi316\/","og_locale":"fr_FR","og_type":"article","og_title":"Acier \u00e9tir\u00e9 inoxydable AISI316 - AUSA Special Steels","og_description":"Acier inoxydable aust\u00e9nitique alli\u00e9 au chrome, nickel et molybd\u00e8ne. Il r\u00e9siste aux temp\u00e9ratures \u00e9lev\u00e9es.","og_url":"https:\/\/www.ausasteel.com\/fr\/aciers\/aciers-etires\/aciers-etires-inoxydables\/acier-etire-inoxydable-aisi316\/","og_site_name":"AUSA special steels","article_modified_time":"2019-09-11T15:51:00+00:00","twitter_misc":{"Est. reading time":"1 minute"},"schema":{"@context":"https:\/\/schema.org","@graph":[{"@type":"WebPage","@id":"https:\/\/www.ausasteel.com\/fr\/aciers\/aciers-etires\/aciers-etires-inoxydables\/acier-etire-inoxydable-aisi316\/","url":"https:\/\/www.ausasteel.com\/fr\/aciers\/aciers-etires\/aciers-etires-inoxydables\/acier-etire-inoxydable-aisi316\/","name":"Acier \u00e9tir\u00e9 inoxydable AISI316 - AUSA Special Steels","isPartOf":{"@id":"https:\/\/www.ausasteel.com\/fr\/#website"},"datePublished":"2014-10-28T10:07:29+00:00","dateModified":"2019-09-11T15:51:00+00:00","description":"Acier inoxydable aust\u00e9nitique alli\u00e9 au chrome, nickel et molybd\u00e8ne. Il r\u00e9siste aux temp\u00e9ratures \u00e9lev\u00e9es.","breadcrumb":{"@id":"https:\/\/www.ausasteel.com\/fr\/aciers\/aciers-etires\/aciers-etires-inoxydables\/acier-etire-inoxydable-aisi316\/#breadcrumb"},"inLanguage":"fr-FR","potentialAction":[{"@type":"ReadAction","target":["https:\/\/www.ausasteel.com\/fr\/aciers\/aciers-etires\/aciers-etires-inoxydables\/acier-etire-inoxydable-aisi316\/"]}]},{"@type":"BreadcrumbList","@id":"https:\/\/www.ausasteel.com\/fr\/aciers\/aciers-etires\/aciers-etires-inoxydables\/acier-etire-inoxydable-aisi316\/#breadcrumb","itemListElement":[{"@type":"ListItem","position":1,"name":"Portada","item":"https:\/\/www.ausasteel.com\/fr\/"},{"@type":"ListItem","position":2,"name":"Aciers","item":"https:\/\/www.ausasteel.com\/fr\/aciers\/"},{"@type":"ListItem","position":3,"name":"Aciers \u00e9tir\u00e9s","item":"https:\/\/www.ausasteel.com\/fr\/aciers\/aciers-etires\/"},{"@type":"ListItem","position":4,"name":"Aciers \u00e9tir\u00e9s inoxydables","item":"https:\/\/www.ausasteel.com\/fr\/aciers\/aciers-etires\/aciers-etires-inoxydables\/"},{"@type":"ListItem","position":5,"name":"Acier \u00e9tir\u00e9 inoxydable AISI316"}]},{"@type":"WebSite","@id":"https:\/\/www.ausasteel.com\/fr\/#website","url":"https:\/\/www.ausasteel.com\/fr\/","name":"AUSA special steels","description":"AUSA special steels","potentialAction":[{"@type":"SearchAction","target":{"@type":"EntryPoint","urlTemplate":"https:\/\/www.ausasteel.com\/fr\/?s={search_term_string}"},"query-input":{"@type":"PropertyValueSpecification","valueRequired":true,"valueName":"search_term_string"}}],"inLanguage":"fr-FR"}]}},"_links":{"self":[{"href":"https:\/\/www.ausasteel.com\/fr\/wp-json\/wp\/v2\/pages\/4665","targetHints":{"allow":["GET"]}}],"collection":[{"href":"https:\/\/www.ausasteel.com\/fr\/wp-json\/wp\/v2\/pages"}],"about":[{"href":"https:\/\/www.ausasteel.com\/fr\/wp-json\/wp\/v2\/types\/page"}],"author":[{"embeddable":true,"href":"https:\/\/www.ausasteel.com\/fr\/wp-json\/wp\/v2\/users\/1"}],"replies":[{"embeddable":true,"href":"https:\/\/www.ausasteel.com\/fr\/wp-json\/wp\/v2\/comments?post=4665"}],"version-history":[{"count":12,"href":"https:\/\/www.ausasteel.com\/fr\/wp-json\/wp\/v2\/pages\/4665\/revisions"}],"predecessor-version":[{"id":15944,"href":"https:\/\/www.ausasteel.com\/fr\/wp-json\/wp\/v2\/pages\/4665\/revisions\/15944"}],"up":[{"embeddable":true,"href":"https:\/\/www.ausasteel.com\/fr\/wp-json\/wp\/v2\/pages\/4623"}],"wp:attachment":[{"href":"https:\/\/www.ausasteel.com\/fr\/wp-json\/wp\/v2\/media?parent=4665"}],"curies":[{"name":"wp","href":"https:\/\/api.w.org\/{rel}","templated":true}]}}