    {"id":4637,"date":"2014-10-28T09:51:45","date_gmt":"2014-10-28T09:51:45","guid":{"rendered":"http:\/\/ausasteel.irantzu.com\/aciers-etires\/aciers-etires-a-usinage-facile\/acero-calibrado-de-facil-mecanizacion-11smn37\/"},"modified":"2019-09-11T15:52:29","modified_gmt":"2019-09-11T15:52:29","slug":"acier-etire-a-usinage-facile-11smn37","status":"publish","type":"page","link":"https:\/\/www.ausasteel.com\/fr\/aciers\/aciers-etires\/aciers-etires-a-usinage-facile\/acier-etire-a-usinage-facile-11smn37\/","title":{"rendered":"Acier \u00e9tir\u00e9 \u00e0 usinabilit\u00e9 am\u00e9lior\u00e9e 11SMn37"},"content":{"rendered":"<div class=\"row\">\n<div class=\"container\">\n<div>\n<h1>Acier \u00e9tir\u00e9 \u00e0 usinabilit\u00e9 am\u00e9lior\u00e9e 11SMn37<\/h1>\n<h3><strong>Acier resulfur\u00e9 \u00e0 usinabilit\u00e9 am\u00e9lior\u00e9e<\/strong> sup\u00e9rieur \u00e0 11SMn30.<\/h3>\n<\/div>\n<div class=\"caja_bloques\">\n<div class=\"col-md-5\">\n<div class=\"bloque\">\n<h4>DIMENSIONS EN STOCK \u2013 mm.<\/h4>\n<ul>\n<li><img decoding=\"async\" src=\"\/wp-content\/uploads\/2014\/10\/circulo.png\" alt=\"circle\" \/><span>5-100<\/span><\/li>\n<\/ul>\n<\/div>\n<div class=\"bloque\">\n<h4>NORME D&#8217;APPLICATION<\/h4>\n<p>EN 10277-3<\/p>\n<\/div>\n<div class=\"bloque\">\n<h4>CODE DE COULEUR<\/h4>\n<div class=\"figura\" style=\"width: 50px;height: 50px;border: 2px solid #808080 ;border-radius: 50%;position: relative;background:yellow;\"><div><span style=\"position: absolute;display:inline-block;width:0;height:0;line-height:0;border:25px solid none;border-left:none;border-bottom-right-radius:50px;border-top-right-radius:50px;left:25px;top:0px\"><\/span><span style=\"position: absolute;display:inline-block;width:0;height:0;line-height:0;border:25px solid none;border-right:none;border-bottom-left-radius:50px;border-top-left-radius:50px;left:0px;top:0px\"><\/span><\/div><div style=\"width: 30px;height: 30px;border-radius: 50%;position: absolute;top: 10px;left: 10px;background: none;z-index: 3;\"><\/div><div style=\"width: 8px;height: 50px;display: block;position: absolute;z-index: 3;top: 50%;left: 50%;margin: -25px 0 0 -4px;background:none;\"><\/div><\/div><\/div>\n<\/div>\n<div class=\"col-md-7\">\n<div class=\"bloque\">\n<h4>DESCRIPTION ET APPLICATIONS LES PLUS COURANTES<\/h4>\n<p>Il est utilis\u00e9 dans de <strong>nombreuses applications<\/strong> qui ne n\u00e9cessitent pas de grandes exigences m\u00e9caniques.<\/p>\n<p>Ses <strong>applications <\/strong>les plus courantes sont la visserie, boulons, douilles, raccords et rondelles.<\/p>\n<div class=\"galeria_ficha\">\n<div class=\"previsualizacion\">\n<img decoding=\"async\" id=\"preview\" src=\"\/wp-content\/uploads\/2014\/10\/Acero-Calibrado-11SMn37-11.png\" alt=\"Acier \u00e9tir\u00e9 \u00e0 usinage facile 11SMn37 - AUSA\" title=\"Acier \u00e9tir\u00e9 \u00e0 usinage facile 11SMn37 - AUSA\"><a class=\"wp-colorbox-image\" href=\"\/wp-content\/uploads\/2014\/10\/Acero-Calibrado-11SMn37-11.png\" data-rel=\"lightbox-gallery-ZAQCUvf9\" data-rl_title=\"\" data-rl_caption=\"\" title=\"\"><\/a>\n<\/div>\n<div class=\"miniaturas\">\n<img decoding=\"async\" class=\"thumbnail active\" onclick=\"showGallery(event)\" src=\"\/wp-content\/uploads\/2014\/10\/Acero-Calibrado-11SMn37-11.png\" alt=\"Acier \u00e9tir\u00e9 \u00e0 usinage facile 11SMn37 - AUSA\" title=\"Acier \u00e9tir\u00e9 \u00e0 usinage facile 11SMn37 - AUSA\" ><br \/>\n<img decoding=\"async\" class=\"thumbnail\" onclick=\"showGallery(event)\" src=\"\/wp-content\/uploads\/2014\/10\/Acero-Calibrado-11SMn37-22.png\" alt=\"Acier \u00e9tir\u00e9 \u00e0 usinage facile 11SMn37 - AUSA\" title=\"Acier \u00e9tir\u00e9 \u00e0 usinage facile 11SMn37 - AUSA\">\n<\/div>\n<\/div>\n<\/div>\n<\/div>\n<\/div>\n<\/div>\n<\/div>\n<div class=\"row\">\n<div class=\"container caja_tablas\">\n<div class=\"selectores\">\n<button class=\"selector_tab active\" onclick=\"openTab(event,'t_composicion')\">Composition chimique<\/button><br \/>\n<button class=\"selector_tab\" onclick=\"openTab(event,'t_caracteristicas')\">Caract\u00e9ristiques m\u00e9caniques<\/button><br \/>\n<button class=\"selector_tab\" onclick=\"openTab(event,'t_equivalencias')\">\u00c9quivalences approximatives<\/button><br \/>\n<button class=\"selector_tab\" onclick=\"openTab(event,'t_suministros')\">Caract\u00e9ristiques d\u2019approvisionnement<\/button>\n<\/div>\n<div id=\"t_composicion\" class=\"tab\">\n<table class=\"footable\" border=\"1\" width=\"100%\">\n<tbody>\n<tr>\n<th scope=\"col\" style=\"text-align: center; vertical-align: middle;\"><\/th>\n<th scope=\"col\" style=\"text-align: center; vertical-align: middle;\"><strong>C<\/strong><\/th>\n<th scope=\"col\" style=\"text-align: center; vertical-align: middle;\"><strong>Mn<\/strong><\/th>\n<th scope=\"col\" style=\"text-align: center; vertical-align: middle;\"><strong>Si<\/strong><\/th>\n<th scope=\"col\" style=\"text-align: center; vertical-align: middle;\"><strong>P<\/strong><\/th>\n<th scope=\"col\" style=\"text-align: center; vertical-align: middle;\"><strong>S<\/strong><\/th>\n<\/tr>\n<tr>\n<td style=\"text-align: center; vertical-align: middle;\"><strong>Min.<\/strong><\/td>\n<td style=\"text-align: center; vertical-align: middle;\"><\/td>\n<td style=\"text-align: center; vertical-align: middle;\">1,00<\/td>\n<td style=\"text-align: center; vertical-align: middle;\"><\/td>\n<td style=\"text-align: center; vertical-align: middle;\"><\/td>\n<td style=\"text-align: center; vertical-align: middle;\">0,34<\/td>\n<\/tr>\n<tr>\n<td style=\"text-align: center; vertical-align: middle;\"><strong>Max.<\/strong><\/td>\n<td style=\"text-align: center; vertical-align: middle;\">0,14<\/td>\n<td style=\"text-align: center; vertical-align: middle;\">1,50<\/td>\n<td style=\"text-align: center; vertical-align: middle;\">0,05<\/td>\n<td style=\"text-align: center; vertical-align: middle;\">0,11<\/td>\n<td style=\"text-align: center; vertical-align: middle;\">0,40<\/td>\n<\/tr>\n<\/tbody>\n<\/table>\n<\/div>\n<div id=\"t_caracteristicas\" class=\"tab\" style=\"display:none;\">\n<table border=\"1\" width=\"100%\">\n<tbody>\n<tr>\n<th colspan=\"2\" style=\"text-align: center; vertical-align: middle;\"><strong>Dimensions<\/strong><\/th>\n<th style=\"text-align: center; vertical-align: middle;\"><strong>Re (N\/mm<sup>2<\/sup>)<\/strong><\/th>\n<th colspan=\"2\" style=\"text-align: center; vertical-align: middle; width: 199px;\"><strong>Rm (N\/mm<sup>2<\/sup>)<\/strong><\/th>\n<th style=\"text-align: center; vertical-align: middle;\"><strong>A (%)<\/strong><\/th>\n<\/tr>\n<tr>\n<td class=\"gris\" colspan=\"2\" style=\"text-align: center; vertical-align: middle;\"><strong>Mm.<\/strong><\/td>\n<td class=\"gris\" style=\"text-align: center; vertical-align: middle;\"><strong>Min.<\/strong><\/td>\n<td class=\"gris\" style=\"text-align: center; vertical-align: middle;\"><strong>Min.<\/strong><\/td>\n<td class=\"gris\" style=\"text-align: center; vertical-align: middle;\"><strong>Max.<\/strong><\/td>\n<td class=\"gris\" style=\"text-align: center; vertical-align: middle;\"><strong>Min.<\/strong><\/td>\n<\/tr>\n<tr>\n<td style=\"text-align: center; vertical-align: middle; white-space: nowrap;\">\u2265 5<\/td>\n<td style=\"text-align: center; vertical-align: middle; white-space: nowrap;\">\u2264 10<\/td>\n<td style=\"text-align: center; vertical-align: middle;\">440<\/td>\n<td style=\"text-align: center; vertical-align: middle;\">510<\/td>\n<td style=\"text-align: center; vertical-align: middle; white-space: nowrap;\">810<\/td>\n<td style=\"text-align: center; vertical-align: middle; white-space: nowrap;\">6<\/td>\n<\/tr>\n<tr>\n<td style=\"text-align: center; vertical-align: middle; white-space: nowrap;\">&gt; 10<\/td>\n<td style=\"text-align: center; vertical-align: middle; white-space: nowrap;\">\u2264 16<\/td>\n<td style=\"text-align: center; vertical-align: middle;\">410<\/td>\n<td style=\"text-align: center; vertical-align: middle;\">490<\/td>\n<td style=\"text-align: center; vertical-align: middle; white-space: nowrap;\">760<\/td>\n<td style=\"text-align: center; vertical-align: middle; white-space: nowrap;\">7<\/td>\n<\/tr>\n<tr>\n<td style=\"text-align: center; vertical-align: middle; white-space: nowrap;\">&gt; 16<\/td>\n<td style=\"text-align: center; vertical-align: middle; white-space: nowrap;\">\u2264 40<\/td>\n<td style=\"text-align: center; vertical-align: middle; white-space: nowrap;\">375<\/td>\n<td style=\"text-align: center; vertical-align: middle;\">460<\/td>\n<td style=\"text-align: center; vertical-align: middle; white-space: nowrap;\">710<\/td>\n<td style=\"text-align: center; vertical-align: middle; white-space: nowrap;\">8<\/td>\n<\/tr>\n<tr>\n<td style=\"text-align: center; vertical-align: middle; white-space: nowrap;\">&gt; 40<\/td>\n<td style=\"text-align: center; vertical-align: middle; white-space: nowrap;\">\u2264 63<\/td>\n<td style=\"text-align: center; vertical-align: middle; white-space: nowrap;\">305<\/td>\n<td style=\"text-align: center; vertical-align: middle;\">400<\/td>\n<td style=\"text-align: center; vertical-align: middle; white-space: nowrap;\">650<\/td>\n<td style=\"text-align: center; vertical-align: middle; white-space: nowrap;\">9<\/td>\n<\/tr>\n<tr>\n<td style=\"text-align: center; vertical-align: middle; white-space: nowrap;\">&gt;63<\/td>\n<td style=\"text-align: center; vertical-align: middle; white-space: nowrap;\">\u2264 100<\/td>\n<td style=\"text-align: center; vertical-align: middle; white-space: nowrap;\">245<\/td>\n<td style=\"text-align: center; vertical-align: middle;\">360<\/td>\n<td style=\"text-align: center; vertical-align: middle; white-space: nowrap;\">630<\/td>\n<td style=\"text-align: center; vertical-align: middle; white-space: nowrap;\">9<\/td>\n<\/tr>\n<\/tbody>\n<\/table>\n<\/div>\n<div id=\"t_equivalencias\" class=\"tab\" style=\"display: none;\">\n<table class=\"ea\" border=\"1\" width=\"100%\">\n<tbody>\n<tr>\n<th scope=\"col\" style=\"text-align: center; vertical-align: middle;\"><strong>EN<\/strong><\/th>\n<th scope=\"col\" style=\"text-align: center; vertical-align: middle;\"><strong>DIN<\/strong><\/th>\n<th scope=\"col\" style=\"text-align: center; vertical-align: middle;\"><strong>N\u00ba Stand<\/strong><\/th>\n<th scope=\"col\" style=\"text-align: center; vertical-align: middle;\"><strong>UNE<\/strong><\/th>\n<th scope=\"col\" style=\"text-align: center; vertical-align: middle;\"><strong>STAS<\/strong><\/th>\n<th scope=\"col\" style=\"text-align: center; vertical-align: middle;\"><strong>AFNOR<\/strong><\/th>\n<th scope=\"col\" style=\"text-align: center; vertical-align: middle;\"><strong>BS<\/strong><\/th>\n<th scope=\"col\" style=\"text-align: center; vertical-align: middle;\"><strong>UNI<\/strong><\/th>\n<th scope=\"col\" style=\"text-align: center; vertical-align: middle;\"><strong>AISI\/SAE<\/strong><\/th>\n<th scope=\"col\" style=\"text-align: center; vertical-align: middle;\"><strong>GOST<\/strong><\/th>\n<\/tr>\n<tr>\n<td style=\"text-align: center; vertical-align: middle;\">11SMn37<\/td>\n<td style=\"text-align: center; vertical-align: middle;\">9SMn36<\/td>\n<td style=\"text-align: center; vertical-align: middle;\">1.0736<\/td>\n<td style=\"text-align: center; vertical-align: middle;\">F2113<\/td>\n<td style=\"text-align: center; vertical-align: middle;\"><\/td>\n<td style=\"text-align: center; vertical-align: middle;\">S300<\/td>\n<td style=\"text-align: center; vertical-align: middle;\"><\/td>\n<td style=\"text-align: center; vertical-align: middle;\">CF9SMn36<\/td>\n<td style=\"text-align: center; vertical-align: middle;\">1215<\/td>\n<td style=\"text-align: center; vertical-align: middle;\"><\/td>\n<\/tr>\n<\/tbody>\n<\/table>\n<\/div>\n<div id=\"t_suministros\" class=\"tab\" style=\"display: none;\">\n<table border=\"1\" width=\"100%\">\n<tbody>\n<tr>\n<th scope=\"col\" style=\"text-align: center; vertical-align: middle;\"><strong>Qualit\u00e9<\/strong><\/th>\n<th scope=\"col\" style=\"text-align: center; vertical-align: middle;\"><strong>Profil\u00e9<\/strong><\/th>\n<th scope=\"col\" style=\"text-align: center; vertical-align: middle;\"><strong>Tol\u00e9rance<\/strong><\/th>\n<th scope=\"col\" style=\"text-align: center; vertical-align: middle;\"><strong>Longueur, mm.<br \/>\n<\/strong><\/th>\n<th scope=\"col\" style=\"text-align: center; vertical-align: middle;\"><strong>Poids paquet, kg min.<\/strong><\/th>\n<th scope=\"col\" style=\"text-align: center; vertical-align: middle;\"><strong>Chanfreinage<\/strong><\/th>\n<\/tr>\n<tr>\n<td style=\"text-align: center; vertical-align: middle; white-space: nowrap;\">11SMn37<\/td>\n<td style=\"text-align: center; vertical-align: middle; white-space: nowrap;\"><a href=\"https:\/\/www.ausasteel.com\/wp-content\/uploads\/2014\/10\/circulo.png\" data-rel=\"lightbox-gallery-bGlnaHRib3gtZ2FsbGVyeS1na3dvNDZ1cA==\" data-rl_title=\"\" data-rl_caption=\"\" data-rl_title=\"\" data-rl_caption=\"\" title=\"\"><img loading=\"lazy\" decoding=\"async\" class=\"aligncenter size-full wp-image-634\" src=\"https:\/\/www.ausasteel.com\/wp-content\/uploads\/2014\/10\/circulo.png\" alt=\"circulo\" width=\"25\" height=\"25\"><\/a><\/td>\n<td style=\"text-align: center; vertical-align: middle; white-space: nowrap;\">h9 \u2013 h10<\/td>\n<td style=\"text-align: center; vertical-align: middle; white-space: nowrap;\">3.000 \u2013 4.000<\/td>\n<td style=\"text-align: center; vertical-align: middle; white-space: nowrap;\">1.000-2.000<\/td>\n<td style=\"text-align: center; vertical-align: middle; white-space: nowrap;\">9,5-65 mm: 1 extr\u00e9mit\u00e9<\/td>\n<\/tr>\n<\/tbody>\n<\/table>\n<\/div>\n<\/div>\n<div class=\"container ficha_descarga\">\n<a class=\"btn_ausa\" title=\"Fiche technique acier \u00e9tir\u00e9 \u00e0 usinabilit\u00e9 am\u00e9lior\u00e9e 11SMn37\" href=\"https:\/\/www.ausasteel.com\/wp-content\/uploads\/2015\/05\/Acier-Etire-Usinage-Facile-11SMn37-AUSA.pdf\" target=\"_blank\">Fiche technique acier \u00e9tir\u00e9 \u00e0 usinabilit\u00e9 am\u00e9lior\u00e9e 11SMn37<\/a>\n<\/div>\n<\/div>\n<div class=\"row informacion_tecnica_ficha\">\n<div class=\"container\">\n<ul>\n<li id=\"menu-item-1297\"><a title=\"Calculatrice de Poids\" href=\"\/fr\/information-technique\/calculatrice-de-poids\/\">Calculatrice de Poids<\/a><\/li>\n<li id=\"menu-item-1302\"><a title=\"Tol\u00e9rances Dimensionnelles\" href=\"\/fr\/information-technique\/tolerances-dimensionnelles\/\">Tol\u00e9rances Dimensionnelles<\/a><\/li>\n<\/ul>\n<\/div>\n<\/div>\n<div class=\"row relacionados\">\n<div class=\"contaienr\">\n<h2>Aciers \u00e9tir\u00e9s \u00e0 usinabilit\u00e9 am\u00e9lior\u00e9e concern\u00e9s<\/h2>\n<p>[vc_widget_sidebar show_bg=&#8221;false&#8221; sidebar_id=&#8221;sidebar_23&#8243;]\n<\/p><\/div>\n<\/div><!-- AddThis Advanced Settings generic via filter on the_content -->","protected":false},"excerpt":{"rendered":"<p>Acier \u00e9tir\u00e9 \u00e0 usinabilit\u00e9 am\u00e9lior\u00e9e 11SMn37 Acier resulfur\u00e9 \u00e0 usinabilit\u00e9 am\u00e9lior\u00e9e sup\u00e9rieur \u00e0 11SMn30. DIMENSIONS EN STOCK \u2013 mm. 5-100 NORME D&#8217;APPLICATION EN 10277-3 CODE DE COULEUR DESCRIPTION ET APPLICATIONS LES PLUS COURANTES Il est utilis\u00e9 dans de nombreuses applications qui ne n\u00e9cessitent pas de grandes exigences m\u00e9caniques. Ses applications les plus courantes sont la&hellip;<!-- AddThis Advanced Settings generic via filter on get_the_excerpt --><\/p>\n","protected":false},"author":1,"featured_media":0,"parent":4621,"menu_order":0,"comment_status":"closed","ping_status":"open","template":"","meta":{"footnotes":""},"class_list":["post-4637","page","type-page","status-publish","hentry"],"yoast_head":"<!-- This site is optimized with the Yoast SEO plugin v26.6 - https:\/\/yoast.com\/wordpress\/plugins\/seo\/ -->\n<title>Acier \u00e9tir\u00e9 \u00e0 usinabilit\u00e9 am\u00e9lior\u00e9e 11SMn37 - AUSA Special Steels<\/title>\n<meta name=\"description\" content=\"Acier resulfur\u00e9 \u00e0 usinabilit\u00e9 am\u00e9lior\u00e9e sup\u00e9rieur \u00e0 11SMn30.\" \/>\n<meta name=\"robots\" content=\"index, follow, max-snippet:-1, max-image-preview:large, max-video-preview:-1\" \/>\n<link rel=\"canonical\" href=\"https:\/\/www.ausasteel.com\/fr\/aciers\/aciers-etires\/aciers-etires-a-usinage-facile\/acier-etire-a-usinage-facile-11smn37\/\" \/>\n<meta property=\"og:locale\" content=\"fr_FR\" \/>\n<meta property=\"og:type\" content=\"article\" \/>\n<meta property=\"og:title\" content=\"Acier \u00e9tir\u00e9 \u00e0 usinabilit\u00e9 am\u00e9lior\u00e9e 11SMn37 - AUSA Special Steels\" \/>\n<meta property=\"og:description\" content=\"Acier resulfur\u00e9 \u00e0 usinabilit\u00e9 am\u00e9lior\u00e9e sup\u00e9rieur \u00e0 11SMn30.\" \/>\n<meta property=\"og:url\" content=\"https:\/\/www.ausasteel.com\/fr\/aciers\/aciers-etires\/aciers-etires-a-usinage-facile\/acier-etire-a-usinage-facile-11smn37\/\" \/>\n<meta property=\"og:site_name\" content=\"AUSA special steels\" \/>\n<meta property=\"article:modified_time\" content=\"2019-09-11T15:52:29+00:00\" \/>\n<meta property=\"og:image\" content=\"https:\/\/www.ausasteel.com\/wp-content\/uploads\/2014\/10\/circulo.png\" \/>\n<meta name=\"twitter:label1\" content=\"Est. reading time\" \/>\n\t<meta name=\"twitter:data1\" content=\"1 minute\" \/>\n<script type=\"application\/ld+json\" class=\"yoast-schema-graph\">{\"@context\":\"https:\/\/schema.org\",\"@graph\":[{\"@type\":\"WebPage\",\"@id\":\"https:\/\/www.ausasteel.com\/fr\/aciers\/aciers-etires\/aciers-etires-a-usinage-facile\/acier-etire-a-usinage-facile-11smn37\/\",\"url\":\"https:\/\/www.ausasteel.com\/fr\/aciers\/aciers-etires\/aciers-etires-a-usinage-facile\/acier-etire-a-usinage-facile-11smn37\/\",\"name\":\"Acier \u00e9tir\u00e9 \u00e0 usinabilit\u00e9 am\u00e9lior\u00e9e 11SMn37 - AUSA Special Steels\",\"isPartOf\":{\"@id\":\"https:\/\/www.ausasteel.com\/fr\/#website\"},\"primaryImageOfPage\":{\"@id\":\"https:\/\/www.ausasteel.com\/fr\/aciers\/aciers-etires\/aciers-etires-a-usinage-facile\/acier-etire-a-usinage-facile-11smn37\/#primaryimage\"},\"image\":{\"@id\":\"https:\/\/www.ausasteel.com\/fr\/aciers\/aciers-etires\/aciers-etires-a-usinage-facile\/acier-etire-a-usinage-facile-11smn37\/#primaryimage\"},\"thumbnailUrl\":\"https:\/\/www.ausasteel.com\/wp-content\/uploads\/2014\/10\/circulo.png\",\"datePublished\":\"2014-10-28T09:51:45+00:00\",\"dateModified\":\"2019-09-11T15:52:29+00:00\",\"description\":\"Acier resulfur\u00e9 \u00e0 usinabilit\u00e9 am\u00e9lior\u00e9e sup\u00e9rieur \u00e0 11SMn30.\",\"breadcrumb\":{\"@id\":\"https:\/\/www.ausasteel.com\/fr\/aciers\/aciers-etires\/aciers-etires-a-usinage-facile\/acier-etire-a-usinage-facile-11smn37\/#breadcrumb\"},\"inLanguage\":\"fr-FR\",\"potentialAction\":[{\"@type\":\"ReadAction\",\"target\":[\"https:\/\/www.ausasteel.com\/fr\/aciers\/aciers-etires\/aciers-etires-a-usinage-facile\/acier-etire-a-usinage-facile-11smn37\/\"]}]},{\"@type\":\"ImageObject\",\"inLanguage\":\"fr-FR\",\"@id\":\"https:\/\/www.ausasteel.com\/fr\/aciers\/aciers-etires\/aciers-etires-a-usinage-facile\/acier-etire-a-usinage-facile-11smn37\/#primaryimage\",\"url\":\"https:\/\/www.ausasteel.com\/wp-content\/uploads\/2014\/10\/circulo.png\",\"contentUrl\":\"https:\/\/www.ausasteel.com\/wp-content\/uploads\/2014\/10\/circulo.png\"},{\"@type\":\"BreadcrumbList\",\"@id\":\"https:\/\/www.ausasteel.com\/fr\/aciers\/aciers-etires\/aciers-etires-a-usinage-facile\/acier-etire-a-usinage-facile-11smn37\/#breadcrumb\",\"itemListElement\":[{\"@type\":\"ListItem\",\"position\":1,\"name\":\"Portada\",\"item\":\"https:\/\/www.ausasteel.com\/fr\/\"},{\"@type\":\"ListItem\",\"position\":2,\"name\":\"Aciers\",\"item\":\"https:\/\/www.ausasteel.com\/fr\/aciers\/\"},{\"@type\":\"ListItem\",\"position\":3,\"name\":\"Aciers \u00e9tir\u00e9s\",\"item\":\"https:\/\/www.ausasteel.com\/fr\/aciers\/aciers-etires\/\"},{\"@type\":\"ListItem\",\"position\":4,\"name\":\"Aciers \u00e9tir\u00e9s \u00e0 usinabilit\u00e9 am\u00e9lior\u00e9e\",\"item\":\"https:\/\/www.ausasteel.com\/fr\/aciers\/aciers-etires\/aciers-etires-a-usinage-facile\/\"},{\"@type\":\"ListItem\",\"position\":5,\"name\":\"Acier \u00e9tir\u00e9 \u00e0 usinabilit\u00e9 am\u00e9lior\u00e9e 11SMn37\"}]},{\"@type\":\"WebSite\",\"@id\":\"https:\/\/www.ausasteel.com\/fr\/#website\",\"url\":\"https:\/\/www.ausasteel.com\/fr\/\",\"name\":\"AUSA special steels\",\"description\":\"AUSA special steels\",\"potentialAction\":[{\"@type\":\"SearchAction\",\"target\":{\"@type\":\"EntryPoint\",\"urlTemplate\":\"https:\/\/www.ausasteel.com\/fr\/?s={search_term_string}\"},\"query-input\":{\"@type\":\"PropertyValueSpecification\",\"valueRequired\":true,\"valueName\":\"search_term_string\"}}],\"inLanguage\":\"fr-FR\"}]}<\/script>\n<!-- \/ Yoast SEO plugin. -->","yoast_head_json":{"title":"Acier \u00e9tir\u00e9 \u00e0 usinabilit\u00e9 am\u00e9lior\u00e9e 11SMn37 - AUSA Special Steels","description":"Acier resulfur\u00e9 \u00e0 usinabilit\u00e9 am\u00e9lior\u00e9e sup\u00e9rieur \u00e0 11SMn30.","robots":{"index":"index","follow":"follow","max-snippet":"max-snippet:-1","max-image-preview":"max-image-preview:large","max-video-preview":"max-video-preview:-1"},"canonical":"https:\/\/www.ausasteel.com\/fr\/aciers\/aciers-etires\/aciers-etires-a-usinage-facile\/acier-etire-a-usinage-facile-11smn37\/","og_locale":"fr_FR","og_type":"article","og_title":"Acier \u00e9tir\u00e9 \u00e0 usinabilit\u00e9 am\u00e9lior\u00e9e 11SMn37 - AUSA Special Steels","og_description":"Acier resulfur\u00e9 \u00e0 usinabilit\u00e9 am\u00e9lior\u00e9e sup\u00e9rieur \u00e0 11SMn30.","og_url":"https:\/\/www.ausasteel.com\/fr\/aciers\/aciers-etires\/aciers-etires-a-usinage-facile\/acier-etire-a-usinage-facile-11smn37\/","og_site_name":"AUSA special steels","article_modified_time":"2019-09-11T15:52:29+00:00","og_image":[{"url":"https:\/\/www.ausasteel.com\/wp-content\/uploads\/2014\/10\/circulo.png","type":"","width":"","height":""}],"twitter_misc":{"Est. reading time":"1 minute"},"schema":{"@context":"https:\/\/schema.org","@graph":[{"@type":"WebPage","@id":"https:\/\/www.ausasteel.com\/fr\/aciers\/aciers-etires\/aciers-etires-a-usinage-facile\/acier-etire-a-usinage-facile-11smn37\/","url":"https:\/\/www.ausasteel.com\/fr\/aciers\/aciers-etires\/aciers-etires-a-usinage-facile\/acier-etire-a-usinage-facile-11smn37\/","name":"Acier \u00e9tir\u00e9 \u00e0 usinabilit\u00e9 am\u00e9lior\u00e9e 11SMn37 - AUSA Special Steels","isPartOf":{"@id":"https:\/\/www.ausasteel.com\/fr\/#website"},"primaryImageOfPage":{"@id":"https:\/\/www.ausasteel.com\/fr\/aciers\/aciers-etires\/aciers-etires-a-usinage-facile\/acier-etire-a-usinage-facile-11smn37\/#primaryimage"},"image":{"@id":"https:\/\/www.ausasteel.com\/fr\/aciers\/aciers-etires\/aciers-etires-a-usinage-facile\/acier-etire-a-usinage-facile-11smn37\/#primaryimage"},"thumbnailUrl":"https:\/\/www.ausasteel.com\/wp-content\/uploads\/2014\/10\/circulo.png","datePublished":"2014-10-28T09:51:45+00:00","dateModified":"2019-09-11T15:52:29+00:00","description":"Acier resulfur\u00e9 \u00e0 usinabilit\u00e9 am\u00e9lior\u00e9e sup\u00e9rieur \u00e0 11SMn30.","breadcrumb":{"@id":"https:\/\/www.ausasteel.com\/fr\/aciers\/aciers-etires\/aciers-etires-a-usinage-facile\/acier-etire-a-usinage-facile-11smn37\/#breadcrumb"},"inLanguage":"fr-FR","potentialAction":[{"@type":"ReadAction","target":["https:\/\/www.ausasteel.com\/fr\/aciers\/aciers-etires\/aciers-etires-a-usinage-facile\/acier-etire-a-usinage-facile-11smn37\/"]}]},{"@type":"ImageObject","inLanguage":"fr-FR","@id":"https:\/\/www.ausasteel.com\/fr\/aciers\/aciers-etires\/aciers-etires-a-usinage-facile\/acier-etire-a-usinage-facile-11smn37\/#primaryimage","url":"https:\/\/www.ausasteel.com\/wp-content\/uploads\/2014\/10\/circulo.png","contentUrl":"https:\/\/www.ausasteel.com\/wp-content\/uploads\/2014\/10\/circulo.png"},{"@type":"BreadcrumbList","@id":"https:\/\/www.ausasteel.com\/fr\/aciers\/aciers-etires\/aciers-etires-a-usinage-facile\/acier-etire-a-usinage-facile-11smn37\/#breadcrumb","itemListElement":[{"@type":"ListItem","position":1,"name":"Portada","item":"https:\/\/www.ausasteel.com\/fr\/"},{"@type":"ListItem","position":2,"name":"Aciers","item":"https:\/\/www.ausasteel.com\/fr\/aciers\/"},{"@type":"ListItem","position":3,"name":"Aciers \u00e9tir\u00e9s","item":"https:\/\/www.ausasteel.com\/fr\/aciers\/aciers-etires\/"},{"@type":"ListItem","position":4,"name":"Aciers \u00e9tir\u00e9s \u00e0 usinabilit\u00e9 am\u00e9lior\u00e9e","item":"https:\/\/www.ausasteel.com\/fr\/aciers\/aciers-etires\/aciers-etires-a-usinage-facile\/"},{"@type":"ListItem","position":5,"name":"Acier \u00e9tir\u00e9 \u00e0 usinabilit\u00e9 am\u00e9lior\u00e9e 11SMn37"}]},{"@type":"WebSite","@id":"https:\/\/www.ausasteel.com\/fr\/#website","url":"https:\/\/www.ausasteel.com\/fr\/","name":"AUSA special steels","description":"AUSA special steels","potentialAction":[{"@type":"SearchAction","target":{"@type":"EntryPoint","urlTemplate":"https:\/\/www.ausasteel.com\/fr\/?s={search_term_string}"},"query-input":{"@type":"PropertyValueSpecification","valueRequired":true,"valueName":"search_term_string"}}],"inLanguage":"fr-FR"}]}},"_links":{"self":[{"href":"https:\/\/www.ausasteel.com\/fr\/wp-json\/wp\/v2\/pages\/4637","targetHints":{"allow":["GET"]}}],"collection":[{"href":"https:\/\/www.ausasteel.com\/fr\/wp-json\/wp\/v2\/pages"}],"about":[{"href":"https:\/\/www.ausasteel.com\/fr\/wp-json\/wp\/v2\/types\/page"}],"author":[{"embeddable":true,"href":"https:\/\/www.ausasteel.com\/fr\/wp-json\/wp\/v2\/users\/1"}],"replies":[{"embeddable":true,"href":"https:\/\/www.ausasteel.com\/fr\/wp-json\/wp\/v2\/comments?post=4637"}],"version-history":[{"count":15,"href":"https:\/\/www.ausasteel.com\/fr\/wp-json\/wp\/v2\/pages\/4637\/revisions"}],"predecessor-version":[{"id":15974,"href":"https:\/\/www.ausasteel.com\/fr\/wp-json\/wp\/v2\/pages\/4637\/revisions\/15974"}],"up":[{"embeddable":true,"href":"https:\/\/www.ausasteel.com\/fr\/wp-json\/wp\/v2\/pages\/4621"}],"wp:attachment":[{"href":"https:\/\/www.ausasteel.com\/fr\/wp-json\/wp\/v2\/media?parent=4637"}],"curies":[{"name":"wp","href":"https:\/\/api.w.org\/{rel}","templated":true}]}}