        {"id":4621,"date":"2014-10-26T18:49:00","date_gmt":"2014-10-26T18:49:00","guid":{"rendered":"http:\/\/ausasteel.irantzu.com\/aciers-etires\/aceros-calibrados-de-facil-mecanizacion\/"},"modified":"2018-11-13T16:03:45","modified_gmt":"2018-11-13T16:03:45","slug":"aciers-etires-a-usinage-facile","status":"publish","type":"page","link":"https:\/\/www.ausasteel.com\/fr\/aciers\/aciers-etires\/aciers-etires-a-usinage-facile\/","title":{"rendered":"Aciers \u00e9tir\u00e9s \u00e0 usinabilit\u00e9 am\u00e9lior\u00e9e"},"content":{"rendered":"<div class=\"row\">\n<div class=\"container\">\n<h1>Aciers \u00e9tir\u00e9s \u00e0 usinabilit\u00e9 am\u00e9lior\u00e9e<\/h1>\n<\/div>\n<div class=\"container columna_imagen\">\n<div class=\"col-md-6\">\n<h3>\u00bfQuels types d\u2019aciers \u00e9tir\u00e9s \u00e0 usinabilit\u00e9 am\u00e9lior\u00e9e fournit AUSA ?<\/h3>\n<p><span style=\"font-size: 1.2em;\"><strong>AUSA<\/strong> travaille avec les qualit\u00e9s d\u2019<strong>aciers \u00e9tir\u00e9s \u00e0 usinabilit\u00e9 am\u00e9lior\u00e9e <\/strong>suivantes. Les propri\u00e9t\u00e9s, applications, composition chimiques, \u00e9quivalences et dimensions varient en fonction de la qualit\u00e9 choisie.<\/span><\/p>\n<p>[vc_widget_sidebar show_bg=&#8221;false&#8221; sidebar_id=&#8221;sidebar_23&#8243;]\n<\/p><\/div>\n<div class=\"col-md-6\">\n<div class=\"container_imagen\">\n<img decoding=\"async\" src=\"\/wp-content\/uploads\/2015\/05\/Aceros-Calibrados-Facil-Mecanizacion-AUSA1.png\" alt=\"Aciers \u00e9tir\u00e9s \u00e0 usinage facile - AUSA Special Steels\" title=\"Aciers \u00e9tir\u00e9s \u00e0 usinage facile - AUSA Special Steels\">\n<\/div>\n<\/div>\n<\/div>\n<\/div>\n<div class=\"row\">\n<div class=\"container\">\n<p>Les aciers \u00e9tir\u00e9s \u00e0&nbsp;usinabilit\u00e9 am\u00e9lior\u00e9e sont caract\u00e9ris\u00e9s par leur <strong>bon d\u00e9collement et d\u00e9crochement de mati\u00e8re.<\/strong><\/p>\n<p>Leur usinabilit\u00e9 am\u00e9liore consid\u00e9rablement avec l\u2019acrimonie que leur conf\u00e8re un <strong>\u00e9tirage \u00e0 froid<\/strong> (r\u00e9sistance de 500-650 N\/mm<sup>2<\/sup>).<\/p>\n<p>Ce sont des aciers particuli\u00e8rement recommand\u00e9s pour les pi\u00e8ces usin\u00e9es en grandes s\u00e9ries dans des tours automatiques.<\/p>\n<p>Leurs <strong>applications les plus courantes <\/strong>sont pour la r\u00e9alisation de visserie, boulons, douilles, raccords et rondelles.<\/p>\n<\/div>\n<\/div>\n<div class=\"row gris\" id=\"informacion_tecnica\">\n<div class=\"container\">\n<h2>Information technique<\/h2>\n<p>[vc_widget_sidebar show_bg=&#8221;false&#8221; sidebar_id=&#8221;sidebar_26&#8243;]\n<\/p><\/div>\n<\/div><!-- AddThis Advanced Settings generic via filter on the_content -->","protected":false},"excerpt":{"rendered":"<p>Aciers \u00e9tir\u00e9s \u00e0 usinabilit\u00e9 am\u00e9lior\u00e9e \u00bfQuels types d\u2019aciers \u00e9tir\u00e9s \u00e0 usinabilit\u00e9 am\u00e9lior\u00e9e fournit AUSA ? AUSA travaille avec les qualit\u00e9s d\u2019aciers \u00e9tir\u00e9s \u00e0 usinabilit\u00e9 am\u00e9lior\u00e9e suivantes. Les propri\u00e9t\u00e9s, applications, composition chimiques, \u00e9quivalences et dimensions varient en fonction de la qualit\u00e9 choisie. [vc_widget_sidebar show_bg=&#8221;false&#8221; sidebar_id=&#8221;sidebar_23&#8243;] Les aciers \u00e9tir\u00e9s \u00e0&nbsp;usinabilit\u00e9 am\u00e9lior\u00e9e sont caract\u00e9ris\u00e9s par leur bon d\u00e9collement&hellip;<!-- AddThis Advanced Settings generic via filter on get_the_excerpt --><\/p>\n","protected":false},"author":1,"featured_media":0,"parent":2984,"menu_order":0,"comment_status":"closed","ping_status":"open","template":"","meta":{"footnotes":""},"class_list":["post-4621","page","type-page","status-publish","hentry"],"yoast_head":"<!-- This site is optimized with the Yoast SEO plugin v26.6 - https:\/\/yoast.com\/wordpress\/plugins\/seo\/ -->\n<title>Aciers \u00e9tir\u00e9s \u00e0 usinabilit\u00e9 am\u00e9lior\u00e9e - AUSA Special Steels<\/title>\n<meta name=\"robots\" content=\"index, follow, max-snippet:-1, max-image-preview:large, max-video-preview:-1\" \/>\n<link rel=\"canonical\" href=\"https:\/\/www.ausasteel.com\/fr\/aciers\/aciers-etires\/aciers-etires-a-usinage-facile\/\" \/>\n<meta property=\"og:locale\" content=\"fr_FR\" \/>\n<meta property=\"og:type\" content=\"article\" \/>\n<meta property=\"og:title\" content=\"Aciers \u00e9tir\u00e9s \u00e0 usinabilit\u00e9 am\u00e9lior\u00e9e - AUSA Special Steels\" \/>\n<meta property=\"og:description\" content=\"Aciers \u00e9tir\u00e9s \u00e0 usinabilit\u00e9 am\u00e9lior\u00e9e \u00bfQuels types d\u2019aciers \u00e9tir\u00e9s \u00e0 usinabilit\u00e9 am\u00e9lior\u00e9e fournit AUSA ? AUSA travaille avec les qualit\u00e9s d\u2019aciers \u00e9tir\u00e9s \u00e0 usinabilit\u00e9 am\u00e9lior\u00e9e suivantes. Les propri\u00e9t\u00e9s, applications, composition chimiques, \u00e9quivalences et dimensions varient en fonction de la qualit\u00e9 choisie. [vc_widget_sidebar show_bg=&#8221;false&#8221; sidebar_id=&#8221;sidebar_23&#8243;] Les aciers \u00e9tir\u00e9s \u00e0&nbsp;usinabilit\u00e9 am\u00e9lior\u00e9e sont caract\u00e9ris\u00e9s par leur bon d\u00e9collement&hellip;\" \/>\n<meta property=\"og:url\" content=\"https:\/\/www.ausasteel.com\/fr\/aciers\/aciers-etires\/aciers-etires-a-usinage-facile\/\" \/>\n<meta property=\"og:site_name\" content=\"AUSA special steels\" \/>\n<meta property=\"article:modified_time\" content=\"2018-11-13T16:03:45+00:00\" \/>\n<meta name=\"twitter:label1\" content=\"Est. reading time\" \/>\n\t<meta name=\"twitter:data1\" content=\"1 minute\" \/>\n<script type=\"application\/ld+json\" class=\"yoast-schema-graph\">{\"@context\":\"https:\/\/schema.org\",\"@graph\":[{\"@type\":\"WebPage\",\"@id\":\"https:\/\/www.ausasteel.com\/fr\/aciers\/aciers-etires\/aciers-etires-a-usinage-facile\/\",\"url\":\"https:\/\/www.ausasteel.com\/fr\/aciers\/aciers-etires\/aciers-etires-a-usinage-facile\/\",\"name\":\"Aciers \u00e9tir\u00e9s \u00e0 usinabilit\u00e9 am\u00e9lior\u00e9e - AUSA Special Steels\",\"isPartOf\":{\"@id\":\"https:\/\/www.ausasteel.com\/fr\/#website\"},\"datePublished\":\"2014-10-26T18:49:00+00:00\",\"dateModified\":\"2018-11-13T16:03:45+00:00\",\"breadcrumb\":{\"@id\":\"https:\/\/www.ausasteel.com\/fr\/aciers\/aciers-etires\/aciers-etires-a-usinage-facile\/#breadcrumb\"},\"inLanguage\":\"fr-FR\",\"potentialAction\":[{\"@type\":\"ReadAction\",\"target\":[\"https:\/\/www.ausasteel.com\/fr\/aciers\/aciers-etires\/aciers-etires-a-usinage-facile\/\"]}]},{\"@type\":\"BreadcrumbList\",\"@id\":\"https:\/\/www.ausasteel.com\/fr\/aciers\/aciers-etires\/aciers-etires-a-usinage-facile\/#breadcrumb\",\"itemListElement\":[{\"@type\":\"ListItem\",\"position\":1,\"name\":\"Portada\",\"item\":\"https:\/\/www.ausasteel.com\/fr\/\"},{\"@type\":\"ListItem\",\"position\":2,\"name\":\"Aciers\",\"item\":\"https:\/\/www.ausasteel.com\/fr\/aciers\/\"},{\"@type\":\"ListItem\",\"position\":3,\"name\":\"Aciers \u00e9tir\u00e9s\",\"item\":\"https:\/\/www.ausasteel.com\/fr\/aciers\/aciers-etires\/\"},{\"@type\":\"ListItem\",\"position\":4,\"name\":\"Aciers \u00e9tir\u00e9s \u00e0 usinabilit\u00e9 am\u00e9lior\u00e9e\"}]},{\"@type\":\"WebSite\",\"@id\":\"https:\/\/www.ausasteel.com\/fr\/#website\",\"url\":\"https:\/\/www.ausasteel.com\/fr\/\",\"name\":\"AUSA special steels\",\"description\":\"AUSA special steels\",\"potentialAction\":[{\"@type\":\"SearchAction\",\"target\":{\"@type\":\"EntryPoint\",\"urlTemplate\":\"https:\/\/www.ausasteel.com\/fr\/?s={search_term_string}\"},\"query-input\":{\"@type\":\"PropertyValueSpecification\",\"valueRequired\":true,\"valueName\":\"search_term_string\"}}],\"inLanguage\":\"fr-FR\"}]}<\/script>\n<!-- \/ Yoast SEO plugin. -->","yoast_head_json":{"title":"Aciers \u00e9tir\u00e9s \u00e0 usinabilit\u00e9 am\u00e9lior\u00e9e - AUSA Special Steels","robots":{"index":"index","follow":"follow","max-snippet":"max-snippet:-1","max-image-preview":"max-image-preview:large","max-video-preview":"max-video-preview:-1"},"canonical":"https:\/\/www.ausasteel.com\/fr\/aciers\/aciers-etires\/aciers-etires-a-usinage-facile\/","og_locale":"fr_FR","og_type":"article","og_title":"Aciers \u00e9tir\u00e9s \u00e0 usinabilit\u00e9 am\u00e9lior\u00e9e - AUSA Special Steels","og_description":"Aciers \u00e9tir\u00e9s \u00e0 usinabilit\u00e9 am\u00e9lior\u00e9e \u00bfQuels types d\u2019aciers \u00e9tir\u00e9s \u00e0 usinabilit\u00e9 am\u00e9lior\u00e9e fournit AUSA ? AUSA travaille avec les qualit\u00e9s d\u2019aciers \u00e9tir\u00e9s \u00e0 usinabilit\u00e9 am\u00e9lior\u00e9e suivantes. Les propri\u00e9t\u00e9s, applications, composition chimiques, \u00e9quivalences et dimensions varient en fonction de la qualit\u00e9 choisie. [vc_widget_sidebar show_bg=&#8221;false&#8221; sidebar_id=&#8221;sidebar_23&#8243;] Les aciers \u00e9tir\u00e9s \u00e0&nbsp;usinabilit\u00e9 am\u00e9lior\u00e9e sont caract\u00e9ris\u00e9s par leur bon d\u00e9collement&hellip;","og_url":"https:\/\/www.ausasteel.com\/fr\/aciers\/aciers-etires\/aciers-etires-a-usinage-facile\/","og_site_name":"AUSA special steels","article_modified_time":"2018-11-13T16:03:45+00:00","twitter_misc":{"Est. reading time":"1 minute"},"schema":{"@context":"https:\/\/schema.org","@graph":[{"@type":"WebPage","@id":"https:\/\/www.ausasteel.com\/fr\/aciers\/aciers-etires\/aciers-etires-a-usinage-facile\/","url":"https:\/\/www.ausasteel.com\/fr\/aciers\/aciers-etires\/aciers-etires-a-usinage-facile\/","name":"Aciers \u00e9tir\u00e9s \u00e0 usinabilit\u00e9 am\u00e9lior\u00e9e - AUSA Special Steels","isPartOf":{"@id":"https:\/\/www.ausasteel.com\/fr\/#website"},"datePublished":"2014-10-26T18:49:00+00:00","dateModified":"2018-11-13T16:03:45+00:00","breadcrumb":{"@id":"https:\/\/www.ausasteel.com\/fr\/aciers\/aciers-etires\/aciers-etires-a-usinage-facile\/#breadcrumb"},"inLanguage":"fr-FR","potentialAction":[{"@type":"ReadAction","target":["https:\/\/www.ausasteel.com\/fr\/aciers\/aciers-etires\/aciers-etires-a-usinage-facile\/"]}]},{"@type":"BreadcrumbList","@id":"https:\/\/www.ausasteel.com\/fr\/aciers\/aciers-etires\/aciers-etires-a-usinage-facile\/#breadcrumb","itemListElement":[{"@type":"ListItem","position":1,"name":"Portada","item":"https:\/\/www.ausasteel.com\/fr\/"},{"@type":"ListItem","position":2,"name":"Aciers","item":"https:\/\/www.ausasteel.com\/fr\/aciers\/"},{"@type":"ListItem","position":3,"name":"Aciers \u00e9tir\u00e9s","item":"https:\/\/www.ausasteel.com\/fr\/aciers\/aciers-etires\/"},{"@type":"ListItem","position":4,"name":"Aciers \u00e9tir\u00e9s \u00e0 usinabilit\u00e9 am\u00e9lior\u00e9e"}]},{"@type":"WebSite","@id":"https:\/\/www.ausasteel.com\/fr\/#website","url":"https:\/\/www.ausasteel.com\/fr\/","name":"AUSA special steels","description":"AUSA special steels","potentialAction":[{"@type":"SearchAction","target":{"@type":"EntryPoint","urlTemplate":"https:\/\/www.ausasteel.com\/fr\/?s={search_term_string}"},"query-input":{"@type":"PropertyValueSpecification","valueRequired":true,"valueName":"search_term_string"}}],"inLanguage":"fr-FR"}]}},"_links":{"self":[{"href":"https:\/\/www.ausasteel.com\/fr\/wp-json\/wp\/v2\/pages\/4621","targetHints":{"allow":["GET"]}}],"collection":[{"href":"https:\/\/www.ausasteel.com\/fr\/wp-json\/wp\/v2\/pages"}],"about":[{"href":"https:\/\/www.ausasteel.com\/fr\/wp-json\/wp\/v2\/types\/page"}],"author":[{"embeddable":true,"href":"https:\/\/www.ausasteel.com\/fr\/wp-json\/wp\/v2\/users\/1"}],"replies":[{"embeddable":true,"href":"https:\/\/www.ausasteel.com\/fr\/wp-json\/wp\/v2\/comments?post=4621"}],"version-history":[{"count":7,"href":"https:\/\/www.ausasteel.com\/fr\/wp-json\/wp\/v2\/pages\/4621\/revisions"}],"predecessor-version":[{"id":15459,"href":"https:\/\/www.ausasteel.com\/fr\/wp-json\/wp\/v2\/pages\/4621\/revisions\/15459"}],"up":[{"embeddable":true,"href":"https:\/\/www.ausasteel.com\/fr\/wp-json\/wp\/v2\/pages\/2984"}],"wp:attachment":[{"href":"https:\/\/www.ausasteel.com\/fr\/wp-json\/wp\/v2\/media?parent=4621"}],"curies":[{"name":"wp","href":"https:\/\/api.w.org\/{rel}","templated":true}]}}