    {"id":4610,"date":"2014-10-28T11:23:24","date_gmt":"2014-10-28T11:23:24","guid":{"rendered":"http:\/\/ausasteel.irantzu.com\/information-technique\/profundidad-defectos-superficiales\/"},"modified":"2019-09-11T15:50:28","modified_gmt":"2019-09-11T15:50:28","slug":"profondeur-defauts-de-surface","status":"publish","type":"page","link":"https:\/\/www.ausasteel.com\/fr\/information-technique\/profondeur-defauts-de-surface\/","title":{"rendered":"Profondeur d\u00e9fauts de surface"},"content":{"rendered":"<div class=\"wpb-content-wrapper\"><div class=\"row\">\n<div class=\"container\">\n<h1>Profondeur d\u00e9fauts de surface<\/h1>\n<\/div>\n<\/div>\n<p>[vc_row el_class=&#8221;h2-nivel-3&#8243; margin_top=&#8221;0&#8243; margin_bottom=&#8221;0&#8243; padding_left=&#8221;40&#8243; padding_right=&#8221;40&#8243; bg_position=&#8221;top&#8221; bg_repeat=&#8221;no-repeat&#8221; bg_cover=&#8221;false&#8221; bg_attachment=&#8221;false&#8221; padding_top=&#8221;40&#8243; padding_bottom=&#8221;40&#8243; parallax_speed=&#8221;0.1&#8243;][vc_column width=&#8221;1\/1&#8243;][vc_column_text]<a name=\"normauno\"><\/a><br \/>\nIl existe des <strong>normes internationales<\/strong> qui r\u00e9gulent les limites d&#8217;acceptation des <strong>d\u00e9fauts de surface.<\/strong><\/p>\n<p><strong>AUSA<\/strong> r\u00e9pond aux <a href=\"#normauno\"><strong>EN 10277-1<\/strong> <strong>Clase 1<\/strong><\/a>,\u00a0<a href=\"#normados\"><strong>EN\u00a010277-1 Clase 2<\/strong><\/a> y <a href=\"#normatres\"><strong>EN 10277-1 Clase 3 <\/strong><\/a>pour les aciers \u00e9tir\u00e9s.[\/vc_column_text][\/vc_column][\/vc_row]<\/p>\n<div class=\"bloque\">\n<h3>Norme EN 10277-1 Classe 1<\/h3>\n<table class=\"10058\" border=\"1\" width=\"100%\">\n<tbody>\n<tr>\n<th scope=\"col\" style=\"text-align: center; vertical-align: middle;\"><strong>Rang dimensionnel, mm.<\/strong><\/th>\n<th scope=\"col\" style=\"text-align: center; vertical-align: middle;\"><strong>Profondeur maximale<\/strong><\/th>\n<th scope=\"col\" style=\"text-align: center; vertical-align: middle;\"><strong>Norme<\/strong><\/th>\n<th scope=\"col\" style=\"text-align: center; vertical-align: middle;\"><strong>Classe<\/strong><\/th>\n<\/tr>\n<tr>\n<td style=\"text-align: center; vertical-align: middle;\">&nbsp;t \u2264 15<\/td>\n<td style=\"text-align: center; vertical-align: middle;\">0,3 mm.<\/td>\n<td style=\"text-align: center; vertical-align: middle;\">EN 10277-1<\/td>\n<td style=\"text-align: center; vertical-align: middle;\">1<a name=\"normados\"><\/a><\/td>\n<\/tr>\n<tr>\n<td style=\"text-align: center; vertical-align: middle;\">15 &lt; t \u2264 100<\/td>\n<td style=\"text-align: center; vertical-align: middle;\">0,02 x t mm.<\/td>\n<td style=\"text-align: center; vertical-align: middle;\">EN 10277-1<\/td>\n<td style=\"text-align: center; vertical-align: middle;\">1<\/td>\n<\/tr>\n<\/tbody>\n<\/table>\n<\/div>\n<div class=\"bloque\">\n<h3>Norme EN 10277-1 Classe 2<\/h3>\n<table class=\"10058\" border=\"1\" width=\"100%\">\n<tbody>\n<tr>\n<th scope=\"col\" style=\"text-align: center; vertical-align: middle;\"><strong>Rang dimensionnel, mm.<\/strong><\/th>\n<th scope=\"col\" style=\"text-align: center; vertical-align: middle;\"><strong>Profondeur maximale<\/strong><\/th>\n<th scope=\"col\" style=\"text-align: center; vertical-align: middle;\"><strong>Norme<\/strong><\/th>\n<th scope=\"col\" style=\"text-align: center; vertical-align: middle;\"><strong>Classe<\/strong><\/th>\n<\/tr>\n<tr>\n<td style=\"text-align: center; vertical-align: middle;\">&nbsp;l \u2264 15<\/td>\n<td style=\"text-align: center; vertical-align: middle;\">0,3 mm.<\/td>\n<td style=\"text-align: center; vertical-align: middle;\">EN 10277-1<\/td>\n<td style=\"text-align: center; vertical-align: middle;\">2<\/td>\n<\/tr>\n<tr>\n<td style=\"text-align: center; vertical-align: middle;\">15 &lt; l \u2264 75<a name=\"normatres\"><\/a><\/td>\n<td style=\"text-align: center; vertical-align: middle;\">0,02 x d mm.<\/td>\n<td style=\"text-align: center; vertical-align: middle;\">EN 10277-1<\/td>\n<td style=\"text-align: center; vertical-align: middle;\">2<\/td>\n<\/tr>\n<tr>\n<td style=\"text-align: center; vertical-align: middle;\">l &gt; 75<\/td>\n<td style=\"text-align: center; vertical-align: middle;\">1,5 mm.<\/td>\n<td style=\"text-align: center; vertical-align: middle;\">EN 10277-1<\/td>\n<td style=\"text-align: center; vertical-align: middle;\">2<\/td>\n<\/tr>\n<\/tbody>\n<\/table>\n<\/div>\n<div class=\"bloque\">\n<h3>Norme EN 10277-1 Classe 3<\/h3>\n<table class=\"10058\" border=\"1\" width=\"100%\">\n<tbody>\n<tr>\n<th scope=\"col\" style=\"text-align: center; vertical-align: middle;\"><strong>Rang dimensionnel, mm.<\/strong><\/th>\n<th scope=\"col\" style=\"text-align: center; vertical-align: middle;\"><strong>Profondeur maximale<\/strong><\/th>\n<th scope=\"col\" style=\"text-align: center; vertical-align: middle;\"><strong>Norme<\/strong><\/th>\n<th scope=\"col\" style=\"text-align: center; vertical-align: middle;\"><strong>Classe<\/strong><\/th>\n<\/tr>\n<tr>\n<td style=\"text-align: center; vertical-align: middle;\">&nbsp;d \u2264 20<\/td>\n<td style=\"text-align: center; vertical-align: middle;\">0,2 mm.<\/td>\n<td style=\"text-align: center; vertical-align: middle;\">EN 10277-1<\/td>\n<td style=\"text-align: center; vertical-align: middle;\">3<\/td>\n<\/tr>\n<tr>\n<td style=\"text-align: center; vertical-align: middle;\">20 &lt; d \u2264 75<\/td>\n<td style=\"text-align: center; vertical-align: middle;\">0,01 x d mm.<\/td>\n<td style=\"text-align: center; vertical-align: middle;\">EN 10277-1<\/td>\n<td style=\"text-align: center; vertical-align: middle;\">3<\/td>\n<\/tr>\n<tr>\n<td style=\"text-align: center; vertical-align: middle;\">d &gt; 75<\/td>\n<td style=\"text-align: center; vertical-align: middle;\">0,75 mm.<\/td>\n<td style=\"text-align: center; vertical-align: middle;\">EN 10277-1<\/td>\n<td style=\"text-align: center; vertical-align: middle;\">3<\/td>\n<\/tr>\n<\/tbody>\n<\/table>\n<\/div>\n<div class=\"row gris\" id=\"informacion_tecnica\">\n<div class=\"container\">\n<h2>Information technique<\/h2>\n<p>[vc_widget_sidebar show_bg=&#8221;false&#8221; sidebar_id=&#8221;sidebar_26&#8243;]\n<\/p><\/div>\n<\/div>\n<\/div><!-- AddThis Advanced Settings generic via filter on the_content -->","protected":false},"excerpt":{"rendered":"<p>Profondeur d\u00e9fauts de surface [vc_row el_class=&#8221;h2-nivel-3&#8243; margin_top=&#8221;0&#8243; margin_bottom=&#8221;0&#8243; padding_left=&#8221;40&#8243; padding_right=&#8221;40&#8243; bg_position=&#8221;top&#8221; bg_repeat=&#8221;no-repeat&#8221; bg_cover=&#8221;false&#8221; bg_attachment=&#8221;false&#8221; padding_top=&#8221;40&#8243; padding_bottom=&#8221;40&#8243; parallax_speed=&#8221;0.1&#8243;][vc_column width=&#8221;1\/1&#8243;][vc_column_text] Il existe des normes internationales qui r\u00e9gulent les limites d&#8217;acceptation des d\u00e9fauts de surface. AUSA r\u00e9pond aux EN 10277-1 Clase 1,\u00a0EN\u00a010277-1 Clase 2 y EN 10277-1 Clase 3 pour les aciers \u00e9tir\u00e9s.[\/vc_column_text][\/vc_column][\/vc_row] Norme EN 10277-1 Classe 1&hellip;<!-- AddThis Advanced Settings generic via filter on get_the_excerpt --><\/p>\n","protected":false},"author":1,"featured_media":0,"parent":4155,"menu_order":0,"comment_status":"closed","ping_status":"open","template":"","meta":{"footnotes":""},"class_list":["post-4610","page","type-page","status-publish","hentry"],"yoast_head":"<!-- This site is optimized with the Yoast SEO plugin v26.6 - https:\/\/yoast.com\/wordpress\/plugins\/seo\/ -->\n<title>Profondeur d\u00e9fauts de surface - AUSA Special Steels<\/title>\n<meta name=\"description\" content=\"Il existe des normes internationales qui r\u00e9gulent les limites d\u2019acceptation des d\u00e9fauts de surface.\" \/>\n<meta name=\"robots\" content=\"index, follow, max-snippet:-1, max-image-preview:large, max-video-preview:-1\" \/>\n<link rel=\"canonical\" href=\"https:\/\/www.ausasteel.com\/fr\/information-technique\/profondeur-defauts-de-surface\/\" \/>\n<meta property=\"og:locale\" content=\"fr_FR\" \/>\n<meta property=\"og:type\" content=\"article\" \/>\n<meta property=\"og:title\" content=\"Profondeur d\u00e9fauts de surface - AUSA Special Steels\" \/>\n<meta property=\"og:description\" content=\"Il existe des normes internationales qui r\u00e9gulent les limites d\u2019acceptation des d\u00e9fauts de surface.\" \/>\n<meta property=\"og:url\" content=\"https:\/\/www.ausasteel.com\/fr\/information-technique\/profondeur-defauts-de-surface\/\" \/>\n<meta property=\"og:site_name\" content=\"AUSA special steels\" \/>\n<meta property=\"article:modified_time\" content=\"2019-09-11T15:50:28+00:00\" \/>\n<meta name=\"twitter:label1\" content=\"Est. reading time\" \/>\n\t<meta name=\"twitter:data1\" content=\"1 minute\" \/>\n<script type=\"application\/ld+json\" class=\"yoast-schema-graph\">{\"@context\":\"https:\/\/schema.org\",\"@graph\":[{\"@type\":\"WebPage\",\"@id\":\"https:\/\/www.ausasteel.com\/fr\/information-technique\/profondeur-defauts-de-surface\/\",\"url\":\"https:\/\/www.ausasteel.com\/fr\/information-technique\/profondeur-defauts-de-surface\/\",\"name\":\"Profondeur d\u00e9fauts de surface - AUSA Special Steels\",\"isPartOf\":{\"@id\":\"https:\/\/www.ausasteel.com\/fr\/#website\"},\"datePublished\":\"2014-10-28T11:23:24+00:00\",\"dateModified\":\"2019-09-11T15:50:28+00:00\",\"description\":\"Il existe des normes internationales qui r\u00e9gulent les limites d\u2019acceptation des d\u00e9fauts de surface.\",\"breadcrumb\":{\"@id\":\"https:\/\/www.ausasteel.com\/fr\/information-technique\/profondeur-defauts-de-surface\/#breadcrumb\"},\"inLanguage\":\"fr-FR\",\"potentialAction\":[{\"@type\":\"ReadAction\",\"target\":[\"https:\/\/www.ausasteel.com\/fr\/information-technique\/profondeur-defauts-de-surface\/\"]}]},{\"@type\":\"BreadcrumbList\",\"@id\":\"https:\/\/www.ausasteel.com\/fr\/information-technique\/profondeur-defauts-de-surface\/#breadcrumb\",\"itemListElement\":[{\"@type\":\"ListItem\",\"position\":1,\"name\":\"Portada\",\"item\":\"https:\/\/www.ausasteel.com\/fr\/\"},{\"@type\":\"ListItem\",\"position\":2,\"name\":\"Information technique\",\"item\":\"https:\/\/www.ausasteel.com\/fr\/information-technique\/\"},{\"@type\":\"ListItem\",\"position\":3,\"name\":\"Profondeur d\u00e9fauts de surface\"}]},{\"@type\":\"WebSite\",\"@id\":\"https:\/\/www.ausasteel.com\/fr\/#website\",\"url\":\"https:\/\/www.ausasteel.com\/fr\/\",\"name\":\"AUSA special steels\",\"description\":\"AUSA special steels\",\"potentialAction\":[{\"@type\":\"SearchAction\",\"target\":{\"@type\":\"EntryPoint\",\"urlTemplate\":\"https:\/\/www.ausasteel.com\/fr\/?s={search_term_string}\"},\"query-input\":{\"@type\":\"PropertyValueSpecification\",\"valueRequired\":true,\"valueName\":\"search_term_string\"}}],\"inLanguage\":\"fr-FR\"}]}<\/script>\n<!-- \/ Yoast SEO plugin. -->","yoast_head_json":{"title":"Profondeur d\u00e9fauts de surface - AUSA Special Steels","description":"Il existe des normes internationales qui r\u00e9gulent les limites d\u2019acceptation des d\u00e9fauts de surface.","robots":{"index":"index","follow":"follow","max-snippet":"max-snippet:-1","max-image-preview":"max-image-preview:large","max-video-preview":"max-video-preview:-1"},"canonical":"https:\/\/www.ausasteel.com\/fr\/information-technique\/profondeur-defauts-de-surface\/","og_locale":"fr_FR","og_type":"article","og_title":"Profondeur d\u00e9fauts de surface - AUSA Special Steels","og_description":"Il existe des normes internationales qui r\u00e9gulent les limites d\u2019acceptation des d\u00e9fauts de surface.","og_url":"https:\/\/www.ausasteel.com\/fr\/information-technique\/profondeur-defauts-de-surface\/","og_site_name":"AUSA special steels","article_modified_time":"2019-09-11T15:50:28+00:00","twitter_misc":{"Est. reading time":"1 minute"},"schema":{"@context":"https:\/\/schema.org","@graph":[{"@type":"WebPage","@id":"https:\/\/www.ausasteel.com\/fr\/information-technique\/profondeur-defauts-de-surface\/","url":"https:\/\/www.ausasteel.com\/fr\/information-technique\/profondeur-defauts-de-surface\/","name":"Profondeur d\u00e9fauts de surface - AUSA Special Steels","isPartOf":{"@id":"https:\/\/www.ausasteel.com\/fr\/#website"},"datePublished":"2014-10-28T11:23:24+00:00","dateModified":"2019-09-11T15:50:28+00:00","description":"Il existe des normes internationales qui r\u00e9gulent les limites d\u2019acceptation des d\u00e9fauts de surface.","breadcrumb":{"@id":"https:\/\/www.ausasteel.com\/fr\/information-technique\/profondeur-defauts-de-surface\/#breadcrumb"},"inLanguage":"fr-FR","potentialAction":[{"@type":"ReadAction","target":["https:\/\/www.ausasteel.com\/fr\/information-technique\/profondeur-defauts-de-surface\/"]}]},{"@type":"BreadcrumbList","@id":"https:\/\/www.ausasteel.com\/fr\/information-technique\/profondeur-defauts-de-surface\/#breadcrumb","itemListElement":[{"@type":"ListItem","position":1,"name":"Portada","item":"https:\/\/www.ausasteel.com\/fr\/"},{"@type":"ListItem","position":2,"name":"Information technique","item":"https:\/\/www.ausasteel.com\/fr\/information-technique\/"},{"@type":"ListItem","position":3,"name":"Profondeur d\u00e9fauts de surface"}]},{"@type":"WebSite","@id":"https:\/\/www.ausasteel.com\/fr\/#website","url":"https:\/\/www.ausasteel.com\/fr\/","name":"AUSA special steels","description":"AUSA special steels","potentialAction":[{"@type":"SearchAction","target":{"@type":"EntryPoint","urlTemplate":"https:\/\/www.ausasteel.com\/fr\/?s={search_term_string}"},"query-input":{"@type":"PropertyValueSpecification","valueRequired":true,"valueName":"search_term_string"}}],"inLanguage":"fr-FR"}]}},"_links":{"self":[{"href":"https:\/\/www.ausasteel.com\/fr\/wp-json\/wp\/v2\/pages\/4610","targetHints":{"allow":["GET"]}}],"collection":[{"href":"https:\/\/www.ausasteel.com\/fr\/wp-json\/wp\/v2\/pages"}],"about":[{"href":"https:\/\/www.ausasteel.com\/fr\/wp-json\/wp\/v2\/types\/page"}],"author":[{"embeddable":true,"href":"https:\/\/www.ausasteel.com\/fr\/wp-json\/wp\/v2\/users\/1"}],"replies":[{"embeddable":true,"href":"https:\/\/www.ausasteel.com\/fr\/wp-json\/wp\/v2\/comments?post=4610"}],"version-history":[{"count":10,"href":"https:\/\/www.ausasteel.com\/fr\/wp-json\/wp\/v2\/pages\/4610\/revisions"}],"predecessor-version":[{"id":15934,"href":"https:\/\/www.ausasteel.com\/fr\/wp-json\/wp\/v2\/pages\/4610\/revisions\/15934"}],"up":[{"embeddable":true,"href":"https:\/\/www.ausasteel.com\/fr\/wp-json\/wp\/v2\/pages\/4155"}],"wp:attachment":[{"href":"https:\/\/www.ausasteel.com\/fr\/wp-json\/wp\/v2\/media?parent=4610"}],"curies":[{"name":"wp","href":"https:\/\/api.w.org\/{rel}","templated":true}]}}