      {"id":4572,"date":"2014-10-29T18:13:10","date_gmt":"2014-10-29T18:13:10","guid":{"rendered":"http:\/\/ausasteel.irantzu.com\/information-technique\/tolerances-dimensionnelles\/en-10029-clase\/"},"modified":"2019-09-11T15:48:41","modified_gmt":"2019-09-11T15:48:41","slug":"en-10029-classe-a","status":"publish","type":"page","link":"https:\/\/www.ausasteel.com\/fr\/information-technique\/tolerances-dimensionnelles\/en-10029-classe-a\/","title":{"rendered":"EN 10029 Classe A"},"content":{"rendered":"<div class=\"wpb-content-wrapper\"><div class=\"row\">\n<div class=\"container\">\n<h1>EN 10029 Classe A<\/h1>\n<h3>Objet et champ d&#8217;application<\/h3>\n<p>Norme europ\u00e9enne qui sp\u00e9cifie les <strong>tol\u00e9rances des t\u00f4les lamin\u00e9es \u00e0 chaud<\/strong> en aciers non alli\u00e9s ou alli\u00e9s, les aciers inoxydables aux caract\u00e9ristiques suivantes inclus:<\/p>\n<ul class=\"stamdard-arrow\">\n<li>\u00c9paisseur nominale comprise entre 3 mm et 250 mm. (inclus)<\/li>\n<li>Largeur nominale \u00e9gale ou sup\u00e9rieure \u00e0 600 mm.<\/li>\n<li>Largeur nominale \u00e9gale ou sup\u00e9rieure \u00e0 600 mm.<\/li>\n<\/ul>\n<\/div>\n<\/div>\n<div class=\"row\">\n<div class=\"container\">\n<h3>Tableau des tol\u00e9rances dimensionnelles<\/h3>\n<table class=\"10058\" border=\"1\" width=\"100%\">\n<tbody>\n<tr>\n<td class=\"gris\" colspan=\"2\" scope=\"col\" style=\"text-align: center; vertical-align: middle;\"><strong>Profil\u00e9<\/strong><\/td>\n<td class=\"gris\" colspan=\"2\" scope=\"col\" style=\"text-align: center; vertical-align: middle;\"><img loading=\"lazy\" decoding=\"async\" class=\"aligncenter wp-image-3091 size-full\" src=\"https:\/\/www.ausasteel.com\/wp-content\/uploads\/2014\/10\/Planos.png\" alt=\"Planos\" width=\"80\" height=\"40\" \/><\/td>\n<\/tr>\n<tr>\n<td class=\"azul\" colspan=\"2\" style=\"text-align: center; vertical-align: middle;\"><strong>Norme<\/strong><\/td>\n<td class=\"azul\" colspan=\"2\" style=\"text-align: center; vertical-align: middle;\"><strong>EN 10029 Classe A<\/strong><\/td>\n<\/tr>\n<tr>\n<td class=\"gris\" colspan=\"2\" style=\"text-align: center; vertical-align: middle;\"><strong>Dimension, mm.<\/strong><\/td>\n<td class=\"gris\" colspan=\"2\" style=\"text-align: center; vertical-align: middle;\"><strong>Tol\u00e9rance, mm.<\/strong><\/td>\n<\/tr>\n<tr>\n<td class=\"azul\" colspan=\"4\" style=\"text-align: center; vertical-align: middle;\"><strong>\u00c9paisseur<\/strong><\/td>\n<\/tr>\n<tr>\n<td style=\"text-align: center; vertical-align: middle;\">\u00a0\u2265 3<\/td>\n<td style=\"text-align: center; vertical-align: middle;\">&lt;5<\/td>\n<td style=\"text-align: center; vertical-align: middle;\">-0.4<\/td>\n<td style=\"text-align: center; vertical-align: middle;\">+0.8<\/td>\n<\/tr>\n<tr>\n<td style=\"text-align: center; vertical-align: middle;\">\u2265 5<\/td>\n<td style=\"text-align: center; vertical-align: middle;\">&lt;8<\/td>\n<td style=\"text-align: center; vertical-align: middle;\">-0.4<\/td>\n<td style=\"text-align: center; vertical-align: middle;\">+1.1<\/td>\n<\/tr>\n<tr>\n<td style=\"text-align: center; vertical-align: middle;\">\u2265 8<\/td>\n<td style=\"text-align: center; vertical-align: middle;\">&lt;15<\/td>\n<td style=\"text-align: center; vertical-align: middle;\">-0.5<\/td>\n<td style=\"text-align: center; vertical-align: middle;\">+1.2<\/td>\n<\/tr>\n<tr>\n<td class=\"azul\" colspan=\"4\" style=\"text-align: center; vertical-align: middle;\"><strong>Largeur<\/strong><\/td>\n<\/tr>\n<tr>\n<td style=\"text-align: center; vertical-align: middle;\">\u2265 600<\/td>\n<td style=\"text-align: center; vertical-align: middle;\">&lt;2000<\/td>\n<td style=\"text-align: center; vertical-align: middle;\">-0<\/td>\n<td style=\"text-align: center; vertical-align: middle;\">20<\/td>\n<\/tr>\n<\/tbody>\n<\/table>\n<\/div>\n<\/div>\n<p>[vc_row][vc_column width=&#8221;1\/1&#8243;]<div class=\"templatera_shortcode\"><div class=\"menu_tolerancias\">\n<ul class=\"menu\">\n<li><a title=\"EN 10058\" href=\"https:\/\/www.ausasteel.com\/fr\/information-technique\/tolerances-dimensionnelles\/en-10058\/\">EN 10058<\/a><\/li>\n<li><a title=\"EN 10059\" href=\"https:\/\/www.ausasteel.com\/fr\/information-technique\/tolerances-dimensionnelles\/en-10059\/\">EN 10059<\/a><\/li>\n<li><a title=\"EN 10060\" href=\"https:\/\/www.ausasteel.com\/fr\/information-technique\/tolerances-dimensionnelles\/en-10060\/\">EN 10060<\/a><\/li>\n<li><a title=\"EN 10061\" href=\"https:\/\/www.ausasteel.com\/informacion-tecnica\/tolerancias-dimensionales\/en-10061\/\">EN 10061<\/a><\/li>\n<li><a title=\"EN 10278\" href=\"https:\/\/www.ausasteel.com\/informacion-tecnica\/tolerancias-dimensionales\/en-10278\/\">EN 10278<\/a><\/li>\n<li><a title=\"EN 10029 Clase A\" href=\"https:\/\/www.ausasteel.com\/fr\/information-technique\/tolerances-dimensionnelles\/en-10029-classe-a\/\">EN 10029 CLASSE A<\/a><\/li>\n<li><a title=\"EN 10297-1\" href=\"https:\/\/www.ausasteel.com\/fr\/information-technique\/tolerances-dimensionnelles\/en-10297-1\/\">EN 10297-1<\/a><\/li>\n<li><a title=\"UNE 36-514-84\" href=\"https:\/\/www.ausasteel.com\/fr\/information-technique\/tolerances-dimensionnelles\/une-36-514-84\/\">UNE 36-514-84<\/a><\/li>\n<li><a title=\"DIN 59200 A\" href=\"https:\/\/www.ausasteel.com\/fr\/information-technique\/tolerances-dimensionnelles\/din-59200\/\">DIN 59200 A<\/a><\/li>\n<\/ul>\n<\/div><!-- AddThis Advanced Settings generic via filter on the_content --><\/div>[\/vc_column][\/vc_row]<\/p>\n<div class=\"row gris\" id=\"informacion_tecnica\">\n<div class=\"container\">\n<h2>Information technique<\/h2>\n<p>[vc_widget_sidebar show_bg=&#8221;false&#8221; sidebar_id=&#8221;sidebar_26&#8243;]\n<\/p><\/div>\n<\/div>\n<\/div>","protected":false},"excerpt":{"rendered":"<p>EN 10029 Classe A Objet et champ d&#8217;application Norme europ\u00e9enne qui sp\u00e9cifie les tol\u00e9rances des t\u00f4les lamin\u00e9es \u00e0 chaud en aciers non alli\u00e9s ou alli\u00e9s, les aciers inoxydables aux caract\u00e9ristiques suivantes inclus: \u00c9paisseur nominale comprise entre 3 mm et 250 mm. (inclus) Largeur nominale \u00e9gale ou sup\u00e9rieure \u00e0 600 mm. Largeur nominale \u00e9gale ou sup\u00e9rieure&hellip;<!-- AddThis Advanced Settings generic via filter on get_the_excerpt --><\/p>\n","protected":false},"author":1,"featured_media":0,"parent":4160,"menu_order":0,"comment_status":"closed","ping_status":"open","template":"","meta":{"footnotes":""},"class_list":["post-4572","page","type-page","status-publish","hentry"],"yoast_head":"<!-- This site is optimized with the Yoast SEO plugin v26.6 - https:\/\/yoast.com\/wordpress\/plugins\/seo\/ -->\n<title>EN 10029 Classe A - AUSA Special Steels<\/title>\n<meta name=\"description\" content=\"Norme europ\u00e9enne qui sp\u00e9cifie les tol\u00e9rances des t\u00f4les lamin\u00e9es \u00e0 chaud en aciers non alli\u00e9s ou alli\u00e9s, les aciers inoxydables aux caract\u00e9ristiques...\" \/>\n<meta name=\"robots\" content=\"index, follow, max-snippet:-1, max-image-preview:large, max-video-preview:-1\" \/>\n<link rel=\"canonical\" href=\"https:\/\/www.ausasteel.com\/fr\/information-technique\/tolerances-dimensionnelles\/en-10029-classe-a\/\" \/>\n<meta property=\"og:locale\" content=\"fr_FR\" \/>\n<meta property=\"og:type\" content=\"article\" \/>\n<meta property=\"og:title\" content=\"EN 10029 Classe A - AUSA Special Steels\" \/>\n<meta property=\"og:description\" content=\"Norme europ\u00e9enne qui sp\u00e9cifie les tol\u00e9rances des t\u00f4les lamin\u00e9es \u00e0 chaud en aciers non alli\u00e9s ou alli\u00e9s, les aciers inoxydables aux caract\u00e9ristiques...\" \/>\n<meta property=\"og:url\" content=\"https:\/\/www.ausasteel.com\/fr\/information-technique\/tolerances-dimensionnelles\/en-10029-classe-a\/\" \/>\n<meta property=\"og:site_name\" content=\"AUSA special steels\" \/>\n<meta property=\"article:modified_time\" content=\"2019-09-11T15:48:41+00:00\" \/>\n<meta property=\"og:image\" content=\"https:\/\/www.ausasteel.com\/wp-content\/uploads\/2014\/10\/Planos.png\" \/>\n<meta name=\"twitter:label1\" content=\"Est. reading time\" \/>\n\t<meta name=\"twitter:data1\" content=\"1 minute\" \/>\n<script type=\"application\/ld+json\" class=\"yoast-schema-graph\">{\"@context\":\"https:\/\/schema.org\",\"@graph\":[{\"@type\":\"WebPage\",\"@id\":\"https:\/\/www.ausasteel.com\/fr\/information-technique\/tolerances-dimensionnelles\/en-10029-classe-a\/\",\"url\":\"https:\/\/www.ausasteel.com\/fr\/information-technique\/tolerances-dimensionnelles\/en-10029-classe-a\/\",\"name\":\"EN 10029 Classe A - AUSA Special Steels\",\"isPartOf\":{\"@id\":\"https:\/\/www.ausasteel.com\/fr\/#website\"},\"primaryImageOfPage\":{\"@id\":\"https:\/\/www.ausasteel.com\/fr\/information-technique\/tolerances-dimensionnelles\/en-10029-classe-a\/#primaryimage\"},\"image\":{\"@id\":\"https:\/\/www.ausasteel.com\/fr\/information-technique\/tolerances-dimensionnelles\/en-10029-classe-a\/#primaryimage\"},\"thumbnailUrl\":\"https:\/\/www.ausasteel.com\/wp-content\/uploads\/2014\/10\/Planos.png\",\"datePublished\":\"2014-10-29T18:13:10+00:00\",\"dateModified\":\"2019-09-11T15:48:41+00:00\",\"description\":\"Norme europ\u00e9enne qui sp\u00e9cifie les tol\u00e9rances des t\u00f4les lamin\u00e9es \u00e0 chaud en aciers non alli\u00e9s ou alli\u00e9s, les aciers inoxydables aux caract\u00e9ristiques...\",\"breadcrumb\":{\"@id\":\"https:\/\/www.ausasteel.com\/fr\/information-technique\/tolerances-dimensionnelles\/en-10029-classe-a\/#breadcrumb\"},\"inLanguage\":\"fr-FR\",\"potentialAction\":[{\"@type\":\"ReadAction\",\"target\":[\"https:\/\/www.ausasteel.com\/fr\/information-technique\/tolerances-dimensionnelles\/en-10029-classe-a\/\"]}]},{\"@type\":\"ImageObject\",\"inLanguage\":\"fr-FR\",\"@id\":\"https:\/\/www.ausasteel.com\/fr\/information-technique\/tolerances-dimensionnelles\/en-10029-classe-a\/#primaryimage\",\"url\":\"https:\/\/www.ausasteel.com\/wp-content\/uploads\/2014\/10\/Planos.png\",\"contentUrl\":\"https:\/\/www.ausasteel.com\/wp-content\/uploads\/2014\/10\/Planos.png\"},{\"@type\":\"BreadcrumbList\",\"@id\":\"https:\/\/www.ausasteel.com\/fr\/information-technique\/tolerances-dimensionnelles\/en-10029-classe-a\/#breadcrumb\",\"itemListElement\":[{\"@type\":\"ListItem\",\"position\":1,\"name\":\"Portada\",\"item\":\"https:\/\/www.ausasteel.com\/fr\/\"},{\"@type\":\"ListItem\",\"position\":2,\"name\":\"Information technique\",\"item\":\"https:\/\/www.ausasteel.com\/fr\/information-technique\/\"},{\"@type\":\"ListItem\",\"position\":3,\"name\":\"Tol\u00e9rances dimensionnelles\",\"item\":\"https:\/\/www.ausasteel.com\/fr\/information-technique\/tolerances-dimensionnelles\/\"},{\"@type\":\"ListItem\",\"position\":4,\"name\":\"EN 10029 Classe A\"}]},{\"@type\":\"WebSite\",\"@id\":\"https:\/\/www.ausasteel.com\/fr\/#website\",\"url\":\"https:\/\/www.ausasteel.com\/fr\/\",\"name\":\"AUSA special steels\",\"description\":\"AUSA special steels\",\"potentialAction\":[{\"@type\":\"SearchAction\",\"target\":{\"@type\":\"EntryPoint\",\"urlTemplate\":\"https:\/\/www.ausasteel.com\/fr\/?s={search_term_string}\"},\"query-input\":{\"@type\":\"PropertyValueSpecification\",\"valueRequired\":true,\"valueName\":\"search_term_string\"}}],\"inLanguage\":\"fr-FR\"}]}<\/script>\n<!-- \/ Yoast SEO plugin. -->","yoast_head_json":{"title":"EN 10029 Classe A - AUSA Special Steels","description":"Norme europ\u00e9enne qui sp\u00e9cifie les tol\u00e9rances des t\u00f4les lamin\u00e9es \u00e0 chaud en aciers non alli\u00e9s ou alli\u00e9s, les aciers inoxydables aux caract\u00e9ristiques...","robots":{"index":"index","follow":"follow","max-snippet":"max-snippet:-1","max-image-preview":"max-image-preview:large","max-video-preview":"max-video-preview:-1"},"canonical":"https:\/\/www.ausasteel.com\/fr\/information-technique\/tolerances-dimensionnelles\/en-10029-classe-a\/","og_locale":"fr_FR","og_type":"article","og_title":"EN 10029 Classe A - AUSA Special Steels","og_description":"Norme europ\u00e9enne qui sp\u00e9cifie les tol\u00e9rances des t\u00f4les lamin\u00e9es \u00e0 chaud en aciers non alli\u00e9s ou alli\u00e9s, les aciers inoxydables aux caract\u00e9ristiques...","og_url":"https:\/\/www.ausasteel.com\/fr\/information-technique\/tolerances-dimensionnelles\/en-10029-classe-a\/","og_site_name":"AUSA special steels","article_modified_time":"2019-09-11T15:48:41+00:00","og_image":[{"url":"https:\/\/www.ausasteel.com\/wp-content\/uploads\/2014\/10\/Planos.png","type":"","width":"","height":""}],"twitter_misc":{"Est. reading time":"1 minute"},"schema":{"@context":"https:\/\/schema.org","@graph":[{"@type":"WebPage","@id":"https:\/\/www.ausasteel.com\/fr\/information-technique\/tolerances-dimensionnelles\/en-10029-classe-a\/","url":"https:\/\/www.ausasteel.com\/fr\/information-technique\/tolerances-dimensionnelles\/en-10029-classe-a\/","name":"EN 10029 Classe A - AUSA Special Steels","isPartOf":{"@id":"https:\/\/www.ausasteel.com\/fr\/#website"},"primaryImageOfPage":{"@id":"https:\/\/www.ausasteel.com\/fr\/information-technique\/tolerances-dimensionnelles\/en-10029-classe-a\/#primaryimage"},"image":{"@id":"https:\/\/www.ausasteel.com\/fr\/information-technique\/tolerances-dimensionnelles\/en-10029-classe-a\/#primaryimage"},"thumbnailUrl":"https:\/\/www.ausasteel.com\/wp-content\/uploads\/2014\/10\/Planos.png","datePublished":"2014-10-29T18:13:10+00:00","dateModified":"2019-09-11T15:48:41+00:00","description":"Norme europ\u00e9enne qui sp\u00e9cifie les tol\u00e9rances des t\u00f4les lamin\u00e9es \u00e0 chaud en aciers non alli\u00e9s ou alli\u00e9s, les aciers inoxydables aux caract\u00e9ristiques...","breadcrumb":{"@id":"https:\/\/www.ausasteel.com\/fr\/information-technique\/tolerances-dimensionnelles\/en-10029-classe-a\/#breadcrumb"},"inLanguage":"fr-FR","potentialAction":[{"@type":"ReadAction","target":["https:\/\/www.ausasteel.com\/fr\/information-technique\/tolerances-dimensionnelles\/en-10029-classe-a\/"]}]},{"@type":"ImageObject","inLanguage":"fr-FR","@id":"https:\/\/www.ausasteel.com\/fr\/information-technique\/tolerances-dimensionnelles\/en-10029-classe-a\/#primaryimage","url":"https:\/\/www.ausasteel.com\/wp-content\/uploads\/2014\/10\/Planos.png","contentUrl":"https:\/\/www.ausasteel.com\/wp-content\/uploads\/2014\/10\/Planos.png"},{"@type":"BreadcrumbList","@id":"https:\/\/www.ausasteel.com\/fr\/information-technique\/tolerances-dimensionnelles\/en-10029-classe-a\/#breadcrumb","itemListElement":[{"@type":"ListItem","position":1,"name":"Portada","item":"https:\/\/www.ausasteel.com\/fr\/"},{"@type":"ListItem","position":2,"name":"Information technique","item":"https:\/\/www.ausasteel.com\/fr\/information-technique\/"},{"@type":"ListItem","position":3,"name":"Tol\u00e9rances dimensionnelles","item":"https:\/\/www.ausasteel.com\/fr\/information-technique\/tolerances-dimensionnelles\/"},{"@type":"ListItem","position":4,"name":"EN 10029 Classe A"}]},{"@type":"WebSite","@id":"https:\/\/www.ausasteel.com\/fr\/#website","url":"https:\/\/www.ausasteel.com\/fr\/","name":"AUSA special steels","description":"AUSA special steels","potentialAction":[{"@type":"SearchAction","target":{"@type":"EntryPoint","urlTemplate":"https:\/\/www.ausasteel.com\/fr\/?s={search_term_string}"},"query-input":{"@type":"PropertyValueSpecification","valueRequired":true,"valueName":"search_term_string"}}],"inLanguage":"fr-FR"}]}},"_links":{"self":[{"href":"https:\/\/www.ausasteel.com\/fr\/wp-json\/wp\/v2\/pages\/4572","targetHints":{"allow":["GET"]}}],"collection":[{"href":"https:\/\/www.ausasteel.com\/fr\/wp-json\/wp\/v2\/pages"}],"about":[{"href":"https:\/\/www.ausasteel.com\/fr\/wp-json\/wp\/v2\/types\/page"}],"author":[{"embeddable":true,"href":"https:\/\/www.ausasteel.com\/fr\/wp-json\/wp\/v2\/users\/1"}],"replies":[{"embeddable":true,"href":"https:\/\/www.ausasteel.com\/fr\/wp-json\/wp\/v2\/comments?post=4572"}],"version-history":[{"count":9,"href":"https:\/\/www.ausasteel.com\/fr\/wp-json\/wp\/v2\/pages\/4572\/revisions"}],"predecessor-version":[{"id":15899,"href":"https:\/\/www.ausasteel.com\/fr\/wp-json\/wp\/v2\/pages\/4572\/revisions\/15899"}],"up":[{"embeddable":true,"href":"https:\/\/www.ausasteel.com\/fr\/wp-json\/wp\/v2\/pages\/4160"}],"wp:attachment":[{"href":"https:\/\/www.ausasteel.com\/fr\/wp-json\/wp\/v2\/media?parent=4572"}],"curies":[{"name":"wp","href":"https:\/\/api.w.org\/{rel}","templated":true}]}}