      {"id":4569,"date":"2014-10-29T18:09:29","date_gmt":"2014-10-29T18:09:29","guid":{"rendered":"http:\/\/ausasteel.irantzu.com\/information-technique\/tolerances-dimensionnelles\/en-10060\/"},"modified":"2019-09-11T15:49:27","modified_gmt":"2019-09-11T15:49:27","slug":"en-10060","status":"publish","type":"page","link":"https:\/\/www.ausasteel.com\/fr\/information-technique\/tolerances-dimensionnelles\/en-10060\/","title":{"rendered":"EN 10060"},"content":{"rendered":"<div class=\"wpb-content-wrapper\"><div class=\"row\">\n<div class=\"container\">\n<h1>EN 10060<\/h1>\n<h3>Objet et champ d&#8217;application<\/h3>\n<p>Cette norme europ\u00e9enne sp\u00e9cifie <strong>les dimensions nominales, les tol\u00e9rances dimensionnelles et la forme des barres rondes en acier, lamin\u00e9es<\/strong> \u00e0 chaud pour <strong>utilisations g\u00e9n\u00e9rales.<\/strong><\/p>\n<\/div>\n<\/div>\n<div class=\"row\">\n<div class=\"container\">\n<h3>Tableau des tol\u00e9rances dimensionnelles<\/h3>\n<table class=\"10058\" border=\"1\" width=\"100%\">\n<tbody>\n<tr>\n<td class=\"gris\" colspan=\"2\" scope=\"col\" style=\"text-align: center; vertical-align: middle;\"><strong>Profil\u00e9<\/strong><\/td>\n<td class=\"gris\" scope=\"col\" style=\"text-align: center; vertical-align: middle;\"><img loading=\"lazy\" decoding=\"async\" class=\"aligncenter size-full wp-image-3096\" src=\"https:\/\/www.ausasteel.com\/wp-content\/uploads\/2014\/10\/Redondos.png\" alt=\"Redondos\" width=\"50\" height=\"50\" \/><\/td>\n<\/tr>\n<tr>\n<td class=\"azul\" colspan=\"2\" style=\"text-align: center; vertical-align: middle;\"><strong>Norme<\/strong><\/td>\n<td class=\"azul\" style=\"text-align: center; vertical-align: middle;\"><strong>EN 10060<\/strong><\/td>\n<\/tr>\n<tr>\n<td class=\"gris\" colspan=\"2\" style=\"text-align: center; vertical-align: middle;\"><strong>Dimension, mm.<\/strong><\/td>\n<td class=\"gris\" style=\"text-align: center; vertical-align: middle;\"><strong>Tol\u00e9rance, mm.<\/strong><\/td>\n<\/tr>\n<tr>\n<td style=\"text-align: center; vertical-align: middle;\"><\/td>\n<td style=\"text-align: center; vertical-align: middle;\">\u2264 10<\/td>\n<td style=\"text-align: center; vertical-align: middle;\">\u00b10.3<\/td>\n<\/tr>\n<tr>\n<td style=\"text-align: center; vertical-align: middle;\">\u00a0&gt; 10<\/td>\n<td style=\"text-align: center; vertical-align: middle;\">\u2264 15<\/td>\n<td style=\"text-align: center; vertical-align: middle;\">\u00b10.4<\/td>\n<\/tr>\n<tr>\n<td style=\"text-align: center; vertical-align: middle;\">&gt; 15<\/td>\n<td style=\"text-align: center; vertical-align: middle;\">\u2264 25<\/td>\n<td style=\"text-align: center; vertical-align: middle;\">\u00b10.5<\/td>\n<\/tr>\n<tr>\n<td style=\"text-align: center; vertical-align: middle;\">&gt; 25<\/td>\n<td style=\"text-align: center; vertical-align: middle;\">\u2264 35<\/td>\n<td style=\"text-align: center; vertical-align: middle;\">\u00b10.6<\/td>\n<\/tr>\n<tr>\n<td style=\"text-align: center; vertical-align: middle;\">&gt; 35<\/td>\n<td style=\"text-align: center; vertical-align: middle;\">\u2264 50<\/td>\n<td style=\"text-align: center; vertical-align: middle;\">\u00b10.8<\/td>\n<\/tr>\n<tr>\n<td style=\"text-align: center; vertical-align: middle;\">&gt; 50<\/td>\n<td style=\"text-align: center; vertical-align: middle;\">\u2264 80<\/td>\n<td style=\"text-align: center; vertical-align: middle;\">\u00b11.0<\/td>\n<\/tr>\n<tr>\n<td style=\"text-align: center; vertical-align: middle;\">&gt; 80<\/td>\n<td style=\"text-align: center; vertical-align: middle;\">\u2264 100<\/td>\n<td style=\"text-align: center; vertical-align: middle;\">\u00b11.3<\/td>\n<\/tr>\n<tr>\n<td style=\"text-align: center; vertical-align: middle;\">&gt; 100<\/td>\n<td style=\"text-align: center; vertical-align: middle;\">\u2264 120<\/td>\n<td style=\"text-align: center; vertical-align: middle;\">\u00b11.5<\/td>\n<\/tr>\n<tr>\n<td style=\"text-align: center; vertical-align: middle;\">&gt; 120<\/td>\n<td style=\"text-align: center; vertical-align: middle;\">\u2264 160<\/td>\n<td style=\"text-align: center; vertical-align: middle;\">\u00b12.0<\/td>\n<\/tr>\n<tr>\n<td style=\"text-align: center; vertical-align: middle;\">&gt; 160<\/td>\n<td style=\"text-align: center; vertical-align: middle;\">\u2264 200<\/td>\n<td style=\"text-align: center; vertical-align: middle;\">\u00b12.5<\/td>\n<\/tr>\n<tr>\n<td style=\"text-align: center; vertical-align: middle;\">&gt; 200<\/td>\n<td style=\"text-align: center; vertical-align: middle;\">\u2264 220<\/td>\n<td style=\"text-align: center; vertical-align: middle;\">\u00b13<\/td>\n<\/tr>\n<tr>\n<td style=\"text-align: center; vertical-align: middle;\">&gt; 220<\/td>\n<td style=\"text-align: center; vertical-align: middle;\">\u2264 250<\/td>\n<td style=\"text-align: center; vertical-align: middle;\">\u00b14<\/td>\n<\/tr>\n<tr>\n<td style=\"text-align: center; vertical-align: middle;\">&gt; 250<\/td>\n<td style=\"text-align: center; vertical-align: middle;\">\u2264 300<\/td>\n<td style=\"text-align: center; vertical-align: middle;\">\u00b16<\/td>\n<\/tr>\n<\/tbody>\n<\/table>\n<\/div>\n<\/div>\n<p>[vc_row][vc_column width=&#8221;1\/1&#8243;]<div class=\"templatera_shortcode\"><div class=\"menu_tolerancias\">\n<ul class=\"menu\">\n<li><a title=\"EN 10058\" href=\"https:\/\/www.ausasteel.com\/fr\/information-technique\/tolerances-dimensionnelles\/en-10058\/\">EN 10058<\/a><\/li>\n<li><a title=\"EN 10059\" href=\"https:\/\/www.ausasteel.com\/fr\/information-technique\/tolerances-dimensionnelles\/en-10059\/\">EN 10059<\/a><\/li>\n<li><a title=\"EN 10060\" href=\"https:\/\/www.ausasteel.com\/fr\/information-technique\/tolerances-dimensionnelles\/en-10060\/\">EN 10060<\/a><\/li>\n<li><a title=\"EN 10061\" href=\"https:\/\/www.ausasteel.com\/informacion-tecnica\/tolerancias-dimensionales\/en-10061\/\">EN 10061<\/a><\/li>\n<li><a title=\"EN 10278\" href=\"https:\/\/www.ausasteel.com\/informacion-tecnica\/tolerancias-dimensionales\/en-10278\/\">EN 10278<\/a><\/li>\n<li><a title=\"EN 10029 Clase A\" href=\"https:\/\/www.ausasteel.com\/fr\/information-technique\/tolerances-dimensionnelles\/en-10029-classe-a\/\">EN 10029 CLASSE A<\/a><\/li>\n<li><a title=\"EN 10297-1\" href=\"https:\/\/www.ausasteel.com\/fr\/information-technique\/tolerances-dimensionnelles\/en-10297-1\/\">EN 10297-1<\/a><\/li>\n<li><a title=\"UNE 36-514-84\" href=\"https:\/\/www.ausasteel.com\/fr\/information-technique\/tolerances-dimensionnelles\/une-36-514-84\/\">UNE 36-514-84<\/a><\/li>\n<li><a title=\"DIN 59200 A\" href=\"https:\/\/www.ausasteel.com\/fr\/information-technique\/tolerances-dimensionnelles\/din-59200\/\">DIN 59200 A<\/a><\/li>\n<\/ul>\n<\/div><!-- AddThis Advanced Settings generic via filter on the_content --><\/div>[\/vc_column][\/vc_row]<\/p>\n<div class=\"row gris\" id=\"informacion_tecnica\">\n<div class=\"container\">\n<h2>Information technique<\/h2>\n<p>[vc_widget_sidebar show_bg=&#8221;false&#8221; sidebar_id=&#8221;sidebar_26&#8243;]\n<\/p><\/div>\n<\/div>\n<\/div>","protected":false},"excerpt":{"rendered":"<p>EN 10060 Objet et champ d&#8217;application Cette norme europ\u00e9enne sp\u00e9cifie les dimensions nominales, les tol\u00e9rances dimensionnelles et la forme des barres rondes en acier, lamin\u00e9es \u00e0 chaud pour utilisations g\u00e9n\u00e9rales. Tableau des tol\u00e9rances dimensionnelles Profil\u00e9 Norme EN 10060 Dimension, mm. Tol\u00e9rance, mm. \u2264 10 \u00b10.3 \u00a0&gt; 10 \u2264 15 \u00b10.4 &gt; 15 \u2264 25 \u00b10.5&hellip;<!-- AddThis Advanced Settings generic via filter on get_the_excerpt --><\/p>\n","protected":false},"author":1,"featured_media":0,"parent":4160,"menu_order":0,"comment_status":"closed","ping_status":"open","template":"","meta":{"footnotes":""},"class_list":["post-4569","page","type-page","status-publish","hentry"],"yoast_head":"<!-- This site is optimized with the Yoast SEO plugin v26.6 - https:\/\/yoast.com\/wordpress\/plugins\/seo\/ -->\n<title>EN 10060 - AUSA Special Steels<\/title>\n<meta name=\"description\" content=\"Cette norme europ\u00e9enne sp\u00e9cifie les dimensions nominales, les tol\u00e9rances dimensionnelles et la forme des barres rondes en acier, lamin\u00e9es \u00e0 chaud pour utilisations g\u00e9n\u00e9rales.\" \/>\n<meta name=\"robots\" content=\"index, follow, max-snippet:-1, max-image-preview:large, max-video-preview:-1\" \/>\n<link rel=\"canonical\" href=\"https:\/\/www.ausasteel.com\/fr\/information-technique\/tolerances-dimensionnelles\/en-10060\/\" \/>\n<meta property=\"og:locale\" content=\"fr_FR\" \/>\n<meta property=\"og:type\" content=\"article\" \/>\n<meta property=\"og:title\" content=\"EN 10060 - AUSA Special Steels\" \/>\n<meta property=\"og:description\" content=\"Cette norme europ\u00e9enne sp\u00e9cifie les dimensions nominales, les tol\u00e9rances dimensionnelles et la forme des barres rondes en acier, lamin\u00e9es \u00e0 chaud pour utilisations g\u00e9n\u00e9rales.\" \/>\n<meta property=\"og:url\" content=\"https:\/\/www.ausasteel.com\/fr\/information-technique\/tolerances-dimensionnelles\/en-10060\/\" \/>\n<meta property=\"og:site_name\" content=\"AUSA special steels\" \/>\n<meta property=\"article:modified_time\" content=\"2019-09-11T15:49:27+00:00\" \/>\n<meta property=\"og:image\" content=\"https:\/\/www.ausasteel.com\/wp-content\/uploads\/2014\/10\/Redondos.png\" \/>\n<script type=\"application\/ld+json\" class=\"yoast-schema-graph\">{\"@context\":\"https:\/\/schema.org\",\"@graph\":[{\"@type\":\"WebPage\",\"@id\":\"https:\/\/www.ausasteel.com\/fr\/information-technique\/tolerances-dimensionnelles\/en-10060\/\",\"url\":\"https:\/\/www.ausasteel.com\/fr\/information-technique\/tolerances-dimensionnelles\/en-10060\/\",\"name\":\"EN 10060 - AUSA Special Steels\",\"isPartOf\":{\"@id\":\"https:\/\/www.ausasteel.com\/fr\/#website\"},\"primaryImageOfPage\":{\"@id\":\"https:\/\/www.ausasteel.com\/fr\/information-technique\/tolerances-dimensionnelles\/en-10060\/#primaryimage\"},\"image\":{\"@id\":\"https:\/\/www.ausasteel.com\/fr\/information-technique\/tolerances-dimensionnelles\/en-10060\/#primaryimage\"},\"thumbnailUrl\":\"https:\/\/www.ausasteel.com\/wp-content\/uploads\/2014\/10\/Redondos.png\",\"datePublished\":\"2014-10-29T18:09:29+00:00\",\"dateModified\":\"2019-09-11T15:49:27+00:00\",\"description\":\"Cette norme europ\u00e9enne sp\u00e9cifie les dimensions nominales, les tol\u00e9rances dimensionnelles et la forme des barres rondes en acier, lamin\u00e9es \u00e0 chaud pour utilisations g\u00e9n\u00e9rales.\",\"breadcrumb\":{\"@id\":\"https:\/\/www.ausasteel.com\/fr\/information-technique\/tolerances-dimensionnelles\/en-10060\/#breadcrumb\"},\"inLanguage\":\"fr-FR\",\"potentialAction\":[{\"@type\":\"ReadAction\",\"target\":[\"https:\/\/www.ausasteel.com\/fr\/information-technique\/tolerances-dimensionnelles\/en-10060\/\"]}]},{\"@type\":\"ImageObject\",\"inLanguage\":\"fr-FR\",\"@id\":\"https:\/\/www.ausasteel.com\/fr\/information-technique\/tolerances-dimensionnelles\/en-10060\/#primaryimage\",\"url\":\"https:\/\/www.ausasteel.com\/wp-content\/uploads\/2014\/10\/Redondos.png\",\"contentUrl\":\"https:\/\/www.ausasteel.com\/wp-content\/uploads\/2014\/10\/Redondos.png\"},{\"@type\":\"BreadcrumbList\",\"@id\":\"https:\/\/www.ausasteel.com\/fr\/information-technique\/tolerances-dimensionnelles\/en-10060\/#breadcrumb\",\"itemListElement\":[{\"@type\":\"ListItem\",\"position\":1,\"name\":\"Portada\",\"item\":\"https:\/\/www.ausasteel.com\/fr\/\"},{\"@type\":\"ListItem\",\"position\":2,\"name\":\"Information technique\",\"item\":\"https:\/\/www.ausasteel.com\/fr\/information-technique\/\"},{\"@type\":\"ListItem\",\"position\":3,\"name\":\"Tol\u00e9rances dimensionnelles\",\"item\":\"https:\/\/www.ausasteel.com\/fr\/information-technique\/tolerances-dimensionnelles\/\"},{\"@type\":\"ListItem\",\"position\":4,\"name\":\"EN 10060\"}]},{\"@type\":\"WebSite\",\"@id\":\"https:\/\/www.ausasteel.com\/fr\/#website\",\"url\":\"https:\/\/www.ausasteel.com\/fr\/\",\"name\":\"AUSA special steels\",\"description\":\"AUSA special steels\",\"potentialAction\":[{\"@type\":\"SearchAction\",\"target\":{\"@type\":\"EntryPoint\",\"urlTemplate\":\"https:\/\/www.ausasteel.com\/fr\/?s={search_term_string}\"},\"query-input\":{\"@type\":\"PropertyValueSpecification\",\"valueRequired\":true,\"valueName\":\"search_term_string\"}}],\"inLanguage\":\"fr-FR\"}]}<\/script>\n<!-- \/ Yoast SEO plugin. -->","yoast_head_json":{"title":"EN 10060 - AUSA Special Steels","description":"Cette norme europ\u00e9enne sp\u00e9cifie les dimensions nominales, les tol\u00e9rances dimensionnelles et la forme des barres rondes en acier, lamin\u00e9es \u00e0 chaud pour utilisations g\u00e9n\u00e9rales.","robots":{"index":"index","follow":"follow","max-snippet":"max-snippet:-1","max-image-preview":"max-image-preview:large","max-video-preview":"max-video-preview:-1"},"canonical":"https:\/\/www.ausasteel.com\/fr\/information-technique\/tolerances-dimensionnelles\/en-10060\/","og_locale":"fr_FR","og_type":"article","og_title":"EN 10060 - AUSA Special Steels","og_description":"Cette norme europ\u00e9enne sp\u00e9cifie les dimensions nominales, les tol\u00e9rances dimensionnelles et la forme des barres rondes en acier, lamin\u00e9es \u00e0 chaud pour utilisations g\u00e9n\u00e9rales.","og_url":"https:\/\/www.ausasteel.com\/fr\/information-technique\/tolerances-dimensionnelles\/en-10060\/","og_site_name":"AUSA special steels","article_modified_time":"2019-09-11T15:49:27+00:00","og_image":[{"url":"https:\/\/www.ausasteel.com\/wp-content\/uploads\/2014\/10\/Redondos.png","type":"","width":"","height":""}],"schema":{"@context":"https:\/\/schema.org","@graph":[{"@type":"WebPage","@id":"https:\/\/www.ausasteel.com\/fr\/information-technique\/tolerances-dimensionnelles\/en-10060\/","url":"https:\/\/www.ausasteel.com\/fr\/information-technique\/tolerances-dimensionnelles\/en-10060\/","name":"EN 10060 - AUSA Special Steels","isPartOf":{"@id":"https:\/\/www.ausasteel.com\/fr\/#website"},"primaryImageOfPage":{"@id":"https:\/\/www.ausasteel.com\/fr\/information-technique\/tolerances-dimensionnelles\/en-10060\/#primaryimage"},"image":{"@id":"https:\/\/www.ausasteel.com\/fr\/information-technique\/tolerances-dimensionnelles\/en-10060\/#primaryimage"},"thumbnailUrl":"https:\/\/www.ausasteel.com\/wp-content\/uploads\/2014\/10\/Redondos.png","datePublished":"2014-10-29T18:09:29+00:00","dateModified":"2019-09-11T15:49:27+00:00","description":"Cette norme europ\u00e9enne sp\u00e9cifie les dimensions nominales, les tol\u00e9rances dimensionnelles et la forme des barres rondes en acier, lamin\u00e9es \u00e0 chaud pour utilisations g\u00e9n\u00e9rales.","breadcrumb":{"@id":"https:\/\/www.ausasteel.com\/fr\/information-technique\/tolerances-dimensionnelles\/en-10060\/#breadcrumb"},"inLanguage":"fr-FR","potentialAction":[{"@type":"ReadAction","target":["https:\/\/www.ausasteel.com\/fr\/information-technique\/tolerances-dimensionnelles\/en-10060\/"]}]},{"@type":"ImageObject","inLanguage":"fr-FR","@id":"https:\/\/www.ausasteel.com\/fr\/information-technique\/tolerances-dimensionnelles\/en-10060\/#primaryimage","url":"https:\/\/www.ausasteel.com\/wp-content\/uploads\/2014\/10\/Redondos.png","contentUrl":"https:\/\/www.ausasteel.com\/wp-content\/uploads\/2014\/10\/Redondos.png"},{"@type":"BreadcrumbList","@id":"https:\/\/www.ausasteel.com\/fr\/information-technique\/tolerances-dimensionnelles\/en-10060\/#breadcrumb","itemListElement":[{"@type":"ListItem","position":1,"name":"Portada","item":"https:\/\/www.ausasteel.com\/fr\/"},{"@type":"ListItem","position":2,"name":"Information technique","item":"https:\/\/www.ausasteel.com\/fr\/information-technique\/"},{"@type":"ListItem","position":3,"name":"Tol\u00e9rances dimensionnelles","item":"https:\/\/www.ausasteel.com\/fr\/information-technique\/tolerances-dimensionnelles\/"},{"@type":"ListItem","position":4,"name":"EN 10060"}]},{"@type":"WebSite","@id":"https:\/\/www.ausasteel.com\/fr\/#website","url":"https:\/\/www.ausasteel.com\/fr\/","name":"AUSA special steels","description":"AUSA special steels","potentialAction":[{"@type":"SearchAction","target":{"@type":"EntryPoint","urlTemplate":"https:\/\/www.ausasteel.com\/fr\/?s={search_term_string}"},"query-input":{"@type":"PropertyValueSpecification","valueRequired":true,"valueName":"search_term_string"}}],"inLanguage":"fr-FR"}]}},"_links":{"self":[{"href":"https:\/\/www.ausasteel.com\/fr\/wp-json\/wp\/v2\/pages\/4569","targetHints":{"allow":["GET"]}}],"collection":[{"href":"https:\/\/www.ausasteel.com\/fr\/wp-json\/wp\/v2\/pages"}],"about":[{"href":"https:\/\/www.ausasteel.com\/fr\/wp-json\/wp\/v2\/types\/page"}],"author":[{"embeddable":true,"href":"https:\/\/www.ausasteel.com\/fr\/wp-json\/wp\/v2\/users\/1"}],"replies":[{"embeddable":true,"href":"https:\/\/www.ausasteel.com\/fr\/wp-json\/wp\/v2\/comments?post=4569"}],"version-history":[{"count":8,"href":"https:\/\/www.ausasteel.com\/fr\/wp-json\/wp\/v2\/pages\/4569\/revisions"}],"predecessor-version":[{"id":15914,"href":"https:\/\/www.ausasteel.com\/fr\/wp-json\/wp\/v2\/pages\/4569\/revisions\/15914"}],"up":[{"embeddable":true,"href":"https:\/\/www.ausasteel.com\/fr\/wp-json\/wp\/v2\/pages\/4160"}],"wp:attachment":[{"href":"https:\/\/www.ausasteel.com\/fr\/wp-json\/wp\/v2\/media?parent=4569"}],"curies":[{"name":"wp","href":"https:\/\/api.w.org\/{rel}","templated":true}]}}