        {"id":4475,"date":"2014-10-22T13:47:38","date_gmt":"2014-10-22T13:47:38","guid":{"rendered":"http:\/\/ausasteel.irantzu.com\/au-sujet-de-ausa\/responsabilidad-corporativa\/"},"modified":"2018-10-01T10:09:15","modified_gmt":"2018-10-01T10:09:15","slug":"responsabilite-sociale-des-entreprises","status":"publish","type":"page","link":"https:\/\/www.ausasteel.com\/fr\/au-sujet-de-ausa\/responsabilite-sociale-des-entreprises\/","title":{"rendered":"Responsabilit\u00e9 sociale des entreprises"},"content":{"rendered":"<div class=\"wpb-content-wrapper\"><p>[vc_row][vc_column width=&#8221;1\/1&#8243;]<\/p>\n<div class=\"standard-arrow list-divider\">\n<h1>Responsabilit\u00e9 sociale des entreprises<\/h1>\n<p>Les grandes transformations auxquelles est soumise la soci\u00e9t\u00e9 au cours de ces derni\u00e8res ann\u00e9es tendent \u00e0 concevoir une Entreprise dont les agissements ne se limiteraient pas uniquement \u00e0 des aspects industriels, commerciaux ou financiers. Il s&#8217;agit d&#8217;une nouvelle conception de l&#8217;entreprise dans laquelle l&#8217;\u00e9l\u00e9ment social occuperait une position remarquable sur l&#8217;\u00e9chelle de valeurs.<\/p>\n<p>AUSA\u00a0est conscient de cela et applique les principes de responsabilit\u00e9 sociale de l&#8217;entreprise et le code de conduite expos\u00e9s, les d\u00e9veloppe et les enrichit de mani\u00e8re continue.<\/p>\n<h3><em>Principes de responsabilit\u00e9 sociale de l&#8217;entreprise<\/em><\/h3>\n<p>AUSA\u00a0exprime son engagement social et plaide pour l&#8217;accomplissement des principes suivants:<\/p>\n<p>Le respect et le soutien :<\/p>\n<ul>\n<li>des droits de l&#8217;homme internationalement reconnus.<\/li>\n<li>du d\u00e9veloppement personnel des enfants, de leur sant\u00e9 et de leur dignit\u00e9.<\/li>\n<li>de tous ses employ\u00e9s de la m\u00eame fa\u00e7on, ind\u00e9pendamment de son sexe, sa race, sa religion, son handicap, son \u00e2ge ou sa tendance sexuelle.<\/li>\n<li>de l&#8217;\u00e9galit\u00e9 des chances dans le choix du personnel.<\/li>\n<li>du principe d&#8217;\u00e9galit\u00e9 des salaires pour un m\u00eame travail, ind\u00e9pendamment du sexe.<\/li>\n<li>du droit \u00e0 une r\u00e9mun\u00e9ration ad\u00e9quate.<\/li>\n<li>de la prudence et de l&#8217;\u00e9galit\u00e9 des salaires et des conditions de travail.<\/li>\n<li>des moyens de formation pour les employ\u00e9s, afin d&#8217;obtenir un haut niveau de rendement et un travail de qualit\u00e9.<\/li>\n<li>de la s\u00e9curit\u00e9 et de la protection de la sant\u00e9 au poste de travail.<\/li>\n<li>de l&#8217;application des principes similaires chez les fournisseurs et les clients.<\/li>\n<li>de l&#8217;accroissement de l&#8217;efficacit\u00e9 \u00e9nerg\u00e9tique des installations et des autres produits en rationalisant l&#8217;utilisation de ressources (\u00e9nergie, eau&#8230;).<\/li>\n<li>du professionnalisme et de l&#8217;engagement \u00e0 respecter les d\u00e9lais impartis et les param\u00e8tres de qualit\u00e9 auxquels s&#8217;attend client.<\/li>\n<\/ul>\n<p>Le refus de toute forme de :<\/p>\n<ul>\n<li>travaux forc\u00e9s.<\/li>\n<li>comportement vexatoire ou offensant, verbal ou physique.<\/li>\n<\/ul>\n<p>Les employ\u00e9s ont un devoir de loyaut\u00e9 et d&#8217;engagement envers l&#8217;entreprise. Ils doivent contribuer au meilleur niveau de qualit\u00e9 des produits propos\u00e9s pour \u00eatre plus productifs, efficaces, comp\u00e9titifs et atteindre une croissance et stabilit\u00e9 \u00e9conomique.<\/p>\n<p>Chaque personne a sa place. Il faut favoriser le talent et les m\u00e9rites, dans une structure agile et bien d\u00e9finie et se former pour obtenir une am\u00e9lioration continue et mettre en place des processus innovants.<\/p>\n<p>Les employ\u00e9s contribueront \u00e0 une ambiance de travail positive.<\/p>\n<h2>Code de conduite<\/h2>\n<h3><em>I.- Champ d&#8217;application<\/em><\/h3>\n<p>Ce Code de comportement \u00e9tique s&#8217;appliquera \u00e0 tout le personnel de l&#8217;Entreprise et contr\u00f4lera les relations entre les employ\u00e9s et les entreprises tierces, ainsi que les relations avec des organismes officiels.<\/p>\n<h3><em>II.- Principes g\u00e9n\u00e9raux<\/em><\/h3>\n<p>Le principe basique de ce Code est l&#8217;engagement de l&#8217;Entreprise \u00e0 respecter et \u00e0 faire respecter la loi en vigueur, une condition indispensable pour une g\u00e9rance rentable \u00e0 long terme et bas\u00e9e sur des principes et valeurs.<\/p>\n<p>Chaque employ\u00e9 se doit de conna\u00eetre et de respecter l&#8217;esprit et le contenu de ce Code, en s&#8217;engageant \u00e0 agir de mani\u00e8re responsable, honn\u00eate et dans le respect de la dignit\u00e9 des personnes.<\/p>\n<p>Tous les cadres et les directeurs doivent s&#8217;assurer que leurs collaborateurs connaissent ce Code et qu&#8217;ils respectent son contenu.<\/p>\n<p>En cas de doute sur l&#8217;application de ce code, l&#8217;employ\u00e9 devra le faire savoir \u00e0 la Direction des ressources humaines.<\/p>\n<h3><em>III.- Conflit d&#8217;int\u00e9r\u00eats<\/em><\/h3>\n<h4>Relations avec les fournisseurs et les clients<\/h4>\n<ul>\n<li>Les employ\u00e9s ne pourront pas demander ni accepter d&#8217;invitations, de cadeaux ou de faveurs.<\/li>\n<li>Les employ\u00e9s ne pourront pas demander ni accepter aucun type de prestation financi\u00e8re de la part des fournisseurs ou des clients.<\/li>\n<li>Les employ\u00e9s pourront uniquement b\u00e9n\u00e9ficier de r\u00e9ductions ou autres privil\u00e8ges offerts par les fournisseurs et les clients si cette distinction est valable pour tous les membres du personnel de l&#8217;Entreprise.<\/li>\n<li>Lorsque les employ\u00e9s refusent des invitations, des cadeaux ou des faveurs, ceux-ci devront faire allusion \u00e0 ce Code de conduite.<\/li>\n<li>En cas de doute sur la mani\u00e8re d&#8217;agir, les employ\u00e9s devront imm\u00e9diatement consulter leur sup\u00e9rieur et la Direction des ressources humaines.<\/li>\n<\/ul>\n<h4>Activit\u00e9s professionnelles<\/h4>\n<ul>\n<li>Les employ\u00e9s ne pourront pas d\u00e9velopper d&#8217;autres activit\u00e9s r\u00e9mun\u00e9r\u00e9es sans l&#8217;autorisation expresse et pr\u00e9alable de la Direction de l&#8217;entreprise. Dans tous les cas, ils ne pourront exercer une activit\u00e9 allant \u00e0 l&#8217;encontre des int\u00e9r\u00eats de l&#8217;Entreprise ou pouvant nuire \u00e0 son rendement.<\/li>\n<li>Il est tol\u00e9rable et souhaitable que les employ\u00e9s collaborent avec des organisations de bienfaisance et \u00e0 but non lucratif.<\/li>\n<li>Sans autorisation pr\u00e9alable de la Direction de l&#8217;entreprise, les employ\u00e9s et leur famille ne pourront avoir des parts directes ou indirectes dans des entreprises dont l&#8217;activit\u00e9 est concurrente \u00e0 celle de l&#8217;Entreprise.<\/li>\n<\/ul>\n<h3><em>IV.- Contr\u00f4le interne<\/em><\/h3>\n<h4>Moyens mat\u00e9riels<\/h4>\n<p>Les outils de travail de l&#8217;Entreprise et tout particuli\u00e8rement les \u00e9quipements informatiques devront \u00eatre utilis\u00e9s \u00e0 des fins exclusivement professionnelles et non \u00e0 des fins personnelles.<\/p>\n<h4>Protection de la propri\u00e9t\u00e9<\/h4>\n<ul>\n<li>Les employ\u00e9s sont responsables de l&#8217;acc\u00e8s et de l&#8217;utilisation non autoris\u00e9e des biens de l&#8217;Entreprise, ainsi que de leur protection contre les vols et les pertes.<\/li>\n<li>Les employ\u00e9s devront garder confidentielles les informations circulant dans l&#8217;Entreprise, aussi bien pendant la relation professionnelle qu&#8217;apr\u00e8s sa finalisation.<\/li>\n<li>Les documents circulant dans l&#8217;Entreprise rel\u00e8vent de la propri\u00e9t\u00e9 exclusive de cette derni\u00e8re. Par cons\u00e9quent, ceux-ci seront r\u00e9dig\u00e9s et conserv\u00e9s dans le respect des normes en vigueur allant dans ce sens, toute reproduction \u00e9tant formellement interdite.<\/li>\n<li>Les employ\u00e9s devront prendre connaissance de toutes les normes relatives \u00e0 l&#8217;utilisation, \u00e0 l&#8217;acc\u00e8s et \u00e0 la s\u00e9curit\u00e9 des logiciels, aux technologies informatiques, aux e-mails, \u00e0 Internet et \u00e0 l&#8217;Intranet, ainsi qu&#8217;\u00e0 tout autre syst\u00e8me.<\/li>\n<li>Les employ\u00e9s devront prendre connaissance de toutes les dispositions relatives \u00e0 la protection des donn\u00e9es.<\/li>\n<\/ul>\n<\/div>\n<p>[\/vc_column][\/vc_row]<\/p>\n<\/div><!-- AddThis Advanced Settings generic via filter on the_content -->","protected":false},"excerpt":{"rendered":"<p>[vc_row][vc_column width=&#8221;1\/1&#8243;][\/vc_column][\/vc_row]<!-- AddThis Advanced Settings generic via filter on get_the_excerpt --><\/p>\n","protected":false},"author":1,"featured_media":0,"parent":4465,"menu_order":0,"comment_status":"closed","ping_status":"open","template":"","meta":{"footnotes":""},"class_list":["post-4475","page","type-page","status-publish","hentry"],"yoast_head":"<!-- This site is optimized with the Yoast SEO plugin v26.6 - https:\/\/yoast.com\/wordpress\/plugins\/seo\/ -->\n<title>Responsabilit\u00e9 sociale des entreprises - AUSA special steels<\/title>\n<meta name=\"robots\" content=\"index, follow, max-snippet:-1, max-image-preview:large, max-video-preview:-1\" \/>\n<link rel=\"canonical\" href=\"https:\/\/www.ausasteel.com\/fr\/au-sujet-de-ausa\/responsabilite-sociale-des-entreprises\/\" \/>\n<meta property=\"og:locale\" content=\"fr_FR\" \/>\n<meta property=\"og:type\" content=\"article\" \/>\n<meta property=\"og:title\" content=\"Responsabilit\u00e9 sociale des entreprises - AUSA special steels\" \/>\n<meta property=\"og:description\" content=\"[vc_row][vc_column width=&#8221;1\/1&#8243;][\/vc_column][\/vc_row]\" \/>\n<meta property=\"og:url\" content=\"https:\/\/www.ausasteel.com\/fr\/au-sujet-de-ausa\/responsabilite-sociale-des-entreprises\/\" \/>\n<meta property=\"og:site_name\" content=\"AUSA special steels\" \/>\n<meta property=\"article:modified_time\" content=\"2018-10-01T10:09:15+00:00\" \/>\n<meta name=\"twitter:label1\" content=\"Est. reading time\" \/>\n\t<meta name=\"twitter:data1\" content=\"5 minutes\" \/>\n<script type=\"application\/ld+json\" class=\"yoast-schema-graph\">{\"@context\":\"https:\/\/schema.org\",\"@graph\":[{\"@type\":\"WebPage\",\"@id\":\"https:\/\/www.ausasteel.com\/fr\/au-sujet-de-ausa\/responsabilite-sociale-des-entreprises\/\",\"url\":\"https:\/\/www.ausasteel.com\/fr\/au-sujet-de-ausa\/responsabilite-sociale-des-entreprises\/\",\"name\":\"Responsabilit\u00e9 sociale des entreprises - AUSA special steels\",\"isPartOf\":{\"@id\":\"https:\/\/www.ausasteel.com\/fr\/#website\"},\"datePublished\":\"2014-10-22T13:47:38+00:00\",\"dateModified\":\"2018-10-01T10:09:15+00:00\",\"breadcrumb\":{\"@id\":\"https:\/\/www.ausasteel.com\/fr\/au-sujet-de-ausa\/responsabilite-sociale-des-entreprises\/#breadcrumb\"},\"inLanguage\":\"fr-FR\",\"potentialAction\":[{\"@type\":\"ReadAction\",\"target\":[\"https:\/\/www.ausasteel.com\/fr\/au-sujet-de-ausa\/responsabilite-sociale-des-entreprises\/\"]}]},{\"@type\":\"BreadcrumbList\",\"@id\":\"https:\/\/www.ausasteel.com\/fr\/au-sujet-de-ausa\/responsabilite-sociale-des-entreprises\/#breadcrumb\",\"itemListElement\":[{\"@type\":\"ListItem\",\"position\":1,\"name\":\"Portada\",\"item\":\"https:\/\/www.ausasteel.com\/fr\/\"},{\"@type\":\"ListItem\",\"position\":2,\"name\":\"Au sujet de AUSA\",\"item\":\"https:\/\/www.ausasteel.com\/fr\/au-sujet-de-ausa\/\"},{\"@type\":\"ListItem\",\"position\":3,\"name\":\"Responsabilit\u00e9 sociale des entreprises\"}]},{\"@type\":\"WebSite\",\"@id\":\"https:\/\/www.ausasteel.com\/fr\/#website\",\"url\":\"https:\/\/www.ausasteel.com\/fr\/\",\"name\":\"AUSA special steels\",\"description\":\"AUSA special steels\",\"potentialAction\":[{\"@type\":\"SearchAction\",\"target\":{\"@type\":\"EntryPoint\",\"urlTemplate\":\"https:\/\/www.ausasteel.com\/fr\/?s={search_term_string}\"},\"query-input\":{\"@type\":\"PropertyValueSpecification\",\"valueRequired\":true,\"valueName\":\"search_term_string\"}}],\"inLanguage\":\"fr-FR\"}]}<\/script>\n<!-- \/ Yoast SEO plugin. -->","yoast_head_json":{"title":"Responsabilit\u00e9 sociale des entreprises - AUSA special steels","robots":{"index":"index","follow":"follow","max-snippet":"max-snippet:-1","max-image-preview":"max-image-preview:large","max-video-preview":"max-video-preview:-1"},"canonical":"https:\/\/www.ausasteel.com\/fr\/au-sujet-de-ausa\/responsabilite-sociale-des-entreprises\/","og_locale":"fr_FR","og_type":"article","og_title":"Responsabilit\u00e9 sociale des entreprises - AUSA special steels","og_description":"[vc_row][vc_column width=&#8221;1\/1&#8243;][\/vc_column][\/vc_row]","og_url":"https:\/\/www.ausasteel.com\/fr\/au-sujet-de-ausa\/responsabilite-sociale-des-entreprises\/","og_site_name":"AUSA special steels","article_modified_time":"2018-10-01T10:09:15+00:00","twitter_misc":{"Est. reading time":"5 minutes"},"schema":{"@context":"https:\/\/schema.org","@graph":[{"@type":"WebPage","@id":"https:\/\/www.ausasteel.com\/fr\/au-sujet-de-ausa\/responsabilite-sociale-des-entreprises\/","url":"https:\/\/www.ausasteel.com\/fr\/au-sujet-de-ausa\/responsabilite-sociale-des-entreprises\/","name":"Responsabilit\u00e9 sociale des entreprises - AUSA special steels","isPartOf":{"@id":"https:\/\/www.ausasteel.com\/fr\/#website"},"datePublished":"2014-10-22T13:47:38+00:00","dateModified":"2018-10-01T10:09:15+00:00","breadcrumb":{"@id":"https:\/\/www.ausasteel.com\/fr\/au-sujet-de-ausa\/responsabilite-sociale-des-entreprises\/#breadcrumb"},"inLanguage":"fr-FR","potentialAction":[{"@type":"ReadAction","target":["https:\/\/www.ausasteel.com\/fr\/au-sujet-de-ausa\/responsabilite-sociale-des-entreprises\/"]}]},{"@type":"BreadcrumbList","@id":"https:\/\/www.ausasteel.com\/fr\/au-sujet-de-ausa\/responsabilite-sociale-des-entreprises\/#breadcrumb","itemListElement":[{"@type":"ListItem","position":1,"name":"Portada","item":"https:\/\/www.ausasteel.com\/fr\/"},{"@type":"ListItem","position":2,"name":"Au sujet de AUSA","item":"https:\/\/www.ausasteel.com\/fr\/au-sujet-de-ausa\/"},{"@type":"ListItem","position":3,"name":"Responsabilit\u00e9 sociale des entreprises"}]},{"@type":"WebSite","@id":"https:\/\/www.ausasteel.com\/fr\/#website","url":"https:\/\/www.ausasteel.com\/fr\/","name":"AUSA special steels","description":"AUSA special steels","potentialAction":[{"@type":"SearchAction","target":{"@type":"EntryPoint","urlTemplate":"https:\/\/www.ausasteel.com\/fr\/?s={search_term_string}"},"query-input":{"@type":"PropertyValueSpecification","valueRequired":true,"valueName":"search_term_string"}}],"inLanguage":"fr-FR"}]}},"_links":{"self":[{"href":"https:\/\/www.ausasteel.com\/fr\/wp-json\/wp\/v2\/pages\/4475","targetHints":{"allow":["GET"]}}],"collection":[{"href":"https:\/\/www.ausasteel.com\/fr\/wp-json\/wp\/v2\/pages"}],"about":[{"href":"https:\/\/www.ausasteel.com\/fr\/wp-json\/wp\/v2\/types\/page"}],"author":[{"embeddable":true,"href":"https:\/\/www.ausasteel.com\/fr\/wp-json\/wp\/v2\/users\/1"}],"replies":[{"embeddable":true,"href":"https:\/\/www.ausasteel.com\/fr\/wp-json\/wp\/v2\/comments?post=4475"}],"version-history":[{"count":9,"href":"https:\/\/www.ausasteel.com\/fr\/wp-json\/wp\/v2\/pages\/4475\/revisions"}],"predecessor-version":[{"id":14720,"href":"https:\/\/www.ausasteel.com\/fr\/wp-json\/wp\/v2\/pages\/4475\/revisions\/14720"}],"up":[{"embeddable":true,"href":"https:\/\/www.ausasteel.com\/fr\/wp-json\/wp\/v2\/pages\/4465"}],"wp:attachment":[{"href":"https:\/\/www.ausasteel.com\/fr\/wp-json\/wp\/v2\/media?parent=4475"}],"curies":[{"name":"wp","href":"https:\/\/api.w.org\/{rel}","templated":true}]}}