    {"id":4469,"date":"2014-10-22T10:59:45","date_gmt":"2014-10-22T10:59:45","guid":{"rendered":"http:\/\/ausasteel.irantzu.com\/au-sujet-de-ausa\/empresa\/"},"modified":"2018-09-07T09:35:46","modified_gmt":"2018-09-07T09:35:46","slug":"societe","status":"publish","type":"page","link":"https:\/\/www.ausasteel.com\/fr\/au-sujet-de-ausa\/societe\/","title":{"rendered":"Soci\u00e9t\u00e9"},"content":{"rendered":"<div class=\"wpb-content-wrapper\"><p>[vc_row][vc_column width=&#8221;2\/3&#8243;][vc_column_text]Plus de\u00a0<strong>55 ans d&#8217;exp\u00e9rience<\/strong> dans le domaine des <strong>aciers sp\u00e9ciaux<\/strong> garantissent notre pr\u00e9sence sur le march\u00e9. Depuis que nous avons d\u00e9but\u00e9 notre activit\u00e9, la m\u00eame id\u00e9e fondamentale nous a toujours stimul\u00e9 : <strong>perfectionner la commercialisation des aciers sp\u00e9ciaux.<\/strong> Ce fut notre objectif et c&#8217;est toujours l&#8217;engagement quotidien de notre travail. Nous savons que pour le tenir, nous devons nous reposer sur <strong>trois piliers fondamentaux :<\/strong>[\/vc_column_text]<\/p>\n<div class=\"standard-arrow list-divider\">\n<ul>\n<li><strong>Sp\u00e9cialisation en aciers de qualit\u00e9.<\/strong><\/li>\n<li><strong>Proximit\u00e9 avec nos clients en temps et en espace.<\/strong><\/li>\n<li><strong>Professionnalisme de notre \u00e9quipe humaine.<\/strong><\/li>\n<\/ul>\n<\/div>\n<p>[vc_column_text]<strong>AUSA<\/strong> est en constante croissance et \u00e0 la recherche de nouveaux produits qui satisfassent tous nos clients : <strong>responsables d&#8217;atelier, responsables d&#8217;achats, propri\u00e9taires, g\u00e9rants, responsables du bureau technique, prescripteurs, op\u00e9rateurs, traitementistes, utilisateurs finaux, d\u00e9partements de qualit\u00e9&#8230;<\/strong> Nous conseillons et offrons un service int\u00e9gral \u00e0 plus de 5 500 clients et nos plus de 180 000 m2 d&#8217;entrep\u00f4t permettent de choisir parmi plus de 5 000 r\u00e9f\u00e9rences. <strong>Nous nous d\u00e9marquons <\/strong>par notre impeccable et versatile logistique, pour disposer de quais propres pour le d\u00e9chargement et chargement des bateaux et pour notre connexion avec la voie ferroviaire et les camions. Chez <strong>AUSA<\/strong>, en tant qu&#8217;entreprise leader dans l&#8217;<strong>approvisionnement en aciers sp\u00e9ciaux,<\/strong> notre objectif est d&#8217;obtenir la <strong>maximale satisfaction du client<\/strong>, en mettant \u00e0 sa disposition des produits de grande qualit\u00e9 et un service imm\u00e9diat.[\/vc_column_text][\/vc_column][vc_column width=&#8221;1\/3&#8243;][vc_column_text]<img loading=\"lazy\" decoding=\"async\" class=\"aligncenter wp-image-9361 size-medium\" src=\"https:\/\/www.ausasteel.com\/wp-content\/uploads\/2014\/10\/fatada-AUSA-300x300.png\" alt=\"fatada-AUSA\" width=\"300\" height=\"300\" srcset=\"https:\/\/www.ausasteel.com\/wp-content\/uploads\/2014\/10\/fatada-AUSA-300x300.png 300w, https:\/\/www.ausasteel.com\/wp-content\/uploads\/2014\/10\/fatada-AUSA-150x150.png 150w, https:\/\/www.ausasteel.com\/wp-content\/uploads\/2014\/10\/fatada-AUSA.png 900w\" sizes=\"auto, (max-width: 300px) 100vw, 300px\" \/><\/p>\n<p>&nbsp;<\/p>\n<p><a href=\"https:\/\/www.ausasteel.com\/wp-content\/uploads\/2014\/10\/TELEVENTA.jpg\" data-rel=\"lightbox-gallery-LdqjHuyV\" data-rl_title=\"\" data-rl_caption=\"\" title=\"\"><img loading=\"lazy\" decoding=\"async\" class=\"size-full wp-image-11154 aligncenter\" src=\"https:\/\/www.ausasteel.com\/wp-content\/uploads\/2014\/10\/TELEVENTA.jpg\" alt=\"TELEVENTA\" width=\"300\" height=\"199\" \/><\/a>[\/vc_column_text][\/vc_column][\/vc_row][vc_row][vc_column width=&#8221;1\/1&#8243;][vc_separator color=&#8221;grey&#8221;][\/vc_column][\/vc_row][vc_row margin_top=&#8221;0&#8243; margin_bottom=&#8221;0&#8243; padding_left=&#8221;40&#8243; padding_right=&#8221;40&#8243; bg_position=&#8221;top&#8221; bg_repeat=&#8221;no-repeat&#8221; bg_cover=&#8221;false&#8221; bg_attachment=&#8221;false&#8221; padding_top=&#8221;40&#8243; padding_bottom=&#8221;40&#8243; parallax_speed=&#8221;0.1&#8243; el_class=&#8221;dt-fancy-title&#8221;][vc_column width=&#8221;1\/1&#8243;][vc_column_text]<\/p>\n<h2>Qualit\u00e9<\/h2>\n<p>[\/vc_column_text][\/vc_column][\/vc_row][vc_row][vc_column width=&#8221;1\/1&#8243;][vc_column_text]Chez <strong>AUSA<\/strong>, la qualit\u00e9 et l&#8217;am\u00e9lioration constante est un \u00e9l\u00e9ment indispensable pour la satisfaction de nos clients. Pour cela, nous travaillons jour apr\u00e8s jour pour optimiser l&#8217;efficacit\u00e9 et la qualit\u00e9 de notre entreprise. Comme r\u00e9sultat de ce processus, <strong>AUSA <\/strong>est certifi\u00e9e dans le syst\u00e8me de gestion de qualit\u00e9 <strong><a title=\"ISO_9001\" href=\"http:\/\/fr.wikipedia.org\/wiki\/ISO_9001\" target=\"_blank\">NORME ISO 9001:2008<\/a>. <\/strong>[\/vc_column_text][\/vc_column][\/vc_row][vc_row][vc_column width=&#8221;1\/1&#8243;][vc_separator color=&#8221;grey&#8221;][\/vc_column][\/vc_row][vc_row margin_top=&#8221;50px&#8221; margin_bottom=&#8221;50px&#8221; bg_position=&#8221;top&#8221; bg_repeat=&#8221;no-repeat&#8221; bg_cover=&#8221;false&#8221; bg_attachment=&#8221;false&#8221; padding_top=&#8221;40&#8243; padding_bottom=&#8221;40&#8243; parallax_speed=&#8221;0.1&#8243; padding_left=&#8221;40&#8243; padding_right=&#8221;40&#8243;][vc_column width=&#8221;1\/1&#8243; el_class=&#8221;solicita-presupuesto&#8221;][vc_column_text]<a class=\"btn_ausa\" href=\"https:\/\/www.ausasteel.com\/fr\/contact\/\">Contactez-nous<\/a>[\/vc_column_text][\/vc_column][\/vc_row]<\/p>\n<\/div><!-- AddThis Advanced Settings generic via filter on the_content -->","protected":false},"excerpt":{"rendered":"<p>[vc_row][vc_column width=&#8221;2\/3&#8243;][vc_column_text]Plus de\u00a055 ans d&#8217;exp\u00e9rience dans le domaine des aciers sp\u00e9ciaux garantissent notre pr\u00e9sence sur le march\u00e9. Depuis que nous avons d\u00e9but\u00e9 notre activit\u00e9, la m\u00eame id\u00e9e fondamentale nous a toujours stimul\u00e9 : perfectionner la commercialisation des aciers sp\u00e9ciaux. Ce fut notre objectif et c&#8217;est toujours l&#8217;engagement quotidien de notre travail. Nous savons que pour&hellip;<!-- AddThis Advanced Settings generic via filter on get_the_excerpt --><\/p>\n","protected":false},"author":1,"featured_media":0,"parent":4465,"menu_order":0,"comment_status":"closed","ping_status":"open","template":"","meta":{"footnotes":""},"class_list":["post-4469","page","type-page","status-publish","hentry"],"yoast_head":"<!-- This site is optimized with the Yoast SEO plugin v26.6 - https:\/\/yoast.com\/wordpress\/plugins\/seo\/ -->\n<title>Soci\u00e9t\u00e9 - AUSA Special Steels<\/title>\n<meta name=\"description\" content=\"Plus de 55 ans d\u2019exp\u00e9rience dans le domaine des aciers sp\u00e9ciaux garantissent notre pr\u00e9sence sur le march\u00e9. Depuis que nous avons d\u00e9but\u00e9 notre activit\u00e9...\" \/>\n<meta name=\"robots\" content=\"index, follow, max-snippet:-1, max-image-preview:large, max-video-preview:-1\" \/>\n<link rel=\"canonical\" href=\"https:\/\/www.ausasteel.com\/fr\/au-sujet-de-ausa\/societe\/\" \/>\n<meta property=\"og:locale\" content=\"fr_FR\" \/>\n<meta property=\"og:type\" content=\"article\" \/>\n<meta property=\"og:title\" content=\"Soci\u00e9t\u00e9 - AUSA Special Steels\" \/>\n<meta property=\"og:description\" content=\"Plus de 55 ans d\u2019exp\u00e9rience dans le domaine des aciers sp\u00e9ciaux garantissent notre pr\u00e9sence sur le march\u00e9. Depuis que nous avons d\u00e9but\u00e9 notre activit\u00e9...\" \/>\n<meta property=\"og:url\" content=\"https:\/\/www.ausasteel.com\/fr\/au-sujet-de-ausa\/societe\/\" \/>\n<meta property=\"og:site_name\" content=\"AUSA special steels\" \/>\n<meta property=\"article:modified_time\" content=\"2018-09-07T09:35:46+00:00\" \/>\n<meta property=\"og:image\" content=\"https:\/\/www.ausasteel.com\/wp-content\/uploads\/2014\/10\/fatada-AUSA-300x300.png\" \/>\n<meta name=\"twitter:label1\" content=\"Est. reading time\" \/>\n\t<meta name=\"twitter:data1\" content=\"2 minutes\" \/>\n<script type=\"application\/ld+json\" class=\"yoast-schema-graph\">{\"@context\":\"https:\/\/schema.org\",\"@graph\":[{\"@type\":\"WebPage\",\"@id\":\"https:\/\/www.ausasteel.com\/fr\/au-sujet-de-ausa\/societe\/\",\"url\":\"https:\/\/www.ausasteel.com\/fr\/au-sujet-de-ausa\/societe\/\",\"name\":\"Soci\u00e9t\u00e9 - AUSA Special Steels\",\"isPartOf\":{\"@id\":\"https:\/\/www.ausasteel.com\/fr\/#website\"},\"primaryImageOfPage\":{\"@id\":\"https:\/\/www.ausasteel.com\/fr\/au-sujet-de-ausa\/societe\/#primaryimage\"},\"image\":{\"@id\":\"https:\/\/www.ausasteel.com\/fr\/au-sujet-de-ausa\/societe\/#primaryimage\"},\"thumbnailUrl\":\"https:\/\/www.ausasteel.com\/wp-content\/uploads\/2014\/10\/fatada-AUSA-300x300.png\",\"datePublished\":\"2014-10-22T10:59:45+00:00\",\"dateModified\":\"2018-09-07T09:35:46+00:00\",\"description\":\"Plus de 55 ans d\u2019exp\u00e9rience dans le domaine des aciers sp\u00e9ciaux garantissent notre pr\u00e9sence sur le march\u00e9. Depuis que nous avons d\u00e9but\u00e9 notre activit\u00e9...\",\"breadcrumb\":{\"@id\":\"https:\/\/www.ausasteel.com\/fr\/au-sujet-de-ausa\/societe\/#breadcrumb\"},\"inLanguage\":\"fr-FR\",\"potentialAction\":[{\"@type\":\"ReadAction\",\"target\":[\"https:\/\/www.ausasteel.com\/fr\/au-sujet-de-ausa\/societe\/\"]}]},{\"@type\":\"ImageObject\",\"inLanguage\":\"fr-FR\",\"@id\":\"https:\/\/www.ausasteel.com\/fr\/au-sujet-de-ausa\/societe\/#primaryimage\",\"url\":\"https:\/\/www.ausasteel.com\/wp-content\/uploads\/2014\/10\/fatada-AUSA-300x300.png\",\"contentUrl\":\"https:\/\/www.ausasteel.com\/wp-content\/uploads\/2014\/10\/fatada-AUSA-300x300.png\"},{\"@type\":\"BreadcrumbList\",\"@id\":\"https:\/\/www.ausasteel.com\/fr\/au-sujet-de-ausa\/societe\/#breadcrumb\",\"itemListElement\":[{\"@type\":\"ListItem\",\"position\":1,\"name\":\"Portada\",\"item\":\"https:\/\/www.ausasteel.com\/fr\/\"},{\"@type\":\"ListItem\",\"position\":2,\"name\":\"Au sujet de AUSA\",\"item\":\"https:\/\/www.ausasteel.com\/fr\/au-sujet-de-ausa\/\"},{\"@type\":\"ListItem\",\"position\":3,\"name\":\"Soci\u00e9t\u00e9\"}]},{\"@type\":\"WebSite\",\"@id\":\"https:\/\/www.ausasteel.com\/fr\/#website\",\"url\":\"https:\/\/www.ausasteel.com\/fr\/\",\"name\":\"AUSA special steels\",\"description\":\"AUSA special steels\",\"potentialAction\":[{\"@type\":\"SearchAction\",\"target\":{\"@type\":\"EntryPoint\",\"urlTemplate\":\"https:\/\/www.ausasteel.com\/fr\/?s={search_term_string}\"},\"query-input\":{\"@type\":\"PropertyValueSpecification\",\"valueRequired\":true,\"valueName\":\"search_term_string\"}}],\"inLanguage\":\"fr-FR\"}]}<\/script>\n<!-- \/ Yoast SEO plugin. -->","yoast_head_json":{"title":"Soci\u00e9t\u00e9 - AUSA Special Steels","description":"Plus de 55 ans d\u2019exp\u00e9rience dans le domaine des aciers sp\u00e9ciaux garantissent notre pr\u00e9sence sur le march\u00e9. Depuis que nous avons d\u00e9but\u00e9 notre activit\u00e9...","robots":{"index":"index","follow":"follow","max-snippet":"max-snippet:-1","max-image-preview":"max-image-preview:large","max-video-preview":"max-video-preview:-1"},"canonical":"https:\/\/www.ausasteel.com\/fr\/au-sujet-de-ausa\/societe\/","og_locale":"fr_FR","og_type":"article","og_title":"Soci\u00e9t\u00e9 - AUSA Special Steels","og_description":"Plus de 55 ans d\u2019exp\u00e9rience dans le domaine des aciers sp\u00e9ciaux garantissent notre pr\u00e9sence sur le march\u00e9. Depuis que nous avons d\u00e9but\u00e9 notre activit\u00e9...","og_url":"https:\/\/www.ausasteel.com\/fr\/au-sujet-de-ausa\/societe\/","og_site_name":"AUSA special steels","article_modified_time":"2018-09-07T09:35:46+00:00","og_image":[{"url":"https:\/\/www.ausasteel.com\/wp-content\/uploads\/2014\/10\/fatada-AUSA-300x300.png","type":"","width":"","height":""}],"twitter_misc":{"Est. reading time":"2 minutes"},"schema":{"@context":"https:\/\/schema.org","@graph":[{"@type":"WebPage","@id":"https:\/\/www.ausasteel.com\/fr\/au-sujet-de-ausa\/societe\/","url":"https:\/\/www.ausasteel.com\/fr\/au-sujet-de-ausa\/societe\/","name":"Soci\u00e9t\u00e9 - AUSA Special Steels","isPartOf":{"@id":"https:\/\/www.ausasteel.com\/fr\/#website"},"primaryImageOfPage":{"@id":"https:\/\/www.ausasteel.com\/fr\/au-sujet-de-ausa\/societe\/#primaryimage"},"image":{"@id":"https:\/\/www.ausasteel.com\/fr\/au-sujet-de-ausa\/societe\/#primaryimage"},"thumbnailUrl":"https:\/\/www.ausasteel.com\/wp-content\/uploads\/2014\/10\/fatada-AUSA-300x300.png","datePublished":"2014-10-22T10:59:45+00:00","dateModified":"2018-09-07T09:35:46+00:00","description":"Plus de 55 ans d\u2019exp\u00e9rience dans le domaine des aciers sp\u00e9ciaux garantissent notre pr\u00e9sence sur le march\u00e9. Depuis que nous avons d\u00e9but\u00e9 notre activit\u00e9...","breadcrumb":{"@id":"https:\/\/www.ausasteel.com\/fr\/au-sujet-de-ausa\/societe\/#breadcrumb"},"inLanguage":"fr-FR","potentialAction":[{"@type":"ReadAction","target":["https:\/\/www.ausasteel.com\/fr\/au-sujet-de-ausa\/societe\/"]}]},{"@type":"ImageObject","inLanguage":"fr-FR","@id":"https:\/\/www.ausasteel.com\/fr\/au-sujet-de-ausa\/societe\/#primaryimage","url":"https:\/\/www.ausasteel.com\/wp-content\/uploads\/2014\/10\/fatada-AUSA-300x300.png","contentUrl":"https:\/\/www.ausasteel.com\/wp-content\/uploads\/2014\/10\/fatada-AUSA-300x300.png"},{"@type":"BreadcrumbList","@id":"https:\/\/www.ausasteel.com\/fr\/au-sujet-de-ausa\/societe\/#breadcrumb","itemListElement":[{"@type":"ListItem","position":1,"name":"Portada","item":"https:\/\/www.ausasteel.com\/fr\/"},{"@type":"ListItem","position":2,"name":"Au sujet de AUSA","item":"https:\/\/www.ausasteel.com\/fr\/au-sujet-de-ausa\/"},{"@type":"ListItem","position":3,"name":"Soci\u00e9t\u00e9"}]},{"@type":"WebSite","@id":"https:\/\/www.ausasteel.com\/fr\/#website","url":"https:\/\/www.ausasteel.com\/fr\/","name":"AUSA special steels","description":"AUSA special steels","potentialAction":[{"@type":"SearchAction","target":{"@type":"EntryPoint","urlTemplate":"https:\/\/www.ausasteel.com\/fr\/?s={search_term_string}"},"query-input":{"@type":"PropertyValueSpecification","valueRequired":true,"valueName":"search_term_string"}}],"inLanguage":"fr-FR"}]}},"_links":{"self":[{"href":"https:\/\/www.ausasteel.com\/fr\/wp-json\/wp\/v2\/pages\/4469","targetHints":{"allow":["GET"]}}],"collection":[{"href":"https:\/\/www.ausasteel.com\/fr\/wp-json\/wp\/v2\/pages"}],"about":[{"href":"https:\/\/www.ausasteel.com\/fr\/wp-json\/wp\/v2\/types\/page"}],"author":[{"embeddable":true,"href":"https:\/\/www.ausasteel.com\/fr\/wp-json\/wp\/v2\/users\/1"}],"replies":[{"embeddable":true,"href":"https:\/\/www.ausasteel.com\/fr\/wp-json\/wp\/v2\/comments?post=4469"}],"version-history":[{"count":13,"href":"https:\/\/www.ausasteel.com\/fr\/wp-json\/wp\/v2\/pages\/4469\/revisions"}],"predecessor-version":[{"id":14214,"href":"https:\/\/www.ausasteel.com\/fr\/wp-json\/wp\/v2\/pages\/4469\/revisions\/14214"}],"up":[{"embeddable":true,"href":"https:\/\/www.ausasteel.com\/fr\/wp-json\/wp\/v2\/pages\/4465"}],"wp:attachment":[{"href":"https:\/\/www.ausasteel.com\/fr\/wp-json\/wp\/v2\/media?parent=4469"}],"curies":[{"name":"wp","href":"https:\/\/api.w.org\/{rel}","templated":true}]}}