    {"id":4465,"date":"2014-10-22T09:04:10","date_gmt":"2014-10-22T09:04:10","guid":{"rendered":"http:\/\/ausasteel.irantzu.com\/sobre-ausa-2\/"},"modified":"2019-09-03T14:11:00","modified_gmt":"2019-09-03T14:11:00","slug":"au-sujet-de-ausa","status":"publish","type":"page","link":"https:\/\/www.ausasteel.com\/fr\/au-sujet-de-ausa\/","title":{"rendered":"Au sujet de AUSA"},"content":{"rendered":"<div id=\"empresa\" class=\"row\">\n<div class=\"container\">\n<div>\n<h1>Au sujet de AUSA<\/h1>\n<h3>Nous sommes une entreprise fond\u00e9e en 1.957 \u00e0 Vitoria, sp\u00e9cialis\u00e9e dans la <strong>distribution d\u2019<a title=\"\" href=\"\/fr\/aciers-speciaux\/\">aciers sp\u00e9ciaux \u2013 aciers lamin\u00e9s et aciers forg\u00e9s<\/a> \u2013 et dans la fabrication d\u2019<a title=\"\" href=\"\/fr\/aciers-etires\/\">aciers \u00e9tir\u00e9s<\/a> \u00e0 froid.<\/strong><\/h3>\n<\/div>\n<div class=\"container_imagen bottom\"><img decoding=\"async\" title=\"Companie-AUSA\" src=\"\/wp-content\/uploads\/2014\/10\/Empresa-AUSA.jpg\" alt=\"Empresa-AUSA\" \/><\/div>\n<div>\n<p>Dans les ann\u00e9es 80, <strong>AUSA<\/strong> commence son extension nationale et \u00e9tablit ses <strong>centres d\u2019approvisionnement en aciers sp\u00e9ciaux dans toute l\u2019Espagne<\/strong>, offrant ainsi ses services et produits au march\u00e9 espagnol et au march\u00e9 portugais.<\/p>\n<p>En 1.993, elle inaugure sa <strong>premi\u00e8re usine d\u2019\u00e9tirage<\/strong> \u00e0 Vitoria et en 1.996, elle fit son premier pas <strong>international <\/strong>avec l\u2019ouverture de son usine d\u2019\u00e9tirage \u00e0 <strong>Li\u00e8ge<\/strong> (Belgique).<\/p>\n<p>En 2.014, elle inaugure son usine d\u2019approvisionnement et d\u2019\u00e9tirage des aciers sp\u00e9ciaux \u00e0 <strong>Galati<\/strong> (Roumanie).<\/p>\n<p>Aujourd\u2019hui, l\u2019<strong>entreprise continue sa croissance et sa consolidation<\/strong> en d\u00e9veloppant sa gamme de services (produits, services-coupe et transport), et en fournissant des aciers sp\u00e9ciaux sur les <strong>march\u00e9s mondiaux.<\/strong><\/p>\n<\/div>\n<div><\/div>\n<div class=\"columna_imagen\">\n<div class=\"col-md-6\">\n<div class=\"container_imagen\"><img decoding=\"async\" src=\"\/wp-content\/uploads\/2015\/05\/Almacen-AUSA.png\" alt=\"Centre d'approvisionnement - AUSA Special Steels\" \/><\/div>\n<\/div>\n<div class=\"col-md-6\">\n<p>Plus de\u00a0<strong>55 ans d\u2019exp\u00e9rience<\/strong> dans le domaine des <strong>aciers sp\u00e9ciaux<\/strong> garantissent notre pr\u00e9sence sur le march\u00e9. Depuis que nous avons d\u00e9but\u00e9 notre activit\u00e9, la m\u00eame id\u00e9e fondamentale nous a toujours stimul\u00e9 : <strong>perfectionner la commercialisation des aciers sp\u00e9ciaux.<\/strong> Ce fut notre objectif et c\u2019est toujours l\u2019engagement quotidien de notre travail.<\/p>\n<p>Nous savons que pour le tenir, nous devons nous reposer sur <strong>trois piliers fondamentaux :<\/strong><\/p>\n<ul class=\"standard-arrow\">\n<li><strong>Sp\u00e9cialisation en aciers de qualit\u00e9.<\/strong><\/li>\n<li><strong>Proximit\u00e9 avec nos clients en temps et en espace.<\/strong><\/li>\n<li><strong>Professionnalisme de notre \u00e9quipe humaine.<\/strong><\/li>\n<\/ul>\n<\/div>\n<\/div>\n<\/div>\n<\/div>\n<div id=\"ventajas_ausa\" class=\"row gris\">\n<div class=\"container cuadro\">\n<div class=\"col-md-4\">\n<div><span class=\"benefits-grid-ico\"><img decoding=\"async\" class=\"wp-image-2742 size-full alignnone\" src=\"\/img\/icons\/stock.svg\" alt=\"Produits\" \/><\/span><\/p>\n<h4>Produits<\/h4>\n<p>Nos <strong>aciers lamin\u00e9s et forg\u00e9s<\/strong> incluent les aciers au carbone, aciers alli\u00e9s trempe et revenu, aciers de c\u00e9mentation, barres perfor\u00e9es, aciers \u00e0 roulements, aciers \u00e0 ressorts, aciers \u00e0 outils travail \u00e0 froid, aciers \u00e0 outils travail \u00e0 chaud, aciers \u00e0 usinage facile, aciers inoxydables et aciers au bore.<\/p>\n<p>D\u2019un autre c\u00f4t\u00e9, nos <strong>aciers \u00e9tir\u00e9s<\/strong> incluent les aciers \u00e9tir\u00e9s \u00e0 usinage facile, aciers \u00e9tir\u00e9s au carbone et aciers \u00e9tir\u00e9s inoxydables.<\/p>\n<\/div>\n<\/div>\n<div class=\"col-md-4\">\n<div><span class=\"benefits-grid-ico\"><img decoding=\"async\" class=\"wp-image-2742 size-full alignnone\" src=\"\/img\/icons\/iso.svg\" alt=\"Qualit\u00e9\" \/><\/span><\/p>\n<h4>Qualit\u00e9<\/h4>\n<p>Chez <strong>AUSA<\/strong>, la qualit\u00e9 et l\u2019am\u00e9lioration constante est un \u00e9l\u00e9ment indispensable pour la satisfaction de nos clients. Pour cela, nous travaillons jour apr\u00e8s jour pour optimiser l\u2019efficacit\u00e9 et la qualit\u00e9 de notre entreprise. Comme r\u00e9sultat de ce processus, <strong>AUSA <\/strong>est certifi\u00e9e dans le syst\u00e8me de gestion de qualit\u00e9 <strong><a title=\"ISO_9001\" href=\"\/fr\/information-technique\/certificats-ausa\/certificats-iso\/\" target=\"_blank\" rel=\"noopener\">NORME ISO 9001:2015<\/a>. <\/strong><\/p>\n<\/div>\n<\/div>\n<div class=\"col-md-4\">\n<div><span class=\"benefits-grid-ico\"><img decoding=\"async\" class=\"wp-image-2742 size-full alignnone\" src=\"\/img\/icons\/equipo.svg\" alt=\"\u00c9quipe humaine\" \/><\/span><\/p>\n<h4>\u00c9quipe<\/h4>\n<p>Afin de nous adapter \u00e0 ces domaines si h\u00e9t\u00e9rog\u00e8nes, chez <strong>AUSA<\/strong> nous poss\u00e9dons une <strong>\u00e9quipe humaine<\/strong> tr\u00e8s qualifi\u00e9e et avec une grande exp\u00e9rience dans le secteur. Aujourd\u2019hui, notre \u00e9quipe est form\u00e9e de professionnels dans les domaines <strong>commercial, logistique, production, maintenance, qualit\u00e9, achats, marketing, ressources humaines, syst\u00e8mes et financier.<\/strong><\/p>\n<p><strong>AUSA<\/strong> est <strong>ind\u00e9pendante et est tourn\u00e9e vers ses clients<\/strong>, leur garantissant la meilleure qualit\u00e9 et service d\u2019aciers sp\u00e9ciaux \u00e0 l\u2019endroit et au moment o\u00f9 ils le n\u00e9cessitent.<\/p>\n<\/div>\n<\/div>\n<\/div>\n<div class=\"container\">\n<div class=\"col-md-12\"><a class=\"btn_ausa\" href=\"\/fr\/au-sujet-de-ausa\/responsabilite-sociale-des-entreprises\/\">Responsabilit\u00e9 sociale des entreprises<\/a><\/div>\n<\/div>\n<\/div>\n<div id=\"centros\" class=\"row\">\n<div class=\"container\">\n<h2>Situation<\/h2>\n<div class=\"col-md-4\">\n<div>\n<div class=\"mapa\"><iframe loading=\"lazy\" style=\"border: 0;\" src=\"https:\/\/www.google.com\/maps\/embed?pb=!1m14!1m8!1m3!1d5058.60422648486!2d5.640878!3d50.658651!3m2!1i1024!2i768!4f13.1!3m3!1m2!1s0x47c0f103b7edb5d9%3A0xffb8678f6f01f8c1!2sRue+de+l'Ile+Monsin+105%2C+4020+Li%C3%A8ge%2C+B%C3%A9lgica!5e0!3m2!1ses!2ses!4v1536580092920\" width=\"600\" height=\"450\" frameborder=\"0\" allowfullscreen=\"allowfullscreen\"><\/iframe><\/div>\n<div><a class=\"btn_ausa\" title=\"AUSA - Li\u00e8ge, Belgium\" href=\"\/fr\/au-sujet-de-ausa\/liege-belgique\/\">Li\u00e8ge, Belgique<\/a><\/div>\n<\/div>\n<\/div>\n<\/div>\n<\/div>\n<div id=\"clientes\" class=\"row gris\">\n<div class=\"container columna_imagen\">\n<div class=\"col-md-6\">\n<div class=\"container_imagen\"><img decoding=\"async\" src=\"\/wp-content\/uploads\/2014\/10\/TELEVENTA.jpg\" alt=\"TELEVENTA\" \/><\/div>\n<\/div>\n<div class=\"col-md-6\">\n<h2>Clients<\/h2>\n<p>Nous travaillons pour des clients de diff\u00e9rents <strong>secteurs \u2013 automobile, machine-outil, forge, moulistes. agriculture, a\u00e9ronautique, travaux publics, etc.-<\/strong> en leur offrant des mat\u00e9riaux de qualit\u00e9 homog\u00e8ne et un service imm\u00e9diat.<\/p>\n<p>Notre vari\u00e9t\u00e9 de clients nous exige un <strong>strict syst\u00e8me de qualit\u00e9, une recherche constante des meilleurs mat\u00e9riaux et un service imm\u00e9diat, AUSA<\/strong> dispose donc de sa <strong>propre flotte de camions, connexion avec la voie ferroviaire et des quais pour le chargement et d\u00e9chargement des bateaux.<\/strong><\/p>\n<\/div>\n<\/div>\n<\/div><!-- AddThis Advanced Settings generic via filter on the_content -->","protected":false},"excerpt":{"rendered":"<p>Au sujet de AUSA Nous sommes une entreprise fond\u00e9e en 1.957 \u00e0 Vitoria, sp\u00e9cialis\u00e9e dans la distribution d\u2019aciers sp\u00e9ciaux \u2013 aciers lamin\u00e9s et aciers forg\u00e9s \u2013 et dans la fabrication d\u2019aciers \u00e9tir\u00e9s \u00e0 froid. Dans les ann\u00e9es 80, AUSA commence son extension nationale et \u00e9tablit ses centres d\u2019approvisionnement en aciers sp\u00e9ciaux dans toute l\u2019Espagne, offrant&hellip;<!-- AddThis Advanced Settings generic via filter on get_the_excerpt --><\/p>\n","protected":false},"author":1,"featured_media":0,"parent":0,"menu_order":0,"comment_status":"closed","ping_status":"open","template":"","meta":{"footnotes":""},"class_list":["post-4465","page","type-page","status-publish","hentry"],"yoast_head":"<!-- This site is optimized with the Yoast SEO plugin v26.6 - https:\/\/yoast.com\/wordpress\/plugins\/seo\/ -->\n<title>Au sujet de AUSA - AUSA Special Steels<\/title>\n<meta name=\"description\" content=\"Nous sommes une entreprise fond\u00e9e en 1.957 \u00e0 Vitoria, sp\u00e9cialis\u00e9e dans la distribution d\u2019aciers sp\u00e9ciaux et dans la fabrication d\u2019aciers \u00e9tir\u00e9s \u00e0 froid.\" \/>\n<meta name=\"robots\" content=\"index, follow, max-snippet:-1, max-image-preview:large, max-video-preview:-1\" \/>\n<link rel=\"canonical\" href=\"https:\/\/www.ausasteel.com\/fr\/au-sujet-de-ausa\/\" \/>\n<meta property=\"og:locale\" content=\"fr_FR\" \/>\n<meta property=\"og:type\" content=\"article\" \/>\n<meta property=\"og:title\" content=\"Au sujet de AUSA - AUSA Special Steels\" \/>\n<meta property=\"og:description\" content=\"Nous sommes une entreprise fond\u00e9e en 1.957 \u00e0 Vitoria, sp\u00e9cialis\u00e9e dans la distribution d\u2019aciers sp\u00e9ciaux et dans la fabrication d\u2019aciers \u00e9tir\u00e9s \u00e0 froid.\" \/>\n<meta property=\"og:url\" content=\"https:\/\/www.ausasteel.com\/fr\/au-sujet-de-ausa\/\" \/>\n<meta property=\"og:site_name\" content=\"AUSA special steels\" \/>\n<meta property=\"article:modified_time\" content=\"2019-09-03T14:11:00+00:00\" \/>\n<meta name=\"twitter:label1\" content=\"Est. reading time\" \/>\n\t<meta name=\"twitter:data1\" content=\"3 minutes\" \/>\n<script type=\"application\/ld+json\" class=\"yoast-schema-graph\">{\"@context\":\"https:\/\/schema.org\",\"@graph\":[{\"@type\":\"WebPage\",\"@id\":\"https:\/\/www.ausasteel.com\/fr\/au-sujet-de-ausa\/\",\"url\":\"https:\/\/www.ausasteel.com\/fr\/au-sujet-de-ausa\/\",\"name\":\"Au sujet de AUSA - AUSA Special Steels\",\"isPartOf\":{\"@id\":\"https:\/\/www.ausasteel.com\/fr\/#website\"},\"datePublished\":\"2014-10-22T09:04:10+00:00\",\"dateModified\":\"2019-09-03T14:11:00+00:00\",\"description\":\"Nous sommes une entreprise fond\u00e9e en 1.957 \u00e0 Vitoria, sp\u00e9cialis\u00e9e dans la distribution d\u2019aciers sp\u00e9ciaux et dans la fabrication d\u2019aciers \u00e9tir\u00e9s \u00e0 froid.\",\"breadcrumb\":{\"@id\":\"https:\/\/www.ausasteel.com\/fr\/au-sujet-de-ausa\/#breadcrumb\"},\"inLanguage\":\"fr-FR\",\"potentialAction\":[{\"@type\":\"ReadAction\",\"target\":[\"https:\/\/www.ausasteel.com\/fr\/au-sujet-de-ausa\/\"]}]},{\"@type\":\"BreadcrumbList\",\"@id\":\"https:\/\/www.ausasteel.com\/fr\/au-sujet-de-ausa\/#breadcrumb\",\"itemListElement\":[{\"@type\":\"ListItem\",\"position\":1,\"name\":\"Portada\",\"item\":\"https:\/\/www.ausasteel.com\/fr\/\"},{\"@type\":\"ListItem\",\"position\":2,\"name\":\"Au sujet de AUSA\"}]},{\"@type\":\"WebSite\",\"@id\":\"https:\/\/www.ausasteel.com\/fr\/#website\",\"url\":\"https:\/\/www.ausasteel.com\/fr\/\",\"name\":\"AUSA special steels\",\"description\":\"AUSA special steels\",\"potentialAction\":[{\"@type\":\"SearchAction\",\"target\":{\"@type\":\"EntryPoint\",\"urlTemplate\":\"https:\/\/www.ausasteel.com\/fr\/?s={search_term_string}\"},\"query-input\":{\"@type\":\"PropertyValueSpecification\",\"valueRequired\":true,\"valueName\":\"search_term_string\"}}],\"inLanguage\":\"fr-FR\"}]}<\/script>\n<!-- \/ Yoast SEO plugin. -->","yoast_head_json":{"title":"Au sujet de AUSA - AUSA Special Steels","description":"Nous sommes une entreprise fond\u00e9e en 1.957 \u00e0 Vitoria, sp\u00e9cialis\u00e9e dans la distribution d\u2019aciers sp\u00e9ciaux et dans la fabrication d\u2019aciers \u00e9tir\u00e9s \u00e0 froid.","robots":{"index":"index","follow":"follow","max-snippet":"max-snippet:-1","max-image-preview":"max-image-preview:large","max-video-preview":"max-video-preview:-1"},"canonical":"https:\/\/www.ausasteel.com\/fr\/au-sujet-de-ausa\/","og_locale":"fr_FR","og_type":"article","og_title":"Au sujet de AUSA - AUSA Special Steels","og_description":"Nous sommes une entreprise fond\u00e9e en 1.957 \u00e0 Vitoria, sp\u00e9cialis\u00e9e dans la distribution d\u2019aciers sp\u00e9ciaux et dans la fabrication d\u2019aciers \u00e9tir\u00e9s \u00e0 froid.","og_url":"https:\/\/www.ausasteel.com\/fr\/au-sujet-de-ausa\/","og_site_name":"AUSA special steels","article_modified_time":"2019-09-03T14:11:00+00:00","twitter_misc":{"Est. reading time":"3 minutes"},"schema":{"@context":"https:\/\/schema.org","@graph":[{"@type":"WebPage","@id":"https:\/\/www.ausasteel.com\/fr\/au-sujet-de-ausa\/","url":"https:\/\/www.ausasteel.com\/fr\/au-sujet-de-ausa\/","name":"Au sujet de AUSA - AUSA Special Steels","isPartOf":{"@id":"https:\/\/www.ausasteel.com\/fr\/#website"},"datePublished":"2014-10-22T09:04:10+00:00","dateModified":"2019-09-03T14:11:00+00:00","description":"Nous sommes une entreprise fond\u00e9e en 1.957 \u00e0 Vitoria, sp\u00e9cialis\u00e9e dans la distribution d\u2019aciers sp\u00e9ciaux et dans la fabrication d\u2019aciers \u00e9tir\u00e9s \u00e0 froid.","breadcrumb":{"@id":"https:\/\/www.ausasteel.com\/fr\/au-sujet-de-ausa\/#breadcrumb"},"inLanguage":"fr-FR","potentialAction":[{"@type":"ReadAction","target":["https:\/\/www.ausasteel.com\/fr\/au-sujet-de-ausa\/"]}]},{"@type":"BreadcrumbList","@id":"https:\/\/www.ausasteel.com\/fr\/au-sujet-de-ausa\/#breadcrumb","itemListElement":[{"@type":"ListItem","position":1,"name":"Portada","item":"https:\/\/www.ausasteel.com\/fr\/"},{"@type":"ListItem","position":2,"name":"Au sujet de AUSA"}]},{"@type":"WebSite","@id":"https:\/\/www.ausasteel.com\/fr\/#website","url":"https:\/\/www.ausasteel.com\/fr\/","name":"AUSA special steels","description":"AUSA special steels","potentialAction":[{"@type":"SearchAction","target":{"@type":"EntryPoint","urlTemplate":"https:\/\/www.ausasteel.com\/fr\/?s={search_term_string}"},"query-input":{"@type":"PropertyValueSpecification","valueRequired":true,"valueName":"search_term_string"}}],"inLanguage":"fr-FR"}]}},"_links":{"self":[{"href":"https:\/\/www.ausasteel.com\/fr\/wp-json\/wp\/v2\/pages\/4465","targetHints":{"allow":["GET"]}}],"collection":[{"href":"https:\/\/www.ausasteel.com\/fr\/wp-json\/wp\/v2\/pages"}],"about":[{"href":"https:\/\/www.ausasteel.com\/fr\/wp-json\/wp\/v2\/types\/page"}],"author":[{"embeddable":true,"href":"https:\/\/www.ausasteel.com\/fr\/wp-json\/wp\/v2\/users\/1"}],"replies":[{"embeddable":true,"href":"https:\/\/www.ausasteel.com\/fr\/wp-json\/wp\/v2\/comments?post=4465"}],"version-history":[{"count":16,"href":"https:\/\/www.ausasteel.com\/fr\/wp-json\/wp\/v2\/pages\/4465\/revisions"}],"predecessor-version":[{"id":15839,"href":"https:\/\/www.ausasteel.com\/fr\/wp-json\/wp\/v2\/pages\/4465\/revisions\/15839"}],"wp:attachment":[{"href":"https:\/\/www.ausasteel.com\/fr\/wp-json\/wp\/v2\/media?parent=4465"}],"curies":[{"name":"wp","href":"https:\/\/api.w.org\/{rel}","templated":true}]}}