    {"id":4155,"date":"2014-10-24T09:29:53","date_gmt":"2014-10-24T09:29:53","guid":{"rendered":"http:\/\/ausasteel.irantzu.com\/informacion-tecnica-2\/"},"modified":"2018-09-17T12:42:38","modified_gmt":"2018-09-17T12:42:38","slug":"information-technique","status":"publish","type":"page","link":"https:\/\/www.ausasteel.com\/fr\/information-technique\/","title":{"rendered":"Information technique"},"content":{"rendered":"<div class=\"row\">\n<div class=\"container\">\n<h1>Information technique<\/h1>\n<p>Nous avons d\u00e9velopp\u00e9s plusieurs convertisseurs et inclus diff\u00e9rents tableaux que nous consid\u00e9rons utiles pour votre travail quotidien : <strong>calculatrice de poids, tol\u00e9rances dimensionnelles , convertisseur de Kg \u00e0 Newtons<\/strong>, <strong>tableau de duret\u00e9 et r\u00e9sistance, tol\u00e9rances de la barra perfor\u00e9e<\/strong>, <strong>normes de<\/strong> <strong>profondeur des d\u00e9fauts de surface<\/strong> et une <strong>calculatrice pour la valeur du carbone \u00e9quivalent<\/strong>.<\/p>\n<\/div>\n<\/div>\n<div class=\"row gris\" id=\"informacion_tecnica\">\n<div class=\"container\">\n<h2>Information technique<\/h2>\n<p>[vc_widget_sidebar show_bg=&#8221;false&#8221; sidebar_id=&#8221;sidebar_26&#8243;]\n<\/p><\/div>\n<\/div><!-- AddThis Advanced Settings generic via filter on the_content -->","protected":false},"excerpt":{"rendered":"<p>Information technique Nous avons d\u00e9velopp\u00e9s plusieurs convertisseurs et inclus diff\u00e9rents tableaux que nous consid\u00e9rons utiles pour votre travail quotidien : calculatrice de poids, tol\u00e9rances dimensionnelles , convertisseur de Kg \u00e0 Newtons, tableau de duret\u00e9 et r\u00e9sistance, tol\u00e9rances de la barra perfor\u00e9e, normes de profondeur des d\u00e9fauts de surface et une calculatrice pour la valeur du&hellip;<!-- AddThis Advanced Settings generic via filter on get_the_excerpt --><\/p>\n","protected":false},"author":1,"featured_media":0,"parent":0,"menu_order":0,"comment_status":"closed","ping_status":"closed","template":"","meta":{"footnotes":""},"class_list":["post-4155","page","type-page","status-publish","hentry"],"yoast_head":"<!-- This site is optimized with the Yoast SEO plugin v26.6 - https:\/\/yoast.com\/wordpress\/plugins\/seo\/ -->\n<title>Information technique - AUSA Special Steels<\/title>\n<meta name=\"description\" content=\"Nous avons d\u00e9velopp\u00e9s plusieurs convertisseurs et inclus diff\u00e9rents tableaux que nous consid\u00e9rons utiles pour votre travail quotidien.\" \/>\n<meta name=\"robots\" content=\"index, follow, max-snippet:-1, max-image-preview:large, max-video-preview:-1\" \/>\n<link rel=\"canonical\" href=\"https:\/\/www.ausasteel.com\/fr\/information-technique\/\" \/>\n<meta property=\"og:locale\" content=\"fr_FR\" \/>\n<meta property=\"og:type\" content=\"article\" \/>\n<meta property=\"og:title\" content=\"Information technique - AUSA Special Steels\" \/>\n<meta property=\"og:description\" content=\"Nous avons d\u00e9velopp\u00e9s plusieurs convertisseurs et inclus diff\u00e9rents tableaux que nous consid\u00e9rons utiles pour votre travail quotidien.\" \/>\n<meta property=\"og:url\" content=\"https:\/\/www.ausasteel.com\/fr\/information-technique\/\" \/>\n<meta property=\"og:site_name\" content=\"AUSA special steels\" \/>\n<meta property=\"article:modified_time\" content=\"2018-09-17T12:42:38+00:00\" \/>\n<script type=\"application\/ld+json\" class=\"yoast-schema-graph\">{\"@context\":\"https:\/\/schema.org\",\"@graph\":[{\"@type\":\"WebPage\",\"@id\":\"https:\/\/www.ausasteel.com\/fr\/information-technique\/\",\"url\":\"https:\/\/www.ausasteel.com\/fr\/information-technique\/\",\"name\":\"Information technique - AUSA Special Steels\",\"isPartOf\":{\"@id\":\"https:\/\/www.ausasteel.com\/fr\/#website\"},\"datePublished\":\"2014-10-24T09:29:53+00:00\",\"dateModified\":\"2018-09-17T12:42:38+00:00\",\"description\":\"Nous avons d\u00e9velopp\u00e9s plusieurs convertisseurs et inclus diff\u00e9rents tableaux que nous consid\u00e9rons utiles pour votre travail quotidien.\",\"breadcrumb\":{\"@id\":\"https:\/\/www.ausasteel.com\/fr\/information-technique\/#breadcrumb\"},\"inLanguage\":\"fr-FR\",\"potentialAction\":[{\"@type\":\"ReadAction\",\"target\":[\"https:\/\/www.ausasteel.com\/fr\/information-technique\/\"]}]},{\"@type\":\"BreadcrumbList\",\"@id\":\"https:\/\/www.ausasteel.com\/fr\/information-technique\/#breadcrumb\",\"itemListElement\":[{\"@type\":\"ListItem\",\"position\":1,\"name\":\"Portada\",\"item\":\"https:\/\/www.ausasteel.com\/fr\/\"},{\"@type\":\"ListItem\",\"position\":2,\"name\":\"Information technique\"}]},{\"@type\":\"WebSite\",\"@id\":\"https:\/\/www.ausasteel.com\/fr\/#website\",\"url\":\"https:\/\/www.ausasteel.com\/fr\/\",\"name\":\"AUSA special steels\",\"description\":\"AUSA special steels\",\"potentialAction\":[{\"@type\":\"SearchAction\",\"target\":{\"@type\":\"EntryPoint\",\"urlTemplate\":\"https:\/\/www.ausasteel.com\/fr\/?s={search_term_string}\"},\"query-input\":{\"@type\":\"PropertyValueSpecification\",\"valueRequired\":true,\"valueName\":\"search_term_string\"}}],\"inLanguage\":\"fr-FR\"}]}<\/script>\n<!-- \/ Yoast SEO plugin. -->","yoast_head_json":{"title":"Information technique - AUSA Special Steels","description":"Nous avons d\u00e9velopp\u00e9s plusieurs convertisseurs et inclus diff\u00e9rents tableaux que nous consid\u00e9rons utiles pour votre travail quotidien.","robots":{"index":"index","follow":"follow","max-snippet":"max-snippet:-1","max-image-preview":"max-image-preview:large","max-video-preview":"max-video-preview:-1"},"canonical":"https:\/\/www.ausasteel.com\/fr\/information-technique\/","og_locale":"fr_FR","og_type":"article","og_title":"Information technique - AUSA Special Steels","og_description":"Nous avons d\u00e9velopp\u00e9s plusieurs convertisseurs et inclus diff\u00e9rents tableaux que nous consid\u00e9rons utiles pour votre travail quotidien.","og_url":"https:\/\/www.ausasteel.com\/fr\/information-technique\/","og_site_name":"AUSA special steels","article_modified_time":"2018-09-17T12:42:38+00:00","schema":{"@context":"https:\/\/schema.org","@graph":[{"@type":"WebPage","@id":"https:\/\/www.ausasteel.com\/fr\/information-technique\/","url":"https:\/\/www.ausasteel.com\/fr\/information-technique\/","name":"Information technique - AUSA Special Steels","isPartOf":{"@id":"https:\/\/www.ausasteel.com\/fr\/#website"},"datePublished":"2014-10-24T09:29:53+00:00","dateModified":"2018-09-17T12:42:38+00:00","description":"Nous avons d\u00e9velopp\u00e9s plusieurs convertisseurs et inclus diff\u00e9rents tableaux que nous consid\u00e9rons utiles pour votre travail quotidien.","breadcrumb":{"@id":"https:\/\/www.ausasteel.com\/fr\/information-technique\/#breadcrumb"},"inLanguage":"fr-FR","potentialAction":[{"@type":"ReadAction","target":["https:\/\/www.ausasteel.com\/fr\/information-technique\/"]}]},{"@type":"BreadcrumbList","@id":"https:\/\/www.ausasteel.com\/fr\/information-technique\/#breadcrumb","itemListElement":[{"@type":"ListItem","position":1,"name":"Portada","item":"https:\/\/www.ausasteel.com\/fr\/"},{"@type":"ListItem","position":2,"name":"Information technique"}]},{"@type":"WebSite","@id":"https:\/\/www.ausasteel.com\/fr\/#website","url":"https:\/\/www.ausasteel.com\/fr\/","name":"AUSA special steels","description":"AUSA special steels","potentialAction":[{"@type":"SearchAction","target":{"@type":"EntryPoint","urlTemplate":"https:\/\/www.ausasteel.com\/fr\/?s={search_term_string}"},"query-input":{"@type":"PropertyValueSpecification","valueRequired":true,"valueName":"search_term_string"}}],"inLanguage":"fr-FR"}]}},"_links":{"self":[{"href":"https:\/\/www.ausasteel.com\/fr\/wp-json\/wp\/v2\/pages\/4155","targetHints":{"allow":["GET"]}}],"collection":[{"href":"https:\/\/www.ausasteel.com\/fr\/wp-json\/wp\/v2\/pages"}],"about":[{"href":"https:\/\/www.ausasteel.com\/fr\/wp-json\/wp\/v2\/types\/page"}],"author":[{"embeddable":true,"href":"https:\/\/www.ausasteel.com\/fr\/wp-json\/wp\/v2\/users\/1"}],"replies":[{"embeddable":true,"href":"https:\/\/www.ausasteel.com\/fr\/wp-json\/wp\/v2\/comments?post=4155"}],"version-history":[{"count":5,"href":"https:\/\/www.ausasteel.com\/fr\/wp-json\/wp\/v2\/pages\/4155\/revisions"}],"predecessor-version":[{"id":14414,"href":"https:\/\/www.ausasteel.com\/fr\/wp-json\/wp\/v2\/pages\/4155\/revisions\/14414"}],"wp:attachment":[{"href":"https:\/\/www.ausasteel.com\/fr\/wp-json\/wp\/v2\/media?parent=4155"}],"curies":[{"name":"wp","href":"https:\/\/api.w.org\/{rel}","templated":true}]}}